{"id":111085,"date":"2026-02-03T13:11:41","date_gmt":"2026-02-03T12:11:41","guid":{"rendered":"https:\/\/theworldbilliards.com\/?post_type=product&#038;p=111085"},"modified":"2026-02-03T13:16:50","modified_gmt":"2026-02-03T12:16:50","slug":"meuble-a-vin-et-spiritueux-american-heritage-bristol","status":"publish","type":"product","link":"https:\/\/theworldbilliards.com\/fr\/produit\/meuble-a-vin-et-spiritueux-american-heritage-bristol\/","title":{"rendered":"Meuble \u00e0 vin et spiritueux American Heritage Bristol"},"content":{"rendered":"<p>L&rsquo;\u00e9l\u00e9gance robuste et la fonctionnalit\u00e9 exceptionnelle s&rsquo;allient \u00e0 merveille dans ce magnifique meuble de service, fabriqu\u00e9 \u00e0 partir de mat\u00e9riaux recycl\u00e9s et agr\u00e9ment\u00e9 de ferrures assorties. Il deviendra la pi\u00e8ce ma\u00eetresse de votre int\u00e9rieur, sublimant n&rsquo;importe quelle pi\u00e8ce. Des supports \u00e0 verres \u00e0 pied garnissent la partie sup\u00e9rieure et des casiers \u00e0 bouteilles la partie inf\u00e9rieure. Un plan de travail en verre noir offre un espace g\u00e9n\u00e9reux pour la pr\u00e9paration, le m\u00e9lange ou toute autre gourmandise. De robustes charni\u00e8res piano assurent une solidit\u00e9 \u00e0 toute \u00e9preuve et une ouverture\/fermeture fluide des portes battantes, garantissant leur durabilit\u00e9. Plusieurs sources de lumi\u00e8re \u00e9clairent la partie sup\u00e9rieure du meuble, cr\u00e9ant ainsi une pr\u00e9sentation optimale.<\/p>\n","protected":false},"excerpt":{"rendered":"<p>L&rsquo;\u00e9l\u00e9gance robuste et la fonctionnalit\u00e9 exceptionnelle s&rsquo;allient \u00e0 merveille dans ce magnifique meuble de service, fabriqu\u00e9 \u00e0 partir de mat\u00e9riaux [&hellip;]<\/p>\n","protected":false},"featured_media":111125,"template":"","meta":{"site-sidebar-layout":"default","site-content-layout":"","ast-site-content-layout":"default","site-content-style":"default","site-sidebar-style":"default","ast-global-header-display":"","ast-banner-title-visibility":"","ast-main-header-display":"","ast-hfb-above-header-display":"","ast-hfb-below-header-display":"","ast-hfb-mobile-header-display":"","site-post-title":"","ast-breadcrumbs-content":"","ast-featured-img":"","footer-sml-layout":"","ast-disable-related-posts":"","theme-transparent-header-meta":"default","adv-header-id-meta":"","stick-header-meta":"","header-above-stick-meta":"","header-main-stick-meta":"","header-below-stick-meta":"","astra-migrate-meta-layouts":"default","ast-page-background-enabled":"default","ast-page-background-meta":{"desktop":{"background-color":"var(--ast-global-color-4)","background-image":"","background-repeat":"repeat","background-position":"center center","background-size":"auto","background-attachment":"scroll","background-type":"","background-media":"","overlay-type":"","overlay-color":"","overlay-opacity":"","overlay-gradient":""},"tablet":{"background-color":"","background-image":"","background-repeat":"repeat","background-position":"center center","background-size":"auto","background-attachment":"scroll","background-type":"","background-media":"","overlay-type":"","overlay-color":"","overlay-opacity":"","overlay-gradient":""},"mobile":{"background-color":"","background-image":"","background-repeat":"repeat","background-position":"center center","background-size":"auto","background-attachment":"scroll","background-type":"","background-media":"","overlay-type":"","overlay-color":"","overlay-opacity":"","overlay-gradient":""}},"ast-content-background-meta":{"desktop":{"background-color":"var(--ast-global-color-5)","background-image":"","background-repeat":"repeat","background-position":"center center","background-size":"auto","background-attachment":"scroll","background-type":"","background-media":"","overlay-type":"","overlay-color":"","overlay-opacity":"","overlay-gradient":""},"tablet":{"background-color":"var(--ast-global-color-5)","background-image":"","background-repeat":"repeat","background-position":"center center","background-size":"auto","background-attachment":"scroll","background-type":"","background-media":"","overlay-type":"","overlay-color":"","overlay-opacity":"","overlay-gradient":""},"mobile":{"background-color":"var(--ast-global-color-5)","background-image":"","background-repeat":"repeat","background-position":"center center","background-size":"auto","background-attachment":"scroll","background-type":"","background-media":"","overlay-type":"","overlay-color":"","overlay-opacity":"","overlay-gradient":""}}},"product_brand":[5210],"product_cat":[4097],"product_tag":[],"class_list":{"0":"post-111085","1":"product","2":"type-product","3":"status-publish","4":"has-post-thumbnail","6":"product_brand-american-heritage-billiards-fr","7":"product_cat-meubles","8":"product_shipping_class-grand-baby-foot","9":"desktop-align-center","10":"tablet-align-left","11":"mobile-align-left","13":"first","14":"onbackorder","15":"taxable","16":"shipping-taxable","17":"purchasable","18":"product-type-simple"},"yoast_head":"<!-- This site is optimized with the Yoast SEO plugin v27.3 - https:\/\/yoast.com\/product\/yoast-seo-wordpress\/ -->\n<title>Acheter Meuble \u00e0 vin et spiritueux American Heritage Bristol - The World Billiards<\/title>\n<meta name=\"description\" content=\"L&#039;\u00e9l\u00e9gance robuste et la fonctionnalit\u00e9 exceptionnelle s&#039;allient \u00e0 merveille dans ce magnifique meuble de service, fabriqu\u00e9 \u00e0 partir de mat\u00e9riaux recycl\u00e9s et agr\u00e9ment\u00e9 de ferrures assorties. Il deviendra la pi\u00e8ce ma\u00eetresse de votre int\u00e9rieur, sublimant n&#039;importe quelle pi\u00e8ce. Des supports \u00e0 verres \u00e0 pied garnissent la partie sup\u00e9rieure et des casiers \u00e0 bouteilles la partie inf\u00e9rieure. Un plan de travail en verre noir offre un espace g\u00e9n\u00e9reux pour la pr\u00e9paration, le m\u00e9lange ou toute autre gourmandise. De robustes charni\u00e8res piano assurent une solidit\u00e9 \u00e0 toute \u00e9preuve et une ouverture\/fermeture fluide des portes battantes, garantissant leur durabilit\u00e9. Plusieurs sources de lumi\u00e8re \u00e9clairent la partie sup\u00e9rieure du meuble, cr\u00e9ant ainsi une pr\u00e9sentation optimale.\" \/>\n<meta name=\"robots\" content=\"index, follow, max-snippet:-1, max-image-preview:large, max-video-preview:-1\" \/>\n<link rel=\"canonical\" href=\"https:\/\/theworldbilliards.com\/fr\/produit\/meuble-a-vin-et-spiritueux-american-heritage-bristol\/\" \/>\n<meta property=\"og:locale\" content=\"fr_FR\" \/>\n<meta property=\"og:type\" content=\"article\" \/>\n<meta property=\"og:title\" content=\"Acheter Meuble \u00e0 vin et spiritueux American Heritage Bristol - The World Billiards\" \/>\n<meta property=\"og:description\" content=\"L&#039;\u00e9l\u00e9gance robuste et la fonctionnalit\u00e9 exceptionnelle s&#039;allient \u00e0 merveille dans ce magnifique meuble de service, fabriqu\u00e9 \u00e0 partir de mat\u00e9riaux recycl\u00e9s et agr\u00e9ment\u00e9 de ferrures assorties. Il deviendra la pi\u00e8ce ma\u00eetresse de votre int\u00e9rieur, sublimant n&#039;importe quelle pi\u00e8ce. Des supports \u00e0 verres \u00e0 pied garnissent la partie sup\u00e9rieure et des casiers \u00e0 bouteilles la partie inf\u00e9rieure. Un plan de travail en verre noir offre un espace g\u00e9n\u00e9reux pour la pr\u00e9paration, le m\u00e9lange ou toute autre gourmandise. De robustes charni\u00e8res piano assurent une solidit\u00e9 \u00e0 toute \u00e9preuve et une ouverture\/fermeture fluide des portes battantes, garantissant leur durabilit\u00e9. Plusieurs sources de lumi\u00e8re \u00e9clairent la partie sup\u00e9rieure du meuble, cr\u00e9ant ainsi une pr\u00e9sentation optimale.\" \/>\n<meta property=\"og:url\" content=\"https:\/\/theworldbilliards.com\/fr\/produit\/meuble-a-vin-et-spiritueux-american-heritage-bristol\/\" \/>\n<meta property=\"og:site_name\" content=\"The World Billiards\" \/>\n<meta property=\"article:publisher\" content=\"https:\/\/www.facebook.com\/baby.foot.superbes\" \/>\n<meta property=\"article:modified_time\" content=\"2026-02-03T12:16:50+00:00\" \/>\n<meta property=\"og:image\" content=\"https:\/\/theworldbilliards.com\/wp-content\/uploads\/2026\/02\/bristol-wine-cab.jpg\" \/>\n\t<meta property=\"og:image:width\" content=\"765\" \/>\n\t<meta property=\"og:image:height\" content=\"766\" \/>\n\t<meta property=\"og:image:type\" content=\"image\/jpeg\" \/>\n<meta name=\"twitter:card\" content=\"summary_large_image\" \/>\n<meta name=\"twitter:label1\" content=\"Dur\u00e9e de lecture estim\u00e9e\" \/>\n\t<meta name=\"twitter:data1\" content=\"1 minute\" \/>\n<script type=\"application\/ld+json\" class=\"yoast-schema-graph\">{\"@context\":\"https:\\\/\\\/schema.org\",\"@graph\":[{\"@type\":\"WebPage\",\"@id\":\"https:\\\/\\\/theworldbilliards.com\\\/fr\\\/produit\\\/meuble-a-vin-et-spiritueux-american-heritage-bristol\\\/\",\"url\":\"https:\\\/\\\/theworldbilliards.com\\\/fr\\\/produit\\\/meuble-a-vin-et-spiritueux-american-heritage-bristol\\\/\",\"name\":\"Acheter Meuble \u00e0 vin et spiritueux American Heritage Bristol - The World Billiards\",\"isPartOf\":{\"@id\":\"https:\\\/\\\/theworldbilliards.com\\\/fr\\\/#website\"},\"primaryImageOfPage\":{\"@id\":\"https:\\\/\\\/theworldbilliards.com\\\/fr\\\/produit\\\/meuble-a-vin-et-spiritueux-american-heritage-bristol\\\/#primaryimage\"},\"image\":{\"@id\":\"https:\\\/\\\/theworldbilliards.com\\\/fr\\\/produit\\\/meuble-a-vin-et-spiritueux-american-heritage-bristol\\\/#primaryimage\"},\"thumbnailUrl\":\"https:\\\/\\\/theworldbilliards.com\\\/wp-content\\\/uploads\\\/2026\\\/02\\\/bristol-wine-cab.jpg\",\"datePublished\":\"2026-02-03T12:11:41+00:00\",\"dateModified\":\"2026-02-03T12:16:50+00:00\",\"description\":\"L'\u00e9l\u00e9gance robuste et la fonctionnalit\u00e9 exceptionnelle s'allient \u00e0 merveille dans ce magnifique meuble de service, fabriqu\u00e9 \u00e0 partir de mat\u00e9riaux recycl\u00e9s et agr\u00e9ment\u00e9 de ferrures assorties. Il deviendra la pi\u00e8ce ma\u00eetresse de votre int\u00e9rieur, sublimant n'importe quelle pi\u00e8ce. Des supports \u00e0 verres \u00e0 pied garnissent la partie sup\u00e9rieure et des casiers \u00e0 bouteilles la partie inf\u00e9rieure. Un plan de travail en verre noir offre un espace g\u00e9n\u00e9reux pour la pr\u00e9paration, le m\u00e9lange ou toute autre gourmandise. De robustes charni\u00e8res piano assurent une solidit\u00e9 \u00e0 toute \u00e9preuve et une ouverture\\\/fermeture fluide des portes battantes, garantissant leur durabilit\u00e9. Plusieurs sources de lumi\u00e8re \u00e9clairent la partie sup\u00e9rieure du meuble, cr\u00e9ant ainsi une pr\u00e9sentation optimale.\",\"breadcrumb\":{\"@id\":\"https:\\\/\\\/theworldbilliards.com\\\/fr\\\/produit\\\/meuble-a-vin-et-spiritueux-american-heritage-bristol\\\/#breadcrumb\"},\"inLanguage\":\"fr-FR\",\"potentialAction\":[{\"@type\":\"ReadAction\",\"target\":[\"https:\\\/\\\/theworldbilliards.com\\\/fr\\\/produit\\\/meuble-a-vin-et-spiritueux-american-heritage-bristol\\\/\"]}]},{\"@type\":\"ImageObject\",\"inLanguage\":\"fr-FR\",\"@id\":\"https:\\\/\\\/theworldbilliards.com\\\/fr\\\/produit\\\/meuble-a-vin-et-spiritueux-american-heritage-bristol\\\/#primaryimage\",\"url\":\"https:\\\/\\\/theworldbilliards.com\\\/wp-content\\\/uploads\\\/2026\\\/02\\\/bristol-wine-cab.jpg\",\"contentUrl\":\"https:\\\/\\\/theworldbilliards.com\\\/wp-content\\\/uploads\\\/2026\\\/02\\\/bristol-wine-cab.jpg\",\"width\":765,\"height\":766},{\"@type\":\"BreadcrumbList\",\"@id\":\"https:\\\/\\\/theworldbilliards.com\\\/fr\\\/produit\\\/meuble-a-vin-et-spiritueux-american-heritage-bristol\\\/#breadcrumb\",\"itemListElement\":[{\"@type\":\"ListItem\",\"position\":1,\"name\":\"In\u00edcio\",\"item\":\"https:\\\/\\\/theworldbilliards.com\\\/fr\\\/\"},{\"@type\":\"ListItem\",\"position\":2,\"name\":\"Boutique en ligne\",\"item\":\"https:\\\/\\\/theworldbilliards.com\\\/fr\\\/boutique-theworldbilliards\\\/\"},{\"@type\":\"ListItem\",\"position\":3,\"name\":\"Meuble \u00e0 vin et spiritueux American Heritage Bristol\"}]},{\"@type\":\"WebSite\",\"@id\":\"https:\\\/\\\/theworldbilliards.com\\\/fr\\\/#website\",\"url\":\"https:\\\/\\\/theworldbilliards.com\\\/fr\\\/\",\"name\":\"TheWorldBilliards\",\"description\":\"Achetez ici billard, baby-foot, ping-pong et bowling\",\"publisher\":{\"@id\":\"https:\\\/\\\/theworldbilliards.com\\\/fr\\\/#organization\"},\"alternateName\":\"The world billiards\",\"potentialAction\":[{\"@type\":\"SearchAction\",\"target\":{\"@type\":\"EntryPoint\",\"urlTemplate\":\"https:\\\/\\\/theworldbilliards.com\\\/fr\\\/?s={search_term_string}\"},\"query-input\":{\"@type\":\"PropertyValueSpecification\",\"valueRequired\":true,\"valueName\":\"search_term_string\"}}],\"inLanguage\":\"fr-FR\"},{\"@type\":\"Organization\",\"@id\":\"https:\\\/\\\/theworldbilliards.com\\\/fr\\\/#organization\",\"name\":\"The World Billiards\",\"alternateName\":\"The World Billiards\",\"url\":\"https:\\\/\\\/theworldbilliards.com\\\/fr\\\/\",\"logo\":{\"@type\":\"ImageObject\",\"inLanguage\":\"fr-FR\",\"@id\":\"https:\\\/\\\/theworldbilliards.com\\\/fr\\\/#\\\/schema\\\/logo\\\/image\\\/\",\"url\":\"https:\\\/\\\/theworldbilliards.com\\\/wp-content\\\/uploads\\\/2023\\\/09\\\/logo-2023-TheWorldBilliards.png\",\"contentUrl\":\"https:\\\/\\\/theworldbilliards.com\\\/wp-content\\\/uploads\\\/2023\\\/09\\\/logo-2023-TheWorldBilliards.png\",\"width\":1103,\"height\":417,\"caption\":\"The World Billiards\"},\"image\":{\"@id\":\"https:\\\/\\\/theworldbilliards.com\\\/fr\\\/#\\\/schema\\\/logo\\\/image\\\/\"},\"sameAs\":[\"https:\\\/\\\/www.facebook.com\\\/baby.foot.superbes\",\"https:\\\/\\\/www.youtube.com\\\/channel\\\/UCIMuOVAaUcH6UpZcsZlH0Tg\",\"https:\\\/\\\/www.facebook.com\\\/people\\\/Brunswick-Billiards-EspaaPortugal\\\/100066446264309\\\/\",\"https:\\\/\\\/www.instagram.com\\\/the_world_billiards\\\/\",\"https:\\\/\\\/www.pinterest.es\\\/Theworldbilliards\\\/\"]}]}<\/script>\n<!-- \/ Yoast SEO plugin. -->","yoast_head_json":{"title":"Acheter Meuble \u00e0 vin et spiritueux American Heritage Bristol - The World Billiards","description":"L'\u00e9l\u00e9gance robuste et la fonctionnalit\u00e9 exceptionnelle s'allient \u00e0 merveille dans ce magnifique meuble de service, fabriqu\u00e9 \u00e0 partir de mat\u00e9riaux recycl\u00e9s et agr\u00e9ment\u00e9 de ferrures assorties. Il deviendra la pi\u00e8ce ma\u00eetresse de votre int\u00e9rieur, sublimant n'importe quelle pi\u00e8ce. Des supports \u00e0 verres \u00e0 pied garnissent la partie sup\u00e9rieure et des casiers \u00e0 bouteilles la partie inf\u00e9rieure. Un plan de travail en verre noir offre un espace g\u00e9n\u00e9reux pour la pr\u00e9paration, le m\u00e9lange ou toute autre gourmandise. De robustes charni\u00e8res piano assurent une solidit\u00e9 \u00e0 toute \u00e9preuve et une ouverture\/fermeture fluide des portes battantes, garantissant leur durabilit\u00e9. Plusieurs sources de lumi\u00e8re \u00e9clairent la partie sup\u00e9rieure du meuble, cr\u00e9ant ainsi une pr\u00e9sentation optimale.","robots":{"index":"index","follow":"follow","max-snippet":"max-snippet:-1","max-image-preview":"max-image-preview:large","max-video-preview":"max-video-preview:-1"},"canonical":"https:\/\/theworldbilliards.com\/fr\/produit\/meuble-a-vin-et-spiritueux-american-heritage-bristol\/","og_locale":"fr_FR","og_type":"article","og_title":"Acheter Meuble \u00e0 vin et spiritueux American Heritage Bristol - The World Billiards","og_description":"L'\u00e9l\u00e9gance robuste et la fonctionnalit\u00e9 exceptionnelle s'allient \u00e0 merveille dans ce magnifique meuble de service, fabriqu\u00e9 \u00e0 partir de mat\u00e9riaux recycl\u00e9s et agr\u00e9ment\u00e9 de ferrures assorties. Il deviendra la pi\u00e8ce ma\u00eetresse de votre int\u00e9rieur, sublimant n'importe quelle pi\u00e8ce. Des supports \u00e0 verres \u00e0 pied garnissent la partie sup\u00e9rieure et des casiers \u00e0 bouteilles la partie inf\u00e9rieure. Un plan de travail en verre noir offre un espace g\u00e9n\u00e9reux pour la pr\u00e9paration, le m\u00e9lange ou toute autre gourmandise. De robustes charni\u00e8res piano assurent une solidit\u00e9 \u00e0 toute \u00e9preuve et une ouverture\/fermeture fluide des portes battantes, garantissant leur durabilit\u00e9. Plusieurs sources de lumi\u00e8re \u00e9clairent la partie sup\u00e9rieure du meuble, cr\u00e9ant ainsi une pr\u00e9sentation optimale.","og_url":"https:\/\/theworldbilliards.com\/fr\/produit\/meuble-a-vin-et-spiritueux-american-heritage-bristol\/","og_site_name":"The World Billiards","article_publisher":"https:\/\/www.facebook.com\/baby.foot.superbes","article_modified_time":"2026-02-03T12:16:50+00:00","og_image":[{"width":765,"height":766,"url":"https:\/\/theworldbilliards.com\/wp-content\/uploads\/2026\/02\/bristol-wine-cab.jpg","type":"image\/jpeg"}],"twitter_card":"summary_large_image","twitter_misc":{"Dur\u00e9e de lecture estim\u00e9e":"1 minute"},"schema":{"@context":"https:\/\/schema.org","@graph":[{"@type":"WebPage","@id":"https:\/\/theworldbilliards.com\/fr\/produit\/meuble-a-vin-et-spiritueux-american-heritage-bristol\/","url":"https:\/\/theworldbilliards.com\/fr\/produit\/meuble-a-vin-et-spiritueux-american-heritage-bristol\/","name":"Acheter Meuble \u00e0 vin et spiritueux American Heritage Bristol - The World Billiards","isPartOf":{"@id":"https:\/\/theworldbilliards.com\/fr\/#website"},"primaryImageOfPage":{"@id":"https:\/\/theworldbilliards.com\/fr\/produit\/meuble-a-vin-et-spiritueux-american-heritage-bristol\/#primaryimage"},"image":{"@id":"https:\/\/theworldbilliards.com\/fr\/produit\/meuble-a-vin-et-spiritueux-american-heritage-bristol\/#primaryimage"},"thumbnailUrl":"https:\/\/theworldbilliards.com\/wp-content\/uploads\/2026\/02\/bristol-wine-cab.jpg","datePublished":"2026-02-03T12:11:41+00:00","dateModified":"2026-02-03T12:16:50+00:00","description":"L'\u00e9l\u00e9gance robuste et la fonctionnalit\u00e9 exceptionnelle s'allient \u00e0 merveille dans ce magnifique meuble de service, fabriqu\u00e9 \u00e0 partir de mat\u00e9riaux recycl\u00e9s et agr\u00e9ment\u00e9 de ferrures assorties. Il deviendra la pi\u00e8ce ma\u00eetresse de votre int\u00e9rieur, sublimant n'importe quelle pi\u00e8ce. Des supports \u00e0 verres \u00e0 pied garnissent la partie sup\u00e9rieure et des casiers \u00e0 bouteilles la partie inf\u00e9rieure. Un plan de travail en verre noir offre un espace g\u00e9n\u00e9reux pour la pr\u00e9paration, le m\u00e9lange ou toute autre gourmandise. De robustes charni\u00e8res piano assurent une solidit\u00e9 \u00e0 toute \u00e9preuve et une ouverture\/fermeture fluide des portes battantes, garantissant leur durabilit\u00e9. Plusieurs sources de lumi\u00e8re \u00e9clairent la partie sup\u00e9rieure du meuble, cr\u00e9ant ainsi une pr\u00e9sentation optimale.","breadcrumb":{"@id":"https:\/\/theworldbilliards.com\/fr\/produit\/meuble-a-vin-et-spiritueux-american-heritage-bristol\/#breadcrumb"},"inLanguage":"fr-FR","potentialAction":[{"@type":"ReadAction","target":["https:\/\/theworldbilliards.com\/fr\/produit\/meuble-a-vin-et-spiritueux-american-heritage-bristol\/"]}]},{"@type":"ImageObject","inLanguage":"fr-FR","@id":"https:\/\/theworldbilliards.com\/fr\/produit\/meuble-a-vin-et-spiritueux-american-heritage-bristol\/#primaryimage","url":"https:\/\/theworldbilliards.com\/wp-content\/uploads\/2026\/02\/bristol-wine-cab.jpg","contentUrl":"https:\/\/theworldbilliards.com\/wp-content\/uploads\/2026\/02\/bristol-wine-cab.jpg","width":765,"height":766},{"@type":"BreadcrumbList","@id":"https:\/\/theworldbilliards.com\/fr\/produit\/meuble-a-vin-et-spiritueux-american-heritage-bristol\/#breadcrumb","itemListElement":[{"@type":"ListItem","position":1,"name":"In\u00edcio","item":"https:\/\/theworldbilliards.com\/fr\/"},{"@type":"ListItem","position":2,"name":"Boutique en ligne","item":"https:\/\/theworldbilliards.com\/fr\/boutique-theworldbilliards\/"},{"@type":"ListItem","position":3,"name":"Meuble \u00e0 vin et spiritueux American Heritage Bristol"}]},{"@type":"WebSite","@id":"https:\/\/theworldbilliards.com\/fr\/#website","url":"https:\/\/theworldbilliards.com\/fr\/","name":"TheWorldBilliards","description":"Achetez ici billard, baby-foot, ping-pong et bowling","publisher":{"@id":"https:\/\/theworldbilliards.com\/fr\/#organization"},"alternateName":"The world billiards","potentialAction":[{"@type":"SearchAction","target":{"@type":"EntryPoint","urlTemplate":"https:\/\/theworldbilliards.com\/fr\/?s={search_term_string}"},"query-input":{"@type":"PropertyValueSpecification","valueRequired":true,"valueName":"search_term_string"}}],"inLanguage":"fr-FR"},{"@type":"Organization","@id":"https:\/\/theworldbilliards.com\/fr\/#organization","name":"The World Billiards","alternateName":"The World Billiards","url":"https:\/\/theworldbilliards.com\/fr\/","logo":{"@type":"ImageObject","inLanguage":"fr-FR","@id":"https:\/\/theworldbilliards.com\/fr\/#\/schema\/logo\/image\/","url":"https:\/\/theworldbilliards.com\/wp-content\/uploads\/2023\/09\/logo-2023-TheWorldBilliards.png","contentUrl":"https:\/\/theworldbilliards.com\/wp-content\/uploads\/2023\/09\/logo-2023-TheWorldBilliards.png","width":1103,"height":417,"caption":"The World Billiards"},"image":{"@id":"https:\/\/theworldbilliards.com\/fr\/#\/schema\/logo\/image\/"},"sameAs":["https:\/\/www.facebook.com\/baby.foot.superbes","https:\/\/www.youtube.com\/channel\/UCIMuOVAaUcH6UpZcsZlH0Tg","https:\/\/www.facebook.com\/people\/Brunswick-Billiards-EspaaPortugal\/100066446264309\/","https:\/\/www.instagram.com\/the_world_billiards\/","https:\/\/www.pinterest.es\/Theworldbilliards\/"]}]}},"_links":{"self":[{"href":"https:\/\/theworldbilliards.com\/fr\/wp-json\/wp\/v2\/product\/111085","targetHints":{"allow":["GET"]}}],"collection":[{"href":"https:\/\/theworldbilliards.com\/fr\/wp-json\/wp\/v2\/product"}],"about":[{"href":"https:\/\/theworldbilliards.com\/fr\/wp-json\/wp\/v2\/types\/product"}],"wp:featuredmedia":[{"embeddable":true,"href":"https:\/\/theworldbilliards.com\/fr\/wp-json\/wp\/v2\/media\/111125"}],"wp:attachment":[{"href":"https:\/\/theworldbilliards.com\/fr\/wp-json\/wp\/v2\/media?parent=111085"}],"wp:term":[{"taxonomy":"product_brand","embeddable":true,"href":"https:\/\/theworldbilliards.com\/fr\/wp-json\/wp\/v2\/product_brand?post=111085"},{"taxonomy":"product_cat","embeddable":true,"href":"https:\/\/theworldbilliards.com\/fr\/wp-json\/wp\/v2\/product_cat?post=111085"},{"taxonomy":"product_tag","embeddable":true,"href":"https:\/\/theworldbilliards.com\/fr\/wp-json\/wp\/v2\/product_tag?post=111085"}],"curies":[{"name":"wp","href":"https:\/\/api.w.org\/{rel}","templated":true}]}}