{"id":111239,"date":"2026-02-04T11:11:07","date_gmt":"2026-02-04T10:11:07","guid":{"rendered":"https:\/\/theworldbilliards.com\/?post_type=product&#038;p=111239"},"modified":"2026-02-04T11:56:13","modified_gmt":"2026-02-04T10:56:13","slug":"banc-de-rangement-american-heritage-alta","status":"publish","type":"product","link":"https:\/\/theworldbilliards.com\/fr\/produit\/banc-de-rangement-american-heritage-alta\/","title":{"rendered":"Banc de rangement American Heritage Alta"},"content":{"rendered":"<p><span class=\"tlid-translation translation\" lang=\"fr\"><span class=\"\" title=\"\">Ce banc assorti transforme les tables de billard Alta en table \u00e0 manger en un clin d&rsquo;\u0153il. \u00c9l\u00e9gant et pratique, ce banc \u00e0 la hauteur ergonomique m\u00e9tamorphose votre table de jeu en un meuble flexible et polyvalent. Long de 190 cm, il est fabriqu\u00e9 en bois massif et peut accueillir confortablement 3 \u00e0 4 personnes. Il est dot\u00e9 d&rsquo;un compartiment de rangement dissimul\u00e9 sous l&rsquo;assise, id\u00e9al pour ranger divers accessoires. Ce compartiment peut contenir 5 queues de billard, un jeu de boules, des triangles, de la craie, des brosses et tous les accessoires de jeu dont vous pourriez avoir besoin. Disponible en finitions Brushed Walnut, Peppercorn et Black Ash<\/span><\/span><\/p>\n","protected":false},"excerpt":{"rendered":"<p>Ce banc assorti transforme les tables de billard Alta en table \u00e0 manger en un clin d&rsquo;\u0153il. \u00c9l\u00e9gant et pratique, [&hellip;]<\/p>\n","protected":false},"featured_media":111288,"template":"","meta":{"site-sidebar-layout":"default","site-content-layout":"","ast-site-content-layout":"default","site-content-style":"default","site-sidebar-style":"default","ast-global-header-display":"","ast-banner-title-visibility":"","ast-main-header-display":"","ast-hfb-above-header-display":"","ast-hfb-below-header-display":"","ast-hfb-mobile-header-display":"","site-post-title":"","ast-breadcrumbs-content":"","ast-featured-img":"","footer-sml-layout":"","ast-disable-related-posts":"","theme-transparent-header-meta":"default","adv-header-id-meta":"","stick-header-meta":"","header-above-stick-meta":"","header-main-stick-meta":"","header-below-stick-meta":"","astra-migrate-meta-layouts":"default","ast-page-background-enabled":"default","ast-page-background-meta":{"desktop":{"background-color":"var(--ast-global-color-4)","background-image":"","background-repeat":"repeat","background-position":"center center","background-size":"auto","background-attachment":"scroll","background-type":"","background-media":"","overlay-type":"","overlay-color":"","overlay-opacity":"","overlay-gradient":""},"tablet":{"background-color":"","background-image":"","background-repeat":"repeat","background-position":"center center","background-size":"auto","background-attachment":"scroll","background-type":"","background-media":"","overlay-type":"","overlay-color":"","overlay-opacity":"","overlay-gradient":""},"mobile":{"background-color":"","background-image":"","background-repeat":"repeat","background-position":"center center","background-size":"auto","background-attachment":"scroll","background-type":"","background-media":"","overlay-type":"","overlay-color":"","overlay-opacity":"","overlay-gradient":""}},"ast-content-background-meta":{"desktop":{"background-color":"var(--ast-global-color-5)","background-image":"","background-repeat":"repeat","background-position":"center center","background-size":"auto","background-attachment":"scroll","background-type":"","background-media":"","overlay-type":"","overlay-color":"","overlay-opacity":"","overlay-gradient":""},"tablet":{"background-color":"var(--ast-global-color-5)","background-image":"","background-repeat":"repeat","background-position":"center center","background-size":"auto","background-attachment":"scroll","background-type":"","background-media":"","overlay-type":"","overlay-color":"","overlay-opacity":"","overlay-gradient":""},"mobile":{"background-color":"var(--ast-global-color-5)","background-image":"","background-repeat":"repeat","background-position":"center center","background-size":"auto","background-attachment":"scroll","background-type":"","background-media":"","overlay-type":"","overlay-color":"","overlay-opacity":"","overlay-gradient":""}}},"product_brand":[5210],"product_cat":[5328,4097,1555],"product_tag":[],"class_list":{"0":"post-111239","1":"product","2":"type-product","3":"status-publish","4":"has-post-thumbnail","6":"product_brand-american-heritage-billiards-fr","7":"product_cat-accessoire-billard-american-heritage","8":"product_cat-meubles","9":"product_cat-plateau-pour-billard","10":"product_shipping_class-accessoires-longs-ou-20kg","11":"desktop-align-center","12":"tablet-align-left","13":"mobile-align-left","15":"first","16":"onbackorder","17":"taxable","18":"shipping-taxable","19":"purchasable","20":"product-type-variable"},"yoast_head":"<!-- This site is optimized with the Yoast SEO plugin v27.4 - https:\/\/yoast.com\/product\/yoast-seo-wordpress\/ -->\n<title>Acheter Banc de rangement American Heritage Alta - The World Billiards<\/title>\n<meta name=\"description\" content=\"Ce banc assorti transforme les tables de billard Alta en table \u00e0 manger en un clin d&#039;\u0153il. \u00c9l\u00e9gant et pratique, ce banc \u00e0 la hauteur ergonomique m\u00e9tamorphose votre table de jeu en un meuble flexible et polyvalent. Long de 190 cm, il est fabriqu\u00e9 en bois massif et peut accueillir confortablement 3 \u00e0 4 personnes. Il est dot\u00e9 d&#039;un compartiment de rangement dissimul\u00e9 sous l&#039;assise, id\u00e9al pour ranger divers accessoires. Ce compartiment peut contenir 5 queues de billard, un jeu de boules, des triangles, de la craie, des brosses et tous les accessoires de jeu dont vous pourriez avoir besoin. Disponible en finitions Brushed Walnut, Peppercorn et Black Ash\" \/>\n<meta name=\"robots\" content=\"index, follow, max-snippet:-1, max-image-preview:large, max-video-preview:-1\" \/>\n<link rel=\"canonical\" href=\"https:\/\/theworldbilliards.com\/fr\/produit\/banc-de-rangement-american-heritage-alta\/\" \/>\n<meta property=\"og:locale\" content=\"fr_FR\" \/>\n<meta property=\"og:type\" content=\"article\" \/>\n<meta property=\"og:title\" content=\"Acheter Banc de rangement American Heritage Alta - The World Billiards\" \/>\n<meta property=\"og:description\" content=\"Ce banc assorti transforme les tables de billard Alta en table \u00e0 manger en un clin d&#039;\u0153il. \u00c9l\u00e9gant et pratique, ce banc \u00e0 la hauteur ergonomique m\u00e9tamorphose votre table de jeu en un meuble flexible et polyvalent. Long de 190 cm, il est fabriqu\u00e9 en bois massif et peut accueillir confortablement 3 \u00e0 4 personnes. Il est dot\u00e9 d&#039;un compartiment de rangement dissimul\u00e9 sous l&#039;assise, id\u00e9al pour ranger divers accessoires. Ce compartiment peut contenir 5 queues de billard, un jeu de boules, des triangles, de la craie, des brosses et tous les accessoires de jeu dont vous pourriez avoir besoin. Disponible en finitions Brushed Walnut, Peppercorn et Black Ash\" \/>\n<meta property=\"og:url\" content=\"https:\/\/theworldbilliards.com\/fr\/produit\/banc-de-rangement-american-heritage-alta\/\" \/>\n<meta property=\"og:site_name\" content=\"The World Billiards\" \/>\n<meta property=\"article:publisher\" content=\"https:\/\/www.facebook.com\/baby.foot.superbes\" \/>\n<meta property=\"article:modified_time\" content=\"2026-02-04T10:56:13+00:00\" \/>\n<meta property=\"og:image\" content=\"https:\/\/theworldbilliards.com\/wp-content\/uploads\/2026\/02\/Bench-Alta-CC-2.png\" \/>\n\t<meta property=\"og:image:width\" content=\"1154\" \/>\n\t<meta property=\"og:image:height\" content=\"1155\" \/>\n\t<meta property=\"og:image:type\" content=\"image\/png\" \/>\n<meta name=\"twitter:card\" content=\"summary_large_image\" \/>\n<script type=\"application\/ld+json\" class=\"yoast-schema-graph\">{\"@context\":\"https:\\\/\\\/schema.org\",\"@graph\":[{\"@type\":\"WebPage\",\"@id\":\"https:\\\/\\\/theworldbilliards.com\\\/fr\\\/produit\\\/banc-de-rangement-american-heritage-alta\\\/\",\"url\":\"https:\\\/\\\/theworldbilliards.com\\\/fr\\\/produit\\\/banc-de-rangement-american-heritage-alta\\\/\",\"name\":\"Acheter Banc de rangement American Heritage Alta - The World Billiards\",\"isPartOf\":{\"@id\":\"https:\\\/\\\/theworldbilliards.com\\\/fr\\\/#website\"},\"primaryImageOfPage\":{\"@id\":\"https:\\\/\\\/theworldbilliards.com\\\/fr\\\/produit\\\/banc-de-rangement-american-heritage-alta\\\/#primaryimage\"},\"image\":{\"@id\":\"https:\\\/\\\/theworldbilliards.com\\\/fr\\\/produit\\\/banc-de-rangement-american-heritage-alta\\\/#primaryimage\"},\"thumbnailUrl\":\"https:\\\/\\\/theworldbilliards.com\\\/wp-content\\\/uploads\\\/2026\\\/02\\\/Bench-Alta-CC-2.png\",\"datePublished\":\"2026-02-04T10:11:07+00:00\",\"dateModified\":\"2026-02-04T10:56:13+00:00\",\"description\":\"Ce banc assorti transforme les tables de billard Alta en table \u00e0 manger en un clin d'\u0153il. \u00c9l\u00e9gant et pratique, ce banc \u00e0 la hauteur ergonomique m\u00e9tamorphose votre table de jeu en un meuble flexible et polyvalent. Long de 190 cm, il est fabriqu\u00e9 en bois massif et peut accueillir confortablement 3 \u00e0 4 personnes. Il est dot\u00e9 d'un compartiment de rangement dissimul\u00e9 sous l'assise, id\u00e9al pour ranger divers accessoires. Ce compartiment peut contenir 5 queues de billard, un jeu de boules, des triangles, de la craie, des brosses et tous les accessoires de jeu dont vous pourriez avoir besoin. Disponible en finitions Brushed Walnut, Peppercorn et Black Ash\",\"breadcrumb\":{\"@id\":\"https:\\\/\\\/theworldbilliards.com\\\/fr\\\/produit\\\/banc-de-rangement-american-heritage-alta\\\/#breadcrumb\"},\"inLanguage\":\"fr-FR\",\"potentialAction\":[{\"@type\":\"ReadAction\",\"target\":[\"https:\\\/\\\/theworldbilliards.com\\\/fr\\\/produit\\\/banc-de-rangement-american-heritage-alta\\\/\"]}]},{\"@type\":\"ImageObject\",\"inLanguage\":\"fr-FR\",\"@id\":\"https:\\\/\\\/theworldbilliards.com\\\/fr\\\/produit\\\/banc-de-rangement-american-heritage-alta\\\/#primaryimage\",\"url\":\"https:\\\/\\\/theworldbilliards.com\\\/wp-content\\\/uploads\\\/2026\\\/02\\\/Bench-Alta-CC-2.png\",\"contentUrl\":\"https:\\\/\\\/theworldbilliards.com\\\/wp-content\\\/uploads\\\/2026\\\/02\\\/Bench-Alta-CC-2.png\",\"width\":1154,\"height\":1155},{\"@type\":\"BreadcrumbList\",\"@id\":\"https:\\\/\\\/theworldbilliards.com\\\/fr\\\/produit\\\/banc-de-rangement-american-heritage-alta\\\/#breadcrumb\",\"itemListElement\":[{\"@type\":\"ListItem\",\"position\":1,\"name\":\"In\u00edcio\",\"item\":\"https:\\\/\\\/theworldbilliards.com\\\/fr\\\/\"},{\"@type\":\"ListItem\",\"position\":2,\"name\":\"Boutique en ligne\",\"item\":\"https:\\\/\\\/theworldbilliards.com\\\/fr\\\/boutique-theworldbilliards\\\/\"},{\"@type\":\"ListItem\",\"position\":3,\"name\":\"Banc de rangement American Heritage Alta\"}]},{\"@type\":\"WebSite\",\"@id\":\"https:\\\/\\\/theworldbilliards.com\\\/fr\\\/#website\",\"url\":\"https:\\\/\\\/theworldbilliards.com\\\/fr\\\/\",\"name\":\"TheWorldBilliards\",\"description\":\"Achetez ici billard, baby-foot, ping-pong et bowling\",\"publisher\":{\"@id\":\"https:\\\/\\\/theworldbilliards.com\\\/fr\\\/#organization\"},\"alternateName\":\"The world billiards\",\"potentialAction\":[{\"@type\":\"SearchAction\",\"target\":{\"@type\":\"EntryPoint\",\"urlTemplate\":\"https:\\\/\\\/theworldbilliards.com\\\/fr\\\/?s={search_term_string}\"},\"query-input\":{\"@type\":\"PropertyValueSpecification\",\"valueRequired\":true,\"valueName\":\"search_term_string\"}}],\"inLanguage\":\"fr-FR\"},{\"@type\":\"Organization\",\"@id\":\"https:\\\/\\\/theworldbilliards.com\\\/fr\\\/#organization\",\"name\":\"The World Billiards\",\"alternateName\":\"The World Billiards\",\"url\":\"https:\\\/\\\/theworldbilliards.com\\\/fr\\\/\",\"logo\":{\"@type\":\"ImageObject\",\"inLanguage\":\"fr-FR\",\"@id\":\"https:\\\/\\\/theworldbilliards.com\\\/fr\\\/#\\\/schema\\\/logo\\\/image\\\/\",\"url\":\"\",\"contentUrl\":\"\",\"caption\":\"The World Billiards\"},\"image\":{\"@id\":\"https:\\\/\\\/theworldbilliards.com\\\/fr\\\/#\\\/schema\\\/logo\\\/image\\\/\"},\"sameAs\":[\"https:\\\/\\\/www.facebook.com\\\/baby.foot.superbes\",\"https:\\\/\\\/www.youtube.com\\\/channel\\\/UCIMuOVAaUcH6UpZcsZlH0Tg\",\"https:\\\/\\\/www.facebook.com\\\/people\\\/Brunswick-Billiards-EspaaPortugal\\\/100066446264309\\\/\",\"https:\\\/\\\/www.instagram.com\\\/the_world_billiards\\\/\",\"https:\\\/\\\/www.pinterest.es\\\/Theworldbilliards\\\/\"]}]}<\/script>\n<!-- \/ Yoast SEO plugin. -->","yoast_head_json":{"title":"Acheter Banc de rangement American Heritage Alta - The World Billiards","description":"Ce banc assorti transforme les tables de billard Alta en table \u00e0 manger en un clin d'\u0153il. \u00c9l\u00e9gant et pratique, ce banc \u00e0 la hauteur ergonomique m\u00e9tamorphose votre table de jeu en un meuble flexible et polyvalent. Long de 190 cm, il est fabriqu\u00e9 en bois massif et peut accueillir confortablement 3 \u00e0 4 personnes. Il est dot\u00e9 d'un compartiment de rangement dissimul\u00e9 sous l'assise, id\u00e9al pour ranger divers accessoires. Ce compartiment peut contenir 5 queues de billard, un jeu de boules, des triangles, de la craie, des brosses et tous les accessoires de jeu dont vous pourriez avoir besoin. Disponible en finitions Brushed Walnut, Peppercorn et Black Ash","robots":{"index":"index","follow":"follow","max-snippet":"max-snippet:-1","max-image-preview":"max-image-preview:large","max-video-preview":"max-video-preview:-1"},"canonical":"https:\/\/theworldbilliards.com\/fr\/produit\/banc-de-rangement-american-heritage-alta\/","og_locale":"fr_FR","og_type":"article","og_title":"Acheter Banc de rangement American Heritage Alta - The World Billiards","og_description":"Ce banc assorti transforme les tables de billard Alta en table \u00e0 manger en un clin d'\u0153il. \u00c9l\u00e9gant et pratique, ce banc \u00e0 la hauteur ergonomique m\u00e9tamorphose votre table de jeu en un meuble flexible et polyvalent. Long de 190 cm, il est fabriqu\u00e9 en bois massif et peut accueillir confortablement 3 \u00e0 4 personnes. Il est dot\u00e9 d'un compartiment de rangement dissimul\u00e9 sous l'assise, id\u00e9al pour ranger divers accessoires. Ce compartiment peut contenir 5 queues de billard, un jeu de boules, des triangles, de la craie, des brosses et tous les accessoires de jeu dont vous pourriez avoir besoin. Disponible en finitions Brushed Walnut, Peppercorn et Black Ash","og_url":"https:\/\/theworldbilliards.com\/fr\/produit\/banc-de-rangement-american-heritage-alta\/","og_site_name":"The World Billiards","article_publisher":"https:\/\/www.facebook.com\/baby.foot.superbes","article_modified_time":"2026-02-04T10:56:13+00:00","og_image":[{"width":1154,"height":1155,"url":"https:\/\/theworldbilliards.com\/wp-content\/uploads\/2026\/02\/Bench-Alta-CC-2.png","type":"image\/png"}],"twitter_card":"summary_large_image","schema":{"@context":"https:\/\/schema.org","@graph":[{"@type":"WebPage","@id":"https:\/\/theworldbilliards.com\/fr\/produit\/banc-de-rangement-american-heritage-alta\/","url":"https:\/\/theworldbilliards.com\/fr\/produit\/banc-de-rangement-american-heritage-alta\/","name":"Acheter Banc de rangement American Heritage Alta - The World Billiards","isPartOf":{"@id":"https:\/\/theworldbilliards.com\/fr\/#website"},"primaryImageOfPage":{"@id":"https:\/\/theworldbilliards.com\/fr\/produit\/banc-de-rangement-american-heritage-alta\/#primaryimage"},"image":{"@id":"https:\/\/theworldbilliards.com\/fr\/produit\/banc-de-rangement-american-heritage-alta\/#primaryimage"},"thumbnailUrl":"https:\/\/theworldbilliards.com\/wp-content\/uploads\/2026\/02\/Bench-Alta-CC-2.png","datePublished":"2026-02-04T10:11:07+00:00","dateModified":"2026-02-04T10:56:13+00:00","description":"Ce banc assorti transforme les tables de billard Alta en table \u00e0 manger en un clin d'\u0153il. \u00c9l\u00e9gant et pratique, ce banc \u00e0 la hauteur ergonomique m\u00e9tamorphose votre table de jeu en un meuble flexible et polyvalent. Long de 190 cm, il est fabriqu\u00e9 en bois massif et peut accueillir confortablement 3 \u00e0 4 personnes. Il est dot\u00e9 d'un compartiment de rangement dissimul\u00e9 sous l'assise, id\u00e9al pour ranger divers accessoires. Ce compartiment peut contenir 5 queues de billard, un jeu de boules, des triangles, de la craie, des brosses et tous les accessoires de jeu dont vous pourriez avoir besoin. Disponible en finitions Brushed Walnut, Peppercorn et Black Ash","breadcrumb":{"@id":"https:\/\/theworldbilliards.com\/fr\/produit\/banc-de-rangement-american-heritage-alta\/#breadcrumb"},"inLanguage":"fr-FR","potentialAction":[{"@type":"ReadAction","target":["https:\/\/theworldbilliards.com\/fr\/produit\/banc-de-rangement-american-heritage-alta\/"]}]},{"@type":"ImageObject","inLanguage":"fr-FR","@id":"https:\/\/theworldbilliards.com\/fr\/produit\/banc-de-rangement-american-heritage-alta\/#primaryimage","url":"https:\/\/theworldbilliards.com\/wp-content\/uploads\/2026\/02\/Bench-Alta-CC-2.png","contentUrl":"https:\/\/theworldbilliards.com\/wp-content\/uploads\/2026\/02\/Bench-Alta-CC-2.png","width":1154,"height":1155},{"@type":"BreadcrumbList","@id":"https:\/\/theworldbilliards.com\/fr\/produit\/banc-de-rangement-american-heritage-alta\/#breadcrumb","itemListElement":[{"@type":"ListItem","position":1,"name":"In\u00edcio","item":"https:\/\/theworldbilliards.com\/fr\/"},{"@type":"ListItem","position":2,"name":"Boutique en ligne","item":"https:\/\/theworldbilliards.com\/fr\/boutique-theworldbilliards\/"},{"@type":"ListItem","position":3,"name":"Banc de rangement American Heritage Alta"}]},{"@type":"WebSite","@id":"https:\/\/theworldbilliards.com\/fr\/#website","url":"https:\/\/theworldbilliards.com\/fr\/","name":"TheWorldBilliards","description":"Achetez ici billard, baby-foot, ping-pong et bowling","publisher":{"@id":"https:\/\/theworldbilliards.com\/fr\/#organization"},"alternateName":"The world billiards","potentialAction":[{"@type":"SearchAction","target":{"@type":"EntryPoint","urlTemplate":"https:\/\/theworldbilliards.com\/fr\/?s={search_term_string}"},"query-input":{"@type":"PropertyValueSpecification","valueRequired":true,"valueName":"search_term_string"}}],"inLanguage":"fr-FR"},{"@type":"Organization","@id":"https:\/\/theworldbilliards.com\/fr\/#organization","name":"The World Billiards","alternateName":"The World Billiards","url":"https:\/\/theworldbilliards.com\/fr\/","logo":{"@type":"ImageObject","inLanguage":"fr-FR","@id":"https:\/\/theworldbilliards.com\/fr\/#\/schema\/logo\/image\/","url":"","contentUrl":"","caption":"The World Billiards"},"image":{"@id":"https:\/\/theworldbilliards.com\/fr\/#\/schema\/logo\/image\/"},"sameAs":["https:\/\/www.facebook.com\/baby.foot.superbes","https:\/\/www.youtube.com\/channel\/UCIMuOVAaUcH6UpZcsZlH0Tg","https:\/\/www.facebook.com\/people\/Brunswick-Billiards-EspaaPortugal\/100066446264309\/","https:\/\/www.instagram.com\/the_world_billiards\/","https:\/\/www.pinterest.es\/Theworldbilliards\/"]}]}},"_links":{"self":[{"href":"https:\/\/theworldbilliards.com\/fr\/wp-json\/wp\/v2\/product\/111239","targetHints":{"allow":["GET"]}}],"collection":[{"href":"https:\/\/theworldbilliards.com\/fr\/wp-json\/wp\/v2\/product"}],"about":[{"href":"https:\/\/theworldbilliards.com\/fr\/wp-json\/wp\/v2\/types\/product"}],"wp:featuredmedia":[{"embeddable":true,"href":"https:\/\/theworldbilliards.com\/fr\/wp-json\/wp\/v2\/media\/111288"}],"wp:attachment":[{"href":"https:\/\/theworldbilliards.com\/fr\/wp-json\/wp\/v2\/media?parent=111239"}],"wp:term":[{"taxonomy":"product_brand","embeddable":true,"href":"https:\/\/theworldbilliards.com\/fr\/wp-json\/wp\/v2\/product_brand?post=111239"},{"taxonomy":"product_cat","embeddable":true,"href":"https:\/\/theworldbilliards.com\/fr\/wp-json\/wp\/v2\/product_cat?post=111239"},{"taxonomy":"product_tag","embeddable":true,"href":"https:\/\/theworldbilliards.com\/fr\/wp-json\/wp\/v2\/product_tag?post=111239"}],"curies":[{"name":"wp","href":"https:\/\/api.w.org\/{rel}","templated":true}]}}