{"id":111294,"date":"2026-02-04T12:26:42","date_gmt":"2026-02-04T11:26:42","guid":{"rendered":"https:\/\/theworldbilliards.com\/?post_type=product&#038;p=111294"},"modified":"2026-02-04T12:39:10","modified_gmt":"2026-02-04T11:39:10","slug":"banc-de-rangement-american-heritage-knoxville","status":"publish","type":"product","link":"https:\/\/theworldbilliards.com\/fr\/produit\/banc-de-rangement-american-heritage-knoxville\/","title":{"rendered":"Banc de rangement American Heritage Knoxville"},"content":{"rendered":"<p>Ce banc de rangement assorti transforme facilement une table de billard en table \u00e0 manger ou table multifonctionnelle. \u00c9l\u00e9gant et pratique, ce banc est \u00e0 une hauteur ergonomique, m\u00e9tamorphosant ainsi votre table de jeu en un meuble flexible et polyvalent. Le banc de 107 cm (42 pouces) est fabriqu\u00e9 en bois massif. Il est dot\u00e9 d&rsquo;un compartiment de rangement interne dissimul\u00e9 sous l&rsquo;assise, id\u00e9al pour ranger les queues de billard en deux parties et les accessoires.<\/p>\n","protected":false},"excerpt":{"rendered":"<p>Ce banc de rangement assorti transforme facilement une table de billard en table \u00e0 manger ou table multifonctionnelle. \u00c9l\u00e9gant et [&hellip;]<\/p>\n","protected":false},"featured_media":111336,"template":"","meta":{"site-sidebar-layout":"default","site-content-layout":"","ast-site-content-layout":"default","site-content-style":"default","site-sidebar-style":"default","ast-global-header-display":"","ast-banner-title-visibility":"","ast-main-header-display":"","ast-hfb-above-header-display":"","ast-hfb-below-header-display":"","ast-hfb-mobile-header-display":"","site-post-title":"","ast-breadcrumbs-content":"","ast-featured-img":"","footer-sml-layout":"","ast-disable-related-posts":"","theme-transparent-header-meta":"default","adv-header-id-meta":"","stick-header-meta":"","header-above-stick-meta":"","header-main-stick-meta":"","header-below-stick-meta":"","astra-migrate-meta-layouts":"default","ast-page-background-enabled":"default","ast-page-background-meta":{"desktop":{"background-color":"var(--ast-global-color-4)","background-image":"","background-repeat":"repeat","background-position":"center center","background-size":"auto","background-attachment":"scroll","background-type":"","background-media":"","overlay-type":"","overlay-color":"","overlay-opacity":"","overlay-gradient":""},"tablet":{"background-color":"","background-image":"","background-repeat":"repeat","background-position":"center center","background-size":"auto","background-attachment":"scroll","background-type":"","background-media":"","overlay-type":"","overlay-color":"","overlay-opacity":"","overlay-gradient":""},"mobile":{"background-color":"","background-image":"","background-repeat":"repeat","background-position":"center center","background-size":"auto","background-attachment":"scroll","background-type":"","background-media":"","overlay-type":"","overlay-color":"","overlay-opacity":"","overlay-gradient":""}},"ast-content-background-meta":{"desktop":{"background-color":"var(--ast-global-color-5)","background-image":"","background-repeat":"repeat","background-position":"center center","background-size":"auto","background-attachment":"scroll","background-type":"","background-media":"","overlay-type":"","overlay-color":"","overlay-opacity":"","overlay-gradient":""},"tablet":{"background-color":"var(--ast-global-color-5)","background-image":"","background-repeat":"repeat","background-position":"center center","background-size":"auto","background-attachment":"scroll","background-type":"","background-media":"","overlay-type":"","overlay-color":"","overlay-opacity":"","overlay-gradient":""},"mobile":{"background-color":"var(--ast-global-color-5)","background-image":"","background-repeat":"repeat","background-position":"center center","background-size":"auto","background-attachment":"scroll","background-type":"","background-media":"","overlay-type":"","overlay-color":"","overlay-opacity":"","overlay-gradient":""}}},"product_brand":[5210],"product_cat":[5328,4097,1555],"product_tag":[],"class_list":{"0":"post-111294","1":"product","2":"type-product","3":"status-publish","4":"has-post-thumbnail","6":"product_brand-american-heritage-billiards-fr","7":"product_cat-accessoire-billard-american-heritage","8":"product_cat-meubles","9":"product_cat-plateau-pour-billard","10":"product_shipping_class-accessoires-longs-ou-20kg","11":"desktop-align-center","12":"tablet-align-left","13":"mobile-align-left","15":"first","16":"onbackorder","17":"taxable","18":"shipping-taxable","19":"purchasable","20":"product-type-simple"},"yoast_head":"<!-- This site is optimized with the Yoast SEO plugin v27.4 - https:\/\/yoast.com\/product\/yoast-seo-wordpress\/ -->\n<title>Acheter Banc de rangement American Heritage Knoxville - The World Billiards<\/title>\n<meta name=\"description\" content=\"Ce banc de rangement assorti transforme facilement une table de billard en table \u00e0 manger ou table multifonctionnelle. \u00c9l\u00e9gant et pratique, ce banc est \u00e0 une hauteur ergonomique, m\u00e9tamorphosant ainsi votre table de jeu en un meuble flexible et polyvalent. Le banc de 107 cm (42 pouces) est fabriqu\u00e9 en bois massif. Il est dot\u00e9 d&#039;un compartiment de rangement interne dissimul\u00e9 sous l&#039;assise, id\u00e9al pour ranger les queues de billard en deux parties et les accessoires.\" \/>\n<meta name=\"robots\" content=\"index, follow, max-snippet:-1, max-image-preview:large, max-video-preview:-1\" \/>\n<link rel=\"canonical\" href=\"https:\/\/theworldbilliards.com\/fr\/produit\/banc-de-rangement-american-heritage-knoxville\/\" \/>\n<meta property=\"og:locale\" content=\"fr_FR\" \/>\n<meta property=\"og:type\" content=\"article\" \/>\n<meta property=\"og:title\" content=\"Acheter Banc de rangement American Heritage Knoxville - The World Billiards\" \/>\n<meta property=\"og:description\" content=\"Ce banc de rangement assorti transforme facilement une table de billard en table \u00e0 manger ou table multifonctionnelle. \u00c9l\u00e9gant et pratique, ce banc est \u00e0 une hauteur ergonomique, m\u00e9tamorphosant ainsi votre table de jeu en un meuble flexible et polyvalent. Le banc de 107 cm (42 pouces) est fabriqu\u00e9 en bois massif. Il est dot\u00e9 d&#039;un compartiment de rangement interne dissimul\u00e9 sous l&#039;assise, id\u00e9al pour ranger les queues de billard en deux parties et les accessoires.\" \/>\n<meta property=\"og:url\" content=\"https:\/\/theworldbilliards.com\/fr\/produit\/banc-de-rangement-american-heritage-knoxville\/\" \/>\n<meta property=\"og:site_name\" content=\"The World Billiards\" \/>\n<meta property=\"article:publisher\" content=\"https:\/\/www.facebook.com\/baby.foot.superbes\" \/>\n<meta property=\"article:modified_time\" content=\"2026-02-04T11:39:10+00:00\" \/>\n<meta property=\"og:image\" content=\"https:\/\/theworldbilliards.com\/wp-content\/uploads\/2026\/02\/Bench-Knoxville-CC-1.png\" \/>\n\t<meta property=\"og:image:width\" content=\"970\" \/>\n\t<meta property=\"og:image:height\" content=\"972\" \/>\n\t<meta property=\"og:image:type\" content=\"image\/png\" \/>\n<meta name=\"twitter:card\" content=\"summary_large_image\" \/>\n<script type=\"application\/ld+json\" class=\"yoast-schema-graph\">{\"@context\":\"https:\\\/\\\/schema.org\",\"@graph\":[{\"@type\":\"WebPage\",\"@id\":\"https:\\\/\\\/theworldbilliards.com\\\/fr\\\/produit\\\/banc-de-rangement-american-heritage-knoxville\\\/\",\"url\":\"https:\\\/\\\/theworldbilliards.com\\\/fr\\\/produit\\\/banc-de-rangement-american-heritage-knoxville\\\/\",\"name\":\"Acheter Banc de rangement American Heritage Knoxville - The World Billiards\",\"isPartOf\":{\"@id\":\"https:\\\/\\\/theworldbilliards.com\\\/fr\\\/#website\"},\"primaryImageOfPage\":{\"@id\":\"https:\\\/\\\/theworldbilliards.com\\\/fr\\\/produit\\\/banc-de-rangement-american-heritage-knoxville\\\/#primaryimage\"},\"image\":{\"@id\":\"https:\\\/\\\/theworldbilliards.com\\\/fr\\\/produit\\\/banc-de-rangement-american-heritage-knoxville\\\/#primaryimage\"},\"thumbnailUrl\":\"https:\\\/\\\/theworldbilliards.com\\\/wp-content\\\/uploads\\\/2026\\\/02\\\/Bench-Knoxville-CC-1.png\",\"datePublished\":\"2026-02-04T11:26:42+00:00\",\"dateModified\":\"2026-02-04T11:39:10+00:00\",\"description\":\"Ce banc de rangement assorti transforme facilement une table de billard en table \u00e0 manger ou table multifonctionnelle. \u00c9l\u00e9gant et pratique, ce banc est \u00e0 une hauteur ergonomique, m\u00e9tamorphosant ainsi votre table de jeu en un meuble flexible et polyvalent. Le banc de 107 cm (42 pouces) est fabriqu\u00e9 en bois massif. Il est dot\u00e9 d'un compartiment de rangement interne dissimul\u00e9 sous l'assise, id\u00e9al pour ranger les queues de billard en deux parties et les accessoires.\",\"breadcrumb\":{\"@id\":\"https:\\\/\\\/theworldbilliards.com\\\/fr\\\/produit\\\/banc-de-rangement-american-heritage-knoxville\\\/#breadcrumb\"},\"inLanguage\":\"fr-FR\",\"potentialAction\":[{\"@type\":\"ReadAction\",\"target\":[\"https:\\\/\\\/theworldbilliards.com\\\/fr\\\/produit\\\/banc-de-rangement-american-heritage-knoxville\\\/\"]}]},{\"@type\":\"ImageObject\",\"inLanguage\":\"fr-FR\",\"@id\":\"https:\\\/\\\/theworldbilliards.com\\\/fr\\\/produit\\\/banc-de-rangement-american-heritage-knoxville\\\/#primaryimage\",\"url\":\"https:\\\/\\\/theworldbilliards.com\\\/wp-content\\\/uploads\\\/2026\\\/02\\\/Bench-Knoxville-CC-1.png\",\"contentUrl\":\"https:\\\/\\\/theworldbilliards.com\\\/wp-content\\\/uploads\\\/2026\\\/02\\\/Bench-Knoxville-CC-1.png\",\"width\":970,\"height\":972},{\"@type\":\"BreadcrumbList\",\"@id\":\"https:\\\/\\\/theworldbilliards.com\\\/fr\\\/produit\\\/banc-de-rangement-american-heritage-knoxville\\\/#breadcrumb\",\"itemListElement\":[{\"@type\":\"ListItem\",\"position\":1,\"name\":\"In\u00edcio\",\"item\":\"https:\\\/\\\/theworldbilliards.com\\\/fr\\\/\"},{\"@type\":\"ListItem\",\"position\":2,\"name\":\"Boutique en ligne\",\"item\":\"https:\\\/\\\/theworldbilliards.com\\\/fr\\\/boutique-theworldbilliards\\\/\"},{\"@type\":\"ListItem\",\"position\":3,\"name\":\"Banc de rangement American Heritage Knoxville\"}]},{\"@type\":\"WebSite\",\"@id\":\"https:\\\/\\\/theworldbilliards.com\\\/fr\\\/#website\",\"url\":\"https:\\\/\\\/theworldbilliards.com\\\/fr\\\/\",\"name\":\"TheWorldBilliards\",\"description\":\"Achetez ici billard, baby-foot, ping-pong et bowling\",\"publisher\":{\"@id\":\"https:\\\/\\\/theworldbilliards.com\\\/fr\\\/#organization\"},\"alternateName\":\"The world billiards\",\"potentialAction\":[{\"@type\":\"SearchAction\",\"target\":{\"@type\":\"EntryPoint\",\"urlTemplate\":\"https:\\\/\\\/theworldbilliards.com\\\/fr\\\/?s={search_term_string}\"},\"query-input\":{\"@type\":\"PropertyValueSpecification\",\"valueRequired\":true,\"valueName\":\"search_term_string\"}}],\"inLanguage\":\"fr-FR\"},{\"@type\":\"Organization\",\"@id\":\"https:\\\/\\\/theworldbilliards.com\\\/fr\\\/#organization\",\"name\":\"The World Billiards\",\"alternateName\":\"The World Billiards\",\"url\":\"https:\\\/\\\/theworldbilliards.com\\\/fr\\\/\",\"logo\":{\"@type\":\"ImageObject\",\"inLanguage\":\"fr-FR\",\"@id\":\"https:\\\/\\\/theworldbilliards.com\\\/fr\\\/#\\\/schema\\\/logo\\\/image\\\/\",\"url\":\"\",\"contentUrl\":\"\",\"caption\":\"The World Billiards\"},\"image\":{\"@id\":\"https:\\\/\\\/theworldbilliards.com\\\/fr\\\/#\\\/schema\\\/logo\\\/image\\\/\"},\"sameAs\":[\"https:\\\/\\\/www.facebook.com\\\/baby.foot.superbes\",\"https:\\\/\\\/www.youtube.com\\\/channel\\\/UCIMuOVAaUcH6UpZcsZlH0Tg\",\"https:\\\/\\\/www.facebook.com\\\/people\\\/Brunswick-Billiards-EspaaPortugal\\\/100066446264309\\\/\",\"https:\\\/\\\/www.instagram.com\\\/the_world_billiards\\\/\",\"https:\\\/\\\/www.pinterest.es\\\/Theworldbilliards\\\/\"]}]}<\/script>\n<!-- \/ Yoast SEO plugin. -->","yoast_head_json":{"title":"Acheter Banc de rangement American Heritage Knoxville - The World Billiards","description":"Ce banc de rangement assorti transforme facilement une table de billard en table \u00e0 manger ou table multifonctionnelle. \u00c9l\u00e9gant et pratique, ce banc est \u00e0 une hauteur ergonomique, m\u00e9tamorphosant ainsi votre table de jeu en un meuble flexible et polyvalent. Le banc de 107 cm (42 pouces) est fabriqu\u00e9 en bois massif. Il est dot\u00e9 d'un compartiment de rangement interne dissimul\u00e9 sous l'assise, id\u00e9al pour ranger les queues de billard en deux parties et les accessoires.","robots":{"index":"index","follow":"follow","max-snippet":"max-snippet:-1","max-image-preview":"max-image-preview:large","max-video-preview":"max-video-preview:-1"},"canonical":"https:\/\/theworldbilliards.com\/fr\/produit\/banc-de-rangement-american-heritage-knoxville\/","og_locale":"fr_FR","og_type":"article","og_title":"Acheter Banc de rangement American Heritage Knoxville - The World Billiards","og_description":"Ce banc de rangement assorti transforme facilement une table de billard en table \u00e0 manger ou table multifonctionnelle. \u00c9l\u00e9gant et pratique, ce banc est \u00e0 une hauteur ergonomique, m\u00e9tamorphosant ainsi votre table de jeu en un meuble flexible et polyvalent. Le banc de 107 cm (42 pouces) est fabriqu\u00e9 en bois massif. Il est dot\u00e9 d'un compartiment de rangement interne dissimul\u00e9 sous l'assise, id\u00e9al pour ranger les queues de billard en deux parties et les accessoires.","og_url":"https:\/\/theworldbilliards.com\/fr\/produit\/banc-de-rangement-american-heritage-knoxville\/","og_site_name":"The World Billiards","article_publisher":"https:\/\/www.facebook.com\/baby.foot.superbes","article_modified_time":"2026-02-04T11:39:10+00:00","og_image":[{"width":970,"height":972,"url":"https:\/\/theworldbilliards.com\/wp-content\/uploads\/2026\/02\/Bench-Knoxville-CC-1.png","type":"image\/png"}],"twitter_card":"summary_large_image","schema":{"@context":"https:\/\/schema.org","@graph":[{"@type":"WebPage","@id":"https:\/\/theworldbilliards.com\/fr\/produit\/banc-de-rangement-american-heritage-knoxville\/","url":"https:\/\/theworldbilliards.com\/fr\/produit\/banc-de-rangement-american-heritage-knoxville\/","name":"Acheter Banc de rangement American Heritage Knoxville - The World Billiards","isPartOf":{"@id":"https:\/\/theworldbilliards.com\/fr\/#website"},"primaryImageOfPage":{"@id":"https:\/\/theworldbilliards.com\/fr\/produit\/banc-de-rangement-american-heritage-knoxville\/#primaryimage"},"image":{"@id":"https:\/\/theworldbilliards.com\/fr\/produit\/banc-de-rangement-american-heritage-knoxville\/#primaryimage"},"thumbnailUrl":"https:\/\/theworldbilliards.com\/wp-content\/uploads\/2026\/02\/Bench-Knoxville-CC-1.png","datePublished":"2026-02-04T11:26:42+00:00","dateModified":"2026-02-04T11:39:10+00:00","description":"Ce banc de rangement assorti transforme facilement une table de billard en table \u00e0 manger ou table multifonctionnelle. \u00c9l\u00e9gant et pratique, ce banc est \u00e0 une hauteur ergonomique, m\u00e9tamorphosant ainsi votre table de jeu en un meuble flexible et polyvalent. Le banc de 107 cm (42 pouces) est fabriqu\u00e9 en bois massif. Il est dot\u00e9 d'un compartiment de rangement interne dissimul\u00e9 sous l'assise, id\u00e9al pour ranger les queues de billard en deux parties et les accessoires.","breadcrumb":{"@id":"https:\/\/theworldbilliards.com\/fr\/produit\/banc-de-rangement-american-heritage-knoxville\/#breadcrumb"},"inLanguage":"fr-FR","potentialAction":[{"@type":"ReadAction","target":["https:\/\/theworldbilliards.com\/fr\/produit\/banc-de-rangement-american-heritage-knoxville\/"]}]},{"@type":"ImageObject","inLanguage":"fr-FR","@id":"https:\/\/theworldbilliards.com\/fr\/produit\/banc-de-rangement-american-heritage-knoxville\/#primaryimage","url":"https:\/\/theworldbilliards.com\/wp-content\/uploads\/2026\/02\/Bench-Knoxville-CC-1.png","contentUrl":"https:\/\/theworldbilliards.com\/wp-content\/uploads\/2026\/02\/Bench-Knoxville-CC-1.png","width":970,"height":972},{"@type":"BreadcrumbList","@id":"https:\/\/theworldbilliards.com\/fr\/produit\/banc-de-rangement-american-heritage-knoxville\/#breadcrumb","itemListElement":[{"@type":"ListItem","position":1,"name":"In\u00edcio","item":"https:\/\/theworldbilliards.com\/fr\/"},{"@type":"ListItem","position":2,"name":"Boutique en ligne","item":"https:\/\/theworldbilliards.com\/fr\/boutique-theworldbilliards\/"},{"@type":"ListItem","position":3,"name":"Banc de rangement American Heritage Knoxville"}]},{"@type":"WebSite","@id":"https:\/\/theworldbilliards.com\/fr\/#website","url":"https:\/\/theworldbilliards.com\/fr\/","name":"TheWorldBilliards","description":"Achetez ici billard, baby-foot, ping-pong et bowling","publisher":{"@id":"https:\/\/theworldbilliards.com\/fr\/#organization"},"alternateName":"The world billiards","potentialAction":[{"@type":"SearchAction","target":{"@type":"EntryPoint","urlTemplate":"https:\/\/theworldbilliards.com\/fr\/?s={search_term_string}"},"query-input":{"@type":"PropertyValueSpecification","valueRequired":true,"valueName":"search_term_string"}}],"inLanguage":"fr-FR"},{"@type":"Organization","@id":"https:\/\/theworldbilliards.com\/fr\/#organization","name":"The World Billiards","alternateName":"The World Billiards","url":"https:\/\/theworldbilliards.com\/fr\/","logo":{"@type":"ImageObject","inLanguage":"fr-FR","@id":"https:\/\/theworldbilliards.com\/fr\/#\/schema\/logo\/image\/","url":"","contentUrl":"","caption":"The World Billiards"},"image":{"@id":"https:\/\/theworldbilliards.com\/fr\/#\/schema\/logo\/image\/"},"sameAs":["https:\/\/www.facebook.com\/baby.foot.superbes","https:\/\/www.youtube.com\/channel\/UCIMuOVAaUcH6UpZcsZlH0Tg","https:\/\/www.facebook.com\/people\/Brunswick-Billiards-EspaaPortugal\/100066446264309\/","https:\/\/www.instagram.com\/the_world_billiards\/","https:\/\/www.pinterest.es\/Theworldbilliards\/"]}]}},"_links":{"self":[{"href":"https:\/\/theworldbilliards.com\/fr\/wp-json\/wp\/v2\/product\/111294","targetHints":{"allow":["GET"]}}],"collection":[{"href":"https:\/\/theworldbilliards.com\/fr\/wp-json\/wp\/v2\/product"}],"about":[{"href":"https:\/\/theworldbilliards.com\/fr\/wp-json\/wp\/v2\/types\/product"}],"wp:featuredmedia":[{"embeddable":true,"href":"https:\/\/theworldbilliards.com\/fr\/wp-json\/wp\/v2\/media\/111336"}],"wp:attachment":[{"href":"https:\/\/theworldbilliards.com\/fr\/wp-json\/wp\/v2\/media?parent=111294"}],"wp:term":[{"taxonomy":"product_brand","embeddable":true,"href":"https:\/\/theworldbilliards.com\/fr\/wp-json\/wp\/v2\/product_brand?post=111294"},{"taxonomy":"product_cat","embeddable":true,"href":"https:\/\/theworldbilliards.com\/fr\/wp-json\/wp\/v2\/product_cat?post=111294"},{"taxonomy":"product_tag","embeddable":true,"href":"https:\/\/theworldbilliards.com\/fr\/wp-json\/wp\/v2\/product_tag?post=111294"}],"curies":[{"name":"wp","href":"https:\/\/api.w.org\/{rel}","templated":true}]}}