{"id":111446,"date":"2026-02-05T11:18:44","date_gmt":"2026-02-05T10:18:44","guid":{"rendered":"https:\/\/theworldbilliards.com\/?post_type=product&#038;p=111446"},"modified":"2026-02-05T11:33:06","modified_gmt":"2026-02-05T10:33:06","slug":"larmoire-de-jeu-de-fleches-american-heritage-alta","status":"publish","type":"product","link":"https:\/\/theworldbilliards.com\/fr\/produit\/larmoire-de-jeu-de-fleches-american-heritage-alta\/","title":{"rendered":"L&rsquo;armoire de jeu de fl\u00e9ches American Heritage Alta"},"content":{"rendered":"<p>Le meuble mural Alta Dartboard, fabriqu\u00e9 artisanalement, est con\u00e7u pour accueillir deux jeux de fl\u00e9chettes suppl\u00e9mentaires et est suffisamment grand pour recevoir aussi bien des cibles traditionnelles que des cibles \u00e9lectroniques (vendues s\u00e9par\u00e9ment). \u00c0 l&rsquo;int\u00e9rieur, vous trouverez deux tableaux de score et une plaque nominative en bronze \u00ab\u00a0American Heritage Billiards\u00a0\u00bb.<\/p>\n<p>Disponible en finitions Brushed Walnut, charcoal et Black Ash<\/p>\n","protected":false},"excerpt":{"rendered":"<p>Le meuble mural Alta Dartboard, fabriqu\u00e9 artisanalement, est con\u00e7u pour accueillir deux jeux de fl\u00e9chettes suppl\u00e9mentaires et est suffisamment grand [&hellip;]<\/p>\n","protected":false},"featured_media":111502,"template":"","meta":{"site-sidebar-layout":"default","site-content-layout":"","ast-site-content-layout":"default","site-content-style":"default","site-sidebar-style":"default","ast-global-header-display":"","ast-banner-title-visibility":"","ast-main-header-display":"","ast-hfb-above-header-display":"","ast-hfb-below-header-display":"","ast-hfb-mobile-header-display":"","site-post-title":"","ast-breadcrumbs-content":"","ast-featured-img":"","footer-sml-layout":"","ast-disable-related-posts":"","theme-transparent-header-meta":"default","adv-header-id-meta":"","stick-header-meta":"","header-above-stick-meta":"","header-main-stick-meta":"","header-below-stick-meta":"","astra-migrate-meta-layouts":"default","ast-page-background-enabled":"default","ast-page-background-meta":{"desktop":{"background-color":"var(--ast-global-color-4)","background-image":"","background-repeat":"repeat","background-position":"center center","background-size":"auto","background-attachment":"scroll","background-type":"","background-media":"","overlay-type":"","overlay-color":"","overlay-opacity":"","overlay-gradient":""},"tablet":{"background-color":"","background-image":"","background-repeat":"repeat","background-position":"center center","background-size":"auto","background-attachment":"scroll","background-type":"","background-media":"","overlay-type":"","overlay-color":"","overlay-opacity":"","overlay-gradient":""},"mobile":{"background-color":"","background-image":"","background-repeat":"repeat","background-position":"center center","background-size":"auto","background-attachment":"scroll","background-type":"","background-media":"","overlay-type":"","overlay-color":"","overlay-opacity":"","overlay-gradient":""}},"ast-content-background-meta":{"desktop":{"background-color":"var(--ast-global-color-5)","background-image":"","background-repeat":"repeat","background-position":"center center","background-size":"auto","background-attachment":"scroll","background-type":"","background-media":"","overlay-type":"","overlay-color":"","overlay-opacity":"","overlay-gradient":""},"tablet":{"background-color":"var(--ast-global-color-5)","background-image":"","background-repeat":"repeat","background-position":"center center","background-size":"auto","background-attachment":"scroll","background-type":"","background-media":"","overlay-type":"","overlay-color":"","overlay-opacity":"","overlay-gradient":""},"mobile":{"background-color":"var(--ast-global-color-5)","background-image":"","background-repeat":"repeat","background-position":"center center","background-size":"auto","background-attachment":"scroll","background-type":"","background-media":"","overlay-type":"","overlay-color":"","overlay-opacity":"","overlay-gradient":""}}},"product_brand":[5210],"product_cat":[1413],"product_tag":[],"class_list":{"0":"post-111446","1":"product","2":"type-product","3":"status-publish","4":"has-post-thumbnail","6":"product_brand-american-heritage-billiards-fr","7":"product_cat-jeu-de-fleches","8":"product_shipping_class-baby-foot","9":"desktop-align-center","10":"tablet-align-left","11":"mobile-align-left","13":"first","14":"onbackorder","15":"taxable","16":"shipping-taxable","17":"purchasable","18":"product-type-variable"},"yoast_head":"<!-- This site is optimized with the Yoast SEO plugin v27.4 - https:\/\/yoast.com\/product\/yoast-seo-wordpress\/ -->\n<title>Acheter L&#039;armoire de jeu de fl\u00e9ches American Heritage Alta - The World Billiards<\/title>\n<meta name=\"description\" content=\"Le meuble mural Alta Dartboard, fabriqu\u00e9 artisanalement, est con\u00e7u pour accueillir deux jeux de fl\u00e9chettes suppl\u00e9mentaires et est suffisamment grand pour recevoir aussi bien des cibles traditionnelles que des cibles \u00e9lectroniques (vendues s\u00e9par\u00e9ment). \u00c0 l&#039;int\u00e9rieur, vous trouverez deux tableaux de score et une plaque nominative en bronze \u00ab\u00a0American Heritage Billiards\u00a0\u00bb.  Disponible en finitions Brushed Walnut, charcoal et Black Ash\" \/>\n<meta name=\"robots\" content=\"index, follow, max-snippet:-1, max-image-preview:large, max-video-preview:-1\" \/>\n<link rel=\"canonical\" href=\"https:\/\/theworldbilliards.com\/fr\/produit\/larmoire-de-jeu-de-fleches-american-heritage-alta\/\" \/>\n<meta property=\"og:locale\" content=\"fr_FR\" \/>\n<meta property=\"og:type\" content=\"article\" \/>\n<meta property=\"og:title\" content=\"Acheter L&#039;armoire de jeu de fl\u00e9ches American Heritage Alta - The World Billiards\" \/>\n<meta property=\"og:description\" content=\"Le meuble mural Alta Dartboard, fabriqu\u00e9 artisanalement, est con\u00e7u pour accueillir deux jeux de fl\u00e9chettes suppl\u00e9mentaires et est suffisamment grand pour recevoir aussi bien des cibles traditionnelles que des cibles \u00e9lectroniques (vendues s\u00e9par\u00e9ment). \u00c0 l&#039;int\u00e9rieur, vous trouverez deux tableaux de score et une plaque nominative en bronze \u00ab\u00a0American Heritage Billiards\u00a0\u00bb.  Disponible en finitions Brushed Walnut, charcoal et Black Ash\" \/>\n<meta property=\"og:url\" content=\"https:\/\/theworldbilliards.com\/fr\/produit\/larmoire-de-jeu-de-fleches-american-heritage-alta\/\" \/>\n<meta property=\"og:site_name\" content=\"The World Billiards\" \/>\n<meta property=\"article:publisher\" content=\"https:\/\/www.facebook.com\/baby.foot.superbes\" \/>\n<meta property=\"article:modified_time\" content=\"2026-02-05T10:33:06+00:00\" \/>\n<meta property=\"og:image\" content=\"https:\/\/theworldbilliards.com\/wp-content\/uploads\/2026\/02\/Darboard-Alta-B.walnut.jpg\" \/>\n\t<meta property=\"og:image:width\" content=\"1204\" \/>\n\t<meta property=\"og:image:height\" content=\"1204\" \/>\n\t<meta property=\"og:image:type\" content=\"image\/jpeg\" \/>\n<meta name=\"twitter:card\" content=\"summary_large_image\" \/>\n<script type=\"application\/ld+json\" class=\"yoast-schema-graph\">{\"@context\":\"https:\\\/\\\/schema.org\",\"@graph\":[{\"@type\":\"WebPage\",\"@id\":\"https:\\\/\\\/theworldbilliards.com\\\/fr\\\/produit\\\/larmoire-de-jeu-de-fleches-american-heritage-alta\\\/\",\"url\":\"https:\\\/\\\/theworldbilliards.com\\\/fr\\\/produit\\\/larmoire-de-jeu-de-fleches-american-heritage-alta\\\/\",\"name\":\"Acheter L'armoire de jeu de fl\u00e9ches American Heritage Alta - The World Billiards\",\"isPartOf\":{\"@id\":\"https:\\\/\\\/theworldbilliards.com\\\/fr\\\/#website\"},\"primaryImageOfPage\":{\"@id\":\"https:\\\/\\\/theworldbilliards.com\\\/fr\\\/produit\\\/larmoire-de-jeu-de-fleches-american-heritage-alta\\\/#primaryimage\"},\"image\":{\"@id\":\"https:\\\/\\\/theworldbilliards.com\\\/fr\\\/produit\\\/larmoire-de-jeu-de-fleches-american-heritage-alta\\\/#primaryimage\"},\"thumbnailUrl\":\"https:\\\/\\\/theworldbilliards.com\\\/wp-content\\\/uploads\\\/2026\\\/02\\\/Darboard-Alta-B.walnut.jpg\",\"datePublished\":\"2026-02-05T10:18:44+00:00\",\"dateModified\":\"2026-02-05T10:33:06+00:00\",\"description\":\"Le meuble mural Alta Dartboard, fabriqu\u00e9 artisanalement, est con\u00e7u pour accueillir deux jeux de fl\u00e9chettes suppl\u00e9mentaires et est suffisamment grand pour recevoir aussi bien des cibles traditionnelles que des cibles \u00e9lectroniques (vendues s\u00e9par\u00e9ment). \u00c0 l'int\u00e9rieur, vous trouverez deux tableaux de score et une plaque nominative en bronze \u00ab\u00a0American Heritage Billiards\u00a0\u00bb. Disponible en finitions Brushed Walnut, charcoal et Black Ash\",\"breadcrumb\":{\"@id\":\"https:\\\/\\\/theworldbilliards.com\\\/fr\\\/produit\\\/larmoire-de-jeu-de-fleches-american-heritage-alta\\\/#breadcrumb\"},\"inLanguage\":\"fr-FR\",\"potentialAction\":[{\"@type\":\"ReadAction\",\"target\":[\"https:\\\/\\\/theworldbilliards.com\\\/fr\\\/produit\\\/larmoire-de-jeu-de-fleches-american-heritage-alta\\\/\"]}]},{\"@type\":\"ImageObject\",\"inLanguage\":\"fr-FR\",\"@id\":\"https:\\\/\\\/theworldbilliards.com\\\/fr\\\/produit\\\/larmoire-de-jeu-de-fleches-american-heritage-alta\\\/#primaryimage\",\"url\":\"https:\\\/\\\/theworldbilliards.com\\\/wp-content\\\/uploads\\\/2026\\\/02\\\/Darboard-Alta-B.walnut.jpg\",\"contentUrl\":\"https:\\\/\\\/theworldbilliards.com\\\/wp-content\\\/uploads\\\/2026\\\/02\\\/Darboard-Alta-B.walnut.jpg\",\"width\":1204,\"height\":1204},{\"@type\":\"BreadcrumbList\",\"@id\":\"https:\\\/\\\/theworldbilliards.com\\\/fr\\\/produit\\\/larmoire-de-jeu-de-fleches-american-heritage-alta\\\/#breadcrumb\",\"itemListElement\":[{\"@type\":\"ListItem\",\"position\":1,\"name\":\"In\u00edcio\",\"item\":\"https:\\\/\\\/theworldbilliards.com\\\/fr\\\/\"},{\"@type\":\"ListItem\",\"position\":2,\"name\":\"Boutique en ligne\",\"item\":\"https:\\\/\\\/theworldbilliards.com\\\/fr\\\/boutique-theworldbilliards\\\/\"},{\"@type\":\"ListItem\",\"position\":3,\"name\":\"L&#8217;armoire de jeu de fl\u00e9ches American Heritage Alta\"}]},{\"@type\":\"WebSite\",\"@id\":\"https:\\\/\\\/theworldbilliards.com\\\/fr\\\/#website\",\"url\":\"https:\\\/\\\/theworldbilliards.com\\\/fr\\\/\",\"name\":\"TheWorldBilliards\",\"description\":\"Achetez ici billard, baby-foot, ping-pong et bowling\",\"publisher\":{\"@id\":\"https:\\\/\\\/theworldbilliards.com\\\/fr\\\/#organization\"},\"alternateName\":\"The world billiards\",\"potentialAction\":[{\"@type\":\"SearchAction\",\"target\":{\"@type\":\"EntryPoint\",\"urlTemplate\":\"https:\\\/\\\/theworldbilliards.com\\\/fr\\\/?s={search_term_string}\"},\"query-input\":{\"@type\":\"PropertyValueSpecification\",\"valueRequired\":true,\"valueName\":\"search_term_string\"}}],\"inLanguage\":\"fr-FR\"},{\"@type\":\"Organization\",\"@id\":\"https:\\\/\\\/theworldbilliards.com\\\/fr\\\/#organization\",\"name\":\"The World Billiards\",\"alternateName\":\"The World Billiards\",\"url\":\"https:\\\/\\\/theworldbilliards.com\\\/fr\\\/\",\"logo\":{\"@type\":\"ImageObject\",\"inLanguage\":\"fr-FR\",\"@id\":\"https:\\\/\\\/theworldbilliards.com\\\/fr\\\/#\\\/schema\\\/logo\\\/image\\\/\",\"url\":\"\",\"contentUrl\":\"\",\"caption\":\"The World Billiards\"},\"image\":{\"@id\":\"https:\\\/\\\/theworldbilliards.com\\\/fr\\\/#\\\/schema\\\/logo\\\/image\\\/\"},\"sameAs\":[\"https:\\\/\\\/www.facebook.com\\\/baby.foot.superbes\",\"https:\\\/\\\/www.youtube.com\\\/channel\\\/UCIMuOVAaUcH6UpZcsZlH0Tg\",\"https:\\\/\\\/www.facebook.com\\\/people\\\/Brunswick-Billiards-EspaaPortugal\\\/100066446264309\\\/\",\"https:\\\/\\\/www.instagram.com\\\/the_world_billiards\\\/\",\"https:\\\/\\\/www.pinterest.es\\\/Theworldbilliards\\\/\"]}]}<\/script>\n<!-- \/ Yoast SEO plugin. -->","yoast_head_json":{"title":"Acheter L'armoire de jeu de fl\u00e9ches American Heritage Alta - The World Billiards","description":"Le meuble mural Alta Dartboard, fabriqu\u00e9 artisanalement, est con\u00e7u pour accueillir deux jeux de fl\u00e9chettes suppl\u00e9mentaires et est suffisamment grand pour recevoir aussi bien des cibles traditionnelles que des cibles \u00e9lectroniques (vendues s\u00e9par\u00e9ment). \u00c0 l'int\u00e9rieur, vous trouverez deux tableaux de score et une plaque nominative en bronze \u00ab\u00a0American Heritage Billiards\u00a0\u00bb.  Disponible en finitions Brushed Walnut, charcoal et Black Ash","robots":{"index":"index","follow":"follow","max-snippet":"max-snippet:-1","max-image-preview":"max-image-preview:large","max-video-preview":"max-video-preview:-1"},"canonical":"https:\/\/theworldbilliards.com\/fr\/produit\/larmoire-de-jeu-de-fleches-american-heritage-alta\/","og_locale":"fr_FR","og_type":"article","og_title":"Acheter L'armoire de jeu de fl\u00e9ches American Heritage Alta - The World Billiards","og_description":"Le meuble mural Alta Dartboard, fabriqu\u00e9 artisanalement, est con\u00e7u pour accueillir deux jeux de fl\u00e9chettes suppl\u00e9mentaires et est suffisamment grand pour recevoir aussi bien des cibles traditionnelles que des cibles \u00e9lectroniques (vendues s\u00e9par\u00e9ment). \u00c0 l'int\u00e9rieur, vous trouverez deux tableaux de score et une plaque nominative en bronze \u00ab\u00a0American Heritage Billiards\u00a0\u00bb.  Disponible en finitions Brushed Walnut, charcoal et Black Ash","og_url":"https:\/\/theworldbilliards.com\/fr\/produit\/larmoire-de-jeu-de-fleches-american-heritage-alta\/","og_site_name":"The World Billiards","article_publisher":"https:\/\/www.facebook.com\/baby.foot.superbes","article_modified_time":"2026-02-05T10:33:06+00:00","og_image":[{"width":1204,"height":1204,"url":"https:\/\/theworldbilliards.com\/wp-content\/uploads\/2026\/02\/Darboard-Alta-B.walnut.jpg","type":"image\/jpeg"}],"twitter_card":"summary_large_image","schema":{"@context":"https:\/\/schema.org","@graph":[{"@type":"WebPage","@id":"https:\/\/theworldbilliards.com\/fr\/produit\/larmoire-de-jeu-de-fleches-american-heritage-alta\/","url":"https:\/\/theworldbilliards.com\/fr\/produit\/larmoire-de-jeu-de-fleches-american-heritage-alta\/","name":"Acheter L'armoire de jeu de fl\u00e9ches American Heritage Alta - The World Billiards","isPartOf":{"@id":"https:\/\/theworldbilliards.com\/fr\/#website"},"primaryImageOfPage":{"@id":"https:\/\/theworldbilliards.com\/fr\/produit\/larmoire-de-jeu-de-fleches-american-heritage-alta\/#primaryimage"},"image":{"@id":"https:\/\/theworldbilliards.com\/fr\/produit\/larmoire-de-jeu-de-fleches-american-heritage-alta\/#primaryimage"},"thumbnailUrl":"https:\/\/theworldbilliards.com\/wp-content\/uploads\/2026\/02\/Darboard-Alta-B.walnut.jpg","datePublished":"2026-02-05T10:18:44+00:00","dateModified":"2026-02-05T10:33:06+00:00","description":"Le meuble mural Alta Dartboard, fabriqu\u00e9 artisanalement, est con\u00e7u pour accueillir deux jeux de fl\u00e9chettes suppl\u00e9mentaires et est suffisamment grand pour recevoir aussi bien des cibles traditionnelles que des cibles \u00e9lectroniques (vendues s\u00e9par\u00e9ment). \u00c0 l'int\u00e9rieur, vous trouverez deux tableaux de score et une plaque nominative en bronze \u00ab\u00a0American Heritage Billiards\u00a0\u00bb. Disponible en finitions Brushed Walnut, charcoal et Black Ash","breadcrumb":{"@id":"https:\/\/theworldbilliards.com\/fr\/produit\/larmoire-de-jeu-de-fleches-american-heritage-alta\/#breadcrumb"},"inLanguage":"fr-FR","potentialAction":[{"@type":"ReadAction","target":["https:\/\/theworldbilliards.com\/fr\/produit\/larmoire-de-jeu-de-fleches-american-heritage-alta\/"]}]},{"@type":"ImageObject","inLanguage":"fr-FR","@id":"https:\/\/theworldbilliards.com\/fr\/produit\/larmoire-de-jeu-de-fleches-american-heritage-alta\/#primaryimage","url":"https:\/\/theworldbilliards.com\/wp-content\/uploads\/2026\/02\/Darboard-Alta-B.walnut.jpg","contentUrl":"https:\/\/theworldbilliards.com\/wp-content\/uploads\/2026\/02\/Darboard-Alta-B.walnut.jpg","width":1204,"height":1204},{"@type":"BreadcrumbList","@id":"https:\/\/theworldbilliards.com\/fr\/produit\/larmoire-de-jeu-de-fleches-american-heritage-alta\/#breadcrumb","itemListElement":[{"@type":"ListItem","position":1,"name":"In\u00edcio","item":"https:\/\/theworldbilliards.com\/fr\/"},{"@type":"ListItem","position":2,"name":"Boutique en ligne","item":"https:\/\/theworldbilliards.com\/fr\/boutique-theworldbilliards\/"},{"@type":"ListItem","position":3,"name":"L&#8217;armoire de jeu de fl\u00e9ches American Heritage Alta"}]},{"@type":"WebSite","@id":"https:\/\/theworldbilliards.com\/fr\/#website","url":"https:\/\/theworldbilliards.com\/fr\/","name":"TheWorldBilliards","description":"Achetez ici billard, baby-foot, ping-pong et bowling","publisher":{"@id":"https:\/\/theworldbilliards.com\/fr\/#organization"},"alternateName":"The world billiards","potentialAction":[{"@type":"SearchAction","target":{"@type":"EntryPoint","urlTemplate":"https:\/\/theworldbilliards.com\/fr\/?s={search_term_string}"},"query-input":{"@type":"PropertyValueSpecification","valueRequired":true,"valueName":"search_term_string"}}],"inLanguage":"fr-FR"},{"@type":"Organization","@id":"https:\/\/theworldbilliards.com\/fr\/#organization","name":"The World Billiards","alternateName":"The World Billiards","url":"https:\/\/theworldbilliards.com\/fr\/","logo":{"@type":"ImageObject","inLanguage":"fr-FR","@id":"https:\/\/theworldbilliards.com\/fr\/#\/schema\/logo\/image\/","url":"","contentUrl":"","caption":"The World Billiards"},"image":{"@id":"https:\/\/theworldbilliards.com\/fr\/#\/schema\/logo\/image\/"},"sameAs":["https:\/\/www.facebook.com\/baby.foot.superbes","https:\/\/www.youtube.com\/channel\/UCIMuOVAaUcH6UpZcsZlH0Tg","https:\/\/www.facebook.com\/people\/Brunswick-Billiards-EspaaPortugal\/100066446264309\/","https:\/\/www.instagram.com\/the_world_billiards\/","https:\/\/www.pinterest.es\/Theworldbilliards\/"]}]}},"_links":{"self":[{"href":"https:\/\/theworldbilliards.com\/fr\/wp-json\/wp\/v2\/product\/111446","targetHints":{"allow":["GET"]}}],"collection":[{"href":"https:\/\/theworldbilliards.com\/fr\/wp-json\/wp\/v2\/product"}],"about":[{"href":"https:\/\/theworldbilliards.com\/fr\/wp-json\/wp\/v2\/types\/product"}],"wp:featuredmedia":[{"embeddable":true,"href":"https:\/\/theworldbilliards.com\/fr\/wp-json\/wp\/v2\/media\/111502"}],"wp:attachment":[{"href":"https:\/\/theworldbilliards.com\/fr\/wp-json\/wp\/v2\/media?parent=111446"}],"wp:term":[{"taxonomy":"product_brand","embeddable":true,"href":"https:\/\/theworldbilliards.com\/fr\/wp-json\/wp\/v2\/product_brand?post=111446"},{"taxonomy":"product_cat","embeddable":true,"href":"https:\/\/theworldbilliards.com\/fr\/wp-json\/wp\/v2\/product_cat?post=111446"},{"taxonomy":"product_tag","embeddable":true,"href":"https:\/\/theworldbilliards.com\/fr\/wp-json\/wp\/v2\/product_tag?post=111446"}],"curies":[{"name":"wp","href":"https:\/\/api.w.org\/{rel}","templated":true}]}}