{"id":111509,"date":"2026-02-05T13:20:56","date_gmt":"2026-02-05T12:20:56","guid":{"rendered":"https:\/\/theworldbilliards.com\/?post_type=product&#038;p=111509"},"modified":"2026-02-05T13:29:16","modified_gmt":"2026-02-05T12:29:16","slug":"larmoire-de-jeu-de-fleches-american-heritage-athos","status":"publish","type":"product","link":"https:\/\/theworldbilliards.com\/fr\/produit\/larmoire-de-jeu-de-fleches-american-heritage-athos\/","title":{"rendered":"L&rsquo;armoire de jeu de fl\u00e9ches American Heritage Athos"},"content":{"rendered":"<p>Le meuble \u00e0 fl\u00e9chettes Athos est fabriqu\u00e9 en pin massif et placage de qualit\u00e9 sup\u00e9rieure, et arbore une riche teinte Sierra. Sa moulure raffin\u00e9e ne manquera pas d&rsquo;attirer les regards. \u00c0 l&rsquo;int\u00e9rieur, vous trouverez une cible en sisal de qualit\u00e9 professionnelle, deux tableaux de score et deux jeux de trois fl\u00e9chettes lest\u00e9es \u00e0 pointes en acier. La cible est pr\u00e9-fix\u00e9e au meuble pour une installation simplifi\u00e9e.<\/p>\n","protected":false},"excerpt":{"rendered":"<p>Le meuble \u00e0 fl\u00e9chettes Athos est fabriqu\u00e9 en pin massif et placage de qualit\u00e9 sup\u00e9rieure, et arbore une riche teinte [&hellip;]<\/p>\n","protected":false},"featured_media":111522,"template":"","meta":{"site-sidebar-layout":"default","site-content-layout":"","ast-site-content-layout":"default","site-content-style":"default","site-sidebar-style":"default","ast-global-header-display":"","ast-banner-title-visibility":"","ast-main-header-display":"","ast-hfb-above-header-display":"","ast-hfb-below-header-display":"","ast-hfb-mobile-header-display":"","site-post-title":"","ast-breadcrumbs-content":"","ast-featured-img":"","footer-sml-layout":"","ast-disable-related-posts":"","theme-transparent-header-meta":"default","adv-header-id-meta":"","stick-header-meta":"","header-above-stick-meta":"","header-main-stick-meta":"","header-below-stick-meta":"","astra-migrate-meta-layouts":"default","ast-page-background-enabled":"default","ast-page-background-meta":{"desktop":{"background-color":"var(--ast-global-color-4)","background-image":"","background-repeat":"repeat","background-position":"center center","background-size":"auto","background-attachment":"scroll","background-type":"","background-media":"","overlay-type":"","overlay-color":"","overlay-opacity":"","overlay-gradient":""},"tablet":{"background-color":"","background-image":"","background-repeat":"repeat","background-position":"center center","background-size":"auto","background-attachment":"scroll","background-type":"","background-media":"","overlay-type":"","overlay-color":"","overlay-opacity":"","overlay-gradient":""},"mobile":{"background-color":"","background-image":"","background-repeat":"repeat","background-position":"center center","background-size":"auto","background-attachment":"scroll","background-type":"","background-media":"","overlay-type":"","overlay-color":"","overlay-opacity":"","overlay-gradient":""}},"ast-content-background-meta":{"desktop":{"background-color":"var(--ast-global-color-5)","background-image":"","background-repeat":"repeat","background-position":"center center","background-size":"auto","background-attachment":"scroll","background-type":"","background-media":"","overlay-type":"","overlay-color":"","overlay-opacity":"","overlay-gradient":""},"tablet":{"background-color":"var(--ast-global-color-5)","background-image":"","background-repeat":"repeat","background-position":"center center","background-size":"auto","background-attachment":"scroll","background-type":"","background-media":"","overlay-type":"","overlay-color":"","overlay-opacity":"","overlay-gradient":""},"mobile":{"background-color":"var(--ast-global-color-5)","background-image":"","background-repeat":"repeat","background-position":"center center","background-size":"auto","background-attachment":"scroll","background-type":"","background-media":"","overlay-type":"","overlay-color":"","overlay-opacity":"","overlay-gradient":""}}},"product_brand":[5210],"product_cat":[1413],"product_tag":[],"class_list":{"0":"post-111509","1":"product","2":"type-product","3":"status-publish","4":"has-post-thumbnail","6":"product_brand-american-heritage-billiards-fr","7":"product_cat-jeu-de-fleches","8":"product_shipping_class-baby-foot","9":"desktop-align-center","10":"tablet-align-left","11":"mobile-align-left","13":"first","14":"onbackorder","15":"taxable","16":"shipping-taxable","17":"purchasable","18":"product-type-simple"},"yoast_head":"<!-- This site is optimized with the Yoast SEO plugin v27.4 - https:\/\/yoast.com\/product\/yoast-seo-wordpress\/ -->\n<title>Acheter L&#039;armoire de jeu de fl\u00e9ches American Heritage Athos - The World Billiards<\/title>\n<meta name=\"description\" content=\"Le meuble \u00e0 fl\u00e9chettes Athos est fabriqu\u00e9 en pin massif et placage de qualit\u00e9 sup\u00e9rieure, et arbore une riche teinte Sierra. Sa moulure raffin\u00e9e ne manquera pas d&#039;attirer les regards. \u00c0 l&#039;int\u00e9rieur, vous trouverez une cible en sisal de qualit\u00e9 professionnelle, deux tableaux de score et deux jeux de trois fl\u00e9chettes lest\u00e9es \u00e0 pointes en acier. La cible est pr\u00e9-fix\u00e9e au meuble pour une installation simplifi\u00e9e.\" \/>\n<meta name=\"robots\" content=\"index, follow, max-snippet:-1, max-image-preview:large, max-video-preview:-1\" \/>\n<link rel=\"canonical\" href=\"https:\/\/theworldbilliards.com\/fr\/produit\/larmoire-de-jeu-de-fleches-american-heritage-athos\/\" \/>\n<meta property=\"og:locale\" content=\"fr_FR\" \/>\n<meta property=\"og:type\" content=\"article\" \/>\n<meta property=\"og:title\" content=\"Acheter L&#039;armoire de jeu de fl\u00e9ches American Heritage Athos - The World Billiards\" \/>\n<meta property=\"og:description\" content=\"Le meuble \u00e0 fl\u00e9chettes Athos est fabriqu\u00e9 en pin massif et placage de qualit\u00e9 sup\u00e9rieure, et arbore une riche teinte Sierra. Sa moulure raffin\u00e9e ne manquera pas d&#039;attirer les regards. \u00c0 l&#039;int\u00e9rieur, vous trouverez une cible en sisal de qualit\u00e9 professionnelle, deux tableaux de score et deux jeux de trois fl\u00e9chettes lest\u00e9es \u00e0 pointes en acier. La cible est pr\u00e9-fix\u00e9e au meuble pour une installation simplifi\u00e9e.\" \/>\n<meta property=\"og:url\" content=\"https:\/\/theworldbilliards.com\/fr\/produit\/larmoire-de-jeu-de-fleches-american-heritage-athos\/\" \/>\n<meta property=\"og:site_name\" content=\"The World Billiards\" \/>\n<meta property=\"article:publisher\" content=\"https:\/\/www.facebook.com\/baby.foot.superbes\" \/>\n<meta property=\"article:modified_time\" content=\"2026-02-05T12:29:16+00:00\" \/>\n<meta property=\"og:image\" content=\"https:\/\/theworldbilliards.com\/wp-content\/uploads\/2026\/02\/athos-dartboard-cabinet-2.jpg\" \/>\n\t<meta property=\"og:image:width\" content=\"925\" \/>\n\t<meta property=\"og:image:height\" content=\"925\" \/>\n\t<meta property=\"og:image:type\" content=\"image\/jpeg\" \/>\n<meta name=\"twitter:card\" content=\"summary_large_image\" \/>\n<script type=\"application\/ld+json\" class=\"yoast-schema-graph\">{\"@context\":\"https:\\\/\\\/schema.org\",\"@graph\":[{\"@type\":\"WebPage\",\"@id\":\"https:\\\/\\\/theworldbilliards.com\\\/fr\\\/produit\\\/larmoire-de-jeu-de-fleches-american-heritage-athos\\\/\",\"url\":\"https:\\\/\\\/theworldbilliards.com\\\/fr\\\/produit\\\/larmoire-de-jeu-de-fleches-american-heritage-athos\\\/\",\"name\":\"Acheter L'armoire de jeu de fl\u00e9ches American Heritage Athos - The World Billiards\",\"isPartOf\":{\"@id\":\"https:\\\/\\\/theworldbilliards.com\\\/fr\\\/#website\"},\"primaryImageOfPage\":{\"@id\":\"https:\\\/\\\/theworldbilliards.com\\\/fr\\\/produit\\\/larmoire-de-jeu-de-fleches-american-heritage-athos\\\/#primaryimage\"},\"image\":{\"@id\":\"https:\\\/\\\/theworldbilliards.com\\\/fr\\\/produit\\\/larmoire-de-jeu-de-fleches-american-heritage-athos\\\/#primaryimage\"},\"thumbnailUrl\":\"https:\\\/\\\/theworldbilliards.com\\\/wp-content\\\/uploads\\\/2026\\\/02\\\/athos-dartboard-cabinet-2.jpg\",\"datePublished\":\"2026-02-05T12:20:56+00:00\",\"dateModified\":\"2026-02-05T12:29:16+00:00\",\"description\":\"Le meuble \u00e0 fl\u00e9chettes Athos est fabriqu\u00e9 en pin massif et placage de qualit\u00e9 sup\u00e9rieure, et arbore une riche teinte Sierra. Sa moulure raffin\u00e9e ne manquera pas d'attirer les regards. \u00c0 l'int\u00e9rieur, vous trouverez une cible en sisal de qualit\u00e9 professionnelle, deux tableaux de score et deux jeux de trois fl\u00e9chettes lest\u00e9es \u00e0 pointes en acier. La cible est pr\u00e9-fix\u00e9e au meuble pour une installation simplifi\u00e9e.\",\"breadcrumb\":{\"@id\":\"https:\\\/\\\/theworldbilliards.com\\\/fr\\\/produit\\\/larmoire-de-jeu-de-fleches-american-heritage-athos\\\/#breadcrumb\"},\"inLanguage\":\"fr-FR\",\"potentialAction\":[{\"@type\":\"ReadAction\",\"target\":[\"https:\\\/\\\/theworldbilliards.com\\\/fr\\\/produit\\\/larmoire-de-jeu-de-fleches-american-heritage-athos\\\/\"]}]},{\"@type\":\"ImageObject\",\"inLanguage\":\"fr-FR\",\"@id\":\"https:\\\/\\\/theworldbilliards.com\\\/fr\\\/produit\\\/larmoire-de-jeu-de-fleches-american-heritage-athos\\\/#primaryimage\",\"url\":\"https:\\\/\\\/theworldbilliards.com\\\/wp-content\\\/uploads\\\/2026\\\/02\\\/athos-dartboard-cabinet-2.jpg\",\"contentUrl\":\"https:\\\/\\\/theworldbilliards.com\\\/wp-content\\\/uploads\\\/2026\\\/02\\\/athos-dartboard-cabinet-2.jpg\",\"width\":925,\"height\":925},{\"@type\":\"BreadcrumbList\",\"@id\":\"https:\\\/\\\/theworldbilliards.com\\\/fr\\\/produit\\\/larmoire-de-jeu-de-fleches-american-heritage-athos\\\/#breadcrumb\",\"itemListElement\":[{\"@type\":\"ListItem\",\"position\":1,\"name\":\"In\u00edcio\",\"item\":\"https:\\\/\\\/theworldbilliards.com\\\/fr\\\/\"},{\"@type\":\"ListItem\",\"position\":2,\"name\":\"Boutique en ligne\",\"item\":\"https:\\\/\\\/theworldbilliards.com\\\/fr\\\/boutique-theworldbilliards\\\/\"},{\"@type\":\"ListItem\",\"position\":3,\"name\":\"L&#8217;armoire de jeu de fl\u00e9ches American Heritage Athos\"}]},{\"@type\":\"WebSite\",\"@id\":\"https:\\\/\\\/theworldbilliards.com\\\/fr\\\/#website\",\"url\":\"https:\\\/\\\/theworldbilliards.com\\\/fr\\\/\",\"name\":\"TheWorldBilliards\",\"description\":\"Achetez ici billard, baby-foot, ping-pong et bowling\",\"publisher\":{\"@id\":\"https:\\\/\\\/theworldbilliards.com\\\/fr\\\/#organization\"},\"alternateName\":\"The world billiards\",\"potentialAction\":[{\"@type\":\"SearchAction\",\"target\":{\"@type\":\"EntryPoint\",\"urlTemplate\":\"https:\\\/\\\/theworldbilliards.com\\\/fr\\\/?s={search_term_string}\"},\"query-input\":{\"@type\":\"PropertyValueSpecification\",\"valueRequired\":true,\"valueName\":\"search_term_string\"}}],\"inLanguage\":\"fr-FR\"},{\"@type\":\"Organization\",\"@id\":\"https:\\\/\\\/theworldbilliards.com\\\/fr\\\/#organization\",\"name\":\"The World Billiards\",\"alternateName\":\"The World Billiards\",\"url\":\"https:\\\/\\\/theworldbilliards.com\\\/fr\\\/\",\"logo\":{\"@type\":\"ImageObject\",\"inLanguage\":\"fr-FR\",\"@id\":\"https:\\\/\\\/theworldbilliards.com\\\/fr\\\/#\\\/schema\\\/logo\\\/image\\\/\",\"url\":\"\",\"contentUrl\":\"\",\"caption\":\"The World Billiards\"},\"image\":{\"@id\":\"https:\\\/\\\/theworldbilliards.com\\\/fr\\\/#\\\/schema\\\/logo\\\/image\\\/\"},\"sameAs\":[\"https:\\\/\\\/www.facebook.com\\\/baby.foot.superbes\",\"https:\\\/\\\/www.youtube.com\\\/channel\\\/UCIMuOVAaUcH6UpZcsZlH0Tg\",\"https:\\\/\\\/www.facebook.com\\\/people\\\/Brunswick-Billiards-EspaaPortugal\\\/100066446264309\\\/\",\"https:\\\/\\\/www.instagram.com\\\/the_world_billiards\\\/\",\"https:\\\/\\\/www.pinterest.es\\\/Theworldbilliards\\\/\"]}]}<\/script>\n<!-- \/ Yoast SEO plugin. -->","yoast_head_json":{"title":"Acheter L'armoire de jeu de fl\u00e9ches American Heritage Athos - The World Billiards","description":"Le meuble \u00e0 fl\u00e9chettes Athos est fabriqu\u00e9 en pin massif et placage de qualit\u00e9 sup\u00e9rieure, et arbore une riche teinte Sierra. Sa moulure raffin\u00e9e ne manquera pas d'attirer les regards. \u00c0 l'int\u00e9rieur, vous trouverez une cible en sisal de qualit\u00e9 professionnelle, deux tableaux de score et deux jeux de trois fl\u00e9chettes lest\u00e9es \u00e0 pointes en acier. La cible est pr\u00e9-fix\u00e9e au meuble pour une installation simplifi\u00e9e.","robots":{"index":"index","follow":"follow","max-snippet":"max-snippet:-1","max-image-preview":"max-image-preview:large","max-video-preview":"max-video-preview:-1"},"canonical":"https:\/\/theworldbilliards.com\/fr\/produit\/larmoire-de-jeu-de-fleches-american-heritage-athos\/","og_locale":"fr_FR","og_type":"article","og_title":"Acheter L'armoire de jeu de fl\u00e9ches American Heritage Athos - The World Billiards","og_description":"Le meuble \u00e0 fl\u00e9chettes Athos est fabriqu\u00e9 en pin massif et placage de qualit\u00e9 sup\u00e9rieure, et arbore une riche teinte Sierra. Sa moulure raffin\u00e9e ne manquera pas d'attirer les regards. \u00c0 l'int\u00e9rieur, vous trouverez une cible en sisal de qualit\u00e9 professionnelle, deux tableaux de score et deux jeux de trois fl\u00e9chettes lest\u00e9es \u00e0 pointes en acier. La cible est pr\u00e9-fix\u00e9e au meuble pour une installation simplifi\u00e9e.","og_url":"https:\/\/theworldbilliards.com\/fr\/produit\/larmoire-de-jeu-de-fleches-american-heritage-athos\/","og_site_name":"The World Billiards","article_publisher":"https:\/\/www.facebook.com\/baby.foot.superbes","article_modified_time":"2026-02-05T12:29:16+00:00","og_image":[{"width":925,"height":925,"url":"https:\/\/theworldbilliards.com\/wp-content\/uploads\/2026\/02\/athos-dartboard-cabinet-2.jpg","type":"image\/jpeg"}],"twitter_card":"summary_large_image","schema":{"@context":"https:\/\/schema.org","@graph":[{"@type":"WebPage","@id":"https:\/\/theworldbilliards.com\/fr\/produit\/larmoire-de-jeu-de-fleches-american-heritage-athos\/","url":"https:\/\/theworldbilliards.com\/fr\/produit\/larmoire-de-jeu-de-fleches-american-heritage-athos\/","name":"Acheter L'armoire de jeu de fl\u00e9ches American Heritage Athos - The World Billiards","isPartOf":{"@id":"https:\/\/theworldbilliards.com\/fr\/#website"},"primaryImageOfPage":{"@id":"https:\/\/theworldbilliards.com\/fr\/produit\/larmoire-de-jeu-de-fleches-american-heritage-athos\/#primaryimage"},"image":{"@id":"https:\/\/theworldbilliards.com\/fr\/produit\/larmoire-de-jeu-de-fleches-american-heritage-athos\/#primaryimage"},"thumbnailUrl":"https:\/\/theworldbilliards.com\/wp-content\/uploads\/2026\/02\/athos-dartboard-cabinet-2.jpg","datePublished":"2026-02-05T12:20:56+00:00","dateModified":"2026-02-05T12:29:16+00:00","description":"Le meuble \u00e0 fl\u00e9chettes Athos est fabriqu\u00e9 en pin massif et placage de qualit\u00e9 sup\u00e9rieure, et arbore une riche teinte Sierra. Sa moulure raffin\u00e9e ne manquera pas d'attirer les regards. \u00c0 l'int\u00e9rieur, vous trouverez une cible en sisal de qualit\u00e9 professionnelle, deux tableaux de score et deux jeux de trois fl\u00e9chettes lest\u00e9es \u00e0 pointes en acier. La cible est pr\u00e9-fix\u00e9e au meuble pour une installation simplifi\u00e9e.","breadcrumb":{"@id":"https:\/\/theworldbilliards.com\/fr\/produit\/larmoire-de-jeu-de-fleches-american-heritage-athos\/#breadcrumb"},"inLanguage":"fr-FR","potentialAction":[{"@type":"ReadAction","target":["https:\/\/theworldbilliards.com\/fr\/produit\/larmoire-de-jeu-de-fleches-american-heritage-athos\/"]}]},{"@type":"ImageObject","inLanguage":"fr-FR","@id":"https:\/\/theworldbilliards.com\/fr\/produit\/larmoire-de-jeu-de-fleches-american-heritage-athos\/#primaryimage","url":"https:\/\/theworldbilliards.com\/wp-content\/uploads\/2026\/02\/athos-dartboard-cabinet-2.jpg","contentUrl":"https:\/\/theworldbilliards.com\/wp-content\/uploads\/2026\/02\/athos-dartboard-cabinet-2.jpg","width":925,"height":925},{"@type":"BreadcrumbList","@id":"https:\/\/theworldbilliards.com\/fr\/produit\/larmoire-de-jeu-de-fleches-american-heritage-athos\/#breadcrumb","itemListElement":[{"@type":"ListItem","position":1,"name":"In\u00edcio","item":"https:\/\/theworldbilliards.com\/fr\/"},{"@type":"ListItem","position":2,"name":"Boutique en ligne","item":"https:\/\/theworldbilliards.com\/fr\/boutique-theworldbilliards\/"},{"@type":"ListItem","position":3,"name":"L&#8217;armoire de jeu de fl\u00e9ches American Heritage Athos"}]},{"@type":"WebSite","@id":"https:\/\/theworldbilliards.com\/fr\/#website","url":"https:\/\/theworldbilliards.com\/fr\/","name":"TheWorldBilliards","description":"Achetez ici billard, baby-foot, ping-pong et bowling","publisher":{"@id":"https:\/\/theworldbilliards.com\/fr\/#organization"},"alternateName":"The world billiards","potentialAction":[{"@type":"SearchAction","target":{"@type":"EntryPoint","urlTemplate":"https:\/\/theworldbilliards.com\/fr\/?s={search_term_string}"},"query-input":{"@type":"PropertyValueSpecification","valueRequired":true,"valueName":"search_term_string"}}],"inLanguage":"fr-FR"},{"@type":"Organization","@id":"https:\/\/theworldbilliards.com\/fr\/#organization","name":"The World Billiards","alternateName":"The World Billiards","url":"https:\/\/theworldbilliards.com\/fr\/","logo":{"@type":"ImageObject","inLanguage":"fr-FR","@id":"https:\/\/theworldbilliards.com\/fr\/#\/schema\/logo\/image\/","url":"","contentUrl":"","caption":"The World Billiards"},"image":{"@id":"https:\/\/theworldbilliards.com\/fr\/#\/schema\/logo\/image\/"},"sameAs":["https:\/\/www.facebook.com\/baby.foot.superbes","https:\/\/www.youtube.com\/channel\/UCIMuOVAaUcH6UpZcsZlH0Tg","https:\/\/www.facebook.com\/people\/Brunswick-Billiards-EspaaPortugal\/100066446264309\/","https:\/\/www.instagram.com\/the_world_billiards\/","https:\/\/www.pinterest.es\/Theworldbilliards\/"]}]}},"_links":{"self":[{"href":"https:\/\/theworldbilliards.com\/fr\/wp-json\/wp\/v2\/product\/111509","targetHints":{"allow":["GET"]}}],"collection":[{"href":"https:\/\/theworldbilliards.com\/fr\/wp-json\/wp\/v2\/product"}],"about":[{"href":"https:\/\/theworldbilliards.com\/fr\/wp-json\/wp\/v2\/types\/product"}],"wp:featuredmedia":[{"embeddable":true,"href":"https:\/\/theworldbilliards.com\/fr\/wp-json\/wp\/v2\/media\/111522"}],"wp:attachment":[{"href":"https:\/\/theworldbilliards.com\/fr\/wp-json\/wp\/v2\/media?parent=111509"}],"wp:term":[{"taxonomy":"product_brand","embeddable":true,"href":"https:\/\/theworldbilliards.com\/fr\/wp-json\/wp\/v2\/product_brand?post=111509"},{"taxonomy":"product_cat","embeddable":true,"href":"https:\/\/theworldbilliards.com\/fr\/wp-json\/wp\/v2\/product_cat?post=111509"},{"taxonomy":"product_tag","embeddable":true,"href":"https:\/\/theworldbilliards.com\/fr\/wp-json\/wp\/v2\/product_tag?post=111509"}],"curies":[{"name":"wp","href":"https:\/\/api.w.org\/{rel}","templated":true}]}}