{"id":111767,"date":"2026-02-18T12:30:44","date_gmt":"2026-02-18T11:30:44","guid":{"rendered":"https:\/\/theworldbilliards.com\/?post_type=product&#038;p=111767"},"modified":"2026-02-18T12:48:14","modified_gmt":"2026-02-18T11:48:14","slug":"billard-valley-panther-zd-12-avec-monnayeur","status":"publish","type":"product","link":"https:\/\/theworldbilliards.com\/fr\/produit\/billard-valley-panther-zd-12-avec-monnayeur\/","title":{"rendered":"Billard VALLEY PANTHER ZD-12 avec monnayeur"},"content":{"rendered":"<p>La durabilit\u00e9 \u00e9prouv\u00e9e peut toujours sembler attrayante. Notre nouveau stratifi\u00e9 Dakar Ebony, des rails sup\u00e9rieurs noirs, des viseurs blancs haute visibilit\u00e9, des pi\u00e8ces moul\u00e9es d&rsquo;angle int\u00e9gr\u00e9es en douceur, des doublures de poche encastr\u00e9es et une garniture de rail \u00e0 vis cach\u00e9es pour un look intemporel mais mis \u00e0 jour. Les coussins \u00e0 double densit\u00e9 \u00e0 5 boulons, l&rsquo;armoire \u00e0 noyau solide \u00e0 sept plis de \u00be \u201davec le tissu Valley Ultra ainsi que l&rsquo;utilisation de balles Saluc parfaitement \u00e9quilibr\u00e9es sont tous con\u00e7us pour am\u00e9liorer la jouabilit\u00e9\u2026 et la rentabilit\u00e9. Le Valley ZD-12 a un Push Chute int\u00e9gr\u00e9 qui accepte la plupart des devises.<\/p>\n<p>Grandes poches id\u00e9ales pour un jeu plus rapide et un meilleur retour sur investissement<br \/>\nArdoise br\u00e9silienne monobloc solide<br \/>\nSyst\u00e8me de rail de coussin \u00e0 cinq boulons avec caoutchouc double densit\u00e9 pour un jeu constant<\/p>\n<p>Stratifi\u00e9 disponibles: Black Frost, Dakar Ebony<\/p>\n<p>Tailles disponibles<br \/>\n101&Prime; &#8211; 8 pieds<br \/>\n93&Prime; &#8211; 7 pieds<br \/>\n88&Prime; &#8211; 6,5 pieds<\/p>\n","protected":false},"excerpt":{"rendered":"<p>La durabilit\u00e9 \u00e9prouv\u00e9e peut toujours sembler attrayante. Notre nouveau stratifi\u00e9 Dakar Ebony, des rails sup\u00e9rieurs noirs, des viseurs blancs haute [&hellip;]<\/p>\n","protected":false},"featured_media":111777,"template":"","meta":{"site-sidebar-layout":"default","site-content-layout":"","ast-site-content-layout":"default","site-content-style":"default","site-sidebar-style":"default","ast-global-header-display":"","ast-banner-title-visibility":"","ast-main-header-display":"","ast-hfb-above-header-display":"","ast-hfb-below-header-display":"","ast-hfb-mobile-header-display":"","site-post-title":"","ast-breadcrumbs-content":"","ast-featured-img":"","footer-sml-layout":"","ast-disable-related-posts":"","theme-transparent-header-meta":"default","adv-header-id-meta":"","stick-header-meta":"","header-above-stick-meta":"","header-main-stick-meta":"","header-below-stick-meta":"","astra-migrate-meta-layouts":"default","ast-page-background-enabled":"default","ast-page-background-meta":{"desktop":{"background-color":"var(--ast-global-color-4)","background-image":"","background-repeat":"repeat","background-position":"center center","background-size":"auto","background-attachment":"scroll","background-type":"","background-media":"","overlay-type":"","overlay-color":"","overlay-opacity":"","overlay-gradient":""},"tablet":{"background-color":"","background-image":"","background-repeat":"repeat","background-position":"center center","background-size":"auto","background-attachment":"scroll","background-type":"","background-media":"","overlay-type":"","overlay-color":"","overlay-opacity":"","overlay-gradient":""},"mobile":{"background-color":"","background-image":"","background-repeat":"repeat","background-position":"center center","background-size":"auto","background-attachment":"scroll","background-type":"","background-media":"","overlay-type":"","overlay-color":"","overlay-opacity":"","overlay-gradient":""}},"ast-content-background-meta":{"desktop":{"background-color":"var(--ast-global-color-5)","background-image":"","background-repeat":"repeat","background-position":"center center","background-size":"auto","background-attachment":"scroll","background-type":"","background-media":"","overlay-type":"","overlay-color":"","overlay-opacity":"","overlay-gradient":""},"tablet":{"background-color":"var(--ast-global-color-5)","background-image":"","background-repeat":"repeat","background-position":"center center","background-size":"auto","background-attachment":"scroll","background-type":"","background-media":"","overlay-type":"","overlay-color":"","overlay-opacity":"","overlay-gradient":""},"mobile":{"background-color":"var(--ast-global-color-5)","background-image":"","background-repeat":"repeat","background-position":"center center","background-size":"auto","background-attachment":"scroll","background-type":"","background-media":"","overlay-type":"","overlay-color":"","overlay-opacity":"","overlay-gradient":""}}},"product_brand":[5202],"product_cat":[4526,1268],"product_tag":[],"class_list":{"0":"post-111767","1":"product","2":"type-product","3":"status-publish","4":"has-post-thumbnail","6":"product_brand-valley-dynamo-fr","7":"product_cat-produits-commerciaux","8":"product_cat-valley-dynamo-billards","9":"product_shipping_class-grand-billards","10":"desktop-align-center","11":"tablet-align-left","12":"mobile-align-left","14":"first","15":"instock","16":"taxable","17":"shipping-taxable","18":"product-type-simple"},"yoast_head":"<!-- This site is optimized with the Yoast SEO plugin v27.4 - https:\/\/yoast.com\/product\/yoast-seo-wordpress\/ -->\n<title>Acheter Billard VALLEY PANTHER ZD-12 avec monnayeur - The World Billiards<\/title>\n<meta name=\"description\" content=\"La durabilit\u00e9 \u00e9prouv\u00e9e peut toujours sembler attrayante. Notre nouveau stratifi\u00e9 Dakar Ebony, des rails sup\u00e9rieurs noirs, des viseurs blancs haute visibilit\u00e9, des pi\u00e8ces moul\u00e9es d&#039;angle int\u00e9gr\u00e9es en douceur, des doublures de poche encastr\u00e9es et une garniture de rail \u00e0 vis cach\u00e9es pour un look intemporel mais mis \u00e0 jour. Les coussins \u00e0 double densit\u00e9 \u00e0 5 boulons, l&#039;armoire \u00e0 noyau solide \u00e0 sept plis de \u00be \u201davec le tissu Valley Ultra ainsi que l&#039;utilisation de balles Saluc parfaitement \u00e9quilibr\u00e9es sont tous con\u00e7us pour am\u00e9liorer la jouabilit\u00e9\u2026 et la rentabilit\u00e9. Le Valley ZD-12 a un Push Chute int\u00e9gr\u00e9 qui accepte la plupart des devises.  Grandes poches id\u00e9ales pour un jeu plus rapide et un meilleur retour sur investissement Ardoise br\u00e9silienne monobloc solide Syst\u00e8me de rail de coussin \u00e0 cinq boulons avec caoutchouc double densit\u00e9 pour un jeu constant  Stratifi\u00e9 disponibles: Black Frost, Dakar Ebony  Tailles disponibles 101&quot; - 8 pieds 93&quot; - 7 pieds 88&quot; - 6,5 pieds\" \/>\n<meta name=\"robots\" content=\"index, follow, max-snippet:-1, max-image-preview:large, max-video-preview:-1\" \/>\n<link rel=\"canonical\" href=\"https:\/\/theworldbilliards.com\/fr\/produit\/billard-valley-panther-zd-12-avec-monnayeur\/\" \/>\n<meta property=\"og:locale\" content=\"fr_FR\" \/>\n<meta property=\"og:type\" content=\"article\" \/>\n<meta property=\"og:title\" content=\"Acheter Billard VALLEY PANTHER ZD-12 avec monnayeur - The World Billiards\" \/>\n<meta property=\"og:description\" content=\"La durabilit\u00e9 \u00e9prouv\u00e9e peut toujours sembler attrayante. Notre nouveau stratifi\u00e9 Dakar Ebony, des rails sup\u00e9rieurs noirs, des viseurs blancs haute visibilit\u00e9, des pi\u00e8ces moul\u00e9es d&#039;angle int\u00e9gr\u00e9es en douceur, des doublures de poche encastr\u00e9es et une garniture de rail \u00e0 vis cach\u00e9es pour un look intemporel mais mis \u00e0 jour. Les coussins \u00e0 double densit\u00e9 \u00e0 5 boulons, l&#039;armoire \u00e0 noyau solide \u00e0 sept plis de \u00be \u201davec le tissu Valley Ultra ainsi que l&#039;utilisation de balles Saluc parfaitement \u00e9quilibr\u00e9es sont tous con\u00e7us pour am\u00e9liorer la jouabilit\u00e9\u2026 et la rentabilit\u00e9. Le Valley ZD-12 a un Push Chute int\u00e9gr\u00e9 qui accepte la plupart des devises.  Grandes poches id\u00e9ales pour un jeu plus rapide et un meilleur retour sur investissement Ardoise br\u00e9silienne monobloc solide Syst\u00e8me de rail de coussin \u00e0 cinq boulons avec caoutchouc double densit\u00e9 pour un jeu constant  Stratifi\u00e9 disponibles: Black Frost, Dakar Ebony  Tailles disponibles 101&quot; - 8 pieds 93&quot; - 7 pieds 88&quot; - 6,5 pieds\" \/>\n<meta property=\"og:url\" content=\"https:\/\/theworldbilliards.com\/fr\/produit\/billard-valley-panther-zd-12-avec-monnayeur\/\" \/>\n<meta property=\"og:site_name\" content=\"The World Billiards\" \/>\n<meta property=\"article:publisher\" content=\"https:\/\/www.facebook.com\/baby.foot.superbes\" \/>\n<meta property=\"article:modified_time\" content=\"2026-02-18T11:48:14+00:00\" \/>\n<meta property=\"og:image\" content=\"https:\/\/theworldbilliards.com\/wp-content\/uploads\/2026\/02\/ZD-12-dakar-ebony.jpg\" \/>\n\t<meta property=\"og:image:width\" content=\"1000\" \/>\n\t<meta property=\"og:image:height\" content=\"1000\" \/>\n\t<meta property=\"og:image:type\" content=\"image\/jpeg\" \/>\n<meta name=\"twitter:card\" content=\"summary_large_image\" \/>\n<meta name=\"twitter:label1\" content=\"Dur\u00e9e de lecture estim\u00e9e\" \/>\n\t<meta name=\"twitter:data1\" content=\"1 minute\" \/>\n<script type=\"application\/ld+json\" class=\"yoast-schema-graph\">{\"@context\":\"https:\\\/\\\/schema.org\",\"@graph\":[{\"@type\":\"WebPage\",\"@id\":\"https:\\\/\\\/theworldbilliards.com\\\/fr\\\/produit\\\/billard-valley-panther-zd-12-avec-monnayeur\\\/\",\"url\":\"https:\\\/\\\/theworldbilliards.com\\\/fr\\\/produit\\\/billard-valley-panther-zd-12-avec-monnayeur\\\/\",\"name\":\"Acheter Billard VALLEY PANTHER ZD-12 avec monnayeur - The World Billiards\",\"isPartOf\":{\"@id\":\"https:\\\/\\\/theworldbilliards.com\\\/fr\\\/#website\"},\"primaryImageOfPage\":{\"@id\":\"https:\\\/\\\/theworldbilliards.com\\\/fr\\\/produit\\\/billard-valley-panther-zd-12-avec-monnayeur\\\/#primaryimage\"},\"image\":{\"@id\":\"https:\\\/\\\/theworldbilliards.com\\\/fr\\\/produit\\\/billard-valley-panther-zd-12-avec-monnayeur\\\/#primaryimage\"},\"thumbnailUrl\":\"https:\\\/\\\/theworldbilliards.com\\\/wp-content\\\/uploads\\\/2026\\\/02\\\/ZD-12-dakar-ebony.jpg\",\"datePublished\":\"2026-02-18T11:30:44+00:00\",\"dateModified\":\"2026-02-18T11:48:14+00:00\",\"description\":\"La durabilit\u00e9 \u00e9prouv\u00e9e peut toujours sembler attrayante. Notre nouveau stratifi\u00e9 Dakar Ebony, des rails sup\u00e9rieurs noirs, des viseurs blancs haute visibilit\u00e9, des pi\u00e8ces moul\u00e9es d'angle int\u00e9gr\u00e9es en douceur, des doublures de poche encastr\u00e9es et une garniture de rail \u00e0 vis cach\u00e9es pour un look intemporel mais mis \u00e0 jour. Les coussins \u00e0 double densit\u00e9 \u00e0 5 boulons, l'armoire \u00e0 noyau solide \u00e0 sept plis de \u00be \u201davec le tissu Valley Ultra ainsi que l'utilisation de balles Saluc parfaitement \u00e9quilibr\u00e9es sont tous con\u00e7us pour am\u00e9liorer la jouabilit\u00e9\u2026 et la rentabilit\u00e9. Le Valley ZD-12 a un Push Chute int\u00e9gr\u00e9 qui accepte la plupart des devises. Grandes poches id\u00e9ales pour un jeu plus rapide et un meilleur retour sur investissement Ardoise br\u00e9silienne monobloc solide Syst\u00e8me de rail de coussin \u00e0 cinq boulons avec caoutchouc double densit\u00e9 pour un jeu constant Stratifi\u00e9 disponibles: Black Frost, Dakar Ebony Tailles disponibles 101\\\" - 8 pieds 93\\\" - 7 pieds 88\\\" - 6,5 pieds\",\"breadcrumb\":{\"@id\":\"https:\\\/\\\/theworldbilliards.com\\\/fr\\\/produit\\\/billard-valley-panther-zd-12-avec-monnayeur\\\/#breadcrumb\"},\"inLanguage\":\"fr-FR\",\"potentialAction\":[{\"@type\":\"ReadAction\",\"target\":[\"https:\\\/\\\/theworldbilliards.com\\\/fr\\\/produit\\\/billard-valley-panther-zd-12-avec-monnayeur\\\/\"]}]},{\"@type\":\"ImageObject\",\"inLanguage\":\"fr-FR\",\"@id\":\"https:\\\/\\\/theworldbilliards.com\\\/fr\\\/produit\\\/billard-valley-panther-zd-12-avec-monnayeur\\\/#primaryimage\",\"url\":\"https:\\\/\\\/theworldbilliards.com\\\/wp-content\\\/uploads\\\/2026\\\/02\\\/ZD-12-dakar-ebony.jpg\",\"contentUrl\":\"https:\\\/\\\/theworldbilliards.com\\\/wp-content\\\/uploads\\\/2026\\\/02\\\/ZD-12-dakar-ebony.jpg\",\"width\":1000,\"height\":1000},{\"@type\":\"BreadcrumbList\",\"@id\":\"https:\\\/\\\/theworldbilliards.com\\\/fr\\\/produit\\\/billard-valley-panther-zd-12-avec-monnayeur\\\/#breadcrumb\",\"itemListElement\":[{\"@type\":\"ListItem\",\"position\":1,\"name\":\"In\u00edcio\",\"item\":\"https:\\\/\\\/theworldbilliards.com\\\/fr\\\/\"},{\"@type\":\"ListItem\",\"position\":2,\"name\":\"Boutique en ligne\",\"item\":\"https:\\\/\\\/theworldbilliards.com\\\/fr\\\/boutique-theworldbilliards\\\/\"},{\"@type\":\"ListItem\",\"position\":3,\"name\":\"Billard VALLEY PANTHER ZD-12 avec monnayeur\"}]},{\"@type\":\"WebSite\",\"@id\":\"https:\\\/\\\/theworldbilliards.com\\\/fr\\\/#website\",\"url\":\"https:\\\/\\\/theworldbilliards.com\\\/fr\\\/\",\"name\":\"TheWorldBilliards\",\"description\":\"Achetez ici billard, baby-foot, ping-pong et bowling\",\"publisher\":{\"@id\":\"https:\\\/\\\/theworldbilliards.com\\\/fr\\\/#organization\"},\"alternateName\":\"The world billiards\",\"potentialAction\":[{\"@type\":\"SearchAction\",\"target\":{\"@type\":\"EntryPoint\",\"urlTemplate\":\"https:\\\/\\\/theworldbilliards.com\\\/fr\\\/?s={search_term_string}\"},\"query-input\":{\"@type\":\"PropertyValueSpecification\",\"valueRequired\":true,\"valueName\":\"search_term_string\"}}],\"inLanguage\":\"fr-FR\"},{\"@type\":\"Organization\",\"@id\":\"https:\\\/\\\/theworldbilliards.com\\\/fr\\\/#organization\",\"name\":\"The World Billiards\",\"alternateName\":\"The World Billiards\",\"url\":\"https:\\\/\\\/theworldbilliards.com\\\/fr\\\/\",\"logo\":{\"@type\":\"ImageObject\",\"inLanguage\":\"fr-FR\",\"@id\":\"https:\\\/\\\/theworldbilliards.com\\\/fr\\\/#\\\/schema\\\/logo\\\/image\\\/\",\"url\":\"\",\"contentUrl\":\"\",\"caption\":\"The World Billiards\"},\"image\":{\"@id\":\"https:\\\/\\\/theworldbilliards.com\\\/fr\\\/#\\\/schema\\\/logo\\\/image\\\/\"},\"sameAs\":[\"https:\\\/\\\/www.facebook.com\\\/baby.foot.superbes\",\"https:\\\/\\\/www.youtube.com\\\/channel\\\/UCIMuOVAaUcH6UpZcsZlH0Tg\",\"https:\\\/\\\/www.facebook.com\\\/people\\\/Brunswick-Billiards-EspaaPortugal\\\/100066446264309\\\/\",\"https:\\\/\\\/www.instagram.com\\\/the_world_billiards\\\/\",\"https:\\\/\\\/www.pinterest.es\\\/Theworldbilliards\\\/\"]}]}<\/script>\n<!-- \/ Yoast SEO plugin. -->","yoast_head_json":{"title":"Acheter Billard VALLEY PANTHER ZD-12 avec monnayeur - The World Billiards","description":"La durabilit\u00e9 \u00e9prouv\u00e9e peut toujours sembler attrayante. Notre nouveau stratifi\u00e9 Dakar Ebony, des rails sup\u00e9rieurs noirs, des viseurs blancs haute visibilit\u00e9, des pi\u00e8ces moul\u00e9es d'angle int\u00e9gr\u00e9es en douceur, des doublures de poche encastr\u00e9es et une garniture de rail \u00e0 vis cach\u00e9es pour un look intemporel mais mis \u00e0 jour. Les coussins \u00e0 double densit\u00e9 \u00e0 5 boulons, l'armoire \u00e0 noyau solide \u00e0 sept plis de \u00be \u201davec le tissu Valley Ultra ainsi que l'utilisation de balles Saluc parfaitement \u00e9quilibr\u00e9es sont tous con\u00e7us pour am\u00e9liorer la jouabilit\u00e9\u2026 et la rentabilit\u00e9. Le Valley ZD-12 a un Push Chute int\u00e9gr\u00e9 qui accepte la plupart des devises.  Grandes poches id\u00e9ales pour un jeu plus rapide et un meilleur retour sur investissement Ardoise br\u00e9silienne monobloc solide Syst\u00e8me de rail de coussin \u00e0 cinq boulons avec caoutchouc double densit\u00e9 pour un jeu constant  Stratifi\u00e9 disponibles: Black Frost, Dakar Ebony  Tailles disponibles 101\" - 8 pieds 93\" - 7 pieds 88\" - 6,5 pieds","robots":{"index":"index","follow":"follow","max-snippet":"max-snippet:-1","max-image-preview":"max-image-preview:large","max-video-preview":"max-video-preview:-1"},"canonical":"https:\/\/theworldbilliards.com\/fr\/produit\/billard-valley-panther-zd-12-avec-monnayeur\/","og_locale":"fr_FR","og_type":"article","og_title":"Acheter Billard VALLEY PANTHER ZD-12 avec monnayeur - The World Billiards","og_description":"La durabilit\u00e9 \u00e9prouv\u00e9e peut toujours sembler attrayante. Notre nouveau stratifi\u00e9 Dakar Ebony, des rails sup\u00e9rieurs noirs, des viseurs blancs haute visibilit\u00e9, des pi\u00e8ces moul\u00e9es d'angle int\u00e9gr\u00e9es en douceur, des doublures de poche encastr\u00e9es et une garniture de rail \u00e0 vis cach\u00e9es pour un look intemporel mais mis \u00e0 jour. Les coussins \u00e0 double densit\u00e9 \u00e0 5 boulons, l'armoire \u00e0 noyau solide \u00e0 sept plis de \u00be \u201davec le tissu Valley Ultra ainsi que l'utilisation de balles Saluc parfaitement \u00e9quilibr\u00e9es sont tous con\u00e7us pour am\u00e9liorer la jouabilit\u00e9\u2026 et la rentabilit\u00e9. Le Valley ZD-12 a un Push Chute int\u00e9gr\u00e9 qui accepte la plupart des devises.  Grandes poches id\u00e9ales pour un jeu plus rapide et un meilleur retour sur investissement Ardoise br\u00e9silienne monobloc solide Syst\u00e8me de rail de coussin \u00e0 cinq boulons avec caoutchouc double densit\u00e9 pour un jeu constant  Stratifi\u00e9 disponibles: Black Frost, Dakar Ebony  Tailles disponibles 101\" - 8 pieds 93\" - 7 pieds 88\" - 6,5 pieds","og_url":"https:\/\/theworldbilliards.com\/fr\/produit\/billard-valley-panther-zd-12-avec-monnayeur\/","og_site_name":"The World Billiards","article_publisher":"https:\/\/www.facebook.com\/baby.foot.superbes","article_modified_time":"2026-02-18T11:48:14+00:00","og_image":[{"width":1000,"height":1000,"url":"https:\/\/theworldbilliards.com\/wp-content\/uploads\/2026\/02\/ZD-12-dakar-ebony.jpg","type":"image\/jpeg"}],"twitter_card":"summary_large_image","twitter_misc":{"Dur\u00e9e de lecture estim\u00e9e":"1 minute"},"schema":{"@context":"https:\/\/schema.org","@graph":[{"@type":"WebPage","@id":"https:\/\/theworldbilliards.com\/fr\/produit\/billard-valley-panther-zd-12-avec-monnayeur\/","url":"https:\/\/theworldbilliards.com\/fr\/produit\/billard-valley-panther-zd-12-avec-monnayeur\/","name":"Acheter Billard VALLEY PANTHER ZD-12 avec monnayeur - The World Billiards","isPartOf":{"@id":"https:\/\/theworldbilliards.com\/fr\/#website"},"primaryImageOfPage":{"@id":"https:\/\/theworldbilliards.com\/fr\/produit\/billard-valley-panther-zd-12-avec-monnayeur\/#primaryimage"},"image":{"@id":"https:\/\/theworldbilliards.com\/fr\/produit\/billard-valley-panther-zd-12-avec-monnayeur\/#primaryimage"},"thumbnailUrl":"https:\/\/theworldbilliards.com\/wp-content\/uploads\/2026\/02\/ZD-12-dakar-ebony.jpg","datePublished":"2026-02-18T11:30:44+00:00","dateModified":"2026-02-18T11:48:14+00:00","description":"La durabilit\u00e9 \u00e9prouv\u00e9e peut toujours sembler attrayante. Notre nouveau stratifi\u00e9 Dakar Ebony, des rails sup\u00e9rieurs noirs, des viseurs blancs haute visibilit\u00e9, des pi\u00e8ces moul\u00e9es d'angle int\u00e9gr\u00e9es en douceur, des doublures de poche encastr\u00e9es et une garniture de rail \u00e0 vis cach\u00e9es pour un look intemporel mais mis \u00e0 jour. Les coussins \u00e0 double densit\u00e9 \u00e0 5 boulons, l'armoire \u00e0 noyau solide \u00e0 sept plis de \u00be \u201davec le tissu Valley Ultra ainsi que l'utilisation de balles Saluc parfaitement \u00e9quilibr\u00e9es sont tous con\u00e7us pour am\u00e9liorer la jouabilit\u00e9\u2026 et la rentabilit\u00e9. Le Valley ZD-12 a un Push Chute int\u00e9gr\u00e9 qui accepte la plupart des devises. Grandes poches id\u00e9ales pour un jeu plus rapide et un meilleur retour sur investissement Ardoise br\u00e9silienne monobloc solide Syst\u00e8me de rail de coussin \u00e0 cinq boulons avec caoutchouc double densit\u00e9 pour un jeu constant Stratifi\u00e9 disponibles: Black Frost, Dakar Ebony Tailles disponibles 101\" - 8 pieds 93\" - 7 pieds 88\" - 6,5 pieds","breadcrumb":{"@id":"https:\/\/theworldbilliards.com\/fr\/produit\/billard-valley-panther-zd-12-avec-monnayeur\/#breadcrumb"},"inLanguage":"fr-FR","potentialAction":[{"@type":"ReadAction","target":["https:\/\/theworldbilliards.com\/fr\/produit\/billard-valley-panther-zd-12-avec-monnayeur\/"]}]},{"@type":"ImageObject","inLanguage":"fr-FR","@id":"https:\/\/theworldbilliards.com\/fr\/produit\/billard-valley-panther-zd-12-avec-monnayeur\/#primaryimage","url":"https:\/\/theworldbilliards.com\/wp-content\/uploads\/2026\/02\/ZD-12-dakar-ebony.jpg","contentUrl":"https:\/\/theworldbilliards.com\/wp-content\/uploads\/2026\/02\/ZD-12-dakar-ebony.jpg","width":1000,"height":1000},{"@type":"BreadcrumbList","@id":"https:\/\/theworldbilliards.com\/fr\/produit\/billard-valley-panther-zd-12-avec-monnayeur\/#breadcrumb","itemListElement":[{"@type":"ListItem","position":1,"name":"In\u00edcio","item":"https:\/\/theworldbilliards.com\/fr\/"},{"@type":"ListItem","position":2,"name":"Boutique en ligne","item":"https:\/\/theworldbilliards.com\/fr\/boutique-theworldbilliards\/"},{"@type":"ListItem","position":3,"name":"Billard VALLEY PANTHER ZD-12 avec monnayeur"}]},{"@type":"WebSite","@id":"https:\/\/theworldbilliards.com\/fr\/#website","url":"https:\/\/theworldbilliards.com\/fr\/","name":"TheWorldBilliards","description":"Achetez ici billard, baby-foot, ping-pong et bowling","publisher":{"@id":"https:\/\/theworldbilliards.com\/fr\/#organization"},"alternateName":"The world billiards","potentialAction":[{"@type":"SearchAction","target":{"@type":"EntryPoint","urlTemplate":"https:\/\/theworldbilliards.com\/fr\/?s={search_term_string}"},"query-input":{"@type":"PropertyValueSpecification","valueRequired":true,"valueName":"search_term_string"}}],"inLanguage":"fr-FR"},{"@type":"Organization","@id":"https:\/\/theworldbilliards.com\/fr\/#organization","name":"The World Billiards","alternateName":"The World Billiards","url":"https:\/\/theworldbilliards.com\/fr\/","logo":{"@type":"ImageObject","inLanguage":"fr-FR","@id":"https:\/\/theworldbilliards.com\/fr\/#\/schema\/logo\/image\/","url":"","contentUrl":"","caption":"The World Billiards"},"image":{"@id":"https:\/\/theworldbilliards.com\/fr\/#\/schema\/logo\/image\/"},"sameAs":["https:\/\/www.facebook.com\/baby.foot.superbes","https:\/\/www.youtube.com\/channel\/UCIMuOVAaUcH6UpZcsZlH0Tg","https:\/\/www.facebook.com\/people\/Brunswick-Billiards-EspaaPortugal\/100066446264309\/","https:\/\/www.instagram.com\/the_world_billiards\/","https:\/\/www.pinterest.es\/Theworldbilliards\/"]}]}},"_links":{"self":[{"href":"https:\/\/theworldbilliards.com\/fr\/wp-json\/wp\/v2\/product\/111767","targetHints":{"allow":["GET"]}}],"collection":[{"href":"https:\/\/theworldbilliards.com\/fr\/wp-json\/wp\/v2\/product"}],"about":[{"href":"https:\/\/theworldbilliards.com\/fr\/wp-json\/wp\/v2\/types\/product"}],"wp:featuredmedia":[{"embeddable":true,"href":"https:\/\/theworldbilliards.com\/fr\/wp-json\/wp\/v2\/media\/111777"}],"wp:attachment":[{"href":"https:\/\/theworldbilliards.com\/fr\/wp-json\/wp\/v2\/media?parent=111767"}],"wp:term":[{"taxonomy":"product_brand","embeddable":true,"href":"https:\/\/theworldbilliards.com\/fr\/wp-json\/wp\/v2\/product_brand?post=111767"},{"taxonomy":"product_cat","embeddable":true,"href":"https:\/\/theworldbilliards.com\/fr\/wp-json\/wp\/v2\/product_cat?post=111767"},{"taxonomy":"product_tag","embeddable":true,"href":"https:\/\/theworldbilliards.com\/fr\/wp-json\/wp\/v2\/product_tag?post=111767"}],"curies":[{"name":"wp","href":"https:\/\/api.w.org\/{rel}","templated":true}]}}