{"id":112740,"date":"2026-02-23T12:29:56","date_gmt":"2026-02-23T11:29:56","guid":{"rendered":"https:\/\/theworldbilliards.com\/?post_type=product&#038;p=112740"},"modified":"2026-03-25T11:33:15","modified_gmt":"2026-03-25T10:33:15","slug":"billard-kompass-pro-9ft","status":"publish","type":"product","link":"https:\/\/theworldbilliards.com\/fr\/produit\/billard-kompass-pro-9ft\/","title":{"rendered":"Billard Kompass Pro 9ft"},"content":{"rendered":"<p>Fabriqu\u00e9 avec les meilleurs mat\u00e9riaux soigneusement choisis<\/p>\n<p>Personnalisez le billard \u00e0 votre guise en choisissant la finition, la couleur du tapis, la taille et le mode de jeu<\/p>\n<p>Ardoise certifi\u00e9e<\/p>\n<p>Poches en cuir noir (sauf pour le billard fran\u00e7ais)<\/p>\n<p><strong>Options non incluses :<\/strong><\/p>\n<ul>\n<li>Bois massif<\/li>\n<li>Possibilit\u00e9 de finition selon l&rsquo;\u00e9chantillon envoy\u00e9 par le client<\/li>\n<li>Tapis anti-taches Pro Cup Teflon , comp\u00e9tition Pro Cup Tournament, Gorina, Simonis, Championship et Brunswick Centennial<\/li>\n<li>Plateau de table<\/li>\n<li>Plateau de ping-pong<\/li>\n<li>Chariot pour ranger les plateaus<\/li>\n<li>Kit transformable du billard am\u00e9ricain au billard carambole fran\u00e7ais ou du billard am\u00e9ricain au snooker anglais.<\/li>\n<li>Transport et montage effectu\u00e9s par nos \u00e9quipes techniques certifi\u00e9es<\/li>\n<\/ul>\n","protected":false},"excerpt":{"rendered":"<p><strong>Accessoires inclus<\/strong><br \/>\n\u2022 1 Jeu de Boules<br \/>\n\u2022 Triangle (en pool)<br \/>\n\u2022 4 Queues une-piece<br \/>\n\u2022 6 Cubes de Craie<br \/>\n\u2022 Brosse<\/p>\n<p><a href=\"https:\/\/theworldbilliards.com\/fr\/categorie-produit\/billard\/acessorios-de-billard\/kit-daccessoires\/\" target=\"_blank\" rel=\"noopener\"><strong>Autres options de kit d\u2019accessoires<\/strong><\/a><strong><a href=\"https:\/\/theworldbilliards.com\/fr\/categorie-produit\/billard\/acessorios-de-billard\/kit-daccessoires\/\" target=\"_blank\" rel=\"noopener\"><img loading=\"lazy\" decoding=\"async\" class=\"alignnone wp-image-103074\" src=\"https:\/\/theworldbilliards.com\/wp-content\/uploads\/2024\/04\/Brunswick-kit-centennial-300x189.jpg\" alt=\"\" width=\"200\" height=\"126\" srcset=\"https:\/\/theworldbilliards.com\/wp-content\/uploads\/2024\/04\/Brunswick-kit-centennial-300x189.jpg 300w, https:\/\/theworldbilliards.com\/wp-content\/uploads\/2024\/04\/Brunswick-kit-centennial-600x379.jpg 600w, https:\/\/theworldbilliards.com\/wp-content\/uploads\/2024\/04\/Brunswick-kit-centennial.jpg 708w\" sizes=\"auto, (max-width: 200px) 100vw, 200px\" \/><\/a><\/strong><\/p>\n","protected":false},"featured_media":90711,"template":"","meta":{"site-sidebar-layout":"default","site-content-layout":"","ast-site-content-layout":"default","site-content-style":"default","site-sidebar-style":"default","ast-global-header-display":"","ast-banner-title-visibility":"","ast-main-header-display":"","ast-hfb-above-header-display":"","ast-hfb-below-header-display":"","ast-hfb-mobile-header-display":"","site-post-title":"","ast-breadcrumbs-content":"","ast-featured-img":"","footer-sml-layout":"","ast-disable-related-posts":"","theme-transparent-header-meta":"default","adv-header-id-meta":"","stick-header-meta":"","header-above-stick-meta":"","header-main-stick-meta":"","header-below-stick-meta":"","astra-migrate-meta-layouts":"default","ast-page-background-enabled":"default","ast-page-background-meta":{"desktop":{"background-color":"var(--ast-global-color-4)","background-image":"","background-repeat":"repeat","background-position":"center center","background-size":"auto","background-attachment":"scroll","background-type":"","background-media":"","overlay-type":"","overlay-color":"","overlay-opacity":"","overlay-gradient":""},"tablet":{"background-color":"","background-image":"","background-repeat":"repeat","background-position":"center center","background-size":"auto","background-attachment":"scroll","background-type":"","background-media":"","overlay-type":"","overlay-color":"","overlay-opacity":"","overlay-gradient":""},"mobile":{"background-color":"","background-image":"","background-repeat":"repeat","background-position":"center center","background-size":"auto","background-attachment":"scroll","background-type":"","background-media":"","overlay-type":"","overlay-color":"","overlay-opacity":"","overlay-gradient":""}},"ast-content-background-meta":{"desktop":{"background-color":"var(--ast-global-color-5)","background-image":"","background-repeat":"repeat","background-position":"center center","background-size":"auto","background-attachment":"scroll","background-type":"","background-media":"","overlay-type":"","overlay-color":"","overlay-opacity":"","overlay-gradient":""},"tablet":{"background-color":"var(--ast-global-color-5)","background-image":"","background-repeat":"repeat","background-position":"center center","background-size":"auto","background-attachment":"scroll","background-type":"","background-media":"","overlay-type":"","overlay-color":"","overlay-opacity":"","overlay-gradient":""},"mobile":{"background-color":"var(--ast-global-color-5)","background-image":"","background-repeat":"repeat","background-position":"center center","background-size":"auto","background-attachment":"scroll","background-type":"","background-media":"","overlay-type":"","overlay-color":"","overlay-opacity":"","overlay-gradient":""}}},"product_brand":[5218],"product_cat":[5355],"product_tag":[],"class_list":{"0":"post-112740","1":"product","2":"type-product","3":"status-publish","4":"has-post-thumbnail","6":"product_brand-the-world-billiards","7":"product_cat-billards-twb-9ft","8":"product_shipping_class-billards-9ft","9":"desktop-align-center","10":"tablet-align-left","11":"mobile-align-left","13":"first","14":"instock","15":"taxable","16":"shipping-taxable","17":"purchasable","18":"product-type-variable"},"yoast_head":"<!-- This site is optimized with the Yoast SEO plugin v27.4 - https:\/\/yoast.com\/product\/yoast-seo-wordpress\/ -->\n<title>Acheter Billard Kompass Pro 9ft - The World Billiards<\/title>\n<meta name=\"description\" content=\"Fabriqu\u00e9 avec les meilleurs mat\u00e9riaux soigneusement choisis  Personnalisez le billard \u00e0 votre guise en choisissant la finition, la couleur du tapis, la taille et le mode de jeu  Ardoise certifi\u00e9e  Poches en cuir noir (sauf pour le billard fran\u00e7ais)  Options non incluses :   Bois massif  Possibilit\u00e9 de finition selon l&#039;\u00e9chantillon envoy\u00e9 par le client  Tapis anti-taches Pro Cup Teflon , comp\u00e9tition Pro Cup Tournament, Gorina, Simonis, Championship et Brunswick Centennial  Plateau de table  Plateau de ping-pong  Chariot pour ranger les plateaus  Kit transformable du billard am\u00e9ricain au billard carambole fran\u00e7ais ou du billard am\u00e9ricain au snooker anglais.  Transport et montage effectu\u00e9s par nos \u00e9quipes techniques certifi\u00e9es\" \/>\n<meta name=\"robots\" content=\"index, follow, max-snippet:-1, max-image-preview:large, max-video-preview:-1\" \/>\n<link rel=\"canonical\" href=\"https:\/\/theworldbilliards.com\/fr\/produit\/billard-kompass-pro-9ft\/\" \/>\n<meta property=\"og:locale\" content=\"fr_FR\" \/>\n<meta property=\"og:type\" content=\"article\" \/>\n<meta property=\"og:title\" content=\"Acheter Billard Kompass Pro 9ft - The World Billiards\" \/>\n<meta property=\"og:description\" content=\"Fabriqu\u00e9 avec les meilleurs mat\u00e9riaux soigneusement choisis  Personnalisez le billard \u00e0 votre guise en choisissant la finition, la couleur du tapis, la taille et le mode de jeu  Ardoise certifi\u00e9e  Poches en cuir noir (sauf pour le billard fran\u00e7ais)  Options non incluses :   Bois massif  Possibilit\u00e9 de finition selon l&#039;\u00e9chantillon envoy\u00e9 par le client  Tapis anti-taches Pro Cup Teflon , comp\u00e9tition Pro Cup Tournament, Gorina, Simonis, Championship et Brunswick Centennial  Plateau de table  Plateau de ping-pong  Chariot pour ranger les plateaus  Kit transformable du billard am\u00e9ricain au billard carambole fran\u00e7ais ou du billard am\u00e9ricain au snooker anglais.  Transport et montage effectu\u00e9s par nos \u00e9quipes techniques certifi\u00e9es\" \/>\n<meta property=\"og:url\" content=\"https:\/\/theworldbilliards.com\/fr\/produit\/billard-kompass-pro-9ft\/\" \/>\n<meta property=\"og:site_name\" content=\"The World Billiards\" \/>\n<meta property=\"article:publisher\" content=\"https:\/\/www.facebook.com\/baby.foot.superbes\" \/>\n<meta property=\"article:modified_time\" content=\"2026-03-25T10:33:15+00:00\" \/>\n<meta property=\"og:image\" content=\"https:\/\/theworldbilliards.com\/wp-content\/uploads\/2017\/01\/kompass.png\" \/>\n\t<meta property=\"og:image:width\" content=\"1000\" \/>\n\t<meta property=\"og:image:height\" content=\"1000\" \/>\n\t<meta property=\"og:image:type\" content=\"image\/png\" \/>\n<meta name=\"twitter:card\" content=\"summary_large_image\" \/>\n<meta name=\"twitter:label1\" content=\"Dur\u00e9e de lecture estim\u00e9e\" \/>\n\t<meta name=\"twitter:data1\" content=\"1 minute\" \/>\n<script type=\"application\/ld+json\" class=\"yoast-schema-graph\">{\"@context\":\"https:\\\/\\\/schema.org\",\"@graph\":[{\"@type\":\"WebPage\",\"@id\":\"https:\\\/\\\/theworldbilliards.com\\\/fr\\\/produit\\\/billard-kompass-pro-9ft\\\/\",\"url\":\"https:\\\/\\\/theworldbilliards.com\\\/fr\\\/produit\\\/billard-kompass-pro-9ft\\\/\",\"name\":\"Acheter Billard Kompass Pro 9ft - The World Billiards\",\"isPartOf\":{\"@id\":\"https:\\\/\\\/theworldbilliards.com\\\/fr\\\/#website\"},\"primaryImageOfPage\":{\"@id\":\"https:\\\/\\\/theworldbilliards.com\\\/fr\\\/produit\\\/billard-kompass-pro-9ft\\\/#primaryimage\"},\"image\":{\"@id\":\"https:\\\/\\\/theworldbilliards.com\\\/fr\\\/produit\\\/billard-kompass-pro-9ft\\\/#primaryimage\"},\"thumbnailUrl\":\"https:\\\/\\\/theworldbilliards.com\\\/wp-content\\\/uploads\\\/2017\\\/01\\\/kompass.png\",\"datePublished\":\"2026-02-23T11:29:56+00:00\",\"dateModified\":\"2026-03-25T10:33:15+00:00\",\"description\":\"Fabriqu\u00e9 avec les meilleurs mat\u00e9riaux soigneusement choisis Personnalisez le billard \u00e0 votre guise en choisissant la finition, la couleur du tapis, la taille et le mode de jeu Ardoise certifi\u00e9e Poches en cuir noir (sauf pour le billard fran\u00e7ais) Options non incluses : Bois massif Possibilit\u00e9 de finition selon l'\u00e9chantillon envoy\u00e9 par le client Tapis anti-taches Pro Cup Teflon , comp\u00e9tition Pro Cup Tournament, Gorina, Simonis, Championship et Brunswick Centennial Plateau de table Plateau de ping-pong Chariot pour ranger les plateaus Kit transformable du billard am\u00e9ricain au billard carambole fran\u00e7ais ou du billard am\u00e9ricain au snooker anglais. Transport et montage effectu\u00e9s par nos \u00e9quipes techniques certifi\u00e9es\",\"breadcrumb\":{\"@id\":\"https:\\\/\\\/theworldbilliards.com\\\/fr\\\/produit\\\/billard-kompass-pro-9ft\\\/#breadcrumb\"},\"inLanguage\":\"fr-FR\",\"potentialAction\":[{\"@type\":\"ReadAction\",\"target\":[\"https:\\\/\\\/theworldbilliards.com\\\/fr\\\/produit\\\/billard-kompass-pro-9ft\\\/\"]}]},{\"@type\":\"ImageObject\",\"inLanguage\":\"fr-FR\",\"@id\":\"https:\\\/\\\/theworldbilliards.com\\\/fr\\\/produit\\\/billard-kompass-pro-9ft\\\/#primaryimage\",\"url\":\"https:\\\/\\\/theworldbilliards.com\\\/wp-content\\\/uploads\\\/2017\\\/01\\\/kompass.png\",\"contentUrl\":\"https:\\\/\\\/theworldbilliards.com\\\/wp-content\\\/uploads\\\/2017\\\/01\\\/kompass.png\",\"width\":1000,\"height\":1000},{\"@type\":\"BreadcrumbList\",\"@id\":\"https:\\\/\\\/theworldbilliards.com\\\/fr\\\/produit\\\/billard-kompass-pro-9ft\\\/#breadcrumb\",\"itemListElement\":[{\"@type\":\"ListItem\",\"position\":1,\"name\":\"In\u00edcio\",\"item\":\"https:\\\/\\\/theworldbilliards.com\\\/fr\\\/\"},{\"@type\":\"ListItem\",\"position\":2,\"name\":\"Boutique en ligne\",\"item\":\"https:\\\/\\\/theworldbilliards.com\\\/fr\\\/boutique-theworldbilliards\\\/\"},{\"@type\":\"ListItem\",\"position\":3,\"name\":\"Billard Kompass Pro 9ft\"}]},{\"@type\":\"WebSite\",\"@id\":\"https:\\\/\\\/theworldbilliards.com\\\/fr\\\/#website\",\"url\":\"https:\\\/\\\/theworldbilliards.com\\\/fr\\\/\",\"name\":\"TheWorldBilliards\",\"description\":\"Achetez ici billard, baby-foot, ping-pong et bowling\",\"publisher\":{\"@id\":\"https:\\\/\\\/theworldbilliards.com\\\/fr\\\/#organization\"},\"alternateName\":\"The world billiards\",\"potentialAction\":[{\"@type\":\"SearchAction\",\"target\":{\"@type\":\"EntryPoint\",\"urlTemplate\":\"https:\\\/\\\/theworldbilliards.com\\\/fr\\\/?s={search_term_string}\"},\"query-input\":{\"@type\":\"PropertyValueSpecification\",\"valueRequired\":true,\"valueName\":\"search_term_string\"}}],\"inLanguage\":\"fr-FR\"},{\"@type\":\"Organization\",\"@id\":\"https:\\\/\\\/theworldbilliards.com\\\/fr\\\/#organization\",\"name\":\"The World Billiards\",\"alternateName\":\"The World Billiards\",\"url\":\"https:\\\/\\\/theworldbilliards.com\\\/fr\\\/\",\"logo\":{\"@type\":\"ImageObject\",\"inLanguage\":\"fr-FR\",\"@id\":\"https:\\\/\\\/theworldbilliards.com\\\/fr\\\/#\\\/schema\\\/logo\\\/image\\\/\",\"url\":\"\",\"contentUrl\":\"\",\"caption\":\"The World Billiards\"},\"image\":{\"@id\":\"https:\\\/\\\/theworldbilliards.com\\\/fr\\\/#\\\/schema\\\/logo\\\/image\\\/\"},\"sameAs\":[\"https:\\\/\\\/www.facebook.com\\\/baby.foot.superbes\",\"https:\\\/\\\/www.youtube.com\\\/channel\\\/UCIMuOVAaUcH6UpZcsZlH0Tg\",\"https:\\\/\\\/www.facebook.com\\\/people\\\/Brunswick-Billiards-EspaaPortugal\\\/100066446264309\\\/\",\"https:\\\/\\\/www.instagram.com\\\/the_world_billiards\\\/\",\"https:\\\/\\\/www.pinterest.es\\\/Theworldbilliards\\\/\"]}]}<\/script>\n<!-- \/ Yoast SEO plugin. -->","yoast_head_json":{"title":"Acheter Billard Kompass Pro 9ft - The World Billiards","description":"Fabriqu\u00e9 avec les meilleurs mat\u00e9riaux soigneusement choisis  Personnalisez le billard \u00e0 votre guise en choisissant la finition, la couleur du tapis, la taille et le mode de jeu  Ardoise certifi\u00e9e  Poches en cuir noir (sauf pour le billard fran\u00e7ais)  Options non incluses :   Bois massif  Possibilit\u00e9 de finition selon l'\u00e9chantillon envoy\u00e9 par le client  Tapis anti-taches Pro Cup Teflon , comp\u00e9tition Pro Cup Tournament, Gorina, Simonis, Championship et Brunswick Centennial  Plateau de table  Plateau de ping-pong  Chariot pour ranger les plateaus  Kit transformable du billard am\u00e9ricain au billard carambole fran\u00e7ais ou du billard am\u00e9ricain au snooker anglais.  Transport et montage effectu\u00e9s par nos \u00e9quipes techniques certifi\u00e9es","robots":{"index":"index","follow":"follow","max-snippet":"max-snippet:-1","max-image-preview":"max-image-preview:large","max-video-preview":"max-video-preview:-1"},"canonical":"https:\/\/theworldbilliards.com\/fr\/produit\/billard-kompass-pro-9ft\/","og_locale":"fr_FR","og_type":"article","og_title":"Acheter Billard Kompass Pro 9ft - The World Billiards","og_description":"Fabriqu\u00e9 avec les meilleurs mat\u00e9riaux soigneusement choisis  Personnalisez le billard \u00e0 votre guise en choisissant la finition, la couleur du tapis, la taille et le mode de jeu  Ardoise certifi\u00e9e  Poches en cuir noir (sauf pour le billard fran\u00e7ais)  Options non incluses :   Bois massif  Possibilit\u00e9 de finition selon l'\u00e9chantillon envoy\u00e9 par le client  Tapis anti-taches Pro Cup Teflon , comp\u00e9tition Pro Cup Tournament, Gorina, Simonis, Championship et Brunswick Centennial  Plateau de table  Plateau de ping-pong  Chariot pour ranger les plateaus  Kit transformable du billard am\u00e9ricain au billard carambole fran\u00e7ais ou du billard am\u00e9ricain au snooker anglais.  Transport et montage effectu\u00e9s par nos \u00e9quipes techniques certifi\u00e9es","og_url":"https:\/\/theworldbilliards.com\/fr\/produit\/billard-kompass-pro-9ft\/","og_site_name":"The World Billiards","article_publisher":"https:\/\/www.facebook.com\/baby.foot.superbes","article_modified_time":"2026-03-25T10:33:15+00:00","og_image":[{"width":1000,"height":1000,"url":"https:\/\/theworldbilliards.com\/wp-content\/uploads\/2017\/01\/kompass.png","type":"image\/png"}],"twitter_card":"summary_large_image","twitter_misc":{"Dur\u00e9e de lecture estim\u00e9e":"1 minute"},"schema":{"@context":"https:\/\/schema.org","@graph":[{"@type":"WebPage","@id":"https:\/\/theworldbilliards.com\/fr\/produit\/billard-kompass-pro-9ft\/","url":"https:\/\/theworldbilliards.com\/fr\/produit\/billard-kompass-pro-9ft\/","name":"Acheter Billard Kompass Pro 9ft - The World Billiards","isPartOf":{"@id":"https:\/\/theworldbilliards.com\/fr\/#website"},"primaryImageOfPage":{"@id":"https:\/\/theworldbilliards.com\/fr\/produit\/billard-kompass-pro-9ft\/#primaryimage"},"image":{"@id":"https:\/\/theworldbilliards.com\/fr\/produit\/billard-kompass-pro-9ft\/#primaryimage"},"thumbnailUrl":"https:\/\/theworldbilliards.com\/wp-content\/uploads\/2017\/01\/kompass.png","datePublished":"2026-02-23T11:29:56+00:00","dateModified":"2026-03-25T10:33:15+00:00","description":"Fabriqu\u00e9 avec les meilleurs mat\u00e9riaux soigneusement choisis Personnalisez le billard \u00e0 votre guise en choisissant la finition, la couleur du tapis, la taille et le mode de jeu Ardoise certifi\u00e9e Poches en cuir noir (sauf pour le billard fran\u00e7ais) Options non incluses : Bois massif Possibilit\u00e9 de finition selon l'\u00e9chantillon envoy\u00e9 par le client Tapis anti-taches Pro Cup Teflon , comp\u00e9tition Pro Cup Tournament, Gorina, Simonis, Championship et Brunswick Centennial Plateau de table Plateau de ping-pong Chariot pour ranger les plateaus Kit transformable du billard am\u00e9ricain au billard carambole fran\u00e7ais ou du billard am\u00e9ricain au snooker anglais. Transport et montage effectu\u00e9s par nos \u00e9quipes techniques certifi\u00e9es","breadcrumb":{"@id":"https:\/\/theworldbilliards.com\/fr\/produit\/billard-kompass-pro-9ft\/#breadcrumb"},"inLanguage":"fr-FR","potentialAction":[{"@type":"ReadAction","target":["https:\/\/theworldbilliards.com\/fr\/produit\/billard-kompass-pro-9ft\/"]}]},{"@type":"ImageObject","inLanguage":"fr-FR","@id":"https:\/\/theworldbilliards.com\/fr\/produit\/billard-kompass-pro-9ft\/#primaryimage","url":"https:\/\/theworldbilliards.com\/wp-content\/uploads\/2017\/01\/kompass.png","contentUrl":"https:\/\/theworldbilliards.com\/wp-content\/uploads\/2017\/01\/kompass.png","width":1000,"height":1000},{"@type":"BreadcrumbList","@id":"https:\/\/theworldbilliards.com\/fr\/produit\/billard-kompass-pro-9ft\/#breadcrumb","itemListElement":[{"@type":"ListItem","position":1,"name":"In\u00edcio","item":"https:\/\/theworldbilliards.com\/fr\/"},{"@type":"ListItem","position":2,"name":"Boutique en ligne","item":"https:\/\/theworldbilliards.com\/fr\/boutique-theworldbilliards\/"},{"@type":"ListItem","position":3,"name":"Billard Kompass Pro 9ft"}]},{"@type":"WebSite","@id":"https:\/\/theworldbilliards.com\/fr\/#website","url":"https:\/\/theworldbilliards.com\/fr\/","name":"TheWorldBilliards","description":"Achetez ici billard, baby-foot, ping-pong et bowling","publisher":{"@id":"https:\/\/theworldbilliards.com\/fr\/#organization"},"alternateName":"The world billiards","potentialAction":[{"@type":"SearchAction","target":{"@type":"EntryPoint","urlTemplate":"https:\/\/theworldbilliards.com\/fr\/?s={search_term_string}"},"query-input":{"@type":"PropertyValueSpecification","valueRequired":true,"valueName":"search_term_string"}}],"inLanguage":"fr-FR"},{"@type":"Organization","@id":"https:\/\/theworldbilliards.com\/fr\/#organization","name":"The World Billiards","alternateName":"The World Billiards","url":"https:\/\/theworldbilliards.com\/fr\/","logo":{"@type":"ImageObject","inLanguage":"fr-FR","@id":"https:\/\/theworldbilliards.com\/fr\/#\/schema\/logo\/image\/","url":"","contentUrl":"","caption":"The World Billiards"},"image":{"@id":"https:\/\/theworldbilliards.com\/fr\/#\/schema\/logo\/image\/"},"sameAs":["https:\/\/www.facebook.com\/baby.foot.superbes","https:\/\/www.youtube.com\/channel\/UCIMuOVAaUcH6UpZcsZlH0Tg","https:\/\/www.facebook.com\/people\/Brunswick-Billiards-EspaaPortugal\/100066446264309\/","https:\/\/www.instagram.com\/the_world_billiards\/","https:\/\/www.pinterest.es\/Theworldbilliards\/"]}]}},"_links":{"self":[{"href":"https:\/\/theworldbilliards.com\/fr\/wp-json\/wp\/v2\/product\/112740","targetHints":{"allow":["GET"]}}],"collection":[{"href":"https:\/\/theworldbilliards.com\/fr\/wp-json\/wp\/v2\/product"}],"about":[{"href":"https:\/\/theworldbilliards.com\/fr\/wp-json\/wp\/v2\/types\/product"}],"wp:featuredmedia":[{"embeddable":true,"href":"https:\/\/theworldbilliards.com\/fr\/wp-json\/wp\/v2\/media\/90711"}],"wp:attachment":[{"href":"https:\/\/theworldbilliards.com\/fr\/wp-json\/wp\/v2\/media?parent=112740"}],"wp:term":[{"taxonomy":"product_brand","embeddable":true,"href":"https:\/\/theworldbilliards.com\/fr\/wp-json\/wp\/v2\/product_brand?post=112740"},{"taxonomy":"product_cat","embeddable":true,"href":"https:\/\/theworldbilliards.com\/fr\/wp-json\/wp\/v2\/product_cat?post=112740"},{"taxonomy":"product_tag","embeddable":true,"href":"https:\/\/theworldbilliards.com\/fr\/wp-json\/wp\/v2\/product_tag?post=112740"}],"curies":[{"name":"wp","href":"https:\/\/api.w.org\/{rel}","templated":true}]}}