{"id":30735,"date":"2017-01-05T02:09:12","date_gmt":"2017-01-05T01:09:12","guid":{"rendered":"http:\/\/theworldbilliards.com\/produto\/old-trafford\/"},"modified":"2025-01-23T12:29:39","modified_gmt":"2025-01-23T11:29:39","slug":"baby-foot-old-trafford","status":"publish","type":"product","link":"https:\/\/theworldbilliards.com\/fr\/produit\/baby-foot-old-trafford\/","title":{"rendered":"Baby foot Old Trafford"},"content":{"rendered":"<p>Dimensions: 1,47 m x 0,72 m x 0,92 m [LxLxH]<\/p>\n<div id=\"wrapper\">\n<p>Excellent Baby Foot avec monnayeur, pour les caf\u00e9s, salles de jeux, des collectivit\u00e9s, etc. Si vous pensez rentabiliser votre espace ce Baby Foot r\u00e9cup\u00e9r\u00e9 votre investissement rapidement.<\/p>\n<ul>\n<li>Finitions Haute Qualit\u00e9<\/li>\n<li>Joueurs en Aluminium<\/li>\n<li>Fabriqu\u00e9 en bois massif<\/li>\n<li>Barres en acier renforc\u00e9es de 15 mm<\/li>\n<li>Poign\u00e9es en bois longue dur\u00e9<\/li>\n<li>Baby-foot fonctionnant avec monnayeur 0.20\u20ac \u2013 0.50\u20ac \u2013 1\u20ac est jetons<\/li>\n<li>Poids \u2013 65 Kg<\/li>\n<li>10 Balles inclues<\/li>\n<li>Options : Lumiere Led, finition au choix, tapis Gerflex, protection vitre de securit\u00e9, cendriers, etc<\/li>\n<\/ul>\n<p>Option LED RVB avec t\u00e9l\u00e9commande<\/p>\n<\/div>\n","protected":false},"excerpt":{"rendered":"<p>Dimensions: 1,47 m x 0,72 m x 0,92 m [LxLxH] Excellent Baby Foot avec monnayeur, pour les caf\u00e9s, salles de [&hellip;]<\/p>\n","protected":false},"featured_media":89067,"template":"","meta":{"site-sidebar-layout":"default","site-content-layout":"","ast-site-content-layout":"default","site-content-style":"default","site-sidebar-style":"default","ast-global-header-display":"","ast-banner-title-visibility":"","ast-main-header-display":"","ast-hfb-above-header-display":"","ast-hfb-below-header-display":"","ast-hfb-mobile-header-display":"","site-post-title":"","ast-breadcrumbs-content":"","ast-featured-img":"","footer-sml-layout":"","ast-disable-related-posts":"","theme-transparent-header-meta":"default","adv-header-id-meta":"","stick-header-meta":"","header-above-stick-meta":"","header-main-stick-meta":"","header-below-stick-meta":"","astra-migrate-meta-layouts":"default","ast-page-background-enabled":"default","ast-page-background-meta":{"desktop":{"background-color":"var(--ast-global-color-4)","background-image":"","background-repeat":"repeat","background-position":"center center","background-size":"auto","background-attachment":"scroll","background-type":"","background-media":"","overlay-type":"","overlay-color":"","overlay-opacity":"","overlay-gradient":""},"tablet":{"background-color":"","background-image":"","background-repeat":"repeat","background-position":"center center","background-size":"auto","background-attachment":"scroll","background-type":"","background-media":"","overlay-type":"","overlay-color":"","overlay-opacity":"","overlay-gradient":""},"mobile":{"background-color":"","background-image":"","background-repeat":"repeat","background-position":"center center","background-size":"auto","background-attachment":"scroll","background-type":"","background-media":"","overlay-type":"","overlay-color":"","overlay-opacity":"","overlay-gradient":""}},"ast-content-background-meta":{"desktop":{"background-color":"var(--ast-global-color-5)","background-image":"","background-repeat":"repeat","background-position":"center center","background-size":"auto","background-attachment":"scroll","background-type":"","background-media":"","overlay-type":"","overlay-color":"","overlay-opacity":"","overlay-gradient":""},"tablet":{"background-color":"var(--ast-global-color-5)","background-image":"","background-repeat":"repeat","background-position":"center center","background-size":"auto","background-attachment":"scroll","background-type":"","background-media":"","overlay-type":"","overlay-color":"","overlay-opacity":"","overlay-gradient":""},"mobile":{"background-color":"var(--ast-global-color-5)","background-image":"","background-repeat":"repeat","background-position":"center center","background-size":"auto","background-attachment":"scroll","background-type":"","background-media":"","overlay-type":"","overlay-color":"","overlay-opacity":"","overlay-gradient":""}}},"product_brand":[5218],"product_cat":[1431,4526],"product_tag":[],"class_list":{"0":"post-30735","1":"product","2":"type-product","3":"status-publish","4":"has-post-thumbnail","6":"product_brand-the-world-billiards","7":"product_cat-baby-foot-avec-monnayeur","8":"product_cat-produits-commerciaux","9":"product_shipping_class-baby-foot","10":"desktop-align-center","11":"tablet-align-left","12":"mobile-align-left","14":"first","15":"instock","16":"sale","17":"taxable","18":"shipping-taxable","19":"purchasable","20":"product-type-variable"},"yoast_head":"<!-- This site is optimized with the Yoast SEO plugin v27.4 - https:\/\/yoast.com\/product\/yoast-seo-wordpress\/ -->\n<title>Acheter Baby foot Old Trafford - The World Billiards<\/title>\n<meta name=\"description\" content=\"Dimensions: 1,47 m x 0,72 m x 0,92 m    Excellent Baby Foot avec monnayeur, pour les caf\u00e9s, salles de jeux, des collectivit\u00e9s, etc. Si vous pensez rentabiliser votre espace ce Baby Foot r\u00e9cup\u00e9r\u00e9 votre investissement rapidement.   Finitions Haute Qualit\u00e9  Joueurs en Aluminium  Fabriqu\u00e9 en bois massif  Barres en acier renforc\u00e9es de 15 mm  Poign\u00e9es en bois longue dur\u00e9  Baby-foot fonctionnant avec monnayeur 0.20\u20ac \u2013 0.50\u20ac \u2013 1\u20ac est jetons  Poids \u2013 65 Kg  10 Balles inclues  Options : Lumiere Led, finition au choix, tapis Gerflex, protection vitre de securit\u00e9, cendriers, etc  Option LED RVB avec t\u00e9l\u00e9commande\" \/>\n<meta name=\"robots\" content=\"index, follow, max-snippet:-1, max-image-preview:large, max-video-preview:-1\" \/>\n<link rel=\"canonical\" href=\"https:\/\/theworldbilliards.com\/fr\/produit\/baby-foot-old-trafford\/\" \/>\n<meta property=\"og:locale\" content=\"fr_FR\" \/>\n<meta property=\"og:type\" content=\"article\" \/>\n<meta property=\"og:title\" content=\"Acheter Baby foot Old Trafford - The World Billiards\" \/>\n<meta property=\"og:description\" content=\"Dimensions: 1,47 m x 0,72 m x 0,92 m    Excellent Baby Foot avec monnayeur, pour les caf\u00e9s, salles de jeux, des collectivit\u00e9s, etc. Si vous pensez rentabiliser votre espace ce Baby Foot r\u00e9cup\u00e9r\u00e9 votre investissement rapidement.   Finitions Haute Qualit\u00e9  Joueurs en Aluminium  Fabriqu\u00e9 en bois massif  Barres en acier renforc\u00e9es de 15 mm  Poign\u00e9es en bois longue dur\u00e9  Baby-foot fonctionnant avec monnayeur 0.20\u20ac \u2013 0.50\u20ac \u2013 1\u20ac est jetons  Poids \u2013 65 Kg  10 Balles inclues  Options : Lumiere Led, finition au choix, tapis Gerflex, protection vitre de securit\u00e9, cendriers, etc  Option LED RVB avec t\u00e9l\u00e9commande\" \/>\n<meta property=\"og:url\" content=\"https:\/\/theworldbilliards.com\/fr\/produit\/baby-foot-old-trafford\/\" \/>\n<meta property=\"og:site_name\" content=\"The World Billiards\" \/>\n<meta property=\"article:publisher\" content=\"https:\/\/www.facebook.com\/baby.foot.superbes\" \/>\n<meta property=\"article:modified_time\" content=\"2025-01-23T11:29:39+00:00\" \/>\n<meta property=\"og:image\" content=\"https:\/\/theworldbilliards.com\/wp-content\/uploads\/2017\/01\/OLD-TRAFFORD.png\" \/>\n\t<meta property=\"og:image:width\" content=\"1500\" \/>\n\t<meta property=\"og:image:height\" content=\"1500\" \/>\n\t<meta property=\"og:image:type\" content=\"image\/png\" \/>\n<meta name=\"twitter:card\" content=\"summary_large_image\" \/>\n<script type=\"application\/ld+json\" class=\"yoast-schema-graph\">{\"@context\":\"https:\\\/\\\/schema.org\",\"@graph\":[{\"@type\":\"WebPage\",\"@id\":\"https:\\\/\\\/theworldbilliards.com\\\/fr\\\/produit\\\/baby-foot-old-trafford\\\/\",\"url\":\"https:\\\/\\\/theworldbilliards.com\\\/fr\\\/produit\\\/baby-foot-old-trafford\\\/\",\"name\":\"Acheter Baby foot Old Trafford - The World Billiards\",\"isPartOf\":{\"@id\":\"https:\\\/\\\/theworldbilliards.com\\\/fr\\\/#website\"},\"primaryImageOfPage\":{\"@id\":\"https:\\\/\\\/theworldbilliards.com\\\/fr\\\/produit\\\/baby-foot-old-trafford\\\/#primaryimage\"},\"image\":{\"@id\":\"https:\\\/\\\/theworldbilliards.com\\\/fr\\\/produit\\\/baby-foot-old-trafford\\\/#primaryimage\"},\"thumbnailUrl\":\"https:\\\/\\\/theworldbilliards.com\\\/wp-content\\\/uploads\\\/2017\\\/01\\\/OLD-TRAFFORD.png\",\"datePublished\":\"2017-01-05T01:09:12+00:00\",\"dateModified\":\"2025-01-23T11:29:39+00:00\",\"description\":\"Dimensions: 1,47 m x 0,72 m x 0,92 m Excellent Baby Foot avec monnayeur, pour les caf\u00e9s, salles de jeux, des collectivit\u00e9s, etc. Si vous pensez rentabiliser votre espace ce Baby Foot r\u00e9cup\u00e9r\u00e9 votre investissement rapidement. Finitions Haute Qualit\u00e9 Joueurs en Aluminium Fabriqu\u00e9 en bois massif Barres en acier renforc\u00e9es de 15 mm Poign\u00e9es en bois longue dur\u00e9 Baby-foot fonctionnant avec monnayeur 0.20\u20ac \u2013 0.50\u20ac \u2013 1\u20ac est jetons Poids \u2013 65 Kg 10 Balles inclues Options : Lumiere Led, finition au choix, tapis Gerflex, protection vitre de securit\u00e9, cendriers, etc Option LED RVB avec t\u00e9l\u00e9commande\",\"breadcrumb\":{\"@id\":\"https:\\\/\\\/theworldbilliards.com\\\/fr\\\/produit\\\/baby-foot-old-trafford\\\/#breadcrumb\"},\"inLanguage\":\"fr-FR\",\"potentialAction\":[{\"@type\":\"ReadAction\",\"target\":[\"https:\\\/\\\/theworldbilliards.com\\\/fr\\\/produit\\\/baby-foot-old-trafford\\\/\"]}]},{\"@type\":\"ImageObject\",\"inLanguage\":\"fr-FR\",\"@id\":\"https:\\\/\\\/theworldbilliards.com\\\/fr\\\/produit\\\/baby-foot-old-trafford\\\/#primaryimage\",\"url\":\"https:\\\/\\\/theworldbilliards.com\\\/wp-content\\\/uploads\\\/2017\\\/01\\\/OLD-TRAFFORD.png\",\"contentUrl\":\"https:\\\/\\\/theworldbilliards.com\\\/wp-content\\\/uploads\\\/2017\\\/01\\\/OLD-TRAFFORD.png\",\"width\":1500,\"height\":1500},{\"@type\":\"BreadcrumbList\",\"@id\":\"https:\\\/\\\/theworldbilliards.com\\\/fr\\\/produit\\\/baby-foot-old-trafford\\\/#breadcrumb\",\"itemListElement\":[{\"@type\":\"ListItem\",\"position\":1,\"name\":\"In\u00edcio\",\"item\":\"https:\\\/\\\/theworldbilliards.com\\\/fr\\\/\"},{\"@type\":\"ListItem\",\"position\":2,\"name\":\"Boutique en ligne\",\"item\":\"https:\\\/\\\/theworldbilliards.com\\\/fr\\\/boutique-theworldbilliards\\\/\"},{\"@type\":\"ListItem\",\"position\":3,\"name\":\"Baby foot Old Trafford\"}]},{\"@type\":\"WebSite\",\"@id\":\"https:\\\/\\\/theworldbilliards.com\\\/fr\\\/#website\",\"url\":\"https:\\\/\\\/theworldbilliards.com\\\/fr\\\/\",\"name\":\"TheWorldBilliards\",\"description\":\"Achetez ici billard, baby-foot, ping-pong et bowling\",\"publisher\":{\"@id\":\"https:\\\/\\\/theworldbilliards.com\\\/fr\\\/#organization\"},\"alternateName\":\"The world billiards\",\"potentialAction\":[{\"@type\":\"SearchAction\",\"target\":{\"@type\":\"EntryPoint\",\"urlTemplate\":\"https:\\\/\\\/theworldbilliards.com\\\/fr\\\/?s={search_term_string}\"},\"query-input\":{\"@type\":\"PropertyValueSpecification\",\"valueRequired\":true,\"valueName\":\"search_term_string\"}}],\"inLanguage\":\"fr-FR\"},{\"@type\":\"Organization\",\"@id\":\"https:\\\/\\\/theworldbilliards.com\\\/fr\\\/#organization\",\"name\":\"The World Billiards\",\"alternateName\":\"The World Billiards\",\"url\":\"https:\\\/\\\/theworldbilliards.com\\\/fr\\\/\",\"logo\":{\"@type\":\"ImageObject\",\"inLanguage\":\"fr-FR\",\"@id\":\"https:\\\/\\\/theworldbilliards.com\\\/fr\\\/#\\\/schema\\\/logo\\\/image\\\/\",\"url\":\"\",\"contentUrl\":\"\",\"caption\":\"The World Billiards\"},\"image\":{\"@id\":\"https:\\\/\\\/theworldbilliards.com\\\/fr\\\/#\\\/schema\\\/logo\\\/image\\\/\"},\"sameAs\":[\"https:\\\/\\\/www.facebook.com\\\/baby.foot.superbes\",\"https:\\\/\\\/www.youtube.com\\\/channel\\\/UCIMuOVAaUcH6UpZcsZlH0Tg\",\"https:\\\/\\\/www.facebook.com\\\/people\\\/Brunswick-Billiards-EspaaPortugal\\\/100066446264309\\\/\",\"https:\\\/\\\/www.instagram.com\\\/the_world_billiards\\\/\",\"https:\\\/\\\/www.pinterest.es\\\/Theworldbilliards\\\/\"]}]}<\/script>\n<!-- \/ Yoast SEO plugin. -->","yoast_head_json":{"title":"Acheter Baby foot Old Trafford - The World Billiards","description":"Dimensions: 1,47 m x 0,72 m x 0,92 m    Excellent Baby Foot avec monnayeur, pour les caf\u00e9s, salles de jeux, des collectivit\u00e9s, etc. Si vous pensez rentabiliser votre espace ce Baby Foot r\u00e9cup\u00e9r\u00e9 votre investissement rapidement.   Finitions Haute Qualit\u00e9  Joueurs en Aluminium  Fabriqu\u00e9 en bois massif  Barres en acier renforc\u00e9es de 15 mm  Poign\u00e9es en bois longue dur\u00e9  Baby-foot fonctionnant avec monnayeur 0.20\u20ac \u2013 0.50\u20ac \u2013 1\u20ac est jetons  Poids \u2013 65 Kg  10 Balles inclues  Options : Lumiere Led, finition au choix, tapis Gerflex, protection vitre de securit\u00e9, cendriers, etc  Option LED RVB avec t\u00e9l\u00e9commande","robots":{"index":"index","follow":"follow","max-snippet":"max-snippet:-1","max-image-preview":"max-image-preview:large","max-video-preview":"max-video-preview:-1"},"canonical":"https:\/\/theworldbilliards.com\/fr\/produit\/baby-foot-old-trafford\/","og_locale":"fr_FR","og_type":"article","og_title":"Acheter Baby foot Old Trafford - The World Billiards","og_description":"Dimensions: 1,47 m x 0,72 m x 0,92 m    Excellent Baby Foot avec monnayeur, pour les caf\u00e9s, salles de jeux, des collectivit\u00e9s, etc. Si vous pensez rentabiliser votre espace ce Baby Foot r\u00e9cup\u00e9r\u00e9 votre investissement rapidement.   Finitions Haute Qualit\u00e9  Joueurs en Aluminium  Fabriqu\u00e9 en bois massif  Barres en acier renforc\u00e9es de 15 mm  Poign\u00e9es en bois longue dur\u00e9  Baby-foot fonctionnant avec monnayeur 0.20\u20ac \u2013 0.50\u20ac \u2013 1\u20ac est jetons  Poids \u2013 65 Kg  10 Balles inclues  Options : Lumiere Led, finition au choix, tapis Gerflex, protection vitre de securit\u00e9, cendriers, etc  Option LED RVB avec t\u00e9l\u00e9commande","og_url":"https:\/\/theworldbilliards.com\/fr\/produit\/baby-foot-old-trafford\/","og_site_name":"The World Billiards","article_publisher":"https:\/\/www.facebook.com\/baby.foot.superbes","article_modified_time":"2025-01-23T11:29:39+00:00","og_image":[{"width":1500,"height":1500,"url":"https:\/\/theworldbilliards.com\/wp-content\/uploads\/2017\/01\/OLD-TRAFFORD.png","type":"image\/png"}],"twitter_card":"summary_large_image","schema":{"@context":"https:\/\/schema.org","@graph":[{"@type":"WebPage","@id":"https:\/\/theworldbilliards.com\/fr\/produit\/baby-foot-old-trafford\/","url":"https:\/\/theworldbilliards.com\/fr\/produit\/baby-foot-old-trafford\/","name":"Acheter Baby foot Old Trafford - The World Billiards","isPartOf":{"@id":"https:\/\/theworldbilliards.com\/fr\/#website"},"primaryImageOfPage":{"@id":"https:\/\/theworldbilliards.com\/fr\/produit\/baby-foot-old-trafford\/#primaryimage"},"image":{"@id":"https:\/\/theworldbilliards.com\/fr\/produit\/baby-foot-old-trafford\/#primaryimage"},"thumbnailUrl":"https:\/\/theworldbilliards.com\/wp-content\/uploads\/2017\/01\/OLD-TRAFFORD.png","datePublished":"2017-01-05T01:09:12+00:00","dateModified":"2025-01-23T11:29:39+00:00","description":"Dimensions: 1,47 m x 0,72 m x 0,92 m Excellent Baby Foot avec monnayeur, pour les caf\u00e9s, salles de jeux, des collectivit\u00e9s, etc. Si vous pensez rentabiliser votre espace ce Baby Foot r\u00e9cup\u00e9r\u00e9 votre investissement rapidement. Finitions Haute Qualit\u00e9 Joueurs en Aluminium Fabriqu\u00e9 en bois massif Barres en acier renforc\u00e9es de 15 mm Poign\u00e9es en bois longue dur\u00e9 Baby-foot fonctionnant avec monnayeur 0.20\u20ac \u2013 0.50\u20ac \u2013 1\u20ac est jetons Poids \u2013 65 Kg 10 Balles inclues Options : Lumiere Led, finition au choix, tapis Gerflex, protection vitre de securit\u00e9, cendriers, etc Option LED RVB avec t\u00e9l\u00e9commande","breadcrumb":{"@id":"https:\/\/theworldbilliards.com\/fr\/produit\/baby-foot-old-trafford\/#breadcrumb"},"inLanguage":"fr-FR","potentialAction":[{"@type":"ReadAction","target":["https:\/\/theworldbilliards.com\/fr\/produit\/baby-foot-old-trafford\/"]}]},{"@type":"ImageObject","inLanguage":"fr-FR","@id":"https:\/\/theworldbilliards.com\/fr\/produit\/baby-foot-old-trafford\/#primaryimage","url":"https:\/\/theworldbilliards.com\/wp-content\/uploads\/2017\/01\/OLD-TRAFFORD.png","contentUrl":"https:\/\/theworldbilliards.com\/wp-content\/uploads\/2017\/01\/OLD-TRAFFORD.png","width":1500,"height":1500},{"@type":"BreadcrumbList","@id":"https:\/\/theworldbilliards.com\/fr\/produit\/baby-foot-old-trafford\/#breadcrumb","itemListElement":[{"@type":"ListItem","position":1,"name":"In\u00edcio","item":"https:\/\/theworldbilliards.com\/fr\/"},{"@type":"ListItem","position":2,"name":"Boutique en ligne","item":"https:\/\/theworldbilliards.com\/fr\/boutique-theworldbilliards\/"},{"@type":"ListItem","position":3,"name":"Baby foot Old Trafford"}]},{"@type":"WebSite","@id":"https:\/\/theworldbilliards.com\/fr\/#website","url":"https:\/\/theworldbilliards.com\/fr\/","name":"TheWorldBilliards","description":"Achetez ici billard, baby-foot, ping-pong et bowling","publisher":{"@id":"https:\/\/theworldbilliards.com\/fr\/#organization"},"alternateName":"The world billiards","potentialAction":[{"@type":"SearchAction","target":{"@type":"EntryPoint","urlTemplate":"https:\/\/theworldbilliards.com\/fr\/?s={search_term_string}"},"query-input":{"@type":"PropertyValueSpecification","valueRequired":true,"valueName":"search_term_string"}}],"inLanguage":"fr-FR"},{"@type":"Organization","@id":"https:\/\/theworldbilliards.com\/fr\/#organization","name":"The World Billiards","alternateName":"The World Billiards","url":"https:\/\/theworldbilliards.com\/fr\/","logo":{"@type":"ImageObject","inLanguage":"fr-FR","@id":"https:\/\/theworldbilliards.com\/fr\/#\/schema\/logo\/image\/","url":"","contentUrl":"","caption":"The World Billiards"},"image":{"@id":"https:\/\/theworldbilliards.com\/fr\/#\/schema\/logo\/image\/"},"sameAs":["https:\/\/www.facebook.com\/baby.foot.superbes","https:\/\/www.youtube.com\/channel\/UCIMuOVAaUcH6UpZcsZlH0Tg","https:\/\/www.facebook.com\/people\/Brunswick-Billiards-EspaaPortugal\/100066446264309\/","https:\/\/www.instagram.com\/the_world_billiards\/","https:\/\/www.pinterest.es\/Theworldbilliards\/"]}]}},"_links":{"self":[{"href":"https:\/\/theworldbilliards.com\/fr\/wp-json\/wp\/v2\/product\/30735","targetHints":{"allow":["GET"]}}],"collection":[{"href":"https:\/\/theworldbilliards.com\/fr\/wp-json\/wp\/v2\/product"}],"about":[{"href":"https:\/\/theworldbilliards.com\/fr\/wp-json\/wp\/v2\/types\/product"}],"wp:featuredmedia":[{"embeddable":true,"href":"https:\/\/theworldbilliards.com\/fr\/wp-json\/wp\/v2\/media\/89067"}],"wp:attachment":[{"href":"https:\/\/theworldbilliards.com\/fr\/wp-json\/wp\/v2\/media?parent=30735"}],"wp:term":[{"taxonomy":"product_brand","embeddable":true,"href":"https:\/\/theworldbilliards.com\/fr\/wp-json\/wp\/v2\/product_brand?post=30735"},{"taxonomy":"product_cat","embeddable":true,"href":"https:\/\/theworldbilliards.com\/fr\/wp-json\/wp\/v2\/product_cat?post=30735"},{"taxonomy":"product_tag","embeddable":true,"href":"https:\/\/theworldbilliards.com\/fr\/wp-json\/wp\/v2\/product_tag?post=30735"}],"curies":[{"name":"wp","href":"https:\/\/api.w.org\/{rel}","templated":true}]}}