{"id":30973,"date":"2017-01-03T12:48:15","date_gmt":"2017-01-03T11:48:15","guid":{"rendered":"http:\/\/theworldbilliards.com\/?post_type=product&#038;p=30973\/"},"modified":"2024-12-24T11:47:45","modified_gmt":"2024-12-24T10:47:45","slug":"billard-brunswick-glenwood","status":"publish","type":"product","link":"https:\/\/theworldbilliards.com\/fr\/produit\/billard-brunswick-glenwood\/","title":{"rendered":"Billard Brunswick Glenwood"},"content":{"rendered":"<p>Une table traditionnelle avec des sensibilit\u00e9s modernes, le Glenwood est un ajout gracieux \u00e0 toute maison. Concevez la table en bois massif parfaite pour votre maison \u00e0 un prix abordable. Le Glenwood a tout.<\/p>\n<p>Sp\u00e9cifications du produit:<\/p>\n<ul>\n<li>Ardoise: plaque d&rsquo;ardoise 3 pi\u00e8ces d&rsquo;une \u00e9paisseur de 2,54 cm.<\/li>\n<li>Taille: 7,\u00a0 8\u00a0 et 9 pieds.<\/li>\n<li>Couleur: \u00ab\u00a0Espresso\u00a0\u00bb \u00ab\u00a0Tuscana\u00a0\u00bb \u00ab\u00a0Rustic Grey\u00a0\u00bb \u00ab\u00a0Coffee\u00a0\u00bb \u00ab\u00a0Two Tone Matte Black \/ Coffee\u00a0\u00bb<\/li>\n<li>Pes: \u00ab\u00a0Ball and claw\u00a0\u00bb \u00ab\u00a0Tapered\u00a0\u00bb \u00ab\u00a0Talon Ball and Claw\u00a0\u00bb.<\/li>\n<li>Poches:\u00a0 \u00ab\u00a0Shield\u00a0\u00bb<\/li>\n<li>Il est livr\u00e9 avec le tapis Pro Cup Tournament inclus en diff\u00e9rentes couleurs que vous pouvez choisir, en option vous avez d\u2019autres tapis comme le Pro Cup T\u00e9flon anti-taches, Simonis, Championship and Brunswick Centennial.<img loading=\"lazy\" decoding=\"async\" class=\"aligncenter size-medium wp-image-71883\" src=\"https:\/\/theworldbilliards.com\/wp-content\/uploads\/2020\/03\/Pro-cup-tournament-cloth-300x113.jpg\" sizes=\"auto, (max-width: 300px) 100vw, 300px\" srcset=\"https:\/\/theworldbilliards.com\/wp-content\/uploads\/2020\/03\/Pro-cup-tournament-cloth-300x113.jpg 300w, https:\/\/theworldbilliards.com\/wp-content\/uploads\/2020\/03\/Pro-cup-tournament-cloth-1024x384.jpg 1024w, https:\/\/theworldbilliards.com\/wp-content\/uploads\/2020\/03\/Pro-cup-tournament-cloth-768x288.jpg 768w, https:\/\/theworldbilliards.com\/wp-content\/uploads\/2020\/03\/Pro-cup-tournament-cloth-416x156.jpg 416w, https:\/\/theworldbilliards.com\/wp-content\/uploads\/2020\/03\/Pro-cup-tournament-cloth.jpg 1128w\" alt=\"\" width=\"300\" height=\"113\" \/><\/li>\n<\/ul>\n<p>REMARQUE: Glenwood \u00ab\u00a0Two Tone\u00a0\u00bb uniquement est disponible en 8 pieds avec des pieds \u00ab\u00a0Talon\u00a0\u00bb ou \u00ab\u00a0Tapered\u00a0\u00bb. La finition \u00ab\u00a0Tuscana\u00a0\u00bb uniquement est disponible en 8 pieds avec des pieds \u00ab\u00a0Ball &amp; Claw\u00a0\u00bb ou \u00ab\u00a0Tapered\u00a0\u00bb et des poches \u00ab\u00a0Shield\u00a0\u00bb. Le Glenwood \u00ab\u00a0Rustic Grey\u00a0\u00bb uniquement est disponible en 8 pieds avec des pieds \u00ab\u00a0Tapered\u00a0\u00bb et des poches \u00ab\u00a0Shield\u00a0\u00bb. Le Glenwood 9 pes est uniquement disponible en \u00ab\u00a0Espresso\u00a0\u00bb<\/p>\n<p><strong>Options:<\/strong>\u00a0Plateau table \u00e0 manger, plateau\u00a0table de ping-pong,\u00a0syst\u00e8me multi bandes de billard Fran\u00e7ais \/ Billard Americain\u00a0\/\u00a0Snooker Anglais.<\/p>\n<p>&nbsp;<\/p>\n","protected":false},"excerpt":{"rendered":"<p><strong>Accessoires inclus<\/strong><br \/>\n\u2022 1 Jeu de Boules<br \/>\n\u2022 Triangle (en pool)<br \/>\n\u2022 4 Queues une-piece<br \/>\n\u2022 6 Cubes de Craie<br \/>\n\u2022 Brosse<\/p>\n<p><a href=\"https:\/\/theworldbilliards.com\/fr\/categorie-produit\/billard\/acessorios-de-billard\/kit-daccessoires\/\" target=\"_blank\" rel=\"noopener\"><strong>Autres options de kit d\u2019accessoires<\/strong><\/a><strong><a href=\"https:\/\/theworldbilliards.com\/fr\/categorie-produit\/billard\/acessorios-de-billard\/kit-daccessoires\/\" target=\"_blank\" rel=\"noopener\"><img loading=\"lazy\" decoding=\"async\" class=\"alignnone wp-image-103074\" src=\"https:\/\/theworldbilliards.com\/wp-content\/uploads\/2024\/04\/Brunswick-kit-centennial-300x189.jpg\" alt=\"\" width=\"200\" height=\"126\" srcset=\"https:\/\/theworldbilliards.com\/wp-content\/uploads\/2024\/04\/Brunswick-kit-centennial-300x189.jpg 300w, https:\/\/theworldbilliards.com\/wp-content\/uploads\/2024\/04\/Brunswick-kit-centennial-600x379.jpg 600w, https:\/\/theworldbilliards.com\/wp-content\/uploads\/2024\/04\/Brunswick-kit-centennial.jpg 708w\" sizes=\"auto, (max-width: 200px) 100vw, 200px\" \/><\/a><\/strong><\/p>\n","protected":false},"featured_media":86983,"template":"","meta":{"site-sidebar-layout":"default","site-content-layout":"","ast-site-content-layout":"default","site-content-style":"default","site-sidebar-style":"default","ast-global-header-display":"","ast-banner-title-visibility":"","ast-main-header-display":"","ast-hfb-above-header-display":"","ast-hfb-below-header-display":"","ast-hfb-mobile-header-display":"","site-post-title":"","ast-breadcrumbs-content":"","ast-featured-img":"","footer-sml-layout":"","ast-disable-related-posts":"","theme-transparent-header-meta":"default","adv-header-id-meta":"","stick-header-meta":"","header-above-stick-meta":"","header-main-stick-meta":"","header-below-stick-meta":"","astra-migrate-meta-layouts":"default","ast-page-background-enabled":"default","ast-page-background-meta":{"desktop":{"background-color":"var(--ast-global-color-4)","background-image":"","background-repeat":"repeat","background-position":"center center","background-size":"auto","background-attachment":"scroll","background-type":"","background-media":"","overlay-type":"","overlay-color":"","overlay-opacity":"","overlay-gradient":""},"tablet":{"background-color":"","background-image":"","background-repeat":"repeat","background-position":"center center","background-size":"auto","background-attachment":"scroll","background-type":"","background-media":"","overlay-type":"","overlay-color":"","overlay-opacity":"","overlay-gradient":""},"mobile":{"background-color":"","background-image":"","background-repeat":"repeat","background-position":"center center","background-size":"auto","background-attachment":"scroll","background-type":"","background-media":"","overlay-type":"","overlay-color":"","overlay-opacity":"","overlay-gradient":""}},"ast-content-background-meta":{"desktop":{"background-color":"var(--ast-global-color-5)","background-image":"","background-repeat":"repeat","background-position":"center center","background-size":"auto","background-attachment":"scroll","background-type":"","background-media":"","overlay-type":"","overlay-color":"","overlay-opacity":"","overlay-gradient":""},"tablet":{"background-color":"var(--ast-global-color-5)","background-image":"","background-repeat":"repeat","background-position":"center center","background-size":"auto","background-attachment":"scroll","background-type":"","background-media":"","overlay-type":"","overlay-color":"","overlay-opacity":"","overlay-gradient":""},"mobile":{"background-color":"var(--ast-global-color-5)","background-image":"","background-repeat":"repeat","background-position":"center center","background-size":"auto","background-attachment":"scroll","background-type":"","background-media":"","overlay-type":"","overlay-color":"","overlay-opacity":"","overlay-gradient":""}}},"product_brand":[5198],"product_cat":[1252],"product_tag":[],"class_list":{"0":"post-30973","1":"product","2":"type-product","3":"status-publish","4":"has-post-thumbnail","6":"product_brand-brunswick-billiards-fr","7":"product_cat-billard-brunswick","8":"product_shipping_class-billard","9":"desktop-align-center","10":"tablet-align-left","11":"mobile-align-left","13":"first","14":"onbackorder","15":"taxable","16":"shipping-taxable","17":"purchasable","18":"product-type-variable"},"yoast_head":"<!-- This site is optimized with the Yoast SEO plugin v27.4 - https:\/\/yoast.com\/product\/yoast-seo-wordpress\/ -->\n<title>Acheter Billard Brunswick Glenwood - The World Billiards<\/title>\n<meta name=\"description\" content=\"Une table traditionnelle avec des sensibilit\u00e9s modernes, le Glenwood est un ajout gracieux \u00e0 toute maison. Concevez la table en bois massif parfaite pour votre maison \u00e0 un prix abordable. Le Glenwood a tout.  Sp\u00e9cifications du produit:   Ardoise: plaque d&#039;ardoise 3 pi\u00e8ces d&#039;une \u00e9paisseur de 2,54 cm.  Taille: 7,\u00a0 8\u00a0 et 9 pieds.  Couleur: &quot;Espresso&quot; &quot;Tuscana&quot; &quot;Rustic Grey&quot; &quot;Coffee&quot; &quot;Two Tone Matte Black \/ Coffee&quot;  Pes: &quot;Ball and claw&quot; &quot;Tapered&quot; &quot;Talon Ball and Claw&quot;.  Poches:\u00a0 &quot;Shield&quot;  Il est livr\u00e9 avec le tapis Pro Cup Tournament inclus en diff\u00e9rentes couleurs que vous pouvez choisir, en option vous avez d\u2019autres tapis comme le Pro Cup T\u00e9flon anti-taches, Simonis, Championship and Brunswick Centennial.  REMARQUE: Glenwood &quot;Two Tone&quot; uniquement est disponible en 8 pieds avec des pieds &quot;Talon&quot; ou &quot;Tapered&quot;. La finition &quot;Tuscana&quot; uniquement est disponible en 8 pieds avec des pieds &quot;Ball &amp; Claw&quot; ou &quot;Tapered&quot; et des poches &quot;Shield&quot;. Le Glenwood &quot;Rustic Grey&quot; uniquement est disponible en 8 pieds avec des pieds &quot;Tapered&quot; et des poches &quot;Shield&quot;. Le Glenwood 9 pes est uniquement disponible en &quot;Espresso&quot;  Options:\u00a0Plateau table \u00e0 manger, plateau\u00a0table de ping-pong,\u00a0syst\u00e8me multi bandes de billard Fran\u00e7ais \/ Billard Americain\u00a0\/\u00a0Snooker Anglais.  &nbsp;\" \/>\n<meta name=\"robots\" content=\"index, follow, max-snippet:-1, max-image-preview:large, max-video-preview:-1\" \/>\n<link rel=\"canonical\" href=\"https:\/\/theworldbilliards.com\/fr\/produit\/billard-brunswick-glenwood\/\" \/>\n<meta property=\"og:locale\" content=\"fr_FR\" \/>\n<meta property=\"og:type\" content=\"article\" \/>\n<meta property=\"og:title\" content=\"Acheter Billard Brunswick Glenwood - The World Billiards\" \/>\n<meta property=\"og:description\" content=\"Une table traditionnelle avec des sensibilit\u00e9s modernes, le Glenwood est un ajout gracieux \u00e0 toute maison. Concevez la table en bois massif parfaite pour votre maison \u00e0 un prix abordable. Le Glenwood a tout.  Sp\u00e9cifications du produit:   Ardoise: plaque d&#039;ardoise 3 pi\u00e8ces d&#039;une \u00e9paisseur de 2,54 cm.  Taille: 7,\u00a0 8\u00a0 et 9 pieds.  Couleur: &quot;Espresso&quot; &quot;Tuscana&quot; &quot;Rustic Grey&quot; &quot;Coffee&quot; &quot;Two Tone Matte Black \/ Coffee&quot;  Pes: &quot;Ball and claw&quot; &quot;Tapered&quot; &quot;Talon Ball and Claw&quot;.  Poches:\u00a0 &quot;Shield&quot;  Il est livr\u00e9 avec le tapis Pro Cup Tournament inclus en diff\u00e9rentes couleurs que vous pouvez choisir, en option vous avez d\u2019autres tapis comme le Pro Cup T\u00e9flon anti-taches, Simonis, Championship and Brunswick Centennial.  REMARQUE: Glenwood &quot;Two Tone&quot; uniquement est disponible en 8 pieds avec des pieds &quot;Talon&quot; ou &quot;Tapered&quot;. La finition &quot;Tuscana&quot; uniquement est disponible en 8 pieds avec des pieds &quot;Ball &amp; Claw&quot; ou &quot;Tapered&quot; et des poches &quot;Shield&quot;. Le Glenwood &quot;Rustic Grey&quot; uniquement est disponible en 8 pieds avec des pieds &quot;Tapered&quot; et des poches &quot;Shield&quot;. Le Glenwood 9 pes est uniquement disponible en &quot;Espresso&quot;  Options:\u00a0Plateau table \u00e0 manger, plateau\u00a0table de ping-pong,\u00a0syst\u00e8me multi bandes de billard Fran\u00e7ais \/ Billard Americain\u00a0\/\u00a0Snooker Anglais.  &nbsp;\" \/>\n<meta property=\"og:url\" content=\"https:\/\/theworldbilliards.com\/fr\/produit\/billard-brunswick-glenwood\/\" \/>\n<meta property=\"og:site_name\" content=\"The World Billiards\" \/>\n<meta property=\"article:publisher\" content=\"https:\/\/www.facebook.com\/baby.foot.superbes\" \/>\n<meta property=\"article:modified_time\" content=\"2024-12-24T10:47:45+00:00\" \/>\n<meta property=\"og:image\" content=\"https:\/\/theworldbilliards.com\/wp-content\/uploads\/2017\/01\/glenwoodbilliardstablerusticgray.jpg\" \/>\n\t<meta property=\"og:image:width\" content=\"1200\" \/>\n\t<meta property=\"og:image:height\" content=\"1200\" \/>\n\t<meta property=\"og:image:type\" content=\"image\/jpeg\" \/>\n<meta name=\"twitter:card\" content=\"summary_large_image\" \/>\n<script type=\"application\/ld+json\" class=\"yoast-schema-graph\">{\"@context\":\"https:\\\/\\\/schema.org\",\"@graph\":[{\"@type\":\"WebPage\",\"@id\":\"https:\\\/\\\/theworldbilliards.com\\\/fr\\\/produit\\\/billard-brunswick-glenwood\\\/\",\"url\":\"https:\\\/\\\/theworldbilliards.com\\\/fr\\\/produit\\\/billard-brunswick-glenwood\\\/\",\"name\":\"Acheter Billard Brunswick Glenwood - The World Billiards\",\"isPartOf\":{\"@id\":\"https:\\\/\\\/theworldbilliards.com\\\/fr\\\/#website\"},\"primaryImageOfPage\":{\"@id\":\"https:\\\/\\\/theworldbilliards.com\\\/fr\\\/produit\\\/billard-brunswick-glenwood\\\/#primaryimage\"},\"image\":{\"@id\":\"https:\\\/\\\/theworldbilliards.com\\\/fr\\\/produit\\\/billard-brunswick-glenwood\\\/#primaryimage\"},\"thumbnailUrl\":\"https:\\\/\\\/theworldbilliards.com\\\/wp-content\\\/uploads\\\/2017\\\/01\\\/glenwoodbilliardstablerusticgray.jpg\",\"datePublished\":\"2017-01-03T11:48:15+00:00\",\"dateModified\":\"2024-12-24T10:47:45+00:00\",\"description\":\"Une table traditionnelle avec des sensibilit\u00e9s modernes, le Glenwood est un ajout gracieux \u00e0 toute maison. Concevez la table en bois massif parfaite pour votre maison \u00e0 un prix abordable. Le Glenwood a tout. Sp\u00e9cifications du produit: Ardoise: plaque d'ardoise 3 pi\u00e8ces d'une \u00e9paisseur de 2,54 cm. Taille: 7,\u00a0 8\u00a0 et 9 pieds. Couleur: \\\"Espresso\\\" \\\"Tuscana\\\" \\\"Rustic Grey\\\" \\\"Coffee\\\" \\\"Two Tone Matte Black \\\/ Coffee\\\" Pes: \\\"Ball and claw\\\" \\\"Tapered\\\" \\\"Talon Ball and Claw\\\". Poches:\u00a0 \\\"Shield\\\" Il est livr\u00e9 avec le tapis Pro Cup Tournament inclus en diff\u00e9rentes couleurs que vous pouvez choisir, en option vous avez d\u2019autres tapis comme le Pro Cup T\u00e9flon anti-taches, Simonis, Championship and Brunswick Centennial. REMARQUE: Glenwood \\\"Two Tone\\\" uniquement est disponible en 8 pieds avec des pieds \\\"Talon\\\" ou \\\"Tapered\\\". La finition \\\"Tuscana\\\" uniquement est disponible en 8 pieds avec des pieds \\\"Ball &amp; Claw\\\" ou \\\"Tapered\\\" et des poches \\\"Shield\\\". Le Glenwood \\\"Rustic Grey\\\" uniquement est disponible en 8 pieds avec des pieds \\\"Tapered\\\" et des poches \\\"Shield\\\". Le Glenwood 9 pes est uniquement disponible en \\\"Espresso\\\" Options:\u00a0Plateau table \u00e0 manger, plateau\u00a0table de ping-pong,\u00a0syst\u00e8me multi bandes de billard Fran\u00e7ais \\\/ Billard Americain\u00a0\\\/\u00a0Snooker Anglais. &nbsp;\",\"breadcrumb\":{\"@id\":\"https:\\\/\\\/theworldbilliards.com\\\/fr\\\/produit\\\/billard-brunswick-glenwood\\\/#breadcrumb\"},\"inLanguage\":\"fr-FR\",\"potentialAction\":[{\"@type\":\"ReadAction\",\"target\":[\"https:\\\/\\\/theworldbilliards.com\\\/fr\\\/produit\\\/billard-brunswick-glenwood\\\/\"]}]},{\"@type\":\"ImageObject\",\"inLanguage\":\"fr-FR\",\"@id\":\"https:\\\/\\\/theworldbilliards.com\\\/fr\\\/produit\\\/billard-brunswick-glenwood\\\/#primaryimage\",\"url\":\"https:\\\/\\\/theworldbilliards.com\\\/wp-content\\\/uploads\\\/2017\\\/01\\\/glenwoodbilliardstablerusticgray.jpg\",\"contentUrl\":\"https:\\\/\\\/theworldbilliards.com\\\/wp-content\\\/uploads\\\/2017\\\/01\\\/glenwoodbilliardstablerusticgray.jpg\",\"width\":1200,\"height\":1200},{\"@type\":\"BreadcrumbList\",\"@id\":\"https:\\\/\\\/theworldbilliards.com\\\/fr\\\/produit\\\/billard-brunswick-glenwood\\\/#breadcrumb\",\"itemListElement\":[{\"@type\":\"ListItem\",\"position\":1,\"name\":\"In\u00edcio\",\"item\":\"https:\\\/\\\/theworldbilliards.com\\\/fr\\\/\"},{\"@type\":\"ListItem\",\"position\":2,\"name\":\"Boutique en ligne\",\"item\":\"https:\\\/\\\/theworldbilliards.com\\\/fr\\\/boutique-theworldbilliards\\\/\"},{\"@type\":\"ListItem\",\"position\":3,\"name\":\"Billard Brunswick Glenwood\"}]},{\"@type\":\"WebSite\",\"@id\":\"https:\\\/\\\/theworldbilliards.com\\\/fr\\\/#website\",\"url\":\"https:\\\/\\\/theworldbilliards.com\\\/fr\\\/\",\"name\":\"TheWorldBilliards\",\"description\":\"Achetez ici billard, baby-foot, ping-pong et bowling\",\"publisher\":{\"@id\":\"https:\\\/\\\/theworldbilliards.com\\\/fr\\\/#organization\"},\"alternateName\":\"The world billiards\",\"potentialAction\":[{\"@type\":\"SearchAction\",\"target\":{\"@type\":\"EntryPoint\",\"urlTemplate\":\"https:\\\/\\\/theworldbilliards.com\\\/fr\\\/?s={search_term_string}\"},\"query-input\":{\"@type\":\"PropertyValueSpecification\",\"valueRequired\":true,\"valueName\":\"search_term_string\"}}],\"inLanguage\":\"fr-FR\"},{\"@type\":\"Organization\",\"@id\":\"https:\\\/\\\/theworldbilliards.com\\\/fr\\\/#organization\",\"name\":\"The World Billiards\",\"alternateName\":\"The World Billiards\",\"url\":\"https:\\\/\\\/theworldbilliards.com\\\/fr\\\/\",\"logo\":{\"@type\":\"ImageObject\",\"inLanguage\":\"fr-FR\",\"@id\":\"https:\\\/\\\/theworldbilliards.com\\\/fr\\\/#\\\/schema\\\/logo\\\/image\\\/\",\"url\":\"\",\"contentUrl\":\"\",\"caption\":\"The World Billiards\"},\"image\":{\"@id\":\"https:\\\/\\\/theworldbilliards.com\\\/fr\\\/#\\\/schema\\\/logo\\\/image\\\/\"},\"sameAs\":[\"https:\\\/\\\/www.facebook.com\\\/baby.foot.superbes\",\"https:\\\/\\\/www.youtube.com\\\/channel\\\/UCIMuOVAaUcH6UpZcsZlH0Tg\",\"https:\\\/\\\/www.facebook.com\\\/people\\\/Brunswick-Billiards-EspaaPortugal\\\/100066446264309\\\/\",\"https:\\\/\\\/www.instagram.com\\\/the_world_billiards\\\/\",\"https:\\\/\\\/www.pinterest.es\\\/Theworldbilliards\\\/\"]}]}<\/script>\n<!-- \/ Yoast SEO plugin. -->","yoast_head_json":{"title":"Acheter Billard Brunswick Glenwood - The World Billiards","description":"Une table traditionnelle avec des sensibilit\u00e9s modernes, le Glenwood est un ajout gracieux \u00e0 toute maison. Concevez la table en bois massif parfaite pour votre maison \u00e0 un prix abordable. Le Glenwood a tout.  Sp\u00e9cifications du produit:   Ardoise: plaque d'ardoise 3 pi\u00e8ces d'une \u00e9paisseur de 2,54 cm.  Taille: 7,\u00a0 8\u00a0 et 9 pieds.  Couleur: \"Espresso\" \"Tuscana\" \"Rustic Grey\" \"Coffee\" \"Two Tone Matte Black \/ Coffee\"  Pes: \"Ball and claw\" \"Tapered\" \"Talon Ball and Claw\".  Poches:\u00a0 \"Shield\"  Il est livr\u00e9 avec le tapis Pro Cup Tournament inclus en diff\u00e9rentes couleurs que vous pouvez choisir, en option vous avez d\u2019autres tapis comme le Pro Cup T\u00e9flon anti-taches, Simonis, Championship and Brunswick Centennial.  REMARQUE: Glenwood \"Two Tone\" uniquement est disponible en 8 pieds avec des pieds \"Talon\" ou \"Tapered\". La finition \"Tuscana\" uniquement est disponible en 8 pieds avec des pieds \"Ball &amp; Claw\" ou \"Tapered\" et des poches \"Shield\". Le Glenwood \"Rustic Grey\" uniquement est disponible en 8 pieds avec des pieds \"Tapered\" et des poches \"Shield\". Le Glenwood 9 pes est uniquement disponible en \"Espresso\"  Options:\u00a0Plateau table \u00e0 manger, plateau\u00a0table de ping-pong,\u00a0syst\u00e8me multi bandes de billard Fran\u00e7ais \/ Billard Americain\u00a0\/\u00a0Snooker Anglais.  &nbsp;","robots":{"index":"index","follow":"follow","max-snippet":"max-snippet:-1","max-image-preview":"max-image-preview:large","max-video-preview":"max-video-preview:-1"},"canonical":"https:\/\/theworldbilliards.com\/fr\/produit\/billard-brunswick-glenwood\/","og_locale":"fr_FR","og_type":"article","og_title":"Acheter Billard Brunswick Glenwood - The World Billiards","og_description":"Une table traditionnelle avec des sensibilit\u00e9s modernes, le Glenwood est un ajout gracieux \u00e0 toute maison. Concevez la table en bois massif parfaite pour votre maison \u00e0 un prix abordable. Le Glenwood a tout.  Sp\u00e9cifications du produit:   Ardoise: plaque d'ardoise 3 pi\u00e8ces d'une \u00e9paisseur de 2,54 cm.  Taille: 7,\u00a0 8\u00a0 et 9 pieds.  Couleur: \"Espresso\" \"Tuscana\" \"Rustic Grey\" \"Coffee\" \"Two Tone Matte Black \/ Coffee\"  Pes: \"Ball and claw\" \"Tapered\" \"Talon Ball and Claw\".  Poches:\u00a0 \"Shield\"  Il est livr\u00e9 avec le tapis Pro Cup Tournament inclus en diff\u00e9rentes couleurs que vous pouvez choisir, en option vous avez d\u2019autres tapis comme le Pro Cup T\u00e9flon anti-taches, Simonis, Championship and Brunswick Centennial.  REMARQUE: Glenwood \"Two Tone\" uniquement est disponible en 8 pieds avec des pieds \"Talon\" ou \"Tapered\". La finition \"Tuscana\" uniquement est disponible en 8 pieds avec des pieds \"Ball &amp; Claw\" ou \"Tapered\" et des poches \"Shield\". Le Glenwood \"Rustic Grey\" uniquement est disponible en 8 pieds avec des pieds \"Tapered\" et des poches \"Shield\". Le Glenwood 9 pes est uniquement disponible en \"Espresso\"  Options:\u00a0Plateau table \u00e0 manger, plateau\u00a0table de ping-pong,\u00a0syst\u00e8me multi bandes de billard Fran\u00e7ais \/ Billard Americain\u00a0\/\u00a0Snooker Anglais.  &nbsp;","og_url":"https:\/\/theworldbilliards.com\/fr\/produit\/billard-brunswick-glenwood\/","og_site_name":"The World Billiards","article_publisher":"https:\/\/www.facebook.com\/baby.foot.superbes","article_modified_time":"2024-12-24T10:47:45+00:00","og_image":[{"width":1200,"height":1200,"url":"https:\/\/theworldbilliards.com\/wp-content\/uploads\/2017\/01\/glenwoodbilliardstablerusticgray.jpg","type":"image\/jpeg"}],"twitter_card":"summary_large_image","schema":{"@context":"https:\/\/schema.org","@graph":[{"@type":"WebPage","@id":"https:\/\/theworldbilliards.com\/fr\/produit\/billard-brunswick-glenwood\/","url":"https:\/\/theworldbilliards.com\/fr\/produit\/billard-brunswick-glenwood\/","name":"Acheter Billard Brunswick Glenwood - The World Billiards","isPartOf":{"@id":"https:\/\/theworldbilliards.com\/fr\/#website"},"primaryImageOfPage":{"@id":"https:\/\/theworldbilliards.com\/fr\/produit\/billard-brunswick-glenwood\/#primaryimage"},"image":{"@id":"https:\/\/theworldbilliards.com\/fr\/produit\/billard-brunswick-glenwood\/#primaryimage"},"thumbnailUrl":"https:\/\/theworldbilliards.com\/wp-content\/uploads\/2017\/01\/glenwoodbilliardstablerusticgray.jpg","datePublished":"2017-01-03T11:48:15+00:00","dateModified":"2024-12-24T10:47:45+00:00","description":"Une table traditionnelle avec des sensibilit\u00e9s modernes, le Glenwood est un ajout gracieux \u00e0 toute maison. Concevez la table en bois massif parfaite pour votre maison \u00e0 un prix abordable. Le Glenwood a tout. Sp\u00e9cifications du produit: Ardoise: plaque d'ardoise 3 pi\u00e8ces d'une \u00e9paisseur de 2,54 cm. Taille: 7,\u00a0 8\u00a0 et 9 pieds. Couleur: \"Espresso\" \"Tuscana\" \"Rustic Grey\" \"Coffee\" \"Two Tone Matte Black \/ Coffee\" Pes: \"Ball and claw\" \"Tapered\" \"Talon Ball and Claw\". Poches:\u00a0 \"Shield\" Il est livr\u00e9 avec le tapis Pro Cup Tournament inclus en diff\u00e9rentes couleurs que vous pouvez choisir, en option vous avez d\u2019autres tapis comme le Pro Cup T\u00e9flon anti-taches, Simonis, Championship and Brunswick Centennial. REMARQUE: Glenwood \"Two Tone\" uniquement est disponible en 8 pieds avec des pieds \"Talon\" ou \"Tapered\". La finition \"Tuscana\" uniquement est disponible en 8 pieds avec des pieds \"Ball &amp; Claw\" ou \"Tapered\" et des poches \"Shield\". Le Glenwood \"Rustic Grey\" uniquement est disponible en 8 pieds avec des pieds \"Tapered\" et des poches \"Shield\". Le Glenwood 9 pes est uniquement disponible en \"Espresso\" Options:\u00a0Plateau table \u00e0 manger, plateau\u00a0table de ping-pong,\u00a0syst\u00e8me multi bandes de billard Fran\u00e7ais \/ Billard Americain\u00a0\/\u00a0Snooker Anglais. &nbsp;","breadcrumb":{"@id":"https:\/\/theworldbilliards.com\/fr\/produit\/billard-brunswick-glenwood\/#breadcrumb"},"inLanguage":"fr-FR","potentialAction":[{"@type":"ReadAction","target":["https:\/\/theworldbilliards.com\/fr\/produit\/billard-brunswick-glenwood\/"]}]},{"@type":"ImageObject","inLanguage":"fr-FR","@id":"https:\/\/theworldbilliards.com\/fr\/produit\/billard-brunswick-glenwood\/#primaryimage","url":"https:\/\/theworldbilliards.com\/wp-content\/uploads\/2017\/01\/glenwoodbilliardstablerusticgray.jpg","contentUrl":"https:\/\/theworldbilliards.com\/wp-content\/uploads\/2017\/01\/glenwoodbilliardstablerusticgray.jpg","width":1200,"height":1200},{"@type":"BreadcrumbList","@id":"https:\/\/theworldbilliards.com\/fr\/produit\/billard-brunswick-glenwood\/#breadcrumb","itemListElement":[{"@type":"ListItem","position":1,"name":"In\u00edcio","item":"https:\/\/theworldbilliards.com\/fr\/"},{"@type":"ListItem","position":2,"name":"Boutique en ligne","item":"https:\/\/theworldbilliards.com\/fr\/boutique-theworldbilliards\/"},{"@type":"ListItem","position":3,"name":"Billard Brunswick Glenwood"}]},{"@type":"WebSite","@id":"https:\/\/theworldbilliards.com\/fr\/#website","url":"https:\/\/theworldbilliards.com\/fr\/","name":"TheWorldBilliards","description":"Achetez ici billard, baby-foot, ping-pong et bowling","publisher":{"@id":"https:\/\/theworldbilliards.com\/fr\/#organization"},"alternateName":"The world billiards","potentialAction":[{"@type":"SearchAction","target":{"@type":"EntryPoint","urlTemplate":"https:\/\/theworldbilliards.com\/fr\/?s={search_term_string}"},"query-input":{"@type":"PropertyValueSpecification","valueRequired":true,"valueName":"search_term_string"}}],"inLanguage":"fr-FR"},{"@type":"Organization","@id":"https:\/\/theworldbilliards.com\/fr\/#organization","name":"The World Billiards","alternateName":"The World Billiards","url":"https:\/\/theworldbilliards.com\/fr\/","logo":{"@type":"ImageObject","inLanguage":"fr-FR","@id":"https:\/\/theworldbilliards.com\/fr\/#\/schema\/logo\/image\/","url":"","contentUrl":"","caption":"The World Billiards"},"image":{"@id":"https:\/\/theworldbilliards.com\/fr\/#\/schema\/logo\/image\/"},"sameAs":["https:\/\/www.facebook.com\/baby.foot.superbes","https:\/\/www.youtube.com\/channel\/UCIMuOVAaUcH6UpZcsZlH0Tg","https:\/\/www.facebook.com\/people\/Brunswick-Billiards-EspaaPortugal\/100066446264309\/","https:\/\/www.instagram.com\/the_world_billiards\/","https:\/\/www.pinterest.es\/Theworldbilliards\/"]}]}},"_links":{"self":[{"href":"https:\/\/theworldbilliards.com\/fr\/wp-json\/wp\/v2\/product\/30973","targetHints":{"allow":["GET"]}}],"collection":[{"href":"https:\/\/theworldbilliards.com\/fr\/wp-json\/wp\/v2\/product"}],"about":[{"href":"https:\/\/theworldbilliards.com\/fr\/wp-json\/wp\/v2\/types\/product"}],"wp:featuredmedia":[{"embeddable":true,"href":"https:\/\/theworldbilliards.com\/fr\/wp-json\/wp\/v2\/media\/86983"}],"wp:attachment":[{"href":"https:\/\/theworldbilliards.com\/fr\/wp-json\/wp\/v2\/media?parent=30973"}],"wp:term":[{"taxonomy":"product_brand","embeddable":true,"href":"https:\/\/theworldbilliards.com\/fr\/wp-json\/wp\/v2\/product_brand?post=30973"},{"taxonomy":"product_cat","embeddable":true,"href":"https:\/\/theworldbilliards.com\/fr\/wp-json\/wp\/v2\/product_cat?post=30973"},{"taxonomy":"product_tag","embeddable":true,"href":"https:\/\/theworldbilliards.com\/fr\/wp-json\/wp\/v2\/product_tag?post=30973"}],"curies":[{"name":"wp","href":"https:\/\/api.w.org\/{rel}","templated":true}]}}