{"id":31180,"date":"2017-01-03T15:57:34","date_gmt":"2017-01-03T14:57:34","guid":{"rendered":"http:\/\/theworldbilliards.com\/?post_type=product&#038;p=31180\/"},"modified":"2025-01-23T10:54:55","modified_gmt":"2025-01-23T09:54:55","slug":"snooker-pyramide-russe-saint-christophe-leather","status":"publish","type":"product","link":"https:\/\/theworldbilliards.com\/fr\/produit\/snooker-pyramide-russe-saint-christophe-leather\/","title":{"rendered":"Snooker \/ Pyramide Russe Saint Christophe Leather"},"content":{"rendered":"<p>Table de Billard Pyramide Russe ou Snooker en bois massif avec les meilleurs mat\u00e9riaux soigneusement choisis, avec un design moderne et \u00e9l\u00e9gant pour s&rsquo;int\u00e9grer parfaitement dans votre d\u00e9cor.<\/p>\n<p>Table \u00e9quip\u00e9e d&rsquo;une technique de jeu extraordinaire.<\/p>\n<p>Finition au choix du client.<\/p>\n<p>Tapis Simonis<\/p>\n<p>Poches en cuir.<\/p>\n<p>Ardoise de haute qualit\u00e9.<\/p>\n","protected":false},"excerpt":{"rendered":"<p>Table de Billard Pyramide Russe ou Snooker en bois massif avec les meilleurs mat\u00e9riaux soigneusement choisis, avec un design moderne [&hellip;]<\/p>\n","protected":false},"featured_media":88760,"template":"","meta":{"site-sidebar-layout":"default","site-content-layout":"","ast-site-content-layout":"default","site-content-style":"default","site-sidebar-style":"default","ast-global-header-display":"","ast-banner-title-visibility":"","ast-main-header-display":"","ast-hfb-above-header-display":"","ast-hfb-below-header-display":"","ast-hfb-mobile-header-display":"","site-post-title":"","ast-breadcrumbs-content":"","ast-featured-img":"","footer-sml-layout":"","ast-disable-related-posts":"","theme-transparent-header-meta":"default","adv-header-id-meta":"","stick-header-meta":"","header-above-stick-meta":"","header-main-stick-meta":"","header-below-stick-meta":"","astra-migrate-meta-layouts":"default","ast-page-background-enabled":"default","ast-page-background-meta":{"desktop":{"background-color":"var(--ast-global-color-4)","background-image":"","background-repeat":"repeat","background-position":"center center","background-size":"auto","background-attachment":"scroll","background-type":"","background-media":"","overlay-type":"","overlay-color":"","overlay-opacity":"","overlay-gradient":""},"tablet":{"background-color":"","background-image":"","background-repeat":"repeat","background-position":"center center","background-size":"auto","background-attachment":"scroll","background-type":"","background-media":"","overlay-type":"","overlay-color":"","overlay-opacity":"","overlay-gradient":""},"mobile":{"background-color":"","background-image":"","background-repeat":"repeat","background-position":"center center","background-size":"auto","background-attachment":"scroll","background-type":"","background-media":"","overlay-type":"","overlay-color":"","overlay-opacity":"","overlay-gradient":""}},"ast-content-background-meta":{"desktop":{"background-color":"var(--ast-global-color-5)","background-image":"","background-repeat":"repeat","background-position":"center center","background-size":"auto","background-attachment":"scroll","background-type":"","background-media":"","overlay-type":"","overlay-color":"","overlay-opacity":"","overlay-gradient":""},"tablet":{"background-color":"var(--ast-global-color-5)","background-image":"","background-repeat":"repeat","background-position":"center center","background-size":"auto","background-attachment":"scroll","background-type":"","background-media":"","overlay-type":"","overlay-color":"","overlay-opacity":"","overlay-gradient":""},"mobile":{"background-color":"var(--ast-global-color-5)","background-image":"","background-repeat":"repeat","background-position":"center center","background-size":"auto","background-attachment":"scroll","background-type":"","background-media":"","overlay-type":"","overlay-color":"","overlay-opacity":"","overlay-gradient":""}}},"product_brand":[5218],"product_cat":[1289],"product_tag":[],"class_list":{"0":"post-31180","1":"product","2":"type-product","3":"status-publish","4":"has-post-thumbnail","6":"product_brand-the-world-billiards","7":"product_cat-snooker-et-pyramide-russe","8":"product_shipping_class-grand-billards","9":"desktop-align-center","10":"tablet-align-left","11":"mobile-align-left","13":"first","14":"instock","15":"taxable","16":"shipping-taxable","17":"purchasable","18":"product-type-variable"},"yoast_head":"<!-- This site is optimized with the Yoast SEO plugin v27.4 - https:\/\/yoast.com\/product\/yoast-seo-wordpress\/ -->\n<title>Acheter Snooker \/ Pyramide Russe Saint Christophe Leather - The World Billiards<\/title>\n<meta name=\"description\" content=\"Table de Billard Pyramide Russe ou Snooker en bois massif avec les meilleurs mat\u00e9riaux soigneusement choisis, avec un design moderne et \u00e9l\u00e9gant pour s&#039;int\u00e9grer parfaitement dans votre d\u00e9cor.  Table \u00e9quip\u00e9e d&#039;une technique de jeu extraordinaire.  Finition au choix du client.  Tapis Simonis  Poches en cuir.  Ardoise de haute qualit\u00e9.\" \/>\n<meta name=\"robots\" content=\"index, follow, max-snippet:-1, max-image-preview:large, max-video-preview:-1\" \/>\n<link rel=\"canonical\" href=\"https:\/\/theworldbilliards.com\/fr\/produit\/snooker-pyramide-russe-saint-christophe-leather\/\" \/>\n<meta property=\"og:locale\" content=\"fr_FR\" \/>\n<meta property=\"og:type\" content=\"article\" \/>\n<meta property=\"og:title\" content=\"Acheter Snooker \/ Pyramide Russe Saint Christophe Leather - The World Billiards\" \/>\n<meta property=\"og:description\" content=\"Table de Billard Pyramide Russe ou Snooker en bois massif avec les meilleurs mat\u00e9riaux soigneusement choisis, avec un design moderne et \u00e9l\u00e9gant pour s&#039;int\u00e9grer parfaitement dans votre d\u00e9cor.  Table \u00e9quip\u00e9e d&#039;une technique de jeu extraordinaire.  Finition au choix du client.  Tapis Simonis  Poches en cuir.  Ardoise de haute qualit\u00e9.\" \/>\n<meta property=\"og:url\" content=\"https:\/\/theworldbilliards.com\/fr\/produit\/snooker-pyramide-russe-saint-christophe-leather\/\" \/>\n<meta property=\"og:site_name\" content=\"The World Billiards\" \/>\n<meta property=\"article:publisher\" content=\"https:\/\/www.facebook.com\/baby.foot.superbes\" \/>\n<meta property=\"article:modified_time\" content=\"2025-01-23T09:54:55+00:00\" \/>\n<meta property=\"og:image\" content=\"https:\/\/theworldbilliards.com\/wp-content\/uploads\/2022\/06\/Saint-Christoph-Leather-pyramid.png\" \/>\n\t<meta property=\"og:image:width\" content=\"812\" \/>\n\t<meta property=\"og:image:height\" content=\"812\" \/>\n\t<meta property=\"og:image:type\" content=\"image\/png\" \/>\n<meta name=\"twitter:card\" content=\"summary_large_image\" \/>\n<script type=\"application\/ld+json\" class=\"yoast-schema-graph\">{\"@context\":\"https:\\\/\\\/schema.org\",\"@graph\":[{\"@type\":\"WebPage\",\"@id\":\"https:\\\/\\\/theworldbilliards.com\\\/fr\\\/produit\\\/snooker-pyramide-russe-saint-christophe-leather\\\/\",\"url\":\"https:\\\/\\\/theworldbilliards.com\\\/fr\\\/produit\\\/snooker-pyramide-russe-saint-christophe-leather\\\/\",\"name\":\"Acheter Snooker \\\/ Pyramide Russe Saint Christophe Leather - The World Billiards\",\"isPartOf\":{\"@id\":\"https:\\\/\\\/theworldbilliards.com\\\/fr\\\/#website\"},\"primaryImageOfPage\":{\"@id\":\"https:\\\/\\\/theworldbilliards.com\\\/fr\\\/produit\\\/snooker-pyramide-russe-saint-christophe-leather\\\/#primaryimage\"},\"image\":{\"@id\":\"https:\\\/\\\/theworldbilliards.com\\\/fr\\\/produit\\\/snooker-pyramide-russe-saint-christophe-leather\\\/#primaryimage\"},\"thumbnailUrl\":\"https:\\\/\\\/theworldbilliards.com\\\/wp-content\\\/uploads\\\/2022\\\/06\\\/Saint-Christoph-Leather-pyramid.png\",\"datePublished\":\"2017-01-03T14:57:34+00:00\",\"dateModified\":\"2025-01-23T09:54:55+00:00\",\"description\":\"Table de Billard Pyramide Russe ou Snooker en bois massif avec les meilleurs mat\u00e9riaux soigneusement choisis, avec un design moderne et \u00e9l\u00e9gant pour s'int\u00e9grer parfaitement dans votre d\u00e9cor. Table \u00e9quip\u00e9e d'une technique de jeu extraordinaire. Finition au choix du client. Tapis Simonis Poches en cuir. Ardoise de haute qualit\u00e9.\",\"breadcrumb\":{\"@id\":\"https:\\\/\\\/theworldbilliards.com\\\/fr\\\/produit\\\/snooker-pyramide-russe-saint-christophe-leather\\\/#breadcrumb\"},\"inLanguage\":\"fr-FR\",\"potentialAction\":[{\"@type\":\"ReadAction\",\"target\":[\"https:\\\/\\\/theworldbilliards.com\\\/fr\\\/produit\\\/snooker-pyramide-russe-saint-christophe-leather\\\/\"]}]},{\"@type\":\"ImageObject\",\"inLanguage\":\"fr-FR\",\"@id\":\"https:\\\/\\\/theworldbilliards.com\\\/fr\\\/produit\\\/snooker-pyramide-russe-saint-christophe-leather\\\/#primaryimage\",\"url\":\"https:\\\/\\\/theworldbilliards.com\\\/wp-content\\\/uploads\\\/2022\\\/06\\\/Saint-Christoph-Leather-pyramid.png\",\"contentUrl\":\"https:\\\/\\\/theworldbilliards.com\\\/wp-content\\\/uploads\\\/2022\\\/06\\\/Saint-Christoph-Leather-pyramid.png\",\"width\":812,\"height\":812},{\"@type\":\"BreadcrumbList\",\"@id\":\"https:\\\/\\\/theworldbilliards.com\\\/fr\\\/produit\\\/snooker-pyramide-russe-saint-christophe-leather\\\/#breadcrumb\",\"itemListElement\":[{\"@type\":\"ListItem\",\"position\":1,\"name\":\"In\u00edcio\",\"item\":\"https:\\\/\\\/theworldbilliards.com\\\/fr\\\/\"},{\"@type\":\"ListItem\",\"position\":2,\"name\":\"Boutique en ligne\",\"item\":\"https:\\\/\\\/theworldbilliards.com\\\/fr\\\/boutique-theworldbilliards\\\/\"},{\"@type\":\"ListItem\",\"position\":3,\"name\":\"Snooker \\\/ Pyramide Russe Saint Christophe Leather\"}]},{\"@type\":\"WebSite\",\"@id\":\"https:\\\/\\\/theworldbilliards.com\\\/fr\\\/#website\",\"url\":\"https:\\\/\\\/theworldbilliards.com\\\/fr\\\/\",\"name\":\"TheWorldBilliards\",\"description\":\"Achetez ici billard, baby-foot, ping-pong et bowling\",\"publisher\":{\"@id\":\"https:\\\/\\\/theworldbilliards.com\\\/fr\\\/#organization\"},\"alternateName\":\"The world billiards\",\"potentialAction\":[{\"@type\":\"SearchAction\",\"target\":{\"@type\":\"EntryPoint\",\"urlTemplate\":\"https:\\\/\\\/theworldbilliards.com\\\/fr\\\/?s={search_term_string}\"},\"query-input\":{\"@type\":\"PropertyValueSpecification\",\"valueRequired\":true,\"valueName\":\"search_term_string\"}}],\"inLanguage\":\"fr-FR\"},{\"@type\":\"Organization\",\"@id\":\"https:\\\/\\\/theworldbilliards.com\\\/fr\\\/#organization\",\"name\":\"The World Billiards\",\"alternateName\":\"The World Billiards\",\"url\":\"https:\\\/\\\/theworldbilliards.com\\\/fr\\\/\",\"logo\":{\"@type\":\"ImageObject\",\"inLanguage\":\"fr-FR\",\"@id\":\"https:\\\/\\\/theworldbilliards.com\\\/fr\\\/#\\\/schema\\\/logo\\\/image\\\/\",\"url\":\"\",\"contentUrl\":\"\",\"caption\":\"The World Billiards\"},\"image\":{\"@id\":\"https:\\\/\\\/theworldbilliards.com\\\/fr\\\/#\\\/schema\\\/logo\\\/image\\\/\"},\"sameAs\":[\"https:\\\/\\\/www.facebook.com\\\/baby.foot.superbes\",\"https:\\\/\\\/www.youtube.com\\\/channel\\\/UCIMuOVAaUcH6UpZcsZlH0Tg\",\"https:\\\/\\\/www.facebook.com\\\/people\\\/Brunswick-Billiards-EspaaPortugal\\\/100066446264309\\\/\",\"https:\\\/\\\/www.instagram.com\\\/the_world_billiards\\\/\",\"https:\\\/\\\/www.pinterest.es\\\/Theworldbilliards\\\/\"]}]}<\/script>\n<!-- \/ Yoast SEO plugin. -->","yoast_head_json":{"title":"Acheter Snooker \/ Pyramide Russe Saint Christophe Leather - The World Billiards","description":"Table de Billard Pyramide Russe ou Snooker en bois massif avec les meilleurs mat\u00e9riaux soigneusement choisis, avec un design moderne et \u00e9l\u00e9gant pour s'int\u00e9grer parfaitement dans votre d\u00e9cor.  Table \u00e9quip\u00e9e d'une technique de jeu extraordinaire.  Finition au choix du client.  Tapis Simonis  Poches en cuir.  Ardoise de haute qualit\u00e9.","robots":{"index":"index","follow":"follow","max-snippet":"max-snippet:-1","max-image-preview":"max-image-preview:large","max-video-preview":"max-video-preview:-1"},"canonical":"https:\/\/theworldbilliards.com\/fr\/produit\/snooker-pyramide-russe-saint-christophe-leather\/","og_locale":"fr_FR","og_type":"article","og_title":"Acheter Snooker \/ Pyramide Russe Saint Christophe Leather - The World Billiards","og_description":"Table de Billard Pyramide Russe ou Snooker en bois massif avec les meilleurs mat\u00e9riaux soigneusement choisis, avec un design moderne et \u00e9l\u00e9gant pour s'int\u00e9grer parfaitement dans votre d\u00e9cor.  Table \u00e9quip\u00e9e d'une technique de jeu extraordinaire.  Finition au choix du client.  Tapis Simonis  Poches en cuir.  Ardoise de haute qualit\u00e9.","og_url":"https:\/\/theworldbilliards.com\/fr\/produit\/snooker-pyramide-russe-saint-christophe-leather\/","og_site_name":"The World Billiards","article_publisher":"https:\/\/www.facebook.com\/baby.foot.superbes","article_modified_time":"2025-01-23T09:54:55+00:00","og_image":[{"width":812,"height":812,"url":"https:\/\/theworldbilliards.com\/wp-content\/uploads\/2022\/06\/Saint-Christoph-Leather-pyramid.png","type":"image\/png"}],"twitter_card":"summary_large_image","schema":{"@context":"https:\/\/schema.org","@graph":[{"@type":"WebPage","@id":"https:\/\/theworldbilliards.com\/fr\/produit\/snooker-pyramide-russe-saint-christophe-leather\/","url":"https:\/\/theworldbilliards.com\/fr\/produit\/snooker-pyramide-russe-saint-christophe-leather\/","name":"Acheter Snooker \/ Pyramide Russe Saint Christophe Leather - The World Billiards","isPartOf":{"@id":"https:\/\/theworldbilliards.com\/fr\/#website"},"primaryImageOfPage":{"@id":"https:\/\/theworldbilliards.com\/fr\/produit\/snooker-pyramide-russe-saint-christophe-leather\/#primaryimage"},"image":{"@id":"https:\/\/theworldbilliards.com\/fr\/produit\/snooker-pyramide-russe-saint-christophe-leather\/#primaryimage"},"thumbnailUrl":"https:\/\/theworldbilliards.com\/wp-content\/uploads\/2022\/06\/Saint-Christoph-Leather-pyramid.png","datePublished":"2017-01-03T14:57:34+00:00","dateModified":"2025-01-23T09:54:55+00:00","description":"Table de Billard Pyramide Russe ou Snooker en bois massif avec les meilleurs mat\u00e9riaux soigneusement choisis, avec un design moderne et \u00e9l\u00e9gant pour s'int\u00e9grer parfaitement dans votre d\u00e9cor. Table \u00e9quip\u00e9e d'une technique de jeu extraordinaire. Finition au choix du client. Tapis Simonis Poches en cuir. Ardoise de haute qualit\u00e9.","breadcrumb":{"@id":"https:\/\/theworldbilliards.com\/fr\/produit\/snooker-pyramide-russe-saint-christophe-leather\/#breadcrumb"},"inLanguage":"fr-FR","potentialAction":[{"@type":"ReadAction","target":["https:\/\/theworldbilliards.com\/fr\/produit\/snooker-pyramide-russe-saint-christophe-leather\/"]}]},{"@type":"ImageObject","inLanguage":"fr-FR","@id":"https:\/\/theworldbilliards.com\/fr\/produit\/snooker-pyramide-russe-saint-christophe-leather\/#primaryimage","url":"https:\/\/theworldbilliards.com\/wp-content\/uploads\/2022\/06\/Saint-Christoph-Leather-pyramid.png","contentUrl":"https:\/\/theworldbilliards.com\/wp-content\/uploads\/2022\/06\/Saint-Christoph-Leather-pyramid.png","width":812,"height":812},{"@type":"BreadcrumbList","@id":"https:\/\/theworldbilliards.com\/fr\/produit\/snooker-pyramide-russe-saint-christophe-leather\/#breadcrumb","itemListElement":[{"@type":"ListItem","position":1,"name":"In\u00edcio","item":"https:\/\/theworldbilliards.com\/fr\/"},{"@type":"ListItem","position":2,"name":"Boutique en ligne","item":"https:\/\/theworldbilliards.com\/fr\/boutique-theworldbilliards\/"},{"@type":"ListItem","position":3,"name":"Snooker \/ Pyramide Russe Saint Christophe Leather"}]},{"@type":"WebSite","@id":"https:\/\/theworldbilliards.com\/fr\/#website","url":"https:\/\/theworldbilliards.com\/fr\/","name":"TheWorldBilliards","description":"Achetez ici billard, baby-foot, ping-pong et bowling","publisher":{"@id":"https:\/\/theworldbilliards.com\/fr\/#organization"},"alternateName":"The world billiards","potentialAction":[{"@type":"SearchAction","target":{"@type":"EntryPoint","urlTemplate":"https:\/\/theworldbilliards.com\/fr\/?s={search_term_string}"},"query-input":{"@type":"PropertyValueSpecification","valueRequired":true,"valueName":"search_term_string"}}],"inLanguage":"fr-FR"},{"@type":"Organization","@id":"https:\/\/theworldbilliards.com\/fr\/#organization","name":"The World Billiards","alternateName":"The World Billiards","url":"https:\/\/theworldbilliards.com\/fr\/","logo":{"@type":"ImageObject","inLanguage":"fr-FR","@id":"https:\/\/theworldbilliards.com\/fr\/#\/schema\/logo\/image\/","url":"","contentUrl":"","caption":"The World Billiards"},"image":{"@id":"https:\/\/theworldbilliards.com\/fr\/#\/schema\/logo\/image\/"},"sameAs":["https:\/\/www.facebook.com\/baby.foot.superbes","https:\/\/www.youtube.com\/channel\/UCIMuOVAaUcH6UpZcsZlH0Tg","https:\/\/www.facebook.com\/people\/Brunswick-Billiards-EspaaPortugal\/100066446264309\/","https:\/\/www.instagram.com\/the_world_billiards\/","https:\/\/www.pinterest.es\/Theworldbilliards\/"]}]}},"_links":{"self":[{"href":"https:\/\/theworldbilliards.com\/fr\/wp-json\/wp\/v2\/product\/31180","targetHints":{"allow":["GET"]}}],"collection":[{"href":"https:\/\/theworldbilliards.com\/fr\/wp-json\/wp\/v2\/product"}],"about":[{"href":"https:\/\/theworldbilliards.com\/fr\/wp-json\/wp\/v2\/types\/product"}],"wp:featuredmedia":[{"embeddable":true,"href":"https:\/\/theworldbilliards.com\/fr\/wp-json\/wp\/v2\/media\/88760"}],"wp:attachment":[{"href":"https:\/\/theworldbilliards.com\/fr\/wp-json\/wp\/v2\/media?parent=31180"}],"wp:term":[{"taxonomy":"product_brand","embeddable":true,"href":"https:\/\/theworldbilliards.com\/fr\/wp-json\/wp\/v2\/product_brand?post=31180"},{"taxonomy":"product_cat","embeddable":true,"href":"https:\/\/theworldbilliards.com\/fr\/wp-json\/wp\/v2\/product_cat?post=31180"},{"taxonomy":"product_tag","embeddable":true,"href":"https:\/\/theworldbilliards.com\/fr\/wp-json\/wp\/v2\/product_tag?post=31180"}],"curies":[{"name":"wp","href":"https:\/\/api.w.org\/{rel}","templated":true}]}}