{"id":31182,"date":"2017-01-03T16:06:39","date_gmt":"2017-01-03T15:06:39","guid":{"rendered":"http:\/\/theworldbilliards.com\/?post_type=product&#038;p=31182\/"},"modified":"2022-10-06T12:02:59","modified_gmt":"2022-10-06T10:02:59","slug":"tapis-de-billard-brunswick-centennial","status":"publish","type":"product","link":"https:\/\/theworldbilliards.com\/fr\/produit\/tapis-de-billard-brunswick-centennial\/","title":{"rendered":"Tapis de Billard BRUNSWICK CENTENNIAL"},"content":{"rendered":"<div class=\"\">\n<h3>DURABILITE<\/h3>\n<\/div>\n<div class=\"std\">\n<ul>\n<li>Centennial Cloth est tiss\u00e9 avec 100% de laine de m\u00e9rinos luxueuse et est entour\u00e9 du protecteur de tissu DuPont \u2122 \u2122 Teflon\u00ae qui prot\u00e8ge le tissu et la table des \u00e9claboussures occasionnelles<\/li>\n<li>\u00c0 23 oz. de tissu par yard carr\u00e9 contre 19 oz. par m\u00e8tre carr\u00e9 de marques concurrentes, le tissu Centennial dure jusqu&rsquo;\u00e0 60% plus longtemps que le tissu en laine concurrentiel.<\/li>\n<li>Centennial Cloth est con\u00e7u pour r\u00e9sister \u00e0 l&rsquo;utilisation rigoureuse des joueurs d\u00e9butants et avanc\u00e9s.<\/li>\n<\/ul>\n<h3>PERFORMANCE PROFESSIONNELLE<\/h3>\n<ul>\n<li>Le protecteur de tissu DuPont \u2122 \u2122 Teflon\u00ae est incorpor\u00e9 aux fibres du tissu pour prot\u00e9ger votre investissement sans nuire au jeu.<\/li>\n<li>Une vitesse de jeu optimale est obtenue gr\u00e2ce \u00e0 un processus de finition exclusif en 5 \u00e9tapes, y compris la d\u00e9compression sous vide. Ce processus permet \u00e0 notre tissu d&rsquo;\u00eatre plus \u00e9pais tout en offrant durabilit\u00e9 et rapidit\u00e9.<\/li>\n<li>Endoss\u00e9 par Ewa Mataya Laurance, membre du Temple de la renomm\u00e9e de la BCA et professionnelle au WPBA.<\/li>\n<\/ul>\n<h3>STYLE RAFFIN\u00c9<\/h3>\n<ul>\n<li>Disponible en 14 couleurs superbes pour personnaliser vos go\u00fbts et votre style.<\/li>\n<li>Le tissu tiss\u00e9 en laine m\u00e9rinos Centennial ne peluche pas et ne perd pas, ce qui maintient une surface de jeu propre et \u00e9l\u00e9gante.<\/li>\n<li>Chaque pi\u00e8ce de tissu est inspect\u00e9e \u00e0 la main \u00e0 100% au moins quatre fois au cours de la fabrication, garantissant ainsi une qualit\u00e9 et une finition constantes.<\/li>\n<\/ul>\n<\/div>\n","protected":false},"excerpt":{"rendered":"<p>DURABILITE Centennial Cloth est tiss\u00e9 avec 100% de laine de m\u00e9rinos luxueuse et est entour\u00e9 du protecteur de tissu DuPont [&hellip;]<\/p>\n","protected":false},"featured_media":88755,"template":"","meta":{"site-sidebar-layout":"default","site-content-layout":"","ast-site-content-layout":"default","site-content-style":"default","site-sidebar-style":"default","ast-global-header-display":"","ast-banner-title-visibility":"","ast-main-header-display":"","ast-hfb-above-header-display":"","ast-hfb-below-header-display":"","ast-hfb-mobile-header-display":"","site-post-title":"","ast-breadcrumbs-content":"","ast-featured-img":"","footer-sml-layout":"","ast-disable-related-posts":"","theme-transparent-header-meta":"default","adv-header-id-meta":"","stick-header-meta":"","header-above-stick-meta":"","header-main-stick-meta":"","header-below-stick-meta":"","astra-migrate-meta-layouts":"default","ast-page-background-enabled":"default","ast-page-background-meta":{"desktop":{"background-color":"var(--ast-global-color-4)","background-image":"","background-repeat":"repeat","background-position":"center center","background-size":"auto","background-attachment":"scroll","background-type":"","background-media":"","overlay-type":"","overlay-color":"","overlay-opacity":"","overlay-gradient":""},"tablet":{"background-color":"","background-image":"","background-repeat":"repeat","background-position":"center center","background-size":"auto","background-attachment":"scroll","background-type":"","background-media":"","overlay-type":"","overlay-color":"","overlay-opacity":"","overlay-gradient":""},"mobile":{"background-color":"","background-image":"","background-repeat":"repeat","background-position":"center center","background-size":"auto","background-attachment":"scroll","background-type":"","background-media":"","overlay-type":"","overlay-color":"","overlay-opacity":"","overlay-gradient":""}},"ast-content-background-meta":{"desktop":{"background-color":"var(--ast-global-color-5)","background-image":"","background-repeat":"repeat","background-position":"center center","background-size":"auto","background-attachment":"scroll","background-type":"","background-media":"","overlay-type":"","overlay-color":"","overlay-opacity":"","overlay-gradient":""},"tablet":{"background-color":"var(--ast-global-color-5)","background-image":"","background-repeat":"repeat","background-position":"center center","background-size":"auto","background-attachment":"scroll","background-type":"","background-media":"","overlay-type":"","overlay-color":"","overlay-opacity":"","overlay-gradient":""},"mobile":{"background-color":"var(--ast-global-color-5)","background-image":"","background-repeat":"repeat","background-position":"center center","background-size":"auto","background-attachment":"scroll","background-type":"","background-media":"","overlay-type":"","overlay-color":"","overlay-opacity":"","overlay-gradient":""}}},"product_brand":[5198],"product_cat":[4946,1222],"product_tag":[],"class_list":{"0":"post-31182","1":"product","2":"type-product","3":"status-publish","4":"has-post-thumbnail","6":"product_brand-brunswick-billiards-fr","7":"product_cat-accessoire-billard-brunswick","8":"product_cat-tapis-de-billard","9":"product_shipping_class-accessoires-textiles","10":"desktop-align-center","11":"tablet-align-left","12":"mobile-align-left","14":"first","15":"instock","16":"taxable","17":"shipping-taxable","18":"product-type-simple"},"yoast_head":"<!-- This site is optimized with the Yoast SEO plugin v27.4 - https:\/\/yoast.com\/product\/yoast-seo-wordpress\/ -->\n<title>Acheter Tapis de Billard BRUNSWICK CENTENNIAL - The World Billiards<\/title>\n<meta name=\"description\" content=\"DURABILITE     Centennial Cloth est tiss\u00e9 avec 100% de laine de m\u00e9rinos luxueuse et est entour\u00e9 du protecteur de tissu DuPont \u2122 \u2122 Teflon\u00ae qui prot\u00e8ge le tissu et la table des \u00e9claboussures occasionnelles  \u00c0 23 oz. de tissu par yard carr\u00e9 contre 19 oz. par m\u00e8tre carr\u00e9 de marques concurrentes, le tissu Centennial dure jusqu&#039;\u00e0 60% plus longtemps que le tissu en laine concurrentiel.  Centennial Cloth est con\u00e7u pour r\u00e9sister \u00e0 l&#039;utilisation rigoureuse des joueurs d\u00e9butants et avanc\u00e9s.  PERFORMANCE PROFESSIONNELLE   Le protecteur de tissu DuPont \u2122 \u2122 Teflon\u00ae est incorpor\u00e9 aux fibres du tissu pour prot\u00e9ger votre investissement sans nuire au jeu.  Une vitesse de jeu optimale est obtenue gr\u00e2ce \u00e0 un processus de finition exclusif en 5 \u00e9tapes, y compris la d\u00e9compression sous vide. Ce processus permet \u00e0 notre tissu d&#039;\u00eatre plus \u00e9pais tout en offrant durabilit\u00e9 et rapidit\u00e9.  Endoss\u00e9 par Ewa Mataya Laurance, membre du Temple de la renomm\u00e9e de la BCA et professionnelle au WPBA.  STYLE RAFFIN\u00c9   Disponible en 14 couleurs superbes pour personnaliser vos go\u00fbts et votre style.  Le tissu tiss\u00e9 en laine m\u00e9rinos Centennial ne peluche pas et ne perd pas, ce qui maintient une surface de jeu propre et \u00e9l\u00e9gante.  Chaque pi\u00e8ce de tissu est inspect\u00e9e \u00e0 la main \u00e0 100% au moins quatre fois au cours de la fabrication, garantissant ainsi une qualit\u00e9 et une finition constantes.\" \/>\n<meta name=\"robots\" content=\"index, follow, max-snippet:-1, max-image-preview:large, max-video-preview:-1\" \/>\n<link rel=\"canonical\" href=\"https:\/\/theworldbilliards.com\/fr\/produit\/tapis-de-billard-brunswick-centennial\/\" \/>\n<meta property=\"og:locale\" content=\"fr_FR\" \/>\n<meta property=\"og:type\" content=\"article\" \/>\n<meta property=\"og:title\" content=\"Acheter Tapis de Billard BRUNSWICK CENTENNIAL - The World Billiards\" \/>\n<meta property=\"og:description\" content=\"DURABILITE     Centennial Cloth est tiss\u00e9 avec 100% de laine de m\u00e9rinos luxueuse et est entour\u00e9 du protecteur de tissu DuPont \u2122 \u2122 Teflon\u00ae qui prot\u00e8ge le tissu et la table des \u00e9claboussures occasionnelles  \u00c0 23 oz. de tissu par yard carr\u00e9 contre 19 oz. par m\u00e8tre carr\u00e9 de marques concurrentes, le tissu Centennial dure jusqu&#039;\u00e0 60% plus longtemps que le tissu en laine concurrentiel.  Centennial Cloth est con\u00e7u pour r\u00e9sister \u00e0 l&#039;utilisation rigoureuse des joueurs d\u00e9butants et avanc\u00e9s.  PERFORMANCE PROFESSIONNELLE   Le protecteur de tissu DuPont \u2122 \u2122 Teflon\u00ae est incorpor\u00e9 aux fibres du tissu pour prot\u00e9ger votre investissement sans nuire au jeu.  Une vitesse de jeu optimale est obtenue gr\u00e2ce \u00e0 un processus de finition exclusif en 5 \u00e9tapes, y compris la d\u00e9compression sous vide. Ce processus permet \u00e0 notre tissu d&#039;\u00eatre plus \u00e9pais tout en offrant durabilit\u00e9 et rapidit\u00e9.  Endoss\u00e9 par Ewa Mataya Laurance, membre du Temple de la renomm\u00e9e de la BCA et professionnelle au WPBA.  STYLE RAFFIN\u00c9   Disponible en 14 couleurs superbes pour personnaliser vos go\u00fbts et votre style.  Le tissu tiss\u00e9 en laine m\u00e9rinos Centennial ne peluche pas et ne perd pas, ce qui maintient une surface de jeu propre et \u00e9l\u00e9gante.  Chaque pi\u00e8ce de tissu est inspect\u00e9e \u00e0 la main \u00e0 100% au moins quatre fois au cours de la fabrication, garantissant ainsi une qualit\u00e9 et une finition constantes.\" \/>\n<meta property=\"og:url\" content=\"https:\/\/theworldbilliards.com\/fr\/produit\/tapis-de-billard-brunswick-centennial\/\" \/>\n<meta property=\"og:site_name\" content=\"The World Billiards\" \/>\n<meta property=\"article:publisher\" content=\"https:\/\/www.facebook.com\/baby.foot.superbes\" \/>\n<meta property=\"article:modified_time\" content=\"2022-10-06T10:02:59+00:00\" \/>\n<meta property=\"og:image\" content=\"https:\/\/theworldbilliards.com\/wp-content\/uploads\/2022\/06\/BrunCMYKgold-1.png\" \/>\n\t<meta property=\"og:image:width\" content=\"1500\" \/>\n\t<meta property=\"og:image:height\" content=\"1500\" \/>\n\t<meta property=\"og:image:type\" content=\"image\/png\" \/>\n<meta name=\"twitter:card\" content=\"summary_large_image\" \/>\n<script type=\"application\/ld+json\" class=\"yoast-schema-graph\">{\"@context\":\"https:\\\/\\\/schema.org\",\"@graph\":[{\"@type\":\"WebPage\",\"@id\":\"https:\\\/\\\/theworldbilliards.com\\\/fr\\\/produit\\\/tapis-de-billard-brunswick-centennial\\\/\",\"url\":\"https:\\\/\\\/theworldbilliards.com\\\/fr\\\/produit\\\/tapis-de-billard-brunswick-centennial\\\/\",\"name\":\"Acheter Tapis de Billard BRUNSWICK CENTENNIAL - The World Billiards\",\"isPartOf\":{\"@id\":\"https:\\\/\\\/theworldbilliards.com\\\/fr\\\/#website\"},\"primaryImageOfPage\":{\"@id\":\"https:\\\/\\\/theworldbilliards.com\\\/fr\\\/produit\\\/tapis-de-billard-brunswick-centennial\\\/#primaryimage\"},\"image\":{\"@id\":\"https:\\\/\\\/theworldbilliards.com\\\/fr\\\/produit\\\/tapis-de-billard-brunswick-centennial\\\/#primaryimage\"},\"thumbnailUrl\":\"https:\\\/\\\/theworldbilliards.com\\\/wp-content\\\/uploads\\\/2022\\\/06\\\/BrunCMYKgold-1.png\",\"datePublished\":\"2017-01-03T15:06:39+00:00\",\"dateModified\":\"2022-10-06T10:02:59+00:00\",\"description\":\"DURABILITE Centennial Cloth est tiss\u00e9 avec 100% de laine de m\u00e9rinos luxueuse et est entour\u00e9 du protecteur de tissu DuPont \u2122 \u2122 Teflon\u00ae qui prot\u00e8ge le tissu et la table des \u00e9claboussures occasionnelles \u00c0 23 oz. de tissu par yard carr\u00e9 contre 19 oz. par m\u00e8tre carr\u00e9 de marques concurrentes, le tissu Centennial dure jusqu'\u00e0 60% plus longtemps que le tissu en laine concurrentiel. Centennial Cloth est con\u00e7u pour r\u00e9sister \u00e0 l'utilisation rigoureuse des joueurs d\u00e9butants et avanc\u00e9s. PERFORMANCE PROFESSIONNELLE Le protecteur de tissu DuPont \u2122 \u2122 Teflon\u00ae est incorpor\u00e9 aux fibres du tissu pour prot\u00e9ger votre investissement sans nuire au jeu. Une vitesse de jeu optimale est obtenue gr\u00e2ce \u00e0 un processus de finition exclusif en 5 \u00e9tapes, y compris la d\u00e9compression sous vide. Ce processus permet \u00e0 notre tissu d'\u00eatre plus \u00e9pais tout en offrant durabilit\u00e9 et rapidit\u00e9. Endoss\u00e9 par Ewa Mataya Laurance, membre du Temple de la renomm\u00e9e de la BCA et professionnelle au WPBA. STYLE RAFFIN\u00c9 Disponible en 14 couleurs superbes pour personnaliser vos go\u00fbts et votre style. Le tissu tiss\u00e9 en laine m\u00e9rinos Centennial ne peluche pas et ne perd pas, ce qui maintient une surface de jeu propre et \u00e9l\u00e9gante. Chaque pi\u00e8ce de tissu est inspect\u00e9e \u00e0 la main \u00e0 100% au moins quatre fois au cours de la fabrication, garantissant ainsi une qualit\u00e9 et une finition constantes.\",\"breadcrumb\":{\"@id\":\"https:\\\/\\\/theworldbilliards.com\\\/fr\\\/produit\\\/tapis-de-billard-brunswick-centennial\\\/#breadcrumb\"},\"inLanguage\":\"fr-FR\",\"potentialAction\":[{\"@type\":\"ReadAction\",\"target\":[\"https:\\\/\\\/theworldbilliards.com\\\/fr\\\/produit\\\/tapis-de-billard-brunswick-centennial\\\/\"]}]},{\"@type\":\"ImageObject\",\"inLanguage\":\"fr-FR\",\"@id\":\"https:\\\/\\\/theworldbilliards.com\\\/fr\\\/produit\\\/tapis-de-billard-brunswick-centennial\\\/#primaryimage\",\"url\":\"https:\\\/\\\/theworldbilliards.com\\\/wp-content\\\/uploads\\\/2022\\\/06\\\/BrunCMYKgold-1.png\",\"contentUrl\":\"https:\\\/\\\/theworldbilliards.com\\\/wp-content\\\/uploads\\\/2022\\\/06\\\/BrunCMYKgold-1.png\",\"width\":1500,\"height\":1500},{\"@type\":\"BreadcrumbList\",\"@id\":\"https:\\\/\\\/theworldbilliards.com\\\/fr\\\/produit\\\/tapis-de-billard-brunswick-centennial\\\/#breadcrumb\",\"itemListElement\":[{\"@type\":\"ListItem\",\"position\":1,\"name\":\"In\u00edcio\",\"item\":\"https:\\\/\\\/theworldbilliards.com\\\/fr\\\/\"},{\"@type\":\"ListItem\",\"position\":2,\"name\":\"Boutique en ligne\",\"item\":\"https:\\\/\\\/theworldbilliards.com\\\/fr\\\/boutique-theworldbilliards\\\/\"},{\"@type\":\"ListItem\",\"position\":3,\"name\":\"Tapis de Billard BRUNSWICK CENTENNIAL\"}]},{\"@type\":\"WebSite\",\"@id\":\"https:\\\/\\\/theworldbilliards.com\\\/fr\\\/#website\",\"url\":\"https:\\\/\\\/theworldbilliards.com\\\/fr\\\/\",\"name\":\"TheWorldBilliards\",\"description\":\"Achetez ici billard, baby-foot, ping-pong et bowling\",\"publisher\":{\"@id\":\"https:\\\/\\\/theworldbilliards.com\\\/fr\\\/#organization\"},\"alternateName\":\"The world billiards\",\"potentialAction\":[{\"@type\":\"SearchAction\",\"target\":{\"@type\":\"EntryPoint\",\"urlTemplate\":\"https:\\\/\\\/theworldbilliards.com\\\/fr\\\/?s={search_term_string}\"},\"query-input\":{\"@type\":\"PropertyValueSpecification\",\"valueRequired\":true,\"valueName\":\"search_term_string\"}}],\"inLanguage\":\"fr-FR\"},{\"@type\":\"Organization\",\"@id\":\"https:\\\/\\\/theworldbilliards.com\\\/fr\\\/#organization\",\"name\":\"The World Billiards\",\"alternateName\":\"The World Billiards\",\"url\":\"https:\\\/\\\/theworldbilliards.com\\\/fr\\\/\",\"logo\":{\"@type\":\"ImageObject\",\"inLanguage\":\"fr-FR\",\"@id\":\"https:\\\/\\\/theworldbilliards.com\\\/fr\\\/#\\\/schema\\\/logo\\\/image\\\/\",\"url\":\"\",\"contentUrl\":\"\",\"caption\":\"The World Billiards\"},\"image\":{\"@id\":\"https:\\\/\\\/theworldbilliards.com\\\/fr\\\/#\\\/schema\\\/logo\\\/image\\\/\"},\"sameAs\":[\"https:\\\/\\\/www.facebook.com\\\/baby.foot.superbes\",\"https:\\\/\\\/www.youtube.com\\\/channel\\\/UCIMuOVAaUcH6UpZcsZlH0Tg\",\"https:\\\/\\\/www.facebook.com\\\/people\\\/Brunswick-Billiards-EspaaPortugal\\\/100066446264309\\\/\",\"https:\\\/\\\/www.instagram.com\\\/the_world_billiards\\\/\",\"https:\\\/\\\/www.pinterest.es\\\/Theworldbilliards\\\/\"]}]}<\/script>\n<!-- \/ Yoast SEO plugin. -->","yoast_head_json":{"title":"Acheter Tapis de Billard BRUNSWICK CENTENNIAL - The World Billiards","description":"DURABILITE     Centennial Cloth est tiss\u00e9 avec 100% de laine de m\u00e9rinos luxueuse et est entour\u00e9 du protecteur de tissu DuPont \u2122 \u2122 Teflon\u00ae qui prot\u00e8ge le tissu et la table des \u00e9claboussures occasionnelles  \u00c0 23 oz. de tissu par yard carr\u00e9 contre 19 oz. par m\u00e8tre carr\u00e9 de marques concurrentes, le tissu Centennial dure jusqu'\u00e0 60% plus longtemps que le tissu en laine concurrentiel.  Centennial Cloth est con\u00e7u pour r\u00e9sister \u00e0 l'utilisation rigoureuse des joueurs d\u00e9butants et avanc\u00e9s.  PERFORMANCE PROFESSIONNELLE   Le protecteur de tissu DuPont \u2122 \u2122 Teflon\u00ae est incorpor\u00e9 aux fibres du tissu pour prot\u00e9ger votre investissement sans nuire au jeu.  Une vitesse de jeu optimale est obtenue gr\u00e2ce \u00e0 un processus de finition exclusif en 5 \u00e9tapes, y compris la d\u00e9compression sous vide. Ce processus permet \u00e0 notre tissu d'\u00eatre plus \u00e9pais tout en offrant durabilit\u00e9 et rapidit\u00e9.  Endoss\u00e9 par Ewa Mataya Laurance, membre du Temple de la renomm\u00e9e de la BCA et professionnelle au WPBA.  STYLE RAFFIN\u00c9   Disponible en 14 couleurs superbes pour personnaliser vos go\u00fbts et votre style.  Le tissu tiss\u00e9 en laine m\u00e9rinos Centennial ne peluche pas et ne perd pas, ce qui maintient une surface de jeu propre et \u00e9l\u00e9gante.  Chaque pi\u00e8ce de tissu est inspect\u00e9e \u00e0 la main \u00e0 100% au moins quatre fois au cours de la fabrication, garantissant ainsi une qualit\u00e9 et une finition constantes.","robots":{"index":"index","follow":"follow","max-snippet":"max-snippet:-1","max-image-preview":"max-image-preview:large","max-video-preview":"max-video-preview:-1"},"canonical":"https:\/\/theworldbilliards.com\/fr\/produit\/tapis-de-billard-brunswick-centennial\/","og_locale":"fr_FR","og_type":"article","og_title":"Acheter Tapis de Billard BRUNSWICK CENTENNIAL - The World Billiards","og_description":"DURABILITE     Centennial Cloth est tiss\u00e9 avec 100% de laine de m\u00e9rinos luxueuse et est entour\u00e9 du protecteur de tissu DuPont \u2122 \u2122 Teflon\u00ae qui prot\u00e8ge le tissu et la table des \u00e9claboussures occasionnelles  \u00c0 23 oz. de tissu par yard carr\u00e9 contre 19 oz. par m\u00e8tre carr\u00e9 de marques concurrentes, le tissu Centennial dure jusqu'\u00e0 60% plus longtemps que le tissu en laine concurrentiel.  Centennial Cloth est con\u00e7u pour r\u00e9sister \u00e0 l'utilisation rigoureuse des joueurs d\u00e9butants et avanc\u00e9s.  PERFORMANCE PROFESSIONNELLE   Le protecteur de tissu DuPont \u2122 \u2122 Teflon\u00ae est incorpor\u00e9 aux fibres du tissu pour prot\u00e9ger votre investissement sans nuire au jeu.  Une vitesse de jeu optimale est obtenue gr\u00e2ce \u00e0 un processus de finition exclusif en 5 \u00e9tapes, y compris la d\u00e9compression sous vide. Ce processus permet \u00e0 notre tissu d'\u00eatre plus \u00e9pais tout en offrant durabilit\u00e9 et rapidit\u00e9.  Endoss\u00e9 par Ewa Mataya Laurance, membre du Temple de la renomm\u00e9e de la BCA et professionnelle au WPBA.  STYLE RAFFIN\u00c9   Disponible en 14 couleurs superbes pour personnaliser vos go\u00fbts et votre style.  Le tissu tiss\u00e9 en laine m\u00e9rinos Centennial ne peluche pas et ne perd pas, ce qui maintient une surface de jeu propre et \u00e9l\u00e9gante.  Chaque pi\u00e8ce de tissu est inspect\u00e9e \u00e0 la main \u00e0 100% au moins quatre fois au cours de la fabrication, garantissant ainsi une qualit\u00e9 et une finition constantes.","og_url":"https:\/\/theworldbilliards.com\/fr\/produit\/tapis-de-billard-brunswick-centennial\/","og_site_name":"The World Billiards","article_publisher":"https:\/\/www.facebook.com\/baby.foot.superbes","article_modified_time":"2022-10-06T10:02:59+00:00","og_image":[{"width":1500,"height":1500,"url":"https:\/\/theworldbilliards.com\/wp-content\/uploads\/2022\/06\/BrunCMYKgold-1.png","type":"image\/png"}],"twitter_card":"summary_large_image","schema":{"@context":"https:\/\/schema.org","@graph":[{"@type":"WebPage","@id":"https:\/\/theworldbilliards.com\/fr\/produit\/tapis-de-billard-brunswick-centennial\/","url":"https:\/\/theworldbilliards.com\/fr\/produit\/tapis-de-billard-brunswick-centennial\/","name":"Acheter Tapis de Billard BRUNSWICK CENTENNIAL - The World Billiards","isPartOf":{"@id":"https:\/\/theworldbilliards.com\/fr\/#website"},"primaryImageOfPage":{"@id":"https:\/\/theworldbilliards.com\/fr\/produit\/tapis-de-billard-brunswick-centennial\/#primaryimage"},"image":{"@id":"https:\/\/theworldbilliards.com\/fr\/produit\/tapis-de-billard-brunswick-centennial\/#primaryimage"},"thumbnailUrl":"https:\/\/theworldbilliards.com\/wp-content\/uploads\/2022\/06\/BrunCMYKgold-1.png","datePublished":"2017-01-03T15:06:39+00:00","dateModified":"2022-10-06T10:02:59+00:00","description":"DURABILITE Centennial Cloth est tiss\u00e9 avec 100% de laine de m\u00e9rinos luxueuse et est entour\u00e9 du protecteur de tissu DuPont \u2122 \u2122 Teflon\u00ae qui prot\u00e8ge le tissu et la table des \u00e9claboussures occasionnelles \u00c0 23 oz. de tissu par yard carr\u00e9 contre 19 oz. par m\u00e8tre carr\u00e9 de marques concurrentes, le tissu Centennial dure jusqu'\u00e0 60% plus longtemps que le tissu en laine concurrentiel. Centennial Cloth est con\u00e7u pour r\u00e9sister \u00e0 l'utilisation rigoureuse des joueurs d\u00e9butants et avanc\u00e9s. PERFORMANCE PROFESSIONNELLE Le protecteur de tissu DuPont \u2122 \u2122 Teflon\u00ae est incorpor\u00e9 aux fibres du tissu pour prot\u00e9ger votre investissement sans nuire au jeu. Une vitesse de jeu optimale est obtenue gr\u00e2ce \u00e0 un processus de finition exclusif en 5 \u00e9tapes, y compris la d\u00e9compression sous vide. Ce processus permet \u00e0 notre tissu d'\u00eatre plus \u00e9pais tout en offrant durabilit\u00e9 et rapidit\u00e9. Endoss\u00e9 par Ewa Mataya Laurance, membre du Temple de la renomm\u00e9e de la BCA et professionnelle au WPBA. STYLE RAFFIN\u00c9 Disponible en 14 couleurs superbes pour personnaliser vos go\u00fbts et votre style. Le tissu tiss\u00e9 en laine m\u00e9rinos Centennial ne peluche pas et ne perd pas, ce qui maintient une surface de jeu propre et \u00e9l\u00e9gante. Chaque pi\u00e8ce de tissu est inspect\u00e9e \u00e0 la main \u00e0 100% au moins quatre fois au cours de la fabrication, garantissant ainsi une qualit\u00e9 et une finition constantes.","breadcrumb":{"@id":"https:\/\/theworldbilliards.com\/fr\/produit\/tapis-de-billard-brunswick-centennial\/#breadcrumb"},"inLanguage":"fr-FR","potentialAction":[{"@type":"ReadAction","target":["https:\/\/theworldbilliards.com\/fr\/produit\/tapis-de-billard-brunswick-centennial\/"]}]},{"@type":"ImageObject","inLanguage":"fr-FR","@id":"https:\/\/theworldbilliards.com\/fr\/produit\/tapis-de-billard-brunswick-centennial\/#primaryimage","url":"https:\/\/theworldbilliards.com\/wp-content\/uploads\/2022\/06\/BrunCMYKgold-1.png","contentUrl":"https:\/\/theworldbilliards.com\/wp-content\/uploads\/2022\/06\/BrunCMYKgold-1.png","width":1500,"height":1500},{"@type":"BreadcrumbList","@id":"https:\/\/theworldbilliards.com\/fr\/produit\/tapis-de-billard-brunswick-centennial\/#breadcrumb","itemListElement":[{"@type":"ListItem","position":1,"name":"In\u00edcio","item":"https:\/\/theworldbilliards.com\/fr\/"},{"@type":"ListItem","position":2,"name":"Boutique en ligne","item":"https:\/\/theworldbilliards.com\/fr\/boutique-theworldbilliards\/"},{"@type":"ListItem","position":3,"name":"Tapis de Billard BRUNSWICK CENTENNIAL"}]},{"@type":"WebSite","@id":"https:\/\/theworldbilliards.com\/fr\/#website","url":"https:\/\/theworldbilliards.com\/fr\/","name":"TheWorldBilliards","description":"Achetez ici billard, baby-foot, ping-pong et bowling","publisher":{"@id":"https:\/\/theworldbilliards.com\/fr\/#organization"},"alternateName":"The world billiards","potentialAction":[{"@type":"SearchAction","target":{"@type":"EntryPoint","urlTemplate":"https:\/\/theworldbilliards.com\/fr\/?s={search_term_string}"},"query-input":{"@type":"PropertyValueSpecification","valueRequired":true,"valueName":"search_term_string"}}],"inLanguage":"fr-FR"},{"@type":"Organization","@id":"https:\/\/theworldbilliards.com\/fr\/#organization","name":"The World Billiards","alternateName":"The World Billiards","url":"https:\/\/theworldbilliards.com\/fr\/","logo":{"@type":"ImageObject","inLanguage":"fr-FR","@id":"https:\/\/theworldbilliards.com\/fr\/#\/schema\/logo\/image\/","url":"","contentUrl":"","caption":"The World Billiards"},"image":{"@id":"https:\/\/theworldbilliards.com\/fr\/#\/schema\/logo\/image\/"},"sameAs":["https:\/\/www.facebook.com\/baby.foot.superbes","https:\/\/www.youtube.com\/channel\/UCIMuOVAaUcH6UpZcsZlH0Tg","https:\/\/www.facebook.com\/people\/Brunswick-Billiards-EspaaPortugal\/100066446264309\/","https:\/\/www.instagram.com\/the_world_billiards\/","https:\/\/www.pinterest.es\/Theworldbilliards\/"]}]}},"_links":{"self":[{"href":"https:\/\/theworldbilliards.com\/fr\/wp-json\/wp\/v2\/product\/31182","targetHints":{"allow":["GET"]}}],"collection":[{"href":"https:\/\/theworldbilliards.com\/fr\/wp-json\/wp\/v2\/product"}],"about":[{"href":"https:\/\/theworldbilliards.com\/fr\/wp-json\/wp\/v2\/types\/product"}],"wp:featuredmedia":[{"embeddable":true,"href":"https:\/\/theworldbilliards.com\/fr\/wp-json\/wp\/v2\/media\/88755"}],"wp:attachment":[{"href":"https:\/\/theworldbilliards.com\/fr\/wp-json\/wp\/v2\/media?parent=31182"}],"wp:term":[{"taxonomy":"product_brand","embeddable":true,"href":"https:\/\/theworldbilliards.com\/fr\/wp-json\/wp\/v2\/product_brand?post=31182"},{"taxonomy":"product_cat","embeddable":true,"href":"https:\/\/theworldbilliards.com\/fr\/wp-json\/wp\/v2\/product_cat?post=31182"},{"taxonomy":"product_tag","embeddable":true,"href":"https:\/\/theworldbilliards.com\/fr\/wp-json\/wp\/v2\/product_tag?post=31182"}],"curies":[{"name":"wp","href":"https:\/\/api.w.org\/{rel}","templated":true}]}}