{"id":31192,"date":"2017-01-03T16:15:37","date_gmt":"2017-01-03T15:15:37","guid":{"rendered":"http:\/\/theworldbilliards.com\/?post_type=product&#038;p=31192\/"},"modified":"2019-04-16T10:53:48","modified_gmt":"2019-04-16T09:53:48","slug":"tapis-de-billard-simonis-760","status":"publish","type":"product","link":"https:\/\/theworldbilliards.com\/fr\/produit\/tapis-de-billard-simonis-760\/","title":{"rendered":"Tapis de billard SIMONIS 760"},"content":{"rendered":"<p>Excellent tapis pour les tournois de billard utilis\u00e9 massivement dans le monde entier pendant des d\u00e9cennies. Particuli\u00e8rement recommand\u00e9 pour le trafic intense. Ce tissu de r\u00e9f\u00e9rence est la l\u00e9gende! C&rsquo;est aussi le meilleur et le plus appropri\u00e9 tissu pour la pyramide russe.<br \/>\n70% laine \/ 30% nylon; \u00b1 355 g \/ m\u00b2<br \/>\nLargeurs: 165 195 et 206 cm<\/p>\n","protected":false},"excerpt":{"rendered":"<p>Excellent tapis pour les tournois de billard utilis\u00e9 massivement dans le monde entier pendant des d\u00e9cennies. Particuli\u00e8rement recommand\u00e9 pour le [&hellip;]<\/p>\n","protected":false},"featured_media":90341,"template":"","meta":{"site-sidebar-layout":"default","site-content-layout":"","ast-site-content-layout":"default","site-content-style":"default","site-sidebar-style":"default","ast-global-header-display":"","ast-banner-title-visibility":"","ast-main-header-display":"","ast-hfb-above-header-display":"","ast-hfb-below-header-display":"","ast-hfb-mobile-header-display":"","site-post-title":"","ast-breadcrumbs-content":"","ast-featured-img":"","footer-sml-layout":"","ast-disable-related-posts":"","theme-transparent-header-meta":"default","adv-header-id-meta":"","stick-header-meta":"","header-above-stick-meta":"","header-main-stick-meta":"","header-below-stick-meta":"","astra-migrate-meta-layouts":"default","ast-page-background-enabled":"default","ast-page-background-meta":{"desktop":{"background-color":"var(--ast-global-color-4)","background-image":"","background-repeat":"repeat","background-position":"center center","background-size":"auto","background-attachment":"scroll","background-type":"","background-media":"","overlay-type":"","overlay-color":"","overlay-opacity":"","overlay-gradient":""},"tablet":{"background-color":"","background-image":"","background-repeat":"repeat","background-position":"center center","background-size":"auto","background-attachment":"scroll","background-type":"","background-media":"","overlay-type":"","overlay-color":"","overlay-opacity":"","overlay-gradient":""},"mobile":{"background-color":"","background-image":"","background-repeat":"repeat","background-position":"center center","background-size":"auto","background-attachment":"scroll","background-type":"","background-media":"","overlay-type":"","overlay-color":"","overlay-opacity":"","overlay-gradient":""}},"ast-content-background-meta":{"desktop":{"background-color":"var(--ast-global-color-5)","background-image":"","background-repeat":"repeat","background-position":"center center","background-size":"auto","background-attachment":"scroll","background-type":"","background-media":"","overlay-type":"","overlay-color":"","overlay-opacity":"","overlay-gradient":""},"tablet":{"background-color":"var(--ast-global-color-5)","background-image":"","background-repeat":"repeat","background-position":"center center","background-size":"auto","background-attachment":"scroll","background-type":"","background-media":"","overlay-type":"","overlay-color":"","overlay-opacity":"","overlay-gradient":""},"mobile":{"background-color":"var(--ast-global-color-5)","background-image":"","background-repeat":"repeat","background-position":"center center","background-size":"auto","background-attachment":"scroll","background-type":"","background-media":"","overlay-type":"","overlay-color":"","overlay-opacity":"","overlay-gradient":""}}},"product_brand":[5246],"product_cat":[1222],"product_tag":[],"class_list":{"0":"post-31192","1":"product","2":"type-product","3":"status-publish","4":"has-post-thumbnail","6":"product_brand-simonis-cloth-fr","7":"product_cat-tapis-de-billard","8":"product_shipping_class-accessoires-textiles","9":"desktop-align-center","10":"tablet-align-left","11":"mobile-align-left","13":"first","14":"instock","15":"taxable","16":"shipping-taxable","17":"product-type-simple"},"yoast_head":"<!-- This site is optimized with the Yoast SEO plugin v27.5 - https:\/\/yoast.com\/product\/yoast-seo-wordpress\/ -->\n<title>Acheter Tapis de billard SIMONIS 760 - The World Billiards<\/title>\n<meta name=\"description\" content=\"Excellent tapis pour les tournois de billard utilis\u00e9 massivement dans le monde entier pendant des d\u00e9cennies. Particuli\u00e8rement recommand\u00e9 pour le trafic intense. Ce tissu de r\u00e9f\u00e9rence est la l\u00e9gende! C&#039;est aussi le meilleur et le plus appropri\u00e9 tissu pour la pyramide russe. 70% laine \/ 30% nylon; \u00b1 355 g \/ m\u00b2 Largeurs: 165 195 et 206 cm\" \/>\n<meta name=\"robots\" content=\"index, follow, max-snippet:-1, max-image-preview:large, max-video-preview:-1\" \/>\n<link rel=\"canonical\" href=\"https:\/\/theworldbilliards.com\/fr\/produit\/tapis-de-billard-simonis-760\/\" \/>\n<meta property=\"og:locale\" content=\"fr_FR\" \/>\n<meta property=\"og:type\" content=\"article\" \/>\n<meta property=\"og:title\" content=\"Acheter Tapis de billard SIMONIS 760 - The World Billiards\" \/>\n<meta property=\"og:description\" content=\"Excellent tapis pour les tournois de billard utilis\u00e9 massivement dans le monde entier pendant des d\u00e9cennies. Particuli\u00e8rement recommand\u00e9 pour le trafic intense. Ce tissu de r\u00e9f\u00e9rence est la l\u00e9gende! C&#039;est aussi le meilleur et le plus appropri\u00e9 tissu pour la pyramide russe. 70% laine \/ 30% nylon; \u00b1 355 g \/ m\u00b2 Largeurs: 165 195 et 206 cm\" \/>\n<meta property=\"og:url\" content=\"https:\/\/theworldbilliards.com\/fr\/produit\/tapis-de-billard-simonis-760\/\" \/>\n<meta property=\"og:site_name\" content=\"The World Billiards\" \/>\n<meta property=\"article:publisher\" content=\"https:\/\/www.facebook.com\/baby.foot.superbes\" \/>\n<meta property=\"article:modified_time\" content=\"2019-04-16T09:53:48+00:00\" \/>\n<meta property=\"og:image\" content=\"https:\/\/theworldbilliards.com\/wp-content\/uploads\/2017\/01\/simonis-760.jpg\" \/>\n\t<meta property=\"og:image:width\" content=\"668\" \/>\n\t<meta property=\"og:image:height\" content=\"668\" \/>\n\t<meta property=\"og:image:type\" content=\"image\/jpeg\" \/>\n<meta name=\"twitter:card\" content=\"summary_large_image\" \/>\n<script type=\"application\/ld+json\" class=\"yoast-schema-graph\">{\"@context\":\"https:\\\/\\\/schema.org\",\"@graph\":[{\"@type\":\"WebPage\",\"@id\":\"https:\\\/\\\/theworldbilliards.com\\\/fr\\\/produit\\\/tapis-de-billard-simonis-760\\\/\",\"url\":\"https:\\\/\\\/theworldbilliards.com\\\/fr\\\/produit\\\/tapis-de-billard-simonis-760\\\/\",\"name\":\"Acheter Tapis de billard SIMONIS 760 - The World Billiards\",\"isPartOf\":{\"@id\":\"https:\\\/\\\/theworldbilliards.com\\\/fr\\\/#website\"},\"primaryImageOfPage\":{\"@id\":\"https:\\\/\\\/theworldbilliards.com\\\/fr\\\/produit\\\/tapis-de-billard-simonis-760\\\/#primaryimage\"},\"image\":{\"@id\":\"https:\\\/\\\/theworldbilliards.com\\\/fr\\\/produit\\\/tapis-de-billard-simonis-760\\\/#primaryimage\"},\"thumbnailUrl\":\"https:\\\/\\\/theworldbilliards.com\\\/wp-content\\\/uploads\\\/2017\\\/01\\\/simonis-760.jpg\",\"datePublished\":\"2017-01-03T15:15:37+00:00\",\"dateModified\":\"2019-04-16T09:53:48+00:00\",\"description\":\"Excellent tapis pour les tournois de billard utilis\u00e9 massivement dans le monde entier pendant des d\u00e9cennies. Particuli\u00e8rement recommand\u00e9 pour le trafic intense. Ce tissu de r\u00e9f\u00e9rence est la l\u00e9gende! C'est aussi le meilleur et le plus appropri\u00e9 tissu pour la pyramide russe. 70% laine \\\/ 30% nylon; \u00b1 355 g \\\/ m\u00b2 Largeurs: 165 195 et 206 cm\",\"breadcrumb\":{\"@id\":\"https:\\\/\\\/theworldbilliards.com\\\/fr\\\/produit\\\/tapis-de-billard-simonis-760\\\/#breadcrumb\"},\"inLanguage\":\"fr-FR\",\"potentialAction\":[{\"@type\":\"ReadAction\",\"target\":[\"https:\\\/\\\/theworldbilliards.com\\\/fr\\\/produit\\\/tapis-de-billard-simonis-760\\\/\"]}]},{\"@type\":\"ImageObject\",\"inLanguage\":\"fr-FR\",\"@id\":\"https:\\\/\\\/theworldbilliards.com\\\/fr\\\/produit\\\/tapis-de-billard-simonis-760\\\/#primaryimage\",\"url\":\"https:\\\/\\\/theworldbilliards.com\\\/wp-content\\\/uploads\\\/2017\\\/01\\\/simonis-760.jpg\",\"contentUrl\":\"https:\\\/\\\/theworldbilliards.com\\\/wp-content\\\/uploads\\\/2017\\\/01\\\/simonis-760.jpg\",\"width\":668,\"height\":668},{\"@type\":\"BreadcrumbList\",\"@id\":\"https:\\\/\\\/theworldbilliards.com\\\/fr\\\/produit\\\/tapis-de-billard-simonis-760\\\/#breadcrumb\",\"itemListElement\":[{\"@type\":\"ListItem\",\"position\":1,\"name\":\"In\u00edcio\",\"item\":\"https:\\\/\\\/theworldbilliards.com\\\/fr\\\/\"},{\"@type\":\"ListItem\",\"position\":2,\"name\":\"Boutique en ligne\",\"item\":\"https:\\\/\\\/theworldbilliards.com\\\/fr\\\/boutique-theworldbilliards\\\/\"},{\"@type\":\"ListItem\",\"position\":3,\"name\":\"Tapis de billard SIMONIS 760\"}]},{\"@type\":\"WebSite\",\"@id\":\"https:\\\/\\\/theworldbilliards.com\\\/fr\\\/#website\",\"url\":\"https:\\\/\\\/theworldbilliards.com\\\/fr\\\/\",\"name\":\"TheWorldBilliards\",\"description\":\"Achetez ici billard, baby-foot, ping-pong et bowling\",\"publisher\":{\"@id\":\"https:\\\/\\\/theworldbilliards.com\\\/fr\\\/#organization\"},\"alternateName\":\"The world billiards\",\"potentialAction\":[{\"@type\":\"SearchAction\",\"target\":{\"@type\":\"EntryPoint\",\"urlTemplate\":\"https:\\\/\\\/theworldbilliards.com\\\/fr\\\/?s={search_term_string}\"},\"query-input\":{\"@type\":\"PropertyValueSpecification\",\"valueRequired\":true,\"valueName\":\"search_term_string\"}}],\"inLanguage\":\"fr-FR\"},{\"@type\":\"Organization\",\"@id\":\"https:\\\/\\\/theworldbilliards.com\\\/fr\\\/#organization\",\"name\":\"The World Billiards\",\"alternateName\":\"The World Billiards\",\"url\":\"https:\\\/\\\/theworldbilliards.com\\\/fr\\\/\",\"logo\":{\"@type\":\"ImageObject\",\"inLanguage\":\"fr-FR\",\"@id\":\"https:\\\/\\\/theworldbilliards.com\\\/fr\\\/#\\\/schema\\\/logo\\\/image\\\/\",\"url\":\"\",\"contentUrl\":\"\",\"caption\":\"The World Billiards\"},\"image\":{\"@id\":\"https:\\\/\\\/theworldbilliards.com\\\/fr\\\/#\\\/schema\\\/logo\\\/image\\\/\"},\"sameAs\":[\"https:\\\/\\\/www.facebook.com\\\/baby.foot.superbes\",\"https:\\\/\\\/www.youtube.com\\\/channel\\\/UCIMuOVAaUcH6UpZcsZlH0Tg\",\"https:\\\/\\\/www.facebook.com\\\/people\\\/Brunswick-Billiards-EspaaPortugal\\\/100066446264309\\\/\",\"https:\\\/\\\/www.instagram.com\\\/the_world_billiards\\\/\",\"https:\\\/\\\/www.pinterest.es\\\/Theworldbilliards\\\/\"]}]}<\/script>\n<!-- \/ Yoast SEO plugin. -->","yoast_head_json":{"title":"Acheter Tapis de billard SIMONIS 760 - The World Billiards","description":"Excellent tapis pour les tournois de billard utilis\u00e9 massivement dans le monde entier pendant des d\u00e9cennies. Particuli\u00e8rement recommand\u00e9 pour le trafic intense. Ce tissu de r\u00e9f\u00e9rence est la l\u00e9gende! C'est aussi le meilleur et le plus appropri\u00e9 tissu pour la pyramide russe. 70% laine \/ 30% nylon; \u00b1 355 g \/ m\u00b2 Largeurs: 165 195 et 206 cm","robots":{"index":"index","follow":"follow","max-snippet":"max-snippet:-1","max-image-preview":"max-image-preview:large","max-video-preview":"max-video-preview:-1"},"canonical":"https:\/\/theworldbilliards.com\/fr\/produit\/tapis-de-billard-simonis-760\/","og_locale":"fr_FR","og_type":"article","og_title":"Acheter Tapis de billard SIMONIS 760 - The World Billiards","og_description":"Excellent tapis pour les tournois de billard utilis\u00e9 massivement dans le monde entier pendant des d\u00e9cennies. Particuli\u00e8rement recommand\u00e9 pour le trafic intense. Ce tissu de r\u00e9f\u00e9rence est la l\u00e9gende! C'est aussi le meilleur et le plus appropri\u00e9 tissu pour la pyramide russe. 70% laine \/ 30% nylon; \u00b1 355 g \/ m\u00b2 Largeurs: 165 195 et 206 cm","og_url":"https:\/\/theworldbilliards.com\/fr\/produit\/tapis-de-billard-simonis-760\/","og_site_name":"The World Billiards","article_publisher":"https:\/\/www.facebook.com\/baby.foot.superbes","article_modified_time":"2019-04-16T09:53:48+00:00","og_image":[{"width":668,"height":668,"url":"https:\/\/theworldbilliards.com\/wp-content\/uploads\/2017\/01\/simonis-760.jpg","type":"image\/jpeg"}],"twitter_card":"summary_large_image","schema":{"@context":"https:\/\/schema.org","@graph":[{"@type":"WebPage","@id":"https:\/\/theworldbilliards.com\/fr\/produit\/tapis-de-billard-simonis-760\/","url":"https:\/\/theworldbilliards.com\/fr\/produit\/tapis-de-billard-simonis-760\/","name":"Acheter Tapis de billard SIMONIS 760 - The World Billiards","isPartOf":{"@id":"https:\/\/theworldbilliards.com\/fr\/#website"},"primaryImageOfPage":{"@id":"https:\/\/theworldbilliards.com\/fr\/produit\/tapis-de-billard-simonis-760\/#primaryimage"},"image":{"@id":"https:\/\/theworldbilliards.com\/fr\/produit\/tapis-de-billard-simonis-760\/#primaryimage"},"thumbnailUrl":"https:\/\/theworldbilliards.com\/wp-content\/uploads\/2017\/01\/simonis-760.jpg","datePublished":"2017-01-03T15:15:37+00:00","dateModified":"2019-04-16T09:53:48+00:00","description":"Excellent tapis pour les tournois de billard utilis\u00e9 massivement dans le monde entier pendant des d\u00e9cennies. Particuli\u00e8rement recommand\u00e9 pour le trafic intense. Ce tissu de r\u00e9f\u00e9rence est la l\u00e9gende! C'est aussi le meilleur et le plus appropri\u00e9 tissu pour la pyramide russe. 70% laine \/ 30% nylon; \u00b1 355 g \/ m\u00b2 Largeurs: 165 195 et 206 cm","breadcrumb":{"@id":"https:\/\/theworldbilliards.com\/fr\/produit\/tapis-de-billard-simonis-760\/#breadcrumb"},"inLanguage":"fr-FR","potentialAction":[{"@type":"ReadAction","target":["https:\/\/theworldbilliards.com\/fr\/produit\/tapis-de-billard-simonis-760\/"]}]},{"@type":"ImageObject","inLanguage":"fr-FR","@id":"https:\/\/theworldbilliards.com\/fr\/produit\/tapis-de-billard-simonis-760\/#primaryimage","url":"https:\/\/theworldbilliards.com\/wp-content\/uploads\/2017\/01\/simonis-760.jpg","contentUrl":"https:\/\/theworldbilliards.com\/wp-content\/uploads\/2017\/01\/simonis-760.jpg","width":668,"height":668},{"@type":"BreadcrumbList","@id":"https:\/\/theworldbilliards.com\/fr\/produit\/tapis-de-billard-simonis-760\/#breadcrumb","itemListElement":[{"@type":"ListItem","position":1,"name":"In\u00edcio","item":"https:\/\/theworldbilliards.com\/fr\/"},{"@type":"ListItem","position":2,"name":"Boutique en ligne","item":"https:\/\/theworldbilliards.com\/fr\/boutique-theworldbilliards\/"},{"@type":"ListItem","position":3,"name":"Tapis de billard SIMONIS 760"}]},{"@type":"WebSite","@id":"https:\/\/theworldbilliards.com\/fr\/#website","url":"https:\/\/theworldbilliards.com\/fr\/","name":"TheWorldBilliards","description":"Achetez ici billard, baby-foot, ping-pong et bowling","publisher":{"@id":"https:\/\/theworldbilliards.com\/fr\/#organization"},"alternateName":"The world billiards","potentialAction":[{"@type":"SearchAction","target":{"@type":"EntryPoint","urlTemplate":"https:\/\/theworldbilliards.com\/fr\/?s={search_term_string}"},"query-input":{"@type":"PropertyValueSpecification","valueRequired":true,"valueName":"search_term_string"}}],"inLanguage":"fr-FR"},{"@type":"Organization","@id":"https:\/\/theworldbilliards.com\/fr\/#organization","name":"The World Billiards","alternateName":"The World Billiards","url":"https:\/\/theworldbilliards.com\/fr\/","logo":{"@type":"ImageObject","inLanguage":"fr-FR","@id":"https:\/\/theworldbilliards.com\/fr\/#\/schema\/logo\/image\/","url":"","contentUrl":"","caption":"The World Billiards"},"image":{"@id":"https:\/\/theworldbilliards.com\/fr\/#\/schema\/logo\/image\/"},"sameAs":["https:\/\/www.facebook.com\/baby.foot.superbes","https:\/\/www.youtube.com\/channel\/UCIMuOVAaUcH6UpZcsZlH0Tg","https:\/\/www.facebook.com\/people\/Brunswick-Billiards-EspaaPortugal\/100066446264309\/","https:\/\/www.instagram.com\/the_world_billiards\/","https:\/\/www.pinterest.es\/Theworldbilliards\/"]}]}},"_links":{"self":[{"href":"https:\/\/theworldbilliards.com\/fr\/wp-json\/wp\/v2\/product\/31192","targetHints":{"allow":["GET"]}}],"collection":[{"href":"https:\/\/theworldbilliards.com\/fr\/wp-json\/wp\/v2\/product"}],"about":[{"href":"https:\/\/theworldbilliards.com\/fr\/wp-json\/wp\/v2\/types\/product"}],"wp:featuredmedia":[{"embeddable":true,"href":"https:\/\/theworldbilliards.com\/fr\/wp-json\/wp\/v2\/media\/90341"}],"wp:attachment":[{"href":"https:\/\/theworldbilliards.com\/fr\/wp-json\/wp\/v2\/media?parent=31192"}],"wp:term":[{"taxonomy":"product_brand","embeddable":true,"href":"https:\/\/theworldbilliards.com\/fr\/wp-json\/wp\/v2\/product_brand?post=31192"},{"taxonomy":"product_cat","embeddable":true,"href":"https:\/\/theworldbilliards.com\/fr\/wp-json\/wp\/v2\/product_cat?post=31192"},{"taxonomy":"product_tag","embeddable":true,"href":"https:\/\/theworldbilliards.com\/fr\/wp-json\/wp\/v2\/product_tag?post=31192"}],"curies":[{"name":"wp","href":"https:\/\/api.w.org\/{rel}","templated":true}]}}