{"id":31195,"date":"2017-01-03T16:16:50","date_gmt":"2017-01-03T15:16:50","guid":{"rendered":"http:\/\/theworldbilliards.com\/?post_type=product&#038;p=31195\/"},"modified":"2022-10-07T13:30:06","modified_gmt":"2022-10-07T11:30:06","slug":"tapis-de-bilhar-simonis-760-dexterieur","status":"publish","type":"product","link":"https:\/\/theworldbilliards.com\/fr\/produit\/tapis-de-bilhar-simonis-760-dexterieur\/","title":{"rendered":"tapis de bilhar SIMONIS 760 d&rsquo;ext\u00e9rieur"},"content":{"rendered":"<p>Le tapis d&rsquo;ext\u00e9rieur Simonis (760) est un chiffon de billard trait\u00e9 comme un chiffon enduit et \u00e9galement recouvert d&rsquo;un rev\u00eatement r\u00e9sistant aux UV. Ce tapis de billard s&rsquo;adapte parfaitement \u00e0 tous les types de temps. Gr\u00e2ce en partie \u00e0 sa r\u00e9sistance aux rayons UV, la couleur reste constante et le tissu reste tendu. Il n&rsquo;absorbe pas l&rsquo;eau, ce qui le rend efficace pour une utilisation sous la pluie ou la neige.<\/p>\n<p>Le chiffon d&rsquo;ext\u00e9rieur Simonis 760 est disponible de s\u00e9rie en largeur de 165 cm en Bleu P\u00e9trole et 195 cm en Gris Ardoise.<\/p>\n","protected":false},"excerpt":{"rendered":"<p>Le tapis d&rsquo;ext\u00e9rieur Simonis (760) est un chiffon de billard trait\u00e9 comme un chiffon enduit et \u00e9galement recouvert d&rsquo;un rev\u00eatement [&hellip;]<\/p>\n","protected":false},"featured_media":90365,"template":"","meta":{"site-sidebar-layout":"default","site-content-layout":"","ast-site-content-layout":"default","site-content-style":"default","site-sidebar-style":"default","ast-global-header-display":"","ast-banner-title-visibility":"","ast-main-header-display":"","ast-hfb-above-header-display":"","ast-hfb-below-header-display":"","ast-hfb-mobile-header-display":"","site-post-title":"","ast-breadcrumbs-content":"","ast-featured-img":"","footer-sml-layout":"","ast-disable-related-posts":"","theme-transparent-header-meta":"default","adv-header-id-meta":"","stick-header-meta":"","header-above-stick-meta":"","header-main-stick-meta":"","header-below-stick-meta":"","astra-migrate-meta-layouts":"default","ast-page-background-enabled":"default","ast-page-background-meta":{"desktop":{"background-color":"var(--ast-global-color-4)","background-image":"","background-repeat":"repeat","background-position":"center center","background-size":"auto","background-attachment":"scroll","background-type":"","background-media":"","overlay-type":"","overlay-color":"","overlay-opacity":"","overlay-gradient":""},"tablet":{"background-color":"","background-image":"","background-repeat":"repeat","background-position":"center center","background-size":"auto","background-attachment":"scroll","background-type":"","background-media":"","overlay-type":"","overlay-color":"","overlay-opacity":"","overlay-gradient":""},"mobile":{"background-color":"","background-image":"","background-repeat":"repeat","background-position":"center center","background-size":"auto","background-attachment":"scroll","background-type":"","background-media":"","overlay-type":"","overlay-color":"","overlay-opacity":"","overlay-gradient":""}},"ast-content-background-meta":{"desktop":{"background-color":"var(--ast-global-color-5)","background-image":"","background-repeat":"repeat","background-position":"center center","background-size":"auto","background-attachment":"scroll","background-type":"","background-media":"","overlay-type":"","overlay-color":"","overlay-opacity":"","overlay-gradient":""},"tablet":{"background-color":"var(--ast-global-color-5)","background-image":"","background-repeat":"repeat","background-position":"center center","background-size":"auto","background-attachment":"scroll","background-type":"","background-media":"","overlay-type":"","overlay-color":"","overlay-opacity":"","overlay-gradient":""},"mobile":{"background-color":"var(--ast-global-color-5)","background-image":"","background-repeat":"repeat","background-position":"center center","background-size":"auto","background-attachment":"scroll","background-type":"","background-media":"","overlay-type":"","overlay-color":"","overlay-opacity":"","overlay-gradient":""}}},"product_brand":[5246],"product_cat":[3450,1222],"product_tag":[],"class_list":{"0":"post-31195","1":"product","2":"type-product","3":"status-publish","4":"has-post-thumbnail","6":"product_brand-simonis-cloth-fr","7":"product_cat-jeux-de-exterieur","8":"product_cat-tapis-de-billard","9":"product_shipping_class-accessoires-textiles","10":"desktop-align-center","11":"tablet-align-left","12":"mobile-align-left","14":"first","15":"instock","16":"taxable","17":"shipping-taxable","18":"product-type-simple"},"yoast_head":"<!-- This site is optimized with the Yoast SEO plugin v27.4 - https:\/\/yoast.com\/product\/yoast-seo-wordpress\/ -->\n<title>Acheter tapis de bilhar SIMONIS 760 d&#039;ext\u00e9rieur - The World Billiards<\/title>\n<meta name=\"description\" content=\"Le tapis d&#039;ext\u00e9rieur Simonis (760) est un chiffon de billard trait\u00e9 comme un chiffon enduit et \u00e9galement recouvert d&#039;un rev\u00eatement r\u00e9sistant aux UV. Ce tapis de billard s&#039;adapte parfaitement \u00e0 tous les types de temps. Gr\u00e2ce en partie \u00e0 sa r\u00e9sistance aux rayons UV, la couleur reste constante et le tissu reste tendu. Il n&#039;absorbe pas l&#039;eau, ce qui le rend efficace pour une utilisation sous la pluie ou la neige.  Le chiffon d&#039;ext\u00e9rieur Simonis 760 est disponible de s\u00e9rie en largeur de 165 cm en Bleu P\u00e9trole et 195 cm en Gris Ardoise.\" \/>\n<meta name=\"robots\" content=\"index, follow, max-snippet:-1, max-image-preview:large, max-video-preview:-1\" \/>\n<link rel=\"canonical\" href=\"https:\/\/theworldbilliards.com\/fr\/produit\/tapis-de-bilhar-simonis-760-dexterieur\/\" \/>\n<meta property=\"og:locale\" content=\"fr_FR\" \/>\n<meta property=\"og:type\" content=\"article\" \/>\n<meta property=\"og:title\" content=\"Acheter tapis de bilhar SIMONIS 760 d&#039;ext\u00e9rieur - The World Billiards\" \/>\n<meta property=\"og:description\" content=\"Le tapis d&#039;ext\u00e9rieur Simonis (760) est un chiffon de billard trait\u00e9 comme un chiffon enduit et \u00e9galement recouvert d&#039;un rev\u00eatement r\u00e9sistant aux UV. Ce tapis de billard s&#039;adapte parfaitement \u00e0 tous les types de temps. Gr\u00e2ce en partie \u00e0 sa r\u00e9sistance aux rayons UV, la couleur reste constante et le tissu reste tendu. Il n&#039;absorbe pas l&#039;eau, ce qui le rend efficace pour une utilisation sous la pluie ou la neige.  Le chiffon d&#039;ext\u00e9rieur Simonis 760 est disponible de s\u00e9rie en largeur de 165 cm en Bleu P\u00e9trole et 195 cm en Gris Ardoise.\" \/>\n<meta property=\"og:url\" content=\"https:\/\/theworldbilliards.com\/fr\/produit\/tapis-de-bilhar-simonis-760-dexterieur\/\" \/>\n<meta property=\"og:site_name\" content=\"The World Billiards\" \/>\n<meta property=\"article:publisher\" content=\"https:\/\/www.facebook.com\/baby.foot.superbes\" \/>\n<meta property=\"article:modified_time\" content=\"2022-10-07T11:30:06+00:00\" \/>\n<meta property=\"og:image\" content=\"https:\/\/theworldbilliards.com\/wp-content\/uploads\/2017\/01\/Simonis-Outdoor-760.jpg\" \/>\n\t<meta property=\"og:image:width\" content=\"500\" \/>\n\t<meta property=\"og:image:height\" content=\"500\" \/>\n\t<meta property=\"og:image:type\" content=\"image\/jpeg\" \/>\n<meta name=\"twitter:card\" content=\"summary_large_image\" \/>\n<script type=\"application\/ld+json\" class=\"yoast-schema-graph\">{\"@context\":\"https:\\\/\\\/schema.org\",\"@graph\":[{\"@type\":\"WebPage\",\"@id\":\"https:\\\/\\\/theworldbilliards.com\\\/fr\\\/produit\\\/tapis-de-bilhar-simonis-760-dexterieur\\\/\",\"url\":\"https:\\\/\\\/theworldbilliards.com\\\/fr\\\/produit\\\/tapis-de-bilhar-simonis-760-dexterieur\\\/\",\"name\":\"Acheter tapis de bilhar SIMONIS 760 d'ext\u00e9rieur - The World Billiards\",\"isPartOf\":{\"@id\":\"https:\\\/\\\/theworldbilliards.com\\\/fr\\\/#website\"},\"primaryImageOfPage\":{\"@id\":\"https:\\\/\\\/theworldbilliards.com\\\/fr\\\/produit\\\/tapis-de-bilhar-simonis-760-dexterieur\\\/#primaryimage\"},\"image\":{\"@id\":\"https:\\\/\\\/theworldbilliards.com\\\/fr\\\/produit\\\/tapis-de-bilhar-simonis-760-dexterieur\\\/#primaryimage\"},\"thumbnailUrl\":\"https:\\\/\\\/theworldbilliards.com\\\/wp-content\\\/uploads\\\/2017\\\/01\\\/Simonis-Outdoor-760.jpg\",\"datePublished\":\"2017-01-03T15:16:50+00:00\",\"dateModified\":\"2022-10-07T11:30:06+00:00\",\"description\":\"Le tapis d'ext\u00e9rieur Simonis (760) est un chiffon de billard trait\u00e9 comme un chiffon enduit et \u00e9galement recouvert d'un rev\u00eatement r\u00e9sistant aux UV. Ce tapis de billard s'adapte parfaitement \u00e0 tous les types de temps. Gr\u00e2ce en partie \u00e0 sa r\u00e9sistance aux rayons UV, la couleur reste constante et le tissu reste tendu. Il n'absorbe pas l'eau, ce qui le rend efficace pour une utilisation sous la pluie ou la neige. Le chiffon d'ext\u00e9rieur Simonis 760 est disponible de s\u00e9rie en largeur de 165 cm en Bleu P\u00e9trole et 195 cm en Gris Ardoise.\",\"breadcrumb\":{\"@id\":\"https:\\\/\\\/theworldbilliards.com\\\/fr\\\/produit\\\/tapis-de-bilhar-simonis-760-dexterieur\\\/#breadcrumb\"},\"inLanguage\":\"fr-FR\",\"potentialAction\":[{\"@type\":\"ReadAction\",\"target\":[\"https:\\\/\\\/theworldbilliards.com\\\/fr\\\/produit\\\/tapis-de-bilhar-simonis-760-dexterieur\\\/\"]}]},{\"@type\":\"ImageObject\",\"inLanguage\":\"fr-FR\",\"@id\":\"https:\\\/\\\/theworldbilliards.com\\\/fr\\\/produit\\\/tapis-de-bilhar-simonis-760-dexterieur\\\/#primaryimage\",\"url\":\"https:\\\/\\\/theworldbilliards.com\\\/wp-content\\\/uploads\\\/2017\\\/01\\\/Simonis-Outdoor-760.jpg\",\"contentUrl\":\"https:\\\/\\\/theworldbilliards.com\\\/wp-content\\\/uploads\\\/2017\\\/01\\\/Simonis-Outdoor-760.jpg\",\"width\":500,\"height\":500},{\"@type\":\"BreadcrumbList\",\"@id\":\"https:\\\/\\\/theworldbilliards.com\\\/fr\\\/produit\\\/tapis-de-bilhar-simonis-760-dexterieur\\\/#breadcrumb\",\"itemListElement\":[{\"@type\":\"ListItem\",\"position\":1,\"name\":\"In\u00edcio\",\"item\":\"https:\\\/\\\/theworldbilliards.com\\\/fr\\\/\"},{\"@type\":\"ListItem\",\"position\":2,\"name\":\"Boutique en ligne\",\"item\":\"https:\\\/\\\/theworldbilliards.com\\\/fr\\\/boutique-theworldbilliards\\\/\"},{\"@type\":\"ListItem\",\"position\":3,\"name\":\"tapis de bilhar SIMONIS 760 d&#8217;ext\u00e9rieur\"}]},{\"@type\":\"WebSite\",\"@id\":\"https:\\\/\\\/theworldbilliards.com\\\/fr\\\/#website\",\"url\":\"https:\\\/\\\/theworldbilliards.com\\\/fr\\\/\",\"name\":\"TheWorldBilliards\",\"description\":\"Achetez ici billard, baby-foot, ping-pong et bowling\",\"publisher\":{\"@id\":\"https:\\\/\\\/theworldbilliards.com\\\/fr\\\/#organization\"},\"alternateName\":\"The world billiards\",\"potentialAction\":[{\"@type\":\"SearchAction\",\"target\":{\"@type\":\"EntryPoint\",\"urlTemplate\":\"https:\\\/\\\/theworldbilliards.com\\\/fr\\\/?s={search_term_string}\"},\"query-input\":{\"@type\":\"PropertyValueSpecification\",\"valueRequired\":true,\"valueName\":\"search_term_string\"}}],\"inLanguage\":\"fr-FR\"},{\"@type\":\"Organization\",\"@id\":\"https:\\\/\\\/theworldbilliards.com\\\/fr\\\/#organization\",\"name\":\"The World Billiards\",\"alternateName\":\"The World Billiards\",\"url\":\"https:\\\/\\\/theworldbilliards.com\\\/fr\\\/\",\"logo\":{\"@type\":\"ImageObject\",\"inLanguage\":\"fr-FR\",\"@id\":\"https:\\\/\\\/theworldbilliards.com\\\/fr\\\/#\\\/schema\\\/logo\\\/image\\\/\",\"url\":\"\",\"contentUrl\":\"\",\"caption\":\"The World Billiards\"},\"image\":{\"@id\":\"https:\\\/\\\/theworldbilliards.com\\\/fr\\\/#\\\/schema\\\/logo\\\/image\\\/\"},\"sameAs\":[\"https:\\\/\\\/www.facebook.com\\\/baby.foot.superbes\",\"https:\\\/\\\/www.youtube.com\\\/channel\\\/UCIMuOVAaUcH6UpZcsZlH0Tg\",\"https:\\\/\\\/www.facebook.com\\\/people\\\/Brunswick-Billiards-EspaaPortugal\\\/100066446264309\\\/\",\"https:\\\/\\\/www.instagram.com\\\/the_world_billiards\\\/\",\"https:\\\/\\\/www.pinterest.es\\\/Theworldbilliards\\\/\"]}]}<\/script>\n<!-- \/ Yoast SEO plugin. -->","yoast_head_json":{"title":"Acheter tapis de bilhar SIMONIS 760 d'ext\u00e9rieur - The World Billiards","description":"Le tapis d'ext\u00e9rieur Simonis (760) est un chiffon de billard trait\u00e9 comme un chiffon enduit et \u00e9galement recouvert d'un rev\u00eatement r\u00e9sistant aux UV. Ce tapis de billard s'adapte parfaitement \u00e0 tous les types de temps. Gr\u00e2ce en partie \u00e0 sa r\u00e9sistance aux rayons UV, la couleur reste constante et le tissu reste tendu. Il n'absorbe pas l'eau, ce qui le rend efficace pour une utilisation sous la pluie ou la neige.  Le chiffon d'ext\u00e9rieur Simonis 760 est disponible de s\u00e9rie en largeur de 165 cm en Bleu P\u00e9trole et 195 cm en Gris Ardoise.","robots":{"index":"index","follow":"follow","max-snippet":"max-snippet:-1","max-image-preview":"max-image-preview:large","max-video-preview":"max-video-preview:-1"},"canonical":"https:\/\/theworldbilliards.com\/fr\/produit\/tapis-de-bilhar-simonis-760-dexterieur\/","og_locale":"fr_FR","og_type":"article","og_title":"Acheter tapis de bilhar SIMONIS 760 d'ext\u00e9rieur - The World Billiards","og_description":"Le tapis d'ext\u00e9rieur Simonis (760) est un chiffon de billard trait\u00e9 comme un chiffon enduit et \u00e9galement recouvert d'un rev\u00eatement r\u00e9sistant aux UV. Ce tapis de billard s'adapte parfaitement \u00e0 tous les types de temps. Gr\u00e2ce en partie \u00e0 sa r\u00e9sistance aux rayons UV, la couleur reste constante et le tissu reste tendu. Il n'absorbe pas l'eau, ce qui le rend efficace pour une utilisation sous la pluie ou la neige.  Le chiffon d'ext\u00e9rieur Simonis 760 est disponible de s\u00e9rie en largeur de 165 cm en Bleu P\u00e9trole et 195 cm en Gris Ardoise.","og_url":"https:\/\/theworldbilliards.com\/fr\/produit\/tapis-de-bilhar-simonis-760-dexterieur\/","og_site_name":"The World Billiards","article_publisher":"https:\/\/www.facebook.com\/baby.foot.superbes","article_modified_time":"2022-10-07T11:30:06+00:00","og_image":[{"width":500,"height":500,"url":"https:\/\/theworldbilliards.com\/wp-content\/uploads\/2017\/01\/Simonis-Outdoor-760.jpg","type":"image\/jpeg"}],"twitter_card":"summary_large_image","schema":{"@context":"https:\/\/schema.org","@graph":[{"@type":"WebPage","@id":"https:\/\/theworldbilliards.com\/fr\/produit\/tapis-de-bilhar-simonis-760-dexterieur\/","url":"https:\/\/theworldbilliards.com\/fr\/produit\/tapis-de-bilhar-simonis-760-dexterieur\/","name":"Acheter tapis de bilhar SIMONIS 760 d'ext\u00e9rieur - The World Billiards","isPartOf":{"@id":"https:\/\/theworldbilliards.com\/fr\/#website"},"primaryImageOfPage":{"@id":"https:\/\/theworldbilliards.com\/fr\/produit\/tapis-de-bilhar-simonis-760-dexterieur\/#primaryimage"},"image":{"@id":"https:\/\/theworldbilliards.com\/fr\/produit\/tapis-de-bilhar-simonis-760-dexterieur\/#primaryimage"},"thumbnailUrl":"https:\/\/theworldbilliards.com\/wp-content\/uploads\/2017\/01\/Simonis-Outdoor-760.jpg","datePublished":"2017-01-03T15:16:50+00:00","dateModified":"2022-10-07T11:30:06+00:00","description":"Le tapis d'ext\u00e9rieur Simonis (760) est un chiffon de billard trait\u00e9 comme un chiffon enduit et \u00e9galement recouvert d'un rev\u00eatement r\u00e9sistant aux UV. Ce tapis de billard s'adapte parfaitement \u00e0 tous les types de temps. Gr\u00e2ce en partie \u00e0 sa r\u00e9sistance aux rayons UV, la couleur reste constante et le tissu reste tendu. Il n'absorbe pas l'eau, ce qui le rend efficace pour une utilisation sous la pluie ou la neige. Le chiffon d'ext\u00e9rieur Simonis 760 est disponible de s\u00e9rie en largeur de 165 cm en Bleu P\u00e9trole et 195 cm en Gris Ardoise.","breadcrumb":{"@id":"https:\/\/theworldbilliards.com\/fr\/produit\/tapis-de-bilhar-simonis-760-dexterieur\/#breadcrumb"},"inLanguage":"fr-FR","potentialAction":[{"@type":"ReadAction","target":["https:\/\/theworldbilliards.com\/fr\/produit\/tapis-de-bilhar-simonis-760-dexterieur\/"]}]},{"@type":"ImageObject","inLanguage":"fr-FR","@id":"https:\/\/theworldbilliards.com\/fr\/produit\/tapis-de-bilhar-simonis-760-dexterieur\/#primaryimage","url":"https:\/\/theworldbilliards.com\/wp-content\/uploads\/2017\/01\/Simonis-Outdoor-760.jpg","contentUrl":"https:\/\/theworldbilliards.com\/wp-content\/uploads\/2017\/01\/Simonis-Outdoor-760.jpg","width":500,"height":500},{"@type":"BreadcrumbList","@id":"https:\/\/theworldbilliards.com\/fr\/produit\/tapis-de-bilhar-simonis-760-dexterieur\/#breadcrumb","itemListElement":[{"@type":"ListItem","position":1,"name":"In\u00edcio","item":"https:\/\/theworldbilliards.com\/fr\/"},{"@type":"ListItem","position":2,"name":"Boutique en ligne","item":"https:\/\/theworldbilliards.com\/fr\/boutique-theworldbilliards\/"},{"@type":"ListItem","position":3,"name":"tapis de bilhar SIMONIS 760 d&#8217;ext\u00e9rieur"}]},{"@type":"WebSite","@id":"https:\/\/theworldbilliards.com\/fr\/#website","url":"https:\/\/theworldbilliards.com\/fr\/","name":"TheWorldBilliards","description":"Achetez ici billard, baby-foot, ping-pong et bowling","publisher":{"@id":"https:\/\/theworldbilliards.com\/fr\/#organization"},"alternateName":"The world billiards","potentialAction":[{"@type":"SearchAction","target":{"@type":"EntryPoint","urlTemplate":"https:\/\/theworldbilliards.com\/fr\/?s={search_term_string}"},"query-input":{"@type":"PropertyValueSpecification","valueRequired":true,"valueName":"search_term_string"}}],"inLanguage":"fr-FR"},{"@type":"Organization","@id":"https:\/\/theworldbilliards.com\/fr\/#organization","name":"The World Billiards","alternateName":"The World Billiards","url":"https:\/\/theworldbilliards.com\/fr\/","logo":{"@type":"ImageObject","inLanguage":"fr-FR","@id":"https:\/\/theworldbilliards.com\/fr\/#\/schema\/logo\/image\/","url":"","contentUrl":"","caption":"The World Billiards"},"image":{"@id":"https:\/\/theworldbilliards.com\/fr\/#\/schema\/logo\/image\/"},"sameAs":["https:\/\/www.facebook.com\/baby.foot.superbes","https:\/\/www.youtube.com\/channel\/UCIMuOVAaUcH6UpZcsZlH0Tg","https:\/\/www.facebook.com\/people\/Brunswick-Billiards-EspaaPortugal\/100066446264309\/","https:\/\/www.instagram.com\/the_world_billiards\/","https:\/\/www.pinterest.es\/Theworldbilliards\/"]}]}},"_links":{"self":[{"href":"https:\/\/theworldbilliards.com\/fr\/wp-json\/wp\/v2\/product\/31195","targetHints":{"allow":["GET"]}}],"collection":[{"href":"https:\/\/theworldbilliards.com\/fr\/wp-json\/wp\/v2\/product"}],"about":[{"href":"https:\/\/theworldbilliards.com\/fr\/wp-json\/wp\/v2\/types\/product"}],"wp:featuredmedia":[{"embeddable":true,"href":"https:\/\/theworldbilliards.com\/fr\/wp-json\/wp\/v2\/media\/90365"}],"wp:attachment":[{"href":"https:\/\/theworldbilliards.com\/fr\/wp-json\/wp\/v2\/media?parent=31195"}],"wp:term":[{"taxonomy":"product_brand","embeddable":true,"href":"https:\/\/theworldbilliards.com\/fr\/wp-json\/wp\/v2\/product_brand?post=31195"},{"taxonomy":"product_cat","embeddable":true,"href":"https:\/\/theworldbilliards.com\/fr\/wp-json\/wp\/v2\/product_cat?post=31195"},{"taxonomy":"product_tag","embeddable":true,"href":"https:\/\/theworldbilliards.com\/fr\/wp-json\/wp\/v2\/product_tag?post=31195"}],"curies":[{"name":"wp","href":"https:\/\/api.w.org\/{rel}","templated":true}]}}