{"id":31367,"date":"2017-01-05T10:37:27","date_gmt":"2017-01-05T09:37:27","guid":{"rendered":"http:\/\/theworldbilliards.com\/?post_type=product&#038;p=31367\/"},"modified":"2025-06-23T11:53:18","modified_gmt":"2025-06-23T09:53:18","slug":"baby-foot-garlando-master-champion","status":"publish","type":"product","link":"https:\/\/theworldbilliards.com\/fr\/produit\/baby-foot-garlando-master-champion\/","title":{"rendered":"Baby foot Garlando Master Champion"},"content":{"rendered":"<p>La table ITSF autoris\u00e9e pour les comp\u00e9titions International, Master Series et Pro Tour.<br \/>\nCette version gratuite du champion du monde r\u00e9sume les m\u00eames caract\u00e9ristiques excellentes que le mod\u00e8le \u00e0 pi\u00e8ces dans un produit domestique et constitue le mod\u00e8le officiel de l&rsquo;ITSF pour les comp\u00e9titions internationales des cat\u00e9gories International, Master Series et Pro Tour.<\/p>\n<p>Utilis\u00e9 par les joueurs professionnels dans les tournois du monde entier, il dispose de compteurs de scores de comp\u00e9tition et de niveleurs de jambes, de gommes sur les barres et d&rsquo;adistancer pour garder le gardien de but dans la plage de buts, parmi beaucoup d&rsquo;autres.<\/p>\n<p>Mod\u00e8le de freeplay et, en m\u00eame temps, une vraie table de comp\u00e9tition, Master Champion est un produit profond\u00e9ment innovant par rapport \u00e0 la table de base traditionnelle et un outil id\u00e9al pour s&rsquo;entra\u00eener avant les tournois internationaux.<\/p>\n<p>Longueur 150cm<br \/>\nLargeur 77cm<br \/>\nLargeur avec tiges solides 125cm<br \/>\nHauteur 89 * \/ 91 ** cm<br \/>\nPoids 80Kg<br \/>\n* avec les niveleurs de jambe compl\u00e8tement abaiss\u00e9s.<br \/>\n** avec les niveleurs de jambe enti\u00e8rement relev\u00e9s.<\/p>\n<p><iframe loading=\"lazy\" width=\"560\" height=\"315\" src=\"https:\/\/www.youtube.com\/embed\/2mg_mjBGclQ?si=ddCglFA4H4Z9WBq2\" title=\"YouTube video player\" frameborder=\"0\" allow=\"accelerometer; autoplay; clipboard-write; encrypted-media; gyroscope; picture-in-picture; web-share\" referrerpolicy=\"strict-origin-when-cross-origin\" allowfullscreen><\/iframe><\/p>\n","protected":false},"excerpt":{"rendered":"<p>La table ITSF autoris\u00e9e pour les comp\u00e9titions International, Master Series et Pro Tour. Cette version gratuite du champion du monde [&hellip;]<\/p>\n","protected":false},"featured_media":107932,"template":"","meta":{"site-sidebar-layout":"default","site-content-layout":"","ast-site-content-layout":"default","site-content-style":"default","site-sidebar-style":"default","ast-global-header-display":"","ast-banner-title-visibility":"","ast-main-header-display":"","ast-hfb-above-header-display":"","ast-hfb-below-header-display":"","ast-hfb-mobile-header-display":"","site-post-title":"","ast-breadcrumbs-content":"","ast-featured-img":"","footer-sml-layout":"","ast-disable-related-posts":"","theme-transparent-header-meta":"default","adv-header-id-meta":"","stick-header-meta":"","header-above-stick-meta":"","header-main-stick-meta":"","header-below-stick-meta":"","astra-migrate-meta-layouts":"default","ast-page-background-enabled":"default","ast-page-background-meta":{"desktop":{"background-color":"var(--ast-global-color-4)","background-image":"","background-repeat":"repeat","background-position":"center center","background-size":"auto","background-attachment":"scroll","background-type":"","background-media":"","overlay-type":"","overlay-color":"","overlay-opacity":"","overlay-gradient":""},"tablet":{"background-color":"","background-image":"","background-repeat":"repeat","background-position":"center center","background-size":"auto","background-attachment":"scroll","background-type":"","background-media":"","overlay-type":"","overlay-color":"","overlay-opacity":"","overlay-gradient":""},"mobile":{"background-color":"","background-image":"","background-repeat":"repeat","background-position":"center center","background-size":"auto","background-attachment":"scroll","background-type":"","background-media":"","overlay-type":"","overlay-color":"","overlay-opacity":"","overlay-gradient":""}},"ast-content-background-meta":{"desktop":{"background-color":"var(--ast-global-color-5)","background-image":"","background-repeat":"repeat","background-position":"center center","background-size":"auto","background-attachment":"scroll","background-type":"","background-media":"","overlay-type":"","overlay-color":"","overlay-opacity":"","overlay-gradient":""},"tablet":{"background-color":"var(--ast-global-color-5)","background-image":"","background-repeat":"repeat","background-position":"center center","background-size":"auto","background-attachment":"scroll","background-type":"","background-media":"","overlay-type":"","overlay-color":"","overlay-opacity":"","overlay-gradient":""},"mobile":{"background-color":"var(--ast-global-color-5)","background-image":"","background-repeat":"repeat","background-position":"center center","background-size":"auto","background-attachment":"scroll","background-type":"","background-media":"","overlay-type":"","overlay-color":"","overlay-opacity":"","overlay-gradient":""}}},"product_brand":[5230],"product_cat":[1434,1437],"product_tag":[],"class_list":{"0":"post-31367","1":"product","2":"type-product","3":"status-publish","4":"has-post-thumbnail","6":"product_brand-garlando-fr","7":"product_cat-baby-foot-de-competition","8":"product_cat-baby-foot-sans-monnayeur","9":"product_shipping_class-baby-foot","10":"desktop-align-center","11":"tablet-align-left","12":"mobile-align-left","14":"first","15":"instock","16":"taxable","17":"shipping-taxable","18":"purchasable","19":"product-type-simple"},"yoast_head":"<!-- This site is optimized with the Yoast SEO plugin v27.5 - https:\/\/yoast.com\/product\/yoast-seo-wordpress\/ -->\n<title>Acheter Baby foot Garlando Master Champion - The World Billiards<\/title>\n<meta name=\"description\" content=\"La table ITSF autoris\u00e9e pour les comp\u00e9titions International, Master Series et Pro Tour. Cette version gratuite du champion du monde r\u00e9sume les m\u00eames caract\u00e9ristiques excellentes que le mod\u00e8le \u00e0 pi\u00e8ces dans un produit domestique et constitue le mod\u00e8le officiel de l&#039;ITSF pour les comp\u00e9titions internationales des cat\u00e9gories International, Master Series et Pro Tour.  Utilis\u00e9 par les joueurs professionnels dans les tournois du monde entier, il dispose de compteurs de scores de comp\u00e9tition et de niveleurs de jambes, de gommes sur les barres et d&#039;adistancer pour garder le gardien de but dans la plage de buts, parmi beaucoup d&#039;autres.  Mod\u00e8le de freeplay et, en m\u00eame temps, une vraie table de comp\u00e9tition, Master Champion est un produit profond\u00e9ment innovant par rapport \u00e0 la table de base traditionnelle et un outil id\u00e9al pour s&#039;entra\u00eener avant les tournois internationaux.  Longueur 150cm Largeur 77cm Largeur avec tiges solides 125cm Hauteur 89 * \/ 91 ** cm Poids 80Kg * avec les niveleurs de jambe compl\u00e8tement abaiss\u00e9s. ** avec les niveleurs de jambe enti\u00e8rement relev\u00e9s.\" \/>\n<meta name=\"robots\" content=\"index, follow, max-snippet:-1, max-image-preview:large, max-video-preview:-1\" \/>\n<link rel=\"canonical\" href=\"https:\/\/theworldbilliards.com\/fr\/produit\/baby-foot-garlando-master-champion\/\" \/>\n<meta property=\"og:locale\" content=\"fr_FR\" \/>\n<meta property=\"og:type\" content=\"article\" \/>\n<meta property=\"og:title\" content=\"Acheter Baby foot Garlando Master Champion - The World Billiards\" \/>\n<meta property=\"og:description\" content=\"La table ITSF autoris\u00e9e pour les comp\u00e9titions International, Master Series et Pro Tour. Cette version gratuite du champion du monde r\u00e9sume les m\u00eames caract\u00e9ristiques excellentes que le mod\u00e8le \u00e0 pi\u00e8ces dans un produit domestique et constitue le mod\u00e8le officiel de l&#039;ITSF pour les comp\u00e9titions internationales des cat\u00e9gories International, Master Series et Pro Tour.  Utilis\u00e9 par les joueurs professionnels dans les tournois du monde entier, il dispose de compteurs de scores de comp\u00e9tition et de niveleurs de jambes, de gommes sur les barres et d&#039;adistancer pour garder le gardien de but dans la plage de buts, parmi beaucoup d&#039;autres.  Mod\u00e8le de freeplay et, en m\u00eame temps, une vraie table de comp\u00e9tition, Master Champion est un produit profond\u00e9ment innovant par rapport \u00e0 la table de base traditionnelle et un outil id\u00e9al pour s&#039;entra\u00eener avant les tournois internationaux.  Longueur 150cm Largeur 77cm Largeur avec tiges solides 125cm Hauteur 89 * \/ 91 ** cm Poids 80Kg * avec les niveleurs de jambe compl\u00e8tement abaiss\u00e9s. ** avec les niveleurs de jambe enti\u00e8rement relev\u00e9s.\" \/>\n<meta property=\"og:url\" content=\"https:\/\/theworldbilliards.com\/fr\/produit\/baby-foot-garlando-master-champion\/\" \/>\n<meta property=\"og:site_name\" content=\"The World Billiards\" \/>\n<meta property=\"article:publisher\" content=\"https:\/\/www.facebook.com\/baby.foot.superbes\" \/>\n<meta property=\"article:modified_time\" content=\"2025-06-23T09:53:18+00:00\" \/>\n<meta property=\"og:image\" content=\"https:\/\/theworldbilliards.com\/wp-content\/uploads\/2017\/01\/garlando-master-champion.jpg\" \/>\n\t<meta property=\"og:image:width\" content=\"1024\" \/>\n\t<meta property=\"og:image:height\" content=\"1024\" \/>\n\t<meta property=\"og:image:type\" content=\"image\/jpeg\" \/>\n<meta name=\"twitter:card\" content=\"summary_large_image\" \/>\n<script type=\"application\/ld+json\" class=\"yoast-schema-graph\">{\"@context\":\"https:\\\/\\\/schema.org\",\"@graph\":[{\"@type\":\"WebPage\",\"@id\":\"https:\\\/\\\/theworldbilliards.com\\\/fr\\\/produit\\\/baby-foot-garlando-master-champion\\\/\",\"url\":\"https:\\\/\\\/theworldbilliards.com\\\/fr\\\/produit\\\/baby-foot-garlando-master-champion\\\/\",\"name\":\"Acheter Baby foot Garlando Master Champion - The World Billiards\",\"isPartOf\":{\"@id\":\"https:\\\/\\\/theworldbilliards.com\\\/fr\\\/#website\"},\"primaryImageOfPage\":{\"@id\":\"https:\\\/\\\/theworldbilliards.com\\\/fr\\\/produit\\\/baby-foot-garlando-master-champion\\\/#primaryimage\"},\"image\":{\"@id\":\"https:\\\/\\\/theworldbilliards.com\\\/fr\\\/produit\\\/baby-foot-garlando-master-champion\\\/#primaryimage\"},\"thumbnailUrl\":\"https:\\\/\\\/theworldbilliards.com\\\/wp-content\\\/uploads\\\/2017\\\/01\\\/garlando-master-champion.jpg\",\"datePublished\":\"2017-01-05T09:37:27+00:00\",\"dateModified\":\"2025-06-23T09:53:18+00:00\",\"description\":\"La table ITSF autoris\u00e9e pour les comp\u00e9titions International, Master Series et Pro Tour. Cette version gratuite du champion du monde r\u00e9sume les m\u00eames caract\u00e9ristiques excellentes que le mod\u00e8le \u00e0 pi\u00e8ces dans un produit domestique et constitue le mod\u00e8le officiel de l'ITSF pour les comp\u00e9titions internationales des cat\u00e9gories International, Master Series et Pro Tour. Utilis\u00e9 par les joueurs professionnels dans les tournois du monde entier, il dispose de compteurs de scores de comp\u00e9tition et de niveleurs de jambes, de gommes sur les barres et d'adistancer pour garder le gardien de but dans la plage de buts, parmi beaucoup d'autres. Mod\u00e8le de freeplay et, en m\u00eame temps, une vraie table de comp\u00e9tition, Master Champion est un produit profond\u00e9ment innovant par rapport \u00e0 la table de base traditionnelle et un outil id\u00e9al pour s'entra\u00eener avant les tournois internationaux. Longueur 150cm Largeur 77cm Largeur avec tiges solides 125cm Hauteur 89 * \\\/ 91 ** cm Poids 80Kg * avec les niveleurs de jambe compl\u00e8tement abaiss\u00e9s. ** avec les niveleurs de jambe enti\u00e8rement relev\u00e9s.\",\"breadcrumb\":{\"@id\":\"https:\\\/\\\/theworldbilliards.com\\\/fr\\\/produit\\\/baby-foot-garlando-master-champion\\\/#breadcrumb\"},\"inLanguage\":\"fr-FR\",\"potentialAction\":[{\"@type\":\"ReadAction\",\"target\":[\"https:\\\/\\\/theworldbilliards.com\\\/fr\\\/produit\\\/baby-foot-garlando-master-champion\\\/\"]}]},{\"@type\":\"ImageObject\",\"inLanguage\":\"fr-FR\",\"@id\":\"https:\\\/\\\/theworldbilliards.com\\\/fr\\\/produit\\\/baby-foot-garlando-master-champion\\\/#primaryimage\",\"url\":\"https:\\\/\\\/theworldbilliards.com\\\/wp-content\\\/uploads\\\/2017\\\/01\\\/garlando-master-champion.jpg\",\"contentUrl\":\"https:\\\/\\\/theworldbilliards.com\\\/wp-content\\\/uploads\\\/2017\\\/01\\\/garlando-master-champion.jpg\",\"width\":1024,\"height\":1024},{\"@type\":\"BreadcrumbList\",\"@id\":\"https:\\\/\\\/theworldbilliards.com\\\/fr\\\/produit\\\/baby-foot-garlando-master-champion\\\/#breadcrumb\",\"itemListElement\":[{\"@type\":\"ListItem\",\"position\":1,\"name\":\"In\u00edcio\",\"item\":\"https:\\\/\\\/theworldbilliards.com\\\/fr\\\/\"},{\"@type\":\"ListItem\",\"position\":2,\"name\":\"Boutique en ligne\",\"item\":\"https:\\\/\\\/theworldbilliards.com\\\/fr\\\/boutique-theworldbilliards\\\/\"},{\"@type\":\"ListItem\",\"position\":3,\"name\":\"Baby foot Garlando Master Champion\"}]},{\"@type\":\"WebSite\",\"@id\":\"https:\\\/\\\/theworldbilliards.com\\\/fr\\\/#website\",\"url\":\"https:\\\/\\\/theworldbilliards.com\\\/fr\\\/\",\"name\":\"TheWorldBilliards\",\"description\":\"Achetez ici billard, baby-foot, ping-pong et bowling\",\"publisher\":{\"@id\":\"https:\\\/\\\/theworldbilliards.com\\\/fr\\\/#organization\"},\"alternateName\":\"The world billiards\",\"potentialAction\":[{\"@type\":\"SearchAction\",\"target\":{\"@type\":\"EntryPoint\",\"urlTemplate\":\"https:\\\/\\\/theworldbilliards.com\\\/fr\\\/?s={search_term_string}\"},\"query-input\":{\"@type\":\"PropertyValueSpecification\",\"valueRequired\":true,\"valueName\":\"search_term_string\"}}],\"inLanguage\":\"fr-FR\"},{\"@type\":\"Organization\",\"@id\":\"https:\\\/\\\/theworldbilliards.com\\\/fr\\\/#organization\",\"name\":\"The World Billiards\",\"alternateName\":\"The World Billiards\",\"url\":\"https:\\\/\\\/theworldbilliards.com\\\/fr\\\/\",\"logo\":{\"@type\":\"ImageObject\",\"inLanguage\":\"fr-FR\",\"@id\":\"https:\\\/\\\/theworldbilliards.com\\\/fr\\\/#\\\/schema\\\/logo\\\/image\\\/\",\"url\":\"\",\"contentUrl\":\"\",\"caption\":\"The World Billiards\"},\"image\":{\"@id\":\"https:\\\/\\\/theworldbilliards.com\\\/fr\\\/#\\\/schema\\\/logo\\\/image\\\/\"},\"sameAs\":[\"https:\\\/\\\/www.facebook.com\\\/baby.foot.superbes\",\"https:\\\/\\\/www.youtube.com\\\/channel\\\/UCIMuOVAaUcH6UpZcsZlH0Tg\",\"https:\\\/\\\/www.facebook.com\\\/people\\\/Brunswick-Billiards-EspaaPortugal\\\/100066446264309\\\/\",\"https:\\\/\\\/www.instagram.com\\\/the_world_billiards\\\/\",\"https:\\\/\\\/www.pinterest.es\\\/Theworldbilliards\\\/\"]}]}<\/script>\n<!-- \/ Yoast SEO plugin. -->","yoast_head_json":{"title":"Acheter Baby foot Garlando Master Champion - The World Billiards","description":"La table ITSF autoris\u00e9e pour les comp\u00e9titions International, Master Series et Pro Tour. Cette version gratuite du champion du monde r\u00e9sume les m\u00eames caract\u00e9ristiques excellentes que le mod\u00e8le \u00e0 pi\u00e8ces dans un produit domestique et constitue le mod\u00e8le officiel de l'ITSF pour les comp\u00e9titions internationales des cat\u00e9gories International, Master Series et Pro Tour.  Utilis\u00e9 par les joueurs professionnels dans les tournois du monde entier, il dispose de compteurs de scores de comp\u00e9tition et de niveleurs de jambes, de gommes sur les barres et d'adistancer pour garder le gardien de but dans la plage de buts, parmi beaucoup d'autres.  Mod\u00e8le de freeplay et, en m\u00eame temps, une vraie table de comp\u00e9tition, Master Champion est un produit profond\u00e9ment innovant par rapport \u00e0 la table de base traditionnelle et un outil id\u00e9al pour s'entra\u00eener avant les tournois internationaux.  Longueur 150cm Largeur 77cm Largeur avec tiges solides 125cm Hauteur 89 * \/ 91 ** cm Poids 80Kg * avec les niveleurs de jambe compl\u00e8tement abaiss\u00e9s. ** avec les niveleurs de jambe enti\u00e8rement relev\u00e9s.","robots":{"index":"index","follow":"follow","max-snippet":"max-snippet:-1","max-image-preview":"max-image-preview:large","max-video-preview":"max-video-preview:-1"},"canonical":"https:\/\/theworldbilliards.com\/fr\/produit\/baby-foot-garlando-master-champion\/","og_locale":"fr_FR","og_type":"article","og_title":"Acheter Baby foot Garlando Master Champion - The World Billiards","og_description":"La table ITSF autoris\u00e9e pour les comp\u00e9titions International, Master Series et Pro Tour. Cette version gratuite du champion du monde r\u00e9sume les m\u00eames caract\u00e9ristiques excellentes que le mod\u00e8le \u00e0 pi\u00e8ces dans un produit domestique et constitue le mod\u00e8le officiel de l'ITSF pour les comp\u00e9titions internationales des cat\u00e9gories International, Master Series et Pro Tour.  Utilis\u00e9 par les joueurs professionnels dans les tournois du monde entier, il dispose de compteurs de scores de comp\u00e9tition et de niveleurs de jambes, de gommes sur les barres et d'adistancer pour garder le gardien de but dans la plage de buts, parmi beaucoup d'autres.  Mod\u00e8le de freeplay et, en m\u00eame temps, une vraie table de comp\u00e9tition, Master Champion est un produit profond\u00e9ment innovant par rapport \u00e0 la table de base traditionnelle et un outil id\u00e9al pour s'entra\u00eener avant les tournois internationaux.  Longueur 150cm Largeur 77cm Largeur avec tiges solides 125cm Hauteur 89 * \/ 91 ** cm Poids 80Kg * avec les niveleurs de jambe compl\u00e8tement abaiss\u00e9s. ** avec les niveleurs de jambe enti\u00e8rement relev\u00e9s.","og_url":"https:\/\/theworldbilliards.com\/fr\/produit\/baby-foot-garlando-master-champion\/","og_site_name":"The World Billiards","article_publisher":"https:\/\/www.facebook.com\/baby.foot.superbes","article_modified_time":"2025-06-23T09:53:18+00:00","og_image":[{"width":1024,"height":1024,"url":"https:\/\/theworldbilliards.com\/wp-content\/uploads\/2017\/01\/garlando-master-champion.jpg","type":"image\/jpeg"}],"twitter_card":"summary_large_image","schema":{"@context":"https:\/\/schema.org","@graph":[{"@type":"WebPage","@id":"https:\/\/theworldbilliards.com\/fr\/produit\/baby-foot-garlando-master-champion\/","url":"https:\/\/theworldbilliards.com\/fr\/produit\/baby-foot-garlando-master-champion\/","name":"Acheter Baby foot Garlando Master Champion - The World Billiards","isPartOf":{"@id":"https:\/\/theworldbilliards.com\/fr\/#website"},"primaryImageOfPage":{"@id":"https:\/\/theworldbilliards.com\/fr\/produit\/baby-foot-garlando-master-champion\/#primaryimage"},"image":{"@id":"https:\/\/theworldbilliards.com\/fr\/produit\/baby-foot-garlando-master-champion\/#primaryimage"},"thumbnailUrl":"https:\/\/theworldbilliards.com\/wp-content\/uploads\/2017\/01\/garlando-master-champion.jpg","datePublished":"2017-01-05T09:37:27+00:00","dateModified":"2025-06-23T09:53:18+00:00","description":"La table ITSF autoris\u00e9e pour les comp\u00e9titions International, Master Series et Pro Tour. Cette version gratuite du champion du monde r\u00e9sume les m\u00eames caract\u00e9ristiques excellentes que le mod\u00e8le \u00e0 pi\u00e8ces dans un produit domestique et constitue le mod\u00e8le officiel de l'ITSF pour les comp\u00e9titions internationales des cat\u00e9gories International, Master Series et Pro Tour. Utilis\u00e9 par les joueurs professionnels dans les tournois du monde entier, il dispose de compteurs de scores de comp\u00e9tition et de niveleurs de jambes, de gommes sur les barres et d'adistancer pour garder le gardien de but dans la plage de buts, parmi beaucoup d'autres. Mod\u00e8le de freeplay et, en m\u00eame temps, une vraie table de comp\u00e9tition, Master Champion est un produit profond\u00e9ment innovant par rapport \u00e0 la table de base traditionnelle et un outil id\u00e9al pour s'entra\u00eener avant les tournois internationaux. Longueur 150cm Largeur 77cm Largeur avec tiges solides 125cm Hauteur 89 * \/ 91 ** cm Poids 80Kg * avec les niveleurs de jambe compl\u00e8tement abaiss\u00e9s. ** avec les niveleurs de jambe enti\u00e8rement relev\u00e9s.","breadcrumb":{"@id":"https:\/\/theworldbilliards.com\/fr\/produit\/baby-foot-garlando-master-champion\/#breadcrumb"},"inLanguage":"fr-FR","potentialAction":[{"@type":"ReadAction","target":["https:\/\/theworldbilliards.com\/fr\/produit\/baby-foot-garlando-master-champion\/"]}]},{"@type":"ImageObject","inLanguage":"fr-FR","@id":"https:\/\/theworldbilliards.com\/fr\/produit\/baby-foot-garlando-master-champion\/#primaryimage","url":"https:\/\/theworldbilliards.com\/wp-content\/uploads\/2017\/01\/garlando-master-champion.jpg","contentUrl":"https:\/\/theworldbilliards.com\/wp-content\/uploads\/2017\/01\/garlando-master-champion.jpg","width":1024,"height":1024},{"@type":"BreadcrumbList","@id":"https:\/\/theworldbilliards.com\/fr\/produit\/baby-foot-garlando-master-champion\/#breadcrumb","itemListElement":[{"@type":"ListItem","position":1,"name":"In\u00edcio","item":"https:\/\/theworldbilliards.com\/fr\/"},{"@type":"ListItem","position":2,"name":"Boutique en ligne","item":"https:\/\/theworldbilliards.com\/fr\/boutique-theworldbilliards\/"},{"@type":"ListItem","position":3,"name":"Baby foot Garlando Master Champion"}]},{"@type":"WebSite","@id":"https:\/\/theworldbilliards.com\/fr\/#website","url":"https:\/\/theworldbilliards.com\/fr\/","name":"TheWorldBilliards","description":"Achetez ici billard, baby-foot, ping-pong et bowling","publisher":{"@id":"https:\/\/theworldbilliards.com\/fr\/#organization"},"alternateName":"The world billiards","potentialAction":[{"@type":"SearchAction","target":{"@type":"EntryPoint","urlTemplate":"https:\/\/theworldbilliards.com\/fr\/?s={search_term_string}"},"query-input":{"@type":"PropertyValueSpecification","valueRequired":true,"valueName":"search_term_string"}}],"inLanguage":"fr-FR"},{"@type":"Organization","@id":"https:\/\/theworldbilliards.com\/fr\/#organization","name":"The World Billiards","alternateName":"The World Billiards","url":"https:\/\/theworldbilliards.com\/fr\/","logo":{"@type":"ImageObject","inLanguage":"fr-FR","@id":"https:\/\/theworldbilliards.com\/fr\/#\/schema\/logo\/image\/","url":"","contentUrl":"","caption":"The World Billiards"},"image":{"@id":"https:\/\/theworldbilliards.com\/fr\/#\/schema\/logo\/image\/"},"sameAs":["https:\/\/www.facebook.com\/baby.foot.superbes","https:\/\/www.youtube.com\/channel\/UCIMuOVAaUcH6UpZcsZlH0Tg","https:\/\/www.facebook.com\/people\/Brunswick-Billiards-EspaaPortugal\/100066446264309\/","https:\/\/www.instagram.com\/the_world_billiards\/","https:\/\/www.pinterest.es\/Theworldbilliards\/"]}]}},"_links":{"self":[{"href":"https:\/\/theworldbilliards.com\/fr\/wp-json\/wp\/v2\/product\/31367","targetHints":{"allow":["GET"]}}],"collection":[{"href":"https:\/\/theworldbilliards.com\/fr\/wp-json\/wp\/v2\/product"}],"about":[{"href":"https:\/\/theworldbilliards.com\/fr\/wp-json\/wp\/v2\/types\/product"}],"wp:featuredmedia":[{"embeddable":true,"href":"https:\/\/theworldbilliards.com\/fr\/wp-json\/wp\/v2\/media\/107932"}],"wp:attachment":[{"href":"https:\/\/theworldbilliards.com\/fr\/wp-json\/wp\/v2\/media?parent=31367"}],"wp:term":[{"taxonomy":"product_brand","embeddable":true,"href":"https:\/\/theworldbilliards.com\/fr\/wp-json\/wp\/v2\/product_brand?post=31367"},{"taxonomy":"product_cat","embeddable":true,"href":"https:\/\/theworldbilliards.com\/fr\/wp-json\/wp\/v2\/product_cat?post=31367"},{"taxonomy":"product_tag","embeddable":true,"href":"https:\/\/theworldbilliards.com\/fr\/wp-json\/wp\/v2\/product_tag?post=31367"}],"curies":[{"name":"wp","href":"https:\/\/api.w.org\/{rel}","templated":true}]}}