{"id":31373,"date":"2017-01-05T10:40:01","date_gmt":"2017-01-05T09:40:01","guid":{"rendered":"http:\/\/theworldbilliards.com\/?post_type=product&#038;p=31373\/"},"modified":"2025-06-23T12:02:14","modified_gmt":"2025-06-23T10:02:14","slug":"baby-foot-garlando-pro-champion","status":"publish","type":"product","link":"https:\/\/theworldbilliards.com\/fr\/produit\/baby-foot-garlando-pro-champion\/","title":{"rendered":"Baby foot Garlando Pro Champion"},"content":{"rendered":"<p>La table officielle de l&rsquo;ITSF pour les comp\u00e9titions d&rsquo;entra\u00eenement et de Pro Tour<br \/>\nAssociant une ligne \u00e9l\u00e9gante et \u00e9l\u00e9gante \u00e0 une construction stable et robuste, Pro Champion est la table d\u2019entra\u00eenement officielle de l\u2019ITSF pour les joueurs professionnels. Peut \u00e9galement \u00eatre utilis\u00e9 pour les comp\u00e9titions internationales de la cat\u00e9gorie Pro Tour.<\/p>\n<p>Il partage certaines des caract\u00e9ristiques du champion champion ayant, en plus d&rsquo;un look similaire, des compteurs de score de comp\u00e9tition et des niveleurs de jambe, des gommes sur les barres et un distanchant pour maintenir le gardien dans la zone de but.<\/p>\n<p>Les poign\u00e9es, en plastique noir, ont une prise ergonomique permettant la meilleure tenue pendant l&rsquo;entra\u00eenement.<\/p>\n<p>Livr\u00e9 avec plaque officielle d&rsquo;entra\u00eenement avec num\u00e9ro de s\u00e9rie.<\/p>\n<p>Longueur 150cm<br \/>\nLargeur 76cm<br \/>\nLargeur avec tiges solides 125cm<br \/>\nHauteur 86 * \/ 88 ** cm<br \/>\nPoids 76Kg<br \/>\n* avec les niveleurs de jambe compl\u00e8tement abaiss\u00e9s.<br \/>\n** avec les niveleurs de jambe enti\u00e8rement relev\u00e9s.<\/p>\n<p><iframe loading=\"lazy\" width=\"560\" height=\"315\" src=\"https:\/\/www.youtube.com\/embed\/2mg_mjBGclQ?si=ddCglFA4H4Z9WBq2\" title=\"YouTube video player\" frameborder=\"0\" allow=\"accelerometer; autoplay; clipboard-write; encrypted-media; gyroscope; picture-in-picture; web-share\" referrerpolicy=\"strict-origin-when-cross-origin\" allowfullscreen><\/iframe><\/p>\n","protected":false},"excerpt":{"rendered":"<p>La table officielle de l&rsquo;ITSF pour les comp\u00e9titions d&rsquo;entra\u00eenement et de Pro Tour Associant une ligne \u00e9l\u00e9gante et \u00e9l\u00e9gante \u00e0 [&hellip;]<\/p>\n","protected":false},"featured_media":107944,"template":"","meta":{"site-sidebar-layout":"default","site-content-layout":"","ast-site-content-layout":"default","site-content-style":"default","site-sidebar-style":"default","ast-global-header-display":"","ast-banner-title-visibility":"","ast-main-header-display":"","ast-hfb-above-header-display":"","ast-hfb-below-header-display":"","ast-hfb-mobile-header-display":"","site-post-title":"","ast-breadcrumbs-content":"","ast-featured-img":"","footer-sml-layout":"","ast-disable-related-posts":"","theme-transparent-header-meta":"default","adv-header-id-meta":"","stick-header-meta":"","header-above-stick-meta":"","header-main-stick-meta":"","header-below-stick-meta":"","astra-migrate-meta-layouts":"default","ast-page-background-enabled":"default","ast-page-background-meta":{"desktop":{"background-color":"var(--ast-global-color-4)","background-image":"","background-repeat":"repeat","background-position":"center center","background-size":"auto","background-attachment":"scroll","background-type":"","background-media":"","overlay-type":"","overlay-color":"","overlay-opacity":"","overlay-gradient":""},"tablet":{"background-color":"","background-image":"","background-repeat":"repeat","background-position":"center center","background-size":"auto","background-attachment":"scroll","background-type":"","background-media":"","overlay-type":"","overlay-color":"","overlay-opacity":"","overlay-gradient":""},"mobile":{"background-color":"","background-image":"","background-repeat":"repeat","background-position":"center center","background-size":"auto","background-attachment":"scroll","background-type":"","background-media":"","overlay-type":"","overlay-color":"","overlay-opacity":"","overlay-gradient":""}},"ast-content-background-meta":{"desktop":{"background-color":"var(--ast-global-color-5)","background-image":"","background-repeat":"repeat","background-position":"center center","background-size":"auto","background-attachment":"scroll","background-type":"","background-media":"","overlay-type":"","overlay-color":"","overlay-opacity":"","overlay-gradient":""},"tablet":{"background-color":"var(--ast-global-color-5)","background-image":"","background-repeat":"repeat","background-position":"center center","background-size":"auto","background-attachment":"scroll","background-type":"","background-media":"","overlay-type":"","overlay-color":"","overlay-opacity":"","overlay-gradient":""},"mobile":{"background-color":"var(--ast-global-color-5)","background-image":"","background-repeat":"repeat","background-position":"center center","background-size":"auto","background-attachment":"scroll","background-type":"","background-media":"","overlay-type":"","overlay-color":"","overlay-opacity":"","overlay-gradient":""}}},"product_brand":[5230],"product_cat":[1434,1437],"product_tag":[],"class_list":{"0":"post-31373","1":"product","2":"type-product","3":"status-publish","4":"has-post-thumbnail","6":"product_brand-garlando-fr","7":"product_cat-baby-foot-de-competition","8":"product_cat-baby-foot-sans-monnayeur","9":"product_shipping_class-baby-foot","10":"desktop-align-center","11":"tablet-align-left","12":"mobile-align-left","14":"first","15":"instock","16":"taxable","17":"shipping-taxable","18":"purchasable","19":"product-type-simple"},"yoast_head":"<!-- This site is optimized with the Yoast SEO plugin v27.4 - https:\/\/yoast.com\/product\/yoast-seo-wordpress\/ -->\n<title>Acheter Baby foot Garlando Pro Champion - The World Billiards<\/title>\n<meta name=\"description\" content=\"La table officielle de l&#039;ITSF pour les comp\u00e9titions d&#039;entra\u00eenement et de Pro Tour Associant une ligne \u00e9l\u00e9gante et \u00e9l\u00e9gante \u00e0 une construction stable et robuste, Pro Champion est la table d\u2019entra\u00eenement officielle de l\u2019ITSF pour les joueurs professionnels. Peut \u00e9galement \u00eatre utilis\u00e9 pour les comp\u00e9titions internationales de la cat\u00e9gorie Pro Tour.  Il partage certaines des caract\u00e9ristiques du champion champion ayant, en plus d&#039;un look similaire, des compteurs de score de comp\u00e9tition et des niveleurs de jambe, des gommes sur les barres et un distanchant pour maintenir le gardien dans la zone de but.  Les poign\u00e9es, en plastique noir, ont une prise ergonomique permettant la meilleure tenue pendant l&#039;entra\u00eenement.  Livr\u00e9 avec plaque officielle d&#039;entra\u00eenement avec num\u00e9ro de s\u00e9rie.  Longueur 150cm Largeur 76cm Largeur avec tiges solides 125cm Hauteur 86 * \/ 88 ** cm Poids 76Kg * avec les niveleurs de jambe compl\u00e8tement abaiss\u00e9s. ** avec les niveleurs de jambe enti\u00e8rement relev\u00e9s.\" \/>\n<meta name=\"robots\" content=\"index, follow, max-snippet:-1, max-image-preview:large, max-video-preview:-1\" \/>\n<link rel=\"canonical\" href=\"https:\/\/theworldbilliards.com\/fr\/produit\/baby-foot-garlando-pro-champion\/\" \/>\n<meta property=\"og:locale\" content=\"fr_FR\" \/>\n<meta property=\"og:type\" content=\"article\" \/>\n<meta property=\"og:title\" content=\"Acheter Baby foot Garlando Pro Champion - The World Billiards\" \/>\n<meta property=\"og:description\" content=\"La table officielle de l&#039;ITSF pour les comp\u00e9titions d&#039;entra\u00eenement et de Pro Tour Associant une ligne \u00e9l\u00e9gante et \u00e9l\u00e9gante \u00e0 une construction stable et robuste, Pro Champion est la table d\u2019entra\u00eenement officielle de l\u2019ITSF pour les joueurs professionnels. Peut \u00e9galement \u00eatre utilis\u00e9 pour les comp\u00e9titions internationales de la cat\u00e9gorie Pro Tour.  Il partage certaines des caract\u00e9ristiques du champion champion ayant, en plus d&#039;un look similaire, des compteurs de score de comp\u00e9tition et des niveleurs de jambe, des gommes sur les barres et un distanchant pour maintenir le gardien dans la zone de but.  Les poign\u00e9es, en plastique noir, ont une prise ergonomique permettant la meilleure tenue pendant l&#039;entra\u00eenement.  Livr\u00e9 avec plaque officielle d&#039;entra\u00eenement avec num\u00e9ro de s\u00e9rie.  Longueur 150cm Largeur 76cm Largeur avec tiges solides 125cm Hauteur 86 * \/ 88 ** cm Poids 76Kg * avec les niveleurs de jambe compl\u00e8tement abaiss\u00e9s. ** avec les niveleurs de jambe enti\u00e8rement relev\u00e9s.\" \/>\n<meta property=\"og:url\" content=\"https:\/\/theworldbilliards.com\/fr\/produit\/baby-foot-garlando-pro-champion\/\" \/>\n<meta property=\"og:site_name\" content=\"The World Billiards\" \/>\n<meta property=\"article:publisher\" content=\"https:\/\/www.facebook.com\/baby.foot.superbes\" \/>\n<meta property=\"article:modified_time\" content=\"2025-06-23T10:02:14+00:00\" \/>\n<meta property=\"og:image\" content=\"https:\/\/theworldbilliards.com\/wp-content\/uploads\/2017\/01\/garlando-pro-champion.jpg\" \/>\n\t<meta property=\"og:image:width\" content=\"1024\" \/>\n\t<meta property=\"og:image:height\" content=\"1024\" \/>\n\t<meta property=\"og:image:type\" content=\"image\/jpeg\" \/>\n<meta name=\"twitter:card\" content=\"summary_large_image\" \/>\n<meta name=\"twitter:label1\" content=\"Dur\u00e9e de lecture estim\u00e9e\" \/>\n\t<meta name=\"twitter:data1\" content=\"1 minute\" \/>\n<script type=\"application\/ld+json\" class=\"yoast-schema-graph\">{\"@context\":\"https:\\\/\\\/schema.org\",\"@graph\":[{\"@type\":\"WebPage\",\"@id\":\"https:\\\/\\\/theworldbilliards.com\\\/fr\\\/produit\\\/baby-foot-garlando-pro-champion\\\/\",\"url\":\"https:\\\/\\\/theworldbilliards.com\\\/fr\\\/produit\\\/baby-foot-garlando-pro-champion\\\/\",\"name\":\"Acheter Baby foot Garlando Pro Champion - The World Billiards\",\"isPartOf\":{\"@id\":\"https:\\\/\\\/theworldbilliards.com\\\/fr\\\/#website\"},\"primaryImageOfPage\":{\"@id\":\"https:\\\/\\\/theworldbilliards.com\\\/fr\\\/produit\\\/baby-foot-garlando-pro-champion\\\/#primaryimage\"},\"image\":{\"@id\":\"https:\\\/\\\/theworldbilliards.com\\\/fr\\\/produit\\\/baby-foot-garlando-pro-champion\\\/#primaryimage\"},\"thumbnailUrl\":\"https:\\\/\\\/theworldbilliards.com\\\/wp-content\\\/uploads\\\/2017\\\/01\\\/garlando-pro-champion.jpg\",\"datePublished\":\"2017-01-05T09:40:01+00:00\",\"dateModified\":\"2025-06-23T10:02:14+00:00\",\"description\":\"La table officielle de l'ITSF pour les comp\u00e9titions d'entra\u00eenement et de Pro Tour Associant une ligne \u00e9l\u00e9gante et \u00e9l\u00e9gante \u00e0 une construction stable et robuste, Pro Champion est la table d\u2019entra\u00eenement officielle de l\u2019ITSF pour les joueurs professionnels. Peut \u00e9galement \u00eatre utilis\u00e9 pour les comp\u00e9titions internationales de la cat\u00e9gorie Pro Tour. Il partage certaines des caract\u00e9ristiques du champion champion ayant, en plus d'un look similaire, des compteurs de score de comp\u00e9tition et des niveleurs de jambe, des gommes sur les barres et un distanchant pour maintenir le gardien dans la zone de but. Les poign\u00e9es, en plastique noir, ont une prise ergonomique permettant la meilleure tenue pendant l'entra\u00eenement. Livr\u00e9 avec plaque officielle d'entra\u00eenement avec num\u00e9ro de s\u00e9rie. Longueur 150cm Largeur 76cm Largeur avec tiges solides 125cm Hauteur 86 * \\\/ 88 ** cm Poids 76Kg * avec les niveleurs de jambe compl\u00e8tement abaiss\u00e9s. ** avec les niveleurs de jambe enti\u00e8rement relev\u00e9s.\",\"breadcrumb\":{\"@id\":\"https:\\\/\\\/theworldbilliards.com\\\/fr\\\/produit\\\/baby-foot-garlando-pro-champion\\\/#breadcrumb\"},\"inLanguage\":\"fr-FR\",\"potentialAction\":[{\"@type\":\"ReadAction\",\"target\":[\"https:\\\/\\\/theworldbilliards.com\\\/fr\\\/produit\\\/baby-foot-garlando-pro-champion\\\/\"]}]},{\"@type\":\"ImageObject\",\"inLanguage\":\"fr-FR\",\"@id\":\"https:\\\/\\\/theworldbilliards.com\\\/fr\\\/produit\\\/baby-foot-garlando-pro-champion\\\/#primaryimage\",\"url\":\"https:\\\/\\\/theworldbilliards.com\\\/wp-content\\\/uploads\\\/2017\\\/01\\\/garlando-pro-champion.jpg\",\"contentUrl\":\"https:\\\/\\\/theworldbilliards.com\\\/wp-content\\\/uploads\\\/2017\\\/01\\\/garlando-pro-champion.jpg\",\"width\":1024,\"height\":1024},{\"@type\":\"BreadcrumbList\",\"@id\":\"https:\\\/\\\/theworldbilliards.com\\\/fr\\\/produit\\\/baby-foot-garlando-pro-champion\\\/#breadcrumb\",\"itemListElement\":[{\"@type\":\"ListItem\",\"position\":1,\"name\":\"In\u00edcio\",\"item\":\"https:\\\/\\\/theworldbilliards.com\\\/fr\\\/\"},{\"@type\":\"ListItem\",\"position\":2,\"name\":\"Boutique en ligne\",\"item\":\"https:\\\/\\\/theworldbilliards.com\\\/fr\\\/boutique-theworldbilliards\\\/\"},{\"@type\":\"ListItem\",\"position\":3,\"name\":\"Baby foot Garlando Pro Champion\"}]},{\"@type\":\"WebSite\",\"@id\":\"https:\\\/\\\/theworldbilliards.com\\\/fr\\\/#website\",\"url\":\"https:\\\/\\\/theworldbilliards.com\\\/fr\\\/\",\"name\":\"TheWorldBilliards\",\"description\":\"Achetez ici billard, baby-foot, ping-pong et bowling\",\"publisher\":{\"@id\":\"https:\\\/\\\/theworldbilliards.com\\\/fr\\\/#organization\"},\"alternateName\":\"The world billiards\",\"potentialAction\":[{\"@type\":\"SearchAction\",\"target\":{\"@type\":\"EntryPoint\",\"urlTemplate\":\"https:\\\/\\\/theworldbilliards.com\\\/fr\\\/?s={search_term_string}\"},\"query-input\":{\"@type\":\"PropertyValueSpecification\",\"valueRequired\":true,\"valueName\":\"search_term_string\"}}],\"inLanguage\":\"fr-FR\"},{\"@type\":\"Organization\",\"@id\":\"https:\\\/\\\/theworldbilliards.com\\\/fr\\\/#organization\",\"name\":\"The World Billiards\",\"alternateName\":\"The World Billiards\",\"url\":\"https:\\\/\\\/theworldbilliards.com\\\/fr\\\/\",\"logo\":{\"@type\":\"ImageObject\",\"inLanguage\":\"fr-FR\",\"@id\":\"https:\\\/\\\/theworldbilliards.com\\\/fr\\\/#\\\/schema\\\/logo\\\/image\\\/\",\"url\":\"\",\"contentUrl\":\"\",\"caption\":\"The World Billiards\"},\"image\":{\"@id\":\"https:\\\/\\\/theworldbilliards.com\\\/fr\\\/#\\\/schema\\\/logo\\\/image\\\/\"},\"sameAs\":[\"https:\\\/\\\/www.facebook.com\\\/baby.foot.superbes\",\"https:\\\/\\\/www.youtube.com\\\/channel\\\/UCIMuOVAaUcH6UpZcsZlH0Tg\",\"https:\\\/\\\/www.facebook.com\\\/people\\\/Brunswick-Billiards-EspaaPortugal\\\/100066446264309\\\/\",\"https:\\\/\\\/www.instagram.com\\\/the_world_billiards\\\/\",\"https:\\\/\\\/www.pinterest.es\\\/Theworldbilliards\\\/\"]}]}<\/script>\n<!-- \/ Yoast SEO plugin. -->","yoast_head_json":{"title":"Acheter Baby foot Garlando Pro Champion - The World Billiards","description":"La table officielle de l'ITSF pour les comp\u00e9titions d'entra\u00eenement et de Pro Tour Associant une ligne \u00e9l\u00e9gante et \u00e9l\u00e9gante \u00e0 une construction stable et robuste, Pro Champion est la table d\u2019entra\u00eenement officielle de l\u2019ITSF pour les joueurs professionnels. Peut \u00e9galement \u00eatre utilis\u00e9 pour les comp\u00e9titions internationales de la cat\u00e9gorie Pro Tour.  Il partage certaines des caract\u00e9ristiques du champion champion ayant, en plus d'un look similaire, des compteurs de score de comp\u00e9tition et des niveleurs de jambe, des gommes sur les barres et un distanchant pour maintenir le gardien dans la zone de but.  Les poign\u00e9es, en plastique noir, ont une prise ergonomique permettant la meilleure tenue pendant l'entra\u00eenement.  Livr\u00e9 avec plaque officielle d'entra\u00eenement avec num\u00e9ro de s\u00e9rie.  Longueur 150cm Largeur 76cm Largeur avec tiges solides 125cm Hauteur 86 * \/ 88 ** cm Poids 76Kg * avec les niveleurs de jambe compl\u00e8tement abaiss\u00e9s. ** avec les niveleurs de jambe enti\u00e8rement relev\u00e9s.","robots":{"index":"index","follow":"follow","max-snippet":"max-snippet:-1","max-image-preview":"max-image-preview:large","max-video-preview":"max-video-preview:-1"},"canonical":"https:\/\/theworldbilliards.com\/fr\/produit\/baby-foot-garlando-pro-champion\/","og_locale":"fr_FR","og_type":"article","og_title":"Acheter Baby foot Garlando Pro Champion - The World Billiards","og_description":"La table officielle de l'ITSF pour les comp\u00e9titions d'entra\u00eenement et de Pro Tour Associant une ligne \u00e9l\u00e9gante et \u00e9l\u00e9gante \u00e0 une construction stable et robuste, Pro Champion est la table d\u2019entra\u00eenement officielle de l\u2019ITSF pour les joueurs professionnels. Peut \u00e9galement \u00eatre utilis\u00e9 pour les comp\u00e9titions internationales de la cat\u00e9gorie Pro Tour.  Il partage certaines des caract\u00e9ristiques du champion champion ayant, en plus d'un look similaire, des compteurs de score de comp\u00e9tition et des niveleurs de jambe, des gommes sur les barres et un distanchant pour maintenir le gardien dans la zone de but.  Les poign\u00e9es, en plastique noir, ont une prise ergonomique permettant la meilleure tenue pendant l'entra\u00eenement.  Livr\u00e9 avec plaque officielle d'entra\u00eenement avec num\u00e9ro de s\u00e9rie.  Longueur 150cm Largeur 76cm Largeur avec tiges solides 125cm Hauteur 86 * \/ 88 ** cm Poids 76Kg * avec les niveleurs de jambe compl\u00e8tement abaiss\u00e9s. ** avec les niveleurs de jambe enti\u00e8rement relev\u00e9s.","og_url":"https:\/\/theworldbilliards.com\/fr\/produit\/baby-foot-garlando-pro-champion\/","og_site_name":"The World Billiards","article_publisher":"https:\/\/www.facebook.com\/baby.foot.superbes","article_modified_time":"2025-06-23T10:02:14+00:00","og_image":[{"width":1024,"height":1024,"url":"https:\/\/theworldbilliards.com\/wp-content\/uploads\/2017\/01\/garlando-pro-champion.jpg","type":"image\/jpeg"}],"twitter_card":"summary_large_image","twitter_misc":{"Dur\u00e9e de lecture estim\u00e9e":"1 minute"},"schema":{"@context":"https:\/\/schema.org","@graph":[{"@type":"WebPage","@id":"https:\/\/theworldbilliards.com\/fr\/produit\/baby-foot-garlando-pro-champion\/","url":"https:\/\/theworldbilliards.com\/fr\/produit\/baby-foot-garlando-pro-champion\/","name":"Acheter Baby foot Garlando Pro Champion - The World Billiards","isPartOf":{"@id":"https:\/\/theworldbilliards.com\/fr\/#website"},"primaryImageOfPage":{"@id":"https:\/\/theworldbilliards.com\/fr\/produit\/baby-foot-garlando-pro-champion\/#primaryimage"},"image":{"@id":"https:\/\/theworldbilliards.com\/fr\/produit\/baby-foot-garlando-pro-champion\/#primaryimage"},"thumbnailUrl":"https:\/\/theworldbilliards.com\/wp-content\/uploads\/2017\/01\/garlando-pro-champion.jpg","datePublished":"2017-01-05T09:40:01+00:00","dateModified":"2025-06-23T10:02:14+00:00","description":"La table officielle de l'ITSF pour les comp\u00e9titions d'entra\u00eenement et de Pro Tour Associant une ligne \u00e9l\u00e9gante et \u00e9l\u00e9gante \u00e0 une construction stable et robuste, Pro Champion est la table d\u2019entra\u00eenement officielle de l\u2019ITSF pour les joueurs professionnels. Peut \u00e9galement \u00eatre utilis\u00e9 pour les comp\u00e9titions internationales de la cat\u00e9gorie Pro Tour. Il partage certaines des caract\u00e9ristiques du champion champion ayant, en plus d'un look similaire, des compteurs de score de comp\u00e9tition et des niveleurs de jambe, des gommes sur les barres et un distanchant pour maintenir le gardien dans la zone de but. Les poign\u00e9es, en plastique noir, ont une prise ergonomique permettant la meilleure tenue pendant l'entra\u00eenement. Livr\u00e9 avec plaque officielle d'entra\u00eenement avec num\u00e9ro de s\u00e9rie. Longueur 150cm Largeur 76cm Largeur avec tiges solides 125cm Hauteur 86 * \/ 88 ** cm Poids 76Kg * avec les niveleurs de jambe compl\u00e8tement abaiss\u00e9s. ** avec les niveleurs de jambe enti\u00e8rement relev\u00e9s.","breadcrumb":{"@id":"https:\/\/theworldbilliards.com\/fr\/produit\/baby-foot-garlando-pro-champion\/#breadcrumb"},"inLanguage":"fr-FR","potentialAction":[{"@type":"ReadAction","target":["https:\/\/theworldbilliards.com\/fr\/produit\/baby-foot-garlando-pro-champion\/"]}]},{"@type":"ImageObject","inLanguage":"fr-FR","@id":"https:\/\/theworldbilliards.com\/fr\/produit\/baby-foot-garlando-pro-champion\/#primaryimage","url":"https:\/\/theworldbilliards.com\/wp-content\/uploads\/2017\/01\/garlando-pro-champion.jpg","contentUrl":"https:\/\/theworldbilliards.com\/wp-content\/uploads\/2017\/01\/garlando-pro-champion.jpg","width":1024,"height":1024},{"@type":"BreadcrumbList","@id":"https:\/\/theworldbilliards.com\/fr\/produit\/baby-foot-garlando-pro-champion\/#breadcrumb","itemListElement":[{"@type":"ListItem","position":1,"name":"In\u00edcio","item":"https:\/\/theworldbilliards.com\/fr\/"},{"@type":"ListItem","position":2,"name":"Boutique en ligne","item":"https:\/\/theworldbilliards.com\/fr\/boutique-theworldbilliards\/"},{"@type":"ListItem","position":3,"name":"Baby foot Garlando Pro Champion"}]},{"@type":"WebSite","@id":"https:\/\/theworldbilliards.com\/fr\/#website","url":"https:\/\/theworldbilliards.com\/fr\/","name":"TheWorldBilliards","description":"Achetez ici billard, baby-foot, ping-pong et bowling","publisher":{"@id":"https:\/\/theworldbilliards.com\/fr\/#organization"},"alternateName":"The world billiards","potentialAction":[{"@type":"SearchAction","target":{"@type":"EntryPoint","urlTemplate":"https:\/\/theworldbilliards.com\/fr\/?s={search_term_string}"},"query-input":{"@type":"PropertyValueSpecification","valueRequired":true,"valueName":"search_term_string"}}],"inLanguage":"fr-FR"},{"@type":"Organization","@id":"https:\/\/theworldbilliards.com\/fr\/#organization","name":"The World Billiards","alternateName":"The World Billiards","url":"https:\/\/theworldbilliards.com\/fr\/","logo":{"@type":"ImageObject","inLanguage":"fr-FR","@id":"https:\/\/theworldbilliards.com\/fr\/#\/schema\/logo\/image\/","url":"","contentUrl":"","caption":"The World Billiards"},"image":{"@id":"https:\/\/theworldbilliards.com\/fr\/#\/schema\/logo\/image\/"},"sameAs":["https:\/\/www.facebook.com\/baby.foot.superbes","https:\/\/www.youtube.com\/channel\/UCIMuOVAaUcH6UpZcsZlH0Tg","https:\/\/www.facebook.com\/people\/Brunswick-Billiards-EspaaPortugal\/100066446264309\/","https:\/\/www.instagram.com\/the_world_billiards\/","https:\/\/www.pinterest.es\/Theworldbilliards\/"]}]}},"_links":{"self":[{"href":"https:\/\/theworldbilliards.com\/fr\/wp-json\/wp\/v2\/product\/31373","targetHints":{"allow":["GET"]}}],"collection":[{"href":"https:\/\/theworldbilliards.com\/fr\/wp-json\/wp\/v2\/product"}],"about":[{"href":"https:\/\/theworldbilliards.com\/fr\/wp-json\/wp\/v2\/types\/product"}],"wp:featuredmedia":[{"embeddable":true,"href":"https:\/\/theworldbilliards.com\/fr\/wp-json\/wp\/v2\/media\/107944"}],"wp:attachment":[{"href":"https:\/\/theworldbilliards.com\/fr\/wp-json\/wp\/v2\/media?parent=31373"}],"wp:term":[{"taxonomy":"product_brand","embeddable":true,"href":"https:\/\/theworldbilliards.com\/fr\/wp-json\/wp\/v2\/product_brand?post=31373"},{"taxonomy":"product_cat","embeddable":true,"href":"https:\/\/theworldbilliards.com\/fr\/wp-json\/wp\/v2\/product_cat?post=31373"},{"taxonomy":"product_tag","embeddable":true,"href":"https:\/\/theworldbilliards.com\/fr\/wp-json\/wp\/v2\/product_tag?post=31373"}],"curies":[{"name":"wp","href":"https:\/\/api.w.org\/{rel}","templated":true}]}}