{"id":31385,"date":"2017-01-05T10:47:22","date_gmt":"2017-01-05T09:47:22","guid":{"rendered":"http:\/\/theworldbilliards.com\/?post_type=product&#038;p=31385\/"},"modified":"2025-06-23T10:48:48","modified_gmt":"2025-06-23T08:48:48","slug":"baby-foot-tornado-t-3000","status":"publish","type":"product","link":"https:\/\/theworldbilliards.com\/fr\/produit\/baby-foot-tornado-t-3000\/","title":{"rendered":"Baby foot Tornado T-3000"},"content":{"rendered":"<p>Tableau officiel de l&rsquo;ITSF<\/p>\n<p>Les performances de qualit\u00e9 professionnelle se sont encore am\u00e9lior\u00e9es. Le Tournament 3000 apporte \u00e0 la maison toutes les caract\u00e9ristiques de l&rsquo;\u00e9dition Tornado Platinum Tour\u2026 \u00e0 l&rsquo;exception du m\u00e9canisme \u00e0 pi\u00e8ces. Avec les am\u00e9liorations demand\u00e9es par les joueurs du tournoi.<\/p>\n<p>Notre conception d&rsquo;armoire permet \u00e0 votre table d&rsquo;\u00eatre exp\u00e9di\u00e9e presque assembl\u00e9e pour une installation rapide et facile sur place ; 30 minutes de la bo\u00eete au premier match !<\/p>\n<p>Conception d&rsquo;armoire en deux parties<br \/>\nDes hommes discrets et contrebalanc\u00e9s<br \/>\n1 ou 3 gardiens disponibles<br \/>\nTerrain de jeu stratifi\u00e9<br \/>\n.156&Prime; Tiges creuses en acier<br \/>\nRoulements divis\u00e9s brevet\u00e9s pour un entretien sans tracas<br \/>\nPoign\u00e9es en plastique antid\u00e9rapantes<br \/>\nArmoire en MDF de 1,5 po d&rsquo;\u00e9paisseur<\/p>\n<p>En option Red Laminate ou Black Laminate<\/p>\n<p><iframe loading=\"lazy\" width=\"560\" height=\"315\" src=\"https:\/\/www.youtube.com\/embed\/R3m2__A1Ccs?si=YK-vjMDV09oRkDoQ\" title=\"YouTube video player\" frameborder=\"0\" allow=\"accelerometer; autoplay; clipboard-write; encrypted-media; gyroscope; picture-in-picture; web-share\" referrerpolicy=\"strict-origin-when-cross-origin\" allowfullscreen><\/iframe><\/p>\n","protected":false},"excerpt":{"rendered":"<p>Tableau officiel de l&rsquo;ITSF Les performances de qualit\u00e9 professionnelle se sont encore am\u00e9lior\u00e9es. Le Tournament 3000 apporte \u00e0 la maison [&hellip;]<\/p>\n","protected":false},"featured_media":107861,"template":"","meta":{"site-sidebar-layout":"default","site-content-layout":"","ast-site-content-layout":"default","site-content-style":"default","site-sidebar-style":"default","ast-global-header-display":"","ast-banner-title-visibility":"","ast-main-header-display":"","ast-hfb-above-header-display":"","ast-hfb-below-header-display":"","ast-hfb-mobile-header-display":"","site-post-title":"","ast-breadcrumbs-content":"","ast-featured-img":"","footer-sml-layout":"","ast-disable-related-posts":"","theme-transparent-header-meta":"default","adv-header-id-meta":"","stick-header-meta":"","header-above-stick-meta":"","header-main-stick-meta":"","header-below-stick-meta":"","astra-migrate-meta-layouts":"default","ast-page-background-enabled":"default","ast-page-background-meta":{"desktop":{"background-color":"var(--ast-global-color-4)","background-image":"","background-repeat":"repeat","background-position":"center center","background-size":"auto","background-attachment":"scroll","background-type":"","background-media":"","overlay-type":"","overlay-color":"","overlay-opacity":"","overlay-gradient":""},"tablet":{"background-color":"","background-image":"","background-repeat":"repeat","background-position":"center center","background-size":"auto","background-attachment":"scroll","background-type":"","background-media":"","overlay-type":"","overlay-color":"","overlay-opacity":"","overlay-gradient":""},"mobile":{"background-color":"","background-image":"","background-repeat":"repeat","background-position":"center center","background-size":"auto","background-attachment":"scroll","background-type":"","background-media":"","overlay-type":"","overlay-color":"","overlay-opacity":"","overlay-gradient":""}},"ast-content-background-meta":{"desktop":{"background-color":"var(--ast-global-color-5)","background-image":"","background-repeat":"repeat","background-position":"center center","background-size":"auto","background-attachment":"scroll","background-type":"","background-media":"","overlay-type":"","overlay-color":"","overlay-opacity":"","overlay-gradient":""},"tablet":{"background-color":"var(--ast-global-color-5)","background-image":"","background-repeat":"repeat","background-position":"center center","background-size":"auto","background-attachment":"scroll","background-type":"","background-media":"","overlay-type":"","overlay-color":"","overlay-opacity":"","overlay-gradient":""},"mobile":{"background-color":"var(--ast-global-color-5)","background-image":"","background-repeat":"repeat","background-position":"center center","background-size":"auto","background-attachment":"scroll","background-type":"","background-media":"","overlay-type":"","overlay-color":"","overlay-opacity":"","overlay-gradient":""}}},"product_brand":[5206],"product_cat":[1434,1437],"product_tag":[],"class_list":{"0":"post-31385","1":"product","2":"type-product","3":"status-publish","4":"has-post-thumbnail","6":"product_brand-tornado-foosball-fr","7":"product_cat-baby-foot-de-competition","8":"product_cat-baby-foot-sans-monnayeur","9":"product_shipping_class-baby-foot","10":"desktop-align-center","11":"tablet-align-left","12":"mobile-align-left","14":"first","15":"instock","16":"taxable","17":"shipping-taxable","18":"product-type-simple"},"yoast_head":"<!-- This site is optimized with the Yoast SEO plugin v27.4 - https:\/\/yoast.com\/product\/yoast-seo-wordpress\/ -->\n<title>Acheter Baby foot Tornado T-3000 - The World Billiards<\/title>\n<meta name=\"description\" content=\"Tableau officiel de l&#039;ITSF  Les performances de qualit\u00e9 professionnelle se sont encore am\u00e9lior\u00e9es. Le Tournament 3000 apporte \u00e0 la maison toutes les caract\u00e9ristiques de l&#039;\u00e9dition Tornado Platinum Tour\u2026 \u00e0 l&#039;exception du m\u00e9canisme \u00e0 pi\u00e8ces. Avec les am\u00e9liorations demand\u00e9es par les joueurs du tournoi.  Notre conception d&#039;armoire permet \u00e0 votre table d&#039;\u00eatre exp\u00e9di\u00e9e presque assembl\u00e9e pour une installation rapide et facile sur place ; 30 minutes de la bo\u00eete au premier match !  Conception d&#039;armoire en deux parties Des hommes discrets et contrebalanc\u00e9s 1 ou 3 gardiens disponibles Terrain de jeu stratifi\u00e9 .156&quot; Tiges creuses en acier Roulements divis\u00e9s brevet\u00e9s pour un entretien sans tracas Poign\u00e9es en plastique antid\u00e9rapantes Armoire en MDF de 1,5 po d&#039;\u00e9paisseur  En option Red Laminate ou Black Laminate\" \/>\n<meta name=\"robots\" content=\"index, follow, max-snippet:-1, max-image-preview:large, max-video-preview:-1\" \/>\n<link rel=\"canonical\" href=\"https:\/\/theworldbilliards.com\/fr\/produit\/baby-foot-tornado-t-3000\/\" \/>\n<meta property=\"og:locale\" content=\"fr_FR\" \/>\n<meta property=\"og:type\" content=\"article\" \/>\n<meta property=\"og:title\" content=\"Acheter Baby foot Tornado T-3000 - The World Billiards\" \/>\n<meta property=\"og:description\" content=\"Tableau officiel de l&#039;ITSF  Les performances de qualit\u00e9 professionnelle se sont encore am\u00e9lior\u00e9es. Le Tournament 3000 apporte \u00e0 la maison toutes les caract\u00e9ristiques de l&#039;\u00e9dition Tornado Platinum Tour\u2026 \u00e0 l&#039;exception du m\u00e9canisme \u00e0 pi\u00e8ces. Avec les am\u00e9liorations demand\u00e9es par les joueurs du tournoi.  Notre conception d&#039;armoire permet \u00e0 votre table d&#039;\u00eatre exp\u00e9di\u00e9e presque assembl\u00e9e pour une installation rapide et facile sur place ; 30 minutes de la bo\u00eete au premier match !  Conception d&#039;armoire en deux parties Des hommes discrets et contrebalanc\u00e9s 1 ou 3 gardiens disponibles Terrain de jeu stratifi\u00e9 .156&quot; Tiges creuses en acier Roulements divis\u00e9s brevet\u00e9s pour un entretien sans tracas Poign\u00e9es en plastique antid\u00e9rapantes Armoire en MDF de 1,5 po d&#039;\u00e9paisseur  En option Red Laminate ou Black Laminate\" \/>\n<meta property=\"og:url\" content=\"https:\/\/theworldbilliards.com\/fr\/produit\/baby-foot-tornado-t-3000\/\" \/>\n<meta property=\"og:site_name\" content=\"The World Billiards\" \/>\n<meta property=\"article:publisher\" content=\"https:\/\/www.facebook.com\/baby.foot.superbes\" \/>\n<meta property=\"article:modified_time\" content=\"2025-06-23T08:48:48+00:00\" \/>\n<meta property=\"og:image\" content=\"https:\/\/theworldbilliards.com\/wp-content\/uploads\/2017\/01\/Tornado-T-3000-1.jpg\" \/>\n\t<meta property=\"og:image:width\" content=\"822\" \/>\n\t<meta property=\"og:image:height\" content=\"822\" \/>\n\t<meta property=\"og:image:type\" content=\"image\/jpeg\" \/>\n<meta name=\"twitter:card\" content=\"summary_large_image\" \/>\n<script type=\"application\/ld+json\" class=\"yoast-schema-graph\">{\"@context\":\"https:\\\/\\\/schema.org\",\"@graph\":[{\"@type\":\"WebPage\",\"@id\":\"https:\\\/\\\/theworldbilliards.com\\\/fr\\\/produit\\\/baby-foot-tornado-t-3000\\\/\",\"url\":\"https:\\\/\\\/theworldbilliards.com\\\/fr\\\/produit\\\/baby-foot-tornado-t-3000\\\/\",\"name\":\"Acheter Baby foot Tornado T-3000 - The World Billiards\",\"isPartOf\":{\"@id\":\"https:\\\/\\\/theworldbilliards.com\\\/fr\\\/#website\"},\"primaryImageOfPage\":{\"@id\":\"https:\\\/\\\/theworldbilliards.com\\\/fr\\\/produit\\\/baby-foot-tornado-t-3000\\\/#primaryimage\"},\"image\":{\"@id\":\"https:\\\/\\\/theworldbilliards.com\\\/fr\\\/produit\\\/baby-foot-tornado-t-3000\\\/#primaryimage\"},\"thumbnailUrl\":\"https:\\\/\\\/theworldbilliards.com\\\/wp-content\\\/uploads\\\/2017\\\/01\\\/Tornado-T-3000-1.jpg\",\"datePublished\":\"2017-01-05T09:47:22+00:00\",\"dateModified\":\"2025-06-23T08:48:48+00:00\",\"description\":\"Tableau officiel de l'ITSF Les performances de qualit\u00e9 professionnelle se sont encore am\u00e9lior\u00e9es. Le Tournament 3000 apporte \u00e0 la maison toutes les caract\u00e9ristiques de l'\u00e9dition Tornado Platinum Tour\u2026 \u00e0 l'exception du m\u00e9canisme \u00e0 pi\u00e8ces. Avec les am\u00e9liorations demand\u00e9es par les joueurs du tournoi. Notre conception d'armoire permet \u00e0 votre table d'\u00eatre exp\u00e9di\u00e9e presque assembl\u00e9e pour une installation rapide et facile sur place ; 30 minutes de la bo\u00eete au premier match ! Conception d'armoire en deux parties Des hommes discrets et contrebalanc\u00e9s 1 ou 3 gardiens disponibles Terrain de jeu stratifi\u00e9 .156\\\" Tiges creuses en acier Roulements divis\u00e9s brevet\u00e9s pour un entretien sans tracas Poign\u00e9es en plastique antid\u00e9rapantes Armoire en MDF de 1,5 po d'\u00e9paisseur En option Red Laminate ou Black Laminate\",\"breadcrumb\":{\"@id\":\"https:\\\/\\\/theworldbilliards.com\\\/fr\\\/produit\\\/baby-foot-tornado-t-3000\\\/#breadcrumb\"},\"inLanguage\":\"fr-FR\",\"potentialAction\":[{\"@type\":\"ReadAction\",\"target\":[\"https:\\\/\\\/theworldbilliards.com\\\/fr\\\/produit\\\/baby-foot-tornado-t-3000\\\/\"]}]},{\"@type\":\"ImageObject\",\"inLanguage\":\"fr-FR\",\"@id\":\"https:\\\/\\\/theworldbilliards.com\\\/fr\\\/produit\\\/baby-foot-tornado-t-3000\\\/#primaryimage\",\"url\":\"https:\\\/\\\/theworldbilliards.com\\\/wp-content\\\/uploads\\\/2017\\\/01\\\/Tornado-T-3000-1.jpg\",\"contentUrl\":\"https:\\\/\\\/theworldbilliards.com\\\/wp-content\\\/uploads\\\/2017\\\/01\\\/Tornado-T-3000-1.jpg\",\"width\":822,\"height\":822},{\"@type\":\"BreadcrumbList\",\"@id\":\"https:\\\/\\\/theworldbilliards.com\\\/fr\\\/produit\\\/baby-foot-tornado-t-3000\\\/#breadcrumb\",\"itemListElement\":[{\"@type\":\"ListItem\",\"position\":1,\"name\":\"In\u00edcio\",\"item\":\"https:\\\/\\\/theworldbilliards.com\\\/fr\\\/\"},{\"@type\":\"ListItem\",\"position\":2,\"name\":\"Boutique en ligne\",\"item\":\"https:\\\/\\\/theworldbilliards.com\\\/fr\\\/boutique-theworldbilliards\\\/\"},{\"@type\":\"ListItem\",\"position\":3,\"name\":\"Baby foot Tornado T-3000\"}]},{\"@type\":\"WebSite\",\"@id\":\"https:\\\/\\\/theworldbilliards.com\\\/fr\\\/#website\",\"url\":\"https:\\\/\\\/theworldbilliards.com\\\/fr\\\/\",\"name\":\"TheWorldBilliards\",\"description\":\"Achetez ici billard, baby-foot, ping-pong et bowling\",\"publisher\":{\"@id\":\"https:\\\/\\\/theworldbilliards.com\\\/fr\\\/#organization\"},\"alternateName\":\"The world billiards\",\"potentialAction\":[{\"@type\":\"SearchAction\",\"target\":{\"@type\":\"EntryPoint\",\"urlTemplate\":\"https:\\\/\\\/theworldbilliards.com\\\/fr\\\/?s={search_term_string}\"},\"query-input\":{\"@type\":\"PropertyValueSpecification\",\"valueRequired\":true,\"valueName\":\"search_term_string\"}}],\"inLanguage\":\"fr-FR\"},{\"@type\":\"Organization\",\"@id\":\"https:\\\/\\\/theworldbilliards.com\\\/fr\\\/#organization\",\"name\":\"The World Billiards\",\"alternateName\":\"The World Billiards\",\"url\":\"https:\\\/\\\/theworldbilliards.com\\\/fr\\\/\",\"logo\":{\"@type\":\"ImageObject\",\"inLanguage\":\"fr-FR\",\"@id\":\"https:\\\/\\\/theworldbilliards.com\\\/fr\\\/#\\\/schema\\\/logo\\\/image\\\/\",\"url\":\"\",\"contentUrl\":\"\",\"caption\":\"The World Billiards\"},\"image\":{\"@id\":\"https:\\\/\\\/theworldbilliards.com\\\/fr\\\/#\\\/schema\\\/logo\\\/image\\\/\"},\"sameAs\":[\"https:\\\/\\\/www.facebook.com\\\/baby.foot.superbes\",\"https:\\\/\\\/www.youtube.com\\\/channel\\\/UCIMuOVAaUcH6UpZcsZlH0Tg\",\"https:\\\/\\\/www.facebook.com\\\/people\\\/Brunswick-Billiards-EspaaPortugal\\\/100066446264309\\\/\",\"https:\\\/\\\/www.instagram.com\\\/the_world_billiards\\\/\",\"https:\\\/\\\/www.pinterest.es\\\/Theworldbilliards\\\/\"]}]}<\/script>\n<!-- \/ Yoast SEO plugin. -->","yoast_head_json":{"title":"Acheter Baby foot Tornado T-3000 - The World Billiards","description":"Tableau officiel de l'ITSF  Les performances de qualit\u00e9 professionnelle se sont encore am\u00e9lior\u00e9es. Le Tournament 3000 apporte \u00e0 la maison toutes les caract\u00e9ristiques de l'\u00e9dition Tornado Platinum Tour\u2026 \u00e0 l'exception du m\u00e9canisme \u00e0 pi\u00e8ces. Avec les am\u00e9liorations demand\u00e9es par les joueurs du tournoi.  Notre conception d'armoire permet \u00e0 votre table d'\u00eatre exp\u00e9di\u00e9e presque assembl\u00e9e pour une installation rapide et facile sur place ; 30 minutes de la bo\u00eete au premier match !  Conception d'armoire en deux parties Des hommes discrets et contrebalanc\u00e9s 1 ou 3 gardiens disponibles Terrain de jeu stratifi\u00e9 .156\" Tiges creuses en acier Roulements divis\u00e9s brevet\u00e9s pour un entretien sans tracas Poign\u00e9es en plastique antid\u00e9rapantes Armoire en MDF de 1,5 po d'\u00e9paisseur  En option Red Laminate ou Black Laminate","robots":{"index":"index","follow":"follow","max-snippet":"max-snippet:-1","max-image-preview":"max-image-preview:large","max-video-preview":"max-video-preview:-1"},"canonical":"https:\/\/theworldbilliards.com\/fr\/produit\/baby-foot-tornado-t-3000\/","og_locale":"fr_FR","og_type":"article","og_title":"Acheter Baby foot Tornado T-3000 - The World Billiards","og_description":"Tableau officiel de l'ITSF  Les performances de qualit\u00e9 professionnelle se sont encore am\u00e9lior\u00e9es. Le Tournament 3000 apporte \u00e0 la maison toutes les caract\u00e9ristiques de l'\u00e9dition Tornado Platinum Tour\u2026 \u00e0 l'exception du m\u00e9canisme \u00e0 pi\u00e8ces. Avec les am\u00e9liorations demand\u00e9es par les joueurs du tournoi.  Notre conception d'armoire permet \u00e0 votre table d'\u00eatre exp\u00e9di\u00e9e presque assembl\u00e9e pour une installation rapide et facile sur place ; 30 minutes de la bo\u00eete au premier match !  Conception d'armoire en deux parties Des hommes discrets et contrebalanc\u00e9s 1 ou 3 gardiens disponibles Terrain de jeu stratifi\u00e9 .156\" Tiges creuses en acier Roulements divis\u00e9s brevet\u00e9s pour un entretien sans tracas Poign\u00e9es en plastique antid\u00e9rapantes Armoire en MDF de 1,5 po d'\u00e9paisseur  En option Red Laminate ou Black Laminate","og_url":"https:\/\/theworldbilliards.com\/fr\/produit\/baby-foot-tornado-t-3000\/","og_site_name":"The World Billiards","article_publisher":"https:\/\/www.facebook.com\/baby.foot.superbes","article_modified_time":"2025-06-23T08:48:48+00:00","og_image":[{"width":822,"height":822,"url":"https:\/\/theworldbilliards.com\/wp-content\/uploads\/2017\/01\/Tornado-T-3000-1.jpg","type":"image\/jpeg"}],"twitter_card":"summary_large_image","schema":{"@context":"https:\/\/schema.org","@graph":[{"@type":"WebPage","@id":"https:\/\/theworldbilliards.com\/fr\/produit\/baby-foot-tornado-t-3000\/","url":"https:\/\/theworldbilliards.com\/fr\/produit\/baby-foot-tornado-t-3000\/","name":"Acheter Baby foot Tornado T-3000 - The World Billiards","isPartOf":{"@id":"https:\/\/theworldbilliards.com\/fr\/#website"},"primaryImageOfPage":{"@id":"https:\/\/theworldbilliards.com\/fr\/produit\/baby-foot-tornado-t-3000\/#primaryimage"},"image":{"@id":"https:\/\/theworldbilliards.com\/fr\/produit\/baby-foot-tornado-t-3000\/#primaryimage"},"thumbnailUrl":"https:\/\/theworldbilliards.com\/wp-content\/uploads\/2017\/01\/Tornado-T-3000-1.jpg","datePublished":"2017-01-05T09:47:22+00:00","dateModified":"2025-06-23T08:48:48+00:00","description":"Tableau officiel de l'ITSF Les performances de qualit\u00e9 professionnelle se sont encore am\u00e9lior\u00e9es. Le Tournament 3000 apporte \u00e0 la maison toutes les caract\u00e9ristiques de l'\u00e9dition Tornado Platinum Tour\u2026 \u00e0 l'exception du m\u00e9canisme \u00e0 pi\u00e8ces. Avec les am\u00e9liorations demand\u00e9es par les joueurs du tournoi. Notre conception d'armoire permet \u00e0 votre table d'\u00eatre exp\u00e9di\u00e9e presque assembl\u00e9e pour une installation rapide et facile sur place ; 30 minutes de la bo\u00eete au premier match ! Conception d'armoire en deux parties Des hommes discrets et contrebalanc\u00e9s 1 ou 3 gardiens disponibles Terrain de jeu stratifi\u00e9 .156\" Tiges creuses en acier Roulements divis\u00e9s brevet\u00e9s pour un entretien sans tracas Poign\u00e9es en plastique antid\u00e9rapantes Armoire en MDF de 1,5 po d'\u00e9paisseur En option Red Laminate ou Black Laminate","breadcrumb":{"@id":"https:\/\/theworldbilliards.com\/fr\/produit\/baby-foot-tornado-t-3000\/#breadcrumb"},"inLanguage":"fr-FR","potentialAction":[{"@type":"ReadAction","target":["https:\/\/theworldbilliards.com\/fr\/produit\/baby-foot-tornado-t-3000\/"]}]},{"@type":"ImageObject","inLanguage":"fr-FR","@id":"https:\/\/theworldbilliards.com\/fr\/produit\/baby-foot-tornado-t-3000\/#primaryimage","url":"https:\/\/theworldbilliards.com\/wp-content\/uploads\/2017\/01\/Tornado-T-3000-1.jpg","contentUrl":"https:\/\/theworldbilliards.com\/wp-content\/uploads\/2017\/01\/Tornado-T-3000-1.jpg","width":822,"height":822},{"@type":"BreadcrumbList","@id":"https:\/\/theworldbilliards.com\/fr\/produit\/baby-foot-tornado-t-3000\/#breadcrumb","itemListElement":[{"@type":"ListItem","position":1,"name":"In\u00edcio","item":"https:\/\/theworldbilliards.com\/fr\/"},{"@type":"ListItem","position":2,"name":"Boutique en ligne","item":"https:\/\/theworldbilliards.com\/fr\/boutique-theworldbilliards\/"},{"@type":"ListItem","position":3,"name":"Baby foot Tornado T-3000"}]},{"@type":"WebSite","@id":"https:\/\/theworldbilliards.com\/fr\/#website","url":"https:\/\/theworldbilliards.com\/fr\/","name":"TheWorldBilliards","description":"Achetez ici billard, baby-foot, ping-pong et bowling","publisher":{"@id":"https:\/\/theworldbilliards.com\/fr\/#organization"},"alternateName":"The world billiards","potentialAction":[{"@type":"SearchAction","target":{"@type":"EntryPoint","urlTemplate":"https:\/\/theworldbilliards.com\/fr\/?s={search_term_string}"},"query-input":{"@type":"PropertyValueSpecification","valueRequired":true,"valueName":"search_term_string"}}],"inLanguage":"fr-FR"},{"@type":"Organization","@id":"https:\/\/theworldbilliards.com\/fr\/#organization","name":"The World Billiards","alternateName":"The World Billiards","url":"https:\/\/theworldbilliards.com\/fr\/","logo":{"@type":"ImageObject","inLanguage":"fr-FR","@id":"https:\/\/theworldbilliards.com\/fr\/#\/schema\/logo\/image\/","url":"","contentUrl":"","caption":"The World Billiards"},"image":{"@id":"https:\/\/theworldbilliards.com\/fr\/#\/schema\/logo\/image\/"},"sameAs":["https:\/\/www.facebook.com\/baby.foot.superbes","https:\/\/www.youtube.com\/channel\/UCIMuOVAaUcH6UpZcsZlH0Tg","https:\/\/www.facebook.com\/people\/Brunswick-Billiards-EspaaPortugal\/100066446264309\/","https:\/\/www.instagram.com\/the_world_billiards\/","https:\/\/www.pinterest.es\/Theworldbilliards\/"]}]}},"_links":{"self":[{"href":"https:\/\/theworldbilliards.com\/fr\/wp-json\/wp\/v2\/product\/31385","targetHints":{"allow":["GET"]}}],"collection":[{"href":"https:\/\/theworldbilliards.com\/fr\/wp-json\/wp\/v2\/product"}],"about":[{"href":"https:\/\/theworldbilliards.com\/fr\/wp-json\/wp\/v2\/types\/product"}],"wp:featuredmedia":[{"embeddable":true,"href":"https:\/\/theworldbilliards.com\/fr\/wp-json\/wp\/v2\/media\/107861"}],"wp:attachment":[{"href":"https:\/\/theworldbilliards.com\/fr\/wp-json\/wp\/v2\/media?parent=31385"}],"wp:term":[{"taxonomy":"product_brand","embeddable":true,"href":"https:\/\/theworldbilliards.com\/fr\/wp-json\/wp\/v2\/product_brand?post=31385"},{"taxonomy":"product_cat","embeddable":true,"href":"https:\/\/theworldbilliards.com\/fr\/wp-json\/wp\/v2\/product_cat?post=31385"},{"taxonomy":"product_tag","embeddable":true,"href":"https:\/\/theworldbilliards.com\/fr\/wp-json\/wp\/v2\/product_tag?post=31385"}],"curies":[{"name":"wp","href":"https:\/\/api.w.org\/{rel}","templated":true}]}}