{"id":31389,"date":"2017-01-05T10:50:21","date_gmt":"2017-01-05T09:50:21","guid":{"rendered":"http:\/\/theworldbilliards.com\/?post_type=product&#038;p=31389\/"},"modified":"2022-09-28T12:42:59","modified_gmt":"2022-09-28T10:42:59","slug":"baby-foot-tornado-platinum-tour-edition","status":"publish","type":"product","link":"https:\/\/theworldbilliards.com\/fr\/produit\/baby-foot-tornado-platinum-tour-edition\/","title":{"rendered":"Baby foot Tornado Platinum Tour Edition"},"content":{"rendered":"<p>L&rsquo;\u00e9dition Platinum Tour combine la durabilit\u00e9 et la construction solide en 2 pi\u00e8ces que l&rsquo;on trouve sur les produits Tornado depuis des ann\u00e9es, et les am\u00e9liorations demand\u00e9es par les joueurs de tournoi. La Platinum Tour Edition fonctionne avec des pi\u00e8ces de monnaie et est consid\u00e9r\u00e9e par beaucoup comme la meilleure table de baby-foot au monde. Il utilise des hommes brevet\u00e9s avec des coins plus nets am\u00e9lior\u00e9s et une section transversale accrue permettant un meilleur contr\u00f4le du ballon et des passes. Cette table est livr\u00e9e en standard avec un m\u00e9canisme Push Chute \u00e0 5 pi\u00e8ces pour les jetons ou la plupart des types de devises.<\/p>\n<p>Caract\u00e9ristiques<br \/>\nConception d&rsquo;armoire en deux parties<br \/>\nDes hommes discrets et contrebalanc\u00e9s<br \/>\n1 ou 3 gardiens disponibles<br \/>\nTerrain de jeu stratifi\u00e9<br \/>\n.156&Prime; Tiges creuses en acier<br \/>\nRoulements divis\u00e9s brevet\u00e9s pour un entretien sans tracas<br \/>\nPoign\u00e9es en plastique antid\u00e9rapantes<br \/>\nArmoire en MDF de 1,5 po d&rsquo;\u00e9paisseur<\/p>\n<p>En option Red Laminate ou Black Laminate<\/p>\n","protected":false},"excerpt":{"rendered":"<p>L&rsquo;\u00e9dition Platinum Tour combine la durabilit\u00e9 et la construction solide en 2 pi\u00e8ces que l&rsquo;on trouve sur les produits Tornado [&hellip;]<\/p>\n","protected":false},"featured_media":104900,"template":"","meta":{"site-sidebar-layout":"default","site-content-layout":"","ast-site-content-layout":"default","site-content-style":"default","site-sidebar-style":"default","ast-global-header-display":"","ast-banner-title-visibility":"","ast-main-header-display":"","ast-hfb-above-header-display":"","ast-hfb-below-header-display":"","ast-hfb-mobile-header-display":"","site-post-title":"","ast-breadcrumbs-content":"","ast-featured-img":"","footer-sml-layout":"","ast-disable-related-posts":"","theme-transparent-header-meta":"default","adv-header-id-meta":"","stick-header-meta":"","header-above-stick-meta":"","header-main-stick-meta":"","header-below-stick-meta":"","astra-migrate-meta-layouts":"default","ast-page-background-enabled":"default","ast-page-background-meta":{"desktop":{"background-color":"var(--ast-global-color-4)","background-image":"","background-repeat":"repeat","background-position":"center center","background-size":"auto","background-attachment":"scroll","background-type":"","background-media":"","overlay-type":"","overlay-color":"","overlay-opacity":"","overlay-gradient":""},"tablet":{"background-color":"","background-image":"","background-repeat":"repeat","background-position":"center center","background-size":"auto","background-attachment":"scroll","background-type":"","background-media":"","overlay-type":"","overlay-color":"","overlay-opacity":"","overlay-gradient":""},"mobile":{"background-color":"","background-image":"","background-repeat":"repeat","background-position":"center center","background-size":"auto","background-attachment":"scroll","background-type":"","background-media":"","overlay-type":"","overlay-color":"","overlay-opacity":"","overlay-gradient":""}},"ast-content-background-meta":{"desktop":{"background-color":"var(--ast-global-color-5)","background-image":"","background-repeat":"repeat","background-position":"center center","background-size":"auto","background-attachment":"scroll","background-type":"","background-media":"","overlay-type":"","overlay-color":"","overlay-opacity":"","overlay-gradient":""},"tablet":{"background-color":"var(--ast-global-color-5)","background-image":"","background-repeat":"repeat","background-position":"center center","background-size":"auto","background-attachment":"scroll","background-type":"","background-media":"","overlay-type":"","overlay-color":"","overlay-opacity":"","overlay-gradient":""},"mobile":{"background-color":"var(--ast-global-color-5)","background-image":"","background-repeat":"repeat","background-position":"center center","background-size":"auto","background-attachment":"scroll","background-type":"","background-media":"","overlay-type":"","overlay-color":"","overlay-opacity":"","overlay-gradient":""}}},"product_brand":[5206],"product_cat":[1431,1434,4526],"product_tag":[],"class_list":{"0":"post-31389","1":"product","2":"type-product","3":"status-publish","4":"has-post-thumbnail","6":"product_brand-tornado-foosball-fr","7":"product_cat-baby-foot-avec-monnayeur","8":"product_cat-baby-foot-de-competition","9":"product_cat-produits-commerciaux","10":"product_shipping_class-baby-foot","11":"desktop-align-center","12":"tablet-align-left","13":"mobile-align-left","15":"first","16":"instock","17":"taxable","18":"shipping-taxable","19":"product-type-simple"},"yoast_head":"<!-- This site is optimized with the Yoast SEO plugin v27.4 - https:\/\/yoast.com\/product\/yoast-seo-wordpress\/ -->\n<title>Acheter Baby foot Tornado Platinum Tour Edition - The World Billiards<\/title>\n<meta name=\"description\" content=\"L&#039;\u00e9dition Platinum Tour combine la durabilit\u00e9 et la construction solide en 2 pi\u00e8ces que l&#039;on trouve sur les produits Tornado depuis des ann\u00e9es, et les am\u00e9liorations demand\u00e9es par les joueurs de tournoi. La Platinum Tour Edition fonctionne avec des pi\u00e8ces de monnaie et est consid\u00e9r\u00e9e par beaucoup comme la meilleure table de baby-foot au monde. Il utilise des hommes brevet\u00e9s avec des coins plus nets am\u00e9lior\u00e9s et une section transversale accrue permettant un meilleur contr\u00f4le du ballon et des passes. Cette table est livr\u00e9e en standard avec un m\u00e9canisme Push Chute \u00e0 5 pi\u00e8ces pour les jetons ou la plupart des types de devises.  Caract\u00e9ristiques Conception d&#039;armoire en deux parties Des hommes discrets et contrebalanc\u00e9s 1 ou 3 gardiens disponibles Terrain de jeu stratifi\u00e9 .156&quot; Tiges creuses en acier Roulements divis\u00e9s brevet\u00e9s pour un entretien sans tracas Poign\u00e9es en plastique antid\u00e9rapantes Armoire en MDF de 1,5 po d&#039;\u00e9paisseur  En option Red Laminate ou Black Laminate\" \/>\n<meta name=\"robots\" content=\"index, follow, max-snippet:-1, max-image-preview:large, max-video-preview:-1\" \/>\n<link rel=\"canonical\" href=\"https:\/\/theworldbilliards.com\/fr\/produit\/baby-foot-tornado-platinum-tour-edition\/\" \/>\n<meta property=\"og:locale\" content=\"fr_FR\" \/>\n<meta property=\"og:type\" content=\"article\" \/>\n<meta property=\"og:title\" content=\"Acheter Baby foot Tornado Platinum Tour Edition - The World Billiards\" \/>\n<meta property=\"og:description\" content=\"L&#039;\u00e9dition Platinum Tour combine la durabilit\u00e9 et la construction solide en 2 pi\u00e8ces que l&#039;on trouve sur les produits Tornado depuis des ann\u00e9es, et les am\u00e9liorations demand\u00e9es par les joueurs de tournoi. La Platinum Tour Edition fonctionne avec des pi\u00e8ces de monnaie et est consid\u00e9r\u00e9e par beaucoup comme la meilleure table de baby-foot au monde. Il utilise des hommes brevet\u00e9s avec des coins plus nets am\u00e9lior\u00e9s et une section transversale accrue permettant un meilleur contr\u00f4le du ballon et des passes. Cette table est livr\u00e9e en standard avec un m\u00e9canisme Push Chute \u00e0 5 pi\u00e8ces pour les jetons ou la plupart des types de devises.  Caract\u00e9ristiques Conception d&#039;armoire en deux parties Des hommes discrets et contrebalanc\u00e9s 1 ou 3 gardiens disponibles Terrain de jeu stratifi\u00e9 .156&quot; Tiges creuses en acier Roulements divis\u00e9s brevet\u00e9s pour un entretien sans tracas Poign\u00e9es en plastique antid\u00e9rapantes Armoire en MDF de 1,5 po d&#039;\u00e9paisseur  En option Red Laminate ou Black Laminate\" \/>\n<meta property=\"og:url\" content=\"https:\/\/theworldbilliards.com\/fr\/produit\/baby-foot-tornado-platinum-tour-edition\/\" \/>\n<meta property=\"og:site_name\" content=\"The World Billiards\" \/>\n<meta property=\"article:publisher\" content=\"https:\/\/www.facebook.com\/baby.foot.superbes\" \/>\n<meta property=\"article:modified_time\" content=\"2022-09-28T10:42:59+00:00\" \/>\n<meta property=\"og:image\" content=\"https:\/\/theworldbilliards.com\/wp-content\/uploads\/2017\/01\/Tornado_Platinum_Logo.png\" \/>\n\t<meta property=\"og:image:width\" content=\"450\" \/>\n\t<meta property=\"og:image:height\" content=\"450\" \/>\n\t<meta property=\"og:image:type\" content=\"image\/png\" \/>\n<meta name=\"twitter:card\" content=\"summary_large_image\" \/>\n<meta name=\"twitter:label1\" content=\"Dur\u00e9e de lecture estim\u00e9e\" \/>\n\t<meta name=\"twitter:data1\" content=\"1 minute\" \/>\n<script type=\"application\/ld+json\" class=\"yoast-schema-graph\">{\"@context\":\"https:\\\/\\\/schema.org\",\"@graph\":[{\"@type\":\"WebPage\",\"@id\":\"https:\\\/\\\/theworldbilliards.com\\\/fr\\\/produit\\\/baby-foot-tornado-platinum-tour-edition\\\/\",\"url\":\"https:\\\/\\\/theworldbilliards.com\\\/fr\\\/produit\\\/baby-foot-tornado-platinum-tour-edition\\\/\",\"name\":\"Acheter Baby foot Tornado Platinum Tour Edition - The World Billiards\",\"isPartOf\":{\"@id\":\"https:\\\/\\\/theworldbilliards.com\\\/fr\\\/#website\"},\"primaryImageOfPage\":{\"@id\":\"https:\\\/\\\/theworldbilliards.com\\\/fr\\\/produit\\\/baby-foot-tornado-platinum-tour-edition\\\/#primaryimage\"},\"image\":{\"@id\":\"https:\\\/\\\/theworldbilliards.com\\\/fr\\\/produit\\\/baby-foot-tornado-platinum-tour-edition\\\/#primaryimage\"},\"thumbnailUrl\":\"https:\\\/\\\/theworldbilliards.com\\\/wp-content\\\/uploads\\\/2017\\\/01\\\/Tornado_Platinum-Tour-Edition.jpg\",\"datePublished\":\"2017-01-05T09:50:21+00:00\",\"dateModified\":\"2022-09-28T10:42:59+00:00\",\"description\":\"L'\u00e9dition Platinum Tour combine la durabilit\u00e9 et la construction solide en 2 pi\u00e8ces que l'on trouve sur les produits Tornado depuis des ann\u00e9es, et les am\u00e9liorations demand\u00e9es par les joueurs de tournoi. La Platinum Tour Edition fonctionne avec des pi\u00e8ces de monnaie et est consid\u00e9r\u00e9e par beaucoup comme la meilleure table de baby-foot au monde. Il utilise des hommes brevet\u00e9s avec des coins plus nets am\u00e9lior\u00e9s et une section transversale accrue permettant un meilleur contr\u00f4le du ballon et des passes. Cette table est livr\u00e9e en standard avec un m\u00e9canisme Push Chute \u00e0 5 pi\u00e8ces pour les jetons ou la plupart des types de devises. Caract\u00e9ristiques Conception d'armoire en deux parties Des hommes discrets et contrebalanc\u00e9s 1 ou 3 gardiens disponibles Terrain de jeu stratifi\u00e9 .156\\\" Tiges creuses en acier Roulements divis\u00e9s brevet\u00e9s pour un entretien sans tracas Poign\u00e9es en plastique antid\u00e9rapantes Armoire en MDF de 1,5 po d'\u00e9paisseur En option Red Laminate ou Black Laminate\",\"breadcrumb\":{\"@id\":\"https:\\\/\\\/theworldbilliards.com\\\/fr\\\/produit\\\/baby-foot-tornado-platinum-tour-edition\\\/#breadcrumb\"},\"inLanguage\":\"fr-FR\",\"potentialAction\":[{\"@type\":\"ReadAction\",\"target\":[\"https:\\\/\\\/theworldbilliards.com\\\/fr\\\/produit\\\/baby-foot-tornado-platinum-tour-edition\\\/\"]}]},{\"@type\":\"ImageObject\",\"inLanguage\":\"fr-FR\",\"@id\":\"https:\\\/\\\/theworldbilliards.com\\\/fr\\\/produit\\\/baby-foot-tornado-platinum-tour-edition\\\/#primaryimage\",\"url\":\"https:\\\/\\\/theworldbilliards.com\\\/wp-content\\\/uploads\\\/2017\\\/01\\\/Tornado_Platinum-Tour-Edition.jpg\",\"contentUrl\":\"https:\\\/\\\/theworldbilliards.com\\\/wp-content\\\/uploads\\\/2017\\\/01\\\/Tornado_Platinum-Tour-Edition.jpg\",\"width\":804,\"height\":804},{\"@type\":\"BreadcrumbList\",\"@id\":\"https:\\\/\\\/theworldbilliards.com\\\/fr\\\/produit\\\/baby-foot-tornado-platinum-tour-edition\\\/#breadcrumb\",\"itemListElement\":[{\"@type\":\"ListItem\",\"position\":1,\"name\":\"In\u00edcio\",\"item\":\"https:\\\/\\\/theworldbilliards.com\\\/fr\\\/\"},{\"@type\":\"ListItem\",\"position\":2,\"name\":\"Boutique en ligne\",\"item\":\"https:\\\/\\\/theworldbilliards.com\\\/fr\\\/boutique-theworldbilliards\\\/\"},{\"@type\":\"ListItem\",\"position\":3,\"name\":\"Baby foot Tornado Platinum Tour Edition\"}]},{\"@type\":\"WebSite\",\"@id\":\"https:\\\/\\\/theworldbilliards.com\\\/fr\\\/#website\",\"url\":\"https:\\\/\\\/theworldbilliards.com\\\/fr\\\/\",\"name\":\"TheWorldBilliards\",\"description\":\"Achetez ici billard, baby-foot, ping-pong et bowling\",\"publisher\":{\"@id\":\"https:\\\/\\\/theworldbilliards.com\\\/fr\\\/#organization\"},\"alternateName\":\"The world billiards\",\"potentialAction\":[{\"@type\":\"SearchAction\",\"target\":{\"@type\":\"EntryPoint\",\"urlTemplate\":\"https:\\\/\\\/theworldbilliards.com\\\/fr\\\/?s={search_term_string}\"},\"query-input\":{\"@type\":\"PropertyValueSpecification\",\"valueRequired\":true,\"valueName\":\"search_term_string\"}}],\"inLanguage\":\"fr-FR\"},{\"@type\":\"Organization\",\"@id\":\"https:\\\/\\\/theworldbilliards.com\\\/fr\\\/#organization\",\"name\":\"The World Billiards\",\"alternateName\":\"The World Billiards\",\"url\":\"https:\\\/\\\/theworldbilliards.com\\\/fr\\\/\",\"logo\":{\"@type\":\"ImageObject\",\"inLanguage\":\"fr-FR\",\"@id\":\"https:\\\/\\\/theworldbilliards.com\\\/fr\\\/#\\\/schema\\\/logo\\\/image\\\/\",\"url\":\"\",\"contentUrl\":\"\",\"caption\":\"The World Billiards\"},\"image\":{\"@id\":\"https:\\\/\\\/theworldbilliards.com\\\/fr\\\/#\\\/schema\\\/logo\\\/image\\\/\"},\"sameAs\":[\"https:\\\/\\\/www.facebook.com\\\/baby.foot.superbes\",\"https:\\\/\\\/www.youtube.com\\\/channel\\\/UCIMuOVAaUcH6UpZcsZlH0Tg\",\"https:\\\/\\\/www.facebook.com\\\/people\\\/Brunswick-Billiards-EspaaPortugal\\\/100066446264309\\\/\",\"https:\\\/\\\/www.instagram.com\\\/the_world_billiards\\\/\",\"https:\\\/\\\/www.pinterest.es\\\/Theworldbilliards\\\/\"]}]}<\/script>\n<!-- \/ Yoast SEO plugin. -->","yoast_head_json":{"title":"Acheter Baby foot Tornado Platinum Tour Edition - The World Billiards","description":"L'\u00e9dition Platinum Tour combine la durabilit\u00e9 et la construction solide en 2 pi\u00e8ces que l'on trouve sur les produits Tornado depuis des ann\u00e9es, et les am\u00e9liorations demand\u00e9es par les joueurs de tournoi. La Platinum Tour Edition fonctionne avec des pi\u00e8ces de monnaie et est consid\u00e9r\u00e9e par beaucoup comme la meilleure table de baby-foot au monde. Il utilise des hommes brevet\u00e9s avec des coins plus nets am\u00e9lior\u00e9s et une section transversale accrue permettant un meilleur contr\u00f4le du ballon et des passes. Cette table est livr\u00e9e en standard avec un m\u00e9canisme Push Chute \u00e0 5 pi\u00e8ces pour les jetons ou la plupart des types de devises.  Caract\u00e9ristiques Conception d'armoire en deux parties Des hommes discrets et contrebalanc\u00e9s 1 ou 3 gardiens disponibles Terrain de jeu stratifi\u00e9 .156\" Tiges creuses en acier Roulements divis\u00e9s brevet\u00e9s pour un entretien sans tracas Poign\u00e9es en plastique antid\u00e9rapantes Armoire en MDF de 1,5 po d'\u00e9paisseur  En option Red Laminate ou Black Laminate","robots":{"index":"index","follow":"follow","max-snippet":"max-snippet:-1","max-image-preview":"max-image-preview:large","max-video-preview":"max-video-preview:-1"},"canonical":"https:\/\/theworldbilliards.com\/fr\/produit\/baby-foot-tornado-platinum-tour-edition\/","og_locale":"fr_FR","og_type":"article","og_title":"Acheter Baby foot Tornado Platinum Tour Edition - The World Billiards","og_description":"L'\u00e9dition Platinum Tour combine la durabilit\u00e9 et la construction solide en 2 pi\u00e8ces que l'on trouve sur les produits Tornado depuis des ann\u00e9es, et les am\u00e9liorations demand\u00e9es par les joueurs de tournoi. La Platinum Tour Edition fonctionne avec des pi\u00e8ces de monnaie et est consid\u00e9r\u00e9e par beaucoup comme la meilleure table de baby-foot au monde. Il utilise des hommes brevet\u00e9s avec des coins plus nets am\u00e9lior\u00e9s et une section transversale accrue permettant un meilleur contr\u00f4le du ballon et des passes. Cette table est livr\u00e9e en standard avec un m\u00e9canisme Push Chute \u00e0 5 pi\u00e8ces pour les jetons ou la plupart des types de devises.  Caract\u00e9ristiques Conception d'armoire en deux parties Des hommes discrets et contrebalanc\u00e9s 1 ou 3 gardiens disponibles Terrain de jeu stratifi\u00e9 .156\" Tiges creuses en acier Roulements divis\u00e9s brevet\u00e9s pour un entretien sans tracas Poign\u00e9es en plastique antid\u00e9rapantes Armoire en MDF de 1,5 po d'\u00e9paisseur  En option Red Laminate ou Black Laminate","og_url":"https:\/\/theworldbilliards.com\/fr\/produit\/baby-foot-tornado-platinum-tour-edition\/","og_site_name":"The World Billiards","article_publisher":"https:\/\/www.facebook.com\/baby.foot.superbes","article_modified_time":"2022-09-28T10:42:59+00:00","og_image":[{"width":450,"height":450,"url":"https:\/\/theworldbilliards.com\/wp-content\/uploads\/2017\/01\/Tornado_Platinum_Logo.png","type":"image\/png"}],"twitter_card":"summary_large_image","twitter_misc":{"Dur\u00e9e de lecture estim\u00e9e":"1 minute"},"schema":{"@context":"https:\/\/schema.org","@graph":[{"@type":"WebPage","@id":"https:\/\/theworldbilliards.com\/fr\/produit\/baby-foot-tornado-platinum-tour-edition\/","url":"https:\/\/theworldbilliards.com\/fr\/produit\/baby-foot-tornado-platinum-tour-edition\/","name":"Acheter Baby foot Tornado Platinum Tour Edition - The World Billiards","isPartOf":{"@id":"https:\/\/theworldbilliards.com\/fr\/#website"},"primaryImageOfPage":{"@id":"https:\/\/theworldbilliards.com\/fr\/produit\/baby-foot-tornado-platinum-tour-edition\/#primaryimage"},"image":{"@id":"https:\/\/theworldbilliards.com\/fr\/produit\/baby-foot-tornado-platinum-tour-edition\/#primaryimage"},"thumbnailUrl":"https:\/\/theworldbilliards.com\/wp-content\/uploads\/2017\/01\/Tornado_Platinum-Tour-Edition.jpg","datePublished":"2017-01-05T09:50:21+00:00","dateModified":"2022-09-28T10:42:59+00:00","description":"L'\u00e9dition Platinum Tour combine la durabilit\u00e9 et la construction solide en 2 pi\u00e8ces que l'on trouve sur les produits Tornado depuis des ann\u00e9es, et les am\u00e9liorations demand\u00e9es par les joueurs de tournoi. La Platinum Tour Edition fonctionne avec des pi\u00e8ces de monnaie et est consid\u00e9r\u00e9e par beaucoup comme la meilleure table de baby-foot au monde. Il utilise des hommes brevet\u00e9s avec des coins plus nets am\u00e9lior\u00e9s et une section transversale accrue permettant un meilleur contr\u00f4le du ballon et des passes. Cette table est livr\u00e9e en standard avec un m\u00e9canisme Push Chute \u00e0 5 pi\u00e8ces pour les jetons ou la plupart des types de devises. Caract\u00e9ristiques Conception d'armoire en deux parties Des hommes discrets et contrebalanc\u00e9s 1 ou 3 gardiens disponibles Terrain de jeu stratifi\u00e9 .156\" Tiges creuses en acier Roulements divis\u00e9s brevet\u00e9s pour un entretien sans tracas Poign\u00e9es en plastique antid\u00e9rapantes Armoire en MDF de 1,5 po d'\u00e9paisseur En option Red Laminate ou Black Laminate","breadcrumb":{"@id":"https:\/\/theworldbilliards.com\/fr\/produit\/baby-foot-tornado-platinum-tour-edition\/#breadcrumb"},"inLanguage":"fr-FR","potentialAction":[{"@type":"ReadAction","target":["https:\/\/theworldbilliards.com\/fr\/produit\/baby-foot-tornado-platinum-tour-edition\/"]}]},{"@type":"ImageObject","inLanguage":"fr-FR","@id":"https:\/\/theworldbilliards.com\/fr\/produit\/baby-foot-tornado-platinum-tour-edition\/#primaryimage","url":"https:\/\/theworldbilliards.com\/wp-content\/uploads\/2017\/01\/Tornado_Platinum-Tour-Edition.jpg","contentUrl":"https:\/\/theworldbilliards.com\/wp-content\/uploads\/2017\/01\/Tornado_Platinum-Tour-Edition.jpg","width":804,"height":804},{"@type":"BreadcrumbList","@id":"https:\/\/theworldbilliards.com\/fr\/produit\/baby-foot-tornado-platinum-tour-edition\/#breadcrumb","itemListElement":[{"@type":"ListItem","position":1,"name":"In\u00edcio","item":"https:\/\/theworldbilliards.com\/fr\/"},{"@type":"ListItem","position":2,"name":"Boutique en ligne","item":"https:\/\/theworldbilliards.com\/fr\/boutique-theworldbilliards\/"},{"@type":"ListItem","position":3,"name":"Baby foot Tornado Platinum Tour Edition"}]},{"@type":"WebSite","@id":"https:\/\/theworldbilliards.com\/fr\/#website","url":"https:\/\/theworldbilliards.com\/fr\/","name":"TheWorldBilliards","description":"Achetez ici billard, baby-foot, ping-pong et bowling","publisher":{"@id":"https:\/\/theworldbilliards.com\/fr\/#organization"},"alternateName":"The world billiards","potentialAction":[{"@type":"SearchAction","target":{"@type":"EntryPoint","urlTemplate":"https:\/\/theworldbilliards.com\/fr\/?s={search_term_string}"},"query-input":{"@type":"PropertyValueSpecification","valueRequired":true,"valueName":"search_term_string"}}],"inLanguage":"fr-FR"},{"@type":"Organization","@id":"https:\/\/theworldbilliards.com\/fr\/#organization","name":"The World Billiards","alternateName":"The World Billiards","url":"https:\/\/theworldbilliards.com\/fr\/","logo":{"@type":"ImageObject","inLanguage":"fr-FR","@id":"https:\/\/theworldbilliards.com\/fr\/#\/schema\/logo\/image\/","url":"","contentUrl":"","caption":"The World Billiards"},"image":{"@id":"https:\/\/theworldbilliards.com\/fr\/#\/schema\/logo\/image\/"},"sameAs":["https:\/\/www.facebook.com\/baby.foot.superbes","https:\/\/www.youtube.com\/channel\/UCIMuOVAaUcH6UpZcsZlH0Tg","https:\/\/www.facebook.com\/people\/Brunswick-Billiards-EspaaPortugal\/100066446264309\/","https:\/\/www.instagram.com\/the_world_billiards\/","https:\/\/www.pinterest.es\/Theworldbilliards\/"]}]}},"_links":{"self":[{"href":"https:\/\/theworldbilliards.com\/fr\/wp-json\/wp\/v2\/product\/31389","targetHints":{"allow":["GET"]}}],"collection":[{"href":"https:\/\/theworldbilliards.com\/fr\/wp-json\/wp\/v2\/product"}],"about":[{"href":"https:\/\/theworldbilliards.com\/fr\/wp-json\/wp\/v2\/types\/product"}],"wp:featuredmedia":[{"embeddable":true,"href":"https:\/\/theworldbilliards.com\/fr\/wp-json\/wp\/v2\/media\/104900"}],"wp:attachment":[{"href":"https:\/\/theworldbilliards.com\/fr\/wp-json\/wp\/v2\/media?parent=31389"}],"wp:term":[{"taxonomy":"product_brand","embeddable":true,"href":"https:\/\/theworldbilliards.com\/fr\/wp-json\/wp\/v2\/product_brand?post=31389"},{"taxonomy":"product_cat","embeddable":true,"href":"https:\/\/theworldbilliards.com\/fr\/wp-json\/wp\/v2\/product_cat?post=31389"},{"taxonomy":"product_tag","embeddable":true,"href":"https:\/\/theworldbilliards.com\/fr\/wp-json\/wp\/v2\/product_tag?post=31389"}],"curies":[{"name":"wp","href":"https:\/\/api.w.org\/{rel}","templated":true}]}}