{"id":31401,"date":"2017-01-05T11:42:20","date_gmt":"2017-01-05T10:42:20","guid":{"rendered":"http:\/\/theworldbilliards.com\/?post_type=product&#038;p=31401\/"},"modified":"2025-07-07T13:51:19","modified_gmt":"2025-07-07T11:51:19","slug":"baby-foot-costa-sans-monnayeur","status":"publish","type":"product","link":"https:\/\/theworldbilliards.com\/fr\/produit\/baby-foot-costa-sans-monnayeur\/","title":{"rendered":"Baby Foot Costa (sans monnayeur)"},"content":{"rendered":"<p>Dimensions: 0,90 m x 1,66 m x 0,90 m [LxLxH]<\/p>\n<ul>\n<li>Qualit\u00e9 professionnelle<\/li>\n<li>10 Billes inclues<\/li>\n<li>Fabriqu\u00e9 en h\u00eatre massif<\/li>\n<li>Joueurs avec les jambes s\u00e9par\u00e9es<\/li>\n<li>Barres inox renforc\u00e9es<\/li>\n<li>Coussinet en plastique<\/li>\n<li>Adapt\u00e9 pour tout syst\u00e8me du jeu et tout joueur<\/li>\n<li>Disponible en h\u00eatre , acajou et pin<\/li>\n<li>Poids &#8211; 90 Kg<\/li>\n<li>Poup\u00e9es pattes m\u00e9talliques espac\u00e9es<\/li>\n<\/ul>\n<picture><img decoding=\"async\" class=\"alignnone webpexpress-processed ls-is-cached lazyloaded\" src=\"https:\/\/theworldbilliards.com\/wp-content\/uploads\/2019\/11\/Colores-Maderas-Billar-300x182.jpg\" data-src=\"https:\/\/theworldbilliards.com\/wp-content\/uploads\/2019\/11\/Colores-Maderas-Billar-300x182.jpg\" \/><\/picture>\n<ul>\n<li>Autres couleurs de bois ou joueurs contactez-nous.<\/li>\n<\/ul>\n<ul>\n<li>Option LED RVB avec t\u00e9l\u00e9commande<\/li>\n<\/ul>\n","protected":false},"excerpt":{"rendered":"<p>Dimensions: 0,90 m x 1,66 m x 0,90 m [LxLxH] Qualit\u00e9 professionnelle 10 Billes inclues Fabriqu\u00e9 en h\u00eatre massif Joueurs [&hellip;]<\/p>\n","protected":false},"featured_media":108195,"template":"","meta":{"site-sidebar-layout":"default","site-content-layout":"","ast-site-content-layout":"default","site-content-style":"default","site-sidebar-style":"default","ast-global-header-display":"","ast-banner-title-visibility":"","ast-main-header-display":"","ast-hfb-above-header-display":"","ast-hfb-below-header-display":"","ast-hfb-mobile-header-display":"","site-post-title":"","ast-breadcrumbs-content":"","ast-featured-img":"","footer-sml-layout":"","ast-disable-related-posts":"","theme-transparent-header-meta":"default","adv-header-id-meta":"","stick-header-meta":"","header-above-stick-meta":"","header-main-stick-meta":"","header-below-stick-meta":"","astra-migrate-meta-layouts":"default","ast-page-background-enabled":"default","ast-page-background-meta":{"desktop":{"background-color":"var(--ast-global-color-4)","background-image":"","background-repeat":"repeat","background-position":"center center","background-size":"auto","background-attachment":"scroll","background-type":"","background-media":"","overlay-type":"","overlay-color":"","overlay-opacity":"","overlay-gradient":""},"tablet":{"background-color":"","background-image":"","background-repeat":"repeat","background-position":"center center","background-size":"auto","background-attachment":"scroll","background-type":"","background-media":"","overlay-type":"","overlay-color":"","overlay-opacity":"","overlay-gradient":""},"mobile":{"background-color":"","background-image":"","background-repeat":"repeat","background-position":"center center","background-size":"auto","background-attachment":"scroll","background-type":"","background-media":"","overlay-type":"","overlay-color":"","overlay-opacity":"","overlay-gradient":""}},"ast-content-background-meta":{"desktop":{"background-color":"var(--ast-global-color-5)","background-image":"","background-repeat":"repeat","background-position":"center center","background-size":"auto","background-attachment":"scroll","background-type":"","background-media":"","overlay-type":"","overlay-color":"","overlay-opacity":"","overlay-gradient":""},"tablet":{"background-color":"var(--ast-global-color-5)","background-image":"","background-repeat":"repeat","background-position":"center center","background-size":"auto","background-attachment":"scroll","background-type":"","background-media":"","overlay-type":"","overlay-color":"","overlay-opacity":"","overlay-gradient":""},"mobile":{"background-color":"var(--ast-global-color-5)","background-image":"","background-repeat":"repeat","background-position":"center center","background-size":"auto","background-attachment":"scroll","background-type":"","background-media":"","overlay-type":"","overlay-color":"","overlay-opacity":"","overlay-gradient":""}}},"product_brand":[5218],"product_cat":[1437],"product_tag":[],"class_list":{"0":"post-31401","1":"product","2":"type-product","3":"status-publish","4":"has-post-thumbnail","6":"product_brand-the-world-billiards","7":"product_cat-baby-foot-sans-monnayeur","8":"product_shipping_class-grand-baby-foot","9":"desktop-align-center","10":"tablet-align-left","11":"mobile-align-left","13":"first","14":"instock","15":"taxable","16":"shipping-taxable","17":"purchasable","18":"product-type-variable"},"yoast_head":"<!-- This site is optimized with the Yoast SEO plugin v27.4 - https:\/\/yoast.com\/product\/yoast-seo-wordpress\/ -->\n<title>Acheter Baby Foot Costa (sans monnayeur) - The World Billiards<\/title>\n<meta name=\"description\" content=\"Dimensions: 0,90 m x 1,66 m x 0,90 m    Qualit\u00e9 professionnelle  10 Billes inclues  Fabriqu\u00e9 en h\u00eatre massif  Joueurs avec les jambes s\u00e9par\u00e9es  Barres inox renforc\u00e9es  Coussinet en plastique  Adapt\u00e9 pour tout syst\u00e8me du jeu et tout joueur  Disponible en h\u00eatre , acajou et pin  Poids - 90 Kg  Poup\u00e9es pattes m\u00e9talliques espac\u00e9es     Autres couleurs de bois ou joueurs contactez-nous.    Option LED RVB avec t\u00e9l\u00e9commande\" \/>\n<meta name=\"robots\" content=\"index, follow, max-snippet:-1, max-image-preview:large, max-video-preview:-1\" \/>\n<link rel=\"canonical\" href=\"https:\/\/theworldbilliards.com\/fr\/produit\/baby-foot-costa-sans-monnayeur\/\" \/>\n<meta property=\"og:locale\" content=\"fr_FR\" \/>\n<meta property=\"og:type\" content=\"article\" \/>\n<meta property=\"og:title\" content=\"Acheter Baby Foot Costa (sans monnayeur) - The World Billiards\" \/>\n<meta property=\"og:description\" content=\"Dimensions: 0,90 m x 1,66 m x 0,90 m    Qualit\u00e9 professionnelle  10 Billes inclues  Fabriqu\u00e9 en h\u00eatre massif  Joueurs avec les jambes s\u00e9par\u00e9es  Barres inox renforc\u00e9es  Coussinet en plastique  Adapt\u00e9 pour tout syst\u00e8me du jeu et tout joueur  Disponible en h\u00eatre , acajou et pin  Poids - 90 Kg  Poup\u00e9es pattes m\u00e9talliques espac\u00e9es     Autres couleurs de bois ou joueurs contactez-nous.    Option LED RVB avec t\u00e9l\u00e9commande\" \/>\n<meta property=\"og:url\" content=\"https:\/\/theworldbilliards.com\/fr\/produit\/baby-foot-costa-sans-monnayeur\/\" \/>\n<meta property=\"og:site_name\" content=\"The World Billiards\" \/>\n<meta property=\"article:publisher\" content=\"https:\/\/www.facebook.com\/baby.foot.superbes\" \/>\n<meta property=\"article:modified_time\" content=\"2025-07-07T11:51:19+00:00\" \/>\n<meta property=\"og:image\" content=\"https:\/\/theworldbilliards.com\/wp-content\/uploads\/2017\/01\/futbolin-Costa.jpg\" \/>\n\t<meta property=\"og:image:width\" content=\"740\" \/>\n\t<meta property=\"og:image:height\" content=\"740\" \/>\n\t<meta property=\"og:image:type\" content=\"image\/jpeg\" \/>\n<meta name=\"twitter:card\" content=\"summary_large_image\" \/>\n<meta name=\"twitter:label1\" content=\"Dur\u00e9e de lecture estim\u00e9e\" \/>\n\t<meta name=\"twitter:data1\" content=\"1 minute\" \/>\n<script type=\"application\/ld+json\" class=\"yoast-schema-graph\">{\"@context\":\"https:\\\/\\\/schema.org\",\"@graph\":[{\"@type\":\"WebPage\",\"@id\":\"https:\\\/\\\/theworldbilliards.com\\\/fr\\\/produit\\\/baby-foot-costa-sans-monnayeur\\\/\",\"url\":\"https:\\\/\\\/theworldbilliards.com\\\/fr\\\/produit\\\/baby-foot-costa-sans-monnayeur\\\/\",\"name\":\"Acheter Baby Foot Costa (sans monnayeur) - The World Billiards\",\"isPartOf\":{\"@id\":\"https:\\\/\\\/theworldbilliards.com\\\/fr\\\/#website\"},\"primaryImageOfPage\":{\"@id\":\"https:\\\/\\\/theworldbilliards.com\\\/fr\\\/produit\\\/baby-foot-costa-sans-monnayeur\\\/#primaryimage\"},\"image\":{\"@id\":\"https:\\\/\\\/theworldbilliards.com\\\/fr\\\/produit\\\/baby-foot-costa-sans-monnayeur\\\/#primaryimage\"},\"thumbnailUrl\":\"https:\\\/\\\/theworldbilliards.com\\\/wp-content\\\/uploads\\\/2017\\\/01\\\/futbolin-Costa.jpg\",\"datePublished\":\"2017-01-05T10:42:20+00:00\",\"dateModified\":\"2025-07-07T11:51:19+00:00\",\"description\":\"Dimensions: 0,90 m x 1,66 m x 0,90 m Qualit\u00e9 professionnelle 10 Billes inclues Fabriqu\u00e9 en h\u00eatre massif Joueurs avec les jambes s\u00e9par\u00e9es Barres inox renforc\u00e9es Coussinet en plastique Adapt\u00e9 pour tout syst\u00e8me du jeu et tout joueur Disponible en h\u00eatre , acajou et pin Poids - 90 Kg Poup\u00e9es pattes m\u00e9talliques espac\u00e9es Autres couleurs de bois ou joueurs contactez-nous. Option LED RVB avec t\u00e9l\u00e9commande\",\"breadcrumb\":{\"@id\":\"https:\\\/\\\/theworldbilliards.com\\\/fr\\\/produit\\\/baby-foot-costa-sans-monnayeur\\\/#breadcrumb\"},\"inLanguage\":\"fr-FR\",\"potentialAction\":[{\"@type\":\"ReadAction\",\"target\":[\"https:\\\/\\\/theworldbilliards.com\\\/fr\\\/produit\\\/baby-foot-costa-sans-monnayeur\\\/\"]}]},{\"@type\":\"ImageObject\",\"inLanguage\":\"fr-FR\",\"@id\":\"https:\\\/\\\/theworldbilliards.com\\\/fr\\\/produit\\\/baby-foot-costa-sans-monnayeur\\\/#primaryimage\",\"url\":\"https:\\\/\\\/theworldbilliards.com\\\/wp-content\\\/uploads\\\/2017\\\/01\\\/futbolin-Costa.jpg\",\"contentUrl\":\"https:\\\/\\\/theworldbilliards.com\\\/wp-content\\\/uploads\\\/2017\\\/01\\\/futbolin-Costa.jpg\",\"width\":740,\"height\":740},{\"@type\":\"BreadcrumbList\",\"@id\":\"https:\\\/\\\/theworldbilliards.com\\\/fr\\\/produit\\\/baby-foot-costa-sans-monnayeur\\\/#breadcrumb\",\"itemListElement\":[{\"@type\":\"ListItem\",\"position\":1,\"name\":\"In\u00edcio\",\"item\":\"https:\\\/\\\/theworldbilliards.com\\\/fr\\\/\"},{\"@type\":\"ListItem\",\"position\":2,\"name\":\"Boutique en ligne\",\"item\":\"https:\\\/\\\/theworldbilliards.com\\\/fr\\\/boutique-theworldbilliards\\\/\"},{\"@type\":\"ListItem\",\"position\":3,\"name\":\"Baby Foot Costa (sans monnayeur)\"}]},{\"@type\":\"WebSite\",\"@id\":\"https:\\\/\\\/theworldbilliards.com\\\/fr\\\/#website\",\"url\":\"https:\\\/\\\/theworldbilliards.com\\\/fr\\\/\",\"name\":\"TheWorldBilliards\",\"description\":\"Achetez ici billard, baby-foot, ping-pong et bowling\",\"publisher\":{\"@id\":\"https:\\\/\\\/theworldbilliards.com\\\/fr\\\/#organization\"},\"alternateName\":\"The world billiards\",\"potentialAction\":[{\"@type\":\"SearchAction\",\"target\":{\"@type\":\"EntryPoint\",\"urlTemplate\":\"https:\\\/\\\/theworldbilliards.com\\\/fr\\\/?s={search_term_string}\"},\"query-input\":{\"@type\":\"PropertyValueSpecification\",\"valueRequired\":true,\"valueName\":\"search_term_string\"}}],\"inLanguage\":\"fr-FR\"},{\"@type\":\"Organization\",\"@id\":\"https:\\\/\\\/theworldbilliards.com\\\/fr\\\/#organization\",\"name\":\"The World Billiards\",\"alternateName\":\"The World Billiards\",\"url\":\"https:\\\/\\\/theworldbilliards.com\\\/fr\\\/\",\"logo\":{\"@type\":\"ImageObject\",\"inLanguage\":\"fr-FR\",\"@id\":\"https:\\\/\\\/theworldbilliards.com\\\/fr\\\/#\\\/schema\\\/logo\\\/image\\\/\",\"url\":\"\",\"contentUrl\":\"\",\"caption\":\"The World Billiards\"},\"image\":{\"@id\":\"https:\\\/\\\/theworldbilliards.com\\\/fr\\\/#\\\/schema\\\/logo\\\/image\\\/\"},\"sameAs\":[\"https:\\\/\\\/www.facebook.com\\\/baby.foot.superbes\",\"https:\\\/\\\/www.youtube.com\\\/channel\\\/UCIMuOVAaUcH6UpZcsZlH0Tg\",\"https:\\\/\\\/www.facebook.com\\\/people\\\/Brunswick-Billiards-EspaaPortugal\\\/100066446264309\\\/\",\"https:\\\/\\\/www.instagram.com\\\/the_world_billiards\\\/\",\"https:\\\/\\\/www.pinterest.es\\\/Theworldbilliards\\\/\"]}]}<\/script>\n<!-- \/ Yoast SEO plugin. -->","yoast_head_json":{"title":"Acheter Baby Foot Costa (sans monnayeur) - The World Billiards","description":"Dimensions: 0,90 m x 1,66 m x 0,90 m    Qualit\u00e9 professionnelle  10 Billes inclues  Fabriqu\u00e9 en h\u00eatre massif  Joueurs avec les jambes s\u00e9par\u00e9es  Barres inox renforc\u00e9es  Coussinet en plastique  Adapt\u00e9 pour tout syst\u00e8me du jeu et tout joueur  Disponible en h\u00eatre , acajou et pin  Poids - 90 Kg  Poup\u00e9es pattes m\u00e9talliques espac\u00e9es     Autres couleurs de bois ou joueurs contactez-nous.    Option LED RVB avec t\u00e9l\u00e9commande","robots":{"index":"index","follow":"follow","max-snippet":"max-snippet:-1","max-image-preview":"max-image-preview:large","max-video-preview":"max-video-preview:-1"},"canonical":"https:\/\/theworldbilliards.com\/fr\/produit\/baby-foot-costa-sans-monnayeur\/","og_locale":"fr_FR","og_type":"article","og_title":"Acheter Baby Foot Costa (sans monnayeur) - The World Billiards","og_description":"Dimensions: 0,90 m x 1,66 m x 0,90 m    Qualit\u00e9 professionnelle  10 Billes inclues  Fabriqu\u00e9 en h\u00eatre massif  Joueurs avec les jambes s\u00e9par\u00e9es  Barres inox renforc\u00e9es  Coussinet en plastique  Adapt\u00e9 pour tout syst\u00e8me du jeu et tout joueur  Disponible en h\u00eatre , acajou et pin  Poids - 90 Kg  Poup\u00e9es pattes m\u00e9talliques espac\u00e9es     Autres couleurs de bois ou joueurs contactez-nous.    Option LED RVB avec t\u00e9l\u00e9commande","og_url":"https:\/\/theworldbilliards.com\/fr\/produit\/baby-foot-costa-sans-monnayeur\/","og_site_name":"The World Billiards","article_publisher":"https:\/\/www.facebook.com\/baby.foot.superbes","article_modified_time":"2025-07-07T11:51:19+00:00","og_image":[{"width":740,"height":740,"url":"https:\/\/theworldbilliards.com\/wp-content\/uploads\/2017\/01\/futbolin-Costa.jpg","type":"image\/jpeg"}],"twitter_card":"summary_large_image","twitter_misc":{"Dur\u00e9e de lecture estim\u00e9e":"1 minute"},"schema":{"@context":"https:\/\/schema.org","@graph":[{"@type":"WebPage","@id":"https:\/\/theworldbilliards.com\/fr\/produit\/baby-foot-costa-sans-monnayeur\/","url":"https:\/\/theworldbilliards.com\/fr\/produit\/baby-foot-costa-sans-monnayeur\/","name":"Acheter Baby Foot Costa (sans monnayeur) - The World Billiards","isPartOf":{"@id":"https:\/\/theworldbilliards.com\/fr\/#website"},"primaryImageOfPage":{"@id":"https:\/\/theworldbilliards.com\/fr\/produit\/baby-foot-costa-sans-monnayeur\/#primaryimage"},"image":{"@id":"https:\/\/theworldbilliards.com\/fr\/produit\/baby-foot-costa-sans-monnayeur\/#primaryimage"},"thumbnailUrl":"https:\/\/theworldbilliards.com\/wp-content\/uploads\/2017\/01\/futbolin-Costa.jpg","datePublished":"2017-01-05T10:42:20+00:00","dateModified":"2025-07-07T11:51:19+00:00","description":"Dimensions: 0,90 m x 1,66 m x 0,90 m Qualit\u00e9 professionnelle 10 Billes inclues Fabriqu\u00e9 en h\u00eatre massif Joueurs avec les jambes s\u00e9par\u00e9es Barres inox renforc\u00e9es Coussinet en plastique Adapt\u00e9 pour tout syst\u00e8me du jeu et tout joueur Disponible en h\u00eatre , acajou et pin Poids - 90 Kg Poup\u00e9es pattes m\u00e9talliques espac\u00e9es Autres couleurs de bois ou joueurs contactez-nous. Option LED RVB avec t\u00e9l\u00e9commande","breadcrumb":{"@id":"https:\/\/theworldbilliards.com\/fr\/produit\/baby-foot-costa-sans-monnayeur\/#breadcrumb"},"inLanguage":"fr-FR","potentialAction":[{"@type":"ReadAction","target":["https:\/\/theworldbilliards.com\/fr\/produit\/baby-foot-costa-sans-monnayeur\/"]}]},{"@type":"ImageObject","inLanguage":"fr-FR","@id":"https:\/\/theworldbilliards.com\/fr\/produit\/baby-foot-costa-sans-monnayeur\/#primaryimage","url":"https:\/\/theworldbilliards.com\/wp-content\/uploads\/2017\/01\/futbolin-Costa.jpg","contentUrl":"https:\/\/theworldbilliards.com\/wp-content\/uploads\/2017\/01\/futbolin-Costa.jpg","width":740,"height":740},{"@type":"BreadcrumbList","@id":"https:\/\/theworldbilliards.com\/fr\/produit\/baby-foot-costa-sans-monnayeur\/#breadcrumb","itemListElement":[{"@type":"ListItem","position":1,"name":"In\u00edcio","item":"https:\/\/theworldbilliards.com\/fr\/"},{"@type":"ListItem","position":2,"name":"Boutique en ligne","item":"https:\/\/theworldbilliards.com\/fr\/boutique-theworldbilliards\/"},{"@type":"ListItem","position":3,"name":"Baby Foot Costa (sans monnayeur)"}]},{"@type":"WebSite","@id":"https:\/\/theworldbilliards.com\/fr\/#website","url":"https:\/\/theworldbilliards.com\/fr\/","name":"TheWorldBilliards","description":"Achetez ici billard, baby-foot, ping-pong et bowling","publisher":{"@id":"https:\/\/theworldbilliards.com\/fr\/#organization"},"alternateName":"The world billiards","potentialAction":[{"@type":"SearchAction","target":{"@type":"EntryPoint","urlTemplate":"https:\/\/theworldbilliards.com\/fr\/?s={search_term_string}"},"query-input":{"@type":"PropertyValueSpecification","valueRequired":true,"valueName":"search_term_string"}}],"inLanguage":"fr-FR"},{"@type":"Organization","@id":"https:\/\/theworldbilliards.com\/fr\/#organization","name":"The World Billiards","alternateName":"The World Billiards","url":"https:\/\/theworldbilliards.com\/fr\/","logo":{"@type":"ImageObject","inLanguage":"fr-FR","@id":"https:\/\/theworldbilliards.com\/fr\/#\/schema\/logo\/image\/","url":"","contentUrl":"","caption":"The World Billiards"},"image":{"@id":"https:\/\/theworldbilliards.com\/fr\/#\/schema\/logo\/image\/"},"sameAs":["https:\/\/www.facebook.com\/baby.foot.superbes","https:\/\/www.youtube.com\/channel\/UCIMuOVAaUcH6UpZcsZlH0Tg","https:\/\/www.facebook.com\/people\/Brunswick-Billiards-EspaaPortugal\/100066446264309\/","https:\/\/www.instagram.com\/the_world_billiards\/","https:\/\/www.pinterest.es\/Theworldbilliards\/"]}]}},"_links":{"self":[{"href":"https:\/\/theworldbilliards.com\/fr\/wp-json\/wp\/v2\/product\/31401","targetHints":{"allow":["GET"]}}],"collection":[{"href":"https:\/\/theworldbilliards.com\/fr\/wp-json\/wp\/v2\/product"}],"about":[{"href":"https:\/\/theworldbilliards.com\/fr\/wp-json\/wp\/v2\/types\/product"}],"wp:featuredmedia":[{"embeddable":true,"href":"https:\/\/theworldbilliards.com\/fr\/wp-json\/wp\/v2\/media\/108195"}],"wp:attachment":[{"href":"https:\/\/theworldbilliards.com\/fr\/wp-json\/wp\/v2\/media?parent=31401"}],"wp:term":[{"taxonomy":"product_brand","embeddable":true,"href":"https:\/\/theworldbilliards.com\/fr\/wp-json\/wp\/v2\/product_brand?post=31401"},{"taxonomy":"product_cat","embeddable":true,"href":"https:\/\/theworldbilliards.com\/fr\/wp-json\/wp\/v2\/product_cat?post=31401"},{"taxonomy":"product_tag","embeddable":true,"href":"https:\/\/theworldbilliards.com\/fr\/wp-json\/wp\/v2\/product_tag?post=31401"}],"curies":[{"name":"wp","href":"https:\/\/api.w.org\/{rel}","templated":true}]}}