{"id":31664,"date":"2017-01-06T11:42:06","date_gmt":"2017-01-06T10:42:06","guid":{"rendered":"http:\/\/theworldbilliards.com\/?post_type=product&#038;p=31664\/"},"modified":"2024-07-19T12:52:46","modified_gmt":"2024-07-19T10:52:46","slug":"air-hockey-buffalo-shark-outdoor-avec-monnayeur","status":"publish","type":"product","link":"https:\/\/theworldbilliards.com\/fr\/produit\/air-hockey-buffalo-shark-outdoor-avec-monnayeur\/","title":{"rendered":"Air Hockey Buffalo Shark Outdoor avec monnayeur"},"content":{"rendered":"<p>Conception r\u00e9sistante aux intemp\u00e9ries brevet\u00e9e<br \/>\nApparence unique du nouvel \u00e2ge<br \/>\nLong\u00e9vit\u00e9 Long\u00e9vit\u00e9<br \/>\nLumi\u00e8res changeantes de couleur de LED<br \/>\n\u00c9clairage ultraviolet sous la table<br \/>\nSurface de jeu technique avanc\u00e9e<br \/>\nSyst\u00e8me de drainage sp\u00e9cial<br \/>\nPeut \u00eatre utilis\u00e9 \u00e0 l&rsquo;int\u00e9rieur et \u00e0 l&rsquo;ext\u00e9rieur<br \/>\nInstallation et configuration faciles<br \/>\n32 param\u00e8tres de jeu programmables<br \/>\nMachine \u00e0 sous \u00e9lectronique pour pi\u00e8ces \/ jetons<\/p>\n<p>Transport et montage non compris<\/p>\n","protected":false},"excerpt":{"rendered":"<p>Conception r\u00e9sistante aux intemp\u00e9ries brevet\u00e9e Apparence unique du nouvel \u00e2ge Long\u00e9vit\u00e9 Long\u00e9vit\u00e9 Lumi\u00e8res changeantes de couleur de LED \u00c9clairage ultraviolet [&hellip;]<\/p>\n","protected":false},"featured_media":52506,"template":"","meta":{"site-sidebar-layout":"default","site-content-layout":"","ast-site-content-layout":"default","site-content-style":"default","site-sidebar-style":"default","ast-global-header-display":"","ast-banner-title-visibility":"","ast-main-header-display":"","ast-hfb-above-header-display":"","ast-hfb-below-header-display":"","ast-hfb-mobile-header-display":"","site-post-title":"","ast-breadcrumbs-content":"","ast-featured-img":"","footer-sml-layout":"","ast-disable-related-posts":"","theme-transparent-header-meta":"default","adv-header-id-meta":"","stick-header-meta":"","header-above-stick-meta":"","header-main-stick-meta":"","header-below-stick-meta":"","astra-migrate-meta-layouts":"default","ast-page-background-enabled":"default","ast-page-background-meta":{"desktop":{"background-color":"var(--ast-global-color-4)","background-image":"","background-repeat":"repeat","background-position":"center center","background-size":"auto","background-attachment":"scroll","background-type":"","background-media":"","overlay-type":"","overlay-color":"","overlay-opacity":"","overlay-gradient":""},"tablet":{"background-color":"","background-image":"","background-repeat":"repeat","background-position":"center center","background-size":"auto","background-attachment":"scroll","background-type":"","background-media":"","overlay-type":"","overlay-color":"","overlay-opacity":"","overlay-gradient":""},"mobile":{"background-color":"","background-image":"","background-repeat":"repeat","background-position":"center center","background-size":"auto","background-attachment":"scroll","background-type":"","background-media":"","overlay-type":"","overlay-color":"","overlay-opacity":"","overlay-gradient":""}},"ast-content-background-meta":{"desktop":{"background-color":"var(--ast-global-color-5)","background-image":"","background-repeat":"repeat","background-position":"center center","background-size":"auto","background-attachment":"scroll","background-type":"","background-media":"","overlay-type":"","overlay-color":"","overlay-opacity":"","overlay-gradient":""},"tablet":{"background-color":"var(--ast-global-color-5)","background-image":"","background-repeat":"repeat","background-position":"center center","background-size":"auto","background-attachment":"scroll","background-type":"","background-media":"","overlay-type":"","overlay-color":"","overlay-opacity":"","overlay-gradient":""},"mobile":{"background-color":"var(--ast-global-color-5)","background-image":"","background-repeat":"repeat","background-position":"center center","background-size":"auto","background-attachment":"scroll","background-type":"","background-media":"","overlay-type":"","overlay-color":"","overlay-opacity":"","overlay-gradient":""}}},"product_brand":[5214],"product_cat":[1219,3450,4526],"product_tag":[],"class_list":{"0":"post-31664","1":"product","2":"type-product","3":"status-publish","4":"has-post-thumbnail","6":"product_brand-buffalo-fr","7":"product_cat-air-hockey-fr","8":"product_cat-jeux-de-exterieur","9":"product_cat-produits-commerciaux","10":"product_shipping_class-grand-air-hockey","11":"desktop-align-center","12":"tablet-align-left","13":"mobile-align-left","15":"first","16":"instock","17":"taxable","18":"shipping-taxable","19":"purchasable","20":"product-type-variable"},"yoast_head":"<!-- This site is optimized with the Yoast SEO plugin v27.5 - https:\/\/yoast.com\/product\/yoast-seo-wordpress\/ -->\n<title>Acheter Air Hockey Buffalo Shark Outdoor avec monnayeur - The World Billiards<\/title>\n<meta name=\"description\" content=\"Conception r\u00e9sistante aux intemp\u00e9ries brevet\u00e9e Apparence unique du nouvel \u00e2ge Long\u00e9vit\u00e9 Long\u00e9vit\u00e9 Lumi\u00e8res changeantes de couleur de LED \u00c9clairage ultraviolet sous la table Surface de jeu technique avanc\u00e9e Syst\u00e8me de drainage sp\u00e9cial Peut \u00eatre utilis\u00e9 \u00e0 l&#039;int\u00e9rieur et \u00e0 l&#039;ext\u00e9rieur Installation et configuration faciles 32 param\u00e8tres de jeu programmables Machine \u00e0 sous \u00e9lectronique pour pi\u00e8ces \/ jetons  Transport et montage non compris\" \/>\n<meta name=\"robots\" content=\"index, follow, max-snippet:-1, max-image-preview:large, max-video-preview:-1\" \/>\n<link rel=\"canonical\" href=\"https:\/\/theworldbilliards.com\/fr\/produit\/air-hockey-buffalo-shark-outdoor-avec-monnayeur\/\" \/>\n<meta property=\"og:locale\" content=\"fr_FR\" \/>\n<meta property=\"og:type\" content=\"article\" \/>\n<meta property=\"og:title\" content=\"Acheter Air Hockey Buffalo Shark Outdoor avec monnayeur - The World Billiards\" \/>\n<meta property=\"og:description\" content=\"Conception r\u00e9sistante aux intemp\u00e9ries brevet\u00e9e Apparence unique du nouvel \u00e2ge Long\u00e9vit\u00e9 Long\u00e9vit\u00e9 Lumi\u00e8res changeantes de couleur de LED \u00c9clairage ultraviolet sous la table Surface de jeu technique avanc\u00e9e Syst\u00e8me de drainage sp\u00e9cial Peut \u00eatre utilis\u00e9 \u00e0 l&#039;int\u00e9rieur et \u00e0 l&#039;ext\u00e9rieur Installation et configuration faciles 32 param\u00e8tres de jeu programmables Machine \u00e0 sous \u00e9lectronique pour pi\u00e8ces \/ jetons  Transport et montage non compris\" \/>\n<meta property=\"og:url\" content=\"https:\/\/theworldbilliards.com\/fr\/produit\/air-hockey-buffalo-shark-outdoor-avec-monnayeur\/\" \/>\n<meta property=\"og:site_name\" content=\"The World Billiards\" \/>\n<meta property=\"article:publisher\" content=\"https:\/\/www.facebook.com\/baby.foot.superbes\" \/>\n<meta property=\"article:modified_time\" content=\"2024-07-19T10:52:46+00:00\" \/>\n<meta property=\"og:image\" content=\"https:\/\/theworldbilliards.com\/wp-content\/uploads\/2017\/01\/buffalo-shark.jpg\" \/>\n\t<meta property=\"og:image:width\" content=\"700\" \/>\n\t<meta property=\"og:image:height\" content=\"700\" \/>\n\t<meta property=\"og:image:type\" content=\"image\/jpeg\" \/>\n<meta name=\"twitter:card\" content=\"summary_large_image\" \/>\n<script type=\"application\/ld+json\" class=\"yoast-schema-graph\">{\"@context\":\"https:\\\/\\\/schema.org\",\"@graph\":[{\"@type\":\"WebPage\",\"@id\":\"https:\\\/\\\/theworldbilliards.com\\\/fr\\\/produit\\\/air-hockey-buffalo-shark-outdoor-avec-monnayeur\\\/\",\"url\":\"https:\\\/\\\/theworldbilliards.com\\\/fr\\\/produit\\\/air-hockey-buffalo-shark-outdoor-avec-monnayeur\\\/\",\"name\":\"Acheter Air Hockey Buffalo Shark Outdoor avec monnayeur - The World Billiards\",\"isPartOf\":{\"@id\":\"https:\\\/\\\/theworldbilliards.com\\\/fr\\\/#website\"},\"primaryImageOfPage\":{\"@id\":\"https:\\\/\\\/theworldbilliards.com\\\/fr\\\/produit\\\/air-hockey-buffalo-shark-outdoor-avec-monnayeur\\\/#primaryimage\"},\"image\":{\"@id\":\"https:\\\/\\\/theworldbilliards.com\\\/fr\\\/produit\\\/air-hockey-buffalo-shark-outdoor-avec-monnayeur\\\/#primaryimage\"},\"thumbnailUrl\":\"https:\\\/\\\/theworldbilliards.com\\\/wp-content\\\/uploads\\\/2017\\\/01\\\/buffalo-shark.jpg\",\"datePublished\":\"2017-01-06T10:42:06+00:00\",\"dateModified\":\"2024-07-19T10:52:46+00:00\",\"description\":\"Conception r\u00e9sistante aux intemp\u00e9ries brevet\u00e9e Apparence unique du nouvel \u00e2ge Long\u00e9vit\u00e9 Long\u00e9vit\u00e9 Lumi\u00e8res changeantes de couleur de LED \u00c9clairage ultraviolet sous la table Surface de jeu technique avanc\u00e9e Syst\u00e8me de drainage sp\u00e9cial Peut \u00eatre utilis\u00e9 \u00e0 l'int\u00e9rieur et \u00e0 l'ext\u00e9rieur Installation et configuration faciles 32 param\u00e8tres de jeu programmables Machine \u00e0 sous \u00e9lectronique pour pi\u00e8ces \\\/ jetons Transport et montage non compris\",\"breadcrumb\":{\"@id\":\"https:\\\/\\\/theworldbilliards.com\\\/fr\\\/produit\\\/air-hockey-buffalo-shark-outdoor-avec-monnayeur\\\/#breadcrumb\"},\"inLanguage\":\"fr-FR\",\"potentialAction\":[{\"@type\":\"ReadAction\",\"target\":[\"https:\\\/\\\/theworldbilliards.com\\\/fr\\\/produit\\\/air-hockey-buffalo-shark-outdoor-avec-monnayeur\\\/\"]}]},{\"@type\":\"ImageObject\",\"inLanguage\":\"fr-FR\",\"@id\":\"https:\\\/\\\/theworldbilliards.com\\\/fr\\\/produit\\\/air-hockey-buffalo-shark-outdoor-avec-monnayeur\\\/#primaryimage\",\"url\":\"https:\\\/\\\/theworldbilliards.com\\\/wp-content\\\/uploads\\\/2017\\\/01\\\/buffalo-shark.jpg\",\"contentUrl\":\"https:\\\/\\\/theworldbilliards.com\\\/wp-content\\\/uploads\\\/2017\\\/01\\\/buffalo-shark.jpg\",\"width\":700,\"height\":700},{\"@type\":\"BreadcrumbList\",\"@id\":\"https:\\\/\\\/theworldbilliards.com\\\/fr\\\/produit\\\/air-hockey-buffalo-shark-outdoor-avec-monnayeur\\\/#breadcrumb\",\"itemListElement\":[{\"@type\":\"ListItem\",\"position\":1,\"name\":\"In\u00edcio\",\"item\":\"https:\\\/\\\/theworldbilliards.com\\\/fr\\\/\"},{\"@type\":\"ListItem\",\"position\":2,\"name\":\"Boutique en ligne\",\"item\":\"https:\\\/\\\/theworldbilliards.com\\\/fr\\\/boutique-theworldbilliards\\\/\"},{\"@type\":\"ListItem\",\"position\":3,\"name\":\"Air Hockey Buffalo Shark Outdoor avec monnayeur\"}]},{\"@type\":\"WebSite\",\"@id\":\"https:\\\/\\\/theworldbilliards.com\\\/fr\\\/#website\",\"url\":\"https:\\\/\\\/theworldbilliards.com\\\/fr\\\/\",\"name\":\"TheWorldBilliards\",\"description\":\"Achetez ici billard, baby-foot, ping-pong et bowling\",\"publisher\":{\"@id\":\"https:\\\/\\\/theworldbilliards.com\\\/fr\\\/#organization\"},\"alternateName\":\"The world billiards\",\"potentialAction\":[{\"@type\":\"SearchAction\",\"target\":{\"@type\":\"EntryPoint\",\"urlTemplate\":\"https:\\\/\\\/theworldbilliards.com\\\/fr\\\/?s={search_term_string}\"},\"query-input\":{\"@type\":\"PropertyValueSpecification\",\"valueRequired\":true,\"valueName\":\"search_term_string\"}}],\"inLanguage\":\"fr-FR\"},{\"@type\":\"Organization\",\"@id\":\"https:\\\/\\\/theworldbilliards.com\\\/fr\\\/#organization\",\"name\":\"The World Billiards\",\"alternateName\":\"The World Billiards\",\"url\":\"https:\\\/\\\/theworldbilliards.com\\\/fr\\\/\",\"logo\":{\"@type\":\"ImageObject\",\"inLanguage\":\"fr-FR\",\"@id\":\"https:\\\/\\\/theworldbilliards.com\\\/fr\\\/#\\\/schema\\\/logo\\\/image\\\/\",\"url\":\"\",\"contentUrl\":\"\",\"caption\":\"The World Billiards\"},\"image\":{\"@id\":\"https:\\\/\\\/theworldbilliards.com\\\/fr\\\/#\\\/schema\\\/logo\\\/image\\\/\"},\"sameAs\":[\"https:\\\/\\\/www.facebook.com\\\/baby.foot.superbes\",\"https:\\\/\\\/www.youtube.com\\\/channel\\\/UCIMuOVAaUcH6UpZcsZlH0Tg\",\"https:\\\/\\\/www.facebook.com\\\/people\\\/Brunswick-Billiards-EspaaPortugal\\\/100066446264309\\\/\",\"https:\\\/\\\/www.instagram.com\\\/the_world_billiards\\\/\",\"https:\\\/\\\/www.pinterest.es\\\/Theworldbilliards\\\/\"]}]}<\/script>\n<!-- \/ Yoast SEO plugin. -->","yoast_head_json":{"title":"Acheter Air Hockey Buffalo Shark Outdoor avec monnayeur - The World Billiards","description":"Conception r\u00e9sistante aux intemp\u00e9ries brevet\u00e9e Apparence unique du nouvel \u00e2ge Long\u00e9vit\u00e9 Long\u00e9vit\u00e9 Lumi\u00e8res changeantes de couleur de LED \u00c9clairage ultraviolet sous la table Surface de jeu technique avanc\u00e9e Syst\u00e8me de drainage sp\u00e9cial Peut \u00eatre utilis\u00e9 \u00e0 l'int\u00e9rieur et \u00e0 l'ext\u00e9rieur Installation et configuration faciles 32 param\u00e8tres de jeu programmables Machine \u00e0 sous \u00e9lectronique pour pi\u00e8ces \/ jetons  Transport et montage non compris","robots":{"index":"index","follow":"follow","max-snippet":"max-snippet:-1","max-image-preview":"max-image-preview:large","max-video-preview":"max-video-preview:-1"},"canonical":"https:\/\/theworldbilliards.com\/fr\/produit\/air-hockey-buffalo-shark-outdoor-avec-monnayeur\/","og_locale":"fr_FR","og_type":"article","og_title":"Acheter Air Hockey Buffalo Shark Outdoor avec monnayeur - The World Billiards","og_description":"Conception r\u00e9sistante aux intemp\u00e9ries brevet\u00e9e Apparence unique du nouvel \u00e2ge Long\u00e9vit\u00e9 Long\u00e9vit\u00e9 Lumi\u00e8res changeantes de couleur de LED \u00c9clairage ultraviolet sous la table Surface de jeu technique avanc\u00e9e Syst\u00e8me de drainage sp\u00e9cial Peut \u00eatre utilis\u00e9 \u00e0 l'int\u00e9rieur et \u00e0 l'ext\u00e9rieur Installation et configuration faciles 32 param\u00e8tres de jeu programmables Machine \u00e0 sous \u00e9lectronique pour pi\u00e8ces \/ jetons  Transport et montage non compris","og_url":"https:\/\/theworldbilliards.com\/fr\/produit\/air-hockey-buffalo-shark-outdoor-avec-monnayeur\/","og_site_name":"The World Billiards","article_publisher":"https:\/\/www.facebook.com\/baby.foot.superbes","article_modified_time":"2024-07-19T10:52:46+00:00","og_image":[{"width":700,"height":700,"url":"https:\/\/theworldbilliards.com\/wp-content\/uploads\/2017\/01\/buffalo-shark.jpg","type":"image\/jpeg"}],"twitter_card":"summary_large_image","schema":{"@context":"https:\/\/schema.org","@graph":[{"@type":"WebPage","@id":"https:\/\/theworldbilliards.com\/fr\/produit\/air-hockey-buffalo-shark-outdoor-avec-monnayeur\/","url":"https:\/\/theworldbilliards.com\/fr\/produit\/air-hockey-buffalo-shark-outdoor-avec-monnayeur\/","name":"Acheter Air Hockey Buffalo Shark Outdoor avec monnayeur - The World Billiards","isPartOf":{"@id":"https:\/\/theworldbilliards.com\/fr\/#website"},"primaryImageOfPage":{"@id":"https:\/\/theworldbilliards.com\/fr\/produit\/air-hockey-buffalo-shark-outdoor-avec-monnayeur\/#primaryimage"},"image":{"@id":"https:\/\/theworldbilliards.com\/fr\/produit\/air-hockey-buffalo-shark-outdoor-avec-monnayeur\/#primaryimage"},"thumbnailUrl":"https:\/\/theworldbilliards.com\/wp-content\/uploads\/2017\/01\/buffalo-shark.jpg","datePublished":"2017-01-06T10:42:06+00:00","dateModified":"2024-07-19T10:52:46+00:00","description":"Conception r\u00e9sistante aux intemp\u00e9ries brevet\u00e9e Apparence unique du nouvel \u00e2ge Long\u00e9vit\u00e9 Long\u00e9vit\u00e9 Lumi\u00e8res changeantes de couleur de LED \u00c9clairage ultraviolet sous la table Surface de jeu technique avanc\u00e9e Syst\u00e8me de drainage sp\u00e9cial Peut \u00eatre utilis\u00e9 \u00e0 l'int\u00e9rieur et \u00e0 l'ext\u00e9rieur Installation et configuration faciles 32 param\u00e8tres de jeu programmables Machine \u00e0 sous \u00e9lectronique pour pi\u00e8ces \/ jetons Transport et montage non compris","breadcrumb":{"@id":"https:\/\/theworldbilliards.com\/fr\/produit\/air-hockey-buffalo-shark-outdoor-avec-monnayeur\/#breadcrumb"},"inLanguage":"fr-FR","potentialAction":[{"@type":"ReadAction","target":["https:\/\/theworldbilliards.com\/fr\/produit\/air-hockey-buffalo-shark-outdoor-avec-monnayeur\/"]}]},{"@type":"ImageObject","inLanguage":"fr-FR","@id":"https:\/\/theworldbilliards.com\/fr\/produit\/air-hockey-buffalo-shark-outdoor-avec-monnayeur\/#primaryimage","url":"https:\/\/theworldbilliards.com\/wp-content\/uploads\/2017\/01\/buffalo-shark.jpg","contentUrl":"https:\/\/theworldbilliards.com\/wp-content\/uploads\/2017\/01\/buffalo-shark.jpg","width":700,"height":700},{"@type":"BreadcrumbList","@id":"https:\/\/theworldbilliards.com\/fr\/produit\/air-hockey-buffalo-shark-outdoor-avec-monnayeur\/#breadcrumb","itemListElement":[{"@type":"ListItem","position":1,"name":"In\u00edcio","item":"https:\/\/theworldbilliards.com\/fr\/"},{"@type":"ListItem","position":2,"name":"Boutique en ligne","item":"https:\/\/theworldbilliards.com\/fr\/boutique-theworldbilliards\/"},{"@type":"ListItem","position":3,"name":"Air Hockey Buffalo Shark Outdoor avec monnayeur"}]},{"@type":"WebSite","@id":"https:\/\/theworldbilliards.com\/fr\/#website","url":"https:\/\/theworldbilliards.com\/fr\/","name":"TheWorldBilliards","description":"Achetez ici billard, baby-foot, ping-pong et bowling","publisher":{"@id":"https:\/\/theworldbilliards.com\/fr\/#organization"},"alternateName":"The world billiards","potentialAction":[{"@type":"SearchAction","target":{"@type":"EntryPoint","urlTemplate":"https:\/\/theworldbilliards.com\/fr\/?s={search_term_string}"},"query-input":{"@type":"PropertyValueSpecification","valueRequired":true,"valueName":"search_term_string"}}],"inLanguage":"fr-FR"},{"@type":"Organization","@id":"https:\/\/theworldbilliards.com\/fr\/#organization","name":"The World Billiards","alternateName":"The World Billiards","url":"https:\/\/theworldbilliards.com\/fr\/","logo":{"@type":"ImageObject","inLanguage":"fr-FR","@id":"https:\/\/theworldbilliards.com\/fr\/#\/schema\/logo\/image\/","url":"","contentUrl":"","caption":"The World Billiards"},"image":{"@id":"https:\/\/theworldbilliards.com\/fr\/#\/schema\/logo\/image\/"},"sameAs":["https:\/\/www.facebook.com\/baby.foot.superbes","https:\/\/www.youtube.com\/channel\/UCIMuOVAaUcH6UpZcsZlH0Tg","https:\/\/www.facebook.com\/people\/Brunswick-Billiards-EspaaPortugal\/100066446264309\/","https:\/\/www.instagram.com\/the_world_billiards\/","https:\/\/www.pinterest.es\/Theworldbilliards\/"]}]}},"_links":{"self":[{"href":"https:\/\/theworldbilliards.com\/fr\/wp-json\/wp\/v2\/product\/31664","targetHints":{"allow":["GET"]}}],"collection":[{"href":"https:\/\/theworldbilliards.com\/fr\/wp-json\/wp\/v2\/product"}],"about":[{"href":"https:\/\/theworldbilliards.com\/fr\/wp-json\/wp\/v2\/types\/product"}],"wp:featuredmedia":[{"embeddable":true,"href":"https:\/\/theworldbilliards.com\/fr\/wp-json\/wp\/v2\/media\/52506"}],"wp:attachment":[{"href":"https:\/\/theworldbilliards.com\/fr\/wp-json\/wp\/v2\/media?parent=31664"}],"wp:term":[{"taxonomy":"product_brand","embeddable":true,"href":"https:\/\/theworldbilliards.com\/fr\/wp-json\/wp\/v2\/product_brand?post=31664"},{"taxonomy":"product_cat","embeddable":true,"href":"https:\/\/theworldbilliards.com\/fr\/wp-json\/wp\/v2\/product_cat?post=31664"},{"taxonomy":"product_tag","embeddable":true,"href":"https:\/\/theworldbilliards.com\/fr\/wp-json\/wp\/v2\/product_tag?post=31664"}],"curies":[{"name":"wp","href":"https:\/\/api.w.org\/{rel}","templated":true}]}}