{"id":31686,"date":"2017-01-06T11:54:15","date_gmt":"2017-01-06T10:54:15","guid":{"rendered":"http:\/\/theworldbilliards.com\/?post_type=product&#038;p=31686\/"},"modified":"2025-05-27T13:46:18","modified_gmt":"2025-05-27T11:46:18","slug":"air-hockey-dynamo-blue-streak-avec-monnayeur","status":"publish","type":"product","link":"https:\/\/theworldbilliards.com\/fr\/produit\/air-hockey-dynamo-blue-streak-avec-monnayeur\/","title":{"rendered":"Air Hockey Dynamo Blue Streak avec monnayeur"},"content":{"rendered":"<p>Lorsqu&rsquo;une table de 8 pieds est juste un peu trop Dynamo pour votre emplacement et qu&rsquo;un Short Shot n&rsquo;est pas assez, le Blue Streak offre cette exp\u00e9rience de hockey Dynamo parfaitement dimensionn\u00e9e. La m\u00eame jouabilit\u00e9 et la m\u00eame durabilit\u00e9 que vous attendez de Dynamo &#8211; dans une dose concentr\u00e9e. Cette table de air hockey \u00e0 pi\u00e8ces de 7 pieds est id\u00e9ale pour les tournois ou tout simplement entre amis.<\/p>\n<p>Ligne m\u00e9diane du terrain de jeu pour les tournois<br \/>\nSyst\u00e8me de soufflerie Dyna-Blast\u2122 pour des performances puissantes et fiables<br \/>\nSurface de jeu en formica r\u00e9sistante aux chocs<br \/>\nComposants et \u00e9lectronique communs partag\u00e9s avec d&rsquo;autres tables Dynamo<br \/>\nUnit\u00e9 d&rsquo;\u00e9clairage au plafond en option avec marquage LED<br \/>\nAccepteur de billets pr\u00eat<br \/>\nEnsemble de marquage optique anti-bourrage infrarouge<br \/>\nHomologu\u00e9 ETL et CE<\/p>\n<p>Rails en aluminium non rev\u00eatus pour une d\u00e9viation rapide<br \/>\nNiveleurs de jambe \u00e0 r\u00e9glage facile par un seul homme\/une cl\u00e9<br \/>\nExtr\u00e9mit\u00e9s de but robustes \u00e0 charni\u00e8res pour un nettoyage facile<\/p>\n","protected":false},"excerpt":{"rendered":"<p>Lorsqu&rsquo;une table de 8 pieds est juste un peu trop Dynamo pour votre emplacement et qu&rsquo;un Short Shot n&rsquo;est pas [&hellip;]<\/p>\n","protected":false},"featured_media":90303,"template":"","meta":{"site-sidebar-layout":"default","site-content-layout":"","ast-site-content-layout":"default","site-content-style":"default","site-sidebar-style":"default","ast-global-header-display":"","ast-banner-title-visibility":"","ast-main-header-display":"","ast-hfb-above-header-display":"","ast-hfb-below-header-display":"","ast-hfb-mobile-header-display":"","site-post-title":"","ast-breadcrumbs-content":"","ast-featured-img":"","footer-sml-layout":"","ast-disable-related-posts":"","theme-transparent-header-meta":"default","adv-header-id-meta":"","stick-header-meta":"","header-above-stick-meta":"","header-main-stick-meta":"","header-below-stick-meta":"","astra-migrate-meta-layouts":"default","ast-page-background-enabled":"default","ast-page-background-meta":{"desktop":{"background-color":"var(--ast-global-color-4)","background-image":"","background-repeat":"repeat","background-position":"center center","background-size":"auto","background-attachment":"scroll","background-type":"","background-media":"","overlay-type":"","overlay-color":"","overlay-opacity":"","overlay-gradient":""},"tablet":{"background-color":"","background-image":"","background-repeat":"repeat","background-position":"center center","background-size":"auto","background-attachment":"scroll","background-type":"","background-media":"","overlay-type":"","overlay-color":"","overlay-opacity":"","overlay-gradient":""},"mobile":{"background-color":"","background-image":"","background-repeat":"repeat","background-position":"center center","background-size":"auto","background-attachment":"scroll","background-type":"","background-media":"","overlay-type":"","overlay-color":"","overlay-opacity":"","overlay-gradient":""}},"ast-content-background-meta":{"desktop":{"background-color":"var(--ast-global-color-5)","background-image":"","background-repeat":"repeat","background-position":"center center","background-size":"auto","background-attachment":"scroll","background-type":"","background-media":"","overlay-type":"","overlay-color":"","overlay-opacity":"","overlay-gradient":""},"tablet":{"background-color":"var(--ast-global-color-5)","background-image":"","background-repeat":"repeat","background-position":"center center","background-size":"auto","background-attachment":"scroll","background-type":"","background-media":"","overlay-type":"","overlay-color":"","overlay-opacity":"","overlay-gradient":""},"mobile":{"background-color":"var(--ast-global-color-5)","background-image":"","background-repeat":"repeat","background-position":"center center","background-size":"auto","background-attachment":"scroll","background-type":"","background-media":"","overlay-type":"","overlay-color":"","overlay-opacity":"","overlay-gradient":""}}},"product_brand":[5202],"product_cat":[1219,4526],"product_tag":[],"class_list":{"0":"post-31686","1":"product","2":"type-product","3":"status-publish","4":"has-post-thumbnail","6":"product_brand-valley-dynamo-fr","7":"product_cat-air-hockey-fr","8":"product_cat-produits-commerciaux","9":"product_shipping_class-grand-air-hockey","10":"desktop-align-center","11":"tablet-align-left","12":"mobile-align-left","14":"first","15":"instock","16":"taxable","17":"shipping-taxable","18":"product-type-simple"},"yoast_head":"<!-- This site is optimized with the Yoast SEO plugin v27.4 - https:\/\/yoast.com\/product\/yoast-seo-wordpress\/ -->\n<title>Acheter Air Hockey Dynamo Blue Streak avec monnayeur - The World Billiards<\/title>\n<meta name=\"description\" content=\"Lorsqu&#039;une table de 8 pieds est juste un peu trop Dynamo pour votre emplacement et qu&#039;un Short Shot n&#039;est pas assez, le Blue Streak offre cette exp\u00e9rience de hockey Dynamo parfaitement dimensionn\u00e9e. La m\u00eame jouabilit\u00e9 et la m\u00eame durabilit\u00e9 que vous attendez de Dynamo - dans une dose concentr\u00e9e. Cette table de air hockey \u00e0 pi\u00e8ces de 7 pieds est id\u00e9ale pour les tournois ou tout simplement entre amis.  Ligne m\u00e9diane du terrain de jeu pour les tournois Syst\u00e8me de soufflerie Dyna-Blast\u2122 pour des performances puissantes et fiables Surface de jeu en formica r\u00e9sistante aux chocs Composants et \u00e9lectronique communs partag\u00e9s avec d&#039;autres tables Dynamo Unit\u00e9 d&#039;\u00e9clairage au plafond en option avec marquage LED Accepteur de billets pr\u00eat Ensemble de marquage optique anti-bourrage infrarouge Homologu\u00e9 ETL et CE  Rails en aluminium non rev\u00eatus pour une d\u00e9viation rapide Niveleurs de jambe \u00e0 r\u00e9glage facile par un seul homme\/une cl\u00e9 Extr\u00e9mit\u00e9s de but robustes \u00e0 charni\u00e8res pour un nettoyage facile\" \/>\n<meta name=\"robots\" content=\"index, follow, max-snippet:-1, max-image-preview:large, max-video-preview:-1\" \/>\n<link rel=\"canonical\" href=\"https:\/\/theworldbilliards.com\/fr\/produit\/air-hockey-dynamo-blue-streak-avec-monnayeur\/\" \/>\n<meta property=\"og:locale\" content=\"fr_FR\" \/>\n<meta property=\"og:type\" content=\"article\" \/>\n<meta property=\"og:title\" content=\"Acheter Air Hockey Dynamo Blue Streak avec monnayeur - The World Billiards\" \/>\n<meta property=\"og:description\" content=\"Lorsqu&#039;une table de 8 pieds est juste un peu trop Dynamo pour votre emplacement et qu&#039;un Short Shot n&#039;est pas assez, le Blue Streak offre cette exp\u00e9rience de hockey Dynamo parfaitement dimensionn\u00e9e. La m\u00eame jouabilit\u00e9 et la m\u00eame durabilit\u00e9 que vous attendez de Dynamo - dans une dose concentr\u00e9e. Cette table de air hockey \u00e0 pi\u00e8ces de 7 pieds est id\u00e9ale pour les tournois ou tout simplement entre amis.  Ligne m\u00e9diane du terrain de jeu pour les tournois Syst\u00e8me de soufflerie Dyna-Blast\u2122 pour des performances puissantes et fiables Surface de jeu en formica r\u00e9sistante aux chocs Composants et \u00e9lectronique communs partag\u00e9s avec d&#039;autres tables Dynamo Unit\u00e9 d&#039;\u00e9clairage au plafond en option avec marquage LED Accepteur de billets pr\u00eat Ensemble de marquage optique anti-bourrage infrarouge Homologu\u00e9 ETL et CE  Rails en aluminium non rev\u00eatus pour une d\u00e9viation rapide Niveleurs de jambe \u00e0 r\u00e9glage facile par un seul homme\/une cl\u00e9 Extr\u00e9mit\u00e9s de but robustes \u00e0 charni\u00e8res pour un nettoyage facile\" \/>\n<meta property=\"og:url\" content=\"https:\/\/theworldbilliards.com\/fr\/produit\/air-hockey-dynamo-blue-streak-avec-monnayeur\/\" \/>\n<meta property=\"og:site_name\" content=\"The World Billiards\" \/>\n<meta property=\"article:publisher\" content=\"https:\/\/www.facebook.com\/baby.foot.superbes\" \/>\n<meta property=\"article:modified_time\" content=\"2025-05-27T11:46:18+00:00\" \/>\n<meta property=\"og:image\" content=\"https:\/\/theworldbilliards.com\/wp-content\/uploads\/2017\/01\/Dynamo_Hockey_BlueStreak_Logo.png\" \/>\n\t<meta property=\"og:image:width\" content=\"1000\" \/>\n\t<meta property=\"og:image:height\" content=\"1000\" \/>\n\t<meta property=\"og:image:type\" content=\"image\/png\" \/>\n<meta name=\"twitter:card\" content=\"summary_large_image\" \/>\n<script type=\"application\/ld+json\" class=\"yoast-schema-graph\">{\"@context\":\"https:\\\/\\\/schema.org\",\"@graph\":[{\"@type\":\"WebPage\",\"@id\":\"https:\\\/\\\/theworldbilliards.com\\\/fr\\\/produit\\\/air-hockey-dynamo-blue-streak-avec-monnayeur\\\/\",\"url\":\"https:\\\/\\\/theworldbilliards.com\\\/fr\\\/produit\\\/air-hockey-dynamo-blue-streak-avec-monnayeur\\\/\",\"name\":\"Acheter Air Hockey Dynamo Blue Streak avec monnayeur - The World Billiards\",\"isPartOf\":{\"@id\":\"https:\\\/\\\/theworldbilliards.com\\\/fr\\\/#website\"},\"primaryImageOfPage\":{\"@id\":\"https:\\\/\\\/theworldbilliards.com\\\/fr\\\/produit\\\/air-hockey-dynamo-blue-streak-avec-monnayeur\\\/#primaryimage\"},\"image\":{\"@id\":\"https:\\\/\\\/theworldbilliards.com\\\/fr\\\/produit\\\/air-hockey-dynamo-blue-streak-avec-monnayeur\\\/#primaryimage\"},\"thumbnailUrl\":\"https:\\\/\\\/theworldbilliards.com\\\/wp-content\\\/uploads\\\/2017\\\/01\\\/Dynamo_Hockey_BlueStreak_Logo.png\",\"datePublished\":\"2017-01-06T10:54:15+00:00\",\"dateModified\":\"2025-05-27T11:46:18+00:00\",\"description\":\"Lorsqu'une table de 8 pieds est juste un peu trop Dynamo pour votre emplacement et qu'un Short Shot n'est pas assez, le Blue Streak offre cette exp\u00e9rience de hockey Dynamo parfaitement dimensionn\u00e9e. La m\u00eame jouabilit\u00e9 et la m\u00eame durabilit\u00e9 que vous attendez de Dynamo - dans une dose concentr\u00e9e. Cette table de air hockey \u00e0 pi\u00e8ces de 7 pieds est id\u00e9ale pour les tournois ou tout simplement entre amis. Ligne m\u00e9diane du terrain de jeu pour les tournois Syst\u00e8me de soufflerie Dyna-Blast\u2122 pour des performances puissantes et fiables Surface de jeu en formica r\u00e9sistante aux chocs Composants et \u00e9lectronique communs partag\u00e9s avec d'autres tables Dynamo Unit\u00e9 d'\u00e9clairage au plafond en option avec marquage LED Accepteur de billets pr\u00eat Ensemble de marquage optique anti-bourrage infrarouge Homologu\u00e9 ETL et CE Rails en aluminium non rev\u00eatus pour une d\u00e9viation rapide Niveleurs de jambe \u00e0 r\u00e9glage facile par un seul homme\\\/une cl\u00e9 Extr\u00e9mit\u00e9s de but robustes \u00e0 charni\u00e8res pour un nettoyage facile\",\"breadcrumb\":{\"@id\":\"https:\\\/\\\/theworldbilliards.com\\\/fr\\\/produit\\\/air-hockey-dynamo-blue-streak-avec-monnayeur\\\/#breadcrumb\"},\"inLanguage\":\"fr-FR\",\"potentialAction\":[{\"@type\":\"ReadAction\",\"target\":[\"https:\\\/\\\/theworldbilliards.com\\\/fr\\\/produit\\\/air-hockey-dynamo-blue-streak-avec-monnayeur\\\/\"]}]},{\"@type\":\"ImageObject\",\"inLanguage\":\"fr-FR\",\"@id\":\"https:\\\/\\\/theworldbilliards.com\\\/fr\\\/produit\\\/air-hockey-dynamo-blue-streak-avec-monnayeur\\\/#primaryimage\",\"url\":\"https:\\\/\\\/theworldbilliards.com\\\/wp-content\\\/uploads\\\/2017\\\/01\\\/Dynamo_Hockey_BlueStreak_Logo.png\",\"contentUrl\":\"https:\\\/\\\/theworldbilliards.com\\\/wp-content\\\/uploads\\\/2017\\\/01\\\/Dynamo_Hockey_BlueStreak_Logo.png\",\"width\":1000,\"height\":1000},{\"@type\":\"BreadcrumbList\",\"@id\":\"https:\\\/\\\/theworldbilliards.com\\\/fr\\\/produit\\\/air-hockey-dynamo-blue-streak-avec-monnayeur\\\/#breadcrumb\",\"itemListElement\":[{\"@type\":\"ListItem\",\"position\":1,\"name\":\"In\u00edcio\",\"item\":\"https:\\\/\\\/theworldbilliards.com\\\/fr\\\/\"},{\"@type\":\"ListItem\",\"position\":2,\"name\":\"Boutique en ligne\",\"item\":\"https:\\\/\\\/theworldbilliards.com\\\/fr\\\/boutique-theworldbilliards\\\/\"},{\"@type\":\"ListItem\",\"position\":3,\"name\":\"Air Hockey Dynamo Blue Streak avec monnayeur\"}]},{\"@type\":\"WebSite\",\"@id\":\"https:\\\/\\\/theworldbilliards.com\\\/fr\\\/#website\",\"url\":\"https:\\\/\\\/theworldbilliards.com\\\/fr\\\/\",\"name\":\"TheWorldBilliards\",\"description\":\"Achetez ici billard, baby-foot, ping-pong et bowling\",\"publisher\":{\"@id\":\"https:\\\/\\\/theworldbilliards.com\\\/fr\\\/#organization\"},\"alternateName\":\"The world billiards\",\"potentialAction\":[{\"@type\":\"SearchAction\",\"target\":{\"@type\":\"EntryPoint\",\"urlTemplate\":\"https:\\\/\\\/theworldbilliards.com\\\/fr\\\/?s={search_term_string}\"},\"query-input\":{\"@type\":\"PropertyValueSpecification\",\"valueRequired\":true,\"valueName\":\"search_term_string\"}}],\"inLanguage\":\"fr-FR\"},{\"@type\":\"Organization\",\"@id\":\"https:\\\/\\\/theworldbilliards.com\\\/fr\\\/#organization\",\"name\":\"The World Billiards\",\"alternateName\":\"The World Billiards\",\"url\":\"https:\\\/\\\/theworldbilliards.com\\\/fr\\\/\",\"logo\":{\"@type\":\"ImageObject\",\"inLanguage\":\"fr-FR\",\"@id\":\"https:\\\/\\\/theworldbilliards.com\\\/fr\\\/#\\\/schema\\\/logo\\\/image\\\/\",\"url\":\"\",\"contentUrl\":\"\",\"caption\":\"The World Billiards\"},\"image\":{\"@id\":\"https:\\\/\\\/theworldbilliards.com\\\/fr\\\/#\\\/schema\\\/logo\\\/image\\\/\"},\"sameAs\":[\"https:\\\/\\\/www.facebook.com\\\/baby.foot.superbes\",\"https:\\\/\\\/www.youtube.com\\\/channel\\\/UCIMuOVAaUcH6UpZcsZlH0Tg\",\"https:\\\/\\\/www.facebook.com\\\/people\\\/Brunswick-Billiards-EspaaPortugal\\\/100066446264309\\\/\",\"https:\\\/\\\/www.instagram.com\\\/the_world_billiards\\\/\",\"https:\\\/\\\/www.pinterest.es\\\/Theworldbilliards\\\/\"]}]}<\/script>\n<!-- \/ Yoast SEO plugin. -->","yoast_head_json":{"title":"Acheter Air Hockey Dynamo Blue Streak avec monnayeur - The World Billiards","description":"Lorsqu'une table de 8 pieds est juste un peu trop Dynamo pour votre emplacement et qu'un Short Shot n'est pas assez, le Blue Streak offre cette exp\u00e9rience de hockey Dynamo parfaitement dimensionn\u00e9e. La m\u00eame jouabilit\u00e9 et la m\u00eame durabilit\u00e9 que vous attendez de Dynamo - dans une dose concentr\u00e9e. Cette table de air hockey \u00e0 pi\u00e8ces de 7 pieds est id\u00e9ale pour les tournois ou tout simplement entre amis.  Ligne m\u00e9diane du terrain de jeu pour les tournois Syst\u00e8me de soufflerie Dyna-Blast\u2122 pour des performances puissantes et fiables Surface de jeu en formica r\u00e9sistante aux chocs Composants et \u00e9lectronique communs partag\u00e9s avec d'autres tables Dynamo Unit\u00e9 d'\u00e9clairage au plafond en option avec marquage LED Accepteur de billets pr\u00eat Ensemble de marquage optique anti-bourrage infrarouge Homologu\u00e9 ETL et CE  Rails en aluminium non rev\u00eatus pour une d\u00e9viation rapide Niveleurs de jambe \u00e0 r\u00e9glage facile par un seul homme\/une cl\u00e9 Extr\u00e9mit\u00e9s de but robustes \u00e0 charni\u00e8res pour un nettoyage facile","robots":{"index":"index","follow":"follow","max-snippet":"max-snippet:-1","max-image-preview":"max-image-preview:large","max-video-preview":"max-video-preview:-1"},"canonical":"https:\/\/theworldbilliards.com\/fr\/produit\/air-hockey-dynamo-blue-streak-avec-monnayeur\/","og_locale":"fr_FR","og_type":"article","og_title":"Acheter Air Hockey Dynamo Blue Streak avec monnayeur - The World Billiards","og_description":"Lorsqu'une table de 8 pieds est juste un peu trop Dynamo pour votre emplacement et qu'un Short Shot n'est pas assez, le Blue Streak offre cette exp\u00e9rience de hockey Dynamo parfaitement dimensionn\u00e9e. La m\u00eame jouabilit\u00e9 et la m\u00eame durabilit\u00e9 que vous attendez de Dynamo - dans une dose concentr\u00e9e. Cette table de air hockey \u00e0 pi\u00e8ces de 7 pieds est id\u00e9ale pour les tournois ou tout simplement entre amis.  Ligne m\u00e9diane du terrain de jeu pour les tournois Syst\u00e8me de soufflerie Dyna-Blast\u2122 pour des performances puissantes et fiables Surface de jeu en formica r\u00e9sistante aux chocs Composants et \u00e9lectronique communs partag\u00e9s avec d'autres tables Dynamo Unit\u00e9 d'\u00e9clairage au plafond en option avec marquage LED Accepteur de billets pr\u00eat Ensemble de marquage optique anti-bourrage infrarouge Homologu\u00e9 ETL et CE  Rails en aluminium non rev\u00eatus pour une d\u00e9viation rapide Niveleurs de jambe \u00e0 r\u00e9glage facile par un seul homme\/une cl\u00e9 Extr\u00e9mit\u00e9s de but robustes \u00e0 charni\u00e8res pour un nettoyage facile","og_url":"https:\/\/theworldbilliards.com\/fr\/produit\/air-hockey-dynamo-blue-streak-avec-monnayeur\/","og_site_name":"The World Billiards","article_publisher":"https:\/\/www.facebook.com\/baby.foot.superbes","article_modified_time":"2025-05-27T11:46:18+00:00","og_image":[{"width":1000,"height":1000,"url":"https:\/\/theworldbilliards.com\/wp-content\/uploads\/2017\/01\/Dynamo_Hockey_BlueStreak_Logo.png","type":"image\/png"}],"twitter_card":"summary_large_image","schema":{"@context":"https:\/\/schema.org","@graph":[{"@type":"WebPage","@id":"https:\/\/theworldbilliards.com\/fr\/produit\/air-hockey-dynamo-blue-streak-avec-monnayeur\/","url":"https:\/\/theworldbilliards.com\/fr\/produit\/air-hockey-dynamo-blue-streak-avec-monnayeur\/","name":"Acheter Air Hockey Dynamo Blue Streak avec monnayeur - The World Billiards","isPartOf":{"@id":"https:\/\/theworldbilliards.com\/fr\/#website"},"primaryImageOfPage":{"@id":"https:\/\/theworldbilliards.com\/fr\/produit\/air-hockey-dynamo-blue-streak-avec-monnayeur\/#primaryimage"},"image":{"@id":"https:\/\/theworldbilliards.com\/fr\/produit\/air-hockey-dynamo-blue-streak-avec-monnayeur\/#primaryimage"},"thumbnailUrl":"https:\/\/theworldbilliards.com\/wp-content\/uploads\/2017\/01\/Dynamo_Hockey_BlueStreak_Logo.png","datePublished":"2017-01-06T10:54:15+00:00","dateModified":"2025-05-27T11:46:18+00:00","description":"Lorsqu'une table de 8 pieds est juste un peu trop Dynamo pour votre emplacement et qu'un Short Shot n'est pas assez, le Blue Streak offre cette exp\u00e9rience de hockey Dynamo parfaitement dimensionn\u00e9e. La m\u00eame jouabilit\u00e9 et la m\u00eame durabilit\u00e9 que vous attendez de Dynamo - dans une dose concentr\u00e9e. Cette table de air hockey \u00e0 pi\u00e8ces de 7 pieds est id\u00e9ale pour les tournois ou tout simplement entre amis. Ligne m\u00e9diane du terrain de jeu pour les tournois Syst\u00e8me de soufflerie Dyna-Blast\u2122 pour des performances puissantes et fiables Surface de jeu en formica r\u00e9sistante aux chocs Composants et \u00e9lectronique communs partag\u00e9s avec d'autres tables Dynamo Unit\u00e9 d'\u00e9clairage au plafond en option avec marquage LED Accepteur de billets pr\u00eat Ensemble de marquage optique anti-bourrage infrarouge Homologu\u00e9 ETL et CE Rails en aluminium non rev\u00eatus pour une d\u00e9viation rapide Niveleurs de jambe \u00e0 r\u00e9glage facile par un seul homme\/une cl\u00e9 Extr\u00e9mit\u00e9s de but robustes \u00e0 charni\u00e8res pour un nettoyage facile","breadcrumb":{"@id":"https:\/\/theworldbilliards.com\/fr\/produit\/air-hockey-dynamo-blue-streak-avec-monnayeur\/#breadcrumb"},"inLanguage":"fr-FR","potentialAction":[{"@type":"ReadAction","target":["https:\/\/theworldbilliards.com\/fr\/produit\/air-hockey-dynamo-blue-streak-avec-monnayeur\/"]}]},{"@type":"ImageObject","inLanguage":"fr-FR","@id":"https:\/\/theworldbilliards.com\/fr\/produit\/air-hockey-dynamo-blue-streak-avec-monnayeur\/#primaryimage","url":"https:\/\/theworldbilliards.com\/wp-content\/uploads\/2017\/01\/Dynamo_Hockey_BlueStreak_Logo.png","contentUrl":"https:\/\/theworldbilliards.com\/wp-content\/uploads\/2017\/01\/Dynamo_Hockey_BlueStreak_Logo.png","width":1000,"height":1000},{"@type":"BreadcrumbList","@id":"https:\/\/theworldbilliards.com\/fr\/produit\/air-hockey-dynamo-blue-streak-avec-monnayeur\/#breadcrumb","itemListElement":[{"@type":"ListItem","position":1,"name":"In\u00edcio","item":"https:\/\/theworldbilliards.com\/fr\/"},{"@type":"ListItem","position":2,"name":"Boutique en ligne","item":"https:\/\/theworldbilliards.com\/fr\/boutique-theworldbilliards\/"},{"@type":"ListItem","position":3,"name":"Air Hockey Dynamo Blue Streak avec monnayeur"}]},{"@type":"WebSite","@id":"https:\/\/theworldbilliards.com\/fr\/#website","url":"https:\/\/theworldbilliards.com\/fr\/","name":"TheWorldBilliards","description":"Achetez ici billard, baby-foot, ping-pong et bowling","publisher":{"@id":"https:\/\/theworldbilliards.com\/fr\/#organization"},"alternateName":"The world billiards","potentialAction":[{"@type":"SearchAction","target":{"@type":"EntryPoint","urlTemplate":"https:\/\/theworldbilliards.com\/fr\/?s={search_term_string}"},"query-input":{"@type":"PropertyValueSpecification","valueRequired":true,"valueName":"search_term_string"}}],"inLanguage":"fr-FR"},{"@type":"Organization","@id":"https:\/\/theworldbilliards.com\/fr\/#organization","name":"The World Billiards","alternateName":"The World Billiards","url":"https:\/\/theworldbilliards.com\/fr\/","logo":{"@type":"ImageObject","inLanguage":"fr-FR","@id":"https:\/\/theworldbilliards.com\/fr\/#\/schema\/logo\/image\/","url":"","contentUrl":"","caption":"The World Billiards"},"image":{"@id":"https:\/\/theworldbilliards.com\/fr\/#\/schema\/logo\/image\/"},"sameAs":["https:\/\/www.facebook.com\/baby.foot.superbes","https:\/\/www.youtube.com\/channel\/UCIMuOVAaUcH6UpZcsZlH0Tg","https:\/\/www.facebook.com\/people\/Brunswick-Billiards-EspaaPortugal\/100066446264309\/","https:\/\/www.instagram.com\/the_world_billiards\/","https:\/\/www.pinterest.es\/Theworldbilliards\/"]}]}},"_links":{"self":[{"href":"https:\/\/theworldbilliards.com\/fr\/wp-json\/wp\/v2\/product\/31686","targetHints":{"allow":["GET"]}}],"collection":[{"href":"https:\/\/theworldbilliards.com\/fr\/wp-json\/wp\/v2\/product"}],"about":[{"href":"https:\/\/theworldbilliards.com\/fr\/wp-json\/wp\/v2\/types\/product"}],"wp:featuredmedia":[{"embeddable":true,"href":"https:\/\/theworldbilliards.com\/fr\/wp-json\/wp\/v2\/media\/90303"}],"wp:attachment":[{"href":"https:\/\/theworldbilliards.com\/fr\/wp-json\/wp\/v2\/media?parent=31686"}],"wp:term":[{"taxonomy":"product_brand","embeddable":true,"href":"https:\/\/theworldbilliards.com\/fr\/wp-json\/wp\/v2\/product_brand?post=31686"},{"taxonomy":"product_cat","embeddable":true,"href":"https:\/\/theworldbilliards.com\/fr\/wp-json\/wp\/v2\/product_cat?post=31686"},{"taxonomy":"product_tag","embeddable":true,"href":"https:\/\/theworldbilliards.com\/fr\/wp-json\/wp\/v2\/product_tag?post=31686"}],"curies":[{"name":"wp","href":"https:\/\/api.w.org\/{rel}","templated":true}]}}