{"id":31688,"date":"2017-01-06T11:55:18","date_gmt":"2017-01-06T10:55:18","guid":{"rendered":"http:\/\/theworldbilliards.com\/?post_type=product&#038;p=31688\/"},"modified":"2025-05-27T13:46:16","modified_gmt":"2025-05-27T11:46:16","slug":"air-hockey-dynamo-hot-flash-ii-avec-monnayeur","status":"publish","type":"product","link":"https:\/\/theworldbilliards.com\/fr\/produit\/air-hockey-dynamo-hot-flash-ii-avec-monnayeur\/","title":{"rendered":"Air Hockey Dynamo Hot Flash II avec monnayeur"},"content":{"rendered":"<p>C&rsquo;est la table lumineuse noire qui a tout d\u00e9clench\u00e9, mise \u00e0 jour avec un nouveau package graphique flashy et un sous-\u00e9clairage LED. Souvent imit\u00e9, jamais \u00e9gal\u00e9. Seul Hot Flash combine cette lueur r\u00e9active UV incomparable avec la qualit\u00e9 et la jouabilit\u00e9 qui font que les produits Dynamo vieux de plusieurs d\u00e9cennies continuent de jouer et de gagner chaque jour.<\/p>\n<p>Le syst\u00e8me de soufflage brevet\u00e9 \u00ab\u00a0Dyna-Blast\u00a0\u00bb offre une action rapide et continue<br \/>\nSurface de jeu enduite d&rsquo;UV et graphismes en lumi\u00e8re noire pour une excitation visuelle<br \/>\nLes rails test\u00e9s en tournoi garantissent pr\u00e9cision et fiabilit\u00e9<br \/>\nAffichage de score \u00e0 LED facile \u00e0 lire<br \/>\nCouleurs et graphismes amusants et excitants<br \/>\nRails sup\u00e9rieurs \u00e0 coins lisses, enduits de poudre pour plus de durabilit\u00e9<br \/>\nLes composants et l&rsquo;\u00e9lectronique communs partag\u00e9s avec d&rsquo;autres tables Dynamo facilitent l&rsquo;entretien et moins de pi\u00e8ces stock\u00e9es.<br \/>\nProgrammation simple, PCB facilement accessible par la porte de service \u00e0 montage lat\u00e9ral.<br \/>\nMonnayeur d\u00e9roulant.<br \/>\nConstruction \u00e9prouv\u00e9e d&rsquo;armoire de qualit\u00e9 commerciale \u00e0 longue dur\u00e9e de vie. Une table Dynamo est un investissement dans la qualit\u00e9.<br \/>\nTrappe pour le rangement des jambes pendant le transport<br \/>\nHomologu\u00e9 ETL et CE<\/p>\n<p>Conception de rail sup\u00e9rieur arrondi s\u00fbr &#8211; aucun protecteur d&rsquo;angle n\u00e9cessaire<br \/>\nAffichage de score \u00e0 LED facile \u00e0 lire<br \/>\nTerrain de jeu en stratifi\u00e9 r\u00e9sistant aux chocs &#8211; pour une longue dur\u00e9e de vie et un remplacement simple.<\/p>\n","protected":false},"excerpt":{"rendered":"<p>C&rsquo;est la table lumineuse noire qui a tout d\u00e9clench\u00e9, mise \u00e0 jour avec un nouveau package graphique flashy et un [&hellip;]<\/p>\n","protected":false},"featured_media":90191,"template":"","meta":{"site-sidebar-layout":"default","site-content-layout":"","ast-site-content-layout":"default","site-content-style":"default","site-sidebar-style":"default","ast-global-header-display":"","ast-banner-title-visibility":"","ast-main-header-display":"","ast-hfb-above-header-display":"","ast-hfb-below-header-display":"","ast-hfb-mobile-header-display":"","site-post-title":"","ast-breadcrumbs-content":"","ast-featured-img":"","footer-sml-layout":"","ast-disable-related-posts":"","theme-transparent-header-meta":"default","adv-header-id-meta":"","stick-header-meta":"","header-above-stick-meta":"","header-main-stick-meta":"","header-below-stick-meta":"","astra-migrate-meta-layouts":"default","ast-page-background-enabled":"default","ast-page-background-meta":{"desktop":{"background-color":"var(--ast-global-color-4)","background-image":"","background-repeat":"repeat","background-position":"center center","background-size":"auto","background-attachment":"scroll","background-type":"","background-media":"","overlay-type":"","overlay-color":"","overlay-opacity":"","overlay-gradient":""},"tablet":{"background-color":"","background-image":"","background-repeat":"repeat","background-position":"center center","background-size":"auto","background-attachment":"scroll","background-type":"","background-media":"","overlay-type":"","overlay-color":"","overlay-opacity":"","overlay-gradient":""},"mobile":{"background-color":"","background-image":"","background-repeat":"repeat","background-position":"center center","background-size":"auto","background-attachment":"scroll","background-type":"","background-media":"","overlay-type":"","overlay-color":"","overlay-opacity":"","overlay-gradient":""}},"ast-content-background-meta":{"desktop":{"background-color":"var(--ast-global-color-5)","background-image":"","background-repeat":"repeat","background-position":"center center","background-size":"auto","background-attachment":"scroll","background-type":"","background-media":"","overlay-type":"","overlay-color":"","overlay-opacity":"","overlay-gradient":""},"tablet":{"background-color":"var(--ast-global-color-5)","background-image":"","background-repeat":"repeat","background-position":"center center","background-size":"auto","background-attachment":"scroll","background-type":"","background-media":"","overlay-type":"","overlay-color":"","overlay-opacity":"","overlay-gradient":""},"mobile":{"background-color":"var(--ast-global-color-5)","background-image":"","background-repeat":"repeat","background-position":"center center","background-size":"auto","background-attachment":"scroll","background-type":"","background-media":"","overlay-type":"","overlay-color":"","overlay-opacity":"","overlay-gradient":""}}},"product_brand":[5202],"product_cat":[1219,4526],"product_tag":[],"class_list":{"0":"post-31688","1":"product","2":"type-product","3":"status-publish","4":"has-post-thumbnail","6":"product_brand-valley-dynamo-fr","7":"product_cat-air-hockey-fr","8":"product_cat-produits-commerciaux","9":"product_shipping_class-grand-air-hockey","10":"desktop-align-center","11":"tablet-align-left","12":"mobile-align-left","14":"first","15":"instock","16":"taxable","17":"shipping-taxable","18":"product-type-simple"},"yoast_head":"<!-- This site is optimized with the Yoast SEO plugin v27.4 - https:\/\/yoast.com\/product\/yoast-seo-wordpress\/ -->\n<title>Acheter Air Hockey Dynamo Hot Flash II avec monnayeur - The World Billiards<\/title>\n<meta name=\"description\" content=\"C&#039;est la table lumineuse noire qui a tout d\u00e9clench\u00e9, mise \u00e0 jour avec un nouveau package graphique flashy et un sous-\u00e9clairage LED. Souvent imit\u00e9, jamais \u00e9gal\u00e9. Seul Hot Flash combine cette lueur r\u00e9active UV incomparable avec la qualit\u00e9 et la jouabilit\u00e9 qui font que les produits Dynamo vieux de plusieurs d\u00e9cennies continuent de jouer et de gagner chaque jour.  Le syst\u00e8me de soufflage brevet\u00e9 &quot;Dyna-Blast&quot; offre une action rapide et continue Surface de jeu enduite d&#039;UV et graphismes en lumi\u00e8re noire pour une excitation visuelle Les rails test\u00e9s en tournoi garantissent pr\u00e9cision et fiabilit\u00e9 Affichage de score \u00e0 LED facile \u00e0 lire Couleurs et graphismes amusants et excitants Rails sup\u00e9rieurs \u00e0 coins lisses, enduits de poudre pour plus de durabilit\u00e9 Les composants et l&#039;\u00e9lectronique communs partag\u00e9s avec d&#039;autres tables Dynamo facilitent l&#039;entretien et moins de pi\u00e8ces stock\u00e9es. Programmation simple, PCB facilement accessible par la porte de service \u00e0 montage lat\u00e9ral. Monnayeur d\u00e9roulant. Construction \u00e9prouv\u00e9e d&#039;armoire de qualit\u00e9 commerciale \u00e0 longue dur\u00e9e de vie. Une table Dynamo est un investissement dans la qualit\u00e9. Trappe pour le rangement des jambes pendant le transport Homologu\u00e9 ETL et CE  Conception de rail sup\u00e9rieur arrondi s\u00fbr - aucun protecteur d&#039;angle n\u00e9cessaire Affichage de score \u00e0 LED facile \u00e0 lire Terrain de jeu en stratifi\u00e9 r\u00e9sistant aux chocs - pour une longue dur\u00e9e de vie et un remplacement simple.\" \/>\n<meta name=\"robots\" content=\"index, follow, max-snippet:-1, max-image-preview:large, max-video-preview:-1\" \/>\n<link rel=\"canonical\" href=\"https:\/\/theworldbilliards.com\/fr\/produit\/air-hockey-dynamo-hot-flash-ii-avec-monnayeur\/\" \/>\n<meta property=\"og:locale\" content=\"fr_FR\" \/>\n<meta property=\"og:type\" content=\"article\" \/>\n<meta property=\"og:title\" content=\"Acheter Air Hockey Dynamo Hot Flash II avec monnayeur - The World Billiards\" \/>\n<meta property=\"og:description\" content=\"C&#039;est la table lumineuse noire qui a tout d\u00e9clench\u00e9, mise \u00e0 jour avec un nouveau package graphique flashy et un sous-\u00e9clairage LED. Souvent imit\u00e9, jamais \u00e9gal\u00e9. Seul Hot Flash combine cette lueur r\u00e9active UV incomparable avec la qualit\u00e9 et la jouabilit\u00e9 qui font que les produits Dynamo vieux de plusieurs d\u00e9cennies continuent de jouer et de gagner chaque jour.  Le syst\u00e8me de soufflage brevet\u00e9 &quot;Dyna-Blast&quot; offre une action rapide et continue Surface de jeu enduite d&#039;UV et graphismes en lumi\u00e8re noire pour une excitation visuelle Les rails test\u00e9s en tournoi garantissent pr\u00e9cision et fiabilit\u00e9 Affichage de score \u00e0 LED facile \u00e0 lire Couleurs et graphismes amusants et excitants Rails sup\u00e9rieurs \u00e0 coins lisses, enduits de poudre pour plus de durabilit\u00e9 Les composants et l&#039;\u00e9lectronique communs partag\u00e9s avec d&#039;autres tables Dynamo facilitent l&#039;entretien et moins de pi\u00e8ces stock\u00e9es. Programmation simple, PCB facilement accessible par la porte de service \u00e0 montage lat\u00e9ral. Monnayeur d\u00e9roulant. Construction \u00e9prouv\u00e9e d&#039;armoire de qualit\u00e9 commerciale \u00e0 longue dur\u00e9e de vie. Une table Dynamo est un investissement dans la qualit\u00e9. Trappe pour le rangement des jambes pendant le transport Homologu\u00e9 ETL et CE  Conception de rail sup\u00e9rieur arrondi s\u00fbr - aucun protecteur d&#039;angle n\u00e9cessaire Affichage de score \u00e0 LED facile \u00e0 lire Terrain de jeu en stratifi\u00e9 r\u00e9sistant aux chocs - pour une longue dur\u00e9e de vie et un remplacement simple.\" \/>\n<meta property=\"og:url\" content=\"https:\/\/theworldbilliards.com\/fr\/produit\/air-hockey-dynamo-hot-flash-ii-avec-monnayeur\/\" \/>\n<meta property=\"og:site_name\" content=\"The World Billiards\" \/>\n<meta property=\"article:publisher\" content=\"https:\/\/www.facebook.com\/baby.foot.superbes\" \/>\n<meta property=\"article:modified_time\" content=\"2025-05-27T11:46:16+00:00\" \/>\n<meta property=\"og:image\" content=\"https:\/\/theworldbilliards.com\/wp-content\/uploads\/2017\/01\/Dynamo_Hot_Flash_2017_Logo.png\" \/>\n\t<meta property=\"og:image:width\" content=\"1000\" \/>\n\t<meta property=\"og:image:height\" content=\"1000\" \/>\n\t<meta property=\"og:image:type\" content=\"image\/png\" \/>\n<meta name=\"twitter:card\" content=\"summary_large_image\" \/>\n<script type=\"application\/ld+json\" class=\"yoast-schema-graph\">{\"@context\":\"https:\\\/\\\/schema.org\",\"@graph\":[{\"@type\":\"WebPage\",\"@id\":\"https:\\\/\\\/theworldbilliards.com\\\/fr\\\/produit\\\/air-hockey-dynamo-hot-flash-ii-avec-monnayeur\\\/\",\"url\":\"https:\\\/\\\/theworldbilliards.com\\\/fr\\\/produit\\\/air-hockey-dynamo-hot-flash-ii-avec-monnayeur\\\/\",\"name\":\"Acheter Air Hockey Dynamo Hot Flash II avec monnayeur - The World Billiards\",\"isPartOf\":{\"@id\":\"https:\\\/\\\/theworldbilliards.com\\\/fr\\\/#website\"},\"primaryImageOfPage\":{\"@id\":\"https:\\\/\\\/theworldbilliards.com\\\/fr\\\/produit\\\/air-hockey-dynamo-hot-flash-ii-avec-monnayeur\\\/#primaryimage\"},\"image\":{\"@id\":\"https:\\\/\\\/theworldbilliards.com\\\/fr\\\/produit\\\/air-hockey-dynamo-hot-flash-ii-avec-monnayeur\\\/#primaryimage\"},\"thumbnailUrl\":\"https:\\\/\\\/theworldbilliards.com\\\/wp-content\\\/uploads\\\/2017\\\/01\\\/Dynamo_Hot_Flash_2017_Logo.png\",\"datePublished\":\"2017-01-06T10:55:18+00:00\",\"dateModified\":\"2025-05-27T11:46:16+00:00\",\"description\":\"C'est la table lumineuse noire qui a tout d\u00e9clench\u00e9, mise \u00e0 jour avec un nouveau package graphique flashy et un sous-\u00e9clairage LED. Souvent imit\u00e9, jamais \u00e9gal\u00e9. Seul Hot Flash combine cette lueur r\u00e9active UV incomparable avec la qualit\u00e9 et la jouabilit\u00e9 qui font que les produits Dynamo vieux de plusieurs d\u00e9cennies continuent de jouer et de gagner chaque jour. Le syst\u00e8me de soufflage brevet\u00e9 \\\"Dyna-Blast\\\" offre une action rapide et continue Surface de jeu enduite d'UV et graphismes en lumi\u00e8re noire pour une excitation visuelle Les rails test\u00e9s en tournoi garantissent pr\u00e9cision et fiabilit\u00e9 Affichage de score \u00e0 LED facile \u00e0 lire Couleurs et graphismes amusants et excitants Rails sup\u00e9rieurs \u00e0 coins lisses, enduits de poudre pour plus de durabilit\u00e9 Les composants et l'\u00e9lectronique communs partag\u00e9s avec d'autres tables Dynamo facilitent l'entretien et moins de pi\u00e8ces stock\u00e9es. Programmation simple, PCB facilement accessible par la porte de service \u00e0 montage lat\u00e9ral. Monnayeur d\u00e9roulant. Construction \u00e9prouv\u00e9e d'armoire de qualit\u00e9 commerciale \u00e0 longue dur\u00e9e de vie. Une table Dynamo est un investissement dans la qualit\u00e9. Trappe pour le rangement des jambes pendant le transport Homologu\u00e9 ETL et CE Conception de rail sup\u00e9rieur arrondi s\u00fbr - aucun protecteur d'angle n\u00e9cessaire Affichage de score \u00e0 LED facile \u00e0 lire Terrain de jeu en stratifi\u00e9 r\u00e9sistant aux chocs - pour une longue dur\u00e9e de vie et un remplacement simple.\",\"breadcrumb\":{\"@id\":\"https:\\\/\\\/theworldbilliards.com\\\/fr\\\/produit\\\/air-hockey-dynamo-hot-flash-ii-avec-monnayeur\\\/#breadcrumb\"},\"inLanguage\":\"fr-FR\",\"potentialAction\":[{\"@type\":\"ReadAction\",\"target\":[\"https:\\\/\\\/theworldbilliards.com\\\/fr\\\/produit\\\/air-hockey-dynamo-hot-flash-ii-avec-monnayeur\\\/\"]}]},{\"@type\":\"ImageObject\",\"inLanguage\":\"fr-FR\",\"@id\":\"https:\\\/\\\/theworldbilliards.com\\\/fr\\\/produit\\\/air-hockey-dynamo-hot-flash-ii-avec-monnayeur\\\/#primaryimage\",\"url\":\"https:\\\/\\\/theworldbilliards.com\\\/wp-content\\\/uploads\\\/2017\\\/01\\\/Dynamo_Hot_Flash_2017_Logo.png\",\"contentUrl\":\"https:\\\/\\\/theworldbilliards.com\\\/wp-content\\\/uploads\\\/2017\\\/01\\\/Dynamo_Hot_Flash_2017_Logo.png\",\"width\":1000,\"height\":1000},{\"@type\":\"BreadcrumbList\",\"@id\":\"https:\\\/\\\/theworldbilliards.com\\\/fr\\\/produit\\\/air-hockey-dynamo-hot-flash-ii-avec-monnayeur\\\/#breadcrumb\",\"itemListElement\":[{\"@type\":\"ListItem\",\"position\":1,\"name\":\"In\u00edcio\",\"item\":\"https:\\\/\\\/theworldbilliards.com\\\/fr\\\/\"},{\"@type\":\"ListItem\",\"position\":2,\"name\":\"Boutique en ligne\",\"item\":\"https:\\\/\\\/theworldbilliards.com\\\/fr\\\/boutique-theworldbilliards\\\/\"},{\"@type\":\"ListItem\",\"position\":3,\"name\":\"Air Hockey Dynamo Hot Flash II avec monnayeur\"}]},{\"@type\":\"WebSite\",\"@id\":\"https:\\\/\\\/theworldbilliards.com\\\/fr\\\/#website\",\"url\":\"https:\\\/\\\/theworldbilliards.com\\\/fr\\\/\",\"name\":\"TheWorldBilliards\",\"description\":\"Achetez ici billard, baby-foot, ping-pong et bowling\",\"publisher\":{\"@id\":\"https:\\\/\\\/theworldbilliards.com\\\/fr\\\/#organization\"},\"alternateName\":\"The world billiards\",\"potentialAction\":[{\"@type\":\"SearchAction\",\"target\":{\"@type\":\"EntryPoint\",\"urlTemplate\":\"https:\\\/\\\/theworldbilliards.com\\\/fr\\\/?s={search_term_string}\"},\"query-input\":{\"@type\":\"PropertyValueSpecification\",\"valueRequired\":true,\"valueName\":\"search_term_string\"}}],\"inLanguage\":\"fr-FR\"},{\"@type\":\"Organization\",\"@id\":\"https:\\\/\\\/theworldbilliards.com\\\/fr\\\/#organization\",\"name\":\"The World Billiards\",\"alternateName\":\"The World Billiards\",\"url\":\"https:\\\/\\\/theworldbilliards.com\\\/fr\\\/\",\"logo\":{\"@type\":\"ImageObject\",\"inLanguage\":\"fr-FR\",\"@id\":\"https:\\\/\\\/theworldbilliards.com\\\/fr\\\/#\\\/schema\\\/logo\\\/image\\\/\",\"url\":\"\",\"contentUrl\":\"\",\"caption\":\"The World Billiards\"},\"image\":{\"@id\":\"https:\\\/\\\/theworldbilliards.com\\\/fr\\\/#\\\/schema\\\/logo\\\/image\\\/\"},\"sameAs\":[\"https:\\\/\\\/www.facebook.com\\\/baby.foot.superbes\",\"https:\\\/\\\/www.youtube.com\\\/channel\\\/UCIMuOVAaUcH6UpZcsZlH0Tg\",\"https:\\\/\\\/www.facebook.com\\\/people\\\/Brunswick-Billiards-EspaaPortugal\\\/100066446264309\\\/\",\"https:\\\/\\\/www.instagram.com\\\/the_world_billiards\\\/\",\"https:\\\/\\\/www.pinterest.es\\\/Theworldbilliards\\\/\"]}]}<\/script>\n<!-- \/ Yoast SEO plugin. -->","yoast_head_json":{"title":"Acheter Air Hockey Dynamo Hot Flash II avec monnayeur - The World Billiards","description":"C'est la table lumineuse noire qui a tout d\u00e9clench\u00e9, mise \u00e0 jour avec un nouveau package graphique flashy et un sous-\u00e9clairage LED. Souvent imit\u00e9, jamais \u00e9gal\u00e9. Seul Hot Flash combine cette lueur r\u00e9active UV incomparable avec la qualit\u00e9 et la jouabilit\u00e9 qui font que les produits Dynamo vieux de plusieurs d\u00e9cennies continuent de jouer et de gagner chaque jour.  Le syst\u00e8me de soufflage brevet\u00e9 \"Dyna-Blast\" offre une action rapide et continue Surface de jeu enduite d'UV et graphismes en lumi\u00e8re noire pour une excitation visuelle Les rails test\u00e9s en tournoi garantissent pr\u00e9cision et fiabilit\u00e9 Affichage de score \u00e0 LED facile \u00e0 lire Couleurs et graphismes amusants et excitants Rails sup\u00e9rieurs \u00e0 coins lisses, enduits de poudre pour plus de durabilit\u00e9 Les composants et l'\u00e9lectronique communs partag\u00e9s avec d'autres tables Dynamo facilitent l'entretien et moins de pi\u00e8ces stock\u00e9es. Programmation simple, PCB facilement accessible par la porte de service \u00e0 montage lat\u00e9ral. Monnayeur d\u00e9roulant. Construction \u00e9prouv\u00e9e d'armoire de qualit\u00e9 commerciale \u00e0 longue dur\u00e9e de vie. Une table Dynamo est un investissement dans la qualit\u00e9. Trappe pour le rangement des jambes pendant le transport Homologu\u00e9 ETL et CE  Conception de rail sup\u00e9rieur arrondi s\u00fbr - aucun protecteur d'angle n\u00e9cessaire Affichage de score \u00e0 LED facile \u00e0 lire Terrain de jeu en stratifi\u00e9 r\u00e9sistant aux chocs - pour une longue dur\u00e9e de vie et un remplacement simple.","robots":{"index":"index","follow":"follow","max-snippet":"max-snippet:-1","max-image-preview":"max-image-preview:large","max-video-preview":"max-video-preview:-1"},"canonical":"https:\/\/theworldbilliards.com\/fr\/produit\/air-hockey-dynamo-hot-flash-ii-avec-monnayeur\/","og_locale":"fr_FR","og_type":"article","og_title":"Acheter Air Hockey Dynamo Hot Flash II avec monnayeur - The World Billiards","og_description":"C'est la table lumineuse noire qui a tout d\u00e9clench\u00e9, mise \u00e0 jour avec un nouveau package graphique flashy et un sous-\u00e9clairage LED. Souvent imit\u00e9, jamais \u00e9gal\u00e9. Seul Hot Flash combine cette lueur r\u00e9active UV incomparable avec la qualit\u00e9 et la jouabilit\u00e9 qui font que les produits Dynamo vieux de plusieurs d\u00e9cennies continuent de jouer et de gagner chaque jour.  Le syst\u00e8me de soufflage brevet\u00e9 \"Dyna-Blast\" offre une action rapide et continue Surface de jeu enduite d'UV et graphismes en lumi\u00e8re noire pour une excitation visuelle Les rails test\u00e9s en tournoi garantissent pr\u00e9cision et fiabilit\u00e9 Affichage de score \u00e0 LED facile \u00e0 lire Couleurs et graphismes amusants et excitants Rails sup\u00e9rieurs \u00e0 coins lisses, enduits de poudre pour plus de durabilit\u00e9 Les composants et l'\u00e9lectronique communs partag\u00e9s avec d'autres tables Dynamo facilitent l'entretien et moins de pi\u00e8ces stock\u00e9es. Programmation simple, PCB facilement accessible par la porte de service \u00e0 montage lat\u00e9ral. Monnayeur d\u00e9roulant. Construction \u00e9prouv\u00e9e d'armoire de qualit\u00e9 commerciale \u00e0 longue dur\u00e9e de vie. Une table Dynamo est un investissement dans la qualit\u00e9. Trappe pour le rangement des jambes pendant le transport Homologu\u00e9 ETL et CE  Conception de rail sup\u00e9rieur arrondi s\u00fbr - aucun protecteur d'angle n\u00e9cessaire Affichage de score \u00e0 LED facile \u00e0 lire Terrain de jeu en stratifi\u00e9 r\u00e9sistant aux chocs - pour une longue dur\u00e9e de vie et un remplacement simple.","og_url":"https:\/\/theworldbilliards.com\/fr\/produit\/air-hockey-dynamo-hot-flash-ii-avec-monnayeur\/","og_site_name":"The World Billiards","article_publisher":"https:\/\/www.facebook.com\/baby.foot.superbes","article_modified_time":"2025-05-27T11:46:16+00:00","og_image":[{"width":1000,"height":1000,"url":"https:\/\/theworldbilliards.com\/wp-content\/uploads\/2017\/01\/Dynamo_Hot_Flash_2017_Logo.png","type":"image\/png"}],"twitter_card":"summary_large_image","schema":{"@context":"https:\/\/schema.org","@graph":[{"@type":"WebPage","@id":"https:\/\/theworldbilliards.com\/fr\/produit\/air-hockey-dynamo-hot-flash-ii-avec-monnayeur\/","url":"https:\/\/theworldbilliards.com\/fr\/produit\/air-hockey-dynamo-hot-flash-ii-avec-monnayeur\/","name":"Acheter Air Hockey Dynamo Hot Flash II avec monnayeur - The World Billiards","isPartOf":{"@id":"https:\/\/theworldbilliards.com\/fr\/#website"},"primaryImageOfPage":{"@id":"https:\/\/theworldbilliards.com\/fr\/produit\/air-hockey-dynamo-hot-flash-ii-avec-monnayeur\/#primaryimage"},"image":{"@id":"https:\/\/theworldbilliards.com\/fr\/produit\/air-hockey-dynamo-hot-flash-ii-avec-monnayeur\/#primaryimage"},"thumbnailUrl":"https:\/\/theworldbilliards.com\/wp-content\/uploads\/2017\/01\/Dynamo_Hot_Flash_2017_Logo.png","datePublished":"2017-01-06T10:55:18+00:00","dateModified":"2025-05-27T11:46:16+00:00","description":"C'est la table lumineuse noire qui a tout d\u00e9clench\u00e9, mise \u00e0 jour avec un nouveau package graphique flashy et un sous-\u00e9clairage LED. Souvent imit\u00e9, jamais \u00e9gal\u00e9. Seul Hot Flash combine cette lueur r\u00e9active UV incomparable avec la qualit\u00e9 et la jouabilit\u00e9 qui font que les produits Dynamo vieux de plusieurs d\u00e9cennies continuent de jouer et de gagner chaque jour. Le syst\u00e8me de soufflage brevet\u00e9 \"Dyna-Blast\" offre une action rapide et continue Surface de jeu enduite d'UV et graphismes en lumi\u00e8re noire pour une excitation visuelle Les rails test\u00e9s en tournoi garantissent pr\u00e9cision et fiabilit\u00e9 Affichage de score \u00e0 LED facile \u00e0 lire Couleurs et graphismes amusants et excitants Rails sup\u00e9rieurs \u00e0 coins lisses, enduits de poudre pour plus de durabilit\u00e9 Les composants et l'\u00e9lectronique communs partag\u00e9s avec d'autres tables Dynamo facilitent l'entretien et moins de pi\u00e8ces stock\u00e9es. Programmation simple, PCB facilement accessible par la porte de service \u00e0 montage lat\u00e9ral. Monnayeur d\u00e9roulant. Construction \u00e9prouv\u00e9e d'armoire de qualit\u00e9 commerciale \u00e0 longue dur\u00e9e de vie. Une table Dynamo est un investissement dans la qualit\u00e9. Trappe pour le rangement des jambes pendant le transport Homologu\u00e9 ETL et CE Conception de rail sup\u00e9rieur arrondi s\u00fbr - aucun protecteur d'angle n\u00e9cessaire Affichage de score \u00e0 LED facile \u00e0 lire Terrain de jeu en stratifi\u00e9 r\u00e9sistant aux chocs - pour une longue dur\u00e9e de vie et un remplacement simple.","breadcrumb":{"@id":"https:\/\/theworldbilliards.com\/fr\/produit\/air-hockey-dynamo-hot-flash-ii-avec-monnayeur\/#breadcrumb"},"inLanguage":"fr-FR","potentialAction":[{"@type":"ReadAction","target":["https:\/\/theworldbilliards.com\/fr\/produit\/air-hockey-dynamo-hot-flash-ii-avec-monnayeur\/"]}]},{"@type":"ImageObject","inLanguage":"fr-FR","@id":"https:\/\/theworldbilliards.com\/fr\/produit\/air-hockey-dynamo-hot-flash-ii-avec-monnayeur\/#primaryimage","url":"https:\/\/theworldbilliards.com\/wp-content\/uploads\/2017\/01\/Dynamo_Hot_Flash_2017_Logo.png","contentUrl":"https:\/\/theworldbilliards.com\/wp-content\/uploads\/2017\/01\/Dynamo_Hot_Flash_2017_Logo.png","width":1000,"height":1000},{"@type":"BreadcrumbList","@id":"https:\/\/theworldbilliards.com\/fr\/produit\/air-hockey-dynamo-hot-flash-ii-avec-monnayeur\/#breadcrumb","itemListElement":[{"@type":"ListItem","position":1,"name":"In\u00edcio","item":"https:\/\/theworldbilliards.com\/fr\/"},{"@type":"ListItem","position":2,"name":"Boutique en ligne","item":"https:\/\/theworldbilliards.com\/fr\/boutique-theworldbilliards\/"},{"@type":"ListItem","position":3,"name":"Air Hockey Dynamo Hot Flash II avec monnayeur"}]},{"@type":"WebSite","@id":"https:\/\/theworldbilliards.com\/fr\/#website","url":"https:\/\/theworldbilliards.com\/fr\/","name":"TheWorldBilliards","description":"Achetez ici billard, baby-foot, ping-pong et bowling","publisher":{"@id":"https:\/\/theworldbilliards.com\/fr\/#organization"},"alternateName":"The world billiards","potentialAction":[{"@type":"SearchAction","target":{"@type":"EntryPoint","urlTemplate":"https:\/\/theworldbilliards.com\/fr\/?s={search_term_string}"},"query-input":{"@type":"PropertyValueSpecification","valueRequired":true,"valueName":"search_term_string"}}],"inLanguage":"fr-FR"},{"@type":"Organization","@id":"https:\/\/theworldbilliards.com\/fr\/#organization","name":"The World Billiards","alternateName":"The World Billiards","url":"https:\/\/theworldbilliards.com\/fr\/","logo":{"@type":"ImageObject","inLanguage":"fr-FR","@id":"https:\/\/theworldbilliards.com\/fr\/#\/schema\/logo\/image\/","url":"","contentUrl":"","caption":"The World Billiards"},"image":{"@id":"https:\/\/theworldbilliards.com\/fr\/#\/schema\/logo\/image\/"},"sameAs":["https:\/\/www.facebook.com\/baby.foot.superbes","https:\/\/www.youtube.com\/channel\/UCIMuOVAaUcH6UpZcsZlH0Tg","https:\/\/www.facebook.com\/people\/Brunswick-Billiards-EspaaPortugal\/100066446264309\/","https:\/\/www.instagram.com\/the_world_billiards\/","https:\/\/www.pinterest.es\/Theworldbilliards\/"]}]}},"_links":{"self":[{"href":"https:\/\/theworldbilliards.com\/fr\/wp-json\/wp\/v2\/product\/31688","targetHints":{"allow":["GET"]}}],"collection":[{"href":"https:\/\/theworldbilliards.com\/fr\/wp-json\/wp\/v2\/product"}],"about":[{"href":"https:\/\/theworldbilliards.com\/fr\/wp-json\/wp\/v2\/types\/product"}],"wp:featuredmedia":[{"embeddable":true,"href":"https:\/\/theworldbilliards.com\/fr\/wp-json\/wp\/v2\/media\/90191"}],"wp:attachment":[{"href":"https:\/\/theworldbilliards.com\/fr\/wp-json\/wp\/v2\/media?parent=31688"}],"wp:term":[{"taxonomy":"product_brand","embeddable":true,"href":"https:\/\/theworldbilliards.com\/fr\/wp-json\/wp\/v2\/product_brand?post=31688"},{"taxonomy":"product_cat","embeddable":true,"href":"https:\/\/theworldbilliards.com\/fr\/wp-json\/wp\/v2\/product_cat?post=31688"},{"taxonomy":"product_tag","embeddable":true,"href":"https:\/\/theworldbilliards.com\/fr\/wp-json\/wp\/v2\/product_tag?post=31688"}],"curies":[{"name":"wp","href":"https:\/\/api.w.org\/{rel}","templated":true}]}}