{"id":31691,"date":"2017-01-06T11:56:33","date_gmt":"2017-01-06T10:56:33","guid":{"rendered":"http:\/\/theworldbilliards.com\/?post_type=product&#038;p=31691\/"},"modified":"2025-05-27T13:46:15","modified_gmt":"2025-05-27T11:46:15","slug":"air-hockey-dynamo-pro-style","status":"publish","type":"product","link":"https:\/\/theworldbilliards.com\/fr\/produit\/air-hockey-dynamo-pro-style\/","title":{"rendered":"Air Hockey Dynamo Pro Style"},"content":{"rendered":"<p>La t\u00e9nacit\u00e9 et la durabilit\u00e9 \u00e9prouv\u00e9es de nos tables Dynamo Coin largement respect\u00e9es, mais pas besoin d&rsquo;utiliser des pi\u00e8ces. Un Dynamo Pro Style est un investissement dans la qualit\u00e9 pour les ann\u00e9es \u00e0 venir. APPROUV\u00c9 POUR LE JEU PAR LA U.S. AIR TABLE HOCKEY ASSOCIATION. Une unit\u00e9 de notation des frais g\u00e9n\u00e9raux peut \u00eatre ajout\u00e9e sur demande.<\/p>\n<p>Fonctionnalit\u00e9s<br \/>\nLigne m\u00e9diane du terrain de jeu pour les tournois<br \/>\nRails en aluminium non rev\u00eatus pour une d\u00e9viation rapide<br \/>\nSyst\u00e8me de soufflerie Dyna-Blast\u2122 pour des performances puissantes et fiables<br \/>\nSurface de jeu en formica r\u00e9sistante aux chocs<br \/>\nComposants et composants \u00e9lectroniques communs partag\u00e9s avec d&rsquo;autres tables Dynamo pour faciliter l&rsquo;entretien et r\u00e9duire le nombre de pi\u00e8ces stock\u00e9es.<br \/>\nNotation LED \u00e0 montage lat\u00e9ral ou unit\u00e9 d&rsquo;\u00e9clairage au plafond en option avec notation LED<br \/>\nNiveleurs de jambe \u00e0 r\u00e9glage facile par un seul homme\/une cl\u00e9<br \/>\nEnsemble de marquage optique anti-bourrage infrarouge<br \/>\nExtr\u00e9mit\u00e9s de but robustes \u00e0 charni\u00e8res pour un nettoyage facile<br \/>\nSanctionn\u00e9 pour avoir jou\u00e9 en tournoi<br \/>\nHomologu\u00e9 ETL et CE<\/p>\n<p>Tailles disponibles<br \/>\n8 pieds<br \/>\n7 pieds<\/p>\n","protected":false},"excerpt":{"rendered":"<p>La t\u00e9nacit\u00e9 et la durabilit\u00e9 \u00e9prouv\u00e9es de nos tables Dynamo Coin largement respect\u00e9es, mais pas besoin d&rsquo;utiliser des pi\u00e8ces. Un [&hellip;]<\/p>\n","protected":false},"featured_media":90083,"template":"","meta":{"site-sidebar-layout":"default","site-content-layout":"","ast-site-content-layout":"default","site-content-style":"default","site-sidebar-style":"default","ast-global-header-display":"","ast-banner-title-visibility":"","ast-main-header-display":"","ast-hfb-above-header-display":"","ast-hfb-below-header-display":"","ast-hfb-mobile-header-display":"","site-post-title":"","ast-breadcrumbs-content":"","ast-featured-img":"","footer-sml-layout":"","ast-disable-related-posts":"","theme-transparent-header-meta":"default","adv-header-id-meta":"","stick-header-meta":"","header-above-stick-meta":"","header-main-stick-meta":"","header-below-stick-meta":"","astra-migrate-meta-layouts":"default","ast-page-background-enabled":"default","ast-page-background-meta":{"desktop":{"background-color":"var(--ast-global-color-4)","background-image":"","background-repeat":"repeat","background-position":"center center","background-size":"auto","background-attachment":"scroll","background-type":"","background-media":"","overlay-type":"","overlay-color":"","overlay-opacity":"","overlay-gradient":""},"tablet":{"background-color":"","background-image":"","background-repeat":"repeat","background-position":"center center","background-size":"auto","background-attachment":"scroll","background-type":"","background-media":"","overlay-type":"","overlay-color":"","overlay-opacity":"","overlay-gradient":""},"mobile":{"background-color":"","background-image":"","background-repeat":"repeat","background-position":"center center","background-size":"auto","background-attachment":"scroll","background-type":"","background-media":"","overlay-type":"","overlay-color":"","overlay-opacity":"","overlay-gradient":""}},"ast-content-background-meta":{"desktop":{"background-color":"var(--ast-global-color-5)","background-image":"","background-repeat":"repeat","background-position":"center center","background-size":"auto","background-attachment":"scroll","background-type":"","background-media":"","overlay-type":"","overlay-color":"","overlay-opacity":"","overlay-gradient":""},"tablet":{"background-color":"var(--ast-global-color-5)","background-image":"","background-repeat":"repeat","background-position":"center center","background-size":"auto","background-attachment":"scroll","background-type":"","background-media":"","overlay-type":"","overlay-color":"","overlay-opacity":"","overlay-gradient":""},"mobile":{"background-color":"var(--ast-global-color-5)","background-image":"","background-repeat":"repeat","background-position":"center center","background-size":"auto","background-attachment":"scroll","background-type":"","background-media":"","overlay-type":"","overlay-color":"","overlay-opacity":"","overlay-gradient":""}}},"product_brand":[5202],"product_cat":[1219],"product_tag":[],"class_list":{"0":"post-31691","1":"product","2":"type-product","3":"status-publish","4":"has-post-thumbnail","6":"product_brand-valley-dynamo-fr","7":"product_cat-air-hockey-fr","8":"product_shipping_class-grand-air-hockey","9":"desktop-align-center","10":"tablet-align-left","11":"mobile-align-left","13":"first","14":"instock","15":"taxable","16":"shipping-taxable","17":"product-type-simple"},"yoast_head":"<!-- This site is optimized with the Yoast SEO plugin v27.4 - https:\/\/yoast.com\/product\/yoast-seo-wordpress\/ -->\n<title>Acheter Air Hockey Dynamo Pro Style - The World Billiards<\/title>\n<meta name=\"description\" content=\"La t\u00e9nacit\u00e9 et la durabilit\u00e9 \u00e9prouv\u00e9es de nos tables Dynamo Coin largement respect\u00e9es, mais pas besoin d&#039;utiliser des pi\u00e8ces. Un Dynamo Pro Style est un investissement dans la qualit\u00e9 pour les ann\u00e9es \u00e0 venir. APPROUV\u00c9 POUR LE JEU PAR LA U.S. AIR TABLE HOCKEY ASSOCIATION. Une unit\u00e9 de notation des frais g\u00e9n\u00e9raux peut \u00eatre ajout\u00e9e sur demande.  Fonctionnalit\u00e9s Ligne m\u00e9diane du terrain de jeu pour les tournois Rails en aluminium non rev\u00eatus pour une d\u00e9viation rapide Syst\u00e8me de soufflerie Dyna-Blast\u2122 pour des performances puissantes et fiables Surface de jeu en formica r\u00e9sistante aux chocs Composants et composants \u00e9lectroniques communs partag\u00e9s avec d&#039;autres tables Dynamo pour faciliter l&#039;entretien et r\u00e9duire le nombre de pi\u00e8ces stock\u00e9es. Notation LED \u00e0 montage lat\u00e9ral ou unit\u00e9 d&#039;\u00e9clairage au plafond en option avec notation LED Niveleurs de jambe \u00e0 r\u00e9glage facile par un seul homme\/une cl\u00e9 Ensemble de marquage optique anti-bourrage infrarouge Extr\u00e9mit\u00e9s de but robustes \u00e0 charni\u00e8res pour un nettoyage facile Sanctionn\u00e9 pour avoir jou\u00e9 en tournoi Homologu\u00e9 ETL et CE  Tailles disponibles 8 pieds 7 pieds\" \/>\n<meta name=\"robots\" content=\"index, follow, max-snippet:-1, max-image-preview:large, max-video-preview:-1\" \/>\n<link rel=\"canonical\" href=\"https:\/\/theworldbilliards.com\/fr\/produit\/air-hockey-dynamo-pro-style\/\" \/>\n<meta property=\"og:locale\" content=\"fr_FR\" \/>\n<meta property=\"og:type\" content=\"article\" \/>\n<meta property=\"og:title\" content=\"Acheter Air Hockey Dynamo Pro Style - The World Billiards\" \/>\n<meta property=\"og:description\" content=\"La t\u00e9nacit\u00e9 et la durabilit\u00e9 \u00e9prouv\u00e9es de nos tables Dynamo Coin largement respect\u00e9es, mais pas besoin d&#039;utiliser des pi\u00e8ces. Un Dynamo Pro Style est un investissement dans la qualit\u00e9 pour les ann\u00e9es \u00e0 venir. APPROUV\u00c9 POUR LE JEU PAR LA U.S. AIR TABLE HOCKEY ASSOCIATION. Une unit\u00e9 de notation des frais g\u00e9n\u00e9raux peut \u00eatre ajout\u00e9e sur demande.  Fonctionnalit\u00e9s Ligne m\u00e9diane du terrain de jeu pour les tournois Rails en aluminium non rev\u00eatus pour une d\u00e9viation rapide Syst\u00e8me de soufflerie Dyna-Blast\u2122 pour des performances puissantes et fiables Surface de jeu en formica r\u00e9sistante aux chocs Composants et composants \u00e9lectroniques communs partag\u00e9s avec d&#039;autres tables Dynamo pour faciliter l&#039;entretien et r\u00e9duire le nombre de pi\u00e8ces stock\u00e9es. Notation LED \u00e0 montage lat\u00e9ral ou unit\u00e9 d&#039;\u00e9clairage au plafond en option avec notation LED Niveleurs de jambe \u00e0 r\u00e9glage facile par un seul homme\/une cl\u00e9 Ensemble de marquage optique anti-bourrage infrarouge Extr\u00e9mit\u00e9s de but robustes \u00e0 charni\u00e8res pour un nettoyage facile Sanctionn\u00e9 pour avoir jou\u00e9 en tournoi Homologu\u00e9 ETL et CE  Tailles disponibles 8 pieds 7 pieds\" \/>\n<meta property=\"og:url\" content=\"https:\/\/theworldbilliards.com\/fr\/produit\/air-hockey-dynamo-pro-style\/\" \/>\n<meta property=\"og:site_name\" content=\"The World Billiards\" \/>\n<meta property=\"article:publisher\" content=\"https:\/\/www.facebook.com\/baby.foot.superbes\" \/>\n<meta property=\"article:modified_time\" content=\"2025-05-27T11:46:15+00:00\" \/>\n<meta property=\"og:image\" content=\"https:\/\/theworldbilliards.com\/wp-content\/uploads\/2017\/01\/ProStyle-1.png\" \/>\n\t<meta property=\"og:image:width\" content=\"685\" \/>\n\t<meta property=\"og:image:height\" content=\"685\" \/>\n\t<meta property=\"og:image:type\" content=\"image\/png\" \/>\n<meta name=\"twitter:card\" content=\"summary_large_image\" \/>\n<script type=\"application\/ld+json\" class=\"yoast-schema-graph\">{\"@context\":\"https:\\\/\\\/schema.org\",\"@graph\":[{\"@type\":\"WebPage\",\"@id\":\"https:\\\/\\\/theworldbilliards.com\\\/fr\\\/produit\\\/air-hockey-dynamo-pro-style\\\/\",\"url\":\"https:\\\/\\\/theworldbilliards.com\\\/fr\\\/produit\\\/air-hockey-dynamo-pro-style\\\/\",\"name\":\"Acheter Air Hockey Dynamo Pro Style - The World Billiards\",\"isPartOf\":{\"@id\":\"https:\\\/\\\/theworldbilliards.com\\\/fr\\\/#website\"},\"primaryImageOfPage\":{\"@id\":\"https:\\\/\\\/theworldbilliards.com\\\/fr\\\/produit\\\/air-hockey-dynamo-pro-style\\\/#primaryimage\"},\"image\":{\"@id\":\"https:\\\/\\\/theworldbilliards.com\\\/fr\\\/produit\\\/air-hockey-dynamo-pro-style\\\/#primaryimage\"},\"thumbnailUrl\":\"https:\\\/\\\/theworldbilliards.com\\\/wp-content\\\/uploads\\\/2017\\\/01\\\/ProStyle-1.png\",\"datePublished\":\"2017-01-06T10:56:33+00:00\",\"dateModified\":\"2025-05-27T11:46:15+00:00\",\"description\":\"La t\u00e9nacit\u00e9 et la durabilit\u00e9 \u00e9prouv\u00e9es de nos tables Dynamo Coin largement respect\u00e9es, mais pas besoin d'utiliser des pi\u00e8ces. Un Dynamo Pro Style est un investissement dans la qualit\u00e9 pour les ann\u00e9es \u00e0 venir. APPROUV\u00c9 POUR LE JEU PAR LA U.S. AIR TABLE HOCKEY ASSOCIATION. Une unit\u00e9 de notation des frais g\u00e9n\u00e9raux peut \u00eatre ajout\u00e9e sur demande. Fonctionnalit\u00e9s Ligne m\u00e9diane du terrain de jeu pour les tournois Rails en aluminium non rev\u00eatus pour une d\u00e9viation rapide Syst\u00e8me de soufflerie Dyna-Blast\u2122 pour des performances puissantes et fiables Surface de jeu en formica r\u00e9sistante aux chocs Composants et composants \u00e9lectroniques communs partag\u00e9s avec d'autres tables Dynamo pour faciliter l'entretien et r\u00e9duire le nombre de pi\u00e8ces stock\u00e9es. Notation LED \u00e0 montage lat\u00e9ral ou unit\u00e9 d'\u00e9clairage au plafond en option avec notation LED Niveleurs de jambe \u00e0 r\u00e9glage facile par un seul homme\\\/une cl\u00e9 Ensemble de marquage optique anti-bourrage infrarouge Extr\u00e9mit\u00e9s de but robustes \u00e0 charni\u00e8res pour un nettoyage facile Sanctionn\u00e9 pour avoir jou\u00e9 en tournoi Homologu\u00e9 ETL et CE Tailles disponibles 8 pieds 7 pieds\",\"breadcrumb\":{\"@id\":\"https:\\\/\\\/theworldbilliards.com\\\/fr\\\/produit\\\/air-hockey-dynamo-pro-style\\\/#breadcrumb\"},\"inLanguage\":\"fr-FR\",\"potentialAction\":[{\"@type\":\"ReadAction\",\"target\":[\"https:\\\/\\\/theworldbilliards.com\\\/fr\\\/produit\\\/air-hockey-dynamo-pro-style\\\/\"]}]},{\"@type\":\"ImageObject\",\"inLanguage\":\"fr-FR\",\"@id\":\"https:\\\/\\\/theworldbilliards.com\\\/fr\\\/produit\\\/air-hockey-dynamo-pro-style\\\/#primaryimage\",\"url\":\"https:\\\/\\\/theworldbilliards.com\\\/wp-content\\\/uploads\\\/2017\\\/01\\\/ProStyle-1.png\",\"contentUrl\":\"https:\\\/\\\/theworldbilliards.com\\\/wp-content\\\/uploads\\\/2017\\\/01\\\/ProStyle-1.png\",\"width\":685,\"height\":685},{\"@type\":\"BreadcrumbList\",\"@id\":\"https:\\\/\\\/theworldbilliards.com\\\/fr\\\/produit\\\/air-hockey-dynamo-pro-style\\\/#breadcrumb\",\"itemListElement\":[{\"@type\":\"ListItem\",\"position\":1,\"name\":\"In\u00edcio\",\"item\":\"https:\\\/\\\/theworldbilliards.com\\\/fr\\\/\"},{\"@type\":\"ListItem\",\"position\":2,\"name\":\"Boutique en ligne\",\"item\":\"https:\\\/\\\/theworldbilliards.com\\\/fr\\\/boutique-theworldbilliards\\\/\"},{\"@type\":\"ListItem\",\"position\":3,\"name\":\"Air Hockey Dynamo Pro Style\"}]},{\"@type\":\"WebSite\",\"@id\":\"https:\\\/\\\/theworldbilliards.com\\\/fr\\\/#website\",\"url\":\"https:\\\/\\\/theworldbilliards.com\\\/fr\\\/\",\"name\":\"TheWorldBilliards\",\"description\":\"Achetez ici billard, baby-foot, ping-pong et bowling\",\"publisher\":{\"@id\":\"https:\\\/\\\/theworldbilliards.com\\\/fr\\\/#organization\"},\"alternateName\":\"The world billiards\",\"potentialAction\":[{\"@type\":\"SearchAction\",\"target\":{\"@type\":\"EntryPoint\",\"urlTemplate\":\"https:\\\/\\\/theworldbilliards.com\\\/fr\\\/?s={search_term_string}\"},\"query-input\":{\"@type\":\"PropertyValueSpecification\",\"valueRequired\":true,\"valueName\":\"search_term_string\"}}],\"inLanguage\":\"fr-FR\"},{\"@type\":\"Organization\",\"@id\":\"https:\\\/\\\/theworldbilliards.com\\\/fr\\\/#organization\",\"name\":\"The World Billiards\",\"alternateName\":\"The World Billiards\",\"url\":\"https:\\\/\\\/theworldbilliards.com\\\/fr\\\/\",\"logo\":{\"@type\":\"ImageObject\",\"inLanguage\":\"fr-FR\",\"@id\":\"https:\\\/\\\/theworldbilliards.com\\\/fr\\\/#\\\/schema\\\/logo\\\/image\\\/\",\"url\":\"\",\"contentUrl\":\"\",\"caption\":\"The World Billiards\"},\"image\":{\"@id\":\"https:\\\/\\\/theworldbilliards.com\\\/fr\\\/#\\\/schema\\\/logo\\\/image\\\/\"},\"sameAs\":[\"https:\\\/\\\/www.facebook.com\\\/baby.foot.superbes\",\"https:\\\/\\\/www.youtube.com\\\/channel\\\/UCIMuOVAaUcH6UpZcsZlH0Tg\",\"https:\\\/\\\/www.facebook.com\\\/people\\\/Brunswick-Billiards-EspaaPortugal\\\/100066446264309\\\/\",\"https:\\\/\\\/www.instagram.com\\\/the_world_billiards\\\/\",\"https:\\\/\\\/www.pinterest.es\\\/Theworldbilliards\\\/\"]}]}<\/script>\n<!-- \/ Yoast SEO plugin. -->","yoast_head_json":{"title":"Acheter Air Hockey Dynamo Pro Style - The World Billiards","description":"La t\u00e9nacit\u00e9 et la durabilit\u00e9 \u00e9prouv\u00e9es de nos tables Dynamo Coin largement respect\u00e9es, mais pas besoin d'utiliser des pi\u00e8ces. Un Dynamo Pro Style est un investissement dans la qualit\u00e9 pour les ann\u00e9es \u00e0 venir. APPROUV\u00c9 POUR LE JEU PAR LA U.S. AIR TABLE HOCKEY ASSOCIATION. Une unit\u00e9 de notation des frais g\u00e9n\u00e9raux peut \u00eatre ajout\u00e9e sur demande.  Fonctionnalit\u00e9s Ligne m\u00e9diane du terrain de jeu pour les tournois Rails en aluminium non rev\u00eatus pour une d\u00e9viation rapide Syst\u00e8me de soufflerie Dyna-Blast\u2122 pour des performances puissantes et fiables Surface de jeu en formica r\u00e9sistante aux chocs Composants et composants \u00e9lectroniques communs partag\u00e9s avec d'autres tables Dynamo pour faciliter l'entretien et r\u00e9duire le nombre de pi\u00e8ces stock\u00e9es. Notation LED \u00e0 montage lat\u00e9ral ou unit\u00e9 d'\u00e9clairage au plafond en option avec notation LED Niveleurs de jambe \u00e0 r\u00e9glage facile par un seul homme\/une cl\u00e9 Ensemble de marquage optique anti-bourrage infrarouge Extr\u00e9mit\u00e9s de but robustes \u00e0 charni\u00e8res pour un nettoyage facile Sanctionn\u00e9 pour avoir jou\u00e9 en tournoi Homologu\u00e9 ETL et CE  Tailles disponibles 8 pieds 7 pieds","robots":{"index":"index","follow":"follow","max-snippet":"max-snippet:-1","max-image-preview":"max-image-preview:large","max-video-preview":"max-video-preview:-1"},"canonical":"https:\/\/theworldbilliards.com\/fr\/produit\/air-hockey-dynamo-pro-style\/","og_locale":"fr_FR","og_type":"article","og_title":"Acheter Air Hockey Dynamo Pro Style - The World Billiards","og_description":"La t\u00e9nacit\u00e9 et la durabilit\u00e9 \u00e9prouv\u00e9es de nos tables Dynamo Coin largement respect\u00e9es, mais pas besoin d'utiliser des pi\u00e8ces. Un Dynamo Pro Style est un investissement dans la qualit\u00e9 pour les ann\u00e9es \u00e0 venir. APPROUV\u00c9 POUR LE JEU PAR LA U.S. AIR TABLE HOCKEY ASSOCIATION. Une unit\u00e9 de notation des frais g\u00e9n\u00e9raux peut \u00eatre ajout\u00e9e sur demande.  Fonctionnalit\u00e9s Ligne m\u00e9diane du terrain de jeu pour les tournois Rails en aluminium non rev\u00eatus pour une d\u00e9viation rapide Syst\u00e8me de soufflerie Dyna-Blast\u2122 pour des performances puissantes et fiables Surface de jeu en formica r\u00e9sistante aux chocs Composants et composants \u00e9lectroniques communs partag\u00e9s avec d'autres tables Dynamo pour faciliter l'entretien et r\u00e9duire le nombre de pi\u00e8ces stock\u00e9es. Notation LED \u00e0 montage lat\u00e9ral ou unit\u00e9 d'\u00e9clairage au plafond en option avec notation LED Niveleurs de jambe \u00e0 r\u00e9glage facile par un seul homme\/une cl\u00e9 Ensemble de marquage optique anti-bourrage infrarouge Extr\u00e9mit\u00e9s de but robustes \u00e0 charni\u00e8res pour un nettoyage facile Sanctionn\u00e9 pour avoir jou\u00e9 en tournoi Homologu\u00e9 ETL et CE  Tailles disponibles 8 pieds 7 pieds","og_url":"https:\/\/theworldbilliards.com\/fr\/produit\/air-hockey-dynamo-pro-style\/","og_site_name":"The World Billiards","article_publisher":"https:\/\/www.facebook.com\/baby.foot.superbes","article_modified_time":"2025-05-27T11:46:15+00:00","og_image":[{"width":685,"height":685,"url":"https:\/\/theworldbilliards.com\/wp-content\/uploads\/2017\/01\/ProStyle-1.png","type":"image\/png"}],"twitter_card":"summary_large_image","schema":{"@context":"https:\/\/schema.org","@graph":[{"@type":"WebPage","@id":"https:\/\/theworldbilliards.com\/fr\/produit\/air-hockey-dynamo-pro-style\/","url":"https:\/\/theworldbilliards.com\/fr\/produit\/air-hockey-dynamo-pro-style\/","name":"Acheter Air Hockey Dynamo Pro Style - The World Billiards","isPartOf":{"@id":"https:\/\/theworldbilliards.com\/fr\/#website"},"primaryImageOfPage":{"@id":"https:\/\/theworldbilliards.com\/fr\/produit\/air-hockey-dynamo-pro-style\/#primaryimage"},"image":{"@id":"https:\/\/theworldbilliards.com\/fr\/produit\/air-hockey-dynamo-pro-style\/#primaryimage"},"thumbnailUrl":"https:\/\/theworldbilliards.com\/wp-content\/uploads\/2017\/01\/ProStyle-1.png","datePublished":"2017-01-06T10:56:33+00:00","dateModified":"2025-05-27T11:46:15+00:00","description":"La t\u00e9nacit\u00e9 et la durabilit\u00e9 \u00e9prouv\u00e9es de nos tables Dynamo Coin largement respect\u00e9es, mais pas besoin d'utiliser des pi\u00e8ces. Un Dynamo Pro Style est un investissement dans la qualit\u00e9 pour les ann\u00e9es \u00e0 venir. APPROUV\u00c9 POUR LE JEU PAR LA U.S. AIR TABLE HOCKEY ASSOCIATION. Une unit\u00e9 de notation des frais g\u00e9n\u00e9raux peut \u00eatre ajout\u00e9e sur demande. Fonctionnalit\u00e9s Ligne m\u00e9diane du terrain de jeu pour les tournois Rails en aluminium non rev\u00eatus pour une d\u00e9viation rapide Syst\u00e8me de soufflerie Dyna-Blast\u2122 pour des performances puissantes et fiables Surface de jeu en formica r\u00e9sistante aux chocs Composants et composants \u00e9lectroniques communs partag\u00e9s avec d'autres tables Dynamo pour faciliter l'entretien et r\u00e9duire le nombre de pi\u00e8ces stock\u00e9es. Notation LED \u00e0 montage lat\u00e9ral ou unit\u00e9 d'\u00e9clairage au plafond en option avec notation LED Niveleurs de jambe \u00e0 r\u00e9glage facile par un seul homme\/une cl\u00e9 Ensemble de marquage optique anti-bourrage infrarouge Extr\u00e9mit\u00e9s de but robustes \u00e0 charni\u00e8res pour un nettoyage facile Sanctionn\u00e9 pour avoir jou\u00e9 en tournoi Homologu\u00e9 ETL et CE Tailles disponibles 8 pieds 7 pieds","breadcrumb":{"@id":"https:\/\/theworldbilliards.com\/fr\/produit\/air-hockey-dynamo-pro-style\/#breadcrumb"},"inLanguage":"fr-FR","potentialAction":[{"@type":"ReadAction","target":["https:\/\/theworldbilliards.com\/fr\/produit\/air-hockey-dynamo-pro-style\/"]}]},{"@type":"ImageObject","inLanguage":"fr-FR","@id":"https:\/\/theworldbilliards.com\/fr\/produit\/air-hockey-dynamo-pro-style\/#primaryimage","url":"https:\/\/theworldbilliards.com\/wp-content\/uploads\/2017\/01\/ProStyle-1.png","contentUrl":"https:\/\/theworldbilliards.com\/wp-content\/uploads\/2017\/01\/ProStyle-1.png","width":685,"height":685},{"@type":"BreadcrumbList","@id":"https:\/\/theworldbilliards.com\/fr\/produit\/air-hockey-dynamo-pro-style\/#breadcrumb","itemListElement":[{"@type":"ListItem","position":1,"name":"In\u00edcio","item":"https:\/\/theworldbilliards.com\/fr\/"},{"@type":"ListItem","position":2,"name":"Boutique en ligne","item":"https:\/\/theworldbilliards.com\/fr\/boutique-theworldbilliards\/"},{"@type":"ListItem","position":3,"name":"Air Hockey Dynamo Pro Style"}]},{"@type":"WebSite","@id":"https:\/\/theworldbilliards.com\/fr\/#website","url":"https:\/\/theworldbilliards.com\/fr\/","name":"TheWorldBilliards","description":"Achetez ici billard, baby-foot, ping-pong et bowling","publisher":{"@id":"https:\/\/theworldbilliards.com\/fr\/#organization"},"alternateName":"The world billiards","potentialAction":[{"@type":"SearchAction","target":{"@type":"EntryPoint","urlTemplate":"https:\/\/theworldbilliards.com\/fr\/?s={search_term_string}"},"query-input":{"@type":"PropertyValueSpecification","valueRequired":true,"valueName":"search_term_string"}}],"inLanguage":"fr-FR"},{"@type":"Organization","@id":"https:\/\/theworldbilliards.com\/fr\/#organization","name":"The World Billiards","alternateName":"The World Billiards","url":"https:\/\/theworldbilliards.com\/fr\/","logo":{"@type":"ImageObject","inLanguage":"fr-FR","@id":"https:\/\/theworldbilliards.com\/fr\/#\/schema\/logo\/image\/","url":"","contentUrl":"","caption":"The World Billiards"},"image":{"@id":"https:\/\/theworldbilliards.com\/fr\/#\/schema\/logo\/image\/"},"sameAs":["https:\/\/www.facebook.com\/baby.foot.superbes","https:\/\/www.youtube.com\/channel\/UCIMuOVAaUcH6UpZcsZlH0Tg","https:\/\/www.facebook.com\/people\/Brunswick-Billiards-EspaaPortugal\/100066446264309\/","https:\/\/www.instagram.com\/the_world_billiards\/","https:\/\/www.pinterest.es\/Theworldbilliards\/"]}]}},"_links":{"self":[{"href":"https:\/\/theworldbilliards.com\/fr\/wp-json\/wp\/v2\/product\/31691","targetHints":{"allow":["GET"]}}],"collection":[{"href":"https:\/\/theworldbilliards.com\/fr\/wp-json\/wp\/v2\/product"}],"about":[{"href":"https:\/\/theworldbilliards.com\/fr\/wp-json\/wp\/v2\/types\/product"}],"wp:featuredmedia":[{"embeddable":true,"href":"https:\/\/theworldbilliards.com\/fr\/wp-json\/wp\/v2\/media\/90083"}],"wp:attachment":[{"href":"https:\/\/theworldbilliards.com\/fr\/wp-json\/wp\/v2\/media?parent=31691"}],"wp:term":[{"taxonomy":"product_brand","embeddable":true,"href":"https:\/\/theworldbilliards.com\/fr\/wp-json\/wp\/v2\/product_brand?post=31691"},{"taxonomy":"product_cat","embeddable":true,"href":"https:\/\/theworldbilliards.com\/fr\/wp-json\/wp\/v2\/product_cat?post=31691"},{"taxonomy":"product_tag","embeddable":true,"href":"https:\/\/theworldbilliards.com\/fr\/wp-json\/wp\/v2\/product_tag?post=31691"}],"curies":[{"name":"wp","href":"https:\/\/api.w.org\/{rel}","templated":true}]}}