{"id":32080,"date":"2017-02-03T12:51:01","date_gmt":"2017-02-03T11:51:01","guid":{"rendered":"http:\/\/theworldbilliards.com\/?post_type=product&#038;p=32080\/"},"modified":"2025-01-27T10:40:16","modified_gmt":"2025-01-27T09:40:16","slug":"acheter-boules-de-billard-super-aramith-pro-tv","status":"publish","type":"product","link":"https:\/\/theworldbilliards.com\/fr\/produit\/acheter-boules-de-billard-super-aramith-pro-tv\/","title":{"rendered":"Boules de billard Super Aramith PRO-TV 57,2 cm"},"content":{"rendered":"<p>Les Balles Super Aramith Pro est fabriqu\u00e9 \u00e0 partir de r\u00e9sine ph\u00e9nolique avanc\u00e9e, avec un centre de gravit\u00e9 qui garantit un roulement parfaitement fid\u00e8le et pr\u00e9cis. Leur \u00e9lasticit\u00e9 est sp\u00e9cialement calibr\u00e9e par Aramith pour un rebond optimal, permettant un contr\u00f4le total sur chaque tir.<\/p>\n<p>Les balles Aramith sont un investissement \u00e9conomique ; Leur conception \u00e0 noyau solide robuste r\u00e9siste \u00e0 plus de 50 fois plus d\u2019impacts que les balles en polyester\u00a0; tandis que leur structure mol\u00e9culaire unique cr\u00e9e moins de taches de br\u00fblure, allongeant consid\u00e9rablement la dur\u00e9e de vie de votre chiffon !<\/p>\n<p>C\u2019est l\u2019ensemble pr\u00e9f\u00e9r\u00e9 utilis\u00e9 pour les tournois et les championnats t\u00e9l\u00e9vis\u00e9s dans le monde entier en raison de sa qualit\u00e9 sans compromis et de sa meilleure visibilit\u00e9 des couleurs.<\/p>\n","protected":false},"excerpt":{"rendered":"<p>Les Balles Super Aramith Pro est fabriqu\u00e9 \u00e0 partir de r\u00e9sine ph\u00e9nolique avanc\u00e9e, avec un centre de gravit\u00e9 qui garantit [&hellip;]<\/p>\n","protected":false},"featured_media":104795,"template":"","meta":{"site-sidebar-layout":"default","site-content-layout":"","ast-site-content-layout":"default","site-content-style":"default","site-sidebar-style":"default","ast-global-header-display":"","ast-banner-title-visibility":"","ast-main-header-display":"","ast-hfb-above-header-display":"","ast-hfb-below-header-display":"","ast-hfb-mobile-header-display":"","site-post-title":"","ast-breadcrumbs-content":"","ast-featured-img":"","footer-sml-layout":"","ast-disable-related-posts":"","theme-transparent-header-meta":"default","adv-header-id-meta":"","stick-header-meta":"","header-above-stick-meta":"","header-main-stick-meta":"","header-below-stick-meta":"","astra-migrate-meta-layouts":"default","ast-page-background-enabled":"default","ast-page-background-meta":{"desktop":{"background-color":"var(--ast-global-color-4)","background-image":"","background-repeat":"repeat","background-position":"center center","background-size":"auto","background-attachment":"scroll","background-type":"","background-media":"","overlay-type":"","overlay-color":"","overlay-opacity":"","overlay-gradient":""},"tablet":{"background-color":"","background-image":"","background-repeat":"repeat","background-position":"center center","background-size":"auto","background-attachment":"scroll","background-type":"","background-media":"","overlay-type":"","overlay-color":"","overlay-opacity":"","overlay-gradient":""},"mobile":{"background-color":"","background-image":"","background-repeat":"repeat","background-position":"center center","background-size":"auto","background-attachment":"scroll","background-type":"","background-media":"","overlay-type":"","overlay-color":"","overlay-opacity":"","overlay-gradient":""}},"ast-content-background-meta":{"desktop":{"background-color":"var(--ast-global-color-5)","background-image":"","background-repeat":"repeat","background-position":"center center","background-size":"auto","background-attachment":"scroll","background-type":"","background-media":"","overlay-type":"","overlay-color":"","overlay-opacity":"","overlay-gradient":""},"tablet":{"background-color":"var(--ast-global-color-5)","background-image":"","background-repeat":"repeat","background-position":"center center","background-size":"auto","background-attachment":"scroll","background-type":"","background-media":"","overlay-type":"","overlay-color":"","overlay-opacity":"","overlay-gradient":""},"mobile":{"background-color":"var(--ast-global-color-5)","background-image":"","background-repeat":"repeat","background-position":"center center","background-size":"auto","background-attachment":"scroll","background-type":"","background-media":"","overlay-type":"","overlay-color":"","overlay-opacity":"","overlay-gradient":""}}},"product_brand":[5234],"product_cat":[1457],"product_tag":[],"class_list":{"0":"post-32080","1":"product","2":"type-product","3":"status-publish","4":"has-post-thumbnail","6":"product_brand-aramith-billiard-balls-fr","7":"product_cat-boules-de-billard","8":"product_shipping_class-accessoires","9":"desktop-align-center","10":"tablet-align-left","11":"mobile-align-left","13":"first","14":"instock","15":"taxable","16":"shipping-taxable","17":"purchasable","18":"product-type-simple"},"yoast_head":"<!-- This site is optimized with the Yoast SEO plugin v27.4 - https:\/\/yoast.com\/product\/yoast-seo-wordpress\/ -->\n<title>Acheter Boules de billard Super Aramith PRO-TV 57,2 cm - The World Billiards<\/title>\n<meta name=\"description\" content=\"Les Balles Super Aramith Pro est fabriqu\u00e9 \u00e0 partir de r\u00e9sine ph\u00e9nolique avanc\u00e9e, avec un centre de gravit\u00e9 qui garantit un roulement parfaitement fid\u00e8le et pr\u00e9cis. Leur \u00e9lasticit\u00e9 est sp\u00e9cialement calibr\u00e9e par Aramith pour un rebond optimal, permettant un contr\u00f4le total sur chaque tir.  Les balles Aramith sont un investissement \u00e9conomique ; Leur conception \u00e0 noyau solide robuste r\u00e9siste \u00e0 plus de 50 fois plus d\u2019impacts que les balles en polyester\u00a0; tandis que leur structure mol\u00e9culaire unique cr\u00e9e moins de taches de br\u00fblure, allongeant consid\u00e9rablement la dur\u00e9e de vie de votre chiffon !  C\u2019est l\u2019ensemble pr\u00e9f\u00e9r\u00e9 utilis\u00e9 pour les tournois et les championnats t\u00e9l\u00e9vis\u00e9s dans le monde entier en raison de sa qualit\u00e9 sans compromis et de sa meilleure visibilit\u00e9 des couleurs.\" \/>\n<meta name=\"robots\" content=\"index, follow, max-snippet:-1, max-image-preview:large, max-video-preview:-1\" \/>\n<link rel=\"canonical\" href=\"https:\/\/theworldbilliards.com\/fr\/produit\/acheter-boules-de-billard-super-aramith-pro-tv\/\" \/>\n<meta property=\"og:locale\" content=\"fr_FR\" \/>\n<meta property=\"og:type\" content=\"article\" \/>\n<meta property=\"og:title\" content=\"Acheter Boules de billard Super Aramith PRO-TV 57,2 cm - The World Billiards\" \/>\n<meta property=\"og:description\" content=\"Les Balles Super Aramith Pro est fabriqu\u00e9 \u00e0 partir de r\u00e9sine ph\u00e9nolique avanc\u00e9e, avec un centre de gravit\u00e9 qui garantit un roulement parfaitement fid\u00e8le et pr\u00e9cis. Leur \u00e9lasticit\u00e9 est sp\u00e9cialement calibr\u00e9e par Aramith pour un rebond optimal, permettant un contr\u00f4le total sur chaque tir.  Les balles Aramith sont un investissement \u00e9conomique ; Leur conception \u00e0 noyau solide robuste r\u00e9siste \u00e0 plus de 50 fois plus d\u2019impacts que les balles en polyester\u00a0; tandis que leur structure mol\u00e9culaire unique cr\u00e9e moins de taches de br\u00fblure, allongeant consid\u00e9rablement la dur\u00e9e de vie de votre chiffon !  C\u2019est l\u2019ensemble pr\u00e9f\u00e9r\u00e9 utilis\u00e9 pour les tournois et les championnats t\u00e9l\u00e9vis\u00e9s dans le monde entier en raison de sa qualit\u00e9 sans compromis et de sa meilleure visibilit\u00e9 des couleurs.\" \/>\n<meta property=\"og:url\" content=\"https:\/\/theworldbilliards.com\/fr\/produit\/acheter-boules-de-billard-super-aramith-pro-tv\/\" \/>\n<meta property=\"og:site_name\" content=\"The World Billiards\" \/>\n<meta property=\"article:publisher\" content=\"https:\/\/www.facebook.com\/baby.foot.superbes\" \/>\n<meta property=\"article:modified_time\" content=\"2025-01-27T09:40:16+00:00\" \/>\n<meta property=\"og:image\" content=\"https:\/\/theworldbilliards.com\/wp-content\/uploads\/2017\/02\/Super-Aramith-Pro-TV-poolII.jpg\" \/>\n\t<meta property=\"og:image:width\" content=\"1200\" \/>\n\t<meta property=\"og:image:height\" content=\"1200\" \/>\n\t<meta property=\"og:image:type\" content=\"image\/jpeg\" \/>\n<meta name=\"twitter:card\" content=\"summary_large_image\" \/>\n<script type=\"application\/ld+json\" class=\"yoast-schema-graph\">{\"@context\":\"https:\\\/\\\/schema.org\",\"@graph\":[{\"@type\":\"WebPage\",\"@id\":\"https:\\\/\\\/theworldbilliards.com\\\/fr\\\/produit\\\/acheter-boules-de-billard-super-aramith-pro-tv\\\/\",\"url\":\"https:\\\/\\\/theworldbilliards.com\\\/fr\\\/produit\\\/acheter-boules-de-billard-super-aramith-pro-tv\\\/\",\"name\":\"Acheter Boules de billard Super Aramith PRO-TV 57,2 cm - The World Billiards\",\"isPartOf\":{\"@id\":\"https:\\\/\\\/theworldbilliards.com\\\/fr\\\/#website\"},\"primaryImageOfPage\":{\"@id\":\"https:\\\/\\\/theworldbilliards.com\\\/fr\\\/produit\\\/acheter-boules-de-billard-super-aramith-pro-tv\\\/#primaryimage\"},\"image\":{\"@id\":\"https:\\\/\\\/theworldbilliards.com\\\/fr\\\/produit\\\/acheter-boules-de-billard-super-aramith-pro-tv\\\/#primaryimage\"},\"thumbnailUrl\":\"https:\\\/\\\/theworldbilliards.com\\\/wp-content\\\/uploads\\\/2017\\\/02\\\/Super-Aramith-Pro-TV-poolII.jpg\",\"datePublished\":\"2017-02-03T11:51:01+00:00\",\"dateModified\":\"2025-01-27T09:40:16+00:00\",\"description\":\"Les Balles Super Aramith Pro est fabriqu\u00e9 \u00e0 partir de r\u00e9sine ph\u00e9nolique avanc\u00e9e, avec un centre de gravit\u00e9 qui garantit un roulement parfaitement fid\u00e8le et pr\u00e9cis. Leur \u00e9lasticit\u00e9 est sp\u00e9cialement calibr\u00e9e par Aramith pour un rebond optimal, permettant un contr\u00f4le total sur chaque tir. Les balles Aramith sont un investissement \u00e9conomique ; Leur conception \u00e0 noyau solide robuste r\u00e9siste \u00e0 plus de 50 fois plus d\u2019impacts que les balles en polyester\u00a0; tandis que leur structure mol\u00e9culaire unique cr\u00e9e moins de taches de br\u00fblure, allongeant consid\u00e9rablement la dur\u00e9e de vie de votre chiffon ! C\u2019est l\u2019ensemble pr\u00e9f\u00e9r\u00e9 utilis\u00e9 pour les tournois et les championnats t\u00e9l\u00e9vis\u00e9s dans le monde entier en raison de sa qualit\u00e9 sans compromis et de sa meilleure visibilit\u00e9 des couleurs.\",\"breadcrumb\":{\"@id\":\"https:\\\/\\\/theworldbilliards.com\\\/fr\\\/produit\\\/acheter-boules-de-billard-super-aramith-pro-tv\\\/#breadcrumb\"},\"inLanguage\":\"fr-FR\",\"potentialAction\":[{\"@type\":\"ReadAction\",\"target\":[\"https:\\\/\\\/theworldbilliards.com\\\/fr\\\/produit\\\/acheter-boules-de-billard-super-aramith-pro-tv\\\/\"]}]},{\"@type\":\"ImageObject\",\"inLanguage\":\"fr-FR\",\"@id\":\"https:\\\/\\\/theworldbilliards.com\\\/fr\\\/produit\\\/acheter-boules-de-billard-super-aramith-pro-tv\\\/#primaryimage\",\"url\":\"https:\\\/\\\/theworldbilliards.com\\\/wp-content\\\/uploads\\\/2017\\\/02\\\/Super-Aramith-Pro-TV-poolII.jpg\",\"contentUrl\":\"https:\\\/\\\/theworldbilliards.com\\\/wp-content\\\/uploads\\\/2017\\\/02\\\/Super-Aramith-Pro-TV-poolII.jpg\",\"width\":1200,\"height\":1200},{\"@type\":\"BreadcrumbList\",\"@id\":\"https:\\\/\\\/theworldbilliards.com\\\/fr\\\/produit\\\/acheter-boules-de-billard-super-aramith-pro-tv\\\/#breadcrumb\",\"itemListElement\":[{\"@type\":\"ListItem\",\"position\":1,\"name\":\"In\u00edcio\",\"item\":\"https:\\\/\\\/theworldbilliards.com\\\/fr\\\/\"},{\"@type\":\"ListItem\",\"position\":2,\"name\":\"Boutique en ligne\",\"item\":\"https:\\\/\\\/theworldbilliards.com\\\/fr\\\/boutique-theworldbilliards\\\/\"},{\"@type\":\"ListItem\",\"position\":3,\"name\":\"Boules de billard Super Aramith PRO-TV 57,2 cm\"}]},{\"@type\":\"WebSite\",\"@id\":\"https:\\\/\\\/theworldbilliards.com\\\/fr\\\/#website\",\"url\":\"https:\\\/\\\/theworldbilliards.com\\\/fr\\\/\",\"name\":\"TheWorldBilliards\",\"description\":\"Achetez ici billard, baby-foot, ping-pong et bowling\",\"publisher\":{\"@id\":\"https:\\\/\\\/theworldbilliards.com\\\/fr\\\/#organization\"},\"alternateName\":\"The world billiards\",\"potentialAction\":[{\"@type\":\"SearchAction\",\"target\":{\"@type\":\"EntryPoint\",\"urlTemplate\":\"https:\\\/\\\/theworldbilliards.com\\\/fr\\\/?s={search_term_string}\"},\"query-input\":{\"@type\":\"PropertyValueSpecification\",\"valueRequired\":true,\"valueName\":\"search_term_string\"}}],\"inLanguage\":\"fr-FR\"},{\"@type\":\"Organization\",\"@id\":\"https:\\\/\\\/theworldbilliards.com\\\/fr\\\/#organization\",\"name\":\"The World Billiards\",\"alternateName\":\"The World Billiards\",\"url\":\"https:\\\/\\\/theworldbilliards.com\\\/fr\\\/\",\"logo\":{\"@type\":\"ImageObject\",\"inLanguage\":\"fr-FR\",\"@id\":\"https:\\\/\\\/theworldbilliards.com\\\/fr\\\/#\\\/schema\\\/logo\\\/image\\\/\",\"url\":\"\",\"contentUrl\":\"\",\"caption\":\"The World Billiards\"},\"image\":{\"@id\":\"https:\\\/\\\/theworldbilliards.com\\\/fr\\\/#\\\/schema\\\/logo\\\/image\\\/\"},\"sameAs\":[\"https:\\\/\\\/www.facebook.com\\\/baby.foot.superbes\",\"https:\\\/\\\/www.youtube.com\\\/channel\\\/UCIMuOVAaUcH6UpZcsZlH0Tg\",\"https:\\\/\\\/www.facebook.com\\\/people\\\/Brunswick-Billiards-EspaaPortugal\\\/100066446264309\\\/\",\"https:\\\/\\\/www.instagram.com\\\/the_world_billiards\\\/\",\"https:\\\/\\\/www.pinterest.es\\\/Theworldbilliards\\\/\"]}]}<\/script>\n<!-- \/ Yoast SEO plugin. -->","yoast_head_json":{"title":"Acheter Boules de billard Super Aramith PRO-TV 57,2 cm - The World Billiards","description":"Les Balles Super Aramith Pro est fabriqu\u00e9 \u00e0 partir de r\u00e9sine ph\u00e9nolique avanc\u00e9e, avec un centre de gravit\u00e9 qui garantit un roulement parfaitement fid\u00e8le et pr\u00e9cis. Leur \u00e9lasticit\u00e9 est sp\u00e9cialement calibr\u00e9e par Aramith pour un rebond optimal, permettant un contr\u00f4le total sur chaque tir.  Les balles Aramith sont un investissement \u00e9conomique ; Leur conception \u00e0 noyau solide robuste r\u00e9siste \u00e0 plus de 50 fois plus d\u2019impacts que les balles en polyester\u00a0; tandis que leur structure mol\u00e9culaire unique cr\u00e9e moins de taches de br\u00fblure, allongeant consid\u00e9rablement la dur\u00e9e de vie de votre chiffon !  C\u2019est l\u2019ensemble pr\u00e9f\u00e9r\u00e9 utilis\u00e9 pour les tournois et les championnats t\u00e9l\u00e9vis\u00e9s dans le monde entier en raison de sa qualit\u00e9 sans compromis et de sa meilleure visibilit\u00e9 des couleurs.","robots":{"index":"index","follow":"follow","max-snippet":"max-snippet:-1","max-image-preview":"max-image-preview:large","max-video-preview":"max-video-preview:-1"},"canonical":"https:\/\/theworldbilliards.com\/fr\/produit\/acheter-boules-de-billard-super-aramith-pro-tv\/","og_locale":"fr_FR","og_type":"article","og_title":"Acheter Boules de billard Super Aramith PRO-TV 57,2 cm - The World Billiards","og_description":"Les Balles Super Aramith Pro est fabriqu\u00e9 \u00e0 partir de r\u00e9sine ph\u00e9nolique avanc\u00e9e, avec un centre de gravit\u00e9 qui garantit un roulement parfaitement fid\u00e8le et pr\u00e9cis. Leur \u00e9lasticit\u00e9 est sp\u00e9cialement calibr\u00e9e par Aramith pour un rebond optimal, permettant un contr\u00f4le total sur chaque tir.  Les balles Aramith sont un investissement \u00e9conomique ; Leur conception \u00e0 noyau solide robuste r\u00e9siste \u00e0 plus de 50 fois plus d\u2019impacts que les balles en polyester\u00a0; tandis que leur structure mol\u00e9culaire unique cr\u00e9e moins de taches de br\u00fblure, allongeant consid\u00e9rablement la dur\u00e9e de vie de votre chiffon !  C\u2019est l\u2019ensemble pr\u00e9f\u00e9r\u00e9 utilis\u00e9 pour les tournois et les championnats t\u00e9l\u00e9vis\u00e9s dans le monde entier en raison de sa qualit\u00e9 sans compromis et de sa meilleure visibilit\u00e9 des couleurs.","og_url":"https:\/\/theworldbilliards.com\/fr\/produit\/acheter-boules-de-billard-super-aramith-pro-tv\/","og_site_name":"The World Billiards","article_publisher":"https:\/\/www.facebook.com\/baby.foot.superbes","article_modified_time":"2025-01-27T09:40:16+00:00","og_image":[{"width":1200,"height":1200,"url":"https:\/\/theworldbilliards.com\/wp-content\/uploads\/2017\/02\/Super-Aramith-Pro-TV-poolII.jpg","type":"image\/jpeg"}],"twitter_card":"summary_large_image","schema":{"@context":"https:\/\/schema.org","@graph":[{"@type":"WebPage","@id":"https:\/\/theworldbilliards.com\/fr\/produit\/acheter-boules-de-billard-super-aramith-pro-tv\/","url":"https:\/\/theworldbilliards.com\/fr\/produit\/acheter-boules-de-billard-super-aramith-pro-tv\/","name":"Acheter Boules de billard Super Aramith PRO-TV 57,2 cm - The World Billiards","isPartOf":{"@id":"https:\/\/theworldbilliards.com\/fr\/#website"},"primaryImageOfPage":{"@id":"https:\/\/theworldbilliards.com\/fr\/produit\/acheter-boules-de-billard-super-aramith-pro-tv\/#primaryimage"},"image":{"@id":"https:\/\/theworldbilliards.com\/fr\/produit\/acheter-boules-de-billard-super-aramith-pro-tv\/#primaryimage"},"thumbnailUrl":"https:\/\/theworldbilliards.com\/wp-content\/uploads\/2017\/02\/Super-Aramith-Pro-TV-poolII.jpg","datePublished":"2017-02-03T11:51:01+00:00","dateModified":"2025-01-27T09:40:16+00:00","description":"Les Balles Super Aramith Pro est fabriqu\u00e9 \u00e0 partir de r\u00e9sine ph\u00e9nolique avanc\u00e9e, avec un centre de gravit\u00e9 qui garantit un roulement parfaitement fid\u00e8le et pr\u00e9cis. Leur \u00e9lasticit\u00e9 est sp\u00e9cialement calibr\u00e9e par Aramith pour un rebond optimal, permettant un contr\u00f4le total sur chaque tir. Les balles Aramith sont un investissement \u00e9conomique ; Leur conception \u00e0 noyau solide robuste r\u00e9siste \u00e0 plus de 50 fois plus d\u2019impacts que les balles en polyester\u00a0; tandis que leur structure mol\u00e9culaire unique cr\u00e9e moins de taches de br\u00fblure, allongeant consid\u00e9rablement la dur\u00e9e de vie de votre chiffon ! C\u2019est l\u2019ensemble pr\u00e9f\u00e9r\u00e9 utilis\u00e9 pour les tournois et les championnats t\u00e9l\u00e9vis\u00e9s dans le monde entier en raison de sa qualit\u00e9 sans compromis et de sa meilleure visibilit\u00e9 des couleurs.","breadcrumb":{"@id":"https:\/\/theworldbilliards.com\/fr\/produit\/acheter-boules-de-billard-super-aramith-pro-tv\/#breadcrumb"},"inLanguage":"fr-FR","potentialAction":[{"@type":"ReadAction","target":["https:\/\/theworldbilliards.com\/fr\/produit\/acheter-boules-de-billard-super-aramith-pro-tv\/"]}]},{"@type":"ImageObject","inLanguage":"fr-FR","@id":"https:\/\/theworldbilliards.com\/fr\/produit\/acheter-boules-de-billard-super-aramith-pro-tv\/#primaryimage","url":"https:\/\/theworldbilliards.com\/wp-content\/uploads\/2017\/02\/Super-Aramith-Pro-TV-poolII.jpg","contentUrl":"https:\/\/theworldbilliards.com\/wp-content\/uploads\/2017\/02\/Super-Aramith-Pro-TV-poolII.jpg","width":1200,"height":1200},{"@type":"BreadcrumbList","@id":"https:\/\/theworldbilliards.com\/fr\/produit\/acheter-boules-de-billard-super-aramith-pro-tv\/#breadcrumb","itemListElement":[{"@type":"ListItem","position":1,"name":"In\u00edcio","item":"https:\/\/theworldbilliards.com\/fr\/"},{"@type":"ListItem","position":2,"name":"Boutique en ligne","item":"https:\/\/theworldbilliards.com\/fr\/boutique-theworldbilliards\/"},{"@type":"ListItem","position":3,"name":"Boules de billard Super Aramith PRO-TV 57,2 cm"}]},{"@type":"WebSite","@id":"https:\/\/theworldbilliards.com\/fr\/#website","url":"https:\/\/theworldbilliards.com\/fr\/","name":"TheWorldBilliards","description":"Achetez ici billard, baby-foot, ping-pong et bowling","publisher":{"@id":"https:\/\/theworldbilliards.com\/fr\/#organization"},"alternateName":"The world billiards","potentialAction":[{"@type":"SearchAction","target":{"@type":"EntryPoint","urlTemplate":"https:\/\/theworldbilliards.com\/fr\/?s={search_term_string}"},"query-input":{"@type":"PropertyValueSpecification","valueRequired":true,"valueName":"search_term_string"}}],"inLanguage":"fr-FR"},{"@type":"Organization","@id":"https:\/\/theworldbilliards.com\/fr\/#organization","name":"The World Billiards","alternateName":"The World Billiards","url":"https:\/\/theworldbilliards.com\/fr\/","logo":{"@type":"ImageObject","inLanguage":"fr-FR","@id":"https:\/\/theworldbilliards.com\/fr\/#\/schema\/logo\/image\/","url":"","contentUrl":"","caption":"The World Billiards"},"image":{"@id":"https:\/\/theworldbilliards.com\/fr\/#\/schema\/logo\/image\/"},"sameAs":["https:\/\/www.facebook.com\/baby.foot.superbes","https:\/\/www.youtube.com\/channel\/UCIMuOVAaUcH6UpZcsZlH0Tg","https:\/\/www.facebook.com\/people\/Brunswick-Billiards-EspaaPortugal\/100066446264309\/","https:\/\/www.instagram.com\/the_world_billiards\/","https:\/\/www.pinterest.es\/Theworldbilliards\/"]}]}},"_links":{"self":[{"href":"https:\/\/theworldbilliards.com\/fr\/wp-json\/wp\/v2\/product\/32080","targetHints":{"allow":["GET"]}}],"collection":[{"href":"https:\/\/theworldbilliards.com\/fr\/wp-json\/wp\/v2\/product"}],"about":[{"href":"https:\/\/theworldbilliards.com\/fr\/wp-json\/wp\/v2\/types\/product"}],"wp:featuredmedia":[{"embeddable":true,"href":"https:\/\/theworldbilliards.com\/fr\/wp-json\/wp\/v2\/media\/104795"}],"wp:attachment":[{"href":"https:\/\/theworldbilliards.com\/fr\/wp-json\/wp\/v2\/media?parent=32080"}],"wp:term":[{"taxonomy":"product_brand","embeddable":true,"href":"https:\/\/theworldbilliards.com\/fr\/wp-json\/wp\/v2\/product_brand?post=32080"},{"taxonomy":"product_cat","embeddable":true,"href":"https:\/\/theworldbilliards.com\/fr\/wp-json\/wp\/v2\/product_cat?post=32080"},{"taxonomy":"product_tag","embeddable":true,"href":"https:\/\/theworldbilliards.com\/fr\/wp-json\/wp\/v2\/product_tag?post=32080"}],"curies":[{"name":"wp","href":"https:\/\/api.w.org\/{rel}","templated":true}]}}