{"id":32108,"date":"2017-02-03T13:22:16","date_gmt":"2017-02-03T12:22:16","guid":{"rendered":"http:\/\/theworldbilliards.com\/?post_type=product&#038;p=32108\/"},"modified":"2023-12-20T10:29:50","modified_gmt":"2023-12-20T09:29:50","slug":"boules-de-billard-brunswick-heritage","status":"publish","type":"product","link":"https:\/\/theworldbilliards.com\/fr\/produit\/boules-de-billard-brunswick-heritage\/","title":{"rendered":"Boules de billard Brunswick Heritage"},"content":{"rendered":"<p>Les boules de billard Heritage\u00ae sont con\u00e7ues pour un usage quotidien. Fabriqu\u00e9es avec une r\u00e9sine ph\u00e9nolique de haute qualit\u00e9, les boules Heritage sont rectifi\u00e9es et polies avec une tol\u00e9rance radiale de 0,003 pouce, pour des performances pr\u00e9cises et fiables. Tous les composants sont coul\u00e9s en masse et \u00abvitrifi\u00e9s\u00bb ou fondus thermiquement pour une liaison mol\u00e9culaire homog\u00e8ne. Les boules Heritage poss\u00e8dent des composants de couleur blanche et blanche \u00e9clatante et un style de num\u00e9rotation standard.<\/p>\n","protected":false},"excerpt":{"rendered":"<p>Les boules de billard Heritage\u00ae sont con\u00e7ues pour un usage quotidien. Fabriqu\u00e9es avec une r\u00e9sine ph\u00e9nolique de haute qualit\u00e9, les [&hellip;]<\/p>\n","protected":false},"featured_media":54429,"template":"","meta":{"site-sidebar-layout":"default","site-content-layout":"","ast-site-content-layout":"default","site-content-style":"default","site-sidebar-style":"default","ast-global-header-display":"","ast-banner-title-visibility":"","ast-main-header-display":"","ast-hfb-above-header-display":"","ast-hfb-below-header-display":"","ast-hfb-mobile-header-display":"","site-post-title":"","ast-breadcrumbs-content":"","ast-featured-img":"","footer-sml-layout":"","ast-disable-related-posts":"","theme-transparent-header-meta":"default","adv-header-id-meta":"","stick-header-meta":"","header-above-stick-meta":"","header-main-stick-meta":"","header-below-stick-meta":"","astra-migrate-meta-layouts":"default","ast-page-background-enabled":"default","ast-page-background-meta":{"desktop":{"background-color":"var(--ast-global-color-4)","background-image":"","background-repeat":"repeat","background-position":"center center","background-size":"auto","background-attachment":"scroll","background-type":"","background-media":"","overlay-type":"","overlay-color":"","overlay-opacity":"","overlay-gradient":""},"tablet":{"background-color":"","background-image":"","background-repeat":"repeat","background-position":"center center","background-size":"auto","background-attachment":"scroll","background-type":"","background-media":"","overlay-type":"","overlay-color":"","overlay-opacity":"","overlay-gradient":""},"mobile":{"background-color":"","background-image":"","background-repeat":"repeat","background-position":"center center","background-size":"auto","background-attachment":"scroll","background-type":"","background-media":"","overlay-type":"","overlay-color":"","overlay-opacity":"","overlay-gradient":""}},"ast-content-background-meta":{"desktop":{"background-color":"var(--ast-global-color-5)","background-image":"","background-repeat":"repeat","background-position":"center center","background-size":"auto","background-attachment":"scroll","background-type":"","background-media":"","overlay-type":"","overlay-color":"","overlay-opacity":"","overlay-gradient":""},"tablet":{"background-color":"var(--ast-global-color-5)","background-image":"","background-repeat":"repeat","background-position":"center center","background-size":"auto","background-attachment":"scroll","background-type":"","background-media":"","overlay-type":"","overlay-color":"","overlay-opacity":"","overlay-gradient":""},"mobile":{"background-color":"var(--ast-global-color-5)","background-image":"","background-repeat":"repeat","background-position":"center center","background-size":"auto","background-attachment":"scroll","background-type":"","background-media":"","overlay-type":"","overlay-color":"","overlay-opacity":"","overlay-gradient":""}}},"product_brand":[5198],"product_cat":[4946,1457],"product_tag":[],"class_list":{"0":"post-32108","1":"product","2":"type-product","3":"status-publish","4":"has-post-thumbnail","6":"product_brand-brunswick-billiards-fr","7":"product_cat-accessoire-billard-brunswick","8":"product_cat-boules-de-billard","9":"product_shipping_class-accessoires","10":"desktop-align-center","11":"tablet-align-left","12":"mobile-align-left","14":"first","15":"instock","16":"taxable","17":"shipping-taxable","18":"purchasable","19":"product-type-simple"},"yoast_head":"<!-- This site is optimized with the Yoast SEO plugin v27.4 - https:\/\/yoast.com\/product\/yoast-seo-wordpress\/ -->\n<title>Acheter Boules de billard Brunswick Heritage - The World Billiards<\/title>\n<meta name=\"description\" content=\"Les boules de billard Heritage\u00ae sont con\u00e7ues pour un usage quotidien. Fabriqu\u00e9es avec une r\u00e9sine ph\u00e9nolique de haute qualit\u00e9, les boules Heritage sont rectifi\u00e9es et polies avec une tol\u00e9rance radiale de 0,003 pouce, pour des performances pr\u00e9cises et fiables. Tous les composants sont coul\u00e9s en masse et \u00abvitrifi\u00e9s\u00bb ou fondus thermiquement pour une liaison mol\u00e9culaire homog\u00e8ne. Les boules Heritage poss\u00e8dent des composants de couleur blanche et blanche \u00e9clatante et un style de num\u00e9rotation standard.\" \/>\n<meta name=\"robots\" content=\"index, follow, max-snippet:-1, max-image-preview:large, max-video-preview:-1\" \/>\n<link rel=\"canonical\" href=\"https:\/\/theworldbilliards.com\/fr\/produit\/boules-de-billard-brunswick-heritage\/\" \/>\n<meta property=\"og:locale\" content=\"fr_FR\" \/>\n<meta property=\"og:type\" content=\"article\" \/>\n<meta property=\"og:title\" content=\"Acheter Boules de billard Brunswick Heritage - The World Billiards\" \/>\n<meta property=\"og:description\" content=\"Les boules de billard Heritage\u00ae sont con\u00e7ues pour un usage quotidien. Fabriqu\u00e9es avec une r\u00e9sine ph\u00e9nolique de haute qualit\u00e9, les boules Heritage sont rectifi\u00e9es et polies avec une tol\u00e9rance radiale de 0,003 pouce, pour des performances pr\u00e9cises et fiables. Tous les composants sont coul\u00e9s en masse et \u00abvitrifi\u00e9s\u00bb ou fondus thermiquement pour une liaison mol\u00e9culaire homog\u00e8ne. Les boules Heritage poss\u00e8dent des composants de couleur blanche et blanche \u00e9clatante et un style de num\u00e9rotation standard.\" \/>\n<meta property=\"og:url\" content=\"https:\/\/theworldbilliards.com\/fr\/produit\/boules-de-billard-brunswick-heritage\/\" \/>\n<meta property=\"og:site_name\" content=\"The World Billiards\" \/>\n<meta property=\"article:publisher\" content=\"https:\/\/www.facebook.com\/baby.foot.superbes\" \/>\n<meta property=\"article:modified_time\" content=\"2023-12-20T09:29:50+00:00\" \/>\n<meta property=\"og:image\" content=\"https:\/\/theworldbilliards.com\/wp-content\/uploads\/2017\/02\/heritagepocketballs-showcase-1.jpg\" \/>\n\t<meta property=\"og:image:width\" content=\"533\" \/>\n\t<meta property=\"og:image:height\" content=\"533\" \/>\n\t<meta property=\"og:image:type\" content=\"image\/jpeg\" \/>\n<meta name=\"twitter:card\" content=\"summary_large_image\" \/>\n<script type=\"application\/ld+json\" class=\"yoast-schema-graph\">{\"@context\":\"https:\\\/\\\/schema.org\",\"@graph\":[{\"@type\":\"WebPage\",\"@id\":\"https:\\\/\\\/theworldbilliards.com\\\/fr\\\/produit\\\/boules-de-billard-brunswick-heritage\\\/\",\"url\":\"https:\\\/\\\/theworldbilliards.com\\\/fr\\\/produit\\\/boules-de-billard-brunswick-heritage\\\/\",\"name\":\"Acheter Boules de billard Brunswick Heritage - The World Billiards\",\"isPartOf\":{\"@id\":\"https:\\\/\\\/theworldbilliards.com\\\/fr\\\/#website\"},\"primaryImageOfPage\":{\"@id\":\"https:\\\/\\\/theworldbilliards.com\\\/fr\\\/produit\\\/boules-de-billard-brunswick-heritage\\\/#primaryimage\"},\"image\":{\"@id\":\"https:\\\/\\\/theworldbilliards.com\\\/fr\\\/produit\\\/boules-de-billard-brunswick-heritage\\\/#primaryimage\"},\"thumbnailUrl\":\"https:\\\/\\\/theworldbilliards.com\\\/wp-content\\\/uploads\\\/2017\\\/02\\\/heritagepocketballs-showcase-1.jpg\",\"datePublished\":\"2017-02-03T12:22:16+00:00\",\"dateModified\":\"2023-12-20T09:29:50+00:00\",\"description\":\"Les boules de billard Heritage\u00ae sont con\u00e7ues pour un usage quotidien. Fabriqu\u00e9es avec une r\u00e9sine ph\u00e9nolique de haute qualit\u00e9, les boules Heritage sont rectifi\u00e9es et polies avec une tol\u00e9rance radiale de 0,003 pouce, pour des performances pr\u00e9cises et fiables. Tous les composants sont coul\u00e9s en masse et \u00abvitrifi\u00e9s\u00bb ou fondus thermiquement pour une liaison mol\u00e9culaire homog\u00e8ne. Les boules Heritage poss\u00e8dent des composants de couleur blanche et blanche \u00e9clatante et un style de num\u00e9rotation standard.\",\"breadcrumb\":{\"@id\":\"https:\\\/\\\/theworldbilliards.com\\\/fr\\\/produit\\\/boules-de-billard-brunswick-heritage\\\/#breadcrumb\"},\"inLanguage\":\"fr-FR\",\"potentialAction\":[{\"@type\":\"ReadAction\",\"target\":[\"https:\\\/\\\/theworldbilliards.com\\\/fr\\\/produit\\\/boules-de-billard-brunswick-heritage\\\/\"]}]},{\"@type\":\"ImageObject\",\"inLanguage\":\"fr-FR\",\"@id\":\"https:\\\/\\\/theworldbilliards.com\\\/fr\\\/produit\\\/boules-de-billard-brunswick-heritage\\\/#primaryimage\",\"url\":\"https:\\\/\\\/theworldbilliards.com\\\/wp-content\\\/uploads\\\/2017\\\/02\\\/heritagepocketballs-showcase-1.jpg\",\"contentUrl\":\"https:\\\/\\\/theworldbilliards.com\\\/wp-content\\\/uploads\\\/2017\\\/02\\\/heritagepocketballs-showcase-1.jpg\",\"width\":533,\"height\":533},{\"@type\":\"BreadcrumbList\",\"@id\":\"https:\\\/\\\/theworldbilliards.com\\\/fr\\\/produit\\\/boules-de-billard-brunswick-heritage\\\/#breadcrumb\",\"itemListElement\":[{\"@type\":\"ListItem\",\"position\":1,\"name\":\"In\u00edcio\",\"item\":\"https:\\\/\\\/theworldbilliards.com\\\/fr\\\/\"},{\"@type\":\"ListItem\",\"position\":2,\"name\":\"Boutique en ligne\",\"item\":\"https:\\\/\\\/theworldbilliards.com\\\/fr\\\/boutique-theworldbilliards\\\/\"},{\"@type\":\"ListItem\",\"position\":3,\"name\":\"Boules de billard Brunswick Heritage\"}]},{\"@type\":\"WebSite\",\"@id\":\"https:\\\/\\\/theworldbilliards.com\\\/fr\\\/#website\",\"url\":\"https:\\\/\\\/theworldbilliards.com\\\/fr\\\/\",\"name\":\"TheWorldBilliards\",\"description\":\"Achetez ici billard, baby-foot, ping-pong et bowling\",\"publisher\":{\"@id\":\"https:\\\/\\\/theworldbilliards.com\\\/fr\\\/#organization\"},\"alternateName\":\"The world billiards\",\"potentialAction\":[{\"@type\":\"SearchAction\",\"target\":{\"@type\":\"EntryPoint\",\"urlTemplate\":\"https:\\\/\\\/theworldbilliards.com\\\/fr\\\/?s={search_term_string}\"},\"query-input\":{\"@type\":\"PropertyValueSpecification\",\"valueRequired\":true,\"valueName\":\"search_term_string\"}}],\"inLanguage\":\"fr-FR\"},{\"@type\":\"Organization\",\"@id\":\"https:\\\/\\\/theworldbilliards.com\\\/fr\\\/#organization\",\"name\":\"The World Billiards\",\"alternateName\":\"The World Billiards\",\"url\":\"https:\\\/\\\/theworldbilliards.com\\\/fr\\\/\",\"logo\":{\"@type\":\"ImageObject\",\"inLanguage\":\"fr-FR\",\"@id\":\"https:\\\/\\\/theworldbilliards.com\\\/fr\\\/#\\\/schema\\\/logo\\\/image\\\/\",\"url\":\"\",\"contentUrl\":\"\",\"caption\":\"The World Billiards\"},\"image\":{\"@id\":\"https:\\\/\\\/theworldbilliards.com\\\/fr\\\/#\\\/schema\\\/logo\\\/image\\\/\"},\"sameAs\":[\"https:\\\/\\\/www.facebook.com\\\/baby.foot.superbes\",\"https:\\\/\\\/www.youtube.com\\\/channel\\\/UCIMuOVAaUcH6UpZcsZlH0Tg\",\"https:\\\/\\\/www.facebook.com\\\/people\\\/Brunswick-Billiards-EspaaPortugal\\\/100066446264309\\\/\",\"https:\\\/\\\/www.instagram.com\\\/the_world_billiards\\\/\",\"https:\\\/\\\/www.pinterest.es\\\/Theworldbilliards\\\/\"]}]}<\/script>\n<!-- \/ Yoast SEO plugin. -->","yoast_head_json":{"title":"Acheter Boules de billard Brunswick Heritage - The World Billiards","description":"Les boules de billard Heritage\u00ae sont con\u00e7ues pour un usage quotidien. Fabriqu\u00e9es avec une r\u00e9sine ph\u00e9nolique de haute qualit\u00e9, les boules Heritage sont rectifi\u00e9es et polies avec une tol\u00e9rance radiale de 0,003 pouce, pour des performances pr\u00e9cises et fiables. Tous les composants sont coul\u00e9s en masse et \u00abvitrifi\u00e9s\u00bb ou fondus thermiquement pour une liaison mol\u00e9culaire homog\u00e8ne. Les boules Heritage poss\u00e8dent des composants de couleur blanche et blanche \u00e9clatante et un style de num\u00e9rotation standard.","robots":{"index":"index","follow":"follow","max-snippet":"max-snippet:-1","max-image-preview":"max-image-preview:large","max-video-preview":"max-video-preview:-1"},"canonical":"https:\/\/theworldbilliards.com\/fr\/produit\/boules-de-billard-brunswick-heritage\/","og_locale":"fr_FR","og_type":"article","og_title":"Acheter Boules de billard Brunswick Heritage - The World Billiards","og_description":"Les boules de billard Heritage\u00ae sont con\u00e7ues pour un usage quotidien. Fabriqu\u00e9es avec une r\u00e9sine ph\u00e9nolique de haute qualit\u00e9, les boules Heritage sont rectifi\u00e9es et polies avec une tol\u00e9rance radiale de 0,003 pouce, pour des performances pr\u00e9cises et fiables. Tous les composants sont coul\u00e9s en masse et \u00abvitrifi\u00e9s\u00bb ou fondus thermiquement pour une liaison mol\u00e9culaire homog\u00e8ne. Les boules Heritage poss\u00e8dent des composants de couleur blanche et blanche \u00e9clatante et un style de num\u00e9rotation standard.","og_url":"https:\/\/theworldbilliards.com\/fr\/produit\/boules-de-billard-brunswick-heritage\/","og_site_name":"The World Billiards","article_publisher":"https:\/\/www.facebook.com\/baby.foot.superbes","article_modified_time":"2023-12-20T09:29:50+00:00","og_image":[{"width":533,"height":533,"url":"https:\/\/theworldbilliards.com\/wp-content\/uploads\/2017\/02\/heritagepocketballs-showcase-1.jpg","type":"image\/jpeg"}],"twitter_card":"summary_large_image","schema":{"@context":"https:\/\/schema.org","@graph":[{"@type":"WebPage","@id":"https:\/\/theworldbilliards.com\/fr\/produit\/boules-de-billard-brunswick-heritage\/","url":"https:\/\/theworldbilliards.com\/fr\/produit\/boules-de-billard-brunswick-heritage\/","name":"Acheter Boules de billard Brunswick Heritage - The World Billiards","isPartOf":{"@id":"https:\/\/theworldbilliards.com\/fr\/#website"},"primaryImageOfPage":{"@id":"https:\/\/theworldbilliards.com\/fr\/produit\/boules-de-billard-brunswick-heritage\/#primaryimage"},"image":{"@id":"https:\/\/theworldbilliards.com\/fr\/produit\/boules-de-billard-brunswick-heritage\/#primaryimage"},"thumbnailUrl":"https:\/\/theworldbilliards.com\/wp-content\/uploads\/2017\/02\/heritagepocketballs-showcase-1.jpg","datePublished":"2017-02-03T12:22:16+00:00","dateModified":"2023-12-20T09:29:50+00:00","description":"Les boules de billard Heritage\u00ae sont con\u00e7ues pour un usage quotidien. Fabriqu\u00e9es avec une r\u00e9sine ph\u00e9nolique de haute qualit\u00e9, les boules Heritage sont rectifi\u00e9es et polies avec une tol\u00e9rance radiale de 0,003 pouce, pour des performances pr\u00e9cises et fiables. Tous les composants sont coul\u00e9s en masse et \u00abvitrifi\u00e9s\u00bb ou fondus thermiquement pour une liaison mol\u00e9culaire homog\u00e8ne. Les boules Heritage poss\u00e8dent des composants de couleur blanche et blanche \u00e9clatante et un style de num\u00e9rotation standard.","breadcrumb":{"@id":"https:\/\/theworldbilliards.com\/fr\/produit\/boules-de-billard-brunswick-heritage\/#breadcrumb"},"inLanguage":"fr-FR","potentialAction":[{"@type":"ReadAction","target":["https:\/\/theworldbilliards.com\/fr\/produit\/boules-de-billard-brunswick-heritage\/"]}]},{"@type":"ImageObject","inLanguage":"fr-FR","@id":"https:\/\/theworldbilliards.com\/fr\/produit\/boules-de-billard-brunswick-heritage\/#primaryimage","url":"https:\/\/theworldbilliards.com\/wp-content\/uploads\/2017\/02\/heritagepocketballs-showcase-1.jpg","contentUrl":"https:\/\/theworldbilliards.com\/wp-content\/uploads\/2017\/02\/heritagepocketballs-showcase-1.jpg","width":533,"height":533},{"@type":"BreadcrumbList","@id":"https:\/\/theworldbilliards.com\/fr\/produit\/boules-de-billard-brunswick-heritage\/#breadcrumb","itemListElement":[{"@type":"ListItem","position":1,"name":"In\u00edcio","item":"https:\/\/theworldbilliards.com\/fr\/"},{"@type":"ListItem","position":2,"name":"Boutique en ligne","item":"https:\/\/theworldbilliards.com\/fr\/boutique-theworldbilliards\/"},{"@type":"ListItem","position":3,"name":"Boules de billard Brunswick Heritage"}]},{"@type":"WebSite","@id":"https:\/\/theworldbilliards.com\/fr\/#website","url":"https:\/\/theworldbilliards.com\/fr\/","name":"TheWorldBilliards","description":"Achetez ici billard, baby-foot, ping-pong et bowling","publisher":{"@id":"https:\/\/theworldbilliards.com\/fr\/#organization"},"alternateName":"The world billiards","potentialAction":[{"@type":"SearchAction","target":{"@type":"EntryPoint","urlTemplate":"https:\/\/theworldbilliards.com\/fr\/?s={search_term_string}"},"query-input":{"@type":"PropertyValueSpecification","valueRequired":true,"valueName":"search_term_string"}}],"inLanguage":"fr-FR"},{"@type":"Organization","@id":"https:\/\/theworldbilliards.com\/fr\/#organization","name":"The World Billiards","alternateName":"The World Billiards","url":"https:\/\/theworldbilliards.com\/fr\/","logo":{"@type":"ImageObject","inLanguage":"fr-FR","@id":"https:\/\/theworldbilliards.com\/fr\/#\/schema\/logo\/image\/","url":"","contentUrl":"","caption":"The World Billiards"},"image":{"@id":"https:\/\/theworldbilliards.com\/fr\/#\/schema\/logo\/image\/"},"sameAs":["https:\/\/www.facebook.com\/baby.foot.superbes","https:\/\/www.youtube.com\/channel\/UCIMuOVAaUcH6UpZcsZlH0Tg","https:\/\/www.facebook.com\/people\/Brunswick-Billiards-EspaaPortugal\/100066446264309\/","https:\/\/www.instagram.com\/the_world_billiards\/","https:\/\/www.pinterest.es\/Theworldbilliards\/"]}]}},"_links":{"self":[{"href":"https:\/\/theworldbilliards.com\/fr\/wp-json\/wp\/v2\/product\/32108","targetHints":{"allow":["GET"]}}],"collection":[{"href":"https:\/\/theworldbilliards.com\/fr\/wp-json\/wp\/v2\/product"}],"about":[{"href":"https:\/\/theworldbilliards.com\/fr\/wp-json\/wp\/v2\/types\/product"}],"wp:featuredmedia":[{"embeddable":true,"href":"https:\/\/theworldbilliards.com\/fr\/wp-json\/wp\/v2\/media\/54429"}],"wp:attachment":[{"href":"https:\/\/theworldbilliards.com\/fr\/wp-json\/wp\/v2\/media?parent=32108"}],"wp:term":[{"taxonomy":"product_brand","embeddable":true,"href":"https:\/\/theworldbilliards.com\/fr\/wp-json\/wp\/v2\/product_brand?post=32108"},{"taxonomy":"product_cat","embeddable":true,"href":"https:\/\/theworldbilliards.com\/fr\/wp-json\/wp\/v2\/product_cat?post=32108"},{"taxonomy":"product_tag","embeddable":true,"href":"https:\/\/theworldbilliards.com\/fr\/wp-json\/wp\/v2\/product_tag?post=32108"}],"curies":[{"name":"wp","href":"https:\/\/api.w.org\/{rel}","templated":true}]}}