{"id":32711,"date":"2017-02-08T14:46:40","date_gmt":"2017-02-08T13:46:40","guid":{"rendered":"http:\/\/theworldbilliards.com\/?post_type=product&#038;p=32711\/"},"modified":"2025-02-06T12:28:05","modified_gmt":"2025-02-06T11:28:05","slug":"kit-daccessoires-brunswick-heritage","status":"publish","type":"product","link":"https:\/\/theworldbilliards.com\/fr\/produit\/kit-daccessoires-brunswick-heritage\/","title":{"rendered":"Kit d&rsquo;accessoires Brunswick Heritage"},"content":{"rendered":"<p>Le jeu Heritage Play est un ensemble d\u2019\u00e9quipements de billard essentiels con\u00e7us pour vous permettre de jouer de la bonne mani\u00e8re.<\/p>\n<p>Le forfait comprend:<\/p>\n<p>Heritage Pocket Balls, id\u00e9al pour les jeux quotidiens, cet ensemble de balles est fabriqu\u00e9 \u00e0 partir d&rsquo;une r\u00e9sine ph\u00e9nolique de haute qualit\u00e9.<br \/>\nQuatre queues patrimoniales, con\u00e7ues pour les amateurs de billard r\u00e9cr\u00e9atif.<br \/>\nQueue courte de deux pi\u00e8ces<br \/>\nB\u00e2ton de bridge en deux pi\u00e8ces<br \/>\nT\u00eate de pont en laiton<br \/>\nSupport \u00e0 huit balles Big Break\u00ae<br \/>\nPinceau de table<br \/>\nSupport en plastique pour jeu 9 boules<\/p>\n","protected":false},"excerpt":{"rendered":"<p>Le jeu Heritage Play est un ensemble d\u2019\u00e9quipements de billard essentiels con\u00e7us pour vous permettre de jouer de la bonne [&hellip;]<\/p>\n","protected":false},"featured_media":106702,"template":"","meta":{"site-sidebar-layout":"default","site-content-layout":"","ast-site-content-layout":"default","site-content-style":"default","site-sidebar-style":"default","ast-global-header-display":"","ast-banner-title-visibility":"","ast-main-header-display":"","ast-hfb-above-header-display":"","ast-hfb-below-header-display":"","ast-hfb-mobile-header-display":"","site-post-title":"","ast-breadcrumbs-content":"","ast-featured-img":"","footer-sml-layout":"","ast-disable-related-posts":"","theme-transparent-header-meta":"default","adv-header-id-meta":"","stick-header-meta":"","header-above-stick-meta":"","header-main-stick-meta":"","header-below-stick-meta":"","astra-migrate-meta-layouts":"default","ast-page-background-enabled":"default","ast-page-background-meta":{"desktop":{"background-color":"var(--ast-global-color-4)","background-image":"","background-repeat":"repeat","background-position":"center center","background-size":"auto","background-attachment":"scroll","background-type":"","background-media":"","overlay-type":"","overlay-color":"","overlay-opacity":"","overlay-gradient":""},"tablet":{"background-color":"","background-image":"","background-repeat":"repeat","background-position":"center center","background-size":"auto","background-attachment":"scroll","background-type":"","background-media":"","overlay-type":"","overlay-color":"","overlay-opacity":"","overlay-gradient":""},"mobile":{"background-color":"","background-image":"","background-repeat":"repeat","background-position":"center center","background-size":"auto","background-attachment":"scroll","background-type":"","background-media":"","overlay-type":"","overlay-color":"","overlay-opacity":"","overlay-gradient":""}},"ast-content-background-meta":{"desktop":{"background-color":"var(--ast-global-color-5)","background-image":"","background-repeat":"repeat","background-position":"center center","background-size":"auto","background-attachment":"scroll","background-type":"","background-media":"","overlay-type":"","overlay-color":"","overlay-opacity":"","overlay-gradient":""},"tablet":{"background-color":"var(--ast-global-color-5)","background-image":"","background-repeat":"repeat","background-position":"center center","background-size":"auto","background-attachment":"scroll","background-type":"","background-media":"","overlay-type":"","overlay-color":"","overlay-opacity":"","overlay-gradient":""},"mobile":{"background-color":"var(--ast-global-color-5)","background-image":"","background-repeat":"repeat","background-position":"center center","background-size":"auto","background-attachment":"scroll","background-type":"","background-media":"","overlay-type":"","overlay-color":"","overlay-opacity":"","overlay-gradient":""}}},"product_brand":[5198],"product_cat":[4946,1537],"product_tag":[],"class_list":{"0":"post-32711","1":"product","2":"type-product","3":"status-publish","4":"has-post-thumbnail","6":"product_brand-brunswick-billiards-fr","7":"product_cat-accessoire-billard-brunswick","8":"product_cat-kit-daccessoires","9":"product_shipping_class-accessoires","10":"desktop-align-center","11":"tablet-align-left","12":"mobile-align-left","14":"first","15":"onbackorder","16":"taxable","17":"shipping-taxable","18":"purchasable","19":"product-type-simple"},"yoast_head":"<!-- This site is optimized with the Yoast SEO plugin v27.4 - https:\/\/yoast.com\/product\/yoast-seo-wordpress\/ -->\n<title>Acheter Kit d&#039;accessoires Brunswick Heritage - The World Billiards<\/title>\n<meta name=\"description\" content=\"Le jeu Heritage Play est un ensemble d\u2019\u00e9quipements de billard essentiels con\u00e7us pour vous permettre de jouer de la bonne mani\u00e8re.  Le forfait comprend:  Heritage Pocket Balls, id\u00e9al pour les jeux quotidiens, cet ensemble de balles est fabriqu\u00e9 \u00e0 partir d&#039;une r\u00e9sine ph\u00e9nolique de haute qualit\u00e9. Quatre queues patrimoniales, con\u00e7ues pour les amateurs de billard r\u00e9cr\u00e9atif. Queue courte de deux pi\u00e8ces B\u00e2ton de bridge en deux pi\u00e8ces T\u00eate de pont en laiton Support \u00e0 huit balles Big Break\u00ae Pinceau de table Support en plastique pour jeu 9 boules\" \/>\n<meta name=\"robots\" content=\"index, follow, max-snippet:-1, max-image-preview:large, max-video-preview:-1\" \/>\n<link rel=\"canonical\" href=\"https:\/\/theworldbilliards.com\/fr\/produit\/kit-daccessoires-brunswick-heritage\/\" \/>\n<meta property=\"og:locale\" content=\"fr_FR\" \/>\n<meta property=\"og:type\" content=\"article\" \/>\n<meta property=\"og:title\" content=\"Acheter Kit d&#039;accessoires Brunswick Heritage - The World Billiards\" \/>\n<meta property=\"og:description\" content=\"Le jeu Heritage Play est un ensemble d\u2019\u00e9quipements de billard essentiels con\u00e7us pour vous permettre de jouer de la bonne mani\u00e8re.  Le forfait comprend:  Heritage Pocket Balls, id\u00e9al pour les jeux quotidiens, cet ensemble de balles est fabriqu\u00e9 \u00e0 partir d&#039;une r\u00e9sine ph\u00e9nolique de haute qualit\u00e9. Quatre queues patrimoniales, con\u00e7ues pour les amateurs de billard r\u00e9cr\u00e9atif. Queue courte de deux pi\u00e8ces B\u00e2ton de bridge en deux pi\u00e8ces T\u00eate de pont en laiton Support \u00e0 huit balles Big Break\u00ae Pinceau de table Support en plastique pour jeu 9 boules\" \/>\n<meta property=\"og:url\" content=\"https:\/\/theworldbilliards.com\/fr\/produit\/kit-daccessoires-brunswick-heritage\/\" \/>\n<meta property=\"og:site_name\" content=\"The World Billiards\" \/>\n<meta property=\"article:publisher\" content=\"https:\/\/www.facebook.com\/baby.foot.superbes\" \/>\n<meta property=\"article:modified_time\" content=\"2025-02-06T11:28:05+00:00\" \/>\n<meta property=\"og:image\" content=\"https:\/\/theworldbilliards.com\/wp-content\/uploads\/2017\/02\/heritage-play-package.png\" \/>\n\t<meta property=\"og:image:width\" content=\"908\" \/>\n\t<meta property=\"og:image:height\" content=\"909\" \/>\n\t<meta property=\"og:image:type\" content=\"image\/png\" \/>\n<meta name=\"twitter:card\" content=\"summary_large_image\" \/>\n<script type=\"application\/ld+json\" class=\"yoast-schema-graph\">{\"@context\":\"https:\\\/\\\/schema.org\",\"@graph\":[{\"@type\":\"WebPage\",\"@id\":\"https:\\\/\\\/theworldbilliards.com\\\/fr\\\/produit\\\/kit-daccessoires-brunswick-heritage\\\/\",\"url\":\"https:\\\/\\\/theworldbilliards.com\\\/fr\\\/produit\\\/kit-daccessoires-brunswick-heritage\\\/\",\"name\":\"Acheter Kit d'accessoires Brunswick Heritage - The World Billiards\",\"isPartOf\":{\"@id\":\"https:\\\/\\\/theworldbilliards.com\\\/fr\\\/#website\"},\"primaryImageOfPage\":{\"@id\":\"https:\\\/\\\/theworldbilliards.com\\\/fr\\\/produit\\\/kit-daccessoires-brunswick-heritage\\\/#primaryimage\"},\"image\":{\"@id\":\"https:\\\/\\\/theworldbilliards.com\\\/fr\\\/produit\\\/kit-daccessoires-brunswick-heritage\\\/#primaryimage\"},\"thumbnailUrl\":\"https:\\\/\\\/theworldbilliards.com\\\/wp-content\\\/uploads\\\/2017\\\/02\\\/heritage-play-package.png\",\"datePublished\":\"2017-02-08T13:46:40+00:00\",\"dateModified\":\"2025-02-06T11:28:05+00:00\",\"description\":\"Le jeu Heritage Play est un ensemble d\u2019\u00e9quipements de billard essentiels con\u00e7us pour vous permettre de jouer de la bonne mani\u00e8re. Le forfait comprend: Heritage Pocket Balls, id\u00e9al pour les jeux quotidiens, cet ensemble de balles est fabriqu\u00e9 \u00e0 partir d'une r\u00e9sine ph\u00e9nolique de haute qualit\u00e9. Quatre queues patrimoniales, con\u00e7ues pour les amateurs de billard r\u00e9cr\u00e9atif. Queue courte de deux pi\u00e8ces B\u00e2ton de bridge en deux pi\u00e8ces T\u00eate de pont en laiton Support \u00e0 huit balles Big Break\u00ae Pinceau de table Support en plastique pour jeu 9 boules\",\"breadcrumb\":{\"@id\":\"https:\\\/\\\/theworldbilliards.com\\\/fr\\\/produit\\\/kit-daccessoires-brunswick-heritage\\\/#breadcrumb\"},\"inLanguage\":\"fr-FR\",\"potentialAction\":[{\"@type\":\"ReadAction\",\"target\":[\"https:\\\/\\\/theworldbilliards.com\\\/fr\\\/produit\\\/kit-daccessoires-brunswick-heritage\\\/\"]}]},{\"@type\":\"ImageObject\",\"inLanguage\":\"fr-FR\",\"@id\":\"https:\\\/\\\/theworldbilliards.com\\\/fr\\\/produit\\\/kit-daccessoires-brunswick-heritage\\\/#primaryimage\",\"url\":\"https:\\\/\\\/theworldbilliards.com\\\/wp-content\\\/uploads\\\/2017\\\/02\\\/heritage-play-package.png\",\"contentUrl\":\"https:\\\/\\\/theworldbilliards.com\\\/wp-content\\\/uploads\\\/2017\\\/02\\\/heritage-play-package.png\",\"width\":908,\"height\":909},{\"@type\":\"BreadcrumbList\",\"@id\":\"https:\\\/\\\/theworldbilliards.com\\\/fr\\\/produit\\\/kit-daccessoires-brunswick-heritage\\\/#breadcrumb\",\"itemListElement\":[{\"@type\":\"ListItem\",\"position\":1,\"name\":\"In\u00edcio\",\"item\":\"https:\\\/\\\/theworldbilliards.com\\\/fr\\\/\"},{\"@type\":\"ListItem\",\"position\":2,\"name\":\"Boutique en ligne\",\"item\":\"https:\\\/\\\/theworldbilliards.com\\\/fr\\\/boutique-theworldbilliards\\\/\"},{\"@type\":\"ListItem\",\"position\":3,\"name\":\"Kit d&#8217;accessoires Brunswick Heritage\"}]},{\"@type\":\"WebSite\",\"@id\":\"https:\\\/\\\/theworldbilliards.com\\\/fr\\\/#website\",\"url\":\"https:\\\/\\\/theworldbilliards.com\\\/fr\\\/\",\"name\":\"TheWorldBilliards\",\"description\":\"Achetez ici billard, baby-foot, ping-pong et bowling\",\"publisher\":{\"@id\":\"https:\\\/\\\/theworldbilliards.com\\\/fr\\\/#organization\"},\"alternateName\":\"The world billiards\",\"potentialAction\":[{\"@type\":\"SearchAction\",\"target\":{\"@type\":\"EntryPoint\",\"urlTemplate\":\"https:\\\/\\\/theworldbilliards.com\\\/fr\\\/?s={search_term_string}\"},\"query-input\":{\"@type\":\"PropertyValueSpecification\",\"valueRequired\":true,\"valueName\":\"search_term_string\"}}],\"inLanguage\":\"fr-FR\"},{\"@type\":\"Organization\",\"@id\":\"https:\\\/\\\/theworldbilliards.com\\\/fr\\\/#organization\",\"name\":\"The World Billiards\",\"alternateName\":\"The World Billiards\",\"url\":\"https:\\\/\\\/theworldbilliards.com\\\/fr\\\/\",\"logo\":{\"@type\":\"ImageObject\",\"inLanguage\":\"fr-FR\",\"@id\":\"https:\\\/\\\/theworldbilliards.com\\\/fr\\\/#\\\/schema\\\/logo\\\/image\\\/\",\"url\":\"\",\"contentUrl\":\"\",\"caption\":\"The World Billiards\"},\"image\":{\"@id\":\"https:\\\/\\\/theworldbilliards.com\\\/fr\\\/#\\\/schema\\\/logo\\\/image\\\/\"},\"sameAs\":[\"https:\\\/\\\/www.facebook.com\\\/baby.foot.superbes\",\"https:\\\/\\\/www.youtube.com\\\/channel\\\/UCIMuOVAaUcH6UpZcsZlH0Tg\",\"https:\\\/\\\/www.facebook.com\\\/people\\\/Brunswick-Billiards-EspaaPortugal\\\/100066446264309\\\/\",\"https:\\\/\\\/www.instagram.com\\\/the_world_billiards\\\/\",\"https:\\\/\\\/www.pinterest.es\\\/Theworldbilliards\\\/\"]}]}<\/script>\n<!-- \/ Yoast SEO plugin. -->","yoast_head_json":{"title":"Acheter Kit d'accessoires Brunswick Heritage - The World Billiards","description":"Le jeu Heritage Play est un ensemble d\u2019\u00e9quipements de billard essentiels con\u00e7us pour vous permettre de jouer de la bonne mani\u00e8re.  Le forfait comprend:  Heritage Pocket Balls, id\u00e9al pour les jeux quotidiens, cet ensemble de balles est fabriqu\u00e9 \u00e0 partir d'une r\u00e9sine ph\u00e9nolique de haute qualit\u00e9. Quatre queues patrimoniales, con\u00e7ues pour les amateurs de billard r\u00e9cr\u00e9atif. Queue courte de deux pi\u00e8ces B\u00e2ton de bridge en deux pi\u00e8ces T\u00eate de pont en laiton Support \u00e0 huit balles Big Break\u00ae Pinceau de table Support en plastique pour jeu 9 boules","robots":{"index":"index","follow":"follow","max-snippet":"max-snippet:-1","max-image-preview":"max-image-preview:large","max-video-preview":"max-video-preview:-1"},"canonical":"https:\/\/theworldbilliards.com\/fr\/produit\/kit-daccessoires-brunswick-heritage\/","og_locale":"fr_FR","og_type":"article","og_title":"Acheter Kit d'accessoires Brunswick Heritage - The World Billiards","og_description":"Le jeu Heritage Play est un ensemble d\u2019\u00e9quipements de billard essentiels con\u00e7us pour vous permettre de jouer de la bonne mani\u00e8re.  Le forfait comprend:  Heritage Pocket Balls, id\u00e9al pour les jeux quotidiens, cet ensemble de balles est fabriqu\u00e9 \u00e0 partir d'une r\u00e9sine ph\u00e9nolique de haute qualit\u00e9. Quatre queues patrimoniales, con\u00e7ues pour les amateurs de billard r\u00e9cr\u00e9atif. Queue courte de deux pi\u00e8ces B\u00e2ton de bridge en deux pi\u00e8ces T\u00eate de pont en laiton Support \u00e0 huit balles Big Break\u00ae Pinceau de table Support en plastique pour jeu 9 boules","og_url":"https:\/\/theworldbilliards.com\/fr\/produit\/kit-daccessoires-brunswick-heritage\/","og_site_name":"The World Billiards","article_publisher":"https:\/\/www.facebook.com\/baby.foot.superbes","article_modified_time":"2025-02-06T11:28:05+00:00","og_image":[{"width":908,"height":909,"url":"https:\/\/theworldbilliards.com\/wp-content\/uploads\/2017\/02\/heritage-play-package.png","type":"image\/png"}],"twitter_card":"summary_large_image","schema":{"@context":"https:\/\/schema.org","@graph":[{"@type":"WebPage","@id":"https:\/\/theworldbilliards.com\/fr\/produit\/kit-daccessoires-brunswick-heritage\/","url":"https:\/\/theworldbilliards.com\/fr\/produit\/kit-daccessoires-brunswick-heritage\/","name":"Acheter Kit d'accessoires Brunswick Heritage - The World Billiards","isPartOf":{"@id":"https:\/\/theworldbilliards.com\/fr\/#website"},"primaryImageOfPage":{"@id":"https:\/\/theworldbilliards.com\/fr\/produit\/kit-daccessoires-brunswick-heritage\/#primaryimage"},"image":{"@id":"https:\/\/theworldbilliards.com\/fr\/produit\/kit-daccessoires-brunswick-heritage\/#primaryimage"},"thumbnailUrl":"https:\/\/theworldbilliards.com\/wp-content\/uploads\/2017\/02\/heritage-play-package.png","datePublished":"2017-02-08T13:46:40+00:00","dateModified":"2025-02-06T11:28:05+00:00","description":"Le jeu Heritage Play est un ensemble d\u2019\u00e9quipements de billard essentiels con\u00e7us pour vous permettre de jouer de la bonne mani\u00e8re. Le forfait comprend: Heritage Pocket Balls, id\u00e9al pour les jeux quotidiens, cet ensemble de balles est fabriqu\u00e9 \u00e0 partir d'une r\u00e9sine ph\u00e9nolique de haute qualit\u00e9. Quatre queues patrimoniales, con\u00e7ues pour les amateurs de billard r\u00e9cr\u00e9atif. Queue courte de deux pi\u00e8ces B\u00e2ton de bridge en deux pi\u00e8ces T\u00eate de pont en laiton Support \u00e0 huit balles Big Break\u00ae Pinceau de table Support en plastique pour jeu 9 boules","breadcrumb":{"@id":"https:\/\/theworldbilliards.com\/fr\/produit\/kit-daccessoires-brunswick-heritage\/#breadcrumb"},"inLanguage":"fr-FR","potentialAction":[{"@type":"ReadAction","target":["https:\/\/theworldbilliards.com\/fr\/produit\/kit-daccessoires-brunswick-heritage\/"]}]},{"@type":"ImageObject","inLanguage":"fr-FR","@id":"https:\/\/theworldbilliards.com\/fr\/produit\/kit-daccessoires-brunswick-heritage\/#primaryimage","url":"https:\/\/theworldbilliards.com\/wp-content\/uploads\/2017\/02\/heritage-play-package.png","contentUrl":"https:\/\/theworldbilliards.com\/wp-content\/uploads\/2017\/02\/heritage-play-package.png","width":908,"height":909},{"@type":"BreadcrumbList","@id":"https:\/\/theworldbilliards.com\/fr\/produit\/kit-daccessoires-brunswick-heritage\/#breadcrumb","itemListElement":[{"@type":"ListItem","position":1,"name":"In\u00edcio","item":"https:\/\/theworldbilliards.com\/fr\/"},{"@type":"ListItem","position":2,"name":"Boutique en ligne","item":"https:\/\/theworldbilliards.com\/fr\/boutique-theworldbilliards\/"},{"@type":"ListItem","position":3,"name":"Kit d&#8217;accessoires Brunswick Heritage"}]},{"@type":"WebSite","@id":"https:\/\/theworldbilliards.com\/fr\/#website","url":"https:\/\/theworldbilliards.com\/fr\/","name":"TheWorldBilliards","description":"Achetez ici billard, baby-foot, ping-pong et bowling","publisher":{"@id":"https:\/\/theworldbilliards.com\/fr\/#organization"},"alternateName":"The world billiards","potentialAction":[{"@type":"SearchAction","target":{"@type":"EntryPoint","urlTemplate":"https:\/\/theworldbilliards.com\/fr\/?s={search_term_string}"},"query-input":{"@type":"PropertyValueSpecification","valueRequired":true,"valueName":"search_term_string"}}],"inLanguage":"fr-FR"},{"@type":"Organization","@id":"https:\/\/theworldbilliards.com\/fr\/#organization","name":"The World Billiards","alternateName":"The World Billiards","url":"https:\/\/theworldbilliards.com\/fr\/","logo":{"@type":"ImageObject","inLanguage":"fr-FR","@id":"https:\/\/theworldbilliards.com\/fr\/#\/schema\/logo\/image\/","url":"","contentUrl":"","caption":"The World Billiards"},"image":{"@id":"https:\/\/theworldbilliards.com\/fr\/#\/schema\/logo\/image\/"},"sameAs":["https:\/\/www.facebook.com\/baby.foot.superbes","https:\/\/www.youtube.com\/channel\/UCIMuOVAaUcH6UpZcsZlH0Tg","https:\/\/www.facebook.com\/people\/Brunswick-Billiards-EspaaPortugal\/100066446264309\/","https:\/\/www.instagram.com\/the_world_billiards\/","https:\/\/www.pinterest.es\/Theworldbilliards\/"]}]}},"_links":{"self":[{"href":"https:\/\/theworldbilliards.com\/fr\/wp-json\/wp\/v2\/product\/32711","targetHints":{"allow":["GET"]}}],"collection":[{"href":"https:\/\/theworldbilliards.com\/fr\/wp-json\/wp\/v2\/product"}],"about":[{"href":"https:\/\/theworldbilliards.com\/fr\/wp-json\/wp\/v2\/types\/product"}],"wp:featuredmedia":[{"embeddable":true,"href":"https:\/\/theworldbilliards.com\/fr\/wp-json\/wp\/v2\/media\/106702"}],"wp:attachment":[{"href":"https:\/\/theworldbilliards.com\/fr\/wp-json\/wp\/v2\/media?parent=32711"}],"wp:term":[{"taxonomy":"product_brand","embeddable":true,"href":"https:\/\/theworldbilliards.com\/fr\/wp-json\/wp\/v2\/product_brand?post=32711"},{"taxonomy":"product_cat","embeddable":true,"href":"https:\/\/theworldbilliards.com\/fr\/wp-json\/wp\/v2\/product_cat?post=32711"},{"taxonomy":"product_tag","embeddable":true,"href":"https:\/\/theworldbilliards.com\/fr\/wp-json\/wp\/v2\/product_tag?post=32711"}],"curies":[{"name":"wp","href":"https:\/\/api.w.org\/{rel}","templated":true}]}}