{"id":32791,"date":"2017-02-13T13:15:15","date_gmt":"2017-02-13T12:15:15","guid":{"rendered":"http:\/\/theworldbilliards.com\/?post_type=product&#038;p=32791\/"},"modified":"2025-10-30T11:32:56","modified_gmt":"2025-10-30T10:32:56","slug":"kit-convertible-multi-bandes-billard-americain-francais-snooker","status":"publish","type":"product","link":"https:\/\/theworldbilliards.com\/fr\/produit\/kit-convertible-multi-bandes-billard-americain-francais-snooker\/","title":{"rendered":"Kit convertible multi bandes Billard Americain \/ Fran\u00e7ais \/ Snooker"},"content":{"rendered":"<div class=\"ast-oembed-container \" style=\"height: 100%;\"><iframe loading=\"lazy\" title=\"Sistema multibanda Billar Americano y Franc\u00e9s\" width=\"500\" height=\"281\" src=\"https:\/\/www.youtube.com\/embed\/YUzghdeEWHE?feature=oembed\" frameborder=\"0\" allow=\"accelerometer; autoplay; clipboard-write; encrypted-media; gyroscope; picture-in-picture; web-share\" referrerpolicy=\"strict-origin-when-cross-origin\" allowfullscreen><\/iframe><\/div>\n<p><strong>Ce syst\u00e8me de bandes interchangeables s&rsquo;adapte \u00e0 toutes les tables de Billard Am\u00e9ricain<\/strong><\/p>\n<p>Un syst\u00e8me unique techniquement parfait, sans l&rsquo;aide d&rsquo;outils ou des vis pour changer les bandes d&rsquo;Am\u00e9ricain pour billard Fran\u00e7ais o Snooker<\/p>\n<p>Nous respectons les diff\u00e9rents jeux puisque la hauteur de la gomme des bandes de billard Fran\u00e7ais doit \u00eatre plus haute que les bandes d&rsquo;Am\u00e9ricain parce que les boules de billard Fran\u00e7ais sont plus grandes. L&rsquo;application de ce syst\u00e8me est essentielle pour \u00e9viter les sorties inattendues des boules de la table, est ainsi vous obtenez la technique d\u00e9sir\u00e9e plus facilement.<\/p>\n<p>Ce proc\u00e9d\u00e9 est simple \u00e0 mettre en \u0153uvre, donc efficace.<\/p>\n<p>En clipant les bandes, les poches sont obtur\u00e9es.<br \/>\nLe billard est pr\u00eat pour le jeu fran\u00e7ais (apr\u00e8s mise en place des bandes) sans perte de surface de jeu ainsi que la qualit\u00e9 de jeu.<\/p>\n<ul>\n<li>\n<h4><strong>Autres mesures contactez-nous svp<\/strong><\/h4>\n<\/li>\n<\/ul>\n<p>*Syst\u00e8me Enregistr\u00e9 et Brevet\u00e9<\/p>\n<blockquote class=\"tiktok-embed\" cite=\"https:\/\/www.tiktok.com\/@theworldbilliards.com\/video\/7566955742012509462\" data-video-id=\"7566955742012509462\" data-embed-from=\"oembed\" style=\"max-width:605px; min-width:325px;\">\n<section> <a target=\"_blank\" title=\"@theworldbilliards.com\" href=\"https:\/\/www.tiktok.com\/@theworldbilliards.com?refer=embed\">@theworldbilliards.com<\/a> <\/p>\n<p>Kit convertible Multibanda de billar americano a billar franc\u00e9s o Snooker ingl\u00e9s  Puede ser instalado en casi cualquier mesa de billar Nosotros lo preparamos para que usted no necesite usar herramientas ni tornillos  Respeta las dimensiones del billar y las caracter\u00edsticas t\u00e9cnicas Permite utilizar las bolas oficiales y adecuadas de cada modalidad <a title=\"theworldbilliards\" target=\"_blank\" href=\"https:\/\/www.tiktok.com\/tag\/theworldbilliards?refer=embed\">#theworldbilliards<\/a>  <a title=\"fabricadebillar\" target=\"_blank\" href=\"https:\/\/www.tiktok.com\/tag\/fabricadebillar?refer=embed\">#fabricadebillar<\/a> <\/p>\n<p> <a target=\"_blank\" title=\"\u266c Try This - Chris Alan Lee\" href=\"https:\/\/www.tiktok.com\/music\/Try-This-6777261373647767553?refer=embed\">\u266c Try This &#8211; Chris Alan Lee<\/a> <\/section>\n<\/blockquote>\n<p> <script async src=\"https:\/\/www.tiktok.com\/embed.js\"><\/script><\/p>\n","protected":false},"excerpt":{"rendered":"<p>Ce syst\u00e8me de bandes interchangeables s&rsquo;adapte \u00e0 toutes les tables de Billard Am\u00e9ricain Un syst\u00e8me unique techniquement parfait, sans l&rsquo;aide [&hellip;]<\/p>\n","protected":false},"featured_media":103211,"template":"","meta":{"site-sidebar-layout":"default","site-content-layout":"","ast-site-content-layout":"default","site-content-style":"default","site-sidebar-style":"default","ast-global-header-display":"","ast-banner-title-visibility":"","ast-main-header-display":"","ast-hfb-above-header-display":"","ast-hfb-below-header-display":"","ast-hfb-mobile-header-display":"","site-post-title":"","ast-breadcrumbs-content":"","ast-featured-img":"","footer-sml-layout":"","ast-disable-related-posts":"","theme-transparent-header-meta":"default","adv-header-id-meta":"","stick-header-meta":"","header-above-stick-meta":"","header-main-stick-meta":"","header-below-stick-meta":"","astra-migrate-meta-layouts":"default","ast-page-background-enabled":"default","ast-page-background-meta":{"desktop":{"background-color":"var(--ast-global-color-4)","background-image":"","background-repeat":"repeat","background-position":"center center","background-size":"auto","background-attachment":"scroll","background-type":"","background-media":"","overlay-type":"","overlay-color":"","overlay-opacity":"","overlay-gradient":""},"tablet":{"background-color":"","background-image":"","background-repeat":"repeat","background-position":"center center","background-size":"auto","background-attachment":"scroll","background-type":"","background-media":"","overlay-type":"","overlay-color":"","overlay-opacity":"","overlay-gradient":""},"mobile":{"background-color":"","background-image":"","background-repeat":"repeat","background-position":"center center","background-size":"auto","background-attachment":"scroll","background-type":"","background-media":"","overlay-type":"","overlay-color":"","overlay-opacity":"","overlay-gradient":""}},"ast-content-background-meta":{"desktop":{"background-color":"var(--ast-global-color-5)","background-image":"","background-repeat":"repeat","background-position":"center center","background-size":"auto","background-attachment":"scroll","background-type":"","background-media":"","overlay-type":"","overlay-color":"","overlay-opacity":"","overlay-gradient":""},"tablet":{"background-color":"var(--ast-global-color-5)","background-image":"","background-repeat":"repeat","background-position":"center center","background-size":"auto","background-attachment":"scroll","background-type":"","background-media":"","overlay-type":"","overlay-color":"","overlay-opacity":"","overlay-gradient":""},"mobile":{"background-color":"var(--ast-global-color-5)","background-image":"","background-repeat":"repeat","background-position":"center center","background-size":"auto","background-attachment":"scroll","background-type":"","background-media":"","overlay-type":"","overlay-color":"","overlay-opacity":"","overlay-gradient":""}}},"product_brand":[],"product_cat":[1559],"product_tag":[],"class_list":{"0":"post-32791","1":"product","2":"type-product","3":"status-publish","4":"has-post-thumbnail","6":"product_cat-kit-convertible-multi-bande-billard-americain-francais-snooker","7":"product_shipping_class-billard","8":"desktop-align-center","9":"tablet-align-left","10":"mobile-align-left","12":"first","13":"instock","14":"taxable","15":"shipping-taxable","16":"purchasable","17":"product-type-variable"},"yoast_head":"<!-- This site is optimized with the Yoast SEO plugin v27.5 - https:\/\/yoast.com\/product\/yoast-seo-wordpress\/ -->\n<title>Acheter Kit convertible multi bandes Billard Americain \/ Fran\u00e7ais \/ Snooker - The World Billiards<\/title>\n<meta name=\"description\" content=\"https:\/\/www.youtube.com\/watch?v=YUzghdeEWHE  Ce syst\u00e8me de bandes interchangeables s&#039;adapte \u00e0 toutes les tables de Billard Am\u00e9ricain  Un syst\u00e8me unique techniquement parfait, sans l&#039;aide d&#039;outils ou des vis pour changer les bandes d&#039;Am\u00e9ricain pour billard Fran\u00e7ais o Snooker  Nous respectons les diff\u00e9rents jeux puisque la hauteur de la gomme des bandes de billard Fran\u00e7ais doit \u00eatre plus haute que les bandes d&#039;Am\u00e9ricain parce que les boules de billard Fran\u00e7ais sont plus grandes. L&#039;application de ce syst\u00e8me est essentielle pour \u00e9viter les sorties inattendues des boules de la table, est ainsi vous obtenez la technique d\u00e9sir\u00e9e plus facilement.  Ce proc\u00e9d\u00e9 est simple \u00e0 mettre en \u0153uvre, donc efficace.  En clipant les bandes, les poches sont obtur\u00e9es. Le billard est pr\u00eat pour le jeu fran\u00e7ais (apr\u00e8s mise en place des bandes) sans perte de surface de jeu ainsi que la qualit\u00e9 de jeu.    Autres mesures contactez-nous svp   *Syst\u00e8me Enregistr\u00e9 et Brevet\u00e9  https:\/\/www.tiktok.com\/@theworldbilliards.com\/video\/7566955742012509462\" \/>\n<meta name=\"robots\" content=\"index, follow, max-snippet:-1, max-image-preview:large, max-video-preview:-1\" \/>\n<link rel=\"canonical\" href=\"https:\/\/theworldbilliards.com\/fr\/produit\/kit-convertible-multi-bandes-billard-americain-francais-snooker\/\" \/>\n<meta property=\"og:locale\" content=\"fr_FR\" \/>\n<meta property=\"og:type\" content=\"article\" \/>\n<meta property=\"og:title\" content=\"Acheter Kit convertible multi bandes Billard Americain \/ Fran\u00e7ais \/ Snooker - The World Billiards\" \/>\n<meta property=\"og:description\" content=\"https:\/\/www.youtube.com\/watch?v=YUzghdeEWHE  Ce syst\u00e8me de bandes interchangeables s&#039;adapte \u00e0 toutes les tables de Billard Am\u00e9ricain  Un syst\u00e8me unique techniquement parfait, sans l&#039;aide d&#039;outils ou des vis pour changer les bandes d&#039;Am\u00e9ricain pour billard Fran\u00e7ais o Snooker  Nous respectons les diff\u00e9rents jeux puisque la hauteur de la gomme des bandes de billard Fran\u00e7ais doit \u00eatre plus haute que les bandes d&#039;Am\u00e9ricain parce que les boules de billard Fran\u00e7ais sont plus grandes. L&#039;application de ce syst\u00e8me est essentielle pour \u00e9viter les sorties inattendues des boules de la table, est ainsi vous obtenez la technique d\u00e9sir\u00e9e plus facilement.  Ce proc\u00e9d\u00e9 est simple \u00e0 mettre en \u0153uvre, donc efficace.  En clipant les bandes, les poches sont obtur\u00e9es. Le billard est pr\u00eat pour le jeu fran\u00e7ais (apr\u00e8s mise en place des bandes) sans perte de surface de jeu ainsi que la qualit\u00e9 de jeu.    Autres mesures contactez-nous svp   *Syst\u00e8me Enregistr\u00e9 et Brevet\u00e9  https:\/\/www.tiktok.com\/@theworldbilliards.com\/video\/7566955742012509462\" \/>\n<meta property=\"og:url\" content=\"https:\/\/theworldbilliards.com\/fr\/produit\/kit-convertible-multi-bandes-billard-americain-francais-snooker\/\" \/>\n<meta property=\"og:site_name\" content=\"The World Billiards\" \/>\n<meta property=\"article:publisher\" content=\"https:\/\/www.facebook.com\/baby.foot.superbes\" \/>\n<meta property=\"article:modified_time\" content=\"2025-10-30T10:32:56+00:00\" \/>\n<meta property=\"og:image\" content=\"https:\/\/theworldbilliards.com\/wp-content\/uploads\/2017\/02\/kit-billar-convertible.jpg\" \/>\n\t<meta property=\"og:image:width\" content=\"1080\" \/>\n\t<meta property=\"og:image:height\" content=\"1080\" \/>\n\t<meta property=\"og:image:type\" content=\"image\/jpeg\" \/>\n<meta name=\"twitter:card\" content=\"summary_large_image\" \/>\n<script type=\"application\/ld+json\" class=\"yoast-schema-graph\">{\"@context\":\"https:\\\/\\\/schema.org\",\"@graph\":[{\"@type\":\"WebPage\",\"@id\":\"https:\\\/\\\/theworldbilliards.com\\\/fr\\\/produit\\\/kit-convertible-multi-bandes-billard-americain-francais-snooker\\\/\",\"url\":\"https:\\\/\\\/theworldbilliards.com\\\/fr\\\/produit\\\/kit-convertible-multi-bandes-billard-americain-francais-snooker\\\/\",\"name\":\"Acheter Kit convertible multi bandes Billard Americain \\\/ Fran\u00e7ais \\\/ Snooker - The World Billiards\",\"isPartOf\":{\"@id\":\"https:\\\/\\\/theworldbilliards.com\\\/fr\\\/#website\"},\"primaryImageOfPage\":{\"@id\":\"https:\\\/\\\/theworldbilliards.com\\\/fr\\\/produit\\\/kit-convertible-multi-bandes-billard-americain-francais-snooker\\\/#primaryimage\"},\"image\":{\"@id\":\"https:\\\/\\\/theworldbilliards.com\\\/fr\\\/produit\\\/kit-convertible-multi-bandes-billard-americain-francais-snooker\\\/#primaryimage\"},\"thumbnailUrl\":\"https:\\\/\\\/theworldbilliards.com\\\/wp-content\\\/uploads\\\/2017\\\/02\\\/kit-billar-convertible.jpg\",\"datePublished\":\"2017-02-13T12:15:15+00:00\",\"dateModified\":\"2025-10-30T10:32:56+00:00\",\"description\":\"https:\\\/\\\/www.youtube.com\\\/watch?v=YUzghdeEWHE Ce syst\u00e8me de bandes interchangeables s'adapte \u00e0 toutes les tables de Billard Am\u00e9ricain Un syst\u00e8me unique techniquement parfait, sans l'aide d'outils ou des vis pour changer les bandes d'Am\u00e9ricain pour billard Fran\u00e7ais o Snooker Nous respectons les diff\u00e9rents jeux puisque la hauteur de la gomme des bandes de billard Fran\u00e7ais doit \u00eatre plus haute que les bandes d'Am\u00e9ricain parce que les boules de billard Fran\u00e7ais sont plus grandes. L'application de ce syst\u00e8me est essentielle pour \u00e9viter les sorties inattendues des boules de la table, est ainsi vous obtenez la technique d\u00e9sir\u00e9e plus facilement. Ce proc\u00e9d\u00e9 est simple \u00e0 mettre en \u0153uvre, donc efficace. En clipant les bandes, les poches sont obtur\u00e9es. Le billard est pr\u00eat pour le jeu fran\u00e7ais (apr\u00e8s mise en place des bandes) sans perte de surface de jeu ainsi que la qualit\u00e9 de jeu. Autres mesures contactez-nous svp *Syst\u00e8me Enregistr\u00e9 et Brevet\u00e9 https:\\\/\\\/www.tiktok.com\\\/@theworldbilliards.com\\\/video\\\/7566955742012509462\",\"breadcrumb\":{\"@id\":\"https:\\\/\\\/theworldbilliards.com\\\/fr\\\/produit\\\/kit-convertible-multi-bandes-billard-americain-francais-snooker\\\/#breadcrumb\"},\"inLanguage\":\"fr-FR\",\"potentialAction\":[{\"@type\":\"ReadAction\",\"target\":[\"https:\\\/\\\/theworldbilliards.com\\\/fr\\\/produit\\\/kit-convertible-multi-bandes-billard-americain-francais-snooker\\\/\"]}]},{\"@type\":\"ImageObject\",\"inLanguage\":\"fr-FR\",\"@id\":\"https:\\\/\\\/theworldbilliards.com\\\/fr\\\/produit\\\/kit-convertible-multi-bandes-billard-americain-francais-snooker\\\/#primaryimage\",\"url\":\"https:\\\/\\\/theworldbilliards.com\\\/wp-content\\\/uploads\\\/2017\\\/02\\\/kit-billar-convertible.jpg\",\"contentUrl\":\"https:\\\/\\\/theworldbilliards.com\\\/wp-content\\\/uploads\\\/2017\\\/02\\\/kit-billar-convertible.jpg\",\"width\":1080,\"height\":1080},{\"@type\":\"BreadcrumbList\",\"@id\":\"https:\\\/\\\/theworldbilliards.com\\\/fr\\\/produit\\\/kit-convertible-multi-bandes-billard-americain-francais-snooker\\\/#breadcrumb\",\"itemListElement\":[{\"@type\":\"ListItem\",\"position\":1,\"name\":\"In\u00edcio\",\"item\":\"https:\\\/\\\/theworldbilliards.com\\\/fr\\\/\"},{\"@type\":\"ListItem\",\"position\":2,\"name\":\"Boutique en ligne\",\"item\":\"https:\\\/\\\/theworldbilliards.com\\\/fr\\\/boutique-theworldbilliards\\\/\"},{\"@type\":\"ListItem\",\"position\":3,\"name\":\"Kit convertible multi bandes Billard Americain \\\/ Fran\u00e7ais \\\/ Snooker\"}]},{\"@type\":\"WebSite\",\"@id\":\"https:\\\/\\\/theworldbilliards.com\\\/fr\\\/#website\",\"url\":\"https:\\\/\\\/theworldbilliards.com\\\/fr\\\/\",\"name\":\"TheWorldBilliards\",\"description\":\"Achetez ici billard, baby-foot, ping-pong et bowling\",\"publisher\":{\"@id\":\"https:\\\/\\\/theworldbilliards.com\\\/fr\\\/#organization\"},\"alternateName\":\"The world billiards\",\"potentialAction\":[{\"@type\":\"SearchAction\",\"target\":{\"@type\":\"EntryPoint\",\"urlTemplate\":\"https:\\\/\\\/theworldbilliards.com\\\/fr\\\/?s={search_term_string}\"},\"query-input\":{\"@type\":\"PropertyValueSpecification\",\"valueRequired\":true,\"valueName\":\"search_term_string\"}}],\"inLanguage\":\"fr-FR\"},{\"@type\":\"Organization\",\"@id\":\"https:\\\/\\\/theworldbilliards.com\\\/fr\\\/#organization\",\"name\":\"The World Billiards\",\"alternateName\":\"The World Billiards\",\"url\":\"https:\\\/\\\/theworldbilliards.com\\\/fr\\\/\",\"logo\":{\"@type\":\"ImageObject\",\"inLanguage\":\"fr-FR\",\"@id\":\"https:\\\/\\\/theworldbilliards.com\\\/fr\\\/#\\\/schema\\\/logo\\\/image\\\/\",\"url\":\"\",\"contentUrl\":\"\",\"caption\":\"The World Billiards\"},\"image\":{\"@id\":\"https:\\\/\\\/theworldbilliards.com\\\/fr\\\/#\\\/schema\\\/logo\\\/image\\\/\"},\"sameAs\":[\"https:\\\/\\\/www.facebook.com\\\/baby.foot.superbes\",\"https:\\\/\\\/www.youtube.com\\\/channel\\\/UCIMuOVAaUcH6UpZcsZlH0Tg\",\"https:\\\/\\\/www.facebook.com\\\/people\\\/Brunswick-Billiards-EspaaPortugal\\\/100066446264309\\\/\",\"https:\\\/\\\/www.instagram.com\\\/the_world_billiards\\\/\",\"https:\\\/\\\/www.pinterest.es\\\/Theworldbilliards\\\/\"]}]}<\/script>\n<!-- \/ Yoast SEO plugin. -->","yoast_head_json":{"title":"Acheter Kit convertible multi bandes Billard Americain \/ Fran\u00e7ais \/ Snooker - The World Billiards","description":"https:\/\/www.youtube.com\/watch?v=YUzghdeEWHE  Ce syst\u00e8me de bandes interchangeables s'adapte \u00e0 toutes les tables de Billard Am\u00e9ricain  Un syst\u00e8me unique techniquement parfait, sans l'aide d'outils ou des vis pour changer les bandes d'Am\u00e9ricain pour billard Fran\u00e7ais o Snooker  Nous respectons les diff\u00e9rents jeux puisque la hauteur de la gomme des bandes de billard Fran\u00e7ais doit \u00eatre plus haute que les bandes d'Am\u00e9ricain parce que les boules de billard Fran\u00e7ais sont plus grandes. L'application de ce syst\u00e8me est essentielle pour \u00e9viter les sorties inattendues des boules de la table, est ainsi vous obtenez la technique d\u00e9sir\u00e9e plus facilement.  Ce proc\u00e9d\u00e9 est simple \u00e0 mettre en \u0153uvre, donc efficace.  En clipant les bandes, les poches sont obtur\u00e9es. Le billard est pr\u00eat pour le jeu fran\u00e7ais (apr\u00e8s mise en place des bandes) sans perte de surface de jeu ainsi que la qualit\u00e9 de jeu.    Autres mesures contactez-nous svp   *Syst\u00e8me Enregistr\u00e9 et Brevet\u00e9  https:\/\/www.tiktok.com\/@theworldbilliards.com\/video\/7566955742012509462","robots":{"index":"index","follow":"follow","max-snippet":"max-snippet:-1","max-image-preview":"max-image-preview:large","max-video-preview":"max-video-preview:-1"},"canonical":"https:\/\/theworldbilliards.com\/fr\/produit\/kit-convertible-multi-bandes-billard-americain-francais-snooker\/","og_locale":"fr_FR","og_type":"article","og_title":"Acheter Kit convertible multi bandes Billard Americain \/ Fran\u00e7ais \/ Snooker - The World Billiards","og_description":"https:\/\/www.youtube.com\/watch?v=YUzghdeEWHE  Ce syst\u00e8me de bandes interchangeables s'adapte \u00e0 toutes les tables de Billard Am\u00e9ricain  Un syst\u00e8me unique techniquement parfait, sans l'aide d'outils ou des vis pour changer les bandes d'Am\u00e9ricain pour billard Fran\u00e7ais o Snooker  Nous respectons les diff\u00e9rents jeux puisque la hauteur de la gomme des bandes de billard Fran\u00e7ais doit \u00eatre plus haute que les bandes d'Am\u00e9ricain parce que les boules de billard Fran\u00e7ais sont plus grandes. L'application de ce syst\u00e8me est essentielle pour \u00e9viter les sorties inattendues des boules de la table, est ainsi vous obtenez la technique d\u00e9sir\u00e9e plus facilement.  Ce proc\u00e9d\u00e9 est simple \u00e0 mettre en \u0153uvre, donc efficace.  En clipant les bandes, les poches sont obtur\u00e9es. Le billard est pr\u00eat pour le jeu fran\u00e7ais (apr\u00e8s mise en place des bandes) sans perte de surface de jeu ainsi que la qualit\u00e9 de jeu.    Autres mesures contactez-nous svp   *Syst\u00e8me Enregistr\u00e9 et Brevet\u00e9  https:\/\/www.tiktok.com\/@theworldbilliards.com\/video\/7566955742012509462","og_url":"https:\/\/theworldbilliards.com\/fr\/produit\/kit-convertible-multi-bandes-billard-americain-francais-snooker\/","og_site_name":"The World Billiards","article_publisher":"https:\/\/www.facebook.com\/baby.foot.superbes","article_modified_time":"2025-10-30T10:32:56+00:00","og_image":[{"width":1080,"height":1080,"url":"https:\/\/theworldbilliards.com\/wp-content\/uploads\/2017\/02\/kit-billar-convertible.jpg","type":"image\/jpeg"}],"twitter_card":"summary_large_image","schema":{"@context":"https:\/\/schema.org","@graph":[{"@type":"WebPage","@id":"https:\/\/theworldbilliards.com\/fr\/produit\/kit-convertible-multi-bandes-billard-americain-francais-snooker\/","url":"https:\/\/theworldbilliards.com\/fr\/produit\/kit-convertible-multi-bandes-billard-americain-francais-snooker\/","name":"Acheter Kit convertible multi bandes Billard Americain \/ Fran\u00e7ais \/ Snooker - The World Billiards","isPartOf":{"@id":"https:\/\/theworldbilliards.com\/fr\/#website"},"primaryImageOfPage":{"@id":"https:\/\/theworldbilliards.com\/fr\/produit\/kit-convertible-multi-bandes-billard-americain-francais-snooker\/#primaryimage"},"image":{"@id":"https:\/\/theworldbilliards.com\/fr\/produit\/kit-convertible-multi-bandes-billard-americain-francais-snooker\/#primaryimage"},"thumbnailUrl":"https:\/\/theworldbilliards.com\/wp-content\/uploads\/2017\/02\/kit-billar-convertible.jpg","datePublished":"2017-02-13T12:15:15+00:00","dateModified":"2025-10-30T10:32:56+00:00","description":"https:\/\/www.youtube.com\/watch?v=YUzghdeEWHE Ce syst\u00e8me de bandes interchangeables s'adapte \u00e0 toutes les tables de Billard Am\u00e9ricain Un syst\u00e8me unique techniquement parfait, sans l'aide d'outils ou des vis pour changer les bandes d'Am\u00e9ricain pour billard Fran\u00e7ais o Snooker Nous respectons les diff\u00e9rents jeux puisque la hauteur de la gomme des bandes de billard Fran\u00e7ais doit \u00eatre plus haute que les bandes d'Am\u00e9ricain parce que les boules de billard Fran\u00e7ais sont plus grandes. L'application de ce syst\u00e8me est essentielle pour \u00e9viter les sorties inattendues des boules de la table, est ainsi vous obtenez la technique d\u00e9sir\u00e9e plus facilement. Ce proc\u00e9d\u00e9 est simple \u00e0 mettre en \u0153uvre, donc efficace. En clipant les bandes, les poches sont obtur\u00e9es. Le billard est pr\u00eat pour le jeu fran\u00e7ais (apr\u00e8s mise en place des bandes) sans perte de surface de jeu ainsi que la qualit\u00e9 de jeu. Autres mesures contactez-nous svp *Syst\u00e8me Enregistr\u00e9 et Brevet\u00e9 https:\/\/www.tiktok.com\/@theworldbilliards.com\/video\/7566955742012509462","breadcrumb":{"@id":"https:\/\/theworldbilliards.com\/fr\/produit\/kit-convertible-multi-bandes-billard-americain-francais-snooker\/#breadcrumb"},"inLanguage":"fr-FR","potentialAction":[{"@type":"ReadAction","target":["https:\/\/theworldbilliards.com\/fr\/produit\/kit-convertible-multi-bandes-billard-americain-francais-snooker\/"]}]},{"@type":"ImageObject","inLanguage":"fr-FR","@id":"https:\/\/theworldbilliards.com\/fr\/produit\/kit-convertible-multi-bandes-billard-americain-francais-snooker\/#primaryimage","url":"https:\/\/theworldbilliards.com\/wp-content\/uploads\/2017\/02\/kit-billar-convertible.jpg","contentUrl":"https:\/\/theworldbilliards.com\/wp-content\/uploads\/2017\/02\/kit-billar-convertible.jpg","width":1080,"height":1080},{"@type":"BreadcrumbList","@id":"https:\/\/theworldbilliards.com\/fr\/produit\/kit-convertible-multi-bandes-billard-americain-francais-snooker\/#breadcrumb","itemListElement":[{"@type":"ListItem","position":1,"name":"In\u00edcio","item":"https:\/\/theworldbilliards.com\/fr\/"},{"@type":"ListItem","position":2,"name":"Boutique en ligne","item":"https:\/\/theworldbilliards.com\/fr\/boutique-theworldbilliards\/"},{"@type":"ListItem","position":3,"name":"Kit convertible multi bandes Billard Americain \/ Fran\u00e7ais \/ Snooker"}]},{"@type":"WebSite","@id":"https:\/\/theworldbilliards.com\/fr\/#website","url":"https:\/\/theworldbilliards.com\/fr\/","name":"TheWorldBilliards","description":"Achetez ici billard, baby-foot, ping-pong et bowling","publisher":{"@id":"https:\/\/theworldbilliards.com\/fr\/#organization"},"alternateName":"The world billiards","potentialAction":[{"@type":"SearchAction","target":{"@type":"EntryPoint","urlTemplate":"https:\/\/theworldbilliards.com\/fr\/?s={search_term_string}"},"query-input":{"@type":"PropertyValueSpecification","valueRequired":true,"valueName":"search_term_string"}}],"inLanguage":"fr-FR"},{"@type":"Organization","@id":"https:\/\/theworldbilliards.com\/fr\/#organization","name":"The World Billiards","alternateName":"The World Billiards","url":"https:\/\/theworldbilliards.com\/fr\/","logo":{"@type":"ImageObject","inLanguage":"fr-FR","@id":"https:\/\/theworldbilliards.com\/fr\/#\/schema\/logo\/image\/","url":"","contentUrl":"","caption":"The World Billiards"},"image":{"@id":"https:\/\/theworldbilliards.com\/fr\/#\/schema\/logo\/image\/"},"sameAs":["https:\/\/www.facebook.com\/baby.foot.superbes","https:\/\/www.youtube.com\/channel\/UCIMuOVAaUcH6UpZcsZlH0Tg","https:\/\/www.facebook.com\/people\/Brunswick-Billiards-EspaaPortugal\/100066446264309\/","https:\/\/www.instagram.com\/the_world_billiards\/","https:\/\/www.pinterest.es\/Theworldbilliards\/"]}]}},"_links":{"self":[{"href":"https:\/\/theworldbilliards.com\/fr\/wp-json\/wp\/v2\/product\/32791","targetHints":{"allow":["GET"]}}],"collection":[{"href":"https:\/\/theworldbilliards.com\/fr\/wp-json\/wp\/v2\/product"}],"about":[{"href":"https:\/\/theworldbilliards.com\/fr\/wp-json\/wp\/v2\/types\/product"}],"wp:featuredmedia":[{"embeddable":true,"href":"https:\/\/theworldbilliards.com\/fr\/wp-json\/wp\/v2\/media\/103211"}],"wp:attachment":[{"href":"https:\/\/theworldbilliards.com\/fr\/wp-json\/wp\/v2\/media?parent=32791"}],"wp:term":[{"taxonomy":"product_brand","embeddable":true,"href":"https:\/\/theworldbilliards.com\/fr\/wp-json\/wp\/v2\/product_brand?post=32791"},{"taxonomy":"product_cat","embeddable":true,"href":"https:\/\/theworldbilliards.com\/fr\/wp-json\/wp\/v2\/product_cat?post=32791"},{"taxonomy":"product_tag","embeddable":true,"href":"https:\/\/theworldbilliards.com\/fr\/wp-json\/wp\/v2\/product_tag?post=32791"}],"curies":[{"name":"wp","href":"https:\/\/api.w.org\/{rel}","templated":true}]}}