{"id":33715,"date":"2017-05-24T09:33:29","date_gmt":"2017-05-24T07:33:29","guid":{"rendered":"http:\/\/www.theworldbilliards.com\/?post_type=product&#038;p=33715\/"},"modified":"2020-03-24T09:47:11","modified_gmt":"2020-03-24T08:47:11","slug":"bois-balsa-carbon-x7","status":"publish","type":"product","link":"https:\/\/theworldbilliards.com\/fr\/produit\/bois-balsa-carbon-x7\/","title":{"rendered":"Bois Balsa Carbon X7"},"content":{"rendered":"<p>Le raquette BALSACARBON X7 combine le bois de balsa ,\u00a0 carbone dure et placages rigides ce qui entra\u00eene une grande rigidit\u00e9 qui permet une vitesse in\u00e9gal\u00e9e et jeu offensif de puissance. \u00a0M\u00eame avec des Drives passives \u00f3u d\u00eas contre attaques, le X7 BALSACARBON est adapt\u00e9 pour les variations les plus importantes du jeu dans les jeux de haut-d\u00e9bit<\/p>\n<p>Stratifi\u00e9s: 7 et deux couches de carbone, 7mm<\/p>\n<p>Mesure: R\u00e9gulier<\/p>\n<p>Type: Offensive<\/p>\n<p>Poids: 87G<\/p>\n","protected":false},"excerpt":{"rendered":"<p>Le raquette BALSACARBON X7 combine le bois de balsa ,\u00a0 carbone dure et placages rigides ce qui entra\u00eene une grande [&hellip;]<\/p>\n","protected":false},"featured_media":46405,"template":"","meta":{"site-sidebar-layout":"default","site-content-layout":"","ast-site-content-layout":"default","site-content-style":"default","site-sidebar-style":"default","ast-global-header-display":"","ast-banner-title-visibility":"","ast-main-header-display":"","ast-hfb-above-header-display":"","ast-hfb-below-header-display":"","ast-hfb-mobile-header-display":"","site-post-title":"","ast-breadcrumbs-content":"","ast-featured-img":"","footer-sml-layout":"","ast-disable-related-posts":"","theme-transparent-header-meta":"default","adv-header-id-meta":"","stick-header-meta":"","header-above-stick-meta":"","header-main-stick-meta":"","header-below-stick-meta":"","astra-migrate-meta-layouts":"default","ast-page-background-enabled":"default","ast-page-background-meta":{"desktop":{"background-color":"var(--ast-global-color-4)","background-image":"","background-repeat":"repeat","background-position":"center center","background-size":"auto","background-attachment":"scroll","background-type":"","background-media":"","overlay-type":"","overlay-color":"","overlay-opacity":"","overlay-gradient":""},"tablet":{"background-color":"","background-image":"","background-repeat":"repeat","background-position":"center center","background-size":"auto","background-attachment":"scroll","background-type":"","background-media":"","overlay-type":"","overlay-color":"","overlay-opacity":"","overlay-gradient":""},"mobile":{"background-color":"","background-image":"","background-repeat":"repeat","background-position":"center center","background-size":"auto","background-attachment":"scroll","background-type":"","background-media":"","overlay-type":"","overlay-color":"","overlay-opacity":"","overlay-gradient":""}},"ast-content-background-meta":{"desktop":{"background-color":"var(--ast-global-color-5)","background-image":"","background-repeat":"repeat","background-position":"center center","background-size":"auto","background-attachment":"scroll","background-type":"","background-media":"","overlay-type":"","overlay-color":"","overlay-opacity":"","overlay-gradient":""},"tablet":{"background-color":"var(--ast-global-color-5)","background-image":"","background-repeat":"repeat","background-position":"center center","background-size":"auto","background-attachment":"scroll","background-type":"","background-media":"","overlay-type":"","overlay-color":"","overlay-opacity":"","overlay-gradient":""},"mobile":{"background-color":"var(--ast-global-color-5)","background-image":"","background-repeat":"repeat","background-position":"center center","background-size":"auto","background-attachment":"scroll","background-type":"","background-media":"","overlay-type":"","overlay-color":"","overlay-opacity":"","overlay-gradient":""}}},"product_brand":[],"product_cat":[1768],"product_tag":[],"class_list":{"0":"post-33715","1":"product","2":"type-product","3":"status-publish","4":"has-post-thumbnail","6":"product_cat-acessoires-tennis-de-table","7":"product_shipping_class-accessoires","8":"desktop-align-center","9":"tablet-align-left","10":"mobile-align-left","12":"first","13":"instock","14":"taxable","15":"shipping-taxable","16":"purchasable","17":"product-type-simple"},"yoast_head":"<!-- This site is optimized with the Yoast SEO plugin v27.5 - https:\/\/yoast.com\/product\/yoast-seo-wordpress\/ -->\n<title>Acheter Bois Balsa Carbon X7 - The World Billiards<\/title>\n<meta name=\"description\" content=\"Le raquette BALSACARBON X7 combine le bois de balsa ,\u00a0 carbone dure et placages rigides ce qui entra\u00eene une grande rigidit\u00e9 qui permet une vitesse in\u00e9gal\u00e9e et jeu offensif de puissance. \u00a0M\u00eame avec des Drives passives \u00f3u d\u00eas contre attaques, le X7 BALSACARBON est adapt\u00e9 pour les variations les plus importantes du jeu dans les jeux de haut-d\u00e9bit  Stratifi\u00e9s: 7 et deux couches de carbone, 7mm  Mesure: R\u00e9gulier  Type: Offensive  Poids: 87G\" \/>\n<meta name=\"robots\" content=\"index, follow, max-snippet:-1, max-image-preview:large, max-video-preview:-1\" \/>\n<link rel=\"canonical\" href=\"https:\/\/theworldbilliards.com\/fr\/produit\/bois-balsa-carbon-x7\/\" \/>\n<meta property=\"og:locale\" content=\"fr_FR\" \/>\n<meta property=\"og:type\" content=\"article\" \/>\n<meta property=\"og:title\" content=\"Acheter Bois Balsa Carbon X7 - The World Billiards\" \/>\n<meta property=\"og:description\" content=\"Le raquette BALSACARBON X7 combine le bois de balsa ,\u00a0 carbone dure et placages rigides ce qui entra\u00eene une grande rigidit\u00e9 qui permet une vitesse in\u00e9gal\u00e9e et jeu offensif de puissance. \u00a0M\u00eame avec des Drives passives \u00f3u d\u00eas contre attaques, le X7 BALSACARBON est adapt\u00e9 pour les variations les plus importantes du jeu dans les jeux de haut-d\u00e9bit  Stratifi\u00e9s: 7 et deux couches de carbone, 7mm  Mesure: R\u00e9gulier  Type: Offensive  Poids: 87G\" \/>\n<meta property=\"og:url\" content=\"https:\/\/theworldbilliards.com\/fr\/produit\/bois-balsa-carbon-x7\/\" \/>\n<meta property=\"og:site_name\" content=\"The World Billiards\" \/>\n<meta property=\"article:publisher\" content=\"https:\/\/www.facebook.com\/baby.foot.superbes\" \/>\n<meta property=\"article:modified_time\" content=\"2020-03-24T08:47:11+00:00\" \/>\n<meta property=\"og:image\" content=\"https:\/\/theworldbilliards.com\/wp-content\/uploads\/2018\/04\/fiberpotence-alc-classics.jpg\" \/>\n\t<meta property=\"og:image:width\" content=\"300\" \/>\n\t<meta property=\"og:image:height\" content=\"300\" \/>\n\t<meta property=\"og:image:type\" content=\"image\/jpeg\" \/>\n<meta name=\"twitter:card\" content=\"summary_large_image\" \/>\n<script type=\"application\/ld+json\" class=\"yoast-schema-graph\">{\"@context\":\"https:\\\/\\\/schema.org\",\"@graph\":[{\"@type\":\"WebPage\",\"@id\":\"https:\\\/\\\/theworldbilliards.com\\\/fr\\\/produit\\\/bois-balsa-carbon-x7\\\/\",\"url\":\"https:\\\/\\\/theworldbilliards.com\\\/fr\\\/produit\\\/bois-balsa-carbon-x7\\\/\",\"name\":\"Acheter Bois Balsa Carbon X7 - The World Billiards\",\"isPartOf\":{\"@id\":\"https:\\\/\\\/theworldbilliards.com\\\/fr\\\/#website\"},\"primaryImageOfPage\":{\"@id\":\"https:\\\/\\\/theworldbilliards.com\\\/fr\\\/produit\\\/bois-balsa-carbon-x7\\\/#primaryimage\"},\"image\":{\"@id\":\"https:\\\/\\\/theworldbilliards.com\\\/fr\\\/produit\\\/bois-balsa-carbon-x7\\\/#primaryimage\"},\"thumbnailUrl\":\"https:\\\/\\\/theworldbilliards.com\\\/wp-content\\\/uploads\\\/2018\\\/04\\\/fiberpotence-alc-classics.jpg\",\"datePublished\":\"2017-05-24T07:33:29+00:00\",\"dateModified\":\"2020-03-24T08:47:11+00:00\",\"description\":\"Le raquette BALSACARBON X7 combine le bois de balsa ,\u00a0 carbone dure et placages rigides ce qui entra\u00eene une grande rigidit\u00e9 qui permet une vitesse in\u00e9gal\u00e9e et jeu offensif de puissance. \u00a0M\u00eame avec des Drives passives \u00f3u d\u00eas contre attaques, le X7 BALSACARBON est adapt\u00e9 pour les variations les plus importantes du jeu dans les jeux de haut-d\u00e9bit Stratifi\u00e9s: 7 et deux couches de carbone, 7mm Mesure: R\u00e9gulier Type: Offensive Poids: 87G\",\"breadcrumb\":{\"@id\":\"https:\\\/\\\/theworldbilliards.com\\\/fr\\\/produit\\\/bois-balsa-carbon-x7\\\/#breadcrumb\"},\"inLanguage\":\"fr-FR\",\"potentialAction\":[{\"@type\":\"ReadAction\",\"target\":[\"https:\\\/\\\/theworldbilliards.com\\\/fr\\\/produit\\\/bois-balsa-carbon-x7\\\/\"]}]},{\"@type\":\"ImageObject\",\"inLanguage\":\"fr-FR\",\"@id\":\"https:\\\/\\\/theworldbilliards.com\\\/fr\\\/produit\\\/bois-balsa-carbon-x7\\\/#primaryimage\",\"url\":\"https:\\\/\\\/theworldbilliards.com\\\/wp-content\\\/uploads\\\/2018\\\/04\\\/fiberpotence-alc-classics.jpg\",\"contentUrl\":\"https:\\\/\\\/theworldbilliards.com\\\/wp-content\\\/uploads\\\/2018\\\/04\\\/fiberpotence-alc-classics.jpg\",\"width\":300,\"height\":300},{\"@type\":\"BreadcrumbList\",\"@id\":\"https:\\\/\\\/theworldbilliards.com\\\/fr\\\/produit\\\/bois-balsa-carbon-x7\\\/#breadcrumb\",\"itemListElement\":[{\"@type\":\"ListItem\",\"position\":1,\"name\":\"In\u00edcio\",\"item\":\"https:\\\/\\\/theworldbilliards.com\\\/fr\\\/\"},{\"@type\":\"ListItem\",\"position\":2,\"name\":\"Boutique en ligne\",\"item\":\"https:\\\/\\\/theworldbilliards.com\\\/fr\\\/boutique-theworldbilliards\\\/\"},{\"@type\":\"ListItem\",\"position\":3,\"name\":\"Bois Balsa Carbon X7\"}]},{\"@type\":\"WebSite\",\"@id\":\"https:\\\/\\\/theworldbilliards.com\\\/fr\\\/#website\",\"url\":\"https:\\\/\\\/theworldbilliards.com\\\/fr\\\/\",\"name\":\"TheWorldBilliards\",\"description\":\"Achetez ici billard, baby-foot, ping-pong et bowling\",\"publisher\":{\"@id\":\"https:\\\/\\\/theworldbilliards.com\\\/fr\\\/#organization\"},\"alternateName\":\"The world billiards\",\"potentialAction\":[{\"@type\":\"SearchAction\",\"target\":{\"@type\":\"EntryPoint\",\"urlTemplate\":\"https:\\\/\\\/theworldbilliards.com\\\/fr\\\/?s={search_term_string}\"},\"query-input\":{\"@type\":\"PropertyValueSpecification\",\"valueRequired\":true,\"valueName\":\"search_term_string\"}}],\"inLanguage\":\"fr-FR\"},{\"@type\":\"Organization\",\"@id\":\"https:\\\/\\\/theworldbilliards.com\\\/fr\\\/#organization\",\"name\":\"The World Billiards\",\"alternateName\":\"The World Billiards\",\"url\":\"https:\\\/\\\/theworldbilliards.com\\\/fr\\\/\",\"logo\":{\"@type\":\"ImageObject\",\"inLanguage\":\"fr-FR\",\"@id\":\"https:\\\/\\\/theworldbilliards.com\\\/fr\\\/#\\\/schema\\\/logo\\\/image\\\/\",\"url\":\"\",\"contentUrl\":\"\",\"caption\":\"The World Billiards\"},\"image\":{\"@id\":\"https:\\\/\\\/theworldbilliards.com\\\/fr\\\/#\\\/schema\\\/logo\\\/image\\\/\"},\"sameAs\":[\"https:\\\/\\\/www.facebook.com\\\/baby.foot.superbes\",\"https:\\\/\\\/www.youtube.com\\\/channel\\\/UCIMuOVAaUcH6UpZcsZlH0Tg\",\"https:\\\/\\\/www.facebook.com\\\/people\\\/Brunswick-Billiards-EspaaPortugal\\\/100066446264309\\\/\",\"https:\\\/\\\/www.instagram.com\\\/the_world_billiards\\\/\",\"https:\\\/\\\/www.pinterest.es\\\/Theworldbilliards\\\/\"]}]}<\/script>\n<!-- \/ Yoast SEO plugin. -->","yoast_head_json":{"title":"Acheter Bois Balsa Carbon X7 - The World Billiards","description":"Le raquette BALSACARBON X7 combine le bois de balsa ,\u00a0 carbone dure et placages rigides ce qui entra\u00eene une grande rigidit\u00e9 qui permet une vitesse in\u00e9gal\u00e9e et jeu offensif de puissance. \u00a0M\u00eame avec des Drives passives \u00f3u d\u00eas contre attaques, le X7 BALSACARBON est adapt\u00e9 pour les variations les plus importantes du jeu dans les jeux de haut-d\u00e9bit  Stratifi\u00e9s: 7 et deux couches de carbone, 7mm  Mesure: R\u00e9gulier  Type: Offensive  Poids: 87G","robots":{"index":"index","follow":"follow","max-snippet":"max-snippet:-1","max-image-preview":"max-image-preview:large","max-video-preview":"max-video-preview:-1"},"canonical":"https:\/\/theworldbilliards.com\/fr\/produit\/bois-balsa-carbon-x7\/","og_locale":"fr_FR","og_type":"article","og_title":"Acheter Bois Balsa Carbon X7 - The World Billiards","og_description":"Le raquette BALSACARBON X7 combine le bois de balsa ,\u00a0 carbone dure et placages rigides ce qui entra\u00eene une grande rigidit\u00e9 qui permet une vitesse in\u00e9gal\u00e9e et jeu offensif de puissance. \u00a0M\u00eame avec des Drives passives \u00f3u d\u00eas contre attaques, le X7 BALSACARBON est adapt\u00e9 pour les variations les plus importantes du jeu dans les jeux de haut-d\u00e9bit  Stratifi\u00e9s: 7 et deux couches de carbone, 7mm  Mesure: R\u00e9gulier  Type: Offensive  Poids: 87G","og_url":"https:\/\/theworldbilliards.com\/fr\/produit\/bois-balsa-carbon-x7\/","og_site_name":"The World Billiards","article_publisher":"https:\/\/www.facebook.com\/baby.foot.superbes","article_modified_time":"2020-03-24T08:47:11+00:00","og_image":[{"width":300,"height":300,"url":"https:\/\/theworldbilliards.com\/wp-content\/uploads\/2018\/04\/fiberpotence-alc-classics.jpg","type":"image\/jpeg"}],"twitter_card":"summary_large_image","schema":{"@context":"https:\/\/schema.org","@graph":[{"@type":"WebPage","@id":"https:\/\/theworldbilliards.com\/fr\/produit\/bois-balsa-carbon-x7\/","url":"https:\/\/theworldbilliards.com\/fr\/produit\/bois-balsa-carbon-x7\/","name":"Acheter Bois Balsa Carbon X7 - The World Billiards","isPartOf":{"@id":"https:\/\/theworldbilliards.com\/fr\/#website"},"primaryImageOfPage":{"@id":"https:\/\/theworldbilliards.com\/fr\/produit\/bois-balsa-carbon-x7\/#primaryimage"},"image":{"@id":"https:\/\/theworldbilliards.com\/fr\/produit\/bois-balsa-carbon-x7\/#primaryimage"},"thumbnailUrl":"https:\/\/theworldbilliards.com\/wp-content\/uploads\/2018\/04\/fiberpotence-alc-classics.jpg","datePublished":"2017-05-24T07:33:29+00:00","dateModified":"2020-03-24T08:47:11+00:00","description":"Le raquette BALSACARBON X7 combine le bois de balsa ,\u00a0 carbone dure et placages rigides ce qui entra\u00eene une grande rigidit\u00e9 qui permet une vitesse in\u00e9gal\u00e9e et jeu offensif de puissance. \u00a0M\u00eame avec des Drives passives \u00f3u d\u00eas contre attaques, le X7 BALSACARBON est adapt\u00e9 pour les variations les plus importantes du jeu dans les jeux de haut-d\u00e9bit Stratifi\u00e9s: 7 et deux couches de carbone, 7mm Mesure: R\u00e9gulier Type: Offensive Poids: 87G","breadcrumb":{"@id":"https:\/\/theworldbilliards.com\/fr\/produit\/bois-balsa-carbon-x7\/#breadcrumb"},"inLanguage":"fr-FR","potentialAction":[{"@type":"ReadAction","target":["https:\/\/theworldbilliards.com\/fr\/produit\/bois-balsa-carbon-x7\/"]}]},{"@type":"ImageObject","inLanguage":"fr-FR","@id":"https:\/\/theworldbilliards.com\/fr\/produit\/bois-balsa-carbon-x7\/#primaryimage","url":"https:\/\/theworldbilliards.com\/wp-content\/uploads\/2018\/04\/fiberpotence-alc-classics.jpg","contentUrl":"https:\/\/theworldbilliards.com\/wp-content\/uploads\/2018\/04\/fiberpotence-alc-classics.jpg","width":300,"height":300},{"@type":"BreadcrumbList","@id":"https:\/\/theworldbilliards.com\/fr\/produit\/bois-balsa-carbon-x7\/#breadcrumb","itemListElement":[{"@type":"ListItem","position":1,"name":"In\u00edcio","item":"https:\/\/theworldbilliards.com\/fr\/"},{"@type":"ListItem","position":2,"name":"Boutique en ligne","item":"https:\/\/theworldbilliards.com\/fr\/boutique-theworldbilliards\/"},{"@type":"ListItem","position":3,"name":"Bois Balsa Carbon X7"}]},{"@type":"WebSite","@id":"https:\/\/theworldbilliards.com\/fr\/#website","url":"https:\/\/theworldbilliards.com\/fr\/","name":"TheWorldBilliards","description":"Achetez ici billard, baby-foot, ping-pong et bowling","publisher":{"@id":"https:\/\/theworldbilliards.com\/fr\/#organization"},"alternateName":"The world billiards","potentialAction":[{"@type":"SearchAction","target":{"@type":"EntryPoint","urlTemplate":"https:\/\/theworldbilliards.com\/fr\/?s={search_term_string}"},"query-input":{"@type":"PropertyValueSpecification","valueRequired":true,"valueName":"search_term_string"}}],"inLanguage":"fr-FR"},{"@type":"Organization","@id":"https:\/\/theworldbilliards.com\/fr\/#organization","name":"The World Billiards","alternateName":"The World Billiards","url":"https:\/\/theworldbilliards.com\/fr\/","logo":{"@type":"ImageObject","inLanguage":"fr-FR","@id":"https:\/\/theworldbilliards.com\/fr\/#\/schema\/logo\/image\/","url":"","contentUrl":"","caption":"The World Billiards"},"image":{"@id":"https:\/\/theworldbilliards.com\/fr\/#\/schema\/logo\/image\/"},"sameAs":["https:\/\/www.facebook.com\/baby.foot.superbes","https:\/\/www.youtube.com\/channel\/UCIMuOVAaUcH6UpZcsZlH0Tg","https:\/\/www.facebook.com\/people\/Brunswick-Billiards-EspaaPortugal\/100066446264309\/","https:\/\/www.instagram.com\/the_world_billiards\/","https:\/\/www.pinterest.es\/Theworldbilliards\/"]}]}},"_links":{"self":[{"href":"https:\/\/theworldbilliards.com\/fr\/wp-json\/wp\/v2\/product\/33715","targetHints":{"allow":["GET"]}}],"collection":[{"href":"https:\/\/theworldbilliards.com\/fr\/wp-json\/wp\/v2\/product"}],"about":[{"href":"https:\/\/theworldbilliards.com\/fr\/wp-json\/wp\/v2\/types\/product"}],"wp:featuredmedia":[{"embeddable":true,"href":"https:\/\/theworldbilliards.com\/fr\/wp-json\/wp\/v2\/media\/46405"}],"wp:attachment":[{"href":"https:\/\/theworldbilliards.com\/fr\/wp-json\/wp\/v2\/media?parent=33715"}],"wp:term":[{"taxonomy":"product_brand","embeddable":true,"href":"https:\/\/theworldbilliards.com\/fr\/wp-json\/wp\/v2\/product_brand?post=33715"},{"taxonomy":"product_cat","embeddable":true,"href":"https:\/\/theworldbilliards.com\/fr\/wp-json\/wp\/v2\/product_cat?post=33715"},{"taxonomy":"product_tag","embeddable":true,"href":"https:\/\/theworldbilliards.com\/fr\/wp-json\/wp\/v2\/product_tag?post=33715"}],"curies":[{"name":"wp","href":"https:\/\/api.w.org\/{rel}","templated":true}]}}