{"id":33740,"date":"2017-05-25T10:31:36","date_gmt":"2017-05-25T08:31:36","guid":{"rendered":"http:\/\/www.theworldbilliards.com\/?post_type=product&#038;p=33740\/"},"modified":"2025-06-16T13:57:17","modified_gmt":"2025-06-16T11:57:17","slug":"revetement-topenergy-soft","status":"publish","type":"product","link":"https:\/\/theworldbilliards.com\/fr\/produit\/revetement-topenergy-soft\/","title":{"rendered":"Rev\u00eatement TopEnergy Soft"},"content":{"rendered":"<p>C\u2019est pas n\u00e9cessaire colle rapide. La colle rapide qui a \u00e9t\u00e9 utilis\u00e9 pour aider de nombreux joueurs de tennis de table, fait d&rsquo;eux des champions du monde, mais pour les futur\u00a0 joueurs \u00e7a\u00a0 c&rsquo;est de l&rsquo;histoire. De nouvelles r\u00e8gles exigent de nouvelles technologies et de nouvelles solutions.<\/p>\n<p>Giant Dragon a mis au point une nouvelle technologie de \u00abDurable Tension \u00bb, qui sera votre nouveau choix. La technologie\u00a0 \u00abDurable Tension \u00a0\u00bb signifie que le caoutchouc est soumis \u00e0 un traitement sp\u00e9cial de compression qui permet une plus grande durabilit\u00e9 et la flexibilit\u00e9, en utilisant une technique sp\u00e9ciale qui remplit les pores et augmente le caoutchouc. La surface de caoutchouc souffre \u00e9galement un traitement sp\u00e9cial qui lui donne la capacit\u00e9 d&rsquo;adh\u00e9rence et de r\u00e9sistance \u00e9lev\u00e9e, qui dans le jeu se traduit \u00e1 un forte \u00ab\u00a0spin\u00a0\u00bb\u00a0 L&rsquo;\u00e9quipe de d\u00e9veloppement a cr\u00e9\u00e9 ce caoutchouc sp\u00e9cial \u00e0 haute \u00e9lasticit\u00e9 et l&rsquo;effet de retour.\u00a0 Spin: 11,5\u00a0 Vitesse: 13,5\u00a0 Epaisseur: 1,75 \/ 1,95 \/ 2,15 mm<\/p>\n","protected":false},"excerpt":{"rendered":"<p>C\u2019est pas n\u00e9cessaire colle rapide. La colle rapide qui a \u00e9t\u00e9 utilis\u00e9 pour aider de nombreux joueurs de tennis de [&hellip;]<\/p>\n","protected":false},"featured_media":46421,"template":"","meta":{"site-sidebar-layout":"default","site-content-layout":"","ast-site-content-layout":"default","site-content-style":"default","site-sidebar-style":"default","ast-global-header-display":"","ast-banner-title-visibility":"","ast-main-header-display":"","ast-hfb-above-header-display":"","ast-hfb-below-header-display":"","ast-hfb-mobile-header-display":"","site-post-title":"","ast-breadcrumbs-content":"","ast-featured-img":"","footer-sml-layout":"","ast-disable-related-posts":"","theme-transparent-header-meta":"default","adv-header-id-meta":"","stick-header-meta":"","header-above-stick-meta":"","header-main-stick-meta":"","header-below-stick-meta":"","astra-migrate-meta-layouts":"default","ast-page-background-enabled":"default","ast-page-background-meta":{"desktop":{"background-color":"var(--ast-global-color-4)","background-image":"","background-repeat":"repeat","background-position":"center center","background-size":"auto","background-attachment":"scroll","background-type":"","background-media":"","overlay-type":"","overlay-color":"","overlay-opacity":"","overlay-gradient":""},"tablet":{"background-color":"","background-image":"","background-repeat":"repeat","background-position":"center center","background-size":"auto","background-attachment":"scroll","background-type":"","background-media":"","overlay-type":"","overlay-color":"","overlay-opacity":"","overlay-gradient":""},"mobile":{"background-color":"","background-image":"","background-repeat":"repeat","background-position":"center center","background-size":"auto","background-attachment":"scroll","background-type":"","background-media":"","overlay-type":"","overlay-color":"","overlay-opacity":"","overlay-gradient":""}},"ast-content-background-meta":{"desktop":{"background-color":"var(--ast-global-color-5)","background-image":"","background-repeat":"repeat","background-position":"center center","background-size":"auto","background-attachment":"scroll","background-type":"","background-media":"","overlay-type":"","overlay-color":"","overlay-opacity":"","overlay-gradient":""},"tablet":{"background-color":"var(--ast-global-color-5)","background-image":"","background-repeat":"repeat","background-position":"center center","background-size":"auto","background-attachment":"scroll","background-type":"","background-media":"","overlay-type":"","overlay-color":"","overlay-opacity":"","overlay-gradient":""},"mobile":{"background-color":"var(--ast-global-color-5)","background-image":"","background-repeat":"repeat","background-position":"center center","background-size":"auto","background-attachment":"scroll","background-type":"","background-media":"","overlay-type":"","overlay-color":"","overlay-opacity":"","overlay-gradient":""}}},"product_brand":[],"product_cat":[1768],"product_tag":[],"class_list":{"0":"post-33740","1":"product","2":"type-product","3":"status-publish","4":"has-post-thumbnail","6":"product_cat-acessoires-tennis-de-table","7":"product_shipping_class-accessoires","8":"desktop-align-center","9":"tablet-align-left","10":"mobile-align-left","12":"first","13":"instock","14":"taxable","15":"shipping-taxable","16":"purchasable","17":"product-type-variable"},"yoast_head":"<!-- This site is optimized with the Yoast SEO plugin v27.4 - https:\/\/yoast.com\/product\/yoast-seo-wordpress\/ -->\n<title>Acheter Rev\u00eatement TopEnergy Soft - The World Billiards<\/title>\n<meta name=\"description\" content=\"C\u2019est pas n\u00e9cessaire colle rapide. La colle rapide qui a \u00e9t\u00e9 utilis\u00e9 pour aider de nombreux joueurs de tennis de table, fait d&#039;eux des champions du monde, mais pour les futur\u00a0 joueurs \u00e7a\u00a0 c&#039;est de l&#039;histoire. De nouvelles r\u00e8gles exigent de nouvelles technologies et de nouvelles solutions.  Giant Dragon a mis au point une nouvelle technologie de \u00abDurable Tension \u00bb, qui sera votre nouveau choix. La technologie\u00a0 \u00abDurable Tension &quot; signifie que le caoutchouc est soumis \u00e0 un traitement sp\u00e9cial de compression qui permet une plus grande durabilit\u00e9 et la flexibilit\u00e9, en utilisant une technique sp\u00e9ciale qui remplit les pores et augmente le caoutchouc. La surface de caoutchouc souffre \u00e9galement un traitement sp\u00e9cial qui lui donne la capacit\u00e9 d&#039;adh\u00e9rence et de r\u00e9sistance \u00e9lev\u00e9e, qui dans le jeu se traduit \u00e1 un forte &quot;spin&quot;\u00a0 L&#039;\u00e9quipe de d\u00e9veloppement a cr\u00e9\u00e9 ce caoutchouc sp\u00e9cial \u00e0 haute \u00e9lasticit\u00e9 et l&#039;effet de retour.\u00a0 Spin: 11,5\u00a0 Vitesse: 13,5\u00a0 Epaisseur: 1,75 \/ 1,95 \/ 2,15 mm\" \/>\n<meta name=\"robots\" content=\"index, follow, max-snippet:-1, max-image-preview:large, max-video-preview:-1\" \/>\n<link rel=\"canonical\" href=\"https:\/\/theworldbilliards.com\/fr\/produit\/revetement-topenergy-soft\/\" \/>\n<meta property=\"og:locale\" content=\"fr_FR\" \/>\n<meta property=\"og:type\" content=\"article\" \/>\n<meta property=\"og:title\" content=\"Acheter Rev\u00eatement TopEnergy Soft - The World Billiards\" \/>\n<meta property=\"og:description\" content=\"C\u2019est pas n\u00e9cessaire colle rapide. La colle rapide qui a \u00e9t\u00e9 utilis\u00e9 pour aider de nombreux joueurs de tennis de table, fait d&#039;eux des champions du monde, mais pour les futur\u00a0 joueurs \u00e7a\u00a0 c&#039;est de l&#039;histoire. De nouvelles r\u00e8gles exigent de nouvelles technologies et de nouvelles solutions.  Giant Dragon a mis au point une nouvelle technologie de \u00abDurable Tension \u00bb, qui sera votre nouveau choix. La technologie\u00a0 \u00abDurable Tension &quot; signifie que le caoutchouc est soumis \u00e0 un traitement sp\u00e9cial de compression qui permet une plus grande durabilit\u00e9 et la flexibilit\u00e9, en utilisant une technique sp\u00e9ciale qui remplit les pores et augmente le caoutchouc. La surface de caoutchouc souffre \u00e9galement un traitement sp\u00e9cial qui lui donne la capacit\u00e9 d&#039;adh\u00e9rence et de r\u00e9sistance \u00e9lev\u00e9e, qui dans le jeu se traduit \u00e1 un forte &quot;spin&quot;\u00a0 L&#039;\u00e9quipe de d\u00e9veloppement a cr\u00e9\u00e9 ce caoutchouc sp\u00e9cial \u00e0 haute \u00e9lasticit\u00e9 et l&#039;effet de retour.\u00a0 Spin: 11,5\u00a0 Vitesse: 13,5\u00a0 Epaisseur: 1,75 \/ 1,95 \/ 2,15 mm\" \/>\n<meta property=\"og:url\" content=\"https:\/\/theworldbilliards.com\/fr\/produit\/revetement-topenergy-soft\/\" \/>\n<meta property=\"og:site_name\" content=\"The World Billiards\" \/>\n<meta property=\"article:publisher\" content=\"https:\/\/www.facebook.com\/baby.foot.superbes\" \/>\n<meta property=\"article:modified_time\" content=\"2025-06-16T11:57:17+00:00\" \/>\n<meta property=\"og:image\" content=\"https:\/\/theworldbilliards.com\/wp-content\/uploads\/2018\/04\/topenergy-soft.jpg\" \/>\n\t<meta property=\"og:image:width\" content=\"300\" \/>\n\t<meta property=\"og:image:height\" content=\"300\" \/>\n\t<meta property=\"og:image:type\" content=\"image\/jpeg\" \/>\n<meta name=\"twitter:card\" content=\"summary_large_image\" \/>\n<meta name=\"twitter:label1\" content=\"Dur\u00e9e de lecture estim\u00e9e\" \/>\n\t<meta name=\"twitter:data1\" content=\"1 minute\" \/>\n<script type=\"application\/ld+json\" class=\"yoast-schema-graph\">{\"@context\":\"https:\\\/\\\/schema.org\",\"@graph\":[{\"@type\":\"WebPage\",\"@id\":\"https:\\\/\\\/theworldbilliards.com\\\/fr\\\/produit\\\/revetement-topenergy-soft\\\/\",\"url\":\"https:\\\/\\\/theworldbilliards.com\\\/fr\\\/produit\\\/revetement-topenergy-soft\\\/\",\"name\":\"Acheter Rev\u00eatement TopEnergy Soft - The World Billiards\",\"isPartOf\":{\"@id\":\"https:\\\/\\\/theworldbilliards.com\\\/fr\\\/#website\"},\"primaryImageOfPage\":{\"@id\":\"https:\\\/\\\/theworldbilliards.com\\\/fr\\\/produit\\\/revetement-topenergy-soft\\\/#primaryimage\"},\"image\":{\"@id\":\"https:\\\/\\\/theworldbilliards.com\\\/fr\\\/produit\\\/revetement-topenergy-soft\\\/#primaryimage\"},\"thumbnailUrl\":\"https:\\\/\\\/theworldbilliards.com\\\/wp-content\\\/uploads\\\/2018\\\/04\\\/topenergy-soft.jpg\",\"datePublished\":\"2017-05-25T08:31:36+00:00\",\"dateModified\":\"2025-06-16T11:57:17+00:00\",\"description\":\"C\u2019est pas n\u00e9cessaire colle rapide. La colle rapide qui a \u00e9t\u00e9 utilis\u00e9 pour aider de nombreux joueurs de tennis de table, fait d'eux des champions du monde, mais pour les futur\u00a0 joueurs \u00e7a\u00a0 c'est de l'histoire. De nouvelles r\u00e8gles exigent de nouvelles technologies et de nouvelles solutions. Giant Dragon a mis au point une nouvelle technologie de \u00abDurable Tension \u00bb, qui sera votre nouveau choix. La technologie\u00a0 \u00abDurable Tension \\\" signifie que le caoutchouc est soumis \u00e0 un traitement sp\u00e9cial de compression qui permet une plus grande durabilit\u00e9 et la flexibilit\u00e9, en utilisant une technique sp\u00e9ciale qui remplit les pores et augmente le caoutchouc. La surface de caoutchouc souffre \u00e9galement un traitement sp\u00e9cial qui lui donne la capacit\u00e9 d'adh\u00e9rence et de r\u00e9sistance \u00e9lev\u00e9e, qui dans le jeu se traduit \u00e1 un forte \\\"spin\\\"\u00a0 L'\u00e9quipe de d\u00e9veloppement a cr\u00e9\u00e9 ce caoutchouc sp\u00e9cial \u00e0 haute \u00e9lasticit\u00e9 et l'effet de retour.\u00a0 Spin: 11,5\u00a0 Vitesse: 13,5\u00a0 Epaisseur: 1,75 \\\/ 1,95 \\\/ 2,15 mm\",\"breadcrumb\":{\"@id\":\"https:\\\/\\\/theworldbilliards.com\\\/fr\\\/produit\\\/revetement-topenergy-soft\\\/#breadcrumb\"},\"inLanguage\":\"fr-FR\",\"potentialAction\":[{\"@type\":\"ReadAction\",\"target\":[\"https:\\\/\\\/theworldbilliards.com\\\/fr\\\/produit\\\/revetement-topenergy-soft\\\/\"]}]},{\"@type\":\"ImageObject\",\"inLanguage\":\"fr-FR\",\"@id\":\"https:\\\/\\\/theworldbilliards.com\\\/fr\\\/produit\\\/revetement-topenergy-soft\\\/#primaryimage\",\"url\":\"https:\\\/\\\/theworldbilliards.com\\\/wp-content\\\/uploads\\\/2018\\\/04\\\/topenergy-soft.jpg\",\"contentUrl\":\"https:\\\/\\\/theworldbilliards.com\\\/wp-content\\\/uploads\\\/2018\\\/04\\\/topenergy-soft.jpg\",\"width\":300,\"height\":300},{\"@type\":\"BreadcrumbList\",\"@id\":\"https:\\\/\\\/theworldbilliards.com\\\/fr\\\/produit\\\/revetement-topenergy-soft\\\/#breadcrumb\",\"itemListElement\":[{\"@type\":\"ListItem\",\"position\":1,\"name\":\"In\u00edcio\",\"item\":\"https:\\\/\\\/theworldbilliards.com\\\/fr\\\/\"},{\"@type\":\"ListItem\",\"position\":2,\"name\":\"Boutique en ligne\",\"item\":\"https:\\\/\\\/theworldbilliards.com\\\/fr\\\/boutique-theworldbilliards\\\/\"},{\"@type\":\"ListItem\",\"position\":3,\"name\":\"Rev\u00eatement TopEnergy Soft\"}]},{\"@type\":\"WebSite\",\"@id\":\"https:\\\/\\\/theworldbilliards.com\\\/fr\\\/#website\",\"url\":\"https:\\\/\\\/theworldbilliards.com\\\/fr\\\/\",\"name\":\"TheWorldBilliards\",\"description\":\"Achetez ici billard, baby-foot, ping-pong et bowling\",\"publisher\":{\"@id\":\"https:\\\/\\\/theworldbilliards.com\\\/fr\\\/#organization\"},\"alternateName\":\"The world billiards\",\"potentialAction\":[{\"@type\":\"SearchAction\",\"target\":{\"@type\":\"EntryPoint\",\"urlTemplate\":\"https:\\\/\\\/theworldbilliards.com\\\/fr\\\/?s={search_term_string}\"},\"query-input\":{\"@type\":\"PropertyValueSpecification\",\"valueRequired\":true,\"valueName\":\"search_term_string\"}}],\"inLanguage\":\"fr-FR\"},{\"@type\":\"Organization\",\"@id\":\"https:\\\/\\\/theworldbilliards.com\\\/fr\\\/#organization\",\"name\":\"The World Billiards\",\"alternateName\":\"The World Billiards\",\"url\":\"https:\\\/\\\/theworldbilliards.com\\\/fr\\\/\",\"logo\":{\"@type\":\"ImageObject\",\"inLanguage\":\"fr-FR\",\"@id\":\"https:\\\/\\\/theworldbilliards.com\\\/fr\\\/#\\\/schema\\\/logo\\\/image\\\/\",\"url\":\"\",\"contentUrl\":\"\",\"caption\":\"The World Billiards\"},\"image\":{\"@id\":\"https:\\\/\\\/theworldbilliards.com\\\/fr\\\/#\\\/schema\\\/logo\\\/image\\\/\"},\"sameAs\":[\"https:\\\/\\\/www.facebook.com\\\/baby.foot.superbes\",\"https:\\\/\\\/www.youtube.com\\\/channel\\\/UCIMuOVAaUcH6UpZcsZlH0Tg\",\"https:\\\/\\\/www.facebook.com\\\/people\\\/Brunswick-Billiards-EspaaPortugal\\\/100066446264309\\\/\",\"https:\\\/\\\/www.instagram.com\\\/the_world_billiards\\\/\",\"https:\\\/\\\/www.pinterest.es\\\/Theworldbilliards\\\/\"]}]}<\/script>\n<!-- \/ Yoast SEO plugin. -->","yoast_head_json":{"title":"Acheter Rev\u00eatement TopEnergy Soft - The World Billiards","description":"C\u2019est pas n\u00e9cessaire colle rapide. La colle rapide qui a \u00e9t\u00e9 utilis\u00e9 pour aider de nombreux joueurs de tennis de table, fait d'eux des champions du monde, mais pour les futur\u00a0 joueurs \u00e7a\u00a0 c'est de l'histoire. De nouvelles r\u00e8gles exigent de nouvelles technologies et de nouvelles solutions.  Giant Dragon a mis au point une nouvelle technologie de \u00abDurable Tension \u00bb, qui sera votre nouveau choix. La technologie\u00a0 \u00abDurable Tension \" signifie que le caoutchouc est soumis \u00e0 un traitement sp\u00e9cial de compression qui permet une plus grande durabilit\u00e9 et la flexibilit\u00e9, en utilisant une technique sp\u00e9ciale qui remplit les pores et augmente le caoutchouc. La surface de caoutchouc souffre \u00e9galement un traitement sp\u00e9cial qui lui donne la capacit\u00e9 d'adh\u00e9rence et de r\u00e9sistance \u00e9lev\u00e9e, qui dans le jeu se traduit \u00e1 un forte \"spin\"\u00a0 L'\u00e9quipe de d\u00e9veloppement a cr\u00e9\u00e9 ce caoutchouc sp\u00e9cial \u00e0 haute \u00e9lasticit\u00e9 et l'effet de retour.\u00a0 Spin: 11,5\u00a0 Vitesse: 13,5\u00a0 Epaisseur: 1,75 \/ 1,95 \/ 2,15 mm","robots":{"index":"index","follow":"follow","max-snippet":"max-snippet:-1","max-image-preview":"max-image-preview:large","max-video-preview":"max-video-preview:-1"},"canonical":"https:\/\/theworldbilliards.com\/fr\/produit\/revetement-topenergy-soft\/","og_locale":"fr_FR","og_type":"article","og_title":"Acheter Rev\u00eatement TopEnergy Soft - The World Billiards","og_description":"C\u2019est pas n\u00e9cessaire colle rapide. La colle rapide qui a \u00e9t\u00e9 utilis\u00e9 pour aider de nombreux joueurs de tennis de table, fait d'eux des champions du monde, mais pour les futur\u00a0 joueurs \u00e7a\u00a0 c'est de l'histoire. De nouvelles r\u00e8gles exigent de nouvelles technologies et de nouvelles solutions.  Giant Dragon a mis au point une nouvelle technologie de \u00abDurable Tension \u00bb, qui sera votre nouveau choix. La technologie\u00a0 \u00abDurable Tension \" signifie que le caoutchouc est soumis \u00e0 un traitement sp\u00e9cial de compression qui permet une plus grande durabilit\u00e9 et la flexibilit\u00e9, en utilisant une technique sp\u00e9ciale qui remplit les pores et augmente le caoutchouc. La surface de caoutchouc souffre \u00e9galement un traitement sp\u00e9cial qui lui donne la capacit\u00e9 d'adh\u00e9rence et de r\u00e9sistance \u00e9lev\u00e9e, qui dans le jeu se traduit \u00e1 un forte \"spin\"\u00a0 L'\u00e9quipe de d\u00e9veloppement a cr\u00e9\u00e9 ce caoutchouc sp\u00e9cial \u00e0 haute \u00e9lasticit\u00e9 et l'effet de retour.\u00a0 Spin: 11,5\u00a0 Vitesse: 13,5\u00a0 Epaisseur: 1,75 \/ 1,95 \/ 2,15 mm","og_url":"https:\/\/theworldbilliards.com\/fr\/produit\/revetement-topenergy-soft\/","og_site_name":"The World Billiards","article_publisher":"https:\/\/www.facebook.com\/baby.foot.superbes","article_modified_time":"2025-06-16T11:57:17+00:00","og_image":[{"width":300,"height":300,"url":"https:\/\/theworldbilliards.com\/wp-content\/uploads\/2018\/04\/topenergy-soft.jpg","type":"image\/jpeg"}],"twitter_card":"summary_large_image","twitter_misc":{"Dur\u00e9e de lecture estim\u00e9e":"1 minute"},"schema":{"@context":"https:\/\/schema.org","@graph":[{"@type":"WebPage","@id":"https:\/\/theworldbilliards.com\/fr\/produit\/revetement-topenergy-soft\/","url":"https:\/\/theworldbilliards.com\/fr\/produit\/revetement-topenergy-soft\/","name":"Acheter Rev\u00eatement TopEnergy Soft - The World Billiards","isPartOf":{"@id":"https:\/\/theworldbilliards.com\/fr\/#website"},"primaryImageOfPage":{"@id":"https:\/\/theworldbilliards.com\/fr\/produit\/revetement-topenergy-soft\/#primaryimage"},"image":{"@id":"https:\/\/theworldbilliards.com\/fr\/produit\/revetement-topenergy-soft\/#primaryimage"},"thumbnailUrl":"https:\/\/theworldbilliards.com\/wp-content\/uploads\/2018\/04\/topenergy-soft.jpg","datePublished":"2017-05-25T08:31:36+00:00","dateModified":"2025-06-16T11:57:17+00:00","description":"C\u2019est pas n\u00e9cessaire colle rapide. La colle rapide qui a \u00e9t\u00e9 utilis\u00e9 pour aider de nombreux joueurs de tennis de table, fait d'eux des champions du monde, mais pour les futur\u00a0 joueurs \u00e7a\u00a0 c'est de l'histoire. De nouvelles r\u00e8gles exigent de nouvelles technologies et de nouvelles solutions. Giant Dragon a mis au point une nouvelle technologie de \u00abDurable Tension \u00bb, qui sera votre nouveau choix. La technologie\u00a0 \u00abDurable Tension \" signifie que le caoutchouc est soumis \u00e0 un traitement sp\u00e9cial de compression qui permet une plus grande durabilit\u00e9 et la flexibilit\u00e9, en utilisant une technique sp\u00e9ciale qui remplit les pores et augmente le caoutchouc. La surface de caoutchouc souffre \u00e9galement un traitement sp\u00e9cial qui lui donne la capacit\u00e9 d'adh\u00e9rence et de r\u00e9sistance \u00e9lev\u00e9e, qui dans le jeu se traduit \u00e1 un forte \"spin\"\u00a0 L'\u00e9quipe de d\u00e9veloppement a cr\u00e9\u00e9 ce caoutchouc sp\u00e9cial \u00e0 haute \u00e9lasticit\u00e9 et l'effet de retour.\u00a0 Spin: 11,5\u00a0 Vitesse: 13,5\u00a0 Epaisseur: 1,75 \/ 1,95 \/ 2,15 mm","breadcrumb":{"@id":"https:\/\/theworldbilliards.com\/fr\/produit\/revetement-topenergy-soft\/#breadcrumb"},"inLanguage":"fr-FR","potentialAction":[{"@type":"ReadAction","target":["https:\/\/theworldbilliards.com\/fr\/produit\/revetement-topenergy-soft\/"]}]},{"@type":"ImageObject","inLanguage":"fr-FR","@id":"https:\/\/theworldbilliards.com\/fr\/produit\/revetement-topenergy-soft\/#primaryimage","url":"https:\/\/theworldbilliards.com\/wp-content\/uploads\/2018\/04\/topenergy-soft.jpg","contentUrl":"https:\/\/theworldbilliards.com\/wp-content\/uploads\/2018\/04\/topenergy-soft.jpg","width":300,"height":300},{"@type":"BreadcrumbList","@id":"https:\/\/theworldbilliards.com\/fr\/produit\/revetement-topenergy-soft\/#breadcrumb","itemListElement":[{"@type":"ListItem","position":1,"name":"In\u00edcio","item":"https:\/\/theworldbilliards.com\/fr\/"},{"@type":"ListItem","position":2,"name":"Boutique en ligne","item":"https:\/\/theworldbilliards.com\/fr\/boutique-theworldbilliards\/"},{"@type":"ListItem","position":3,"name":"Rev\u00eatement TopEnergy Soft"}]},{"@type":"WebSite","@id":"https:\/\/theworldbilliards.com\/fr\/#website","url":"https:\/\/theworldbilliards.com\/fr\/","name":"TheWorldBilliards","description":"Achetez ici billard, baby-foot, ping-pong et bowling","publisher":{"@id":"https:\/\/theworldbilliards.com\/fr\/#organization"},"alternateName":"The world billiards","potentialAction":[{"@type":"SearchAction","target":{"@type":"EntryPoint","urlTemplate":"https:\/\/theworldbilliards.com\/fr\/?s={search_term_string}"},"query-input":{"@type":"PropertyValueSpecification","valueRequired":true,"valueName":"search_term_string"}}],"inLanguage":"fr-FR"},{"@type":"Organization","@id":"https:\/\/theworldbilliards.com\/fr\/#organization","name":"The World Billiards","alternateName":"The World Billiards","url":"https:\/\/theworldbilliards.com\/fr\/","logo":{"@type":"ImageObject","inLanguage":"fr-FR","@id":"https:\/\/theworldbilliards.com\/fr\/#\/schema\/logo\/image\/","url":"","contentUrl":"","caption":"The World Billiards"},"image":{"@id":"https:\/\/theworldbilliards.com\/fr\/#\/schema\/logo\/image\/"},"sameAs":["https:\/\/www.facebook.com\/baby.foot.superbes","https:\/\/www.youtube.com\/channel\/UCIMuOVAaUcH6UpZcsZlH0Tg","https:\/\/www.facebook.com\/people\/Brunswick-Billiards-EspaaPortugal\/100066446264309\/","https:\/\/www.instagram.com\/the_world_billiards\/","https:\/\/www.pinterest.es\/Theworldbilliards\/"]}]}},"_links":{"self":[{"href":"https:\/\/theworldbilliards.com\/fr\/wp-json\/wp\/v2\/product\/33740","targetHints":{"allow":["GET"]}}],"collection":[{"href":"https:\/\/theworldbilliards.com\/fr\/wp-json\/wp\/v2\/product"}],"about":[{"href":"https:\/\/theworldbilliards.com\/fr\/wp-json\/wp\/v2\/types\/product"}],"wp:featuredmedia":[{"embeddable":true,"href":"https:\/\/theworldbilliards.com\/fr\/wp-json\/wp\/v2\/media\/46421"}],"wp:attachment":[{"href":"https:\/\/theworldbilliards.com\/fr\/wp-json\/wp\/v2\/media?parent=33740"}],"wp:term":[{"taxonomy":"product_brand","embeddable":true,"href":"https:\/\/theworldbilliards.com\/fr\/wp-json\/wp\/v2\/product_brand?post=33740"},{"taxonomy":"product_cat","embeddable":true,"href":"https:\/\/theworldbilliards.com\/fr\/wp-json\/wp\/v2\/product_cat?post=33740"},{"taxonomy":"product_tag","embeddable":true,"href":"https:\/\/theworldbilliards.com\/fr\/wp-json\/wp\/v2\/product_tag?post=33740"}],"curies":[{"name":"wp","href":"https:\/\/api.w.org\/{rel}","templated":true}]}}