{"id":33755,"date":"2017-05-26T10:08:06","date_gmt":"2017-05-26T08:08:06","guid":{"rendered":"http:\/\/www.theworldbilliards.com\/?post_type=product&#038;p=33755\/"},"modified":"2025-06-16T13:53:52","modified_gmt":"2025-06-16T11:53:52","slug":"revetements-taichi-soft","status":"publish","type":"product","link":"https:\/\/theworldbilliards.com\/fr\/produit\/revetements-taichi-soft\/","title":{"rendered":"Rev\u00eatements Taichi Soft"},"content":{"rendered":"<p>La forme unique de leur pics int\u00e9rieures , permet la raquette Tai Chi d\u00eas caract\u00e9ristiques de rotation incroyable et les attaques parfaites. \u00a0La sp\u00e9ciale application de la technologie GAT (pour la surface en caoutchouc), provoque ce que le caoutchouc saisir fermement la balle. Ce type de caoutchouc est en caoutchouc synth\u00e9tique et naturel dans des proportions appropri\u00e9es, donc\u00a0 la \u00e9laboration de la technologie \u00a0\u00bb Tranpoline Tension Technology \u00ab\u00a0,\u00a0 qui am\u00e9liorant ses caract\u00e9ristiques.<\/p>\n<p>L&rsquo;utilisation du caoutchouc professionelle d\u00e9velopp\u00e9e par Giant Dragon permet au joueur d&rsquo;obtenir une performance puissante avec l&rsquo;utilisation de la colle \u00ab\u00a0VOC &#8211; Free\u00bb qui est \u00e9gal \u00e1 l\u2019utilization de colle rapide.<\/p>\n<p>Spin: 11.25 Vitesse: 13<\/p>\n<p>\u00c9paisseur: 1,8 \/ 2,0 \/ 2,2 mm<\/p>\n","protected":false},"excerpt":{"rendered":"<p>La forme unique de leur pics int\u00e9rieures , permet la raquette Tai Chi d\u00eas caract\u00e9ristiques de rotation incroyable et les [&hellip;]<\/p>\n","protected":false},"featured_media":46429,"template":"","meta":{"site-sidebar-layout":"default","site-content-layout":"","ast-site-content-layout":"default","site-content-style":"default","site-sidebar-style":"default","ast-global-header-display":"","ast-banner-title-visibility":"","ast-main-header-display":"","ast-hfb-above-header-display":"","ast-hfb-below-header-display":"","ast-hfb-mobile-header-display":"","site-post-title":"","ast-breadcrumbs-content":"","ast-featured-img":"","footer-sml-layout":"","ast-disable-related-posts":"","theme-transparent-header-meta":"default","adv-header-id-meta":"","stick-header-meta":"","header-above-stick-meta":"","header-main-stick-meta":"","header-below-stick-meta":"","astra-migrate-meta-layouts":"default","ast-page-background-enabled":"default","ast-page-background-meta":{"desktop":{"background-color":"var(--ast-global-color-4)","background-image":"","background-repeat":"repeat","background-position":"center center","background-size":"auto","background-attachment":"scroll","background-type":"","background-media":"","overlay-type":"","overlay-color":"","overlay-opacity":"","overlay-gradient":""},"tablet":{"background-color":"","background-image":"","background-repeat":"repeat","background-position":"center center","background-size":"auto","background-attachment":"scroll","background-type":"","background-media":"","overlay-type":"","overlay-color":"","overlay-opacity":"","overlay-gradient":""},"mobile":{"background-color":"","background-image":"","background-repeat":"repeat","background-position":"center center","background-size":"auto","background-attachment":"scroll","background-type":"","background-media":"","overlay-type":"","overlay-color":"","overlay-opacity":"","overlay-gradient":""}},"ast-content-background-meta":{"desktop":{"background-color":"var(--ast-global-color-5)","background-image":"","background-repeat":"repeat","background-position":"center center","background-size":"auto","background-attachment":"scroll","background-type":"","background-media":"","overlay-type":"","overlay-color":"","overlay-opacity":"","overlay-gradient":""},"tablet":{"background-color":"var(--ast-global-color-5)","background-image":"","background-repeat":"repeat","background-position":"center center","background-size":"auto","background-attachment":"scroll","background-type":"","background-media":"","overlay-type":"","overlay-color":"","overlay-opacity":"","overlay-gradient":""},"mobile":{"background-color":"var(--ast-global-color-5)","background-image":"","background-repeat":"repeat","background-position":"center center","background-size":"auto","background-attachment":"scroll","background-type":"","background-media":"","overlay-type":"","overlay-color":"","overlay-opacity":"","overlay-gradient":""}}},"product_brand":[],"product_cat":[1768],"product_tag":[],"class_list":{"0":"post-33755","1":"product","2":"type-product","3":"status-publish","4":"has-post-thumbnail","6":"product_cat-acessoires-tennis-de-table","7":"product_shipping_class-accessoires","8":"desktop-align-center","9":"tablet-align-left","10":"mobile-align-left","12":"first","13":"instock","14":"taxable","15":"shipping-taxable","16":"purchasable","17":"product-type-variable"},"yoast_head":"<!-- This site is optimized with the Yoast SEO plugin v27.5 - https:\/\/yoast.com\/product\/yoast-seo-wordpress\/ -->\n<title>Acheter Rev\u00eatements Taichi Soft - The World Billiards<\/title>\n<meta name=\"description\" content=\"La forme unique de leur pics int\u00e9rieures , permet la raquette Tai Chi d\u00eas caract\u00e9ristiques de rotation incroyable et les attaques parfaites. \u00a0La sp\u00e9ciale application de la technologie GAT (pour la surface en caoutchouc), provoque ce que le caoutchouc saisir fermement la balle. Ce type de caoutchouc est en caoutchouc synth\u00e9tique et naturel dans des proportions appropri\u00e9es, donc\u00a0 la \u00e9laboration de la technologie &quot; Tranpoline Tension Technology &quot;,\u00a0 qui am\u00e9liorant ses caract\u00e9ristiques.  L&#039;utilisation du caoutchouc professionelle d\u00e9velopp\u00e9e par Giant Dragon permet au joueur d&#039;obtenir une performance puissante avec l&#039;utilisation de la colle &quot;VOC - Free\u00bb qui est \u00e9gal \u00e1 l\u2019utilization de colle rapide.  Spin: 11.25 Vitesse: 13  \u00c9paisseur: 1,8 \/ 2,0 \/ 2,2 mm\" \/>\n<meta name=\"robots\" content=\"index, follow, max-snippet:-1, max-image-preview:large, max-video-preview:-1\" \/>\n<link rel=\"canonical\" href=\"https:\/\/theworldbilliards.com\/fr\/produit\/revetements-taichi-soft\/\" \/>\n<meta property=\"og:locale\" content=\"fr_FR\" \/>\n<meta property=\"og:type\" content=\"article\" \/>\n<meta property=\"og:title\" content=\"Acheter Rev\u00eatements Taichi Soft - The World Billiards\" \/>\n<meta property=\"og:description\" content=\"La forme unique de leur pics int\u00e9rieures , permet la raquette Tai Chi d\u00eas caract\u00e9ristiques de rotation incroyable et les attaques parfaites. \u00a0La sp\u00e9ciale application de la technologie GAT (pour la surface en caoutchouc), provoque ce que le caoutchouc saisir fermement la balle. Ce type de caoutchouc est en caoutchouc synth\u00e9tique et naturel dans des proportions appropri\u00e9es, donc\u00a0 la \u00e9laboration de la technologie &quot; Tranpoline Tension Technology &quot;,\u00a0 qui am\u00e9liorant ses caract\u00e9ristiques.  L&#039;utilisation du caoutchouc professionelle d\u00e9velopp\u00e9e par Giant Dragon permet au joueur d&#039;obtenir une performance puissante avec l&#039;utilisation de la colle &quot;VOC - Free\u00bb qui est \u00e9gal \u00e1 l\u2019utilization de colle rapide.  Spin: 11.25 Vitesse: 13  \u00c9paisseur: 1,8 \/ 2,0 \/ 2,2 mm\" \/>\n<meta property=\"og:url\" content=\"https:\/\/theworldbilliards.com\/fr\/produit\/revetements-taichi-soft\/\" \/>\n<meta property=\"og:site_name\" content=\"The World Billiards\" \/>\n<meta property=\"article:publisher\" content=\"https:\/\/www.facebook.com\/baby.foot.superbes\" \/>\n<meta property=\"article:modified_time\" content=\"2025-06-16T11:53:52+00:00\" \/>\n<meta property=\"og:image\" content=\"https:\/\/theworldbilliards.com\/wp-content\/uploads\/2018\/04\/taichi-soft-20-mm.jpg\" \/>\n\t<meta property=\"og:image:width\" content=\"300\" \/>\n\t<meta property=\"og:image:height\" content=\"300\" \/>\n\t<meta property=\"og:image:type\" content=\"image\/jpeg\" \/>\n<meta name=\"twitter:card\" content=\"summary_large_image\" \/>\n<script type=\"application\/ld+json\" class=\"yoast-schema-graph\">{\"@context\":\"https:\\\/\\\/schema.org\",\"@graph\":[{\"@type\":\"WebPage\",\"@id\":\"https:\\\/\\\/theworldbilliards.com\\\/fr\\\/produit\\\/revetements-taichi-soft\\\/\",\"url\":\"https:\\\/\\\/theworldbilliards.com\\\/fr\\\/produit\\\/revetements-taichi-soft\\\/\",\"name\":\"Acheter Rev\u00eatements Taichi Soft - The World Billiards\",\"isPartOf\":{\"@id\":\"https:\\\/\\\/theworldbilliards.com\\\/fr\\\/#website\"},\"primaryImageOfPage\":{\"@id\":\"https:\\\/\\\/theworldbilliards.com\\\/fr\\\/produit\\\/revetements-taichi-soft\\\/#primaryimage\"},\"image\":{\"@id\":\"https:\\\/\\\/theworldbilliards.com\\\/fr\\\/produit\\\/revetements-taichi-soft\\\/#primaryimage\"},\"thumbnailUrl\":\"https:\\\/\\\/theworldbilliards.com\\\/wp-content\\\/uploads\\\/2018\\\/04\\\/taichi-soft-20-mm.jpg\",\"datePublished\":\"2017-05-26T08:08:06+00:00\",\"dateModified\":\"2025-06-16T11:53:52+00:00\",\"description\":\"La forme unique de leur pics int\u00e9rieures , permet la raquette Tai Chi d\u00eas caract\u00e9ristiques de rotation incroyable et les attaques parfaites. \u00a0La sp\u00e9ciale application de la technologie GAT (pour la surface en caoutchouc), provoque ce que le caoutchouc saisir fermement la balle. Ce type de caoutchouc est en caoutchouc synth\u00e9tique et naturel dans des proportions appropri\u00e9es, donc\u00a0 la \u00e9laboration de la technologie \\\" Tranpoline Tension Technology \\\",\u00a0 qui am\u00e9liorant ses caract\u00e9ristiques. L'utilisation du caoutchouc professionelle d\u00e9velopp\u00e9e par Giant Dragon permet au joueur d'obtenir une performance puissante avec l'utilisation de la colle \\\"VOC - Free\u00bb qui est \u00e9gal \u00e1 l\u2019utilization de colle rapide. Spin: 11.25 Vitesse: 13 \u00c9paisseur: 1,8 \\\/ 2,0 \\\/ 2,2 mm\",\"breadcrumb\":{\"@id\":\"https:\\\/\\\/theworldbilliards.com\\\/fr\\\/produit\\\/revetements-taichi-soft\\\/#breadcrumb\"},\"inLanguage\":\"fr-FR\",\"potentialAction\":[{\"@type\":\"ReadAction\",\"target\":[\"https:\\\/\\\/theworldbilliards.com\\\/fr\\\/produit\\\/revetements-taichi-soft\\\/\"]}]},{\"@type\":\"ImageObject\",\"inLanguage\":\"fr-FR\",\"@id\":\"https:\\\/\\\/theworldbilliards.com\\\/fr\\\/produit\\\/revetements-taichi-soft\\\/#primaryimage\",\"url\":\"https:\\\/\\\/theworldbilliards.com\\\/wp-content\\\/uploads\\\/2018\\\/04\\\/taichi-soft-20-mm.jpg\",\"contentUrl\":\"https:\\\/\\\/theworldbilliards.com\\\/wp-content\\\/uploads\\\/2018\\\/04\\\/taichi-soft-20-mm.jpg\",\"width\":300,\"height\":300},{\"@type\":\"BreadcrumbList\",\"@id\":\"https:\\\/\\\/theworldbilliards.com\\\/fr\\\/produit\\\/revetements-taichi-soft\\\/#breadcrumb\",\"itemListElement\":[{\"@type\":\"ListItem\",\"position\":1,\"name\":\"In\u00edcio\",\"item\":\"https:\\\/\\\/theworldbilliards.com\\\/fr\\\/\"},{\"@type\":\"ListItem\",\"position\":2,\"name\":\"Boutique en ligne\",\"item\":\"https:\\\/\\\/theworldbilliards.com\\\/fr\\\/boutique-theworldbilliards\\\/\"},{\"@type\":\"ListItem\",\"position\":3,\"name\":\"Rev\u00eatements Taichi Soft\"}]},{\"@type\":\"WebSite\",\"@id\":\"https:\\\/\\\/theworldbilliards.com\\\/fr\\\/#website\",\"url\":\"https:\\\/\\\/theworldbilliards.com\\\/fr\\\/\",\"name\":\"TheWorldBilliards\",\"description\":\"Achetez ici billard, baby-foot, ping-pong et bowling\",\"publisher\":{\"@id\":\"https:\\\/\\\/theworldbilliards.com\\\/fr\\\/#organization\"},\"alternateName\":\"The world billiards\",\"potentialAction\":[{\"@type\":\"SearchAction\",\"target\":{\"@type\":\"EntryPoint\",\"urlTemplate\":\"https:\\\/\\\/theworldbilliards.com\\\/fr\\\/?s={search_term_string}\"},\"query-input\":{\"@type\":\"PropertyValueSpecification\",\"valueRequired\":true,\"valueName\":\"search_term_string\"}}],\"inLanguage\":\"fr-FR\"},{\"@type\":\"Organization\",\"@id\":\"https:\\\/\\\/theworldbilliards.com\\\/fr\\\/#organization\",\"name\":\"The World Billiards\",\"alternateName\":\"The World Billiards\",\"url\":\"https:\\\/\\\/theworldbilliards.com\\\/fr\\\/\",\"logo\":{\"@type\":\"ImageObject\",\"inLanguage\":\"fr-FR\",\"@id\":\"https:\\\/\\\/theworldbilliards.com\\\/fr\\\/#\\\/schema\\\/logo\\\/image\\\/\",\"url\":\"\",\"contentUrl\":\"\",\"caption\":\"The World Billiards\"},\"image\":{\"@id\":\"https:\\\/\\\/theworldbilliards.com\\\/fr\\\/#\\\/schema\\\/logo\\\/image\\\/\"},\"sameAs\":[\"https:\\\/\\\/www.facebook.com\\\/baby.foot.superbes\",\"https:\\\/\\\/www.youtube.com\\\/channel\\\/UCIMuOVAaUcH6UpZcsZlH0Tg\",\"https:\\\/\\\/www.facebook.com\\\/people\\\/Brunswick-Billiards-EspaaPortugal\\\/100066446264309\\\/\",\"https:\\\/\\\/www.instagram.com\\\/the_world_billiards\\\/\",\"https:\\\/\\\/www.pinterest.es\\\/Theworldbilliards\\\/\"]}]}<\/script>\n<!-- \/ Yoast SEO plugin. -->","yoast_head_json":{"title":"Acheter Rev\u00eatements Taichi Soft - The World Billiards","description":"La forme unique de leur pics int\u00e9rieures , permet la raquette Tai Chi d\u00eas caract\u00e9ristiques de rotation incroyable et les attaques parfaites. \u00a0La sp\u00e9ciale application de la technologie GAT (pour la surface en caoutchouc), provoque ce que le caoutchouc saisir fermement la balle. Ce type de caoutchouc est en caoutchouc synth\u00e9tique et naturel dans des proportions appropri\u00e9es, donc\u00a0 la \u00e9laboration de la technologie \" Tranpoline Tension Technology \",\u00a0 qui am\u00e9liorant ses caract\u00e9ristiques.  L'utilisation du caoutchouc professionelle d\u00e9velopp\u00e9e par Giant Dragon permet au joueur d'obtenir une performance puissante avec l'utilisation de la colle \"VOC - Free\u00bb qui est \u00e9gal \u00e1 l\u2019utilization de colle rapide.  Spin: 11.25 Vitesse: 13  \u00c9paisseur: 1,8 \/ 2,0 \/ 2,2 mm","robots":{"index":"index","follow":"follow","max-snippet":"max-snippet:-1","max-image-preview":"max-image-preview:large","max-video-preview":"max-video-preview:-1"},"canonical":"https:\/\/theworldbilliards.com\/fr\/produit\/revetements-taichi-soft\/","og_locale":"fr_FR","og_type":"article","og_title":"Acheter Rev\u00eatements Taichi Soft - The World Billiards","og_description":"La forme unique de leur pics int\u00e9rieures , permet la raquette Tai Chi d\u00eas caract\u00e9ristiques de rotation incroyable et les attaques parfaites. \u00a0La sp\u00e9ciale application de la technologie GAT (pour la surface en caoutchouc), provoque ce que le caoutchouc saisir fermement la balle. Ce type de caoutchouc est en caoutchouc synth\u00e9tique et naturel dans des proportions appropri\u00e9es, donc\u00a0 la \u00e9laboration de la technologie \" Tranpoline Tension Technology \",\u00a0 qui am\u00e9liorant ses caract\u00e9ristiques.  L'utilisation du caoutchouc professionelle d\u00e9velopp\u00e9e par Giant Dragon permet au joueur d'obtenir une performance puissante avec l'utilisation de la colle \"VOC - Free\u00bb qui est \u00e9gal \u00e1 l\u2019utilization de colle rapide.  Spin: 11.25 Vitesse: 13  \u00c9paisseur: 1,8 \/ 2,0 \/ 2,2 mm","og_url":"https:\/\/theworldbilliards.com\/fr\/produit\/revetements-taichi-soft\/","og_site_name":"The World Billiards","article_publisher":"https:\/\/www.facebook.com\/baby.foot.superbes","article_modified_time":"2025-06-16T11:53:52+00:00","og_image":[{"width":300,"height":300,"url":"https:\/\/theworldbilliards.com\/wp-content\/uploads\/2018\/04\/taichi-soft-20-mm.jpg","type":"image\/jpeg"}],"twitter_card":"summary_large_image","schema":{"@context":"https:\/\/schema.org","@graph":[{"@type":"WebPage","@id":"https:\/\/theworldbilliards.com\/fr\/produit\/revetements-taichi-soft\/","url":"https:\/\/theworldbilliards.com\/fr\/produit\/revetements-taichi-soft\/","name":"Acheter Rev\u00eatements Taichi Soft - The World Billiards","isPartOf":{"@id":"https:\/\/theworldbilliards.com\/fr\/#website"},"primaryImageOfPage":{"@id":"https:\/\/theworldbilliards.com\/fr\/produit\/revetements-taichi-soft\/#primaryimage"},"image":{"@id":"https:\/\/theworldbilliards.com\/fr\/produit\/revetements-taichi-soft\/#primaryimage"},"thumbnailUrl":"https:\/\/theworldbilliards.com\/wp-content\/uploads\/2018\/04\/taichi-soft-20-mm.jpg","datePublished":"2017-05-26T08:08:06+00:00","dateModified":"2025-06-16T11:53:52+00:00","description":"La forme unique de leur pics int\u00e9rieures , permet la raquette Tai Chi d\u00eas caract\u00e9ristiques de rotation incroyable et les attaques parfaites. \u00a0La sp\u00e9ciale application de la technologie GAT (pour la surface en caoutchouc), provoque ce que le caoutchouc saisir fermement la balle. Ce type de caoutchouc est en caoutchouc synth\u00e9tique et naturel dans des proportions appropri\u00e9es, donc\u00a0 la \u00e9laboration de la technologie \" Tranpoline Tension Technology \",\u00a0 qui am\u00e9liorant ses caract\u00e9ristiques. L'utilisation du caoutchouc professionelle d\u00e9velopp\u00e9e par Giant Dragon permet au joueur d'obtenir une performance puissante avec l'utilisation de la colle \"VOC - Free\u00bb qui est \u00e9gal \u00e1 l\u2019utilization de colle rapide. Spin: 11.25 Vitesse: 13 \u00c9paisseur: 1,8 \/ 2,0 \/ 2,2 mm","breadcrumb":{"@id":"https:\/\/theworldbilliards.com\/fr\/produit\/revetements-taichi-soft\/#breadcrumb"},"inLanguage":"fr-FR","potentialAction":[{"@type":"ReadAction","target":["https:\/\/theworldbilliards.com\/fr\/produit\/revetements-taichi-soft\/"]}]},{"@type":"ImageObject","inLanguage":"fr-FR","@id":"https:\/\/theworldbilliards.com\/fr\/produit\/revetements-taichi-soft\/#primaryimage","url":"https:\/\/theworldbilliards.com\/wp-content\/uploads\/2018\/04\/taichi-soft-20-mm.jpg","contentUrl":"https:\/\/theworldbilliards.com\/wp-content\/uploads\/2018\/04\/taichi-soft-20-mm.jpg","width":300,"height":300},{"@type":"BreadcrumbList","@id":"https:\/\/theworldbilliards.com\/fr\/produit\/revetements-taichi-soft\/#breadcrumb","itemListElement":[{"@type":"ListItem","position":1,"name":"In\u00edcio","item":"https:\/\/theworldbilliards.com\/fr\/"},{"@type":"ListItem","position":2,"name":"Boutique en ligne","item":"https:\/\/theworldbilliards.com\/fr\/boutique-theworldbilliards\/"},{"@type":"ListItem","position":3,"name":"Rev\u00eatements Taichi Soft"}]},{"@type":"WebSite","@id":"https:\/\/theworldbilliards.com\/fr\/#website","url":"https:\/\/theworldbilliards.com\/fr\/","name":"TheWorldBilliards","description":"Achetez ici billard, baby-foot, ping-pong et bowling","publisher":{"@id":"https:\/\/theworldbilliards.com\/fr\/#organization"},"alternateName":"The world billiards","potentialAction":[{"@type":"SearchAction","target":{"@type":"EntryPoint","urlTemplate":"https:\/\/theworldbilliards.com\/fr\/?s={search_term_string}"},"query-input":{"@type":"PropertyValueSpecification","valueRequired":true,"valueName":"search_term_string"}}],"inLanguage":"fr-FR"},{"@type":"Organization","@id":"https:\/\/theworldbilliards.com\/fr\/#organization","name":"The World Billiards","alternateName":"The World Billiards","url":"https:\/\/theworldbilliards.com\/fr\/","logo":{"@type":"ImageObject","inLanguage":"fr-FR","@id":"https:\/\/theworldbilliards.com\/fr\/#\/schema\/logo\/image\/","url":"","contentUrl":"","caption":"The World Billiards"},"image":{"@id":"https:\/\/theworldbilliards.com\/fr\/#\/schema\/logo\/image\/"},"sameAs":["https:\/\/www.facebook.com\/baby.foot.superbes","https:\/\/www.youtube.com\/channel\/UCIMuOVAaUcH6UpZcsZlH0Tg","https:\/\/www.facebook.com\/people\/Brunswick-Billiards-EspaaPortugal\/100066446264309\/","https:\/\/www.instagram.com\/the_world_billiards\/","https:\/\/www.pinterest.es\/Theworldbilliards\/"]}]}},"_links":{"self":[{"href":"https:\/\/theworldbilliards.com\/fr\/wp-json\/wp\/v2\/product\/33755","targetHints":{"allow":["GET"]}}],"collection":[{"href":"https:\/\/theworldbilliards.com\/fr\/wp-json\/wp\/v2\/product"}],"about":[{"href":"https:\/\/theworldbilliards.com\/fr\/wp-json\/wp\/v2\/types\/product"}],"wp:featuredmedia":[{"embeddable":true,"href":"https:\/\/theworldbilliards.com\/fr\/wp-json\/wp\/v2\/media\/46429"}],"wp:attachment":[{"href":"https:\/\/theworldbilliards.com\/fr\/wp-json\/wp\/v2\/media?parent=33755"}],"wp:term":[{"taxonomy":"product_brand","embeddable":true,"href":"https:\/\/theworldbilliards.com\/fr\/wp-json\/wp\/v2\/product_brand?post=33755"},{"taxonomy":"product_cat","embeddable":true,"href":"https:\/\/theworldbilliards.com\/fr\/wp-json\/wp\/v2\/product_cat?post=33755"},{"taxonomy":"product_tag","embeddable":true,"href":"https:\/\/theworldbilliards.com\/fr\/wp-json\/wp\/v2\/product_tag?post=33755"}],"curies":[{"name":"wp","href":"https:\/\/api.w.org\/{rel}","templated":true}]}}