{"id":34064,"date":"2017-06-22T12:58:17","date_gmt":"2017-06-22T10:58:17","guid":{"rendered":"http:\/\/www.theworldbilliards.com\/?post_type=product&#038;p=34064\/"},"modified":"2025-05-27T13:46:06","modified_gmt":"2025-05-27T11:46:06","slug":"air-hockey-dynamo-short-shot-avec-monnayeur","status":"publish","type":"product","link":"https:\/\/theworldbilliards.com\/fr\/produit\/air-hockey-dynamo-short-shot-avec-monnayeur\/","title":{"rendered":"Air Hockey Dynamo Short Shot avec monnayeur"},"content":{"rendered":"<p>C&rsquo;est la nouveaut\u00e9 pas si grande de Dynamo. Short Shot prend la construction Dynamo robuste et durable sur laquelle vous comptez et la place dans une petite table de hockey sur air riche en fonctionnalit\u00e9s. C&rsquo;est la bonne taille pour les petits joueurs, mais contrairement aux autres mod\u00e8les \u00ab\u00a0b\u00e9b\u00e9s\u00a0\u00bb, il n&rsquo;est pas trop petit pour les joueurs adultes. Id\u00e9al pour les FEC<\/p>\n<p>Compatible DBA plug-and-play<br \/>\nSon et \u00e9clairage interactifs<br \/>\nConstruction d&rsquo;armoires de qualit\u00e9 commerciale<br \/>\nEnsembles de boucliers de protection standard et affichage de score LED \u00e0 montage lat\u00e9ral<br \/>\nTerrain de jeu en stratifi\u00e9 r\u00e9sistant aux chocs<br \/>\nRails sup\u00e9rieurs en polycarbonate pour une action et une d\u00e9viation rapides, avec \u00e9clairage LED enti\u00e8rement incrust\u00e9<br \/>\nApprouv\u00e9 CE et ETL<br \/>\nUsine \u00e9quip\u00e9e de doubles distributeurs de tickets<br \/>\nEnsemble de marquage optique anti-bourrage infrarouge<\/p>\n","protected":false},"excerpt":{"rendered":"<p>C&rsquo;est la nouveaut\u00e9 pas si grande de Dynamo. Short Shot prend la construction Dynamo robuste et durable sur laquelle vous [&hellip;]<\/p>\n","protected":false},"featured_media":90187,"template":"","meta":{"site-sidebar-layout":"default","site-content-layout":"","ast-site-content-layout":"default","site-content-style":"default","site-sidebar-style":"default","ast-global-header-display":"","ast-banner-title-visibility":"","ast-main-header-display":"","ast-hfb-above-header-display":"","ast-hfb-below-header-display":"","ast-hfb-mobile-header-display":"","site-post-title":"","ast-breadcrumbs-content":"","ast-featured-img":"","footer-sml-layout":"","ast-disable-related-posts":"","theme-transparent-header-meta":"default","adv-header-id-meta":"","stick-header-meta":"","header-above-stick-meta":"","header-main-stick-meta":"","header-below-stick-meta":"","astra-migrate-meta-layouts":"default","ast-page-background-enabled":"default","ast-page-background-meta":{"desktop":{"background-color":"var(--ast-global-color-4)","background-image":"","background-repeat":"repeat","background-position":"center center","background-size":"auto","background-attachment":"scroll","background-type":"","background-media":"","overlay-type":"","overlay-color":"","overlay-opacity":"","overlay-gradient":""},"tablet":{"background-color":"","background-image":"","background-repeat":"repeat","background-position":"center center","background-size":"auto","background-attachment":"scroll","background-type":"","background-media":"","overlay-type":"","overlay-color":"","overlay-opacity":"","overlay-gradient":""},"mobile":{"background-color":"","background-image":"","background-repeat":"repeat","background-position":"center center","background-size":"auto","background-attachment":"scroll","background-type":"","background-media":"","overlay-type":"","overlay-color":"","overlay-opacity":"","overlay-gradient":""}},"ast-content-background-meta":{"desktop":{"background-color":"var(--ast-global-color-5)","background-image":"","background-repeat":"repeat","background-position":"center center","background-size":"auto","background-attachment":"scroll","background-type":"","background-media":"","overlay-type":"","overlay-color":"","overlay-opacity":"","overlay-gradient":""},"tablet":{"background-color":"var(--ast-global-color-5)","background-image":"","background-repeat":"repeat","background-position":"center center","background-size":"auto","background-attachment":"scroll","background-type":"","background-media":"","overlay-type":"","overlay-color":"","overlay-opacity":"","overlay-gradient":""},"mobile":{"background-color":"var(--ast-global-color-5)","background-image":"","background-repeat":"repeat","background-position":"center center","background-size":"auto","background-attachment":"scroll","background-type":"","background-media":"","overlay-type":"","overlay-color":"","overlay-opacity":"","overlay-gradient":""}}},"product_brand":[5202],"product_cat":[1219,4526],"product_tag":[],"class_list":{"0":"post-34064","1":"product","2":"type-product","3":"status-publish","4":"has-post-thumbnail","6":"product_brand-valley-dynamo-fr","7":"product_cat-air-hockey-fr","8":"product_cat-produits-commerciaux","9":"product_shipping_class-grand-air-hockey","10":"desktop-align-center","11":"tablet-align-left","12":"mobile-align-left","14":"first","15":"instock","16":"taxable","17":"shipping-taxable","18":"product-type-simple"},"yoast_head":"<!-- This site is optimized with the Yoast SEO plugin v27.5 - https:\/\/yoast.com\/product\/yoast-seo-wordpress\/ -->\n<title>Acheter Air Hockey Dynamo Short Shot avec monnayeur - The World Billiards<\/title>\n<meta name=\"description\" content=\"C&#039;est la nouveaut\u00e9 pas si grande de Dynamo. Short Shot prend la construction Dynamo robuste et durable sur laquelle vous comptez et la place dans une petite table de hockey sur air riche en fonctionnalit\u00e9s. C&#039;est la bonne taille pour les petits joueurs, mais contrairement aux autres mod\u00e8les &quot;b\u00e9b\u00e9s&quot;, il n&#039;est pas trop petit pour les joueurs adultes. Id\u00e9al pour les FEC  Compatible DBA plug-and-play Son et \u00e9clairage interactifs Construction d&#039;armoires de qualit\u00e9 commerciale Ensembles de boucliers de protection standard et affichage de score LED \u00e0 montage lat\u00e9ral Terrain de jeu en stratifi\u00e9 r\u00e9sistant aux chocs Rails sup\u00e9rieurs en polycarbonate pour une action et une d\u00e9viation rapides, avec \u00e9clairage LED enti\u00e8rement incrust\u00e9 Approuv\u00e9 CE et ETL Usine \u00e9quip\u00e9e de doubles distributeurs de tickets Ensemble de marquage optique anti-bourrage infrarouge\" \/>\n<meta name=\"robots\" content=\"index, follow, max-snippet:-1, max-image-preview:large, max-video-preview:-1\" \/>\n<link rel=\"canonical\" href=\"https:\/\/theworldbilliards.com\/fr\/produit\/air-hockey-dynamo-short-shot-avec-monnayeur\/\" \/>\n<meta property=\"og:locale\" content=\"fr_FR\" \/>\n<meta property=\"og:type\" content=\"article\" \/>\n<meta property=\"og:title\" content=\"Acheter Air Hockey Dynamo Short Shot avec monnayeur - The World Billiards\" \/>\n<meta property=\"og:description\" content=\"C&#039;est la nouveaut\u00e9 pas si grande de Dynamo. Short Shot prend la construction Dynamo robuste et durable sur laquelle vous comptez et la place dans une petite table de hockey sur air riche en fonctionnalit\u00e9s. C&#039;est la bonne taille pour les petits joueurs, mais contrairement aux autres mod\u00e8les &quot;b\u00e9b\u00e9s&quot;, il n&#039;est pas trop petit pour les joueurs adultes. Id\u00e9al pour les FEC  Compatible DBA plug-and-play Son et \u00e9clairage interactifs Construction d&#039;armoires de qualit\u00e9 commerciale Ensembles de boucliers de protection standard et affichage de score LED \u00e0 montage lat\u00e9ral Terrain de jeu en stratifi\u00e9 r\u00e9sistant aux chocs Rails sup\u00e9rieurs en polycarbonate pour une action et une d\u00e9viation rapides, avec \u00e9clairage LED enti\u00e8rement incrust\u00e9 Approuv\u00e9 CE et ETL Usine \u00e9quip\u00e9e de doubles distributeurs de tickets Ensemble de marquage optique anti-bourrage infrarouge\" \/>\n<meta property=\"og:url\" content=\"https:\/\/theworldbilliards.com\/fr\/produit\/air-hockey-dynamo-short-shot-avec-monnayeur\/\" \/>\n<meta property=\"og:site_name\" content=\"The World Billiards\" \/>\n<meta property=\"article:publisher\" content=\"https:\/\/www.facebook.com\/baby.foot.superbes\" \/>\n<meta property=\"article:modified_time\" content=\"2025-05-27T11:46:06+00:00\" \/>\n<meta property=\"og:image\" content=\"https:\/\/theworldbilliards.com\/wp-content\/uploads\/2017\/06\/Dynamo_Hockey_ShortShot_Logo_Print.png\" \/>\n\t<meta property=\"og:image:width\" content=\"928\" \/>\n\t<meta property=\"og:image:height\" content=\"928\" \/>\n\t<meta property=\"og:image:type\" content=\"image\/png\" \/>\n<meta name=\"twitter:card\" content=\"summary_large_image\" \/>\n<script type=\"application\/ld+json\" class=\"yoast-schema-graph\">{\"@context\":\"https:\\\/\\\/schema.org\",\"@graph\":[{\"@type\":\"WebPage\",\"@id\":\"https:\\\/\\\/theworldbilliards.com\\\/fr\\\/produit\\\/air-hockey-dynamo-short-shot-avec-monnayeur\\\/\",\"url\":\"https:\\\/\\\/theworldbilliards.com\\\/fr\\\/produit\\\/air-hockey-dynamo-short-shot-avec-monnayeur\\\/\",\"name\":\"Acheter Air Hockey Dynamo Short Shot avec monnayeur - The World Billiards\",\"isPartOf\":{\"@id\":\"https:\\\/\\\/theworldbilliards.com\\\/fr\\\/#website\"},\"primaryImageOfPage\":{\"@id\":\"https:\\\/\\\/theworldbilliards.com\\\/fr\\\/produit\\\/air-hockey-dynamo-short-shot-avec-monnayeur\\\/#primaryimage\"},\"image\":{\"@id\":\"https:\\\/\\\/theworldbilliards.com\\\/fr\\\/produit\\\/air-hockey-dynamo-short-shot-avec-monnayeur\\\/#primaryimage\"},\"thumbnailUrl\":\"https:\\\/\\\/theworldbilliards.com\\\/wp-content\\\/uploads\\\/2017\\\/06\\\/Dynamo_Hockey_ShortShot_Logo_Print.png\",\"datePublished\":\"2017-06-22T10:58:17+00:00\",\"dateModified\":\"2025-05-27T11:46:06+00:00\",\"description\":\"C'est la nouveaut\u00e9 pas si grande de Dynamo. Short Shot prend la construction Dynamo robuste et durable sur laquelle vous comptez et la place dans une petite table de hockey sur air riche en fonctionnalit\u00e9s. C'est la bonne taille pour les petits joueurs, mais contrairement aux autres mod\u00e8les \\\"b\u00e9b\u00e9s\\\", il n'est pas trop petit pour les joueurs adultes. Id\u00e9al pour les FEC Compatible DBA plug-and-play Son et \u00e9clairage interactifs Construction d'armoires de qualit\u00e9 commerciale Ensembles de boucliers de protection standard et affichage de score LED \u00e0 montage lat\u00e9ral Terrain de jeu en stratifi\u00e9 r\u00e9sistant aux chocs Rails sup\u00e9rieurs en polycarbonate pour une action et une d\u00e9viation rapides, avec \u00e9clairage LED enti\u00e8rement incrust\u00e9 Approuv\u00e9 CE et ETL Usine \u00e9quip\u00e9e de doubles distributeurs de tickets Ensemble de marquage optique anti-bourrage infrarouge\",\"breadcrumb\":{\"@id\":\"https:\\\/\\\/theworldbilliards.com\\\/fr\\\/produit\\\/air-hockey-dynamo-short-shot-avec-monnayeur\\\/#breadcrumb\"},\"inLanguage\":\"fr-FR\",\"potentialAction\":[{\"@type\":\"ReadAction\",\"target\":[\"https:\\\/\\\/theworldbilliards.com\\\/fr\\\/produit\\\/air-hockey-dynamo-short-shot-avec-monnayeur\\\/\"]}]},{\"@type\":\"ImageObject\",\"inLanguage\":\"fr-FR\",\"@id\":\"https:\\\/\\\/theworldbilliards.com\\\/fr\\\/produit\\\/air-hockey-dynamo-short-shot-avec-monnayeur\\\/#primaryimage\",\"url\":\"https:\\\/\\\/theworldbilliards.com\\\/wp-content\\\/uploads\\\/2017\\\/06\\\/Dynamo_Hockey_ShortShot_Logo_Print.png\",\"contentUrl\":\"https:\\\/\\\/theworldbilliards.com\\\/wp-content\\\/uploads\\\/2017\\\/06\\\/Dynamo_Hockey_ShortShot_Logo_Print.png\",\"width\":928,\"height\":928},{\"@type\":\"BreadcrumbList\",\"@id\":\"https:\\\/\\\/theworldbilliards.com\\\/fr\\\/produit\\\/air-hockey-dynamo-short-shot-avec-monnayeur\\\/#breadcrumb\",\"itemListElement\":[{\"@type\":\"ListItem\",\"position\":1,\"name\":\"In\u00edcio\",\"item\":\"https:\\\/\\\/theworldbilliards.com\\\/fr\\\/\"},{\"@type\":\"ListItem\",\"position\":2,\"name\":\"Boutique en ligne\",\"item\":\"https:\\\/\\\/theworldbilliards.com\\\/fr\\\/boutique-theworldbilliards\\\/\"},{\"@type\":\"ListItem\",\"position\":3,\"name\":\"Air Hockey Dynamo Short Shot avec monnayeur\"}]},{\"@type\":\"WebSite\",\"@id\":\"https:\\\/\\\/theworldbilliards.com\\\/fr\\\/#website\",\"url\":\"https:\\\/\\\/theworldbilliards.com\\\/fr\\\/\",\"name\":\"TheWorldBilliards\",\"description\":\"Achetez ici billard, baby-foot, ping-pong et bowling\",\"publisher\":{\"@id\":\"https:\\\/\\\/theworldbilliards.com\\\/fr\\\/#organization\"},\"alternateName\":\"The world billiards\",\"potentialAction\":[{\"@type\":\"SearchAction\",\"target\":{\"@type\":\"EntryPoint\",\"urlTemplate\":\"https:\\\/\\\/theworldbilliards.com\\\/fr\\\/?s={search_term_string}\"},\"query-input\":{\"@type\":\"PropertyValueSpecification\",\"valueRequired\":true,\"valueName\":\"search_term_string\"}}],\"inLanguage\":\"fr-FR\"},{\"@type\":\"Organization\",\"@id\":\"https:\\\/\\\/theworldbilliards.com\\\/fr\\\/#organization\",\"name\":\"The World Billiards\",\"alternateName\":\"The World Billiards\",\"url\":\"https:\\\/\\\/theworldbilliards.com\\\/fr\\\/\",\"logo\":{\"@type\":\"ImageObject\",\"inLanguage\":\"fr-FR\",\"@id\":\"https:\\\/\\\/theworldbilliards.com\\\/fr\\\/#\\\/schema\\\/logo\\\/image\\\/\",\"url\":\"\",\"contentUrl\":\"\",\"caption\":\"The World Billiards\"},\"image\":{\"@id\":\"https:\\\/\\\/theworldbilliards.com\\\/fr\\\/#\\\/schema\\\/logo\\\/image\\\/\"},\"sameAs\":[\"https:\\\/\\\/www.facebook.com\\\/baby.foot.superbes\",\"https:\\\/\\\/www.youtube.com\\\/channel\\\/UCIMuOVAaUcH6UpZcsZlH0Tg\",\"https:\\\/\\\/www.facebook.com\\\/people\\\/Brunswick-Billiards-EspaaPortugal\\\/100066446264309\\\/\",\"https:\\\/\\\/www.instagram.com\\\/the_world_billiards\\\/\",\"https:\\\/\\\/www.pinterest.es\\\/Theworldbilliards\\\/\"]}]}<\/script>\n<!-- \/ Yoast SEO plugin. -->","yoast_head_json":{"title":"Acheter Air Hockey Dynamo Short Shot avec monnayeur - The World Billiards","description":"C'est la nouveaut\u00e9 pas si grande de Dynamo. Short Shot prend la construction Dynamo robuste et durable sur laquelle vous comptez et la place dans une petite table de hockey sur air riche en fonctionnalit\u00e9s. C'est la bonne taille pour les petits joueurs, mais contrairement aux autres mod\u00e8les \"b\u00e9b\u00e9s\", il n'est pas trop petit pour les joueurs adultes. Id\u00e9al pour les FEC  Compatible DBA plug-and-play Son et \u00e9clairage interactifs Construction d'armoires de qualit\u00e9 commerciale Ensembles de boucliers de protection standard et affichage de score LED \u00e0 montage lat\u00e9ral Terrain de jeu en stratifi\u00e9 r\u00e9sistant aux chocs Rails sup\u00e9rieurs en polycarbonate pour une action et une d\u00e9viation rapides, avec \u00e9clairage LED enti\u00e8rement incrust\u00e9 Approuv\u00e9 CE et ETL Usine \u00e9quip\u00e9e de doubles distributeurs de tickets Ensemble de marquage optique anti-bourrage infrarouge","robots":{"index":"index","follow":"follow","max-snippet":"max-snippet:-1","max-image-preview":"max-image-preview:large","max-video-preview":"max-video-preview:-1"},"canonical":"https:\/\/theworldbilliards.com\/fr\/produit\/air-hockey-dynamo-short-shot-avec-monnayeur\/","og_locale":"fr_FR","og_type":"article","og_title":"Acheter Air Hockey Dynamo Short Shot avec monnayeur - The World Billiards","og_description":"C'est la nouveaut\u00e9 pas si grande de Dynamo. Short Shot prend la construction Dynamo robuste et durable sur laquelle vous comptez et la place dans une petite table de hockey sur air riche en fonctionnalit\u00e9s. C'est la bonne taille pour les petits joueurs, mais contrairement aux autres mod\u00e8les \"b\u00e9b\u00e9s\", il n'est pas trop petit pour les joueurs adultes. Id\u00e9al pour les FEC  Compatible DBA plug-and-play Son et \u00e9clairage interactifs Construction d'armoires de qualit\u00e9 commerciale Ensembles de boucliers de protection standard et affichage de score LED \u00e0 montage lat\u00e9ral Terrain de jeu en stratifi\u00e9 r\u00e9sistant aux chocs Rails sup\u00e9rieurs en polycarbonate pour une action et une d\u00e9viation rapides, avec \u00e9clairage LED enti\u00e8rement incrust\u00e9 Approuv\u00e9 CE et ETL Usine \u00e9quip\u00e9e de doubles distributeurs de tickets Ensemble de marquage optique anti-bourrage infrarouge","og_url":"https:\/\/theworldbilliards.com\/fr\/produit\/air-hockey-dynamo-short-shot-avec-monnayeur\/","og_site_name":"The World Billiards","article_publisher":"https:\/\/www.facebook.com\/baby.foot.superbes","article_modified_time":"2025-05-27T11:46:06+00:00","og_image":[{"width":928,"height":928,"url":"https:\/\/theworldbilliards.com\/wp-content\/uploads\/2017\/06\/Dynamo_Hockey_ShortShot_Logo_Print.png","type":"image\/png"}],"twitter_card":"summary_large_image","schema":{"@context":"https:\/\/schema.org","@graph":[{"@type":"WebPage","@id":"https:\/\/theworldbilliards.com\/fr\/produit\/air-hockey-dynamo-short-shot-avec-monnayeur\/","url":"https:\/\/theworldbilliards.com\/fr\/produit\/air-hockey-dynamo-short-shot-avec-monnayeur\/","name":"Acheter Air Hockey Dynamo Short Shot avec monnayeur - The World Billiards","isPartOf":{"@id":"https:\/\/theworldbilliards.com\/fr\/#website"},"primaryImageOfPage":{"@id":"https:\/\/theworldbilliards.com\/fr\/produit\/air-hockey-dynamo-short-shot-avec-monnayeur\/#primaryimage"},"image":{"@id":"https:\/\/theworldbilliards.com\/fr\/produit\/air-hockey-dynamo-short-shot-avec-monnayeur\/#primaryimage"},"thumbnailUrl":"https:\/\/theworldbilliards.com\/wp-content\/uploads\/2017\/06\/Dynamo_Hockey_ShortShot_Logo_Print.png","datePublished":"2017-06-22T10:58:17+00:00","dateModified":"2025-05-27T11:46:06+00:00","description":"C'est la nouveaut\u00e9 pas si grande de Dynamo. Short Shot prend la construction Dynamo robuste et durable sur laquelle vous comptez et la place dans une petite table de hockey sur air riche en fonctionnalit\u00e9s. C'est la bonne taille pour les petits joueurs, mais contrairement aux autres mod\u00e8les \"b\u00e9b\u00e9s\", il n'est pas trop petit pour les joueurs adultes. Id\u00e9al pour les FEC Compatible DBA plug-and-play Son et \u00e9clairage interactifs Construction d'armoires de qualit\u00e9 commerciale Ensembles de boucliers de protection standard et affichage de score LED \u00e0 montage lat\u00e9ral Terrain de jeu en stratifi\u00e9 r\u00e9sistant aux chocs Rails sup\u00e9rieurs en polycarbonate pour une action et une d\u00e9viation rapides, avec \u00e9clairage LED enti\u00e8rement incrust\u00e9 Approuv\u00e9 CE et ETL Usine \u00e9quip\u00e9e de doubles distributeurs de tickets Ensemble de marquage optique anti-bourrage infrarouge","breadcrumb":{"@id":"https:\/\/theworldbilliards.com\/fr\/produit\/air-hockey-dynamo-short-shot-avec-monnayeur\/#breadcrumb"},"inLanguage":"fr-FR","potentialAction":[{"@type":"ReadAction","target":["https:\/\/theworldbilliards.com\/fr\/produit\/air-hockey-dynamo-short-shot-avec-monnayeur\/"]}]},{"@type":"ImageObject","inLanguage":"fr-FR","@id":"https:\/\/theworldbilliards.com\/fr\/produit\/air-hockey-dynamo-short-shot-avec-monnayeur\/#primaryimage","url":"https:\/\/theworldbilliards.com\/wp-content\/uploads\/2017\/06\/Dynamo_Hockey_ShortShot_Logo_Print.png","contentUrl":"https:\/\/theworldbilliards.com\/wp-content\/uploads\/2017\/06\/Dynamo_Hockey_ShortShot_Logo_Print.png","width":928,"height":928},{"@type":"BreadcrumbList","@id":"https:\/\/theworldbilliards.com\/fr\/produit\/air-hockey-dynamo-short-shot-avec-monnayeur\/#breadcrumb","itemListElement":[{"@type":"ListItem","position":1,"name":"In\u00edcio","item":"https:\/\/theworldbilliards.com\/fr\/"},{"@type":"ListItem","position":2,"name":"Boutique en ligne","item":"https:\/\/theworldbilliards.com\/fr\/boutique-theworldbilliards\/"},{"@type":"ListItem","position":3,"name":"Air Hockey Dynamo Short Shot avec monnayeur"}]},{"@type":"WebSite","@id":"https:\/\/theworldbilliards.com\/fr\/#website","url":"https:\/\/theworldbilliards.com\/fr\/","name":"TheWorldBilliards","description":"Achetez ici billard, baby-foot, ping-pong et bowling","publisher":{"@id":"https:\/\/theworldbilliards.com\/fr\/#organization"},"alternateName":"The world billiards","potentialAction":[{"@type":"SearchAction","target":{"@type":"EntryPoint","urlTemplate":"https:\/\/theworldbilliards.com\/fr\/?s={search_term_string}"},"query-input":{"@type":"PropertyValueSpecification","valueRequired":true,"valueName":"search_term_string"}}],"inLanguage":"fr-FR"},{"@type":"Organization","@id":"https:\/\/theworldbilliards.com\/fr\/#organization","name":"The World Billiards","alternateName":"The World Billiards","url":"https:\/\/theworldbilliards.com\/fr\/","logo":{"@type":"ImageObject","inLanguage":"fr-FR","@id":"https:\/\/theworldbilliards.com\/fr\/#\/schema\/logo\/image\/","url":"","contentUrl":"","caption":"The World Billiards"},"image":{"@id":"https:\/\/theworldbilliards.com\/fr\/#\/schema\/logo\/image\/"},"sameAs":["https:\/\/www.facebook.com\/baby.foot.superbes","https:\/\/www.youtube.com\/channel\/UCIMuOVAaUcH6UpZcsZlH0Tg","https:\/\/www.facebook.com\/people\/Brunswick-Billiards-EspaaPortugal\/100066446264309\/","https:\/\/www.instagram.com\/the_world_billiards\/","https:\/\/www.pinterest.es\/Theworldbilliards\/"]}]}},"_links":{"self":[{"href":"https:\/\/theworldbilliards.com\/fr\/wp-json\/wp\/v2\/product\/34064","targetHints":{"allow":["GET"]}}],"collection":[{"href":"https:\/\/theworldbilliards.com\/fr\/wp-json\/wp\/v2\/product"}],"about":[{"href":"https:\/\/theworldbilliards.com\/fr\/wp-json\/wp\/v2\/types\/product"}],"wp:featuredmedia":[{"embeddable":true,"href":"https:\/\/theworldbilliards.com\/fr\/wp-json\/wp\/v2\/media\/90187"}],"wp:attachment":[{"href":"https:\/\/theworldbilliards.com\/fr\/wp-json\/wp\/v2\/media?parent=34064"}],"wp:term":[{"taxonomy":"product_brand","embeddable":true,"href":"https:\/\/theworldbilliards.com\/fr\/wp-json\/wp\/v2\/product_brand?post=34064"},{"taxonomy":"product_cat","embeddable":true,"href":"https:\/\/theworldbilliards.com\/fr\/wp-json\/wp\/v2\/product_cat?post=34064"},{"taxonomy":"product_tag","embeddable":true,"href":"https:\/\/theworldbilliards.com\/fr\/wp-json\/wp\/v2\/product_tag?post=34064"}],"curies":[{"name":"wp","href":"https:\/\/api.w.org\/{rel}","templated":true}]}}