{"id":34081,"date":"2017-06-30T12:22:11","date_gmt":"2017-06-30T10:22:11","guid":{"rendered":"http:\/\/www.theworldbilliards.com\/?post_type=product&#038;p=34081\/"},"modified":"2025-05-27T13:46:04","modified_gmt":"2025-05-27T11:46:04","slug":"air-hockey-dynamo-firestorm-home","status":"publish","type":"product","link":"https:\/\/theworldbilliards.com\/fr\/produit\/air-hockey-dynamo-firestorm-home\/","title":{"rendered":"Air Hockey Dynamo Firestorm Home"},"content":{"rendered":"<p>La nouvelle star de Dynamo rentre \u00e0 la maison\u00a0! L&rsquo;\u00e9clairage LED interactif et une conception a\u00e9rienne sculpt\u00e9e de fa\u00e7on spectaculaire font de Fire Storm la touche finale authentique pour cette salle de jeux domestique haut de gamme, ou cet endroit o\u00f9 le fonctionnement des pi\u00e8ces n&rsquo;est pas une exigence mais la durabilit\u00e9 Dynamo l&rsquo;est !<\/p>\n<p>Sons de jeu r\u00e9glables, avec haut-parleur plac\u00e9 derri\u00e8re chaque extr\u00e9mit\u00e9 de but pour un maximum de plaisir du joueur.<br \/>\nEclairage LED multicolore interactif.<br \/>\nSyst\u00e8me de soufflerie Dyna-blast \u00e9prouv\u00e9 pour une action de jeu in\u00e9gal\u00e9e<br \/>\nScore infrarouge anti-blocage avec des extr\u00e9mit\u00e9s de but am\u00e9lior\u00e9es pour r\u00e9duire les blocages et les temps d&rsquo;arr\u00eat.<br \/>\nLa garniture et les graphismes orange flamboyant r\u00e9actifs \u00e0 \u00e9clairage noir attirent l&rsquo;attention des joueurs\u00a0!<\/p>\n<p>Conception de rail sup\u00e9rieur arrondi s\u00fbr &#8211; aucun protecteur d&rsquo;angle n\u00e9cessaire<br \/>\n\u00c9clairage LED multicolore interactif, mont\u00e9 sous un ensemble de boucliers Dynamo-logo en polycarbonate durable en trois parties.<br \/>\nAffichage de score \u00e0 LED facile \u00e0 lire<br \/>\nTerrain de jeu en stratifi\u00e9 r\u00e9sistant aux chocs &#8211; pour une longue dur\u00e9e de vie et un remplacement simple.<\/p>\n","protected":false},"excerpt":{"rendered":"<p>La nouvelle star de Dynamo rentre \u00e0 la maison\u00a0! L&rsquo;\u00e9clairage LED interactif et une conception a\u00e9rienne sculpt\u00e9e de fa\u00e7on spectaculaire [&hellip;]<\/p>\n","protected":false},"featured_media":52435,"template":"","meta":{"site-sidebar-layout":"default","site-content-layout":"","ast-site-content-layout":"default","site-content-style":"default","site-sidebar-style":"default","ast-global-header-display":"","ast-banner-title-visibility":"","ast-main-header-display":"","ast-hfb-above-header-display":"","ast-hfb-below-header-display":"","ast-hfb-mobile-header-display":"","site-post-title":"","ast-breadcrumbs-content":"","ast-featured-img":"","footer-sml-layout":"","ast-disable-related-posts":"","theme-transparent-header-meta":"default","adv-header-id-meta":"","stick-header-meta":"","header-above-stick-meta":"","header-main-stick-meta":"","header-below-stick-meta":"","astra-migrate-meta-layouts":"default","ast-page-background-enabled":"default","ast-page-background-meta":{"desktop":{"background-color":"var(--ast-global-color-4)","background-image":"","background-repeat":"repeat","background-position":"center center","background-size":"auto","background-attachment":"scroll","background-type":"","background-media":"","overlay-type":"","overlay-color":"","overlay-opacity":"","overlay-gradient":""},"tablet":{"background-color":"","background-image":"","background-repeat":"repeat","background-position":"center center","background-size":"auto","background-attachment":"scroll","background-type":"","background-media":"","overlay-type":"","overlay-color":"","overlay-opacity":"","overlay-gradient":""},"mobile":{"background-color":"","background-image":"","background-repeat":"repeat","background-position":"center center","background-size":"auto","background-attachment":"scroll","background-type":"","background-media":"","overlay-type":"","overlay-color":"","overlay-opacity":"","overlay-gradient":""}},"ast-content-background-meta":{"desktop":{"background-color":"var(--ast-global-color-5)","background-image":"","background-repeat":"repeat","background-position":"center center","background-size":"auto","background-attachment":"scroll","background-type":"","background-media":"","overlay-type":"","overlay-color":"","overlay-opacity":"","overlay-gradient":""},"tablet":{"background-color":"var(--ast-global-color-5)","background-image":"","background-repeat":"repeat","background-position":"center center","background-size":"auto","background-attachment":"scroll","background-type":"","background-media":"","overlay-type":"","overlay-color":"","overlay-opacity":"","overlay-gradient":""},"mobile":{"background-color":"var(--ast-global-color-5)","background-image":"","background-repeat":"repeat","background-position":"center center","background-size":"auto","background-attachment":"scroll","background-type":"","background-media":"","overlay-type":"","overlay-color":"","overlay-opacity":"","overlay-gradient":""}}},"product_brand":[5202],"product_cat":[1219],"product_tag":[],"class_list":{"0":"post-34081","1":"product","2":"type-product","3":"status-publish","4":"has-post-thumbnail","6":"product_brand-valley-dynamo-fr","7":"product_cat-air-hockey-fr","8":"product_shipping_class-grand-air-hockey","9":"desktop-align-center","10":"tablet-align-left","11":"mobile-align-left","13":"first","14":"instock","15":"taxable","16":"shipping-taxable","17":"product-type-simple"},"yoast_head":"<!-- This site is optimized with the Yoast SEO plugin v27.4 - https:\/\/yoast.com\/product\/yoast-seo-wordpress\/ -->\n<title>Acheter Air Hockey Dynamo Firestorm Home - The World Billiards<\/title>\n<meta name=\"description\" content=\"La nouvelle star de Dynamo rentre \u00e0 la maison\u00a0! L&#039;\u00e9clairage LED interactif et une conception a\u00e9rienne sculpt\u00e9e de fa\u00e7on spectaculaire font de Fire Storm la touche finale authentique pour cette salle de jeux domestique haut de gamme, ou cet endroit o\u00f9 le fonctionnement des pi\u00e8ces n&#039;est pas une exigence mais la durabilit\u00e9 Dynamo l&#039;est !  Sons de jeu r\u00e9glables, avec haut-parleur plac\u00e9 derri\u00e8re chaque extr\u00e9mit\u00e9 de but pour un maximum de plaisir du joueur. Eclairage LED multicolore interactif. Syst\u00e8me de soufflerie Dyna-blast \u00e9prouv\u00e9 pour une action de jeu in\u00e9gal\u00e9e Score infrarouge anti-blocage avec des extr\u00e9mit\u00e9s de but am\u00e9lior\u00e9es pour r\u00e9duire les blocages et les temps d&#039;arr\u00eat. La garniture et les graphismes orange flamboyant r\u00e9actifs \u00e0 \u00e9clairage noir attirent l&#039;attention des joueurs\u00a0!  Conception de rail sup\u00e9rieur arrondi s\u00fbr - aucun protecteur d&#039;angle n\u00e9cessaire \u00c9clairage LED multicolore interactif, mont\u00e9 sous un ensemble de boucliers Dynamo-logo en polycarbonate durable en trois parties. Affichage de score \u00e0 LED facile \u00e0 lire Terrain de jeu en stratifi\u00e9 r\u00e9sistant aux chocs - pour une longue dur\u00e9e de vie et un remplacement simple.\" \/>\n<meta name=\"robots\" content=\"index, follow, max-snippet:-1, max-image-preview:large, max-video-preview:-1\" \/>\n<link rel=\"canonical\" href=\"https:\/\/theworldbilliards.com\/fr\/produit\/air-hockey-dynamo-firestorm-home\/\" \/>\n<meta property=\"og:locale\" content=\"fr_FR\" \/>\n<meta property=\"og:type\" content=\"article\" \/>\n<meta property=\"og:title\" content=\"Acheter Air Hockey Dynamo Firestorm Home - The World Billiards\" \/>\n<meta property=\"og:description\" content=\"La nouvelle star de Dynamo rentre \u00e0 la maison\u00a0! L&#039;\u00e9clairage LED interactif et une conception a\u00e9rienne sculpt\u00e9e de fa\u00e7on spectaculaire font de Fire Storm la touche finale authentique pour cette salle de jeux domestique haut de gamme, ou cet endroit o\u00f9 le fonctionnement des pi\u00e8ces n&#039;est pas une exigence mais la durabilit\u00e9 Dynamo l&#039;est !  Sons de jeu r\u00e9glables, avec haut-parleur plac\u00e9 derri\u00e8re chaque extr\u00e9mit\u00e9 de but pour un maximum de plaisir du joueur. Eclairage LED multicolore interactif. Syst\u00e8me de soufflerie Dyna-blast \u00e9prouv\u00e9 pour une action de jeu in\u00e9gal\u00e9e Score infrarouge anti-blocage avec des extr\u00e9mit\u00e9s de but am\u00e9lior\u00e9es pour r\u00e9duire les blocages et les temps d&#039;arr\u00eat. La garniture et les graphismes orange flamboyant r\u00e9actifs \u00e0 \u00e9clairage noir attirent l&#039;attention des joueurs\u00a0!  Conception de rail sup\u00e9rieur arrondi s\u00fbr - aucun protecteur d&#039;angle n\u00e9cessaire \u00c9clairage LED multicolore interactif, mont\u00e9 sous un ensemble de boucliers Dynamo-logo en polycarbonate durable en trois parties. Affichage de score \u00e0 LED facile \u00e0 lire Terrain de jeu en stratifi\u00e9 r\u00e9sistant aux chocs - pour une longue dur\u00e9e de vie et un remplacement simple.\" \/>\n<meta property=\"og:url\" content=\"https:\/\/theworldbilliards.com\/fr\/produit\/air-hockey-dynamo-firestorm-home\/\" \/>\n<meta property=\"og:site_name\" content=\"The World Billiards\" \/>\n<meta property=\"article:publisher\" content=\"https:\/\/www.facebook.com\/baby.foot.superbes\" \/>\n<meta property=\"article:modified_time\" content=\"2025-05-27T11:46:04+00:00\" \/>\n<meta property=\"og:image\" content=\"https:\/\/theworldbilliards.com\/wp-content\/uploads\/2017\/06\/Dynamo_FireStormHome.png\" \/>\n\t<meta property=\"og:image:width\" content=\"768\" \/>\n\t<meta property=\"og:image:height\" content=\"768\" \/>\n\t<meta property=\"og:image:type\" content=\"image\/png\" \/>\n<meta name=\"twitter:card\" content=\"summary_large_image\" \/>\n<script type=\"application\/ld+json\" class=\"yoast-schema-graph\">{\"@context\":\"https:\\\/\\\/schema.org\",\"@graph\":[{\"@type\":\"WebPage\",\"@id\":\"https:\\\/\\\/theworldbilliards.com\\\/fr\\\/produit\\\/air-hockey-dynamo-firestorm-home\\\/\",\"url\":\"https:\\\/\\\/theworldbilliards.com\\\/fr\\\/produit\\\/air-hockey-dynamo-firestorm-home\\\/\",\"name\":\"Acheter Air Hockey Dynamo Firestorm Home - The World Billiards\",\"isPartOf\":{\"@id\":\"https:\\\/\\\/theworldbilliards.com\\\/fr\\\/#website\"},\"primaryImageOfPage\":{\"@id\":\"https:\\\/\\\/theworldbilliards.com\\\/fr\\\/produit\\\/air-hockey-dynamo-firestorm-home\\\/#primaryimage\"},\"image\":{\"@id\":\"https:\\\/\\\/theworldbilliards.com\\\/fr\\\/produit\\\/air-hockey-dynamo-firestorm-home\\\/#primaryimage\"},\"thumbnailUrl\":\"https:\\\/\\\/theworldbilliards.com\\\/wp-content\\\/uploads\\\/2017\\\/06\\\/Dynamo_FireStormHome.png\",\"datePublished\":\"2017-06-30T10:22:11+00:00\",\"dateModified\":\"2025-05-27T11:46:04+00:00\",\"description\":\"La nouvelle star de Dynamo rentre \u00e0 la maison\u00a0! L'\u00e9clairage LED interactif et une conception a\u00e9rienne sculpt\u00e9e de fa\u00e7on spectaculaire font de Fire Storm la touche finale authentique pour cette salle de jeux domestique haut de gamme, ou cet endroit o\u00f9 le fonctionnement des pi\u00e8ces n'est pas une exigence mais la durabilit\u00e9 Dynamo l'est ! Sons de jeu r\u00e9glables, avec haut-parleur plac\u00e9 derri\u00e8re chaque extr\u00e9mit\u00e9 de but pour un maximum de plaisir du joueur. Eclairage LED multicolore interactif. Syst\u00e8me de soufflerie Dyna-blast \u00e9prouv\u00e9 pour une action de jeu in\u00e9gal\u00e9e Score infrarouge anti-blocage avec des extr\u00e9mit\u00e9s de but am\u00e9lior\u00e9es pour r\u00e9duire les blocages et les temps d'arr\u00eat. La garniture et les graphismes orange flamboyant r\u00e9actifs \u00e0 \u00e9clairage noir attirent l'attention des joueurs\u00a0! Conception de rail sup\u00e9rieur arrondi s\u00fbr - aucun protecteur d'angle n\u00e9cessaire \u00c9clairage LED multicolore interactif, mont\u00e9 sous un ensemble de boucliers Dynamo-logo en polycarbonate durable en trois parties. Affichage de score \u00e0 LED facile \u00e0 lire Terrain de jeu en stratifi\u00e9 r\u00e9sistant aux chocs - pour une longue dur\u00e9e de vie et un remplacement simple.\",\"breadcrumb\":{\"@id\":\"https:\\\/\\\/theworldbilliards.com\\\/fr\\\/produit\\\/air-hockey-dynamo-firestorm-home\\\/#breadcrumb\"},\"inLanguage\":\"fr-FR\",\"potentialAction\":[{\"@type\":\"ReadAction\",\"target\":[\"https:\\\/\\\/theworldbilliards.com\\\/fr\\\/produit\\\/air-hockey-dynamo-firestorm-home\\\/\"]}]},{\"@type\":\"ImageObject\",\"inLanguage\":\"fr-FR\",\"@id\":\"https:\\\/\\\/theworldbilliards.com\\\/fr\\\/produit\\\/air-hockey-dynamo-firestorm-home\\\/#primaryimage\",\"url\":\"https:\\\/\\\/theworldbilliards.com\\\/wp-content\\\/uploads\\\/2017\\\/06\\\/Dynamo_FireStormHome.png\",\"contentUrl\":\"https:\\\/\\\/theworldbilliards.com\\\/wp-content\\\/uploads\\\/2017\\\/06\\\/Dynamo_FireStormHome.png\",\"width\":768,\"height\":768},{\"@type\":\"BreadcrumbList\",\"@id\":\"https:\\\/\\\/theworldbilliards.com\\\/fr\\\/produit\\\/air-hockey-dynamo-firestorm-home\\\/#breadcrumb\",\"itemListElement\":[{\"@type\":\"ListItem\",\"position\":1,\"name\":\"In\u00edcio\",\"item\":\"https:\\\/\\\/theworldbilliards.com\\\/fr\\\/\"},{\"@type\":\"ListItem\",\"position\":2,\"name\":\"Boutique en ligne\",\"item\":\"https:\\\/\\\/theworldbilliards.com\\\/fr\\\/boutique-theworldbilliards\\\/\"},{\"@type\":\"ListItem\",\"position\":3,\"name\":\"Air Hockey Dynamo Firestorm Home\"}]},{\"@type\":\"WebSite\",\"@id\":\"https:\\\/\\\/theworldbilliards.com\\\/fr\\\/#website\",\"url\":\"https:\\\/\\\/theworldbilliards.com\\\/fr\\\/\",\"name\":\"TheWorldBilliards\",\"description\":\"Achetez ici billard, baby-foot, ping-pong et bowling\",\"publisher\":{\"@id\":\"https:\\\/\\\/theworldbilliards.com\\\/fr\\\/#organization\"},\"alternateName\":\"The world billiards\",\"potentialAction\":[{\"@type\":\"SearchAction\",\"target\":{\"@type\":\"EntryPoint\",\"urlTemplate\":\"https:\\\/\\\/theworldbilliards.com\\\/fr\\\/?s={search_term_string}\"},\"query-input\":{\"@type\":\"PropertyValueSpecification\",\"valueRequired\":true,\"valueName\":\"search_term_string\"}}],\"inLanguage\":\"fr-FR\"},{\"@type\":\"Organization\",\"@id\":\"https:\\\/\\\/theworldbilliards.com\\\/fr\\\/#organization\",\"name\":\"The World Billiards\",\"alternateName\":\"The World Billiards\",\"url\":\"https:\\\/\\\/theworldbilliards.com\\\/fr\\\/\",\"logo\":{\"@type\":\"ImageObject\",\"inLanguage\":\"fr-FR\",\"@id\":\"https:\\\/\\\/theworldbilliards.com\\\/fr\\\/#\\\/schema\\\/logo\\\/image\\\/\",\"url\":\"\",\"contentUrl\":\"\",\"caption\":\"The World Billiards\"},\"image\":{\"@id\":\"https:\\\/\\\/theworldbilliards.com\\\/fr\\\/#\\\/schema\\\/logo\\\/image\\\/\"},\"sameAs\":[\"https:\\\/\\\/www.facebook.com\\\/baby.foot.superbes\",\"https:\\\/\\\/www.youtube.com\\\/channel\\\/UCIMuOVAaUcH6UpZcsZlH0Tg\",\"https:\\\/\\\/www.facebook.com\\\/people\\\/Brunswick-Billiards-EspaaPortugal\\\/100066446264309\\\/\",\"https:\\\/\\\/www.instagram.com\\\/the_world_billiards\\\/\",\"https:\\\/\\\/www.pinterest.es\\\/Theworldbilliards\\\/\"]}]}<\/script>\n<!-- \/ Yoast SEO plugin. -->","yoast_head_json":{"title":"Acheter Air Hockey Dynamo Firestorm Home - The World Billiards","description":"La nouvelle star de Dynamo rentre \u00e0 la maison\u00a0! L'\u00e9clairage LED interactif et une conception a\u00e9rienne sculpt\u00e9e de fa\u00e7on spectaculaire font de Fire Storm la touche finale authentique pour cette salle de jeux domestique haut de gamme, ou cet endroit o\u00f9 le fonctionnement des pi\u00e8ces n'est pas une exigence mais la durabilit\u00e9 Dynamo l'est !  Sons de jeu r\u00e9glables, avec haut-parleur plac\u00e9 derri\u00e8re chaque extr\u00e9mit\u00e9 de but pour un maximum de plaisir du joueur. Eclairage LED multicolore interactif. Syst\u00e8me de soufflerie Dyna-blast \u00e9prouv\u00e9 pour une action de jeu in\u00e9gal\u00e9e Score infrarouge anti-blocage avec des extr\u00e9mit\u00e9s de but am\u00e9lior\u00e9es pour r\u00e9duire les blocages et les temps d'arr\u00eat. La garniture et les graphismes orange flamboyant r\u00e9actifs \u00e0 \u00e9clairage noir attirent l'attention des joueurs\u00a0!  Conception de rail sup\u00e9rieur arrondi s\u00fbr - aucun protecteur d'angle n\u00e9cessaire \u00c9clairage LED multicolore interactif, mont\u00e9 sous un ensemble de boucliers Dynamo-logo en polycarbonate durable en trois parties. Affichage de score \u00e0 LED facile \u00e0 lire Terrain de jeu en stratifi\u00e9 r\u00e9sistant aux chocs - pour une longue dur\u00e9e de vie et un remplacement simple.","robots":{"index":"index","follow":"follow","max-snippet":"max-snippet:-1","max-image-preview":"max-image-preview:large","max-video-preview":"max-video-preview:-1"},"canonical":"https:\/\/theworldbilliards.com\/fr\/produit\/air-hockey-dynamo-firestorm-home\/","og_locale":"fr_FR","og_type":"article","og_title":"Acheter Air Hockey Dynamo Firestorm Home - The World Billiards","og_description":"La nouvelle star de Dynamo rentre \u00e0 la maison\u00a0! L'\u00e9clairage LED interactif et une conception a\u00e9rienne sculpt\u00e9e de fa\u00e7on spectaculaire font de Fire Storm la touche finale authentique pour cette salle de jeux domestique haut de gamme, ou cet endroit o\u00f9 le fonctionnement des pi\u00e8ces n'est pas une exigence mais la durabilit\u00e9 Dynamo l'est !  Sons de jeu r\u00e9glables, avec haut-parleur plac\u00e9 derri\u00e8re chaque extr\u00e9mit\u00e9 de but pour un maximum de plaisir du joueur. Eclairage LED multicolore interactif. Syst\u00e8me de soufflerie Dyna-blast \u00e9prouv\u00e9 pour une action de jeu in\u00e9gal\u00e9e Score infrarouge anti-blocage avec des extr\u00e9mit\u00e9s de but am\u00e9lior\u00e9es pour r\u00e9duire les blocages et les temps d'arr\u00eat. La garniture et les graphismes orange flamboyant r\u00e9actifs \u00e0 \u00e9clairage noir attirent l'attention des joueurs\u00a0!  Conception de rail sup\u00e9rieur arrondi s\u00fbr - aucun protecteur d'angle n\u00e9cessaire \u00c9clairage LED multicolore interactif, mont\u00e9 sous un ensemble de boucliers Dynamo-logo en polycarbonate durable en trois parties. Affichage de score \u00e0 LED facile \u00e0 lire Terrain de jeu en stratifi\u00e9 r\u00e9sistant aux chocs - pour une longue dur\u00e9e de vie et un remplacement simple.","og_url":"https:\/\/theworldbilliards.com\/fr\/produit\/air-hockey-dynamo-firestorm-home\/","og_site_name":"The World Billiards","article_publisher":"https:\/\/www.facebook.com\/baby.foot.superbes","article_modified_time":"2025-05-27T11:46:04+00:00","og_image":[{"width":768,"height":768,"url":"https:\/\/theworldbilliards.com\/wp-content\/uploads\/2017\/06\/Dynamo_FireStormHome.png","type":"image\/png"}],"twitter_card":"summary_large_image","schema":{"@context":"https:\/\/schema.org","@graph":[{"@type":"WebPage","@id":"https:\/\/theworldbilliards.com\/fr\/produit\/air-hockey-dynamo-firestorm-home\/","url":"https:\/\/theworldbilliards.com\/fr\/produit\/air-hockey-dynamo-firestorm-home\/","name":"Acheter Air Hockey Dynamo Firestorm Home - The World Billiards","isPartOf":{"@id":"https:\/\/theworldbilliards.com\/fr\/#website"},"primaryImageOfPage":{"@id":"https:\/\/theworldbilliards.com\/fr\/produit\/air-hockey-dynamo-firestorm-home\/#primaryimage"},"image":{"@id":"https:\/\/theworldbilliards.com\/fr\/produit\/air-hockey-dynamo-firestorm-home\/#primaryimage"},"thumbnailUrl":"https:\/\/theworldbilliards.com\/wp-content\/uploads\/2017\/06\/Dynamo_FireStormHome.png","datePublished":"2017-06-30T10:22:11+00:00","dateModified":"2025-05-27T11:46:04+00:00","description":"La nouvelle star de Dynamo rentre \u00e0 la maison\u00a0! L'\u00e9clairage LED interactif et une conception a\u00e9rienne sculpt\u00e9e de fa\u00e7on spectaculaire font de Fire Storm la touche finale authentique pour cette salle de jeux domestique haut de gamme, ou cet endroit o\u00f9 le fonctionnement des pi\u00e8ces n'est pas une exigence mais la durabilit\u00e9 Dynamo l'est ! Sons de jeu r\u00e9glables, avec haut-parleur plac\u00e9 derri\u00e8re chaque extr\u00e9mit\u00e9 de but pour un maximum de plaisir du joueur. Eclairage LED multicolore interactif. Syst\u00e8me de soufflerie Dyna-blast \u00e9prouv\u00e9 pour une action de jeu in\u00e9gal\u00e9e Score infrarouge anti-blocage avec des extr\u00e9mit\u00e9s de but am\u00e9lior\u00e9es pour r\u00e9duire les blocages et les temps d'arr\u00eat. La garniture et les graphismes orange flamboyant r\u00e9actifs \u00e0 \u00e9clairage noir attirent l'attention des joueurs\u00a0! Conception de rail sup\u00e9rieur arrondi s\u00fbr - aucun protecteur d'angle n\u00e9cessaire \u00c9clairage LED multicolore interactif, mont\u00e9 sous un ensemble de boucliers Dynamo-logo en polycarbonate durable en trois parties. Affichage de score \u00e0 LED facile \u00e0 lire Terrain de jeu en stratifi\u00e9 r\u00e9sistant aux chocs - pour une longue dur\u00e9e de vie et un remplacement simple.","breadcrumb":{"@id":"https:\/\/theworldbilliards.com\/fr\/produit\/air-hockey-dynamo-firestorm-home\/#breadcrumb"},"inLanguage":"fr-FR","potentialAction":[{"@type":"ReadAction","target":["https:\/\/theworldbilliards.com\/fr\/produit\/air-hockey-dynamo-firestorm-home\/"]}]},{"@type":"ImageObject","inLanguage":"fr-FR","@id":"https:\/\/theworldbilliards.com\/fr\/produit\/air-hockey-dynamo-firestorm-home\/#primaryimage","url":"https:\/\/theworldbilliards.com\/wp-content\/uploads\/2017\/06\/Dynamo_FireStormHome.png","contentUrl":"https:\/\/theworldbilliards.com\/wp-content\/uploads\/2017\/06\/Dynamo_FireStormHome.png","width":768,"height":768},{"@type":"BreadcrumbList","@id":"https:\/\/theworldbilliards.com\/fr\/produit\/air-hockey-dynamo-firestorm-home\/#breadcrumb","itemListElement":[{"@type":"ListItem","position":1,"name":"In\u00edcio","item":"https:\/\/theworldbilliards.com\/fr\/"},{"@type":"ListItem","position":2,"name":"Boutique en ligne","item":"https:\/\/theworldbilliards.com\/fr\/boutique-theworldbilliards\/"},{"@type":"ListItem","position":3,"name":"Air Hockey Dynamo Firestorm Home"}]},{"@type":"WebSite","@id":"https:\/\/theworldbilliards.com\/fr\/#website","url":"https:\/\/theworldbilliards.com\/fr\/","name":"TheWorldBilliards","description":"Achetez ici billard, baby-foot, ping-pong et bowling","publisher":{"@id":"https:\/\/theworldbilliards.com\/fr\/#organization"},"alternateName":"The world billiards","potentialAction":[{"@type":"SearchAction","target":{"@type":"EntryPoint","urlTemplate":"https:\/\/theworldbilliards.com\/fr\/?s={search_term_string}"},"query-input":{"@type":"PropertyValueSpecification","valueRequired":true,"valueName":"search_term_string"}}],"inLanguage":"fr-FR"},{"@type":"Organization","@id":"https:\/\/theworldbilliards.com\/fr\/#organization","name":"The World Billiards","alternateName":"The World Billiards","url":"https:\/\/theworldbilliards.com\/fr\/","logo":{"@type":"ImageObject","inLanguage":"fr-FR","@id":"https:\/\/theworldbilliards.com\/fr\/#\/schema\/logo\/image\/","url":"","contentUrl":"","caption":"The World Billiards"},"image":{"@id":"https:\/\/theworldbilliards.com\/fr\/#\/schema\/logo\/image\/"},"sameAs":["https:\/\/www.facebook.com\/baby.foot.superbes","https:\/\/www.youtube.com\/channel\/UCIMuOVAaUcH6UpZcsZlH0Tg","https:\/\/www.facebook.com\/people\/Brunswick-Billiards-EspaaPortugal\/100066446264309\/","https:\/\/www.instagram.com\/the_world_billiards\/","https:\/\/www.pinterest.es\/Theworldbilliards\/"]}]}},"_links":{"self":[{"href":"https:\/\/theworldbilliards.com\/fr\/wp-json\/wp\/v2\/product\/34081","targetHints":{"allow":["GET"]}}],"collection":[{"href":"https:\/\/theworldbilliards.com\/fr\/wp-json\/wp\/v2\/product"}],"about":[{"href":"https:\/\/theworldbilliards.com\/fr\/wp-json\/wp\/v2\/types\/product"}],"wp:featuredmedia":[{"embeddable":true,"href":"https:\/\/theworldbilliards.com\/fr\/wp-json\/wp\/v2\/media\/52435"}],"wp:attachment":[{"href":"https:\/\/theworldbilliards.com\/fr\/wp-json\/wp\/v2\/media?parent=34081"}],"wp:term":[{"taxonomy":"product_brand","embeddable":true,"href":"https:\/\/theworldbilliards.com\/fr\/wp-json\/wp\/v2\/product_brand?post=34081"},{"taxonomy":"product_cat","embeddable":true,"href":"https:\/\/theworldbilliards.com\/fr\/wp-json\/wp\/v2\/product_cat?post=34081"},{"taxonomy":"product_tag","embeddable":true,"href":"https:\/\/theworldbilliards.com\/fr\/wp-json\/wp\/v2\/product_tag?post=34081"}],"curies":[{"name":"wp","href":"https:\/\/api.w.org\/{rel}","templated":true}]}}