{"id":38424,"date":"2017-08-08T18:00:29","date_gmt":"2017-08-08T16:00:29","guid":{"rendered":"http:\/\/www.theworldbilliards.com\/produto\/vicente-calderon-ii-version-portugaise\/"},"modified":"2023-11-07T11:32:47","modified_gmt":"2023-11-07T10:32:47","slug":"baby-foot-calderon-version-portugaise","status":"publish","type":"product","link":"https:\/\/theworldbilliards.com\/fr\/produit\/baby-foot-calderon-version-portugaise\/","title":{"rendered":"Baby Foot Calderon (Version portugaise)"},"content":{"rendered":"<div id=\"gt-src-c\" class=\"g-unit\">\n<div id=\"gt-src-p\">\n<div id=\"gt-src-wrap\">\n<div id=\"gt-src-cc\">\n<div id=\"gt-src-cc-ctr\" class=\"cc-ctr gt-src-cc-normal\">Nouveau baby-foot Calderon II (Version Portuguesa)<\/div>\n<\/div>\n<\/div>\n<\/div>\n<\/div>\n<div id=\"gt-res-c\" class=\"g-unit\">\n<div id=\"gt-res-p\">\n<div id=\"gt-res-data\">\n<div id=\"gt-res-wrap\">\n<div id=\"gt-res-content\">\n<div id=\"gt-res-dir-ctr\" class=\"trans-verified-button-small\" dir=\"ltr\"><span lang=\"fr\">Maintenant disponible<br \/>\n<\/span><\/div>\n<ul>\n<li dir=\"ltr\"><span lang=\"fr\">Haute qualit\u00e9\u00a0de finition<br \/>\n<\/span><\/li>\n<li dir=\"ltr\"><span lang=\"fr\">Les joueurs individuels\u00a0en aluminium renforc\u00e9<br \/>\n<\/span><\/li>\n<li dir=\"ltr\">Baby-foot fabriqu\u00e9 en bois de h\u00eatre massif vaporis\u00e9 de qualit\u00e9 sup\u00e9rieure, ce qui fait de votre baby-foot un meuble d\u00e9coratif avec plus de classe et d\u2019\u00e9l\u00e9gance dans la tradition.<\/li>\n<li dir=\"ltr\"><span lang=\"fr\">Calibr\u00e9s\u00a0tiges\u00a0massives\u00a015 mm<br \/>\n<\/span><\/li>\n<li dir=\"ltr\"><span lang=\"fr\">Poings\u00a0dans le luxe\u00a0Mad\u00e8re<br \/>\n<\/span><\/li>\n<li dir=\"ltr\"><span lang=\"fr\">Poids\u00a0&#8211;\u00a096\u00a0kg<\/span><span lang=\"fr\"><br \/>\n<\/span><\/li>\n<li dir=\"ltr\"><span lang=\"fr\">2 Balles inclus dans le bois de fr\u00eane <\/span><span lang=\"fr\">ou\u00a0plastique<\/span><\/li>\n<li dir=\"ltr\">Taille:\u00a01,40\u00a0m\u00a0x\u00a00,75\u00a0m\u00a0x\u00a00,88\u00a0m\u00a0[LoxLaxH]<\/li>\n<\/ul>\n<div class=\"trans-verified-button-small\" dir=\"ltr\">\n<p>Plusieurs\u00a0options disponibles:\u00a0verre\u00a0sur le dessus, les lumi\u00e8res LED, la couleur\u00a0de la table, possibilit\u00e9\u00a0de fabrication\u00a0avec des joueurs\u00a0diff\u00e9rents.<\/p>\n<p><img decoding=\"async\" src=\"https:\/\/theworldbilliards.com\/wp-content\/uploads\/2019\/11\/Colores-Maderas-Billar-300x182.jpg\" \/><\/p>\n<ul>\n<li>Autres couleurs de bois ou joueurs contactez-nous<\/li>\n<li>Option LED RVB avec t\u00e9l\u00e9commande<\/li>\n<\/ul>\n<p>&nbsp;<\/p>\n<\/div>\n<\/div>\n<\/div>\n<\/div>\n<\/div>\n<\/div>\n","protected":false},"excerpt":{"rendered":"<p>Nouveau baby-foot Calderon II (Version Portuguesa) Maintenant disponible Haute qualit\u00e9\u00a0de finition Les joueurs individuels\u00a0en aluminium renforc\u00e9 Baby-foot fabriqu\u00e9 en bois [&hellip;]<\/p>\n","protected":false},"featured_media":52751,"template":"","meta":{"site-sidebar-layout":"default","site-content-layout":"","ast-site-content-layout":"default","site-content-style":"default","site-sidebar-style":"default","ast-global-header-display":"","ast-banner-title-visibility":"","ast-main-header-display":"","ast-hfb-above-header-display":"","ast-hfb-below-header-display":"","ast-hfb-mobile-header-display":"","site-post-title":"","ast-breadcrumbs-content":"","ast-featured-img":"","footer-sml-layout":"","ast-disable-related-posts":"","theme-transparent-header-meta":"default","adv-header-id-meta":"","stick-header-meta":"","header-above-stick-meta":"","header-main-stick-meta":"","header-below-stick-meta":"","astra-migrate-meta-layouts":"default","ast-page-background-enabled":"default","ast-page-background-meta":{"desktop":{"background-color":"var(--ast-global-color-4)","background-image":"","background-repeat":"repeat","background-position":"center center","background-size":"auto","background-attachment":"scroll","background-type":"","background-media":"","overlay-type":"","overlay-color":"","overlay-opacity":"","overlay-gradient":""},"tablet":{"background-color":"","background-image":"","background-repeat":"repeat","background-position":"center center","background-size":"auto","background-attachment":"scroll","background-type":"","background-media":"","overlay-type":"","overlay-color":"","overlay-opacity":"","overlay-gradient":""},"mobile":{"background-color":"","background-image":"","background-repeat":"repeat","background-position":"center center","background-size":"auto","background-attachment":"scroll","background-type":"","background-media":"","overlay-type":"","overlay-color":"","overlay-opacity":"","overlay-gradient":""}},"ast-content-background-meta":{"desktop":{"background-color":"var(--ast-global-color-5)","background-image":"","background-repeat":"repeat","background-position":"center center","background-size":"auto","background-attachment":"scroll","background-type":"","background-media":"","overlay-type":"","overlay-color":"","overlay-opacity":"","overlay-gradient":""},"tablet":{"background-color":"var(--ast-global-color-5)","background-image":"","background-repeat":"repeat","background-position":"center center","background-size":"auto","background-attachment":"scroll","background-type":"","background-media":"","overlay-type":"","overlay-color":"","overlay-opacity":"","overlay-gradient":""},"mobile":{"background-color":"var(--ast-global-color-5)","background-image":"","background-repeat":"repeat","background-position":"center center","background-size":"auto","background-attachment":"scroll","background-type":"","background-media":"","overlay-type":"","overlay-color":"","overlay-opacity":"","overlay-gradient":""}}},"product_brand":[5218],"product_cat":[1437],"product_tag":[],"class_list":{"0":"post-38424","1":"product","2":"type-product","3":"status-publish","4":"has-post-thumbnail","6":"product_brand-the-world-billiards","7":"product_cat-baby-foot-sans-monnayeur","8":"product_shipping_class-baby-foot","9":"desktop-align-center","10":"tablet-align-left","11":"mobile-align-left","13":"first","14":"instock","15":"taxable","16":"shipping-taxable","17":"purchasable","18":"product-type-variable"},"yoast_head":"<!-- This site is optimized with the Yoast SEO plugin v27.4 - https:\/\/yoast.com\/product\/yoast-seo-wordpress\/ -->\n<title>Acheter Baby Foot Calderon (Version portugaise) - The World Billiards<\/title>\n<meta name=\"description\" content=\"Nouveau baby-foot Calderon II (Version Portuguesa)          Maintenant disponible    Haute qualit\u00e9\u00a0de finition   Les joueurs individuels\u00a0en aluminium renforc\u00e9   Baby-foot fabriqu\u00e9 en bois de h\u00eatre massif vaporis\u00e9 de qualit\u00e9 sup\u00e9rieure, ce qui fait de votre baby-foot un meuble d\u00e9coratif avec plus de classe et d\u2019\u00e9l\u00e9gance dans la tradition.  Calibr\u00e9s\u00a0tiges\u00a0massives\u00a015 mm   Poings\u00a0dans le luxe\u00a0Mad\u00e8re   Poids\u00a0-\u00a096\u00a0kg   2 Balles inclus dans le bois de fr\u00eane ou\u00a0plastique  Taille:\u00a01,40\u00a0m\u00a0x\u00a00,75\u00a0m\u00a0x\u00a00,88\u00a0m\u00a0    Plusieurs\u00a0options disponibles:\u00a0verre\u00a0sur le dessus, les lumi\u00e8res LED, la couleur\u00a0de la table, possibilit\u00e9\u00a0de fabrication\u00a0avec des joueurs\u00a0diff\u00e9rents.     Autres couleurs de bois ou joueurs contactez-nous  Option LED RVB avec t\u00e9l\u00e9commande  &nbsp;\" \/>\n<meta name=\"robots\" content=\"index, follow, max-snippet:-1, max-image-preview:large, max-video-preview:-1\" \/>\n<link rel=\"canonical\" href=\"https:\/\/theworldbilliards.com\/fr\/produit\/baby-foot-calderon-version-portugaise\/\" \/>\n<meta property=\"og:locale\" content=\"fr_FR\" \/>\n<meta property=\"og:type\" content=\"article\" \/>\n<meta property=\"og:title\" content=\"Acheter Baby Foot Calderon (Version portugaise) - The World Billiards\" \/>\n<meta property=\"og:description\" content=\"Nouveau baby-foot Calderon II (Version Portuguesa)          Maintenant disponible    Haute qualit\u00e9\u00a0de finition   Les joueurs individuels\u00a0en aluminium renforc\u00e9   Baby-foot fabriqu\u00e9 en bois de h\u00eatre massif vaporis\u00e9 de qualit\u00e9 sup\u00e9rieure, ce qui fait de votre baby-foot un meuble d\u00e9coratif avec plus de classe et d\u2019\u00e9l\u00e9gance dans la tradition.  Calibr\u00e9s\u00a0tiges\u00a0massives\u00a015 mm   Poings\u00a0dans le luxe\u00a0Mad\u00e8re   Poids\u00a0-\u00a096\u00a0kg   2 Balles inclus dans le bois de fr\u00eane ou\u00a0plastique  Taille:\u00a01,40\u00a0m\u00a0x\u00a00,75\u00a0m\u00a0x\u00a00,88\u00a0m\u00a0    Plusieurs\u00a0options disponibles:\u00a0verre\u00a0sur le dessus, les lumi\u00e8res LED, la couleur\u00a0de la table, possibilit\u00e9\u00a0de fabrication\u00a0avec des joueurs\u00a0diff\u00e9rents.     Autres couleurs de bois ou joueurs contactez-nous  Option LED RVB avec t\u00e9l\u00e9commande  &nbsp;\" \/>\n<meta property=\"og:url\" content=\"https:\/\/theworldbilliards.com\/fr\/produit\/baby-foot-calderon-version-portugaise\/\" \/>\n<meta property=\"og:site_name\" content=\"The World Billiards\" \/>\n<meta property=\"article:publisher\" content=\"https:\/\/www.facebook.com\/baby.foot.superbes\" \/>\n<meta property=\"article:modified_time\" content=\"2023-11-07T10:32:47+00:00\" \/>\n<meta property=\"og:image\" content=\"https:\/\/theworldbilliards.com\/wp-content\/uploads\/2017\/08\/calderon-pt.png\" \/>\n\t<meta property=\"og:image:width\" content=\"986\" \/>\n\t<meta property=\"og:image:height\" content=\"986\" \/>\n\t<meta property=\"og:image:type\" content=\"image\/png\" \/>\n<meta name=\"twitter:card\" content=\"summary_large_image\" \/>\n<script type=\"application\/ld+json\" class=\"yoast-schema-graph\">{\"@context\":\"https:\\\/\\\/schema.org\",\"@graph\":[{\"@type\":\"WebPage\",\"@id\":\"https:\\\/\\\/theworldbilliards.com\\\/fr\\\/produit\\\/baby-foot-calderon-version-portugaise\\\/\",\"url\":\"https:\\\/\\\/theworldbilliards.com\\\/fr\\\/produit\\\/baby-foot-calderon-version-portugaise\\\/\",\"name\":\"Acheter Baby Foot Calderon (Version portugaise) - The World Billiards\",\"isPartOf\":{\"@id\":\"https:\\\/\\\/theworldbilliards.com\\\/fr\\\/#website\"},\"primaryImageOfPage\":{\"@id\":\"https:\\\/\\\/theworldbilliards.com\\\/fr\\\/produit\\\/baby-foot-calderon-version-portugaise\\\/#primaryimage\"},\"image\":{\"@id\":\"https:\\\/\\\/theworldbilliards.com\\\/fr\\\/produit\\\/baby-foot-calderon-version-portugaise\\\/#primaryimage\"},\"thumbnailUrl\":\"https:\\\/\\\/theworldbilliards.com\\\/wp-content\\\/uploads\\\/2017\\\/08\\\/calderon-pt.png\",\"datePublished\":\"2017-08-08T16:00:29+00:00\",\"dateModified\":\"2023-11-07T10:32:47+00:00\",\"description\":\"Nouveau baby-foot Calderon II (Version Portuguesa) Maintenant disponible Haute qualit\u00e9\u00a0de finition Les joueurs individuels\u00a0en aluminium renforc\u00e9 Baby-foot fabriqu\u00e9 en bois de h\u00eatre massif vaporis\u00e9 de qualit\u00e9 sup\u00e9rieure, ce qui fait de votre baby-foot un meuble d\u00e9coratif avec plus de classe et d\u2019\u00e9l\u00e9gance dans la tradition. Calibr\u00e9s\u00a0tiges\u00a0massives\u00a015 mm Poings\u00a0dans le luxe\u00a0Mad\u00e8re Poids\u00a0-\u00a096\u00a0kg 2 Balles inclus dans le bois de fr\u00eane ou\u00a0plastique Taille:\u00a01,40\u00a0m\u00a0x\u00a00,75\u00a0m\u00a0x\u00a00,88\u00a0m\u00a0 Plusieurs\u00a0options disponibles:\u00a0verre\u00a0sur le dessus, les lumi\u00e8res LED, la couleur\u00a0de la table, possibilit\u00e9\u00a0de fabrication\u00a0avec des joueurs\u00a0diff\u00e9rents. Autres couleurs de bois ou joueurs contactez-nous Option LED RVB avec t\u00e9l\u00e9commande &nbsp;\",\"breadcrumb\":{\"@id\":\"https:\\\/\\\/theworldbilliards.com\\\/fr\\\/produit\\\/baby-foot-calderon-version-portugaise\\\/#breadcrumb\"},\"inLanguage\":\"fr-FR\",\"potentialAction\":[{\"@type\":\"ReadAction\",\"target\":[\"https:\\\/\\\/theworldbilliards.com\\\/fr\\\/produit\\\/baby-foot-calderon-version-portugaise\\\/\"]}]},{\"@type\":\"ImageObject\",\"inLanguage\":\"fr-FR\",\"@id\":\"https:\\\/\\\/theworldbilliards.com\\\/fr\\\/produit\\\/baby-foot-calderon-version-portugaise\\\/#primaryimage\",\"url\":\"https:\\\/\\\/theworldbilliards.com\\\/wp-content\\\/uploads\\\/2017\\\/08\\\/calderon-pt.png\",\"contentUrl\":\"https:\\\/\\\/theworldbilliards.com\\\/wp-content\\\/uploads\\\/2017\\\/08\\\/calderon-pt.png\",\"width\":986,\"height\":986},{\"@type\":\"BreadcrumbList\",\"@id\":\"https:\\\/\\\/theworldbilliards.com\\\/fr\\\/produit\\\/baby-foot-calderon-version-portugaise\\\/#breadcrumb\",\"itemListElement\":[{\"@type\":\"ListItem\",\"position\":1,\"name\":\"In\u00edcio\",\"item\":\"https:\\\/\\\/theworldbilliards.com\\\/fr\\\/\"},{\"@type\":\"ListItem\",\"position\":2,\"name\":\"Boutique en ligne\",\"item\":\"https:\\\/\\\/theworldbilliards.com\\\/fr\\\/boutique-theworldbilliards\\\/\"},{\"@type\":\"ListItem\",\"position\":3,\"name\":\"Baby Foot Calderon (Version portugaise)\"}]},{\"@type\":\"WebSite\",\"@id\":\"https:\\\/\\\/theworldbilliards.com\\\/fr\\\/#website\",\"url\":\"https:\\\/\\\/theworldbilliards.com\\\/fr\\\/\",\"name\":\"TheWorldBilliards\",\"description\":\"Achetez ici billard, baby-foot, ping-pong et bowling\",\"publisher\":{\"@id\":\"https:\\\/\\\/theworldbilliards.com\\\/fr\\\/#organization\"},\"alternateName\":\"The world billiards\",\"potentialAction\":[{\"@type\":\"SearchAction\",\"target\":{\"@type\":\"EntryPoint\",\"urlTemplate\":\"https:\\\/\\\/theworldbilliards.com\\\/fr\\\/?s={search_term_string}\"},\"query-input\":{\"@type\":\"PropertyValueSpecification\",\"valueRequired\":true,\"valueName\":\"search_term_string\"}}],\"inLanguage\":\"fr-FR\"},{\"@type\":\"Organization\",\"@id\":\"https:\\\/\\\/theworldbilliards.com\\\/fr\\\/#organization\",\"name\":\"The World Billiards\",\"alternateName\":\"The World Billiards\",\"url\":\"https:\\\/\\\/theworldbilliards.com\\\/fr\\\/\",\"logo\":{\"@type\":\"ImageObject\",\"inLanguage\":\"fr-FR\",\"@id\":\"https:\\\/\\\/theworldbilliards.com\\\/fr\\\/#\\\/schema\\\/logo\\\/image\\\/\",\"url\":\"\",\"contentUrl\":\"\",\"caption\":\"The World Billiards\"},\"image\":{\"@id\":\"https:\\\/\\\/theworldbilliards.com\\\/fr\\\/#\\\/schema\\\/logo\\\/image\\\/\"},\"sameAs\":[\"https:\\\/\\\/www.facebook.com\\\/baby.foot.superbes\",\"https:\\\/\\\/www.youtube.com\\\/channel\\\/UCIMuOVAaUcH6UpZcsZlH0Tg\",\"https:\\\/\\\/www.facebook.com\\\/people\\\/Brunswick-Billiards-EspaaPortugal\\\/100066446264309\\\/\",\"https:\\\/\\\/www.instagram.com\\\/the_world_billiards\\\/\",\"https:\\\/\\\/www.pinterest.es\\\/Theworldbilliards\\\/\"]}]}<\/script>\n<!-- \/ Yoast SEO plugin. -->","yoast_head_json":{"title":"Acheter Baby Foot Calderon (Version portugaise) - The World Billiards","description":"Nouveau baby-foot Calderon II (Version Portuguesa)          Maintenant disponible    Haute qualit\u00e9\u00a0de finition   Les joueurs individuels\u00a0en aluminium renforc\u00e9   Baby-foot fabriqu\u00e9 en bois de h\u00eatre massif vaporis\u00e9 de qualit\u00e9 sup\u00e9rieure, ce qui fait de votre baby-foot un meuble d\u00e9coratif avec plus de classe et d\u2019\u00e9l\u00e9gance dans la tradition.  Calibr\u00e9s\u00a0tiges\u00a0massives\u00a015 mm   Poings\u00a0dans le luxe\u00a0Mad\u00e8re   Poids\u00a0-\u00a096\u00a0kg   2 Balles inclus dans le bois de fr\u00eane ou\u00a0plastique  Taille:\u00a01,40\u00a0m\u00a0x\u00a00,75\u00a0m\u00a0x\u00a00,88\u00a0m\u00a0    Plusieurs\u00a0options disponibles:\u00a0verre\u00a0sur le dessus, les lumi\u00e8res LED, la couleur\u00a0de la table, possibilit\u00e9\u00a0de fabrication\u00a0avec des joueurs\u00a0diff\u00e9rents.     Autres couleurs de bois ou joueurs contactez-nous  Option LED RVB avec t\u00e9l\u00e9commande  &nbsp;","robots":{"index":"index","follow":"follow","max-snippet":"max-snippet:-1","max-image-preview":"max-image-preview:large","max-video-preview":"max-video-preview:-1"},"canonical":"https:\/\/theworldbilliards.com\/fr\/produit\/baby-foot-calderon-version-portugaise\/","og_locale":"fr_FR","og_type":"article","og_title":"Acheter Baby Foot Calderon (Version portugaise) - The World Billiards","og_description":"Nouveau baby-foot Calderon II (Version Portuguesa)          Maintenant disponible    Haute qualit\u00e9\u00a0de finition   Les joueurs individuels\u00a0en aluminium renforc\u00e9   Baby-foot fabriqu\u00e9 en bois de h\u00eatre massif vaporis\u00e9 de qualit\u00e9 sup\u00e9rieure, ce qui fait de votre baby-foot un meuble d\u00e9coratif avec plus de classe et d\u2019\u00e9l\u00e9gance dans la tradition.  Calibr\u00e9s\u00a0tiges\u00a0massives\u00a015 mm   Poings\u00a0dans le luxe\u00a0Mad\u00e8re   Poids\u00a0-\u00a096\u00a0kg   2 Balles inclus dans le bois de fr\u00eane ou\u00a0plastique  Taille:\u00a01,40\u00a0m\u00a0x\u00a00,75\u00a0m\u00a0x\u00a00,88\u00a0m\u00a0    Plusieurs\u00a0options disponibles:\u00a0verre\u00a0sur le dessus, les lumi\u00e8res LED, la couleur\u00a0de la table, possibilit\u00e9\u00a0de fabrication\u00a0avec des joueurs\u00a0diff\u00e9rents.     Autres couleurs de bois ou joueurs contactez-nous  Option LED RVB avec t\u00e9l\u00e9commande  &nbsp;","og_url":"https:\/\/theworldbilliards.com\/fr\/produit\/baby-foot-calderon-version-portugaise\/","og_site_name":"The World Billiards","article_publisher":"https:\/\/www.facebook.com\/baby.foot.superbes","article_modified_time":"2023-11-07T10:32:47+00:00","og_image":[{"width":986,"height":986,"url":"https:\/\/theworldbilliards.com\/wp-content\/uploads\/2017\/08\/calderon-pt.png","type":"image\/png"}],"twitter_card":"summary_large_image","schema":{"@context":"https:\/\/schema.org","@graph":[{"@type":"WebPage","@id":"https:\/\/theworldbilliards.com\/fr\/produit\/baby-foot-calderon-version-portugaise\/","url":"https:\/\/theworldbilliards.com\/fr\/produit\/baby-foot-calderon-version-portugaise\/","name":"Acheter Baby Foot Calderon (Version portugaise) - The World Billiards","isPartOf":{"@id":"https:\/\/theworldbilliards.com\/fr\/#website"},"primaryImageOfPage":{"@id":"https:\/\/theworldbilliards.com\/fr\/produit\/baby-foot-calderon-version-portugaise\/#primaryimage"},"image":{"@id":"https:\/\/theworldbilliards.com\/fr\/produit\/baby-foot-calderon-version-portugaise\/#primaryimage"},"thumbnailUrl":"https:\/\/theworldbilliards.com\/wp-content\/uploads\/2017\/08\/calderon-pt.png","datePublished":"2017-08-08T16:00:29+00:00","dateModified":"2023-11-07T10:32:47+00:00","description":"Nouveau baby-foot Calderon II (Version Portuguesa) Maintenant disponible Haute qualit\u00e9\u00a0de finition Les joueurs individuels\u00a0en aluminium renforc\u00e9 Baby-foot fabriqu\u00e9 en bois de h\u00eatre massif vaporis\u00e9 de qualit\u00e9 sup\u00e9rieure, ce qui fait de votre baby-foot un meuble d\u00e9coratif avec plus de classe et d\u2019\u00e9l\u00e9gance dans la tradition. Calibr\u00e9s\u00a0tiges\u00a0massives\u00a015 mm Poings\u00a0dans le luxe\u00a0Mad\u00e8re Poids\u00a0-\u00a096\u00a0kg 2 Balles inclus dans le bois de fr\u00eane ou\u00a0plastique Taille:\u00a01,40\u00a0m\u00a0x\u00a00,75\u00a0m\u00a0x\u00a00,88\u00a0m\u00a0 Plusieurs\u00a0options disponibles:\u00a0verre\u00a0sur le dessus, les lumi\u00e8res LED, la couleur\u00a0de la table, possibilit\u00e9\u00a0de fabrication\u00a0avec des joueurs\u00a0diff\u00e9rents. Autres couleurs de bois ou joueurs contactez-nous Option LED RVB avec t\u00e9l\u00e9commande &nbsp;","breadcrumb":{"@id":"https:\/\/theworldbilliards.com\/fr\/produit\/baby-foot-calderon-version-portugaise\/#breadcrumb"},"inLanguage":"fr-FR","potentialAction":[{"@type":"ReadAction","target":["https:\/\/theworldbilliards.com\/fr\/produit\/baby-foot-calderon-version-portugaise\/"]}]},{"@type":"ImageObject","inLanguage":"fr-FR","@id":"https:\/\/theworldbilliards.com\/fr\/produit\/baby-foot-calderon-version-portugaise\/#primaryimage","url":"https:\/\/theworldbilliards.com\/wp-content\/uploads\/2017\/08\/calderon-pt.png","contentUrl":"https:\/\/theworldbilliards.com\/wp-content\/uploads\/2017\/08\/calderon-pt.png","width":986,"height":986},{"@type":"BreadcrumbList","@id":"https:\/\/theworldbilliards.com\/fr\/produit\/baby-foot-calderon-version-portugaise\/#breadcrumb","itemListElement":[{"@type":"ListItem","position":1,"name":"In\u00edcio","item":"https:\/\/theworldbilliards.com\/fr\/"},{"@type":"ListItem","position":2,"name":"Boutique en ligne","item":"https:\/\/theworldbilliards.com\/fr\/boutique-theworldbilliards\/"},{"@type":"ListItem","position":3,"name":"Baby Foot Calderon (Version portugaise)"}]},{"@type":"WebSite","@id":"https:\/\/theworldbilliards.com\/fr\/#website","url":"https:\/\/theworldbilliards.com\/fr\/","name":"TheWorldBilliards","description":"Achetez ici billard, baby-foot, ping-pong et bowling","publisher":{"@id":"https:\/\/theworldbilliards.com\/fr\/#organization"},"alternateName":"The world billiards","potentialAction":[{"@type":"SearchAction","target":{"@type":"EntryPoint","urlTemplate":"https:\/\/theworldbilliards.com\/fr\/?s={search_term_string}"},"query-input":{"@type":"PropertyValueSpecification","valueRequired":true,"valueName":"search_term_string"}}],"inLanguage":"fr-FR"},{"@type":"Organization","@id":"https:\/\/theworldbilliards.com\/fr\/#organization","name":"The World Billiards","alternateName":"The World Billiards","url":"https:\/\/theworldbilliards.com\/fr\/","logo":{"@type":"ImageObject","inLanguage":"fr-FR","@id":"https:\/\/theworldbilliards.com\/fr\/#\/schema\/logo\/image\/","url":"","contentUrl":"","caption":"The World Billiards"},"image":{"@id":"https:\/\/theworldbilliards.com\/fr\/#\/schema\/logo\/image\/"},"sameAs":["https:\/\/www.facebook.com\/baby.foot.superbes","https:\/\/www.youtube.com\/channel\/UCIMuOVAaUcH6UpZcsZlH0Tg","https:\/\/www.facebook.com\/people\/Brunswick-Billiards-EspaaPortugal\/100066446264309\/","https:\/\/www.instagram.com\/the_world_billiards\/","https:\/\/www.pinterest.es\/Theworldbilliards\/"]}]}},"_links":{"self":[{"href":"https:\/\/theworldbilliards.com\/fr\/wp-json\/wp\/v2\/product\/38424","targetHints":{"allow":["GET"]}}],"collection":[{"href":"https:\/\/theworldbilliards.com\/fr\/wp-json\/wp\/v2\/product"}],"about":[{"href":"https:\/\/theworldbilliards.com\/fr\/wp-json\/wp\/v2\/types\/product"}],"wp:featuredmedia":[{"embeddable":true,"href":"https:\/\/theworldbilliards.com\/fr\/wp-json\/wp\/v2\/media\/52751"}],"wp:attachment":[{"href":"https:\/\/theworldbilliards.com\/fr\/wp-json\/wp\/v2\/media?parent=38424"}],"wp:term":[{"taxonomy":"product_brand","embeddable":true,"href":"https:\/\/theworldbilliards.com\/fr\/wp-json\/wp\/v2\/product_brand?post=38424"},{"taxonomy":"product_cat","embeddable":true,"href":"https:\/\/theworldbilliards.com\/fr\/wp-json\/wp\/v2\/product_cat?post=38424"},{"taxonomy":"product_tag","embeddable":true,"href":"https:\/\/theworldbilliards.com\/fr\/wp-json\/wp\/v2\/product_tag?post=38424"}],"curies":[{"name":"wp","href":"https:\/\/api.w.org\/{rel}","templated":true}]}}