{"id":38883,"date":"2017-09-23T10:05:41","date_gmt":"2017-09-23T08:05:41","guid":{"rendered":"http:\/\/www.theworldbilliards.com\/produto\/poches-cuir-noires\/"},"modified":"2023-10-27T14:03:42","modified_gmt":"2023-10-27T12:03:42","slug":"poches-cuir-pour-table-de-billard","status":"publish","type":"product","link":"https:\/\/theworldbilliards.com\/fr\/produit\/poches-cuir-pour-table-de-billard\/","title":{"rendered":"Poches Cuir pour table de Billard"},"content":{"rendered":"<p>Ensemble complet de grattoirs de table en cuir v\u00e9ritable.<\/p>\n<p>Les poches d&rsquo;int\u00e9rieur disponibles en noir.<\/p>\n<p>Le cuir v\u00e9ritable de ces poches leur donne un look tr\u00e8s authentique.<\/p>\n<p>Ils sont adaptables aux tables de billard am\u00e9ricaines de 7, 8 et 9 pieds.<\/p>\n<p>Si vous avez des doutes sur le genre de poche de votre billard, n&rsquo;h\u00e9sitez pas \u00e0 nous contacter.<\/p>\n<p>TVA et Transport non compris.<\/p>\n","protected":false},"excerpt":{"rendered":"<p>Ensemble complet de grattoirs de table en cuir v\u00e9ritable. Les poches d&rsquo;int\u00e9rieur disponibles en noir. Le cuir v\u00e9ritable de ces [&hellip;]<\/p>\n","protected":false},"featured_media":105989,"template":"","meta":{"site-sidebar-layout":"default","site-content-layout":"","ast-site-content-layout":"default","site-content-style":"default","site-sidebar-style":"default","ast-global-header-display":"","ast-banner-title-visibility":"","ast-main-header-display":"","ast-hfb-above-header-display":"","ast-hfb-below-header-display":"","ast-hfb-mobile-header-display":"","site-post-title":"","ast-breadcrumbs-content":"","ast-featured-img":"","footer-sml-layout":"","ast-disable-related-posts":"","theme-transparent-header-meta":"default","adv-header-id-meta":"","stick-header-meta":"","header-above-stick-meta":"","header-main-stick-meta":"","header-below-stick-meta":"","astra-migrate-meta-layouts":"default","ast-page-background-enabled":"default","ast-page-background-meta":{"desktop":{"background-color":"var(--ast-global-color-4)","background-image":"","background-repeat":"repeat","background-position":"center center","background-size":"auto","background-attachment":"scroll","background-type":"","background-media":"","overlay-type":"","overlay-color":"","overlay-opacity":"","overlay-gradient":""},"tablet":{"background-color":"","background-image":"","background-repeat":"repeat","background-position":"center center","background-size":"auto","background-attachment":"scroll","background-type":"","background-media":"","overlay-type":"","overlay-color":"","overlay-opacity":"","overlay-gradient":""},"mobile":{"background-color":"","background-image":"","background-repeat":"repeat","background-position":"center center","background-size":"auto","background-attachment":"scroll","background-type":"","background-media":"","overlay-type":"","overlay-color":"","overlay-opacity":"","overlay-gradient":""}},"ast-content-background-meta":{"desktop":{"background-color":"var(--ast-global-color-5)","background-image":"","background-repeat":"repeat","background-position":"center center","background-size":"auto","background-attachment":"scroll","background-type":"","background-media":"","overlay-type":"","overlay-color":"","overlay-opacity":"","overlay-gradient":""},"tablet":{"background-color":"var(--ast-global-color-5)","background-image":"","background-repeat":"repeat","background-position":"center center","background-size":"auto","background-attachment":"scroll","background-type":"","background-media":"","overlay-type":"","overlay-color":"","overlay-opacity":"","overlay-gradient":""},"mobile":{"background-color":"var(--ast-global-color-5)","background-image":"","background-repeat":"repeat","background-position":"center center","background-size":"auto","background-attachment":"scroll","background-type":"","background-media":"","overlay-type":"","overlay-color":"","overlay-opacity":"","overlay-gradient":""}}},"product_brand":[],"product_cat":[2676],"product_tag":[],"class_list":{"0":"post-38883","1":"product","2":"type-product","3":"status-publish","4":"has-post-thumbnail","6":"product_cat-poches-pour-table-de-billard","7":"product_shipping_class-accessoires","8":"desktop-align-center","9":"tablet-align-left","10":"mobile-align-left","12":"first","13":"instock","14":"sale","15":"taxable","16":"shipping-taxable","17":"purchasable","18":"product-type-simple"},"yoast_head":"<!-- This site is optimized with the Yoast SEO plugin v27.5 - https:\/\/yoast.com\/product\/yoast-seo-wordpress\/ -->\n<title>Acheter Poches Cuir pour table de Billard - The World Billiards<\/title>\n<meta name=\"description\" content=\"Ensemble complet de grattoirs de table en cuir v\u00e9ritable.  Les poches d&#039;int\u00e9rieur disponibles en noir.  Le cuir v\u00e9ritable de ces poches leur donne un look tr\u00e8s authentique.  Ils sont adaptables aux tables de billard am\u00e9ricaines de 7, 8 et 9 pieds.  Si vous avez des doutes sur le genre de poche de votre billard, n&#039;h\u00e9sitez pas \u00e0 nous contacter.  TVA et Transport non compris.\" \/>\n<meta name=\"robots\" content=\"index, follow, max-snippet:-1, max-image-preview:large, max-video-preview:-1\" \/>\n<link rel=\"canonical\" href=\"https:\/\/theworldbilliards.com\/fr\/produit\/poches-cuir-pour-table-de-billard\/\" \/>\n<meta property=\"og:locale\" content=\"fr_FR\" \/>\n<meta property=\"og:type\" content=\"article\" \/>\n<meta property=\"og:title\" content=\"Acheter Poches Cuir pour table de Billard - The World Billiards\" \/>\n<meta property=\"og:description\" content=\"Ensemble complet de grattoirs de table en cuir v\u00e9ritable.  Les poches d&#039;int\u00e9rieur disponibles en noir.  Le cuir v\u00e9ritable de ces poches leur donne un look tr\u00e8s authentique.  Ils sont adaptables aux tables de billard am\u00e9ricaines de 7, 8 et 9 pieds.  Si vous avez des doutes sur le genre de poche de votre billard, n&#039;h\u00e9sitez pas \u00e0 nous contacter.  TVA et Transport non compris.\" \/>\n<meta property=\"og:url\" content=\"https:\/\/theworldbilliards.com\/fr\/produit\/poches-cuir-pour-table-de-billard\/\" \/>\n<meta property=\"og:site_name\" content=\"The World Billiards\" \/>\n<meta property=\"article:publisher\" content=\"https:\/\/www.facebook.com\/baby.foot.superbes\" \/>\n<meta property=\"article:modified_time\" content=\"2023-10-27T12:03:42+00:00\" \/>\n<meta property=\"og:image\" content=\"https:\/\/theworldbilliards.com\/wp-content\/uploads\/2017\/09\/tronera-negra-interior.jpg\" \/>\n\t<meta property=\"og:image:width\" content=\"600\" \/>\n\t<meta property=\"og:image:height\" content=\"799\" \/>\n\t<meta property=\"og:image:type\" content=\"image\/jpeg\" \/>\n<meta name=\"twitter:card\" content=\"summary_large_image\" \/>\n<script type=\"application\/ld+json\" class=\"yoast-schema-graph\">{\"@context\":\"https:\\\/\\\/schema.org\",\"@graph\":[{\"@type\":\"WebPage\",\"@id\":\"https:\\\/\\\/theworldbilliards.com\\\/fr\\\/produit\\\/poches-cuir-pour-table-de-billard\\\/\",\"url\":\"https:\\\/\\\/theworldbilliards.com\\\/fr\\\/produit\\\/poches-cuir-pour-table-de-billard\\\/\",\"name\":\"Acheter Poches Cuir pour table de Billard - The World Billiards\",\"isPartOf\":{\"@id\":\"https:\\\/\\\/theworldbilliards.com\\\/fr\\\/#website\"},\"primaryImageOfPage\":{\"@id\":\"https:\\\/\\\/theworldbilliards.com\\\/fr\\\/produit\\\/poches-cuir-pour-table-de-billard\\\/#primaryimage\"},\"image\":{\"@id\":\"https:\\\/\\\/theworldbilliards.com\\\/fr\\\/produit\\\/poches-cuir-pour-table-de-billard\\\/#primaryimage\"},\"thumbnailUrl\":\"https:\\\/\\\/theworldbilliards.com\\\/wp-content\\\/uploads\\\/2017\\\/09\\\/tronera-negra-interior-1.jpg\",\"datePublished\":\"2017-09-23T08:05:41+00:00\",\"dateModified\":\"2023-10-27T12:03:42+00:00\",\"description\":\"Ensemble complet de grattoirs de table en cuir v\u00e9ritable. Les poches d'int\u00e9rieur disponibles en noir. Le cuir v\u00e9ritable de ces poches leur donne un look tr\u00e8s authentique. Ils sont adaptables aux tables de billard am\u00e9ricaines de 7, 8 et 9 pieds. Si vous avez des doutes sur le genre de poche de votre billard, n'h\u00e9sitez pas \u00e0 nous contacter. TVA et Transport non compris.\",\"breadcrumb\":{\"@id\":\"https:\\\/\\\/theworldbilliards.com\\\/fr\\\/produit\\\/poches-cuir-pour-table-de-billard\\\/#breadcrumb\"},\"inLanguage\":\"fr-FR\",\"potentialAction\":[{\"@type\":\"ReadAction\",\"target\":[\"https:\\\/\\\/theworldbilliards.com\\\/fr\\\/produit\\\/poches-cuir-pour-table-de-billard\\\/\"]}]},{\"@type\":\"ImageObject\",\"inLanguage\":\"fr-FR\",\"@id\":\"https:\\\/\\\/theworldbilliards.com\\\/fr\\\/produit\\\/poches-cuir-pour-table-de-billard\\\/#primaryimage\",\"url\":\"https:\\\/\\\/theworldbilliards.com\\\/wp-content\\\/uploads\\\/2017\\\/09\\\/tronera-negra-interior-1.jpg\",\"contentUrl\":\"https:\\\/\\\/theworldbilliards.com\\\/wp-content\\\/uploads\\\/2017\\\/09\\\/tronera-negra-interior-1.jpg\",\"width\":598,\"height\":598},{\"@type\":\"BreadcrumbList\",\"@id\":\"https:\\\/\\\/theworldbilliards.com\\\/fr\\\/produit\\\/poches-cuir-pour-table-de-billard\\\/#breadcrumb\",\"itemListElement\":[{\"@type\":\"ListItem\",\"position\":1,\"name\":\"In\u00edcio\",\"item\":\"https:\\\/\\\/theworldbilliards.com\\\/fr\\\/\"},{\"@type\":\"ListItem\",\"position\":2,\"name\":\"Boutique en ligne\",\"item\":\"https:\\\/\\\/theworldbilliards.com\\\/fr\\\/boutique-theworldbilliards\\\/\"},{\"@type\":\"ListItem\",\"position\":3,\"name\":\"Poches Cuir pour table de Billard\"}]},{\"@type\":\"WebSite\",\"@id\":\"https:\\\/\\\/theworldbilliards.com\\\/fr\\\/#website\",\"url\":\"https:\\\/\\\/theworldbilliards.com\\\/fr\\\/\",\"name\":\"TheWorldBilliards\",\"description\":\"Achetez ici billard, baby-foot, ping-pong et bowling\",\"publisher\":{\"@id\":\"https:\\\/\\\/theworldbilliards.com\\\/fr\\\/#organization\"},\"alternateName\":\"The world billiards\",\"potentialAction\":[{\"@type\":\"SearchAction\",\"target\":{\"@type\":\"EntryPoint\",\"urlTemplate\":\"https:\\\/\\\/theworldbilliards.com\\\/fr\\\/?s={search_term_string}\"},\"query-input\":{\"@type\":\"PropertyValueSpecification\",\"valueRequired\":true,\"valueName\":\"search_term_string\"}}],\"inLanguage\":\"fr-FR\"},{\"@type\":\"Organization\",\"@id\":\"https:\\\/\\\/theworldbilliards.com\\\/fr\\\/#organization\",\"name\":\"The World Billiards\",\"alternateName\":\"The World Billiards\",\"url\":\"https:\\\/\\\/theworldbilliards.com\\\/fr\\\/\",\"logo\":{\"@type\":\"ImageObject\",\"inLanguage\":\"fr-FR\",\"@id\":\"https:\\\/\\\/theworldbilliards.com\\\/fr\\\/#\\\/schema\\\/logo\\\/image\\\/\",\"url\":\"\",\"contentUrl\":\"\",\"caption\":\"The World Billiards\"},\"image\":{\"@id\":\"https:\\\/\\\/theworldbilliards.com\\\/fr\\\/#\\\/schema\\\/logo\\\/image\\\/\"},\"sameAs\":[\"https:\\\/\\\/www.facebook.com\\\/baby.foot.superbes\",\"https:\\\/\\\/www.youtube.com\\\/channel\\\/UCIMuOVAaUcH6UpZcsZlH0Tg\",\"https:\\\/\\\/www.facebook.com\\\/people\\\/Brunswick-Billiards-EspaaPortugal\\\/100066446264309\\\/\",\"https:\\\/\\\/www.instagram.com\\\/the_world_billiards\\\/\",\"https:\\\/\\\/www.pinterest.es\\\/Theworldbilliards\\\/\"]}]}<\/script>\n<!-- \/ Yoast SEO plugin. -->","yoast_head_json":{"title":"Acheter Poches Cuir pour table de Billard - The World Billiards","description":"Ensemble complet de grattoirs de table en cuir v\u00e9ritable.  Les poches d'int\u00e9rieur disponibles en noir.  Le cuir v\u00e9ritable de ces poches leur donne un look tr\u00e8s authentique.  Ils sont adaptables aux tables de billard am\u00e9ricaines de 7, 8 et 9 pieds.  Si vous avez des doutes sur le genre de poche de votre billard, n'h\u00e9sitez pas \u00e0 nous contacter.  TVA et Transport non compris.","robots":{"index":"index","follow":"follow","max-snippet":"max-snippet:-1","max-image-preview":"max-image-preview:large","max-video-preview":"max-video-preview:-1"},"canonical":"https:\/\/theworldbilliards.com\/fr\/produit\/poches-cuir-pour-table-de-billard\/","og_locale":"fr_FR","og_type":"article","og_title":"Acheter Poches Cuir pour table de Billard - The World Billiards","og_description":"Ensemble complet de grattoirs de table en cuir v\u00e9ritable.  Les poches d'int\u00e9rieur disponibles en noir.  Le cuir v\u00e9ritable de ces poches leur donne un look tr\u00e8s authentique.  Ils sont adaptables aux tables de billard am\u00e9ricaines de 7, 8 et 9 pieds.  Si vous avez des doutes sur le genre de poche de votre billard, n'h\u00e9sitez pas \u00e0 nous contacter.  TVA et Transport non compris.","og_url":"https:\/\/theworldbilliards.com\/fr\/produit\/poches-cuir-pour-table-de-billard\/","og_site_name":"The World Billiards","article_publisher":"https:\/\/www.facebook.com\/baby.foot.superbes","article_modified_time":"2023-10-27T12:03:42+00:00","og_image":[{"width":600,"height":799,"url":"https:\/\/theworldbilliards.com\/wp-content\/uploads\/2017\/09\/tronera-negra-interior.jpg","type":"image\/jpeg"}],"twitter_card":"summary_large_image","schema":{"@context":"https:\/\/schema.org","@graph":[{"@type":"WebPage","@id":"https:\/\/theworldbilliards.com\/fr\/produit\/poches-cuir-pour-table-de-billard\/","url":"https:\/\/theworldbilliards.com\/fr\/produit\/poches-cuir-pour-table-de-billard\/","name":"Acheter Poches Cuir pour table de Billard - The World Billiards","isPartOf":{"@id":"https:\/\/theworldbilliards.com\/fr\/#website"},"primaryImageOfPage":{"@id":"https:\/\/theworldbilliards.com\/fr\/produit\/poches-cuir-pour-table-de-billard\/#primaryimage"},"image":{"@id":"https:\/\/theworldbilliards.com\/fr\/produit\/poches-cuir-pour-table-de-billard\/#primaryimage"},"thumbnailUrl":"https:\/\/theworldbilliards.com\/wp-content\/uploads\/2017\/09\/tronera-negra-interior-1.jpg","datePublished":"2017-09-23T08:05:41+00:00","dateModified":"2023-10-27T12:03:42+00:00","description":"Ensemble complet de grattoirs de table en cuir v\u00e9ritable. Les poches d'int\u00e9rieur disponibles en noir. Le cuir v\u00e9ritable de ces poches leur donne un look tr\u00e8s authentique. Ils sont adaptables aux tables de billard am\u00e9ricaines de 7, 8 et 9 pieds. Si vous avez des doutes sur le genre de poche de votre billard, n'h\u00e9sitez pas \u00e0 nous contacter. TVA et Transport non compris.","breadcrumb":{"@id":"https:\/\/theworldbilliards.com\/fr\/produit\/poches-cuir-pour-table-de-billard\/#breadcrumb"},"inLanguage":"fr-FR","potentialAction":[{"@type":"ReadAction","target":["https:\/\/theworldbilliards.com\/fr\/produit\/poches-cuir-pour-table-de-billard\/"]}]},{"@type":"ImageObject","inLanguage":"fr-FR","@id":"https:\/\/theworldbilliards.com\/fr\/produit\/poches-cuir-pour-table-de-billard\/#primaryimage","url":"https:\/\/theworldbilliards.com\/wp-content\/uploads\/2017\/09\/tronera-negra-interior-1.jpg","contentUrl":"https:\/\/theworldbilliards.com\/wp-content\/uploads\/2017\/09\/tronera-negra-interior-1.jpg","width":598,"height":598},{"@type":"BreadcrumbList","@id":"https:\/\/theworldbilliards.com\/fr\/produit\/poches-cuir-pour-table-de-billard\/#breadcrumb","itemListElement":[{"@type":"ListItem","position":1,"name":"In\u00edcio","item":"https:\/\/theworldbilliards.com\/fr\/"},{"@type":"ListItem","position":2,"name":"Boutique en ligne","item":"https:\/\/theworldbilliards.com\/fr\/boutique-theworldbilliards\/"},{"@type":"ListItem","position":3,"name":"Poches Cuir pour table de Billard"}]},{"@type":"WebSite","@id":"https:\/\/theworldbilliards.com\/fr\/#website","url":"https:\/\/theworldbilliards.com\/fr\/","name":"TheWorldBilliards","description":"Achetez ici billard, baby-foot, ping-pong et bowling","publisher":{"@id":"https:\/\/theworldbilliards.com\/fr\/#organization"},"alternateName":"The world billiards","potentialAction":[{"@type":"SearchAction","target":{"@type":"EntryPoint","urlTemplate":"https:\/\/theworldbilliards.com\/fr\/?s={search_term_string}"},"query-input":{"@type":"PropertyValueSpecification","valueRequired":true,"valueName":"search_term_string"}}],"inLanguage":"fr-FR"},{"@type":"Organization","@id":"https:\/\/theworldbilliards.com\/fr\/#organization","name":"The World Billiards","alternateName":"The World Billiards","url":"https:\/\/theworldbilliards.com\/fr\/","logo":{"@type":"ImageObject","inLanguage":"fr-FR","@id":"https:\/\/theworldbilliards.com\/fr\/#\/schema\/logo\/image\/","url":"","contentUrl":"","caption":"The World Billiards"},"image":{"@id":"https:\/\/theworldbilliards.com\/fr\/#\/schema\/logo\/image\/"},"sameAs":["https:\/\/www.facebook.com\/baby.foot.superbes","https:\/\/www.youtube.com\/channel\/UCIMuOVAaUcH6UpZcsZlH0Tg","https:\/\/www.facebook.com\/people\/Brunswick-Billiards-EspaaPortugal\/100066446264309\/","https:\/\/www.instagram.com\/the_world_billiards\/","https:\/\/www.pinterest.es\/Theworldbilliards\/"]}]}},"_links":{"self":[{"href":"https:\/\/theworldbilliards.com\/fr\/wp-json\/wp\/v2\/product\/38883","targetHints":{"allow":["GET"]}}],"collection":[{"href":"https:\/\/theworldbilliards.com\/fr\/wp-json\/wp\/v2\/product"}],"about":[{"href":"https:\/\/theworldbilliards.com\/fr\/wp-json\/wp\/v2\/types\/product"}],"wp:featuredmedia":[{"embeddable":true,"href":"https:\/\/theworldbilliards.com\/fr\/wp-json\/wp\/v2\/media\/105989"}],"wp:attachment":[{"href":"https:\/\/theworldbilliards.com\/fr\/wp-json\/wp\/v2\/media?parent=38883"}],"wp:term":[{"taxonomy":"product_brand","embeddable":true,"href":"https:\/\/theworldbilliards.com\/fr\/wp-json\/wp\/v2\/product_brand?post=38883"},{"taxonomy":"product_cat","embeddable":true,"href":"https:\/\/theworldbilliards.com\/fr\/wp-json\/wp\/v2\/product_cat?post=38883"},{"taxonomy":"product_tag","embeddable":true,"href":"https:\/\/theworldbilliards.com\/fr\/wp-json\/wp\/v2\/product_tag?post=38883"}],"curies":[{"name":"wp","href":"https:\/\/api.w.org\/{rel}","templated":true}]}}