{"id":40083,"date":"2017-10-13T12:56:26","date_gmt":"2017-10-13T10:56:26","guid":{"rendered":"https:\/\/theworldbilliards.com\/\/produto\/via-parts-superstore\/"},"modified":"2018-10-26T10:39:23","modified_gmt":"2018-10-26T09:39:23","slug":"via-parts-superstore","status":"publish","type":"product","link":"https:\/\/theworldbilliards.com\/fr\/produit\/via-parts-superstore\/","title":{"rendered":"Via Parts Superstore"},"content":{"rendered":"<h2>Quelques raisons qui am\u00e8nent nos client \u00e0 pr\u00e9f\u00e9rer des pi\u00e9ces g\u00e9nuines VIA<\/h2>\n<ul>\n<li>Des pi\u00e9ces VIA sont les moins plus co\u00fateuses du march\u00e9<\/li>\n<li>Nous faisons \u00e0 la majorit\u00e9 des pi\u00e8ces que nous vendons<\/li>\n<li>Nous Offrons un gamma complet de pi\u00e9ces pour positionneur de boulons VIA MC2TM<\/li>\n<li>Nous offrons une vaste s\u00e9lection de pi\u00e8ces utilisez pour autre marques<\/li>\n<\/ul>\n<p>VIAPS ( VIA Parts Superstore ) c&rsquo;est un nouveau concept r\u00e9volucionaire dans le march\u00e9 de pi\u00e8ces. Avec des pi\u00e8ces non seulement pour VIA MC2 mais aussi por autres marques, y compris la s\u00e9rie 82, G5 et autres.<\/p>\n<p>La philosophie de VIAPS est simple. Vous et votres m\u00e9canicien savent, aussi ainsi que nous qui les pi\u00e8ces ne sont pas composantes de NASA Space Shuttle, ensuite ne devront pas \u00eatre excessivement co\u00fbteuse. La force de la main d&rsquo;oeuvre VIA est exactement dans cette point. Simplement vous besoins d bonne qualit\u00e9 au moindre co\u00fbte possible.<\/p>\n<p>La place o\u00f9 vous trouvez cece est VIAPS. Contacte votre revendeurlocal VIA pour un inventaire complet. Cetteliste augmente de jour por jour. Nous ofrons un vaste gamma de pi\u00e8ces et VIA travaille pour que cette-si soit le plus grand fournisseur mondial. Basiquement la r\u00e9ponse est oui &#8211; et si vous n&rsquo;a pas trouv\u00e9 la pi\u00e8ce d\u00e9sir\u00e9e, verifie encore br\u00e8vement. A toujours la possibilit\u00e9 de la proche fois d\u00e9j\u00e0 d&rsquo;\u00eatre disponible.<\/p>\n","protected":false},"excerpt":{"rendered":"<p>Quelques raisons qui am\u00e8nent nos client \u00e0 pr\u00e9f\u00e9rer des pi\u00e9ces g\u00e9nuines VIA Des pi\u00e9ces VIA sont les moins plus co\u00fateuses [&hellip;]<\/p>\n","protected":false},"featured_media":108746,"template":"","meta":{"site-sidebar-layout":"default","site-content-layout":"","ast-site-content-layout":"default","site-content-style":"default","site-sidebar-style":"default","ast-global-header-display":"","ast-banner-title-visibility":"","ast-main-header-display":"","ast-hfb-above-header-display":"","ast-hfb-below-header-display":"","ast-hfb-mobile-header-display":"","site-post-title":"","ast-breadcrumbs-content":"","ast-featured-img":"","footer-sml-layout":"","ast-disable-related-posts":"","theme-transparent-header-meta":"default","adv-header-id-meta":"","stick-header-meta":"","header-above-stick-meta":"","header-main-stick-meta":"","header-below-stick-meta":"","astra-migrate-meta-layouts":"default","ast-page-background-enabled":"default","ast-page-background-meta":{"desktop":{"background-color":"var(--ast-global-color-4)","background-image":"","background-repeat":"repeat","background-position":"center center","background-size":"auto","background-attachment":"scroll","background-type":"","background-media":"","overlay-type":"","overlay-color":"","overlay-opacity":"","overlay-gradient":""},"tablet":{"background-color":"","background-image":"","background-repeat":"repeat","background-position":"center center","background-size":"auto","background-attachment":"scroll","background-type":"","background-media":"","overlay-type":"","overlay-color":"","overlay-opacity":"","overlay-gradient":""},"mobile":{"background-color":"","background-image":"","background-repeat":"repeat","background-position":"center center","background-size":"auto","background-attachment":"scroll","background-type":"","background-media":"","overlay-type":"","overlay-color":"","overlay-opacity":"","overlay-gradient":""}},"ast-content-background-meta":{"desktop":{"background-color":"var(--ast-global-color-5)","background-image":"","background-repeat":"repeat","background-position":"center center","background-size":"auto","background-attachment":"scroll","background-type":"","background-media":"","overlay-type":"","overlay-color":"","overlay-opacity":"","overlay-gradient":""},"tablet":{"background-color":"var(--ast-global-color-5)","background-image":"","background-repeat":"repeat","background-position":"center center","background-size":"auto","background-attachment":"scroll","background-type":"","background-media":"","overlay-type":"","overlay-color":"","overlay-opacity":"","overlay-gradient":""},"mobile":{"background-color":"var(--ast-global-color-5)","background-image":"","background-repeat":"repeat","background-position":"center center","background-size":"auto","background-attachment":"scroll","background-type":"","background-media":"","overlay-type":"","overlay-color":"","overlay-opacity":"","overlay-gradient":""}}},"product_brand":[5340],"product_cat":[2860],"product_tag":[],"class_list":{"0":"post-40083","1":"product","2":"type-product","3":"status-publish","4":"has-post-thumbnail","6":"product_brand-via-bowling","7":"product_cat-via-pieces-de-rechange","8":"desktop-align-center","9":"tablet-align-left","10":"mobile-align-left","12":"first","13":"instock","14":"taxable","15":"shipping-taxable","16":"product-type-simple"},"yoast_head":"<!-- This site is optimized with the Yoast SEO plugin v27.5 - https:\/\/yoast.com\/product\/yoast-seo-wordpress\/ -->\n<title>Acheter Via Parts Superstore - The World Billiards<\/title>\n<meta name=\"description\" content=\"Quelques raisons qui am\u00e8nent nos client \u00e0 pr\u00e9f\u00e9rer des pi\u00e9ces g\u00e9nuines VIA   Des pi\u00e9ces VIA sont les moins plus co\u00fateuses du march\u00e9  Nous faisons \u00e0 la majorit\u00e9 des pi\u00e8ces que nous vendons  Nous Offrons un gamma complet de pi\u00e9ces pour positionneur de boulons VIA MC2TM  Nous offrons une vaste s\u00e9lection de pi\u00e8ces utilisez pour autre marques  VIAPS ( VIA Parts Superstore ) c&#039;est un nouveau concept r\u00e9volucionaire dans le march\u00e9 de pi\u00e8ces. Avec des pi\u00e8ces non seulement pour VIA MC2 mais aussi por autres marques, y compris la s\u00e9rie 82, G5 et autres.  La philosophie de VIAPS est simple. Vous et votres m\u00e9canicien savent, aussi ainsi que nous qui les pi\u00e8ces ne sont pas composantes de NASA Space Shuttle, ensuite ne devront pas \u00eatre excessivement co\u00fbteuse. La force de la main d&#039;oeuvre VIA est exactement dans cette point. Simplement vous besoins d bonne qualit\u00e9 au moindre co\u00fbte possible.  La place o\u00f9 vous trouvez cece est VIAPS. Contacte votre revendeurlocal VIA pour un inventaire complet. Cetteliste augmente de jour por jour. Nous ofrons un vaste gamma de pi\u00e8ces et VIA travaille pour que cette-si soit le plus grand fournisseur mondial. Basiquement la r\u00e9ponse est oui - et si vous n&#039;a pas trouv\u00e9 la pi\u00e8ce d\u00e9sir\u00e9e, verifie encore br\u00e8vement. A toujours la possibilit\u00e9 de la proche fois d\u00e9j\u00e0 d&#039;\u00eatre disponible.\" \/>\n<meta name=\"robots\" content=\"index, follow, max-snippet:-1, max-image-preview:large, max-video-preview:-1\" \/>\n<link rel=\"canonical\" href=\"https:\/\/theworldbilliards.com\/fr\/produit\/via-parts-superstore\/\" \/>\n<meta property=\"og:locale\" content=\"fr_FR\" \/>\n<meta property=\"og:type\" content=\"article\" \/>\n<meta property=\"og:title\" content=\"Acheter Via Parts Superstore - The World Billiards\" \/>\n<meta property=\"og:description\" content=\"Quelques raisons qui am\u00e8nent nos client \u00e0 pr\u00e9f\u00e9rer des pi\u00e9ces g\u00e9nuines VIA   Des pi\u00e9ces VIA sont les moins plus co\u00fateuses du march\u00e9  Nous faisons \u00e0 la majorit\u00e9 des pi\u00e8ces que nous vendons  Nous Offrons un gamma complet de pi\u00e9ces pour positionneur de boulons VIA MC2TM  Nous offrons une vaste s\u00e9lection de pi\u00e8ces utilisez pour autre marques  VIAPS ( VIA Parts Superstore ) c&#039;est un nouveau concept r\u00e9volucionaire dans le march\u00e9 de pi\u00e8ces. Avec des pi\u00e8ces non seulement pour VIA MC2 mais aussi por autres marques, y compris la s\u00e9rie 82, G5 et autres.  La philosophie de VIAPS est simple. Vous et votres m\u00e9canicien savent, aussi ainsi que nous qui les pi\u00e8ces ne sont pas composantes de NASA Space Shuttle, ensuite ne devront pas \u00eatre excessivement co\u00fbteuse. La force de la main d&#039;oeuvre VIA est exactement dans cette point. Simplement vous besoins d bonne qualit\u00e9 au moindre co\u00fbte possible.  La place o\u00f9 vous trouvez cece est VIAPS. Contacte votre revendeurlocal VIA pour un inventaire complet. Cetteliste augmente de jour por jour. Nous ofrons un vaste gamma de pi\u00e8ces et VIA travaille pour que cette-si soit le plus grand fournisseur mondial. Basiquement la r\u00e9ponse est oui - et si vous n&#039;a pas trouv\u00e9 la pi\u00e8ce d\u00e9sir\u00e9e, verifie encore br\u00e8vement. A toujours la possibilit\u00e9 de la proche fois d\u00e9j\u00e0 d&#039;\u00eatre disponible.\" \/>\n<meta property=\"og:url\" content=\"https:\/\/theworldbilliards.com\/fr\/produit\/via-parts-superstore\/\" \/>\n<meta property=\"og:site_name\" content=\"The World Billiards\" \/>\n<meta property=\"article:publisher\" content=\"https:\/\/www.facebook.com\/baby.foot.superbes\" \/>\n<meta property=\"article:modified_time\" content=\"2018-10-26T09:39:23+00:00\" \/>\n<meta property=\"og:image\" content=\"https:\/\/theworldbilliards.com\/wp-content\/uploads\/2017\/10\/Via-parts.png\" \/>\n\t<meta property=\"og:image:width\" content=\"1280\" \/>\n\t<meta property=\"og:image:height\" content=\"1280\" \/>\n\t<meta property=\"og:image:type\" content=\"image\/png\" \/>\n<meta name=\"twitter:card\" content=\"summary_large_image\" \/>\n<script type=\"application\/ld+json\" class=\"yoast-schema-graph\">{\"@context\":\"https:\\\/\\\/schema.org\",\"@graph\":[{\"@type\":\"WebPage\",\"@id\":\"https:\\\/\\\/theworldbilliards.com\\\/fr\\\/produit\\\/via-parts-superstore\\\/\",\"url\":\"https:\\\/\\\/theworldbilliards.com\\\/fr\\\/produit\\\/via-parts-superstore\\\/\",\"name\":\"Acheter Via Parts Superstore - The World Billiards\",\"isPartOf\":{\"@id\":\"https:\\\/\\\/theworldbilliards.com\\\/fr\\\/#website\"},\"primaryImageOfPage\":{\"@id\":\"https:\\\/\\\/theworldbilliards.com\\\/fr\\\/produit\\\/via-parts-superstore\\\/#primaryimage\"},\"image\":{\"@id\":\"https:\\\/\\\/theworldbilliards.com\\\/fr\\\/produit\\\/via-parts-superstore\\\/#primaryimage\"},\"thumbnailUrl\":\"https:\\\/\\\/theworldbilliards.com\\\/wp-content\\\/uploads\\\/2017\\\/10\\\/Via-parts.png\",\"datePublished\":\"2017-10-13T10:56:26+00:00\",\"dateModified\":\"2018-10-26T09:39:23+00:00\",\"description\":\"Quelques raisons qui am\u00e8nent nos client \u00e0 pr\u00e9f\u00e9rer des pi\u00e9ces g\u00e9nuines VIA Des pi\u00e9ces VIA sont les moins plus co\u00fateuses du march\u00e9 Nous faisons \u00e0 la majorit\u00e9 des pi\u00e8ces que nous vendons Nous Offrons un gamma complet de pi\u00e9ces pour positionneur de boulons VIA MC2TM Nous offrons une vaste s\u00e9lection de pi\u00e8ces utilisez pour autre marques VIAPS ( VIA Parts Superstore ) c'est un nouveau concept r\u00e9volucionaire dans le march\u00e9 de pi\u00e8ces. Avec des pi\u00e8ces non seulement pour VIA MC2 mais aussi por autres marques, y compris la s\u00e9rie 82, G5 et autres. La philosophie de VIAPS est simple. Vous et votres m\u00e9canicien savent, aussi ainsi que nous qui les pi\u00e8ces ne sont pas composantes de NASA Space Shuttle, ensuite ne devront pas \u00eatre excessivement co\u00fbteuse. La force de la main d'oeuvre VIA est exactement dans cette point. Simplement vous besoins d bonne qualit\u00e9 au moindre co\u00fbte possible. La place o\u00f9 vous trouvez cece est VIAPS. Contacte votre revendeurlocal VIA pour un inventaire complet. Cetteliste augmente de jour por jour. Nous ofrons un vaste gamma de pi\u00e8ces et VIA travaille pour que cette-si soit le plus grand fournisseur mondial. Basiquement la r\u00e9ponse est oui - et si vous n'a pas trouv\u00e9 la pi\u00e8ce d\u00e9sir\u00e9e, verifie encore br\u00e8vement. A toujours la possibilit\u00e9 de la proche fois d\u00e9j\u00e0 d'\u00eatre disponible.\",\"breadcrumb\":{\"@id\":\"https:\\\/\\\/theworldbilliards.com\\\/fr\\\/produit\\\/via-parts-superstore\\\/#breadcrumb\"},\"inLanguage\":\"fr-FR\",\"potentialAction\":[{\"@type\":\"ReadAction\",\"target\":[\"https:\\\/\\\/theworldbilliards.com\\\/fr\\\/produit\\\/via-parts-superstore\\\/\"]}]},{\"@type\":\"ImageObject\",\"inLanguage\":\"fr-FR\",\"@id\":\"https:\\\/\\\/theworldbilliards.com\\\/fr\\\/produit\\\/via-parts-superstore\\\/#primaryimage\",\"url\":\"https:\\\/\\\/theworldbilliards.com\\\/wp-content\\\/uploads\\\/2017\\\/10\\\/Via-parts.png\",\"contentUrl\":\"https:\\\/\\\/theworldbilliards.com\\\/wp-content\\\/uploads\\\/2017\\\/10\\\/Via-parts.png\",\"width\":1280,\"height\":1280},{\"@type\":\"BreadcrumbList\",\"@id\":\"https:\\\/\\\/theworldbilliards.com\\\/fr\\\/produit\\\/via-parts-superstore\\\/#breadcrumb\",\"itemListElement\":[{\"@type\":\"ListItem\",\"position\":1,\"name\":\"In\u00edcio\",\"item\":\"https:\\\/\\\/theworldbilliards.com\\\/fr\\\/\"},{\"@type\":\"ListItem\",\"position\":2,\"name\":\"Boutique en ligne\",\"item\":\"https:\\\/\\\/theworldbilliards.com\\\/fr\\\/boutique-theworldbilliards\\\/\"},{\"@type\":\"ListItem\",\"position\":3,\"name\":\"Via Parts Superstore\"}]},{\"@type\":\"WebSite\",\"@id\":\"https:\\\/\\\/theworldbilliards.com\\\/fr\\\/#website\",\"url\":\"https:\\\/\\\/theworldbilliards.com\\\/fr\\\/\",\"name\":\"TheWorldBilliards\",\"description\":\"Achetez ici billard, baby-foot, ping-pong et bowling\",\"publisher\":{\"@id\":\"https:\\\/\\\/theworldbilliards.com\\\/fr\\\/#organization\"},\"alternateName\":\"The world billiards\",\"potentialAction\":[{\"@type\":\"SearchAction\",\"target\":{\"@type\":\"EntryPoint\",\"urlTemplate\":\"https:\\\/\\\/theworldbilliards.com\\\/fr\\\/?s={search_term_string}\"},\"query-input\":{\"@type\":\"PropertyValueSpecification\",\"valueRequired\":true,\"valueName\":\"search_term_string\"}}],\"inLanguage\":\"fr-FR\"},{\"@type\":\"Organization\",\"@id\":\"https:\\\/\\\/theworldbilliards.com\\\/fr\\\/#organization\",\"name\":\"The World Billiards\",\"alternateName\":\"The World Billiards\",\"url\":\"https:\\\/\\\/theworldbilliards.com\\\/fr\\\/\",\"logo\":{\"@type\":\"ImageObject\",\"inLanguage\":\"fr-FR\",\"@id\":\"https:\\\/\\\/theworldbilliards.com\\\/fr\\\/#\\\/schema\\\/logo\\\/image\\\/\",\"url\":\"\",\"contentUrl\":\"\",\"caption\":\"The World Billiards\"},\"image\":{\"@id\":\"https:\\\/\\\/theworldbilliards.com\\\/fr\\\/#\\\/schema\\\/logo\\\/image\\\/\"},\"sameAs\":[\"https:\\\/\\\/www.facebook.com\\\/baby.foot.superbes\",\"https:\\\/\\\/www.youtube.com\\\/channel\\\/UCIMuOVAaUcH6UpZcsZlH0Tg\",\"https:\\\/\\\/www.facebook.com\\\/people\\\/Brunswick-Billiards-EspaaPortugal\\\/100066446264309\\\/\",\"https:\\\/\\\/www.instagram.com\\\/the_world_billiards\\\/\",\"https:\\\/\\\/www.pinterest.es\\\/Theworldbilliards\\\/\"]}]}<\/script>\n<!-- \/ Yoast SEO plugin. -->","yoast_head_json":{"title":"Acheter Via Parts Superstore - The World Billiards","description":"Quelques raisons qui am\u00e8nent nos client \u00e0 pr\u00e9f\u00e9rer des pi\u00e9ces g\u00e9nuines VIA   Des pi\u00e9ces VIA sont les moins plus co\u00fateuses du march\u00e9  Nous faisons \u00e0 la majorit\u00e9 des pi\u00e8ces que nous vendons  Nous Offrons un gamma complet de pi\u00e9ces pour positionneur de boulons VIA MC2TM  Nous offrons une vaste s\u00e9lection de pi\u00e8ces utilisez pour autre marques  VIAPS ( VIA Parts Superstore ) c'est un nouveau concept r\u00e9volucionaire dans le march\u00e9 de pi\u00e8ces. Avec des pi\u00e8ces non seulement pour VIA MC2 mais aussi por autres marques, y compris la s\u00e9rie 82, G5 et autres.  La philosophie de VIAPS est simple. Vous et votres m\u00e9canicien savent, aussi ainsi que nous qui les pi\u00e8ces ne sont pas composantes de NASA Space Shuttle, ensuite ne devront pas \u00eatre excessivement co\u00fbteuse. La force de la main d'oeuvre VIA est exactement dans cette point. Simplement vous besoins d bonne qualit\u00e9 au moindre co\u00fbte possible.  La place o\u00f9 vous trouvez cece est VIAPS. Contacte votre revendeurlocal VIA pour un inventaire complet. Cetteliste augmente de jour por jour. Nous ofrons un vaste gamma de pi\u00e8ces et VIA travaille pour que cette-si soit le plus grand fournisseur mondial. Basiquement la r\u00e9ponse est oui - et si vous n'a pas trouv\u00e9 la pi\u00e8ce d\u00e9sir\u00e9e, verifie encore br\u00e8vement. A toujours la possibilit\u00e9 de la proche fois d\u00e9j\u00e0 d'\u00eatre disponible.","robots":{"index":"index","follow":"follow","max-snippet":"max-snippet:-1","max-image-preview":"max-image-preview:large","max-video-preview":"max-video-preview:-1"},"canonical":"https:\/\/theworldbilliards.com\/fr\/produit\/via-parts-superstore\/","og_locale":"fr_FR","og_type":"article","og_title":"Acheter Via Parts Superstore - The World Billiards","og_description":"Quelques raisons qui am\u00e8nent nos client \u00e0 pr\u00e9f\u00e9rer des pi\u00e9ces g\u00e9nuines VIA   Des pi\u00e9ces VIA sont les moins plus co\u00fateuses du march\u00e9  Nous faisons \u00e0 la majorit\u00e9 des pi\u00e8ces que nous vendons  Nous Offrons un gamma complet de pi\u00e9ces pour positionneur de boulons VIA MC2TM  Nous offrons une vaste s\u00e9lection de pi\u00e8ces utilisez pour autre marques  VIAPS ( VIA Parts Superstore ) c'est un nouveau concept r\u00e9volucionaire dans le march\u00e9 de pi\u00e8ces. Avec des pi\u00e8ces non seulement pour VIA MC2 mais aussi por autres marques, y compris la s\u00e9rie 82, G5 et autres.  La philosophie de VIAPS est simple. Vous et votres m\u00e9canicien savent, aussi ainsi que nous qui les pi\u00e8ces ne sont pas composantes de NASA Space Shuttle, ensuite ne devront pas \u00eatre excessivement co\u00fbteuse. La force de la main d'oeuvre VIA est exactement dans cette point. Simplement vous besoins d bonne qualit\u00e9 au moindre co\u00fbte possible.  La place o\u00f9 vous trouvez cece est VIAPS. Contacte votre revendeurlocal VIA pour un inventaire complet. Cetteliste augmente de jour por jour. Nous ofrons un vaste gamma de pi\u00e8ces et VIA travaille pour que cette-si soit le plus grand fournisseur mondial. Basiquement la r\u00e9ponse est oui - et si vous n'a pas trouv\u00e9 la pi\u00e8ce d\u00e9sir\u00e9e, verifie encore br\u00e8vement. A toujours la possibilit\u00e9 de la proche fois d\u00e9j\u00e0 d'\u00eatre disponible.","og_url":"https:\/\/theworldbilliards.com\/fr\/produit\/via-parts-superstore\/","og_site_name":"The World Billiards","article_publisher":"https:\/\/www.facebook.com\/baby.foot.superbes","article_modified_time":"2018-10-26T09:39:23+00:00","og_image":[{"width":1280,"height":1280,"url":"https:\/\/theworldbilliards.com\/wp-content\/uploads\/2017\/10\/Via-parts.png","type":"image\/png"}],"twitter_card":"summary_large_image","schema":{"@context":"https:\/\/schema.org","@graph":[{"@type":"WebPage","@id":"https:\/\/theworldbilliards.com\/fr\/produit\/via-parts-superstore\/","url":"https:\/\/theworldbilliards.com\/fr\/produit\/via-parts-superstore\/","name":"Acheter Via Parts Superstore - The World Billiards","isPartOf":{"@id":"https:\/\/theworldbilliards.com\/fr\/#website"},"primaryImageOfPage":{"@id":"https:\/\/theworldbilliards.com\/fr\/produit\/via-parts-superstore\/#primaryimage"},"image":{"@id":"https:\/\/theworldbilliards.com\/fr\/produit\/via-parts-superstore\/#primaryimage"},"thumbnailUrl":"https:\/\/theworldbilliards.com\/wp-content\/uploads\/2017\/10\/Via-parts.png","datePublished":"2017-10-13T10:56:26+00:00","dateModified":"2018-10-26T09:39:23+00:00","description":"Quelques raisons qui am\u00e8nent nos client \u00e0 pr\u00e9f\u00e9rer des pi\u00e9ces g\u00e9nuines VIA Des pi\u00e9ces VIA sont les moins plus co\u00fateuses du march\u00e9 Nous faisons \u00e0 la majorit\u00e9 des pi\u00e8ces que nous vendons Nous Offrons un gamma complet de pi\u00e9ces pour positionneur de boulons VIA MC2TM Nous offrons une vaste s\u00e9lection de pi\u00e8ces utilisez pour autre marques VIAPS ( VIA Parts Superstore ) c'est un nouveau concept r\u00e9volucionaire dans le march\u00e9 de pi\u00e8ces. Avec des pi\u00e8ces non seulement pour VIA MC2 mais aussi por autres marques, y compris la s\u00e9rie 82, G5 et autres. La philosophie de VIAPS est simple. Vous et votres m\u00e9canicien savent, aussi ainsi que nous qui les pi\u00e8ces ne sont pas composantes de NASA Space Shuttle, ensuite ne devront pas \u00eatre excessivement co\u00fbteuse. La force de la main d'oeuvre VIA est exactement dans cette point. Simplement vous besoins d bonne qualit\u00e9 au moindre co\u00fbte possible. La place o\u00f9 vous trouvez cece est VIAPS. Contacte votre revendeurlocal VIA pour un inventaire complet. Cetteliste augmente de jour por jour. Nous ofrons un vaste gamma de pi\u00e8ces et VIA travaille pour que cette-si soit le plus grand fournisseur mondial. Basiquement la r\u00e9ponse est oui - et si vous n'a pas trouv\u00e9 la pi\u00e8ce d\u00e9sir\u00e9e, verifie encore br\u00e8vement. A toujours la possibilit\u00e9 de la proche fois d\u00e9j\u00e0 d'\u00eatre disponible.","breadcrumb":{"@id":"https:\/\/theworldbilliards.com\/fr\/produit\/via-parts-superstore\/#breadcrumb"},"inLanguage":"fr-FR","potentialAction":[{"@type":"ReadAction","target":["https:\/\/theworldbilliards.com\/fr\/produit\/via-parts-superstore\/"]}]},{"@type":"ImageObject","inLanguage":"fr-FR","@id":"https:\/\/theworldbilliards.com\/fr\/produit\/via-parts-superstore\/#primaryimage","url":"https:\/\/theworldbilliards.com\/wp-content\/uploads\/2017\/10\/Via-parts.png","contentUrl":"https:\/\/theworldbilliards.com\/wp-content\/uploads\/2017\/10\/Via-parts.png","width":1280,"height":1280},{"@type":"BreadcrumbList","@id":"https:\/\/theworldbilliards.com\/fr\/produit\/via-parts-superstore\/#breadcrumb","itemListElement":[{"@type":"ListItem","position":1,"name":"In\u00edcio","item":"https:\/\/theworldbilliards.com\/fr\/"},{"@type":"ListItem","position":2,"name":"Boutique en ligne","item":"https:\/\/theworldbilliards.com\/fr\/boutique-theworldbilliards\/"},{"@type":"ListItem","position":3,"name":"Via Parts Superstore"}]},{"@type":"WebSite","@id":"https:\/\/theworldbilliards.com\/fr\/#website","url":"https:\/\/theworldbilliards.com\/fr\/","name":"TheWorldBilliards","description":"Achetez ici billard, baby-foot, ping-pong et bowling","publisher":{"@id":"https:\/\/theworldbilliards.com\/fr\/#organization"},"alternateName":"The world billiards","potentialAction":[{"@type":"SearchAction","target":{"@type":"EntryPoint","urlTemplate":"https:\/\/theworldbilliards.com\/fr\/?s={search_term_string}"},"query-input":{"@type":"PropertyValueSpecification","valueRequired":true,"valueName":"search_term_string"}}],"inLanguage":"fr-FR"},{"@type":"Organization","@id":"https:\/\/theworldbilliards.com\/fr\/#organization","name":"The World Billiards","alternateName":"The World Billiards","url":"https:\/\/theworldbilliards.com\/fr\/","logo":{"@type":"ImageObject","inLanguage":"fr-FR","@id":"https:\/\/theworldbilliards.com\/fr\/#\/schema\/logo\/image\/","url":"","contentUrl":"","caption":"The World Billiards"},"image":{"@id":"https:\/\/theworldbilliards.com\/fr\/#\/schema\/logo\/image\/"},"sameAs":["https:\/\/www.facebook.com\/baby.foot.superbes","https:\/\/www.youtube.com\/channel\/UCIMuOVAaUcH6UpZcsZlH0Tg","https:\/\/www.facebook.com\/people\/Brunswick-Billiards-EspaaPortugal\/100066446264309\/","https:\/\/www.instagram.com\/the_world_billiards\/","https:\/\/www.pinterest.es\/Theworldbilliards\/"]}]}},"_links":{"self":[{"href":"https:\/\/theworldbilliards.com\/fr\/wp-json\/wp\/v2\/product\/40083","targetHints":{"allow":["GET"]}}],"collection":[{"href":"https:\/\/theworldbilliards.com\/fr\/wp-json\/wp\/v2\/product"}],"about":[{"href":"https:\/\/theworldbilliards.com\/fr\/wp-json\/wp\/v2\/types\/product"}],"wp:featuredmedia":[{"embeddable":true,"href":"https:\/\/theworldbilliards.com\/fr\/wp-json\/wp\/v2\/media\/108746"}],"wp:attachment":[{"href":"https:\/\/theworldbilliards.com\/fr\/wp-json\/wp\/v2\/media?parent=40083"}],"wp:term":[{"taxonomy":"product_brand","embeddable":true,"href":"https:\/\/theworldbilliards.com\/fr\/wp-json\/wp\/v2\/product_brand?post=40083"},{"taxonomy":"product_cat","embeddable":true,"href":"https:\/\/theworldbilliards.com\/fr\/wp-json\/wp\/v2\/product_cat?post=40083"},{"taxonomy":"product_tag","embeddable":true,"href":"https:\/\/theworldbilliards.com\/fr\/wp-json\/wp\/v2\/product_tag?post=40083"}],"curies":[{"name":"wp","href":"https:\/\/api.w.org\/{rel}","templated":true}]}}