{"id":41955,"date":"2017-01-03T12:35:45","date_gmt":"2017-01-03T11:35:45","guid":{"rendered":"https:\/\/theworldbilliards.com\/\/produto\/triagle-magic-ball-rack\/"},"modified":"2019-08-23T11:43:52","modified_gmt":"2019-08-23T10:43:52","slug":"triagle-de-billard-magic-ball-rack","status":"publish","type":"product","link":"https:\/\/theworldbilliards.com\/fr\/produit\/triagle-de-billard-magic-ball-rack\/","title":{"rendered":"Triagle de billard Magic Ball Rack"},"content":{"rendered":"<p>Magic Triangle Pro 8 est un syst\u00e8me qui vous permet de toujours jouer parfaitement, m\u00eame sur un v\u00eatement us\u00e9 ou ancien, en moins de 10 secondes<br \/>\nCela \u00e9vite au tissu et \u00e0 la table l\u2019usure que provoque l\u2019utilisation d\u2019autres triangles.<br \/>\nIl peut \u00eatre enroul\u00e9 et repositionn\u00e9, est portable, \u00e9vitant ainsi le portage de votre propre triangle lors de la lecture<br \/>\nLe mat\u00e9riau est imperm\u00e9able, s&rsquo;adapte \u00e0 toutes les couleurs de nappes et peut \u00eatre enroul\u00e9 pour le transport.<br \/>\nLes propri\u00e9taires de salles peuvent \u00e9liminer compl\u00e8tement les triangles \u00e0 l\u2019aide du Triangle magique.<br \/>\nMat\u00e9riau: plastique de qualit\u00e9 sp\u00e9ciale<br \/>\n\u00c9paisseur: 0,14 mm<\/p>\n","protected":false},"excerpt":{"rendered":"<p>Magic Triangle Pro 8 est un syst\u00e8me qui vous permet de toujours jouer parfaitement, m\u00eame sur un v\u00eatement us\u00e9 ou [&hellip;]<\/p>\n","protected":false},"featured_media":57697,"template":"","meta":{"site-sidebar-layout":"default","site-content-layout":"","ast-site-content-layout":"default","site-content-style":"default","site-sidebar-style":"default","ast-global-header-display":"","ast-banner-title-visibility":"","ast-main-header-display":"","ast-hfb-above-header-display":"","ast-hfb-below-header-display":"","ast-hfb-mobile-header-display":"","site-post-title":"","ast-breadcrumbs-content":"","ast-featured-img":"","footer-sml-layout":"","ast-disable-related-posts":"","theme-transparent-header-meta":"","adv-header-id-meta":"","stick-header-meta":"","header-above-stick-meta":"","header-main-stick-meta":"","header-below-stick-meta":"","astra-migrate-meta-layouts":"default","ast-page-background-enabled":"default","ast-page-background-meta":{"desktop":{"background-color":"var(--ast-global-color-4)","background-image":"","background-repeat":"repeat","background-position":"center center","background-size":"auto","background-attachment":"scroll","background-type":"","background-media":"","overlay-type":"","overlay-color":"","overlay-opacity":"","overlay-gradient":""},"tablet":{"background-color":"","background-image":"","background-repeat":"repeat","background-position":"center center","background-size":"auto","background-attachment":"scroll","background-type":"","background-media":"","overlay-type":"","overlay-color":"","overlay-opacity":"","overlay-gradient":""},"mobile":{"background-color":"","background-image":"","background-repeat":"repeat","background-position":"center center","background-size":"auto","background-attachment":"scroll","background-type":"","background-media":"","overlay-type":"","overlay-color":"","overlay-opacity":"","overlay-gradient":""}},"ast-content-background-meta":{"desktop":{"background-color":"var(--ast-global-color-5)","background-image":"","background-repeat":"repeat","background-position":"center center","background-size":"auto","background-attachment":"scroll","background-type":"","background-media":"","overlay-type":"","overlay-color":"","overlay-opacity":"","overlay-gradient":""},"tablet":{"background-color":"var(--ast-global-color-5)","background-image":"","background-repeat":"repeat","background-position":"center center","background-size":"auto","background-attachment":"scroll","background-type":"","background-media":"","overlay-type":"","overlay-color":"","overlay-opacity":"","overlay-gradient":""},"mobile":{"background-color":"var(--ast-global-color-5)","background-image":"","background-repeat":"repeat","background-position":"center center","background-size":"auto","background-attachment":"scroll","background-type":"","background-media":"","overlay-type":"","overlay-color":"","overlay-opacity":"","overlay-gradient":""}}},"product_brand":[],"product_cat":[1238],"product_tag":[],"class_list":{"0":"post-41955","1":"product","2":"type-product","3":"status-publish","4":"has-post-thumbnail","6":"product_cat-triangles-de-billard","7":"product_shipping_class-accessoires","8":"desktop-align-center","9":"tablet-align-left","10":"mobile-align-left","12":"first","13":"instock","14":"taxable","15":"shipping-taxable","16":"purchasable","17":"product-type-simple"},"yoast_head":"<!-- This site is optimized with the Yoast SEO plugin v27.4 - https:\/\/yoast.com\/product\/yoast-seo-wordpress\/ -->\n<title>Acheter Triagle de billard Magic Ball Rack - The World Billiards<\/title>\n<meta name=\"description\" content=\"Magic Triangle Pro 8 est un syst\u00e8me qui vous permet de toujours jouer parfaitement, m\u00eame sur un v\u00eatement us\u00e9 ou ancien, en moins de 10 secondes Cela \u00e9vite au tissu et \u00e0 la table l\u2019usure que provoque l\u2019utilisation d\u2019autres triangles. Il peut \u00eatre enroul\u00e9 et repositionn\u00e9, est portable, \u00e9vitant ainsi le portage de votre propre triangle lors de la lecture Le mat\u00e9riau est imperm\u00e9able, s&#039;adapte \u00e0 toutes les couleurs de nappes et peut \u00eatre enroul\u00e9 pour le transport. Les propri\u00e9taires de salles peuvent \u00e9liminer compl\u00e8tement les triangles \u00e0 l\u2019aide du Triangle magique. Mat\u00e9riau: plastique de qualit\u00e9 sp\u00e9ciale \u00c9paisseur: 0,14 mm\" \/>\n<meta name=\"robots\" content=\"index, follow, max-snippet:-1, max-image-preview:large, max-video-preview:-1\" \/>\n<link rel=\"canonical\" href=\"https:\/\/theworldbilliards.com\/fr\/produit\/triagle-de-billard-magic-ball-rack\/\" \/>\n<meta property=\"og:locale\" content=\"fr_FR\" \/>\n<meta property=\"og:type\" content=\"article\" \/>\n<meta property=\"og:title\" content=\"Acheter Triagle de billard Magic Ball Rack - The World Billiards\" \/>\n<meta property=\"og:description\" content=\"Magic Triangle Pro 8 est un syst\u00e8me qui vous permet de toujours jouer parfaitement, m\u00eame sur un v\u00eatement us\u00e9 ou ancien, en moins de 10 secondes Cela \u00e9vite au tissu et \u00e0 la table l\u2019usure que provoque l\u2019utilisation d\u2019autres triangles. Il peut \u00eatre enroul\u00e9 et repositionn\u00e9, est portable, \u00e9vitant ainsi le portage de votre propre triangle lors de la lecture Le mat\u00e9riau est imperm\u00e9able, s&#039;adapte \u00e0 toutes les couleurs de nappes et peut \u00eatre enroul\u00e9 pour le transport. Les propri\u00e9taires de salles peuvent \u00e9liminer compl\u00e8tement les triangles \u00e0 l\u2019aide du Triangle magique. Mat\u00e9riau: plastique de qualit\u00e9 sp\u00e9ciale \u00c9paisseur: 0,14 mm\" \/>\n<meta property=\"og:url\" content=\"https:\/\/theworldbilliards.com\/fr\/produit\/triagle-de-billard-magic-ball-rack\/\" \/>\n<meta property=\"og:site_name\" content=\"The World Billiards\" \/>\n<meta property=\"article:publisher\" content=\"https:\/\/www.facebook.com\/baby.foot.superbes\" \/>\n<meta property=\"article:modified_time\" content=\"2019-08-23T10:43:52+00:00\" \/>\n<meta property=\"og:image\" content=\"https:\/\/theworldbilliards.com\/wp-content\/uploads\/2017\/01\/magicballrack.jpg\" \/>\n\t<meta property=\"og:image:width\" content=\"331\" \/>\n\t<meta property=\"og:image:height\" content=\"331\" \/>\n\t<meta property=\"og:image:type\" content=\"image\/jpeg\" \/>\n<meta name=\"twitter:card\" content=\"summary_large_image\" \/>\n<script type=\"application\/ld+json\" class=\"yoast-schema-graph\">{\"@context\":\"https:\\\/\\\/schema.org\",\"@graph\":[{\"@type\":\"WebPage\",\"@id\":\"https:\\\/\\\/theworldbilliards.com\\\/fr\\\/produit\\\/triagle-de-billard-magic-ball-rack\\\/\",\"url\":\"https:\\\/\\\/theworldbilliards.com\\\/fr\\\/produit\\\/triagle-de-billard-magic-ball-rack\\\/\",\"name\":\"Acheter Triagle de billard Magic Ball Rack - The World Billiards\",\"isPartOf\":{\"@id\":\"https:\\\/\\\/theworldbilliards.com\\\/fr\\\/#website\"},\"primaryImageOfPage\":{\"@id\":\"https:\\\/\\\/theworldbilliards.com\\\/fr\\\/produit\\\/triagle-de-billard-magic-ball-rack\\\/#primaryimage\"},\"image\":{\"@id\":\"https:\\\/\\\/theworldbilliards.com\\\/fr\\\/produit\\\/triagle-de-billard-magic-ball-rack\\\/#primaryimage\"},\"thumbnailUrl\":\"https:\\\/\\\/theworldbilliards.com\\\/wp-content\\\/uploads\\\/2017\\\/01\\\/magicballrack.jpg\",\"datePublished\":\"2017-01-03T11:35:45+00:00\",\"dateModified\":\"2019-08-23T10:43:52+00:00\",\"description\":\"Magic Triangle Pro 8 est un syst\u00e8me qui vous permet de toujours jouer parfaitement, m\u00eame sur un v\u00eatement us\u00e9 ou ancien, en moins de 10 secondes Cela \u00e9vite au tissu et \u00e0 la table l\u2019usure que provoque l\u2019utilisation d\u2019autres triangles. Il peut \u00eatre enroul\u00e9 et repositionn\u00e9, est portable, \u00e9vitant ainsi le portage de votre propre triangle lors de la lecture Le mat\u00e9riau est imperm\u00e9able, s'adapte \u00e0 toutes les couleurs de nappes et peut \u00eatre enroul\u00e9 pour le transport. Les propri\u00e9taires de salles peuvent \u00e9liminer compl\u00e8tement les triangles \u00e0 l\u2019aide du Triangle magique. Mat\u00e9riau: plastique de qualit\u00e9 sp\u00e9ciale \u00c9paisseur: 0,14 mm\",\"breadcrumb\":{\"@id\":\"https:\\\/\\\/theworldbilliards.com\\\/fr\\\/produit\\\/triagle-de-billard-magic-ball-rack\\\/#breadcrumb\"},\"inLanguage\":\"fr-FR\",\"potentialAction\":[{\"@type\":\"ReadAction\",\"target\":[\"https:\\\/\\\/theworldbilliards.com\\\/fr\\\/produit\\\/triagle-de-billard-magic-ball-rack\\\/\"]}]},{\"@type\":\"ImageObject\",\"inLanguage\":\"fr-FR\",\"@id\":\"https:\\\/\\\/theworldbilliards.com\\\/fr\\\/produit\\\/triagle-de-billard-magic-ball-rack\\\/#primaryimage\",\"url\":\"https:\\\/\\\/theworldbilliards.com\\\/wp-content\\\/uploads\\\/2017\\\/01\\\/magicballrack.jpg\",\"contentUrl\":\"https:\\\/\\\/theworldbilliards.com\\\/wp-content\\\/uploads\\\/2017\\\/01\\\/magicballrack.jpg\",\"width\":331,\"height\":331},{\"@type\":\"BreadcrumbList\",\"@id\":\"https:\\\/\\\/theworldbilliards.com\\\/fr\\\/produit\\\/triagle-de-billard-magic-ball-rack\\\/#breadcrumb\",\"itemListElement\":[{\"@type\":\"ListItem\",\"position\":1,\"name\":\"In\u00edcio\",\"item\":\"https:\\\/\\\/theworldbilliards.com\\\/fr\\\/\"},{\"@type\":\"ListItem\",\"position\":2,\"name\":\"Boutique en ligne\",\"item\":\"https:\\\/\\\/theworldbilliards.com\\\/fr\\\/boutique-theworldbilliards\\\/\"},{\"@type\":\"ListItem\",\"position\":3,\"name\":\"Triagle de billard Magic Ball Rack\"}]},{\"@type\":\"WebSite\",\"@id\":\"https:\\\/\\\/theworldbilliards.com\\\/fr\\\/#website\",\"url\":\"https:\\\/\\\/theworldbilliards.com\\\/fr\\\/\",\"name\":\"TheWorldBilliards\",\"description\":\"Achetez ici billard, baby-foot, ping-pong et bowling\",\"publisher\":{\"@id\":\"https:\\\/\\\/theworldbilliards.com\\\/fr\\\/#organization\"},\"alternateName\":\"The world billiards\",\"potentialAction\":[{\"@type\":\"SearchAction\",\"target\":{\"@type\":\"EntryPoint\",\"urlTemplate\":\"https:\\\/\\\/theworldbilliards.com\\\/fr\\\/?s={search_term_string}\"},\"query-input\":{\"@type\":\"PropertyValueSpecification\",\"valueRequired\":true,\"valueName\":\"search_term_string\"}}],\"inLanguage\":\"fr-FR\"},{\"@type\":\"Organization\",\"@id\":\"https:\\\/\\\/theworldbilliards.com\\\/fr\\\/#organization\",\"name\":\"The World Billiards\",\"alternateName\":\"The World Billiards\",\"url\":\"https:\\\/\\\/theworldbilliards.com\\\/fr\\\/\",\"logo\":{\"@type\":\"ImageObject\",\"inLanguage\":\"fr-FR\",\"@id\":\"https:\\\/\\\/theworldbilliards.com\\\/fr\\\/#\\\/schema\\\/logo\\\/image\\\/\",\"url\":\"\",\"contentUrl\":\"\",\"caption\":\"The World Billiards\"},\"image\":{\"@id\":\"https:\\\/\\\/theworldbilliards.com\\\/fr\\\/#\\\/schema\\\/logo\\\/image\\\/\"},\"sameAs\":[\"https:\\\/\\\/www.facebook.com\\\/baby.foot.superbes\",\"https:\\\/\\\/www.youtube.com\\\/channel\\\/UCIMuOVAaUcH6UpZcsZlH0Tg\",\"https:\\\/\\\/www.facebook.com\\\/people\\\/Brunswick-Billiards-EspaaPortugal\\\/100066446264309\\\/\",\"https:\\\/\\\/www.instagram.com\\\/the_world_billiards\\\/\",\"https:\\\/\\\/www.pinterest.es\\\/Theworldbilliards\\\/\"]}]}<\/script>\n<!-- \/ Yoast SEO plugin. -->","yoast_head_json":{"title":"Acheter Triagle de billard Magic Ball Rack - The World Billiards","description":"Magic Triangle Pro 8 est un syst\u00e8me qui vous permet de toujours jouer parfaitement, m\u00eame sur un v\u00eatement us\u00e9 ou ancien, en moins de 10 secondes Cela \u00e9vite au tissu et \u00e0 la table l\u2019usure que provoque l\u2019utilisation d\u2019autres triangles. Il peut \u00eatre enroul\u00e9 et repositionn\u00e9, est portable, \u00e9vitant ainsi le portage de votre propre triangle lors de la lecture Le mat\u00e9riau est imperm\u00e9able, s'adapte \u00e0 toutes les couleurs de nappes et peut \u00eatre enroul\u00e9 pour le transport. Les propri\u00e9taires de salles peuvent \u00e9liminer compl\u00e8tement les triangles \u00e0 l\u2019aide du Triangle magique. Mat\u00e9riau: plastique de qualit\u00e9 sp\u00e9ciale \u00c9paisseur: 0,14 mm","robots":{"index":"index","follow":"follow","max-snippet":"max-snippet:-1","max-image-preview":"max-image-preview:large","max-video-preview":"max-video-preview:-1"},"canonical":"https:\/\/theworldbilliards.com\/fr\/produit\/triagle-de-billard-magic-ball-rack\/","og_locale":"fr_FR","og_type":"article","og_title":"Acheter Triagle de billard Magic Ball Rack - The World Billiards","og_description":"Magic Triangle Pro 8 est un syst\u00e8me qui vous permet de toujours jouer parfaitement, m\u00eame sur un v\u00eatement us\u00e9 ou ancien, en moins de 10 secondes Cela \u00e9vite au tissu et \u00e0 la table l\u2019usure que provoque l\u2019utilisation d\u2019autres triangles. Il peut \u00eatre enroul\u00e9 et repositionn\u00e9, est portable, \u00e9vitant ainsi le portage de votre propre triangle lors de la lecture Le mat\u00e9riau est imperm\u00e9able, s'adapte \u00e0 toutes les couleurs de nappes et peut \u00eatre enroul\u00e9 pour le transport. Les propri\u00e9taires de salles peuvent \u00e9liminer compl\u00e8tement les triangles \u00e0 l\u2019aide du Triangle magique. Mat\u00e9riau: plastique de qualit\u00e9 sp\u00e9ciale \u00c9paisseur: 0,14 mm","og_url":"https:\/\/theworldbilliards.com\/fr\/produit\/triagle-de-billard-magic-ball-rack\/","og_site_name":"The World Billiards","article_publisher":"https:\/\/www.facebook.com\/baby.foot.superbes","article_modified_time":"2019-08-23T10:43:52+00:00","og_image":[{"width":331,"height":331,"url":"https:\/\/theworldbilliards.com\/wp-content\/uploads\/2017\/01\/magicballrack.jpg","type":"image\/jpeg"}],"twitter_card":"summary_large_image","schema":{"@context":"https:\/\/schema.org","@graph":[{"@type":"WebPage","@id":"https:\/\/theworldbilliards.com\/fr\/produit\/triagle-de-billard-magic-ball-rack\/","url":"https:\/\/theworldbilliards.com\/fr\/produit\/triagle-de-billard-magic-ball-rack\/","name":"Acheter Triagle de billard Magic Ball Rack - The World Billiards","isPartOf":{"@id":"https:\/\/theworldbilliards.com\/fr\/#website"},"primaryImageOfPage":{"@id":"https:\/\/theworldbilliards.com\/fr\/produit\/triagle-de-billard-magic-ball-rack\/#primaryimage"},"image":{"@id":"https:\/\/theworldbilliards.com\/fr\/produit\/triagle-de-billard-magic-ball-rack\/#primaryimage"},"thumbnailUrl":"https:\/\/theworldbilliards.com\/wp-content\/uploads\/2017\/01\/magicballrack.jpg","datePublished":"2017-01-03T11:35:45+00:00","dateModified":"2019-08-23T10:43:52+00:00","description":"Magic Triangle Pro 8 est un syst\u00e8me qui vous permet de toujours jouer parfaitement, m\u00eame sur un v\u00eatement us\u00e9 ou ancien, en moins de 10 secondes Cela \u00e9vite au tissu et \u00e0 la table l\u2019usure que provoque l\u2019utilisation d\u2019autres triangles. Il peut \u00eatre enroul\u00e9 et repositionn\u00e9, est portable, \u00e9vitant ainsi le portage de votre propre triangle lors de la lecture Le mat\u00e9riau est imperm\u00e9able, s'adapte \u00e0 toutes les couleurs de nappes et peut \u00eatre enroul\u00e9 pour le transport. Les propri\u00e9taires de salles peuvent \u00e9liminer compl\u00e8tement les triangles \u00e0 l\u2019aide du Triangle magique. Mat\u00e9riau: plastique de qualit\u00e9 sp\u00e9ciale \u00c9paisseur: 0,14 mm","breadcrumb":{"@id":"https:\/\/theworldbilliards.com\/fr\/produit\/triagle-de-billard-magic-ball-rack\/#breadcrumb"},"inLanguage":"fr-FR","potentialAction":[{"@type":"ReadAction","target":["https:\/\/theworldbilliards.com\/fr\/produit\/triagle-de-billard-magic-ball-rack\/"]}]},{"@type":"ImageObject","inLanguage":"fr-FR","@id":"https:\/\/theworldbilliards.com\/fr\/produit\/triagle-de-billard-magic-ball-rack\/#primaryimage","url":"https:\/\/theworldbilliards.com\/wp-content\/uploads\/2017\/01\/magicballrack.jpg","contentUrl":"https:\/\/theworldbilliards.com\/wp-content\/uploads\/2017\/01\/magicballrack.jpg","width":331,"height":331},{"@type":"BreadcrumbList","@id":"https:\/\/theworldbilliards.com\/fr\/produit\/triagle-de-billard-magic-ball-rack\/#breadcrumb","itemListElement":[{"@type":"ListItem","position":1,"name":"In\u00edcio","item":"https:\/\/theworldbilliards.com\/fr\/"},{"@type":"ListItem","position":2,"name":"Boutique en ligne","item":"https:\/\/theworldbilliards.com\/fr\/boutique-theworldbilliards\/"},{"@type":"ListItem","position":3,"name":"Triagle de billard Magic Ball Rack"}]},{"@type":"WebSite","@id":"https:\/\/theworldbilliards.com\/fr\/#website","url":"https:\/\/theworldbilliards.com\/fr\/","name":"TheWorldBilliards","description":"Achetez ici billard, baby-foot, ping-pong et bowling","publisher":{"@id":"https:\/\/theworldbilliards.com\/fr\/#organization"},"alternateName":"The world billiards","potentialAction":[{"@type":"SearchAction","target":{"@type":"EntryPoint","urlTemplate":"https:\/\/theworldbilliards.com\/fr\/?s={search_term_string}"},"query-input":{"@type":"PropertyValueSpecification","valueRequired":true,"valueName":"search_term_string"}}],"inLanguage":"fr-FR"},{"@type":"Organization","@id":"https:\/\/theworldbilliards.com\/fr\/#organization","name":"The World Billiards","alternateName":"The World Billiards","url":"https:\/\/theworldbilliards.com\/fr\/","logo":{"@type":"ImageObject","inLanguage":"fr-FR","@id":"https:\/\/theworldbilliards.com\/fr\/#\/schema\/logo\/image\/","url":"","contentUrl":"","caption":"The World Billiards"},"image":{"@id":"https:\/\/theworldbilliards.com\/fr\/#\/schema\/logo\/image\/"},"sameAs":["https:\/\/www.facebook.com\/baby.foot.superbes","https:\/\/www.youtube.com\/channel\/UCIMuOVAaUcH6UpZcsZlH0Tg","https:\/\/www.facebook.com\/people\/Brunswick-Billiards-EspaaPortugal\/100066446264309\/","https:\/\/www.instagram.com\/the_world_billiards\/","https:\/\/www.pinterest.es\/Theworldbilliards\/"]}]}},"_links":{"self":[{"href":"https:\/\/theworldbilliards.com\/fr\/wp-json\/wp\/v2\/product\/41955","targetHints":{"allow":["GET"]}}],"collection":[{"href":"https:\/\/theworldbilliards.com\/fr\/wp-json\/wp\/v2\/product"}],"about":[{"href":"https:\/\/theworldbilliards.com\/fr\/wp-json\/wp\/v2\/types\/product"}],"wp:featuredmedia":[{"embeddable":true,"href":"https:\/\/theworldbilliards.com\/fr\/wp-json\/wp\/v2\/media\/57697"}],"wp:attachment":[{"href":"https:\/\/theworldbilliards.com\/fr\/wp-json\/wp\/v2\/media?parent=41955"}],"wp:term":[{"taxonomy":"product_brand","embeddable":true,"href":"https:\/\/theworldbilliards.com\/fr\/wp-json\/wp\/v2\/product_brand?post=41955"},{"taxonomy":"product_cat","embeddable":true,"href":"https:\/\/theworldbilliards.com\/fr\/wp-json\/wp\/v2\/product_cat?post=41955"},{"taxonomy":"product_tag","embeddable":true,"href":"https:\/\/theworldbilliards.com\/fr\/wp-json\/wp\/v2\/product_tag?post=41955"}],"curies":[{"name":"wp","href":"https:\/\/api.w.org\/{rel}","templated":true}]}}