{"id":41964,"date":"2017-01-21T12:45:22","date_gmt":"2017-01-21T11:45:22","guid":{"rendered":"https:\/\/theworldbilliards.com\/\/produto\/baby-foot-brasilia-version-portugaise\/"},"modified":"2025-10-30T13:28:55","modified_gmt":"2025-10-30T12:28:55","slug":"baby-foot-maracana-special-edition","status":"publish","type":"product","link":"https:\/\/theworldbilliards.com\/fr\/produit\/baby-foot-maracana-special-edition\/","title":{"rendered":"Baby foot Maracan\u00e3 Special Edition"},"content":{"rendered":"<p>Table de baby-foot pour la maison sans porte-monnaie, fabriqu\u00e9e par nos professionnels exp\u00e9riment\u00e9s avec plus de 25 ans d&rsquo;exp\u00e9rience dans la production de baby-foot, avec du mat\u00e9riel s\u00e9lectionn\u00e9 parmi les meilleures origines qui vous procurera de nombreuses heures de plaisir en famille ou m\u00eame de participer \u00e0 des tournois pour de vrai fans.<\/p>\n<p>Venez essayer le baby-foot dans notre usine et exposition \u00e0 Sintra.<\/p>\n<p>Dimensions du baby-foot : 1,47 m x 0,72 m x 0,92 m [LxlxH]<\/p>\n<p>Baby-foot avec des finitions de haute qualit\u00e9<br \/>\nMannequins en aluminium renforc\u00e9 \u00e0 l&rsquo;ancienne, unique pour utiliser ce type de mannequins, o\u00f9 le gardien a un chapeau, et a l&rsquo;avantage de casser un mannequin, vous n&rsquo;avez qu&rsquo;\u00e0 remplacer ce mannequin et non la tige compl\u00e8te et tous les mannequins.<br \/>\nTiges calibr\u00e9es renforc\u00e9es de 15 mm<br \/>\nPoign\u00e9es en bois de h\u00eatre<br \/>\nPoids du baby-foot &#8211; 70 Kg<br \/>\n2 balles incluses<\/p>\n<p><img loading=\"lazy\" decoding=\"async\" class=\"alignnone size-medium wp-image-92389\" src=\"https:\/\/theworldbilliards.com\/wp-content\/uploads\/2017\/01\/Colores-Maderas-matraq-300x115.jpg\" alt=\"\" width=\"300\" height=\"115\" srcset=\"https:\/\/theworldbilliards.com\/wp-content\/uploads\/2017\/01\/Colores-Maderas-matraq-300x115.jpg 300w, https:\/\/theworldbilliards.com\/wp-content\/uploads\/2017\/01\/Colores-Maderas-matraq-600x230.jpg 600w, https:\/\/theworldbilliards.com\/wp-content\/uploads\/2017\/01\/Colores-Maderas-matraq-768x295.jpg 768w, https:\/\/theworldbilliards.com\/wp-content\/uploads\/2017\/01\/Colores-Maderas-matraq.jpg 932w\" sizes=\"auto, (max-width: 300px) 100vw, 300px\" \/><\/p>\n<p>Autres couleurs de bois ou joueurs nous contacter<\/p>\n","protected":false},"excerpt":{"rendered":"<p>Table de baby-foot pour la maison sans porte-monnaie, fabriqu\u00e9e par nos professionnels exp\u00e9riment\u00e9s avec plus de 25 ans d&rsquo;exp\u00e9rience dans [&hellip;]<\/p>\n","protected":false},"featured_media":106731,"template":"","meta":{"site-sidebar-layout":"default","site-content-layout":"","ast-site-content-layout":"default","site-content-style":"default","site-sidebar-style":"default","ast-global-header-display":"","ast-banner-title-visibility":"","ast-main-header-display":"","ast-hfb-above-header-display":"","ast-hfb-below-header-display":"","ast-hfb-mobile-header-display":"","site-post-title":"","ast-breadcrumbs-content":"","ast-featured-img":"","footer-sml-layout":"","ast-disable-related-posts":"","theme-transparent-header-meta":"default","adv-header-id-meta":"","stick-header-meta":"","header-above-stick-meta":"","header-main-stick-meta":"","header-below-stick-meta":"","astra-migrate-meta-layouts":"default","ast-page-background-enabled":"default","ast-page-background-meta":{"desktop":{"background-color":"var(--ast-global-color-4)","background-image":"","background-repeat":"repeat","background-position":"center center","background-size":"auto","background-attachment":"scroll","background-type":"","background-media":"","overlay-type":"","overlay-color":"","overlay-opacity":"","overlay-gradient":""},"tablet":{"background-color":"","background-image":"","background-repeat":"repeat","background-position":"center center","background-size":"auto","background-attachment":"scroll","background-type":"","background-media":"","overlay-type":"","overlay-color":"","overlay-opacity":"","overlay-gradient":""},"mobile":{"background-color":"","background-image":"","background-repeat":"repeat","background-position":"center center","background-size":"auto","background-attachment":"scroll","background-type":"","background-media":"","overlay-type":"","overlay-color":"","overlay-opacity":"","overlay-gradient":""}},"ast-content-background-meta":{"desktop":{"background-color":"var(--ast-global-color-5)","background-image":"","background-repeat":"repeat","background-position":"center center","background-size":"auto","background-attachment":"scroll","background-type":"","background-media":"","overlay-type":"","overlay-color":"","overlay-opacity":"","overlay-gradient":""},"tablet":{"background-color":"var(--ast-global-color-5)","background-image":"","background-repeat":"repeat","background-position":"center center","background-size":"auto","background-attachment":"scroll","background-type":"","background-media":"","overlay-type":"","overlay-color":"","overlay-opacity":"","overlay-gradient":""},"mobile":{"background-color":"var(--ast-global-color-5)","background-image":"","background-repeat":"repeat","background-position":"center center","background-size":"auto","background-attachment":"scroll","background-type":"","background-media":"","overlay-type":"","overlay-color":"","overlay-opacity":"","overlay-gradient":""}}},"product_brand":[5218],"product_cat":[1437],"product_tag":[],"class_list":{"0":"post-41964","1":"product","2":"type-product","3":"status-publish","4":"has-post-thumbnail","6":"product_brand-the-world-billiards","7":"product_cat-baby-foot-sans-monnayeur","8":"product_shipping_class-baby-foot","9":"desktop-align-center","10":"tablet-align-left","11":"mobile-align-left","13":"first","14":"instock","15":"sale","16":"taxable","17":"shipping-taxable","18":"purchasable","19":"product-type-variable"},"yoast_head":"<!-- This site is optimized with the Yoast SEO plugin v27.5 - https:\/\/yoast.com\/product\/yoast-seo-wordpress\/ -->\n<title>Acheter Baby foot Maracan\u00e3 Special Edition - The World Billiards<\/title>\n<meta name=\"description\" content=\"Table de baby-foot pour la maison sans porte-monnaie, fabriqu\u00e9e par nos professionnels exp\u00e9riment\u00e9s avec plus de 25 ans d&#039;exp\u00e9rience dans la production de baby-foot, avec du mat\u00e9riel s\u00e9lectionn\u00e9 parmi les meilleures origines qui vous procurera de nombreuses heures de plaisir en famille ou m\u00eame de participer \u00e0 des tournois pour de vrai fans.  Venez essayer le baby-foot dans notre usine et exposition \u00e0 Sintra.  Dimensions du baby-foot : 1,47 m x 0,72 m x 0,92 m   Baby-foot avec des finitions de haute qualit\u00e9 Mannequins en aluminium renforc\u00e9 \u00e0 l&#039;ancienne, unique pour utiliser ce type de mannequins, o\u00f9 le gardien a un chapeau, et a l&#039;avantage de casser un mannequin, vous n&#039;avez qu&#039;\u00e0 remplacer ce mannequin et non la tige compl\u00e8te et tous les mannequins. Tiges calibr\u00e9es renforc\u00e9es de 15 mm Poign\u00e9es en bois de h\u00eatre Poids du baby-foot - 70 Kg 2 balles incluses    Autres couleurs de bois ou joueurs nous contacter\" \/>\n<meta name=\"robots\" content=\"index, follow, max-snippet:-1, max-image-preview:large, max-video-preview:-1\" \/>\n<link rel=\"canonical\" href=\"https:\/\/theworldbilliards.com\/fr\/produit\/baby-foot-maracana-special-edition\/\" \/>\n<meta property=\"og:locale\" content=\"fr_FR\" \/>\n<meta property=\"og:type\" content=\"article\" \/>\n<meta property=\"og:title\" content=\"Acheter Baby foot Maracan\u00e3 Special Edition - The World Billiards\" \/>\n<meta property=\"og:description\" content=\"Table de baby-foot pour la maison sans porte-monnaie, fabriqu\u00e9e par nos professionnels exp\u00e9riment\u00e9s avec plus de 25 ans d&#039;exp\u00e9rience dans la production de baby-foot, avec du mat\u00e9riel s\u00e9lectionn\u00e9 parmi les meilleures origines qui vous procurera de nombreuses heures de plaisir en famille ou m\u00eame de participer \u00e0 des tournois pour de vrai fans.  Venez essayer le baby-foot dans notre usine et exposition \u00e0 Sintra.  Dimensions du baby-foot : 1,47 m x 0,72 m x 0,92 m   Baby-foot avec des finitions de haute qualit\u00e9 Mannequins en aluminium renforc\u00e9 \u00e0 l&#039;ancienne, unique pour utiliser ce type de mannequins, o\u00f9 le gardien a un chapeau, et a l&#039;avantage de casser un mannequin, vous n&#039;avez qu&#039;\u00e0 remplacer ce mannequin et non la tige compl\u00e8te et tous les mannequins. Tiges calibr\u00e9es renforc\u00e9es de 15 mm Poign\u00e9es en bois de h\u00eatre Poids du baby-foot - 70 Kg 2 balles incluses    Autres couleurs de bois ou joueurs nous contacter\" \/>\n<meta property=\"og:url\" content=\"https:\/\/theworldbilliards.com\/fr\/produit\/baby-foot-maracana-special-edition\/\" \/>\n<meta property=\"og:site_name\" content=\"The World Billiards\" \/>\n<meta property=\"article:publisher\" content=\"https:\/\/www.facebook.com\/baby.foot.superbes\" \/>\n<meta property=\"article:modified_time\" content=\"2025-10-30T12:28:55+00:00\" \/>\n<meta property=\"og:image\" content=\"https:\/\/theworldbilliards.com\/wp-content\/uploads\/2017\/01\/Maracana-Edicion-especial.jpg\" \/>\n\t<meta property=\"og:image:width\" content=\"1600\" \/>\n\t<meta property=\"og:image:height\" content=\"1600\" \/>\n\t<meta property=\"og:image:type\" content=\"image\/jpeg\" \/>\n<meta name=\"twitter:card\" content=\"summary_large_image\" \/>\n<script type=\"application\/ld+json\" class=\"yoast-schema-graph\">{\"@context\":\"https:\\\/\\\/schema.org\",\"@graph\":[{\"@type\":\"WebPage\",\"@id\":\"https:\\\/\\\/theworldbilliards.com\\\/fr\\\/produit\\\/baby-foot-maracana-special-edition\\\/\",\"url\":\"https:\\\/\\\/theworldbilliards.com\\\/fr\\\/produit\\\/baby-foot-maracana-special-edition\\\/\",\"name\":\"Acheter Baby foot Maracan\u00e3 Special Edition - The World Billiards\",\"isPartOf\":{\"@id\":\"https:\\\/\\\/theworldbilliards.com\\\/fr\\\/#website\"},\"primaryImageOfPage\":{\"@id\":\"https:\\\/\\\/theworldbilliards.com\\\/fr\\\/produit\\\/baby-foot-maracana-special-edition\\\/#primaryimage\"},\"image\":{\"@id\":\"https:\\\/\\\/theworldbilliards.com\\\/fr\\\/produit\\\/baby-foot-maracana-special-edition\\\/#primaryimage\"},\"thumbnailUrl\":\"https:\\\/\\\/theworldbilliards.com\\\/wp-content\\\/uploads\\\/2017\\\/01\\\/Maracana-Edicion-especial.jpg\",\"datePublished\":\"2017-01-21T11:45:22+00:00\",\"dateModified\":\"2025-10-30T12:28:55+00:00\",\"description\":\"Table de baby-foot pour la maison sans porte-monnaie, fabriqu\u00e9e par nos professionnels exp\u00e9riment\u00e9s avec plus de 25 ans d'exp\u00e9rience dans la production de baby-foot, avec du mat\u00e9riel s\u00e9lectionn\u00e9 parmi les meilleures origines qui vous procurera de nombreuses heures de plaisir en famille ou m\u00eame de participer \u00e0 des tournois pour de vrai fans. Venez essayer le baby-foot dans notre usine et exposition \u00e0 Sintra. Dimensions du baby-foot : 1,47 m x 0,72 m x 0,92 m Baby-foot avec des finitions de haute qualit\u00e9 Mannequins en aluminium renforc\u00e9 \u00e0 l'ancienne, unique pour utiliser ce type de mannequins, o\u00f9 le gardien a un chapeau, et a l'avantage de casser un mannequin, vous n'avez qu'\u00e0 remplacer ce mannequin et non la tige compl\u00e8te et tous les mannequins. Tiges calibr\u00e9es renforc\u00e9es de 15 mm Poign\u00e9es en bois de h\u00eatre Poids du baby-foot - 70 Kg 2 balles incluses Autres couleurs de bois ou joueurs nous contacter\",\"breadcrumb\":{\"@id\":\"https:\\\/\\\/theworldbilliards.com\\\/fr\\\/produit\\\/baby-foot-maracana-special-edition\\\/#breadcrumb\"},\"inLanguage\":\"fr-FR\",\"potentialAction\":[{\"@type\":\"ReadAction\",\"target\":[\"https:\\\/\\\/theworldbilliards.com\\\/fr\\\/produit\\\/baby-foot-maracana-special-edition\\\/\"]}]},{\"@type\":\"ImageObject\",\"inLanguage\":\"fr-FR\",\"@id\":\"https:\\\/\\\/theworldbilliards.com\\\/fr\\\/produit\\\/baby-foot-maracana-special-edition\\\/#primaryimage\",\"url\":\"https:\\\/\\\/theworldbilliards.com\\\/wp-content\\\/uploads\\\/2017\\\/01\\\/Maracana-Edicion-especial.jpg\",\"contentUrl\":\"https:\\\/\\\/theworldbilliards.com\\\/wp-content\\\/uploads\\\/2017\\\/01\\\/Maracana-Edicion-especial.jpg\",\"width\":1600,\"height\":1600},{\"@type\":\"BreadcrumbList\",\"@id\":\"https:\\\/\\\/theworldbilliards.com\\\/fr\\\/produit\\\/baby-foot-maracana-special-edition\\\/#breadcrumb\",\"itemListElement\":[{\"@type\":\"ListItem\",\"position\":1,\"name\":\"In\u00edcio\",\"item\":\"https:\\\/\\\/theworldbilliards.com\\\/fr\\\/\"},{\"@type\":\"ListItem\",\"position\":2,\"name\":\"Boutique en ligne\",\"item\":\"https:\\\/\\\/theworldbilliards.com\\\/fr\\\/boutique-theworldbilliards\\\/\"},{\"@type\":\"ListItem\",\"position\":3,\"name\":\"Baby foot Maracan\u00e3 Special Edition\"}]},{\"@type\":\"WebSite\",\"@id\":\"https:\\\/\\\/theworldbilliards.com\\\/fr\\\/#website\",\"url\":\"https:\\\/\\\/theworldbilliards.com\\\/fr\\\/\",\"name\":\"TheWorldBilliards\",\"description\":\"Achetez ici billard, baby-foot, ping-pong et bowling\",\"publisher\":{\"@id\":\"https:\\\/\\\/theworldbilliards.com\\\/fr\\\/#organization\"},\"alternateName\":\"The world billiards\",\"potentialAction\":[{\"@type\":\"SearchAction\",\"target\":{\"@type\":\"EntryPoint\",\"urlTemplate\":\"https:\\\/\\\/theworldbilliards.com\\\/fr\\\/?s={search_term_string}\"},\"query-input\":{\"@type\":\"PropertyValueSpecification\",\"valueRequired\":true,\"valueName\":\"search_term_string\"}}],\"inLanguage\":\"fr-FR\"},{\"@type\":\"Organization\",\"@id\":\"https:\\\/\\\/theworldbilliards.com\\\/fr\\\/#organization\",\"name\":\"The World Billiards\",\"alternateName\":\"The World Billiards\",\"url\":\"https:\\\/\\\/theworldbilliards.com\\\/fr\\\/\",\"logo\":{\"@type\":\"ImageObject\",\"inLanguage\":\"fr-FR\",\"@id\":\"https:\\\/\\\/theworldbilliards.com\\\/fr\\\/#\\\/schema\\\/logo\\\/image\\\/\",\"url\":\"\",\"contentUrl\":\"\",\"caption\":\"The World Billiards\"},\"image\":{\"@id\":\"https:\\\/\\\/theworldbilliards.com\\\/fr\\\/#\\\/schema\\\/logo\\\/image\\\/\"},\"sameAs\":[\"https:\\\/\\\/www.facebook.com\\\/baby.foot.superbes\",\"https:\\\/\\\/www.youtube.com\\\/channel\\\/UCIMuOVAaUcH6UpZcsZlH0Tg\",\"https:\\\/\\\/www.facebook.com\\\/people\\\/Brunswick-Billiards-EspaaPortugal\\\/100066446264309\\\/\",\"https:\\\/\\\/www.instagram.com\\\/the_world_billiards\\\/\",\"https:\\\/\\\/www.pinterest.es\\\/Theworldbilliards\\\/\"]}]}<\/script>\n<!-- \/ Yoast SEO plugin. -->","yoast_head_json":{"title":"Acheter Baby foot Maracan\u00e3 Special Edition - The World Billiards","description":"Table de baby-foot pour la maison sans porte-monnaie, fabriqu\u00e9e par nos professionnels exp\u00e9riment\u00e9s avec plus de 25 ans d'exp\u00e9rience dans la production de baby-foot, avec du mat\u00e9riel s\u00e9lectionn\u00e9 parmi les meilleures origines qui vous procurera de nombreuses heures de plaisir en famille ou m\u00eame de participer \u00e0 des tournois pour de vrai fans.  Venez essayer le baby-foot dans notre usine et exposition \u00e0 Sintra.  Dimensions du baby-foot : 1,47 m x 0,72 m x 0,92 m   Baby-foot avec des finitions de haute qualit\u00e9 Mannequins en aluminium renforc\u00e9 \u00e0 l'ancienne, unique pour utiliser ce type de mannequins, o\u00f9 le gardien a un chapeau, et a l'avantage de casser un mannequin, vous n'avez qu'\u00e0 remplacer ce mannequin et non la tige compl\u00e8te et tous les mannequins. Tiges calibr\u00e9es renforc\u00e9es de 15 mm Poign\u00e9es en bois de h\u00eatre Poids du baby-foot - 70 Kg 2 balles incluses    Autres couleurs de bois ou joueurs nous contacter","robots":{"index":"index","follow":"follow","max-snippet":"max-snippet:-1","max-image-preview":"max-image-preview:large","max-video-preview":"max-video-preview:-1"},"canonical":"https:\/\/theworldbilliards.com\/fr\/produit\/baby-foot-maracana-special-edition\/","og_locale":"fr_FR","og_type":"article","og_title":"Acheter Baby foot Maracan\u00e3 Special Edition - The World Billiards","og_description":"Table de baby-foot pour la maison sans porte-monnaie, fabriqu\u00e9e par nos professionnels exp\u00e9riment\u00e9s avec plus de 25 ans d'exp\u00e9rience dans la production de baby-foot, avec du mat\u00e9riel s\u00e9lectionn\u00e9 parmi les meilleures origines qui vous procurera de nombreuses heures de plaisir en famille ou m\u00eame de participer \u00e0 des tournois pour de vrai fans.  Venez essayer le baby-foot dans notre usine et exposition \u00e0 Sintra.  Dimensions du baby-foot : 1,47 m x 0,72 m x 0,92 m   Baby-foot avec des finitions de haute qualit\u00e9 Mannequins en aluminium renforc\u00e9 \u00e0 l'ancienne, unique pour utiliser ce type de mannequins, o\u00f9 le gardien a un chapeau, et a l'avantage de casser un mannequin, vous n'avez qu'\u00e0 remplacer ce mannequin et non la tige compl\u00e8te et tous les mannequins. Tiges calibr\u00e9es renforc\u00e9es de 15 mm Poign\u00e9es en bois de h\u00eatre Poids du baby-foot - 70 Kg 2 balles incluses    Autres couleurs de bois ou joueurs nous contacter","og_url":"https:\/\/theworldbilliards.com\/fr\/produit\/baby-foot-maracana-special-edition\/","og_site_name":"The World Billiards","article_publisher":"https:\/\/www.facebook.com\/baby.foot.superbes","article_modified_time":"2025-10-30T12:28:55+00:00","og_image":[{"width":1600,"height":1600,"url":"https:\/\/theworldbilliards.com\/wp-content\/uploads\/2017\/01\/Maracana-Edicion-especial.jpg","type":"image\/jpeg"}],"twitter_card":"summary_large_image","schema":{"@context":"https:\/\/schema.org","@graph":[{"@type":"WebPage","@id":"https:\/\/theworldbilliards.com\/fr\/produit\/baby-foot-maracana-special-edition\/","url":"https:\/\/theworldbilliards.com\/fr\/produit\/baby-foot-maracana-special-edition\/","name":"Acheter Baby foot Maracan\u00e3 Special Edition - The World Billiards","isPartOf":{"@id":"https:\/\/theworldbilliards.com\/fr\/#website"},"primaryImageOfPage":{"@id":"https:\/\/theworldbilliards.com\/fr\/produit\/baby-foot-maracana-special-edition\/#primaryimage"},"image":{"@id":"https:\/\/theworldbilliards.com\/fr\/produit\/baby-foot-maracana-special-edition\/#primaryimage"},"thumbnailUrl":"https:\/\/theworldbilliards.com\/wp-content\/uploads\/2017\/01\/Maracana-Edicion-especial.jpg","datePublished":"2017-01-21T11:45:22+00:00","dateModified":"2025-10-30T12:28:55+00:00","description":"Table de baby-foot pour la maison sans porte-monnaie, fabriqu\u00e9e par nos professionnels exp\u00e9riment\u00e9s avec plus de 25 ans d'exp\u00e9rience dans la production de baby-foot, avec du mat\u00e9riel s\u00e9lectionn\u00e9 parmi les meilleures origines qui vous procurera de nombreuses heures de plaisir en famille ou m\u00eame de participer \u00e0 des tournois pour de vrai fans. Venez essayer le baby-foot dans notre usine et exposition \u00e0 Sintra. Dimensions du baby-foot : 1,47 m x 0,72 m x 0,92 m Baby-foot avec des finitions de haute qualit\u00e9 Mannequins en aluminium renforc\u00e9 \u00e0 l'ancienne, unique pour utiliser ce type de mannequins, o\u00f9 le gardien a un chapeau, et a l'avantage de casser un mannequin, vous n'avez qu'\u00e0 remplacer ce mannequin et non la tige compl\u00e8te et tous les mannequins. Tiges calibr\u00e9es renforc\u00e9es de 15 mm Poign\u00e9es en bois de h\u00eatre Poids du baby-foot - 70 Kg 2 balles incluses Autres couleurs de bois ou joueurs nous contacter","breadcrumb":{"@id":"https:\/\/theworldbilliards.com\/fr\/produit\/baby-foot-maracana-special-edition\/#breadcrumb"},"inLanguage":"fr-FR","potentialAction":[{"@type":"ReadAction","target":["https:\/\/theworldbilliards.com\/fr\/produit\/baby-foot-maracana-special-edition\/"]}]},{"@type":"ImageObject","inLanguage":"fr-FR","@id":"https:\/\/theworldbilliards.com\/fr\/produit\/baby-foot-maracana-special-edition\/#primaryimage","url":"https:\/\/theworldbilliards.com\/wp-content\/uploads\/2017\/01\/Maracana-Edicion-especial.jpg","contentUrl":"https:\/\/theworldbilliards.com\/wp-content\/uploads\/2017\/01\/Maracana-Edicion-especial.jpg","width":1600,"height":1600},{"@type":"BreadcrumbList","@id":"https:\/\/theworldbilliards.com\/fr\/produit\/baby-foot-maracana-special-edition\/#breadcrumb","itemListElement":[{"@type":"ListItem","position":1,"name":"In\u00edcio","item":"https:\/\/theworldbilliards.com\/fr\/"},{"@type":"ListItem","position":2,"name":"Boutique en ligne","item":"https:\/\/theworldbilliards.com\/fr\/boutique-theworldbilliards\/"},{"@type":"ListItem","position":3,"name":"Baby foot Maracan\u00e3 Special Edition"}]},{"@type":"WebSite","@id":"https:\/\/theworldbilliards.com\/fr\/#website","url":"https:\/\/theworldbilliards.com\/fr\/","name":"TheWorldBilliards","description":"Achetez ici billard, baby-foot, ping-pong et bowling","publisher":{"@id":"https:\/\/theworldbilliards.com\/fr\/#organization"},"alternateName":"The world billiards","potentialAction":[{"@type":"SearchAction","target":{"@type":"EntryPoint","urlTemplate":"https:\/\/theworldbilliards.com\/fr\/?s={search_term_string}"},"query-input":{"@type":"PropertyValueSpecification","valueRequired":true,"valueName":"search_term_string"}}],"inLanguage":"fr-FR"},{"@type":"Organization","@id":"https:\/\/theworldbilliards.com\/fr\/#organization","name":"The World Billiards","alternateName":"The World Billiards","url":"https:\/\/theworldbilliards.com\/fr\/","logo":{"@type":"ImageObject","inLanguage":"fr-FR","@id":"https:\/\/theworldbilliards.com\/fr\/#\/schema\/logo\/image\/","url":"","contentUrl":"","caption":"The World Billiards"},"image":{"@id":"https:\/\/theworldbilliards.com\/fr\/#\/schema\/logo\/image\/"},"sameAs":["https:\/\/www.facebook.com\/baby.foot.superbes","https:\/\/www.youtube.com\/channel\/UCIMuOVAaUcH6UpZcsZlH0Tg","https:\/\/www.facebook.com\/people\/Brunswick-Billiards-EspaaPortugal\/100066446264309\/","https:\/\/www.instagram.com\/the_world_billiards\/","https:\/\/www.pinterest.es\/Theworldbilliards\/"]}]}},"_links":{"self":[{"href":"https:\/\/theworldbilliards.com\/fr\/wp-json\/wp\/v2\/product\/41964","targetHints":{"allow":["GET"]}}],"collection":[{"href":"https:\/\/theworldbilliards.com\/fr\/wp-json\/wp\/v2\/product"}],"about":[{"href":"https:\/\/theworldbilliards.com\/fr\/wp-json\/wp\/v2\/types\/product"}],"wp:featuredmedia":[{"embeddable":true,"href":"https:\/\/theworldbilliards.com\/fr\/wp-json\/wp\/v2\/media\/106731"}],"wp:attachment":[{"href":"https:\/\/theworldbilliards.com\/fr\/wp-json\/wp\/v2\/media?parent=41964"}],"wp:term":[{"taxonomy":"product_brand","embeddable":true,"href":"https:\/\/theworldbilliards.com\/fr\/wp-json\/wp\/v2\/product_brand?post=41964"},{"taxonomy":"product_cat","embeddable":true,"href":"https:\/\/theworldbilliards.com\/fr\/wp-json\/wp\/v2\/product_cat?post=41964"},{"taxonomy":"product_tag","embeddable":true,"href":"https:\/\/theworldbilliards.com\/fr\/wp-json\/wp\/v2\/product_tag?post=41964"}],"curies":[{"name":"wp","href":"https:\/\/api.w.org\/{rel}","templated":true}]}}