{"id":42593,"date":"2017-12-19T17:18:33","date_gmt":"2017-12-19T16:18:33","guid":{"rendered":"https:\/\/theworldbilliards.com\/\/produto\/baby-foot-modele-manhattan-lux\/"},"modified":"2025-10-30T13:12:39","modified_gmt":"2025-10-30T12:12:39","slug":"baby-foot-manhattan-lux","status":"publish","type":"product","link":"https:\/\/theworldbilliards.com\/fr\/produit\/baby-foot-manhattan-lux\/","title":{"rendered":"Baby foot Manhattan Lux"},"content":{"rendered":"<p>La table de baby-foot Manhattan Lux est une table d\u2019excellence avec son style moderne et des joueurs de derni\u00e8re g\u00e9n\u00e9ration, dans laquelle permet de choisir la couleur de la table et la couleur des \u00e9quipes, \u00e9galement en option si possible utiliser toutes les parties lisses pour mettre logos ou dessins en autocollant avec une impression digitale ou laser en option.<\/p>\n<ul>\n<li>Dimension du meuble l\u2019ext\u00e9rieur 146 cm x 74 cm x 90 cm.<\/li>\n<li>Dimensions du terrain de jeu : 120 cm x 67 cm.<\/li>\n<li>Joueurs en aluminium renforc\u00e9e<\/li>\n<li>Barres t\u00e9lescopiques en acier inoxydable de 15 mm, tr\u00e8s important pour la s\u00e9curit\u00e9 des enfants.<\/li>\n<li>Terrain de jeu \u00e0 Gerflex.<\/li>\n<li>Il est accompagn\u00e9 de 10 balles en bois, en plastique PVC, ou en li\u00e8ge et vous pouvez \u00e9galement choisir les balles de comp\u00e9tition en option.<\/li>\n<li>Poids 80 kg.<\/li>\n<\/ul>\n<p>&nbsp;<\/p>\n","protected":false},"excerpt":{"rendered":"<p>La table de baby-foot Manhattan Lux est une table d\u2019excellence avec son style moderne et des joueurs de derni\u00e8re g\u00e9n\u00e9ration, [&hellip;]<\/p>\n","protected":false},"featured_media":105200,"template":"","meta":{"site-sidebar-layout":"default","site-content-layout":"","ast-site-content-layout":"default","site-content-style":"default","site-sidebar-style":"default","ast-global-header-display":"","ast-banner-title-visibility":"","ast-main-header-display":"","ast-hfb-above-header-display":"","ast-hfb-below-header-display":"","ast-hfb-mobile-header-display":"","site-post-title":"","ast-breadcrumbs-content":"","ast-featured-img":"","footer-sml-layout":"","ast-disable-related-posts":"","theme-transparent-header-meta":"default","adv-header-id-meta":"","stick-header-meta":"","header-above-stick-meta":"","header-main-stick-meta":"","header-below-stick-meta":"","astra-migrate-meta-layouts":"default","ast-page-background-enabled":"default","ast-page-background-meta":{"desktop":{"background-color":"var(--ast-global-color-4)","background-image":"","background-repeat":"repeat","background-position":"center center","background-size":"auto","background-attachment":"scroll","background-type":"","background-media":"","overlay-type":"","overlay-color":"","overlay-opacity":"","overlay-gradient":""},"tablet":{"background-color":"","background-image":"","background-repeat":"repeat","background-position":"center center","background-size":"auto","background-attachment":"scroll","background-type":"","background-media":"","overlay-type":"","overlay-color":"","overlay-opacity":"","overlay-gradient":""},"mobile":{"background-color":"","background-image":"","background-repeat":"repeat","background-position":"center center","background-size":"auto","background-attachment":"scroll","background-type":"","background-media":"","overlay-type":"","overlay-color":"","overlay-opacity":"","overlay-gradient":""}},"ast-content-background-meta":{"desktop":{"background-color":"var(--ast-global-color-5)","background-image":"","background-repeat":"repeat","background-position":"center center","background-size":"auto","background-attachment":"scroll","background-type":"","background-media":"","overlay-type":"","overlay-color":"","overlay-opacity":"","overlay-gradient":""},"tablet":{"background-color":"var(--ast-global-color-5)","background-image":"","background-repeat":"repeat","background-position":"center center","background-size":"auto","background-attachment":"scroll","background-type":"","background-media":"","overlay-type":"","overlay-color":"","overlay-opacity":"","overlay-gradient":""},"mobile":{"background-color":"var(--ast-global-color-5)","background-image":"","background-repeat":"repeat","background-position":"center center","background-size":"auto","background-attachment":"scroll","background-type":"","background-media":"","overlay-type":"","overlay-color":"","overlay-opacity":"","overlay-gradient":""}}},"product_brand":[5218],"product_cat":[1437],"product_tag":[],"class_list":{"0":"post-42593","1":"product","2":"type-product","3":"status-publish","4":"has-post-thumbnail","6":"product_brand-the-world-billiards","7":"product_cat-baby-foot-sans-monnayeur","8":"product_shipping_class-baby-foot","9":"desktop-align-center","10":"tablet-align-left","11":"mobile-align-left","13":"first","14":"instock","15":"taxable","16":"shipping-taxable","17":"purchasable","18":"product-type-simple"},"yoast_head":"<!-- This site is optimized with the Yoast SEO plugin v27.4 - https:\/\/yoast.com\/product\/yoast-seo-wordpress\/ -->\n<title>Acheter Baby foot Manhattan Lux - The World Billiards<\/title>\n<meta name=\"description\" content=\"La table de baby-foot Manhattan Lux est une table d\u2019excellence avec son style moderne et des joueurs de derni\u00e8re g\u00e9n\u00e9ration, dans laquelle permet de choisir la couleur de la table et la couleur des \u00e9quipes, \u00e9galement en option si possible utiliser toutes les parties lisses pour mettre logos ou dessins en autocollant avec une impression digitale ou laser en option.   Dimension du meuble l\u2019ext\u00e9rieur 146 cm x 74 cm x 90 cm.  Dimensions du terrain de jeu : 120 cm x 67 cm.  Joueurs en aluminium renforc\u00e9e  Barres t\u00e9lescopiques en acier inoxydable de 15 mm, tr\u00e8s important pour la s\u00e9curit\u00e9 des enfants.  Terrain de jeu \u00e0 Gerflex.  Il est accompagn\u00e9 de 10 balles en bois, en plastique PVC, ou en li\u00e8ge et vous pouvez \u00e9galement choisir les balles de comp\u00e9tition en option.  Poids 80 kg.  &nbsp;\" \/>\n<meta name=\"robots\" content=\"index, follow, max-snippet:-1, max-image-preview:large, max-video-preview:-1\" \/>\n<link rel=\"canonical\" href=\"https:\/\/theworldbilliards.com\/fr\/produit\/baby-foot-manhattan-lux\/\" \/>\n<meta property=\"og:locale\" content=\"fr_FR\" \/>\n<meta property=\"og:type\" content=\"article\" \/>\n<meta property=\"og:title\" content=\"Acheter Baby foot Manhattan Lux - The World Billiards\" \/>\n<meta property=\"og:description\" content=\"La table de baby-foot Manhattan Lux est une table d\u2019excellence avec son style moderne et des joueurs de derni\u00e8re g\u00e9n\u00e9ration, dans laquelle permet de choisir la couleur de la table et la couleur des \u00e9quipes, \u00e9galement en option si possible utiliser toutes les parties lisses pour mettre logos ou dessins en autocollant avec une impression digitale ou laser en option.   Dimension du meuble l\u2019ext\u00e9rieur 146 cm x 74 cm x 90 cm.  Dimensions du terrain de jeu : 120 cm x 67 cm.  Joueurs en aluminium renforc\u00e9e  Barres t\u00e9lescopiques en acier inoxydable de 15 mm, tr\u00e8s important pour la s\u00e9curit\u00e9 des enfants.  Terrain de jeu \u00e0 Gerflex.  Il est accompagn\u00e9 de 10 balles en bois, en plastique PVC, ou en li\u00e8ge et vous pouvez \u00e9galement choisir les balles de comp\u00e9tition en option.  Poids 80 kg.  &nbsp;\" \/>\n<meta property=\"og:url\" content=\"https:\/\/theworldbilliards.com\/fr\/produit\/baby-foot-manhattan-lux\/\" \/>\n<meta property=\"og:site_name\" content=\"The World Billiards\" \/>\n<meta property=\"article:publisher\" content=\"https:\/\/www.facebook.com\/baby.foot.superbes\" \/>\n<meta property=\"article:modified_time\" content=\"2025-10-30T12:12:39+00:00\" \/>\n<meta property=\"og:image\" content=\"https:\/\/theworldbilliards.com\/wp-content\/uploads\/2017\/12\/manhattan-lux1-1.jpg\" \/>\n\t<meta property=\"og:image:width\" content=\"1059\" \/>\n\t<meta property=\"og:image:height\" content=\"1059\" \/>\n\t<meta property=\"og:image:type\" content=\"image\/jpeg\" \/>\n<meta name=\"twitter:card\" content=\"summary_large_image\" \/>\n<meta name=\"twitter:label1\" content=\"Dur\u00e9e de lecture estim\u00e9e\" \/>\n\t<meta name=\"twitter:data1\" content=\"1 minute\" \/>\n<script type=\"application\/ld+json\" class=\"yoast-schema-graph\">{\"@context\":\"https:\\\/\\\/schema.org\",\"@graph\":[{\"@type\":\"WebPage\",\"@id\":\"https:\\\/\\\/theworldbilliards.com\\\/fr\\\/produit\\\/baby-foot-manhattan-lux\\\/\",\"url\":\"https:\\\/\\\/theworldbilliards.com\\\/fr\\\/produit\\\/baby-foot-manhattan-lux\\\/\",\"name\":\"Acheter Baby foot Manhattan Lux - The World Billiards\",\"isPartOf\":{\"@id\":\"https:\\\/\\\/theworldbilliards.com\\\/fr\\\/#website\"},\"primaryImageOfPage\":{\"@id\":\"https:\\\/\\\/theworldbilliards.com\\\/fr\\\/produit\\\/baby-foot-manhattan-lux\\\/#primaryimage\"},\"image\":{\"@id\":\"https:\\\/\\\/theworldbilliards.com\\\/fr\\\/produit\\\/baby-foot-manhattan-lux\\\/#primaryimage\"},\"thumbnailUrl\":\"https:\\\/\\\/theworldbilliards.com\\\/wp-content\\\/uploads\\\/2017\\\/12\\\/manhattan-lux1-1.jpg\",\"datePublished\":\"2017-12-19T16:18:33+00:00\",\"dateModified\":\"2025-10-30T12:12:39+00:00\",\"description\":\"La table de baby-foot Manhattan Lux est une table d\u2019excellence avec son style moderne et des joueurs de derni\u00e8re g\u00e9n\u00e9ration, dans laquelle permet de choisir la couleur de la table et la couleur des \u00e9quipes, \u00e9galement en option si possible utiliser toutes les parties lisses pour mettre logos ou dessins en autocollant avec une impression digitale ou laser en option. Dimension du meuble l\u2019ext\u00e9rieur 146 cm x 74 cm x 90 cm. Dimensions du terrain de jeu : 120 cm x 67 cm. Joueurs en aluminium renforc\u00e9e Barres t\u00e9lescopiques en acier inoxydable de 15 mm, tr\u00e8s important pour la s\u00e9curit\u00e9 des enfants. Terrain de jeu \u00e0 Gerflex. Il est accompagn\u00e9 de 10 balles en bois, en plastique PVC, ou en li\u00e8ge et vous pouvez \u00e9galement choisir les balles de comp\u00e9tition en option. Poids 80 kg. &nbsp;\",\"breadcrumb\":{\"@id\":\"https:\\\/\\\/theworldbilliards.com\\\/fr\\\/produit\\\/baby-foot-manhattan-lux\\\/#breadcrumb\"},\"inLanguage\":\"fr-FR\",\"potentialAction\":[{\"@type\":\"ReadAction\",\"target\":[\"https:\\\/\\\/theworldbilliards.com\\\/fr\\\/produit\\\/baby-foot-manhattan-lux\\\/\"]}]},{\"@type\":\"ImageObject\",\"inLanguage\":\"fr-FR\",\"@id\":\"https:\\\/\\\/theworldbilliards.com\\\/fr\\\/produit\\\/baby-foot-manhattan-lux\\\/#primaryimage\",\"url\":\"https:\\\/\\\/theworldbilliards.com\\\/wp-content\\\/uploads\\\/2017\\\/12\\\/manhattan-lux1-1.jpg\",\"contentUrl\":\"https:\\\/\\\/theworldbilliards.com\\\/wp-content\\\/uploads\\\/2017\\\/12\\\/manhattan-lux1-1.jpg\",\"width\":1059,\"height\":1059},{\"@type\":\"BreadcrumbList\",\"@id\":\"https:\\\/\\\/theworldbilliards.com\\\/fr\\\/produit\\\/baby-foot-manhattan-lux\\\/#breadcrumb\",\"itemListElement\":[{\"@type\":\"ListItem\",\"position\":1,\"name\":\"In\u00edcio\",\"item\":\"https:\\\/\\\/theworldbilliards.com\\\/fr\\\/\"},{\"@type\":\"ListItem\",\"position\":2,\"name\":\"Boutique en ligne\",\"item\":\"https:\\\/\\\/theworldbilliards.com\\\/fr\\\/boutique-theworldbilliards\\\/\"},{\"@type\":\"ListItem\",\"position\":3,\"name\":\"Baby foot Manhattan Lux\"}]},{\"@type\":\"WebSite\",\"@id\":\"https:\\\/\\\/theworldbilliards.com\\\/fr\\\/#website\",\"url\":\"https:\\\/\\\/theworldbilliards.com\\\/fr\\\/\",\"name\":\"TheWorldBilliards\",\"description\":\"Achetez ici billard, baby-foot, ping-pong et bowling\",\"publisher\":{\"@id\":\"https:\\\/\\\/theworldbilliards.com\\\/fr\\\/#organization\"},\"alternateName\":\"The world billiards\",\"potentialAction\":[{\"@type\":\"SearchAction\",\"target\":{\"@type\":\"EntryPoint\",\"urlTemplate\":\"https:\\\/\\\/theworldbilliards.com\\\/fr\\\/?s={search_term_string}\"},\"query-input\":{\"@type\":\"PropertyValueSpecification\",\"valueRequired\":true,\"valueName\":\"search_term_string\"}}],\"inLanguage\":\"fr-FR\"},{\"@type\":\"Organization\",\"@id\":\"https:\\\/\\\/theworldbilliards.com\\\/fr\\\/#organization\",\"name\":\"The World Billiards\",\"alternateName\":\"The World Billiards\",\"url\":\"https:\\\/\\\/theworldbilliards.com\\\/fr\\\/\",\"logo\":{\"@type\":\"ImageObject\",\"inLanguage\":\"fr-FR\",\"@id\":\"https:\\\/\\\/theworldbilliards.com\\\/fr\\\/#\\\/schema\\\/logo\\\/image\\\/\",\"url\":\"\",\"contentUrl\":\"\",\"caption\":\"The World Billiards\"},\"image\":{\"@id\":\"https:\\\/\\\/theworldbilliards.com\\\/fr\\\/#\\\/schema\\\/logo\\\/image\\\/\"},\"sameAs\":[\"https:\\\/\\\/www.facebook.com\\\/baby.foot.superbes\",\"https:\\\/\\\/www.youtube.com\\\/channel\\\/UCIMuOVAaUcH6UpZcsZlH0Tg\",\"https:\\\/\\\/www.facebook.com\\\/people\\\/Brunswick-Billiards-EspaaPortugal\\\/100066446264309\\\/\",\"https:\\\/\\\/www.instagram.com\\\/the_world_billiards\\\/\",\"https:\\\/\\\/www.pinterest.es\\\/Theworldbilliards\\\/\"]}]}<\/script>\n<!-- \/ Yoast SEO plugin. -->","yoast_head_json":{"title":"Acheter Baby foot Manhattan Lux - The World Billiards","description":"La table de baby-foot Manhattan Lux est une table d\u2019excellence avec son style moderne et des joueurs de derni\u00e8re g\u00e9n\u00e9ration, dans laquelle permet de choisir la couleur de la table et la couleur des \u00e9quipes, \u00e9galement en option si possible utiliser toutes les parties lisses pour mettre logos ou dessins en autocollant avec une impression digitale ou laser en option.   Dimension du meuble l\u2019ext\u00e9rieur 146 cm x 74 cm x 90 cm.  Dimensions du terrain de jeu : 120 cm x 67 cm.  Joueurs en aluminium renforc\u00e9e  Barres t\u00e9lescopiques en acier inoxydable de 15 mm, tr\u00e8s important pour la s\u00e9curit\u00e9 des enfants.  Terrain de jeu \u00e0 Gerflex.  Il est accompagn\u00e9 de 10 balles en bois, en plastique PVC, ou en li\u00e8ge et vous pouvez \u00e9galement choisir les balles de comp\u00e9tition en option.  Poids 80 kg.  &nbsp;","robots":{"index":"index","follow":"follow","max-snippet":"max-snippet:-1","max-image-preview":"max-image-preview:large","max-video-preview":"max-video-preview:-1"},"canonical":"https:\/\/theworldbilliards.com\/fr\/produit\/baby-foot-manhattan-lux\/","og_locale":"fr_FR","og_type":"article","og_title":"Acheter Baby foot Manhattan Lux - The World Billiards","og_description":"La table de baby-foot Manhattan Lux est une table d\u2019excellence avec son style moderne et des joueurs de derni\u00e8re g\u00e9n\u00e9ration, dans laquelle permet de choisir la couleur de la table et la couleur des \u00e9quipes, \u00e9galement en option si possible utiliser toutes les parties lisses pour mettre logos ou dessins en autocollant avec une impression digitale ou laser en option.   Dimension du meuble l\u2019ext\u00e9rieur 146 cm x 74 cm x 90 cm.  Dimensions du terrain de jeu : 120 cm x 67 cm.  Joueurs en aluminium renforc\u00e9e  Barres t\u00e9lescopiques en acier inoxydable de 15 mm, tr\u00e8s important pour la s\u00e9curit\u00e9 des enfants.  Terrain de jeu \u00e0 Gerflex.  Il est accompagn\u00e9 de 10 balles en bois, en plastique PVC, ou en li\u00e8ge et vous pouvez \u00e9galement choisir les balles de comp\u00e9tition en option.  Poids 80 kg.  &nbsp;","og_url":"https:\/\/theworldbilliards.com\/fr\/produit\/baby-foot-manhattan-lux\/","og_site_name":"The World Billiards","article_publisher":"https:\/\/www.facebook.com\/baby.foot.superbes","article_modified_time":"2025-10-30T12:12:39+00:00","og_image":[{"width":1059,"height":1059,"url":"https:\/\/theworldbilliards.com\/wp-content\/uploads\/2017\/12\/manhattan-lux1-1.jpg","type":"image\/jpeg"}],"twitter_card":"summary_large_image","twitter_misc":{"Dur\u00e9e de lecture estim\u00e9e":"1 minute"},"schema":{"@context":"https:\/\/schema.org","@graph":[{"@type":"WebPage","@id":"https:\/\/theworldbilliards.com\/fr\/produit\/baby-foot-manhattan-lux\/","url":"https:\/\/theworldbilliards.com\/fr\/produit\/baby-foot-manhattan-lux\/","name":"Acheter Baby foot Manhattan Lux - The World Billiards","isPartOf":{"@id":"https:\/\/theworldbilliards.com\/fr\/#website"},"primaryImageOfPage":{"@id":"https:\/\/theworldbilliards.com\/fr\/produit\/baby-foot-manhattan-lux\/#primaryimage"},"image":{"@id":"https:\/\/theworldbilliards.com\/fr\/produit\/baby-foot-manhattan-lux\/#primaryimage"},"thumbnailUrl":"https:\/\/theworldbilliards.com\/wp-content\/uploads\/2017\/12\/manhattan-lux1-1.jpg","datePublished":"2017-12-19T16:18:33+00:00","dateModified":"2025-10-30T12:12:39+00:00","description":"La table de baby-foot Manhattan Lux est une table d\u2019excellence avec son style moderne et des joueurs de derni\u00e8re g\u00e9n\u00e9ration, dans laquelle permet de choisir la couleur de la table et la couleur des \u00e9quipes, \u00e9galement en option si possible utiliser toutes les parties lisses pour mettre logos ou dessins en autocollant avec une impression digitale ou laser en option. Dimension du meuble l\u2019ext\u00e9rieur 146 cm x 74 cm x 90 cm. Dimensions du terrain de jeu : 120 cm x 67 cm. Joueurs en aluminium renforc\u00e9e Barres t\u00e9lescopiques en acier inoxydable de 15 mm, tr\u00e8s important pour la s\u00e9curit\u00e9 des enfants. Terrain de jeu \u00e0 Gerflex. Il est accompagn\u00e9 de 10 balles en bois, en plastique PVC, ou en li\u00e8ge et vous pouvez \u00e9galement choisir les balles de comp\u00e9tition en option. Poids 80 kg. &nbsp;","breadcrumb":{"@id":"https:\/\/theworldbilliards.com\/fr\/produit\/baby-foot-manhattan-lux\/#breadcrumb"},"inLanguage":"fr-FR","potentialAction":[{"@type":"ReadAction","target":["https:\/\/theworldbilliards.com\/fr\/produit\/baby-foot-manhattan-lux\/"]}]},{"@type":"ImageObject","inLanguage":"fr-FR","@id":"https:\/\/theworldbilliards.com\/fr\/produit\/baby-foot-manhattan-lux\/#primaryimage","url":"https:\/\/theworldbilliards.com\/wp-content\/uploads\/2017\/12\/manhattan-lux1-1.jpg","contentUrl":"https:\/\/theworldbilliards.com\/wp-content\/uploads\/2017\/12\/manhattan-lux1-1.jpg","width":1059,"height":1059},{"@type":"BreadcrumbList","@id":"https:\/\/theworldbilliards.com\/fr\/produit\/baby-foot-manhattan-lux\/#breadcrumb","itemListElement":[{"@type":"ListItem","position":1,"name":"In\u00edcio","item":"https:\/\/theworldbilliards.com\/fr\/"},{"@type":"ListItem","position":2,"name":"Boutique en ligne","item":"https:\/\/theworldbilliards.com\/fr\/boutique-theworldbilliards\/"},{"@type":"ListItem","position":3,"name":"Baby foot Manhattan Lux"}]},{"@type":"WebSite","@id":"https:\/\/theworldbilliards.com\/fr\/#website","url":"https:\/\/theworldbilliards.com\/fr\/","name":"TheWorldBilliards","description":"Achetez ici billard, baby-foot, ping-pong et bowling","publisher":{"@id":"https:\/\/theworldbilliards.com\/fr\/#organization"},"alternateName":"The world billiards","potentialAction":[{"@type":"SearchAction","target":{"@type":"EntryPoint","urlTemplate":"https:\/\/theworldbilliards.com\/fr\/?s={search_term_string}"},"query-input":{"@type":"PropertyValueSpecification","valueRequired":true,"valueName":"search_term_string"}}],"inLanguage":"fr-FR"},{"@type":"Organization","@id":"https:\/\/theworldbilliards.com\/fr\/#organization","name":"The World Billiards","alternateName":"The World Billiards","url":"https:\/\/theworldbilliards.com\/fr\/","logo":{"@type":"ImageObject","inLanguage":"fr-FR","@id":"https:\/\/theworldbilliards.com\/fr\/#\/schema\/logo\/image\/","url":"","contentUrl":"","caption":"The World Billiards"},"image":{"@id":"https:\/\/theworldbilliards.com\/fr\/#\/schema\/logo\/image\/"},"sameAs":["https:\/\/www.facebook.com\/baby.foot.superbes","https:\/\/www.youtube.com\/channel\/UCIMuOVAaUcH6UpZcsZlH0Tg","https:\/\/www.facebook.com\/people\/Brunswick-Billiards-EspaaPortugal\/100066446264309\/","https:\/\/www.instagram.com\/the_world_billiards\/","https:\/\/www.pinterest.es\/Theworldbilliards\/"]}]}},"_links":{"self":[{"href":"https:\/\/theworldbilliards.com\/fr\/wp-json\/wp\/v2\/product\/42593","targetHints":{"allow":["GET"]}}],"collection":[{"href":"https:\/\/theworldbilliards.com\/fr\/wp-json\/wp\/v2\/product"}],"about":[{"href":"https:\/\/theworldbilliards.com\/fr\/wp-json\/wp\/v2\/types\/product"}],"wp:featuredmedia":[{"embeddable":true,"href":"https:\/\/theworldbilliards.com\/fr\/wp-json\/wp\/v2\/media\/105200"}],"wp:attachment":[{"href":"https:\/\/theworldbilliards.com\/fr\/wp-json\/wp\/v2\/media?parent=42593"}],"wp:term":[{"taxonomy":"product_brand","embeddable":true,"href":"https:\/\/theworldbilliards.com\/fr\/wp-json\/wp\/v2\/product_brand?post=42593"},{"taxonomy":"product_cat","embeddable":true,"href":"https:\/\/theworldbilliards.com\/fr\/wp-json\/wp\/v2\/product_cat?post=42593"},{"taxonomy":"product_tag","embeddable":true,"href":"https:\/\/theworldbilliards.com\/fr\/wp-json\/wp\/v2\/product_tag?post=42593"}],"curies":[{"name":"wp","href":"https:\/\/api.w.org\/{rel}","templated":true}]}}