{"id":51256,"date":"2018-06-29T12:34:38","date_gmt":"2018-06-29T10:34:38","guid":{"rendered":"https:\/\/theworldbilliards.com\/produto\/baby-foot-vicente-calderon\/"},"modified":"2025-06-16T11:04:52","modified_gmt":"2025-06-16T09:04:52","slug":"baby-foot-calderon","status":"publish","type":"product","link":"https:\/\/theworldbilliards.com\/fr\/produit\/baby-foot-calderon\/","title":{"rendered":"Baby foot Calderon"},"content":{"rendered":"<ul>\n<li>Dimensions: 1,40 x 0,78 m x 0,88 m m [CxLxA].<\/li>\n<li>Baby-foot fabriqu\u00e9 en bois massif de qualit\u00e9 sup\u00e9rieure, ce qui fait de votre baby-foot un meuble d\u00e9coratif avec plus de classe et d&rsquo;\u00e9l\u00e9gance dans la tradition.<\/li>\n<li>Finition de haute qualit\u00e9.<\/li>\n<li>Joueurs en bois pieds ensemble.<\/li>\n<li>Poign\u00e9es de competition.<\/li>\n<li>Futbolin avec des barres d&rsquo;acier de 15mm.<\/li>\n<li>Roulements en plastique ABS Longueur dur\u00e9e.<\/li>\n<li>Caoutchouc amortisseur Longue dur\u00e9.e<\/li>\n<li>Poids &#8211; 80 kg.<\/li>\n<li>2 balles de bois ou PVC longue dur\u00e9e inclus.<\/li>\n<li>Options: \u00e9clairage LED, barres t\u00e9lescopiques,\u00a0 marqueurs de points, vitre de s\u00e9curit\u00e9, poign\u00e9es en bois, joueurs avec des pieds en metal ouverts, etc.<\/li>\n<\/ul>\n<p><img decoding=\"async\" class=\"alignnone\" src=\"https:\/\/theworldbilliards.com\/wp-content\/uploads\/2019\/11\/Colores-Maderas-Billar-300x182.jpg\" \/><\/p>\n<ul>\n<li>Autres couleurs de bois ou joueurs contactez-nous.<\/li>\n<\/ul>\n<ul>\n<li>Option LED RVB avec t\u00e9l\u00e9commande<\/li>\n<\/ul>\n","protected":false},"excerpt":{"rendered":"<p>Dimensions: 1,40 x 0,78 m x 0,88 m m [CxLxA]. Baby-foot fabriqu\u00e9 en bois massif de qualit\u00e9 sup\u00e9rieure, ce qui [&hellip;]<\/p>\n","protected":false},"featured_media":108211,"template":"","meta":{"site-sidebar-layout":"default","site-content-layout":"","ast-site-content-layout":"default","site-content-style":"default","site-sidebar-style":"default","ast-global-header-display":"","ast-banner-title-visibility":"","ast-main-header-display":"","ast-hfb-above-header-display":"","ast-hfb-below-header-display":"","ast-hfb-mobile-header-display":"","site-post-title":"","ast-breadcrumbs-content":"","ast-featured-img":"","footer-sml-layout":"","ast-disable-related-posts":"","theme-transparent-header-meta":"default","adv-header-id-meta":"","stick-header-meta":"","header-above-stick-meta":"","header-main-stick-meta":"","header-below-stick-meta":"","astra-migrate-meta-layouts":"default","ast-page-background-enabled":"default","ast-page-background-meta":{"desktop":{"background-color":"var(--ast-global-color-4)","background-image":"","background-repeat":"repeat","background-position":"center center","background-size":"auto","background-attachment":"scroll","background-type":"","background-media":"","overlay-type":"","overlay-color":"","overlay-opacity":"","overlay-gradient":""},"tablet":{"background-color":"","background-image":"","background-repeat":"repeat","background-position":"center center","background-size":"auto","background-attachment":"scroll","background-type":"","background-media":"","overlay-type":"","overlay-color":"","overlay-opacity":"","overlay-gradient":""},"mobile":{"background-color":"","background-image":"","background-repeat":"repeat","background-position":"center center","background-size":"auto","background-attachment":"scroll","background-type":"","background-media":"","overlay-type":"","overlay-color":"","overlay-opacity":"","overlay-gradient":""}},"ast-content-background-meta":{"desktop":{"background-color":"var(--ast-global-color-5)","background-image":"","background-repeat":"repeat","background-position":"center center","background-size":"auto","background-attachment":"scroll","background-type":"","background-media":"","overlay-type":"","overlay-color":"","overlay-opacity":"","overlay-gradient":""},"tablet":{"background-color":"var(--ast-global-color-5)","background-image":"","background-repeat":"repeat","background-position":"center center","background-size":"auto","background-attachment":"scroll","background-type":"","background-media":"","overlay-type":"","overlay-color":"","overlay-opacity":"","overlay-gradient":""},"mobile":{"background-color":"var(--ast-global-color-5)","background-image":"","background-repeat":"repeat","background-position":"center center","background-size":"auto","background-attachment":"scroll","background-type":"","background-media":"","overlay-type":"","overlay-color":"","overlay-opacity":"","overlay-gradient":""}}},"product_brand":[5218],"product_cat":[1437],"product_tag":[],"class_list":{"0":"post-51256","1":"product","2":"type-product","3":"status-publish","4":"has-post-thumbnail","6":"product_brand-the-world-billiards","7":"product_cat-baby-foot-sans-monnayeur","8":"product_shipping_class-baby-foot","9":"desktop-align-center","10":"tablet-align-left","11":"mobile-align-left","13":"first","14":"instock","15":"taxable","16":"shipping-taxable","17":"purchasable","18":"product-type-variable"},"yoast_head":"<!-- This site is optimized with the Yoast SEO plugin v27.4 - https:\/\/yoast.com\/product\/yoast-seo-wordpress\/ -->\n<title>Acheter Baby foot Calderon - The World Billiards<\/title>\n<meta name=\"description\" content=\"Dimensions: 1,40 x 0,78 m x 0,88 m m .  Baby-foot fabriqu\u00e9 en bois massif de qualit\u00e9 sup\u00e9rieure, ce qui fait de votre baby-foot un meuble d\u00e9coratif avec plus de classe et d&#039;\u00e9l\u00e9gance dans la tradition.  Finition de haute qualit\u00e9.  Joueurs en bois pieds ensemble.  Poign\u00e9es de competition.  Futbolin avec des barres d&#039;acier de 15mm.  Roulements en plastique ABS Longueur dur\u00e9e.  Caoutchouc amortisseur Longue dur\u00e9.e  Poids - 80 kg.  2 balles de bois ou PVC longue dur\u00e9e inclus.  Options: \u00e9clairage LED, barres t\u00e9lescopiques,\u00a0 marqueurs de points, vitre de s\u00e9curit\u00e9, poign\u00e9es en bois, joueurs avec des pieds en metal ouverts, etc.     Autres couleurs de bois ou joueurs contactez-nous.    Option LED RVB avec t\u00e9l\u00e9commande\" \/>\n<meta name=\"robots\" content=\"index, follow, max-snippet:-1, max-image-preview:large, max-video-preview:-1\" \/>\n<link rel=\"canonical\" href=\"https:\/\/theworldbilliards.com\/fr\/produit\/baby-foot-calderon\/\" \/>\n<meta property=\"og:locale\" content=\"fr_FR\" \/>\n<meta property=\"og:type\" content=\"article\" \/>\n<meta property=\"og:title\" content=\"Acheter Baby foot Calderon - The World Billiards\" \/>\n<meta property=\"og:description\" content=\"Dimensions: 1,40 x 0,78 m x 0,88 m m .  Baby-foot fabriqu\u00e9 en bois massif de qualit\u00e9 sup\u00e9rieure, ce qui fait de votre baby-foot un meuble d\u00e9coratif avec plus de classe et d&#039;\u00e9l\u00e9gance dans la tradition.  Finition de haute qualit\u00e9.  Joueurs en bois pieds ensemble.  Poign\u00e9es de competition.  Futbolin avec des barres d&#039;acier de 15mm.  Roulements en plastique ABS Longueur dur\u00e9e.  Caoutchouc amortisseur Longue dur\u00e9.e  Poids - 80 kg.  2 balles de bois ou PVC longue dur\u00e9e inclus.  Options: \u00e9clairage LED, barres t\u00e9lescopiques,\u00a0 marqueurs de points, vitre de s\u00e9curit\u00e9, poign\u00e9es en bois, joueurs avec des pieds en metal ouverts, etc.     Autres couleurs de bois ou joueurs contactez-nous.    Option LED RVB avec t\u00e9l\u00e9commande\" \/>\n<meta property=\"og:url\" content=\"https:\/\/theworldbilliards.com\/fr\/produit\/baby-foot-calderon\/\" \/>\n<meta property=\"og:site_name\" content=\"The World Billiards\" \/>\n<meta property=\"article:publisher\" content=\"https:\/\/www.facebook.com\/baby.foot.superbes\" \/>\n<meta property=\"article:modified_time\" content=\"2025-06-16T09:04:52+00:00\" \/>\n<meta property=\"og:image\" content=\"https:\/\/theworldbilliards.com\/wp-content\/uploads\/2018\/06\/Futbolin-modelo-Calderon-2.png\" \/>\n\t<meta property=\"og:image:width\" content=\"1600\" \/>\n\t<meta property=\"og:image:height\" content=\"1600\" \/>\n\t<meta property=\"og:image:type\" content=\"image\/png\" \/>\n<meta name=\"twitter:card\" content=\"summary_large_image\" \/>\n<script type=\"application\/ld+json\" class=\"yoast-schema-graph\">{\"@context\":\"https:\\\/\\\/schema.org\",\"@graph\":[{\"@type\":\"WebPage\",\"@id\":\"https:\\\/\\\/theworldbilliards.com\\\/fr\\\/produit\\\/baby-foot-calderon\\\/\",\"url\":\"https:\\\/\\\/theworldbilliards.com\\\/fr\\\/produit\\\/baby-foot-calderon\\\/\",\"name\":\"Acheter Baby foot Calderon - The World Billiards\",\"isPartOf\":{\"@id\":\"https:\\\/\\\/theworldbilliards.com\\\/fr\\\/#website\"},\"primaryImageOfPage\":{\"@id\":\"https:\\\/\\\/theworldbilliards.com\\\/fr\\\/produit\\\/baby-foot-calderon\\\/#primaryimage\"},\"image\":{\"@id\":\"https:\\\/\\\/theworldbilliards.com\\\/fr\\\/produit\\\/baby-foot-calderon\\\/#primaryimage\"},\"thumbnailUrl\":\"https:\\\/\\\/theworldbilliards.com\\\/wp-content\\\/uploads\\\/2018\\\/06\\\/Futbolin-Madrid-Calderon.jpg\",\"datePublished\":\"2018-06-29T10:34:38+00:00\",\"dateModified\":\"2025-06-16T09:04:52+00:00\",\"description\":\"Dimensions: 1,40 x 0,78 m x 0,88 m m . Baby-foot fabriqu\u00e9 en bois massif de qualit\u00e9 sup\u00e9rieure, ce qui fait de votre baby-foot un meuble d\u00e9coratif avec plus de classe et d'\u00e9l\u00e9gance dans la tradition. Finition de haute qualit\u00e9. Joueurs en bois pieds ensemble. Poign\u00e9es de competition. Futbolin avec des barres d'acier de 15mm. Roulements en plastique ABS Longueur dur\u00e9e. Caoutchouc amortisseur Longue dur\u00e9.e Poids - 80 kg. 2 balles de bois ou PVC longue dur\u00e9e inclus. Options: \u00e9clairage LED, barres t\u00e9lescopiques,\u00a0 marqueurs de points, vitre de s\u00e9curit\u00e9, poign\u00e9es en bois, joueurs avec des pieds en metal ouverts, etc. Autres couleurs de bois ou joueurs contactez-nous. Option LED RVB avec t\u00e9l\u00e9commande\",\"breadcrumb\":{\"@id\":\"https:\\\/\\\/theworldbilliards.com\\\/fr\\\/produit\\\/baby-foot-calderon\\\/#breadcrumb\"},\"inLanguage\":\"fr-FR\",\"potentialAction\":[{\"@type\":\"ReadAction\",\"target\":[\"https:\\\/\\\/theworldbilliards.com\\\/fr\\\/produit\\\/baby-foot-calderon\\\/\"]}]},{\"@type\":\"ImageObject\",\"inLanguage\":\"fr-FR\",\"@id\":\"https:\\\/\\\/theworldbilliards.com\\\/fr\\\/produit\\\/baby-foot-calderon\\\/#primaryimage\",\"url\":\"https:\\\/\\\/theworldbilliards.com\\\/wp-content\\\/uploads\\\/2018\\\/06\\\/Futbolin-Madrid-Calderon.jpg\",\"contentUrl\":\"https:\\\/\\\/theworldbilliards.com\\\/wp-content\\\/uploads\\\/2018\\\/06\\\/Futbolin-Madrid-Calderon.jpg\",\"width\":791,\"height\":790},{\"@type\":\"BreadcrumbList\",\"@id\":\"https:\\\/\\\/theworldbilliards.com\\\/fr\\\/produit\\\/baby-foot-calderon\\\/#breadcrumb\",\"itemListElement\":[{\"@type\":\"ListItem\",\"position\":1,\"name\":\"In\u00edcio\",\"item\":\"https:\\\/\\\/theworldbilliards.com\\\/fr\\\/\"},{\"@type\":\"ListItem\",\"position\":2,\"name\":\"Boutique en ligne\",\"item\":\"https:\\\/\\\/theworldbilliards.com\\\/fr\\\/boutique-theworldbilliards\\\/\"},{\"@type\":\"ListItem\",\"position\":3,\"name\":\"Baby foot Calderon\"}]},{\"@type\":\"WebSite\",\"@id\":\"https:\\\/\\\/theworldbilliards.com\\\/fr\\\/#website\",\"url\":\"https:\\\/\\\/theworldbilliards.com\\\/fr\\\/\",\"name\":\"TheWorldBilliards\",\"description\":\"Achetez ici billard, baby-foot, ping-pong et bowling\",\"publisher\":{\"@id\":\"https:\\\/\\\/theworldbilliards.com\\\/fr\\\/#organization\"},\"alternateName\":\"The world billiards\",\"potentialAction\":[{\"@type\":\"SearchAction\",\"target\":{\"@type\":\"EntryPoint\",\"urlTemplate\":\"https:\\\/\\\/theworldbilliards.com\\\/fr\\\/?s={search_term_string}\"},\"query-input\":{\"@type\":\"PropertyValueSpecification\",\"valueRequired\":true,\"valueName\":\"search_term_string\"}}],\"inLanguage\":\"fr-FR\"},{\"@type\":\"Organization\",\"@id\":\"https:\\\/\\\/theworldbilliards.com\\\/fr\\\/#organization\",\"name\":\"The World Billiards\",\"alternateName\":\"The World Billiards\",\"url\":\"https:\\\/\\\/theworldbilliards.com\\\/fr\\\/\",\"logo\":{\"@type\":\"ImageObject\",\"inLanguage\":\"fr-FR\",\"@id\":\"https:\\\/\\\/theworldbilliards.com\\\/fr\\\/#\\\/schema\\\/logo\\\/image\\\/\",\"url\":\"\",\"contentUrl\":\"\",\"caption\":\"The World Billiards\"},\"image\":{\"@id\":\"https:\\\/\\\/theworldbilliards.com\\\/fr\\\/#\\\/schema\\\/logo\\\/image\\\/\"},\"sameAs\":[\"https:\\\/\\\/www.facebook.com\\\/baby.foot.superbes\",\"https:\\\/\\\/www.youtube.com\\\/channel\\\/UCIMuOVAaUcH6UpZcsZlH0Tg\",\"https:\\\/\\\/www.facebook.com\\\/people\\\/Brunswick-Billiards-EspaaPortugal\\\/100066446264309\\\/\",\"https:\\\/\\\/www.instagram.com\\\/the_world_billiards\\\/\",\"https:\\\/\\\/www.pinterest.es\\\/Theworldbilliards\\\/\"]}]}<\/script>\n<!-- \/ Yoast SEO plugin. -->","yoast_head_json":{"title":"Acheter Baby foot Calderon - The World Billiards","description":"Dimensions: 1,40 x 0,78 m x 0,88 m m .  Baby-foot fabriqu\u00e9 en bois massif de qualit\u00e9 sup\u00e9rieure, ce qui fait de votre baby-foot un meuble d\u00e9coratif avec plus de classe et d'\u00e9l\u00e9gance dans la tradition.  Finition de haute qualit\u00e9.  Joueurs en bois pieds ensemble.  Poign\u00e9es de competition.  Futbolin avec des barres d'acier de 15mm.  Roulements en plastique ABS Longueur dur\u00e9e.  Caoutchouc amortisseur Longue dur\u00e9.e  Poids - 80 kg.  2 balles de bois ou PVC longue dur\u00e9e inclus.  Options: \u00e9clairage LED, barres t\u00e9lescopiques,\u00a0 marqueurs de points, vitre de s\u00e9curit\u00e9, poign\u00e9es en bois, joueurs avec des pieds en metal ouverts, etc.     Autres couleurs de bois ou joueurs contactez-nous.    Option LED RVB avec t\u00e9l\u00e9commande","robots":{"index":"index","follow":"follow","max-snippet":"max-snippet:-1","max-image-preview":"max-image-preview:large","max-video-preview":"max-video-preview:-1"},"canonical":"https:\/\/theworldbilliards.com\/fr\/produit\/baby-foot-calderon\/","og_locale":"fr_FR","og_type":"article","og_title":"Acheter Baby foot Calderon - The World Billiards","og_description":"Dimensions: 1,40 x 0,78 m x 0,88 m m .  Baby-foot fabriqu\u00e9 en bois massif de qualit\u00e9 sup\u00e9rieure, ce qui fait de votre baby-foot un meuble d\u00e9coratif avec plus de classe et d'\u00e9l\u00e9gance dans la tradition.  Finition de haute qualit\u00e9.  Joueurs en bois pieds ensemble.  Poign\u00e9es de competition.  Futbolin avec des barres d'acier de 15mm.  Roulements en plastique ABS Longueur dur\u00e9e.  Caoutchouc amortisseur Longue dur\u00e9.e  Poids - 80 kg.  2 balles de bois ou PVC longue dur\u00e9e inclus.  Options: \u00e9clairage LED, barres t\u00e9lescopiques,\u00a0 marqueurs de points, vitre de s\u00e9curit\u00e9, poign\u00e9es en bois, joueurs avec des pieds en metal ouverts, etc.     Autres couleurs de bois ou joueurs contactez-nous.    Option LED RVB avec t\u00e9l\u00e9commande","og_url":"https:\/\/theworldbilliards.com\/fr\/produit\/baby-foot-calderon\/","og_site_name":"The World Billiards","article_publisher":"https:\/\/www.facebook.com\/baby.foot.superbes","article_modified_time":"2025-06-16T09:04:52+00:00","og_image":[{"width":1600,"height":1600,"url":"https:\/\/theworldbilliards.com\/wp-content\/uploads\/2018\/06\/Futbolin-modelo-Calderon-2.png","type":"image\/png"}],"twitter_card":"summary_large_image","schema":{"@context":"https:\/\/schema.org","@graph":[{"@type":"WebPage","@id":"https:\/\/theworldbilliards.com\/fr\/produit\/baby-foot-calderon\/","url":"https:\/\/theworldbilliards.com\/fr\/produit\/baby-foot-calderon\/","name":"Acheter Baby foot Calderon - The World Billiards","isPartOf":{"@id":"https:\/\/theworldbilliards.com\/fr\/#website"},"primaryImageOfPage":{"@id":"https:\/\/theworldbilliards.com\/fr\/produit\/baby-foot-calderon\/#primaryimage"},"image":{"@id":"https:\/\/theworldbilliards.com\/fr\/produit\/baby-foot-calderon\/#primaryimage"},"thumbnailUrl":"https:\/\/theworldbilliards.com\/wp-content\/uploads\/2018\/06\/Futbolin-Madrid-Calderon.jpg","datePublished":"2018-06-29T10:34:38+00:00","dateModified":"2025-06-16T09:04:52+00:00","description":"Dimensions: 1,40 x 0,78 m x 0,88 m m . Baby-foot fabriqu\u00e9 en bois massif de qualit\u00e9 sup\u00e9rieure, ce qui fait de votre baby-foot un meuble d\u00e9coratif avec plus de classe et d'\u00e9l\u00e9gance dans la tradition. Finition de haute qualit\u00e9. Joueurs en bois pieds ensemble. Poign\u00e9es de competition. Futbolin avec des barres d'acier de 15mm. Roulements en plastique ABS Longueur dur\u00e9e. Caoutchouc amortisseur Longue dur\u00e9.e Poids - 80 kg. 2 balles de bois ou PVC longue dur\u00e9e inclus. Options: \u00e9clairage LED, barres t\u00e9lescopiques,\u00a0 marqueurs de points, vitre de s\u00e9curit\u00e9, poign\u00e9es en bois, joueurs avec des pieds en metal ouverts, etc. Autres couleurs de bois ou joueurs contactez-nous. Option LED RVB avec t\u00e9l\u00e9commande","breadcrumb":{"@id":"https:\/\/theworldbilliards.com\/fr\/produit\/baby-foot-calderon\/#breadcrumb"},"inLanguage":"fr-FR","potentialAction":[{"@type":"ReadAction","target":["https:\/\/theworldbilliards.com\/fr\/produit\/baby-foot-calderon\/"]}]},{"@type":"ImageObject","inLanguage":"fr-FR","@id":"https:\/\/theworldbilliards.com\/fr\/produit\/baby-foot-calderon\/#primaryimage","url":"https:\/\/theworldbilliards.com\/wp-content\/uploads\/2018\/06\/Futbolin-Madrid-Calderon.jpg","contentUrl":"https:\/\/theworldbilliards.com\/wp-content\/uploads\/2018\/06\/Futbolin-Madrid-Calderon.jpg","width":791,"height":790},{"@type":"BreadcrumbList","@id":"https:\/\/theworldbilliards.com\/fr\/produit\/baby-foot-calderon\/#breadcrumb","itemListElement":[{"@type":"ListItem","position":1,"name":"In\u00edcio","item":"https:\/\/theworldbilliards.com\/fr\/"},{"@type":"ListItem","position":2,"name":"Boutique en ligne","item":"https:\/\/theworldbilliards.com\/fr\/boutique-theworldbilliards\/"},{"@type":"ListItem","position":3,"name":"Baby foot Calderon"}]},{"@type":"WebSite","@id":"https:\/\/theworldbilliards.com\/fr\/#website","url":"https:\/\/theworldbilliards.com\/fr\/","name":"TheWorldBilliards","description":"Achetez ici billard, baby-foot, ping-pong et bowling","publisher":{"@id":"https:\/\/theworldbilliards.com\/fr\/#organization"},"alternateName":"The world billiards","potentialAction":[{"@type":"SearchAction","target":{"@type":"EntryPoint","urlTemplate":"https:\/\/theworldbilliards.com\/fr\/?s={search_term_string}"},"query-input":{"@type":"PropertyValueSpecification","valueRequired":true,"valueName":"search_term_string"}}],"inLanguage":"fr-FR"},{"@type":"Organization","@id":"https:\/\/theworldbilliards.com\/fr\/#organization","name":"The World Billiards","alternateName":"The World Billiards","url":"https:\/\/theworldbilliards.com\/fr\/","logo":{"@type":"ImageObject","inLanguage":"fr-FR","@id":"https:\/\/theworldbilliards.com\/fr\/#\/schema\/logo\/image\/","url":"","contentUrl":"","caption":"The World Billiards"},"image":{"@id":"https:\/\/theworldbilliards.com\/fr\/#\/schema\/logo\/image\/"},"sameAs":["https:\/\/www.facebook.com\/baby.foot.superbes","https:\/\/www.youtube.com\/channel\/UCIMuOVAaUcH6UpZcsZlH0Tg","https:\/\/www.facebook.com\/people\/Brunswick-Billiards-EspaaPortugal\/100066446264309\/","https:\/\/www.instagram.com\/the_world_billiards\/","https:\/\/www.pinterest.es\/Theworldbilliards\/"]}]}},"_links":{"self":[{"href":"https:\/\/theworldbilliards.com\/fr\/wp-json\/wp\/v2\/product\/51256","targetHints":{"allow":["GET"]}}],"collection":[{"href":"https:\/\/theworldbilliards.com\/fr\/wp-json\/wp\/v2\/product"}],"about":[{"href":"https:\/\/theworldbilliards.com\/fr\/wp-json\/wp\/v2\/types\/product"}],"wp:featuredmedia":[{"embeddable":true,"href":"https:\/\/theworldbilliards.com\/fr\/wp-json\/wp\/v2\/media\/108211"}],"wp:attachment":[{"href":"https:\/\/theworldbilliards.com\/fr\/wp-json\/wp\/v2\/media?parent=51256"}],"wp:term":[{"taxonomy":"product_brand","embeddable":true,"href":"https:\/\/theworldbilliards.com\/fr\/wp-json\/wp\/v2\/product_brand?post=51256"},{"taxonomy":"product_cat","embeddable":true,"href":"https:\/\/theworldbilliards.com\/fr\/wp-json\/wp\/v2\/product_cat?post=51256"},{"taxonomy":"product_tag","embeddable":true,"href":"https:\/\/theworldbilliards.com\/fr\/wp-json\/wp\/v2\/product_tag?post=51256"}],"curies":[{"name":"wp","href":"https:\/\/api.w.org\/{rel}","templated":true}]}}