{"id":51694,"date":"2017-01-02T15:08:27","date_gmt":"2017-01-02T14:08:27","guid":{"rendered":"https:\/\/theworldbilliards.com\/produto\/table-de-billard-victory-ii-competition\/"},"modified":"2023-12-11T12:31:24","modified_gmt":"2023-12-11T11:31:24","slug":"billard-rasson-victory-ii-plus-9ft-competition","status":"publish","type":"product","link":"https:\/\/theworldbilliards.com\/fr\/produit\/billard-rasson-victory-ii-plus-9ft-competition\/","title":{"rendered":"Billard Rasson Victory II Plus 9ft competition"},"content":{"rendered":"<p>Le table Victory dispose d&rsquo;un pi\u00e9destal unique qui ressemble a un \u00ab\u00a0V\u00a0\u00bb de chaque c\u00f4t\u00e9 de la table.<\/p>\n<p>Victory est \u00e9quip\u00e9 avec SLS con\u00e7us et brevet\u00e9s (<strong>Syst\u00e8me de nivellement d&rsquo;ardoise<\/strong>) et TPR\u00a0 (ainsi poches )<\/p>\n<p>Avec <strong>30 mm d&rsquo;\u00e9paisseur l&rsquo;ardoise\u00a0Rasson\u00a0premium<\/strong>, <strong>ADAMATH-WOOD Rail<\/strong>, <strong>KLEMATCH P59 (K55)<\/strong><strong> Pool <\/strong>en caoutchouc et poutre en alliage d&rsquo;aluminium garantit la r\u00e9ponse la plus coh\u00e9rente et une plus grande long\u00e9vit\u00e9 de l&rsquo;utilisation de la table.<br \/>\nLes bandes Adamath-Wood rail sont r\u00e9sistants \u00e1 l&rsquo;eau, au feu, aux \u00e9gratignures.<\/p>\n<p>La table Victory fait les plus grandes comp\u00e9titions au monde et <strong>respecte les sp\u00e9cifications \u00e9tablies par EPBF et WPA.<\/strong><\/p>\n<p>Livr\u00e9 avec tapis Simonis inclus en diff\u00e9rentes couleurs que vous pouvez choisir<\/p>\n<p><img loading=\"lazy\" decoding=\"async\" class=\"aligncenter size-medium wp-image-72698\" src=\"https:\/\/theworldbilliards.com\/wp-content\/uploads\/2017\/01\/simonis-300x218.jpg\" alt=\"\" width=\"300\" height=\"218\" \/><\/p>\n<p>Pour plus d&rsquo;informations contactez-nous, nous mettons \u00e0 votre disposition un technicien sp\u00e9cialis\u00e9 pour vous conseiller.<\/p>\n<p>Options: Meuble portes queus, Plateau table \u00e0 manger, plateau table de ping-pong, syst\u00e8me multi bandes de billard Fran\u00e7ais \/ Billard Am\u00e9ricain \/ Snooker Anglais,\u00a0 Chariot vertical pour ranger le plateau de table.<\/p>\n<p>Transport est montage assur\u00e9 par nos \u00e9quipes techniques certifi\u00e9es non compris<\/p>\n","protected":false},"excerpt":{"rendered":"<div class=\"woocommerce-product-details__short-description\">\n<div class=\"woocommerce-product-details__short-description\">\n<div class=\"woocommerce-product-details__short-description\">\n<div class=\"woocommerce-product-details__short-description\">\n<p><strong>Accessoires inclus<\/strong><br \/>\n\u2022 1 Jeu de Boules<br \/>\n\u2022 Triangle (en pool)<br \/>\n\u2022 4 Queues une-piece<br \/>\n\u2022 6 Cubes de Craie<br \/>\n\u2022 Brosse<\/p>\n<div class=\"woocommerce-product-details__short-description\">\n<div class=\"woocommerce-product-details__short-description\">\n<div class=\"woocommerce-product-details__short-description\">\n<div class=\"woocommerce-product-details__short-description\">\n<div class=\"woocommerce-product-details__short-description\">\n<p><a href=\"https:\/\/theworldbilliards.com\/fr\/categorie-produit\/billard\/acessorios-de-billard\/kit-daccessoires\/\" target=\"_blank\" rel=\"noopener\"><strong>Autres options de kit d\u2019accessoires<\/strong><\/a><\/p>\n<\/div>\n<\/div>\n<\/div>\n<\/div>\n<\/div>\n<\/div>\n<\/div>\n<\/div>\n<\/div>\n","protected":false},"featured_media":86152,"template":"","meta":{"site-sidebar-layout":"default","site-content-layout":"","ast-site-content-layout":"default","site-content-style":"default","site-sidebar-style":"default","ast-global-header-display":"","ast-banner-title-visibility":"","ast-main-header-display":"","ast-hfb-above-header-display":"","ast-hfb-below-header-display":"","ast-hfb-mobile-header-display":"","site-post-title":"","ast-breadcrumbs-content":"","ast-featured-img":"","footer-sml-layout":"","ast-disable-related-posts":"","theme-transparent-header-meta":"default","adv-header-id-meta":"","stick-header-meta":"","header-above-stick-meta":"","header-main-stick-meta":"","header-below-stick-meta":"","astra-migrate-meta-layouts":"default","ast-page-background-enabled":"default","ast-page-background-meta":{"desktop":{"background-color":"var(--ast-global-color-4)","background-image":"","background-repeat":"repeat","background-position":"center center","background-size":"auto","background-attachment":"scroll","background-type":"","background-media":"","overlay-type":"","overlay-color":"","overlay-opacity":"","overlay-gradient":""},"tablet":{"background-color":"","background-image":"","background-repeat":"repeat","background-position":"center center","background-size":"auto","background-attachment":"scroll","background-type":"","background-media":"","overlay-type":"","overlay-color":"","overlay-opacity":"","overlay-gradient":""},"mobile":{"background-color":"","background-image":"","background-repeat":"repeat","background-position":"center center","background-size":"auto","background-attachment":"scroll","background-type":"","background-media":"","overlay-type":"","overlay-color":"","overlay-opacity":"","overlay-gradient":""}},"ast-content-background-meta":{"desktop":{"background-color":"var(--ast-global-color-5)","background-image":"","background-repeat":"repeat","background-position":"center center","background-size":"auto","background-attachment":"scroll","background-type":"","background-media":"","overlay-type":"","overlay-color":"","overlay-opacity":"","overlay-gradient":""},"tablet":{"background-color":"var(--ast-global-color-5)","background-image":"","background-repeat":"repeat","background-position":"center center","background-size":"auto","background-attachment":"scroll","background-type":"","background-media":"","overlay-type":"","overlay-color":"","overlay-opacity":"","overlay-gradient":""},"mobile":{"background-color":"var(--ast-global-color-5)","background-image":"","background-repeat":"repeat","background-position":"center center","background-size":"auto","background-attachment":"scroll","background-type":"","background-media":"","overlay-type":"","overlay-color":"","overlay-opacity":"","overlay-gradient":""}}},"product_brand":[5222],"product_cat":[1262],"product_tag":[],"class_list":{"0":"post-51694","1":"product","2":"type-product","3":"status-publish","4":"has-post-thumbnail","6":"product_brand-rasson-billiards-fr","7":"product_cat-billard-de-competition","8":"product_shipping_class-billard","9":"desktop-align-center","10":"tablet-align-left","11":"mobile-align-left","13":"first","14":"onbackorder","15":"taxable","16":"shipping-taxable","17":"product-type-simple"},"yoast_head":"<!-- This site is optimized with the Yoast SEO plugin v27.4 - https:\/\/yoast.com\/product\/yoast-seo-wordpress\/ -->\n<title>Acheter Billard Rasson Victory II Plus 9ft competition - The World Billiards<\/title>\n<meta name=\"description\" content=\"Le table Victory dispose d&#039;un pi\u00e9destal unique qui ressemble a un &quot;V&quot; de chaque c\u00f4t\u00e9 de la table.  Victory est \u00e9quip\u00e9 avec SLS con\u00e7us et brevet\u00e9s (Syst\u00e8me de nivellement d&#039;ardoise) et TPR\u00a0 (ainsi poches )  Avec 30 mm d&#039;\u00e9paisseur l&#039;ardoise\u00a0Rasson\u00a0premium, ADAMATH-WOOD Rail, KLEMATCH P59 (K55) Pool en caoutchouc et poutre en alliage d&#039;aluminium garantit la r\u00e9ponse la plus coh\u00e9rente et une plus grande long\u00e9vit\u00e9 de l&#039;utilisation de la table. Les bandes Adamath-Wood rail sont r\u00e9sistants \u00e1 l&#039;eau, au feu, aux \u00e9gratignures.  La table Victory fait les plus grandes comp\u00e9titions au monde et respecte les sp\u00e9cifications \u00e9tablies par EPBF et WPA.  Livr\u00e9 avec tapis Simonis inclus en diff\u00e9rentes couleurs que vous pouvez choisir    Pour plus d&#039;informations contactez-nous, nous mettons \u00e0 votre disposition un technicien sp\u00e9cialis\u00e9 pour vous conseiller.  Options: Meuble portes queus, Plateau table \u00e0 manger, plateau table de ping-pong, syst\u00e8me multi bandes de billard Fran\u00e7ais \/ Billard Am\u00e9ricain \/ Snooker Anglais,\u00a0 Chariot vertical pour ranger le plateau de table.  Transport est montage assur\u00e9 par nos \u00e9quipes techniques certifi\u00e9es non compris\" \/>\n<meta name=\"robots\" content=\"index, follow, max-snippet:-1, max-image-preview:large, max-video-preview:-1\" \/>\n<link rel=\"canonical\" href=\"https:\/\/theworldbilliards.com\/fr\/produit\/billard-rasson-victory-ii-plus-9ft-competition\/\" \/>\n<meta property=\"og:locale\" content=\"fr_FR\" \/>\n<meta property=\"og:type\" content=\"article\" \/>\n<meta property=\"og:title\" content=\"Acheter Billard Rasson Victory II Plus 9ft competition - The World Billiards\" \/>\n<meta property=\"og:description\" content=\"Le table Victory dispose d&#039;un pi\u00e9destal unique qui ressemble a un &quot;V&quot; de chaque c\u00f4t\u00e9 de la table.  Victory est \u00e9quip\u00e9 avec SLS con\u00e7us et brevet\u00e9s (Syst\u00e8me de nivellement d&#039;ardoise) et TPR\u00a0 (ainsi poches )  Avec 30 mm d&#039;\u00e9paisseur l&#039;ardoise\u00a0Rasson\u00a0premium, ADAMATH-WOOD Rail, KLEMATCH P59 (K55) Pool en caoutchouc et poutre en alliage d&#039;aluminium garantit la r\u00e9ponse la plus coh\u00e9rente et une plus grande long\u00e9vit\u00e9 de l&#039;utilisation de la table. Les bandes Adamath-Wood rail sont r\u00e9sistants \u00e1 l&#039;eau, au feu, aux \u00e9gratignures.  La table Victory fait les plus grandes comp\u00e9titions au monde et respecte les sp\u00e9cifications \u00e9tablies par EPBF et WPA.  Livr\u00e9 avec tapis Simonis inclus en diff\u00e9rentes couleurs que vous pouvez choisir    Pour plus d&#039;informations contactez-nous, nous mettons \u00e0 votre disposition un technicien sp\u00e9cialis\u00e9 pour vous conseiller.  Options: Meuble portes queus, Plateau table \u00e0 manger, plateau table de ping-pong, syst\u00e8me multi bandes de billard Fran\u00e7ais \/ Billard Am\u00e9ricain \/ Snooker Anglais,\u00a0 Chariot vertical pour ranger le plateau de table.  Transport est montage assur\u00e9 par nos \u00e9quipes techniques certifi\u00e9es non compris\" \/>\n<meta property=\"og:url\" content=\"https:\/\/theworldbilliards.com\/fr\/produit\/billard-rasson-victory-ii-plus-9ft-competition\/\" \/>\n<meta property=\"og:site_name\" content=\"The World Billiards\" \/>\n<meta property=\"article:publisher\" content=\"https:\/\/www.facebook.com\/baby.foot.superbes\" \/>\n<meta property=\"article:modified_time\" content=\"2023-12-11T11:31:24+00:00\" \/>\n<meta property=\"og:image\" content=\"https:\/\/theworldbilliards.com\/wp-content\/uploads\/2017\/01\/Rasson-Victori-II-Plus-9ft.png\" \/>\n\t<meta property=\"og:image:width\" content=\"1248\" \/>\n\t<meta property=\"og:image:height\" content=\"1248\" \/>\n\t<meta property=\"og:image:type\" content=\"image\/png\" \/>\n<meta name=\"twitter:card\" content=\"summary_large_image\" \/>\n<script type=\"application\/ld+json\" class=\"yoast-schema-graph\">{\"@context\":\"https:\\\/\\\/schema.org\",\"@graph\":[{\"@type\":\"WebPage\",\"@id\":\"https:\\\/\\\/theworldbilliards.com\\\/fr\\\/produit\\\/billard-rasson-victory-ii-plus-9ft-competition\\\/\",\"url\":\"https:\\\/\\\/theworldbilliards.com\\\/fr\\\/produit\\\/billard-rasson-victory-ii-plus-9ft-competition\\\/\",\"name\":\"Acheter Billard Rasson Victory II Plus 9ft competition - The World Billiards\",\"isPartOf\":{\"@id\":\"https:\\\/\\\/theworldbilliards.com\\\/fr\\\/#website\"},\"primaryImageOfPage\":{\"@id\":\"https:\\\/\\\/theworldbilliards.com\\\/fr\\\/produit\\\/billard-rasson-victory-ii-plus-9ft-competition\\\/#primaryimage\"},\"image\":{\"@id\":\"https:\\\/\\\/theworldbilliards.com\\\/fr\\\/produit\\\/billard-rasson-victory-ii-plus-9ft-competition\\\/#primaryimage\"},\"thumbnailUrl\":\"https:\\\/\\\/theworldbilliards.com\\\/wp-content\\\/uploads\\\/2017\\\/01\\\/Rasson-Victori-II-Plus-9ft.png\",\"datePublished\":\"2017-01-02T14:08:27+00:00\",\"dateModified\":\"2023-12-11T11:31:24+00:00\",\"description\":\"Le table Victory dispose d'un pi\u00e9destal unique qui ressemble a un \\\"V\\\" de chaque c\u00f4t\u00e9 de la table. Victory est \u00e9quip\u00e9 avec SLS con\u00e7us et brevet\u00e9s (Syst\u00e8me de nivellement d'ardoise) et TPR\u00a0 (ainsi poches ) Avec 30 mm d'\u00e9paisseur l'ardoise\u00a0Rasson\u00a0premium, ADAMATH-WOOD Rail, KLEMATCH P59 (K55) Pool en caoutchouc et poutre en alliage d'aluminium garantit la r\u00e9ponse la plus coh\u00e9rente et une plus grande long\u00e9vit\u00e9 de l'utilisation de la table. Les bandes Adamath-Wood rail sont r\u00e9sistants \u00e1 l'eau, au feu, aux \u00e9gratignures. La table Victory fait les plus grandes comp\u00e9titions au monde et respecte les sp\u00e9cifications \u00e9tablies par EPBF et WPA. Livr\u00e9 avec tapis Simonis inclus en diff\u00e9rentes couleurs que vous pouvez choisir Pour plus d'informations contactez-nous, nous mettons \u00e0 votre disposition un technicien sp\u00e9cialis\u00e9 pour vous conseiller. Options: Meuble portes queus, Plateau table \u00e0 manger, plateau table de ping-pong, syst\u00e8me multi bandes de billard Fran\u00e7ais \\\/ Billard Am\u00e9ricain \\\/ Snooker Anglais,\u00a0 Chariot vertical pour ranger le plateau de table. Transport est montage assur\u00e9 par nos \u00e9quipes techniques certifi\u00e9es non compris\",\"breadcrumb\":{\"@id\":\"https:\\\/\\\/theworldbilliards.com\\\/fr\\\/produit\\\/billard-rasson-victory-ii-plus-9ft-competition\\\/#breadcrumb\"},\"inLanguage\":\"fr-FR\",\"potentialAction\":[{\"@type\":\"ReadAction\",\"target\":[\"https:\\\/\\\/theworldbilliards.com\\\/fr\\\/produit\\\/billard-rasson-victory-ii-plus-9ft-competition\\\/\"]}]},{\"@type\":\"ImageObject\",\"inLanguage\":\"fr-FR\",\"@id\":\"https:\\\/\\\/theworldbilliards.com\\\/fr\\\/produit\\\/billard-rasson-victory-ii-plus-9ft-competition\\\/#primaryimage\",\"url\":\"https:\\\/\\\/theworldbilliards.com\\\/wp-content\\\/uploads\\\/2017\\\/01\\\/Rasson-Victori-II-Plus-9ft.png\",\"contentUrl\":\"https:\\\/\\\/theworldbilliards.com\\\/wp-content\\\/uploads\\\/2017\\\/01\\\/Rasson-Victori-II-Plus-9ft.png\",\"width\":1248,\"height\":1248},{\"@type\":\"BreadcrumbList\",\"@id\":\"https:\\\/\\\/theworldbilliards.com\\\/fr\\\/produit\\\/billard-rasson-victory-ii-plus-9ft-competition\\\/#breadcrumb\",\"itemListElement\":[{\"@type\":\"ListItem\",\"position\":1,\"name\":\"In\u00edcio\",\"item\":\"https:\\\/\\\/theworldbilliards.com\\\/fr\\\/\"},{\"@type\":\"ListItem\",\"position\":2,\"name\":\"Boutique en ligne\",\"item\":\"https:\\\/\\\/theworldbilliards.com\\\/fr\\\/boutique-theworldbilliards\\\/\"},{\"@type\":\"ListItem\",\"position\":3,\"name\":\"Billard Rasson Victory II Plus 9ft competition\"}]},{\"@type\":\"WebSite\",\"@id\":\"https:\\\/\\\/theworldbilliards.com\\\/fr\\\/#website\",\"url\":\"https:\\\/\\\/theworldbilliards.com\\\/fr\\\/\",\"name\":\"TheWorldBilliards\",\"description\":\"Achetez ici billard, baby-foot, ping-pong et bowling\",\"publisher\":{\"@id\":\"https:\\\/\\\/theworldbilliards.com\\\/fr\\\/#organization\"},\"alternateName\":\"The world billiards\",\"potentialAction\":[{\"@type\":\"SearchAction\",\"target\":{\"@type\":\"EntryPoint\",\"urlTemplate\":\"https:\\\/\\\/theworldbilliards.com\\\/fr\\\/?s={search_term_string}\"},\"query-input\":{\"@type\":\"PropertyValueSpecification\",\"valueRequired\":true,\"valueName\":\"search_term_string\"}}],\"inLanguage\":\"fr-FR\"},{\"@type\":\"Organization\",\"@id\":\"https:\\\/\\\/theworldbilliards.com\\\/fr\\\/#organization\",\"name\":\"The World Billiards\",\"alternateName\":\"The World Billiards\",\"url\":\"https:\\\/\\\/theworldbilliards.com\\\/fr\\\/\",\"logo\":{\"@type\":\"ImageObject\",\"inLanguage\":\"fr-FR\",\"@id\":\"https:\\\/\\\/theworldbilliards.com\\\/fr\\\/#\\\/schema\\\/logo\\\/image\\\/\",\"url\":\"\",\"contentUrl\":\"\",\"caption\":\"The World Billiards\"},\"image\":{\"@id\":\"https:\\\/\\\/theworldbilliards.com\\\/fr\\\/#\\\/schema\\\/logo\\\/image\\\/\"},\"sameAs\":[\"https:\\\/\\\/www.facebook.com\\\/baby.foot.superbes\",\"https:\\\/\\\/www.youtube.com\\\/channel\\\/UCIMuOVAaUcH6UpZcsZlH0Tg\",\"https:\\\/\\\/www.facebook.com\\\/people\\\/Brunswick-Billiards-EspaaPortugal\\\/100066446264309\\\/\",\"https:\\\/\\\/www.instagram.com\\\/the_world_billiards\\\/\",\"https:\\\/\\\/www.pinterest.es\\\/Theworldbilliards\\\/\"]}]}<\/script>\n<!-- \/ Yoast SEO plugin. -->","yoast_head_json":{"title":"Acheter Billard Rasson Victory II Plus 9ft competition - The World Billiards","description":"Le table Victory dispose d'un pi\u00e9destal unique qui ressemble a un \"V\" de chaque c\u00f4t\u00e9 de la table.  Victory est \u00e9quip\u00e9 avec SLS con\u00e7us et brevet\u00e9s (Syst\u00e8me de nivellement d'ardoise) et TPR\u00a0 (ainsi poches )  Avec 30 mm d'\u00e9paisseur l'ardoise\u00a0Rasson\u00a0premium, ADAMATH-WOOD Rail, KLEMATCH P59 (K55) Pool en caoutchouc et poutre en alliage d'aluminium garantit la r\u00e9ponse la plus coh\u00e9rente et une plus grande long\u00e9vit\u00e9 de l'utilisation de la table. Les bandes Adamath-Wood rail sont r\u00e9sistants \u00e1 l'eau, au feu, aux \u00e9gratignures.  La table Victory fait les plus grandes comp\u00e9titions au monde et respecte les sp\u00e9cifications \u00e9tablies par EPBF et WPA.  Livr\u00e9 avec tapis Simonis inclus en diff\u00e9rentes couleurs que vous pouvez choisir    Pour plus d'informations contactez-nous, nous mettons \u00e0 votre disposition un technicien sp\u00e9cialis\u00e9 pour vous conseiller.  Options: Meuble portes queus, Plateau table \u00e0 manger, plateau table de ping-pong, syst\u00e8me multi bandes de billard Fran\u00e7ais \/ Billard Am\u00e9ricain \/ Snooker Anglais,\u00a0 Chariot vertical pour ranger le plateau de table.  Transport est montage assur\u00e9 par nos \u00e9quipes techniques certifi\u00e9es non compris","robots":{"index":"index","follow":"follow","max-snippet":"max-snippet:-1","max-image-preview":"max-image-preview:large","max-video-preview":"max-video-preview:-1"},"canonical":"https:\/\/theworldbilliards.com\/fr\/produit\/billard-rasson-victory-ii-plus-9ft-competition\/","og_locale":"fr_FR","og_type":"article","og_title":"Acheter Billard Rasson Victory II Plus 9ft competition - The World Billiards","og_description":"Le table Victory dispose d'un pi\u00e9destal unique qui ressemble a un \"V\" de chaque c\u00f4t\u00e9 de la table.  Victory est \u00e9quip\u00e9 avec SLS con\u00e7us et brevet\u00e9s (Syst\u00e8me de nivellement d'ardoise) et TPR\u00a0 (ainsi poches )  Avec 30 mm d'\u00e9paisseur l'ardoise\u00a0Rasson\u00a0premium, ADAMATH-WOOD Rail, KLEMATCH P59 (K55) Pool en caoutchouc et poutre en alliage d'aluminium garantit la r\u00e9ponse la plus coh\u00e9rente et une plus grande long\u00e9vit\u00e9 de l'utilisation de la table. Les bandes Adamath-Wood rail sont r\u00e9sistants \u00e1 l'eau, au feu, aux \u00e9gratignures.  La table Victory fait les plus grandes comp\u00e9titions au monde et respecte les sp\u00e9cifications \u00e9tablies par EPBF et WPA.  Livr\u00e9 avec tapis Simonis inclus en diff\u00e9rentes couleurs que vous pouvez choisir    Pour plus d'informations contactez-nous, nous mettons \u00e0 votre disposition un technicien sp\u00e9cialis\u00e9 pour vous conseiller.  Options: Meuble portes queus, Plateau table \u00e0 manger, plateau table de ping-pong, syst\u00e8me multi bandes de billard Fran\u00e7ais \/ Billard Am\u00e9ricain \/ Snooker Anglais,\u00a0 Chariot vertical pour ranger le plateau de table.  Transport est montage assur\u00e9 par nos \u00e9quipes techniques certifi\u00e9es non compris","og_url":"https:\/\/theworldbilliards.com\/fr\/produit\/billard-rasson-victory-ii-plus-9ft-competition\/","og_site_name":"The World Billiards","article_publisher":"https:\/\/www.facebook.com\/baby.foot.superbes","article_modified_time":"2023-12-11T11:31:24+00:00","og_image":[{"width":1248,"height":1248,"url":"https:\/\/theworldbilliards.com\/wp-content\/uploads\/2017\/01\/Rasson-Victori-II-Plus-9ft.png","type":"image\/png"}],"twitter_card":"summary_large_image","schema":{"@context":"https:\/\/schema.org","@graph":[{"@type":"WebPage","@id":"https:\/\/theworldbilliards.com\/fr\/produit\/billard-rasson-victory-ii-plus-9ft-competition\/","url":"https:\/\/theworldbilliards.com\/fr\/produit\/billard-rasson-victory-ii-plus-9ft-competition\/","name":"Acheter Billard Rasson Victory II Plus 9ft competition - The World Billiards","isPartOf":{"@id":"https:\/\/theworldbilliards.com\/fr\/#website"},"primaryImageOfPage":{"@id":"https:\/\/theworldbilliards.com\/fr\/produit\/billard-rasson-victory-ii-plus-9ft-competition\/#primaryimage"},"image":{"@id":"https:\/\/theworldbilliards.com\/fr\/produit\/billard-rasson-victory-ii-plus-9ft-competition\/#primaryimage"},"thumbnailUrl":"https:\/\/theworldbilliards.com\/wp-content\/uploads\/2017\/01\/Rasson-Victori-II-Plus-9ft.png","datePublished":"2017-01-02T14:08:27+00:00","dateModified":"2023-12-11T11:31:24+00:00","description":"Le table Victory dispose d'un pi\u00e9destal unique qui ressemble a un \"V\" de chaque c\u00f4t\u00e9 de la table. Victory est \u00e9quip\u00e9 avec SLS con\u00e7us et brevet\u00e9s (Syst\u00e8me de nivellement d'ardoise) et TPR\u00a0 (ainsi poches ) Avec 30 mm d'\u00e9paisseur l'ardoise\u00a0Rasson\u00a0premium, ADAMATH-WOOD Rail, KLEMATCH P59 (K55) Pool en caoutchouc et poutre en alliage d'aluminium garantit la r\u00e9ponse la plus coh\u00e9rente et une plus grande long\u00e9vit\u00e9 de l'utilisation de la table. Les bandes Adamath-Wood rail sont r\u00e9sistants \u00e1 l'eau, au feu, aux \u00e9gratignures. La table Victory fait les plus grandes comp\u00e9titions au monde et respecte les sp\u00e9cifications \u00e9tablies par EPBF et WPA. Livr\u00e9 avec tapis Simonis inclus en diff\u00e9rentes couleurs que vous pouvez choisir Pour plus d'informations contactez-nous, nous mettons \u00e0 votre disposition un technicien sp\u00e9cialis\u00e9 pour vous conseiller. Options: Meuble portes queus, Plateau table \u00e0 manger, plateau table de ping-pong, syst\u00e8me multi bandes de billard Fran\u00e7ais \/ Billard Am\u00e9ricain \/ Snooker Anglais,\u00a0 Chariot vertical pour ranger le plateau de table. Transport est montage assur\u00e9 par nos \u00e9quipes techniques certifi\u00e9es non compris","breadcrumb":{"@id":"https:\/\/theworldbilliards.com\/fr\/produit\/billard-rasson-victory-ii-plus-9ft-competition\/#breadcrumb"},"inLanguage":"fr-FR","potentialAction":[{"@type":"ReadAction","target":["https:\/\/theworldbilliards.com\/fr\/produit\/billard-rasson-victory-ii-plus-9ft-competition\/"]}]},{"@type":"ImageObject","inLanguage":"fr-FR","@id":"https:\/\/theworldbilliards.com\/fr\/produit\/billard-rasson-victory-ii-plus-9ft-competition\/#primaryimage","url":"https:\/\/theworldbilliards.com\/wp-content\/uploads\/2017\/01\/Rasson-Victori-II-Plus-9ft.png","contentUrl":"https:\/\/theworldbilliards.com\/wp-content\/uploads\/2017\/01\/Rasson-Victori-II-Plus-9ft.png","width":1248,"height":1248},{"@type":"BreadcrumbList","@id":"https:\/\/theworldbilliards.com\/fr\/produit\/billard-rasson-victory-ii-plus-9ft-competition\/#breadcrumb","itemListElement":[{"@type":"ListItem","position":1,"name":"In\u00edcio","item":"https:\/\/theworldbilliards.com\/fr\/"},{"@type":"ListItem","position":2,"name":"Boutique en ligne","item":"https:\/\/theworldbilliards.com\/fr\/boutique-theworldbilliards\/"},{"@type":"ListItem","position":3,"name":"Billard Rasson Victory II Plus 9ft competition"}]},{"@type":"WebSite","@id":"https:\/\/theworldbilliards.com\/fr\/#website","url":"https:\/\/theworldbilliards.com\/fr\/","name":"TheWorldBilliards","description":"Achetez ici billard, baby-foot, ping-pong et bowling","publisher":{"@id":"https:\/\/theworldbilliards.com\/fr\/#organization"},"alternateName":"The world billiards","potentialAction":[{"@type":"SearchAction","target":{"@type":"EntryPoint","urlTemplate":"https:\/\/theworldbilliards.com\/fr\/?s={search_term_string}"},"query-input":{"@type":"PropertyValueSpecification","valueRequired":true,"valueName":"search_term_string"}}],"inLanguage":"fr-FR"},{"@type":"Organization","@id":"https:\/\/theworldbilliards.com\/fr\/#organization","name":"The World Billiards","alternateName":"The World Billiards","url":"https:\/\/theworldbilliards.com\/fr\/","logo":{"@type":"ImageObject","inLanguage":"fr-FR","@id":"https:\/\/theworldbilliards.com\/fr\/#\/schema\/logo\/image\/","url":"","contentUrl":"","caption":"The World Billiards"},"image":{"@id":"https:\/\/theworldbilliards.com\/fr\/#\/schema\/logo\/image\/"},"sameAs":["https:\/\/www.facebook.com\/baby.foot.superbes","https:\/\/www.youtube.com\/channel\/UCIMuOVAaUcH6UpZcsZlH0Tg","https:\/\/www.facebook.com\/people\/Brunswick-Billiards-EspaaPortugal\/100066446264309\/","https:\/\/www.instagram.com\/the_world_billiards\/","https:\/\/www.pinterest.es\/Theworldbilliards\/"]}]}},"_links":{"self":[{"href":"https:\/\/theworldbilliards.com\/fr\/wp-json\/wp\/v2\/product\/51694","targetHints":{"allow":["GET"]}}],"collection":[{"href":"https:\/\/theworldbilliards.com\/fr\/wp-json\/wp\/v2\/product"}],"about":[{"href":"https:\/\/theworldbilliards.com\/fr\/wp-json\/wp\/v2\/types\/product"}],"wp:featuredmedia":[{"embeddable":true,"href":"https:\/\/theworldbilliards.com\/fr\/wp-json\/wp\/v2\/media\/86152"}],"wp:attachment":[{"href":"https:\/\/theworldbilliards.com\/fr\/wp-json\/wp\/v2\/media?parent=51694"}],"wp:term":[{"taxonomy":"product_brand","embeddable":true,"href":"https:\/\/theworldbilliards.com\/fr\/wp-json\/wp\/v2\/product_brand?post=51694"},{"taxonomy":"product_cat","embeddable":true,"href":"https:\/\/theworldbilliards.com\/fr\/wp-json\/wp\/v2\/product_cat?post=51694"},{"taxonomy":"product_tag","embeddable":true,"href":"https:\/\/theworldbilliards.com\/fr\/wp-json\/wp\/v2\/product_tag?post=51694"}],"curies":[{"name":"wp","href":"https:\/\/api.w.org\/{rel}","templated":true}]}}