{"id":52347,"date":"2018-08-17T12:33:42","date_gmt":"2018-08-17T10:33:42","guid":{"rendered":"https:\/\/theworldbilliards.com\/produto\/table-de-billard-valley-panther-home\/"},"modified":"2026-02-16T13:52:34","modified_gmt":"2026-02-16T12:52:34","slug":"billard-valley-panther-home","status":"publish","type":"product","link":"https:\/\/theworldbilliards.com\/fr\/produit\/billard-valley-panther-home\/","title":{"rendered":"Billard VALLEY Panther Home"},"content":{"rendered":"<p>Maintenant disponible dans un mod\u00e8le sans pi\u00e8ces de monnaie : le Valley Panther test\u00e9 en tournoi est parfait pour les maisons, les salles de jeux et les endroits o\u00f9 le jeu de pi\u00e8ces peut ne pas \u00eatre une n\u00e9cessit\u00e9 ; mais la durabilit\u00e9, l&rsquo;esth\u00e9tique et la qualit\u00e9 des tournois sont indispensables. La maison Panther est maintenant disponible en Dakar Ebony et Black Frost. Chaque table Valley Panther Home offre des viseurs blancs \u00e0 haute visibilit\u00e9, des garnitures lat\u00e9rales et d&rsquo;extr\u00e9mit\u00e9 \u00e0 vis dissimul\u00e9es, ainsi que des coins et des poches encastr\u00e9s conviviaux pour les joueurs.<br \/>\nStratifi\u00e9 de table \u00e9galement disponible en Dakar Ebony et Black Frost<\/p>\n<p>Support d&rsquo;ardoise en aluminium solide pour une int\u00e9grit\u00e9 structurelle et une surface de jeu plane<br \/>\nSyst\u00e8me de rail de coussin de comp\u00e9tition \u00e0 cinq boulons pour un jeu constant<br \/>\nArdoise import\u00e9e monobloc solide<br \/>\nLe niveleur de jambe facilement r\u00e9glable permet \u00e0 une personne avec une cl\u00e9 standard de niveler une table en quelques minutes.<br \/>\nLa goulotte de retour de balle monobloc \u00e9limine les balles coinc\u00e9es.<br \/>\nCoul\u00e9e d&rsquo;angle encastr\u00e9e et poches frais\u00e9es pour un jeu plus facile et une apparence lisse.<br \/>\nGarniture lat\u00e9rale et d&rsquo;extr\u00e9mit\u00e9 en aluminium \u00e0 vis dissimul\u00e9e<\/p>\n<p>&nbsp;<\/p>\n","protected":false},"excerpt":{"rendered":"<p>Maintenant disponible dans un mod\u00e8le sans pi\u00e8ces de monnaie : le Valley Panther test\u00e9 en tournoi est parfait pour les [&hellip;]<\/p>\n","protected":false},"featured_media":111743,"template":"","meta":{"site-sidebar-layout":"default","site-content-layout":"","ast-site-content-layout":"default","site-content-style":"default","site-sidebar-style":"default","ast-global-header-display":"","ast-banner-title-visibility":"","ast-main-header-display":"","ast-hfb-above-header-display":"","ast-hfb-below-header-display":"","ast-hfb-mobile-header-display":"","site-post-title":"","ast-breadcrumbs-content":"","ast-featured-img":"","footer-sml-layout":"","ast-disable-related-posts":"","theme-transparent-header-meta":"default","adv-header-id-meta":"","stick-header-meta":"","header-above-stick-meta":"","header-main-stick-meta":"","header-below-stick-meta":"","astra-migrate-meta-layouts":"default","ast-page-background-enabled":"default","ast-page-background-meta":{"desktop":{"background-color":"var(--ast-global-color-4)","background-image":"","background-repeat":"repeat","background-position":"center center","background-size":"auto","background-attachment":"scroll","background-type":"","background-media":"","overlay-type":"","overlay-color":"","overlay-opacity":"","overlay-gradient":""},"tablet":{"background-color":"","background-image":"","background-repeat":"repeat","background-position":"center center","background-size":"auto","background-attachment":"scroll","background-type":"","background-media":"","overlay-type":"","overlay-color":"","overlay-opacity":"","overlay-gradient":""},"mobile":{"background-color":"","background-image":"","background-repeat":"repeat","background-position":"center center","background-size":"auto","background-attachment":"scroll","background-type":"","background-media":"","overlay-type":"","overlay-color":"","overlay-opacity":"","overlay-gradient":""}},"ast-content-background-meta":{"desktop":{"background-color":"var(--ast-global-color-5)","background-image":"","background-repeat":"repeat","background-position":"center center","background-size":"auto","background-attachment":"scroll","background-type":"","background-media":"","overlay-type":"","overlay-color":"","overlay-opacity":"","overlay-gradient":""},"tablet":{"background-color":"var(--ast-global-color-5)","background-image":"","background-repeat":"repeat","background-position":"center center","background-size":"auto","background-attachment":"scroll","background-type":"","background-media":"","overlay-type":"","overlay-color":"","overlay-opacity":"","overlay-gradient":""},"mobile":{"background-color":"var(--ast-global-color-5)","background-image":"","background-repeat":"repeat","background-position":"center center","background-size":"auto","background-attachment":"scroll","background-type":"","background-media":"","overlay-type":"","overlay-color":"","overlay-opacity":"","overlay-gradient":""}}},"product_brand":[5202],"product_cat":[1268],"product_tag":[],"class_list":{"0":"post-52347","1":"product","2":"type-product","3":"status-publish","4":"has-post-thumbnail","6":"product_brand-valley-dynamo-fr","7":"product_cat-valley-dynamo-billards","8":"product_shipping_class-grand-billards","9":"desktop-align-center","10":"tablet-align-left","11":"mobile-align-left","13":"first","14":"instock","15":"taxable","16":"shipping-taxable","17":"product-type-simple"},"yoast_head":"<!-- This site is optimized with the Yoast SEO plugin v27.4 - https:\/\/yoast.com\/product\/yoast-seo-wordpress\/ -->\n<title>Acheter Billard VALLEY Panther Home - The World Billiards<\/title>\n<meta name=\"description\" content=\"Maintenant disponible dans un mod\u00e8le sans pi\u00e8ces de monnaie : le Valley Panther test\u00e9 en tournoi est parfait pour les maisons, les salles de jeux et les endroits o\u00f9 le jeu de pi\u00e8ces peut ne pas \u00eatre une n\u00e9cessit\u00e9 ; mais la durabilit\u00e9, l&#039;esth\u00e9tique et la qualit\u00e9 des tournois sont indispensables. La maison Panther est maintenant disponible en Dakar Ebony et Black Frost. Chaque table Valley Panther Home offre des viseurs blancs \u00e0 haute visibilit\u00e9, des garnitures lat\u00e9rales et d&#039;extr\u00e9mit\u00e9 \u00e0 vis dissimul\u00e9es, ainsi que des coins et des poches encastr\u00e9s conviviaux pour les joueurs. Stratifi\u00e9 de table \u00e9galement disponible en Dakar Ebony et Black Frost  Support d&#039;ardoise en aluminium solide pour une int\u00e9grit\u00e9 structurelle et une surface de jeu plane Syst\u00e8me de rail de coussin de comp\u00e9tition \u00e0 cinq boulons pour un jeu constant Ardoise import\u00e9e monobloc solide Le niveleur de jambe facilement r\u00e9glable permet \u00e0 une personne avec une cl\u00e9 standard de niveler une table en quelques minutes. La goulotte de retour de balle monobloc \u00e9limine les balles coinc\u00e9es. Coul\u00e9e d&#039;angle encastr\u00e9e et poches frais\u00e9es pour un jeu plus facile et une apparence lisse. Garniture lat\u00e9rale et d&#039;extr\u00e9mit\u00e9 en aluminium \u00e0 vis dissimul\u00e9e  &nbsp;\" \/>\n<meta name=\"robots\" content=\"index, follow, max-snippet:-1, max-image-preview:large, max-video-preview:-1\" \/>\n<link rel=\"canonical\" href=\"https:\/\/theworldbilliards.com\/fr\/produit\/billard-valley-panther-home\/\" \/>\n<meta property=\"og:locale\" content=\"fr_FR\" \/>\n<meta property=\"og:type\" content=\"article\" \/>\n<meta property=\"og:title\" content=\"Acheter Billard VALLEY Panther Home - The World Billiards\" \/>\n<meta property=\"og:description\" content=\"Maintenant disponible dans un mod\u00e8le sans pi\u00e8ces de monnaie : le Valley Panther test\u00e9 en tournoi est parfait pour les maisons, les salles de jeux et les endroits o\u00f9 le jeu de pi\u00e8ces peut ne pas \u00eatre une n\u00e9cessit\u00e9 ; mais la durabilit\u00e9, l&#039;esth\u00e9tique et la qualit\u00e9 des tournois sont indispensables. La maison Panther est maintenant disponible en Dakar Ebony et Black Frost. Chaque table Valley Panther Home offre des viseurs blancs \u00e0 haute visibilit\u00e9, des garnitures lat\u00e9rales et d&#039;extr\u00e9mit\u00e9 \u00e0 vis dissimul\u00e9es, ainsi que des coins et des poches encastr\u00e9s conviviaux pour les joueurs. Stratifi\u00e9 de table \u00e9galement disponible en Dakar Ebony et Black Frost  Support d&#039;ardoise en aluminium solide pour une int\u00e9grit\u00e9 structurelle et une surface de jeu plane Syst\u00e8me de rail de coussin de comp\u00e9tition \u00e0 cinq boulons pour un jeu constant Ardoise import\u00e9e monobloc solide Le niveleur de jambe facilement r\u00e9glable permet \u00e0 une personne avec une cl\u00e9 standard de niveler une table en quelques minutes. La goulotte de retour de balle monobloc \u00e9limine les balles coinc\u00e9es. Coul\u00e9e d&#039;angle encastr\u00e9e et poches frais\u00e9es pour un jeu plus facile et une apparence lisse. Garniture lat\u00e9rale et d&#039;extr\u00e9mit\u00e9 en aluminium \u00e0 vis dissimul\u00e9e  &nbsp;\" \/>\n<meta property=\"og:url\" content=\"https:\/\/theworldbilliards.com\/fr\/produit\/billard-valley-panther-home\/\" \/>\n<meta property=\"og:site_name\" content=\"The World Billiards\" \/>\n<meta property=\"article:publisher\" content=\"https:\/\/www.facebook.com\/baby.foot.superbes\" \/>\n<meta property=\"article:modified_time\" content=\"2026-02-16T12:52:34+00:00\" \/>\n<meta property=\"og:image\" content=\"https:\/\/theworldbilliards.com\/wp-content\/uploads\/2018\/08\/Valley_Panther_Home.jpg\" \/>\n\t<meta property=\"og:image:width\" content=\"1000\" \/>\n\t<meta property=\"og:image:height\" content=\"1000\" \/>\n\t<meta property=\"og:image:type\" content=\"image\/jpeg\" \/>\n<meta name=\"twitter:card\" content=\"summary_large_image\" \/>\n<meta name=\"twitter:label1\" content=\"Dur\u00e9e de lecture estim\u00e9e\" \/>\n\t<meta name=\"twitter:data1\" content=\"1 minute\" \/>\n<script type=\"application\/ld+json\" class=\"yoast-schema-graph\">{\"@context\":\"https:\\\/\\\/schema.org\",\"@graph\":[{\"@type\":\"WebPage\",\"@id\":\"https:\\\/\\\/theworldbilliards.com\\\/fr\\\/produit\\\/billard-valley-panther-home\\\/\",\"url\":\"https:\\\/\\\/theworldbilliards.com\\\/fr\\\/produit\\\/billard-valley-panther-home\\\/\",\"name\":\"Acheter Billard VALLEY Panther Home - The World Billiards\",\"isPartOf\":{\"@id\":\"https:\\\/\\\/theworldbilliards.com\\\/fr\\\/#website\"},\"primaryImageOfPage\":{\"@id\":\"https:\\\/\\\/theworldbilliards.com\\\/fr\\\/produit\\\/billard-valley-panther-home\\\/#primaryimage\"},\"image\":{\"@id\":\"https:\\\/\\\/theworldbilliards.com\\\/fr\\\/produit\\\/billard-valley-panther-home\\\/#primaryimage\"},\"thumbnailUrl\":\"https:\\\/\\\/theworldbilliards.com\\\/wp-content\\\/uploads\\\/2018\\\/08\\\/Panther-in-Dakar-Ebony.jpg\",\"datePublished\":\"2018-08-17T10:33:42+00:00\",\"dateModified\":\"2026-02-16T12:52:34+00:00\",\"description\":\"Maintenant disponible dans un mod\u00e8le sans pi\u00e8ces de monnaie : le Valley Panther test\u00e9 en tournoi est parfait pour les maisons, les salles de jeux et les endroits o\u00f9 le jeu de pi\u00e8ces peut ne pas \u00eatre une n\u00e9cessit\u00e9 ; mais la durabilit\u00e9, l'esth\u00e9tique et la qualit\u00e9 des tournois sont indispensables. La maison Panther est maintenant disponible en Dakar Ebony et Black Frost. Chaque table Valley Panther Home offre des viseurs blancs \u00e0 haute visibilit\u00e9, des garnitures lat\u00e9rales et d'extr\u00e9mit\u00e9 \u00e0 vis dissimul\u00e9es, ainsi que des coins et des poches encastr\u00e9s conviviaux pour les joueurs. Stratifi\u00e9 de table \u00e9galement disponible en Dakar Ebony et Black Frost Support d'ardoise en aluminium solide pour une int\u00e9grit\u00e9 structurelle et une surface de jeu plane Syst\u00e8me de rail de coussin de comp\u00e9tition \u00e0 cinq boulons pour un jeu constant Ardoise import\u00e9e monobloc solide Le niveleur de jambe facilement r\u00e9glable permet \u00e0 une personne avec une cl\u00e9 standard de niveler une table en quelques minutes. La goulotte de retour de balle monobloc \u00e9limine les balles coinc\u00e9es. Coul\u00e9e d'angle encastr\u00e9e et poches frais\u00e9es pour un jeu plus facile et une apparence lisse. Garniture lat\u00e9rale et d'extr\u00e9mit\u00e9 en aluminium \u00e0 vis dissimul\u00e9e &nbsp;\",\"breadcrumb\":{\"@id\":\"https:\\\/\\\/theworldbilliards.com\\\/fr\\\/produit\\\/billard-valley-panther-home\\\/#breadcrumb\"},\"inLanguage\":\"fr-FR\",\"potentialAction\":[{\"@type\":\"ReadAction\",\"target\":[\"https:\\\/\\\/theworldbilliards.com\\\/fr\\\/produit\\\/billard-valley-panther-home\\\/\"]}]},{\"@type\":\"ImageObject\",\"inLanguage\":\"fr-FR\",\"@id\":\"https:\\\/\\\/theworldbilliards.com\\\/fr\\\/produit\\\/billard-valley-panther-home\\\/#primaryimage\",\"url\":\"https:\\\/\\\/theworldbilliards.com\\\/wp-content\\\/uploads\\\/2018\\\/08\\\/Panther-in-Dakar-Ebony.jpg\",\"contentUrl\":\"https:\\\/\\\/theworldbilliards.com\\\/wp-content\\\/uploads\\\/2018\\\/08\\\/Panther-in-Dakar-Ebony.jpg\",\"width\":1280,\"height\":1280},{\"@type\":\"BreadcrumbList\",\"@id\":\"https:\\\/\\\/theworldbilliards.com\\\/fr\\\/produit\\\/billard-valley-panther-home\\\/#breadcrumb\",\"itemListElement\":[{\"@type\":\"ListItem\",\"position\":1,\"name\":\"In\u00edcio\",\"item\":\"https:\\\/\\\/theworldbilliards.com\\\/fr\\\/\"},{\"@type\":\"ListItem\",\"position\":2,\"name\":\"Boutique en ligne\",\"item\":\"https:\\\/\\\/theworldbilliards.com\\\/fr\\\/boutique-theworldbilliards\\\/\"},{\"@type\":\"ListItem\",\"position\":3,\"name\":\"Billard VALLEY Panther Home\"}]},{\"@type\":\"WebSite\",\"@id\":\"https:\\\/\\\/theworldbilliards.com\\\/fr\\\/#website\",\"url\":\"https:\\\/\\\/theworldbilliards.com\\\/fr\\\/\",\"name\":\"TheWorldBilliards\",\"description\":\"Achetez ici billard, baby-foot, ping-pong et bowling\",\"publisher\":{\"@id\":\"https:\\\/\\\/theworldbilliards.com\\\/fr\\\/#organization\"},\"alternateName\":\"The world billiards\",\"potentialAction\":[{\"@type\":\"SearchAction\",\"target\":{\"@type\":\"EntryPoint\",\"urlTemplate\":\"https:\\\/\\\/theworldbilliards.com\\\/fr\\\/?s={search_term_string}\"},\"query-input\":{\"@type\":\"PropertyValueSpecification\",\"valueRequired\":true,\"valueName\":\"search_term_string\"}}],\"inLanguage\":\"fr-FR\"},{\"@type\":\"Organization\",\"@id\":\"https:\\\/\\\/theworldbilliards.com\\\/fr\\\/#organization\",\"name\":\"The World Billiards\",\"alternateName\":\"The World Billiards\",\"url\":\"https:\\\/\\\/theworldbilliards.com\\\/fr\\\/\",\"logo\":{\"@type\":\"ImageObject\",\"inLanguage\":\"fr-FR\",\"@id\":\"https:\\\/\\\/theworldbilliards.com\\\/fr\\\/#\\\/schema\\\/logo\\\/image\\\/\",\"url\":\"\",\"contentUrl\":\"\",\"caption\":\"The World Billiards\"},\"image\":{\"@id\":\"https:\\\/\\\/theworldbilliards.com\\\/fr\\\/#\\\/schema\\\/logo\\\/image\\\/\"},\"sameAs\":[\"https:\\\/\\\/www.facebook.com\\\/baby.foot.superbes\",\"https:\\\/\\\/www.youtube.com\\\/channel\\\/UCIMuOVAaUcH6UpZcsZlH0Tg\",\"https:\\\/\\\/www.facebook.com\\\/people\\\/Brunswick-Billiards-EspaaPortugal\\\/100066446264309\\\/\",\"https:\\\/\\\/www.instagram.com\\\/the_world_billiards\\\/\",\"https:\\\/\\\/www.pinterest.es\\\/Theworldbilliards\\\/\"]}]}<\/script>\n<!-- \/ Yoast SEO plugin. -->","yoast_head_json":{"title":"Acheter Billard VALLEY Panther Home - The World Billiards","description":"Maintenant disponible dans un mod\u00e8le sans pi\u00e8ces de monnaie : le Valley Panther test\u00e9 en tournoi est parfait pour les maisons, les salles de jeux et les endroits o\u00f9 le jeu de pi\u00e8ces peut ne pas \u00eatre une n\u00e9cessit\u00e9 ; mais la durabilit\u00e9, l'esth\u00e9tique et la qualit\u00e9 des tournois sont indispensables. La maison Panther est maintenant disponible en Dakar Ebony et Black Frost. Chaque table Valley Panther Home offre des viseurs blancs \u00e0 haute visibilit\u00e9, des garnitures lat\u00e9rales et d'extr\u00e9mit\u00e9 \u00e0 vis dissimul\u00e9es, ainsi que des coins et des poches encastr\u00e9s conviviaux pour les joueurs. Stratifi\u00e9 de table \u00e9galement disponible en Dakar Ebony et Black Frost  Support d'ardoise en aluminium solide pour une int\u00e9grit\u00e9 structurelle et une surface de jeu plane Syst\u00e8me de rail de coussin de comp\u00e9tition \u00e0 cinq boulons pour un jeu constant Ardoise import\u00e9e monobloc solide Le niveleur de jambe facilement r\u00e9glable permet \u00e0 une personne avec une cl\u00e9 standard de niveler une table en quelques minutes. La goulotte de retour de balle monobloc \u00e9limine les balles coinc\u00e9es. Coul\u00e9e d'angle encastr\u00e9e et poches frais\u00e9es pour un jeu plus facile et une apparence lisse. Garniture lat\u00e9rale et d'extr\u00e9mit\u00e9 en aluminium \u00e0 vis dissimul\u00e9e  &nbsp;","robots":{"index":"index","follow":"follow","max-snippet":"max-snippet:-1","max-image-preview":"max-image-preview:large","max-video-preview":"max-video-preview:-1"},"canonical":"https:\/\/theworldbilliards.com\/fr\/produit\/billard-valley-panther-home\/","og_locale":"fr_FR","og_type":"article","og_title":"Acheter Billard VALLEY Panther Home - The World Billiards","og_description":"Maintenant disponible dans un mod\u00e8le sans pi\u00e8ces de monnaie : le Valley Panther test\u00e9 en tournoi est parfait pour les maisons, les salles de jeux et les endroits o\u00f9 le jeu de pi\u00e8ces peut ne pas \u00eatre une n\u00e9cessit\u00e9 ; mais la durabilit\u00e9, l'esth\u00e9tique et la qualit\u00e9 des tournois sont indispensables. La maison Panther est maintenant disponible en Dakar Ebony et Black Frost. Chaque table Valley Panther Home offre des viseurs blancs \u00e0 haute visibilit\u00e9, des garnitures lat\u00e9rales et d'extr\u00e9mit\u00e9 \u00e0 vis dissimul\u00e9es, ainsi que des coins et des poches encastr\u00e9s conviviaux pour les joueurs. Stratifi\u00e9 de table \u00e9galement disponible en Dakar Ebony et Black Frost  Support d'ardoise en aluminium solide pour une int\u00e9grit\u00e9 structurelle et une surface de jeu plane Syst\u00e8me de rail de coussin de comp\u00e9tition \u00e0 cinq boulons pour un jeu constant Ardoise import\u00e9e monobloc solide Le niveleur de jambe facilement r\u00e9glable permet \u00e0 une personne avec une cl\u00e9 standard de niveler une table en quelques minutes. La goulotte de retour de balle monobloc \u00e9limine les balles coinc\u00e9es. Coul\u00e9e d'angle encastr\u00e9e et poches frais\u00e9es pour un jeu plus facile et une apparence lisse. Garniture lat\u00e9rale et d'extr\u00e9mit\u00e9 en aluminium \u00e0 vis dissimul\u00e9e  &nbsp;","og_url":"https:\/\/theworldbilliards.com\/fr\/produit\/billard-valley-panther-home\/","og_site_name":"The World Billiards","article_publisher":"https:\/\/www.facebook.com\/baby.foot.superbes","article_modified_time":"2026-02-16T12:52:34+00:00","og_image":[{"width":1000,"height":1000,"url":"https:\/\/theworldbilliards.com\/wp-content\/uploads\/2018\/08\/Valley_Panther_Home.jpg","type":"image\/jpeg"}],"twitter_card":"summary_large_image","twitter_misc":{"Dur\u00e9e de lecture estim\u00e9e":"1 minute"},"schema":{"@context":"https:\/\/schema.org","@graph":[{"@type":"WebPage","@id":"https:\/\/theworldbilliards.com\/fr\/produit\/billard-valley-panther-home\/","url":"https:\/\/theworldbilliards.com\/fr\/produit\/billard-valley-panther-home\/","name":"Acheter Billard VALLEY Panther Home - The World Billiards","isPartOf":{"@id":"https:\/\/theworldbilliards.com\/fr\/#website"},"primaryImageOfPage":{"@id":"https:\/\/theworldbilliards.com\/fr\/produit\/billard-valley-panther-home\/#primaryimage"},"image":{"@id":"https:\/\/theworldbilliards.com\/fr\/produit\/billard-valley-panther-home\/#primaryimage"},"thumbnailUrl":"https:\/\/theworldbilliards.com\/wp-content\/uploads\/2018\/08\/Panther-in-Dakar-Ebony.jpg","datePublished":"2018-08-17T10:33:42+00:00","dateModified":"2026-02-16T12:52:34+00:00","description":"Maintenant disponible dans un mod\u00e8le sans pi\u00e8ces de monnaie : le Valley Panther test\u00e9 en tournoi est parfait pour les maisons, les salles de jeux et les endroits o\u00f9 le jeu de pi\u00e8ces peut ne pas \u00eatre une n\u00e9cessit\u00e9 ; mais la durabilit\u00e9, l'esth\u00e9tique et la qualit\u00e9 des tournois sont indispensables. La maison Panther est maintenant disponible en Dakar Ebony et Black Frost. Chaque table Valley Panther Home offre des viseurs blancs \u00e0 haute visibilit\u00e9, des garnitures lat\u00e9rales et d'extr\u00e9mit\u00e9 \u00e0 vis dissimul\u00e9es, ainsi que des coins et des poches encastr\u00e9s conviviaux pour les joueurs. Stratifi\u00e9 de table \u00e9galement disponible en Dakar Ebony et Black Frost Support d'ardoise en aluminium solide pour une int\u00e9grit\u00e9 structurelle et une surface de jeu plane Syst\u00e8me de rail de coussin de comp\u00e9tition \u00e0 cinq boulons pour un jeu constant Ardoise import\u00e9e monobloc solide Le niveleur de jambe facilement r\u00e9glable permet \u00e0 une personne avec une cl\u00e9 standard de niveler une table en quelques minutes. La goulotte de retour de balle monobloc \u00e9limine les balles coinc\u00e9es. Coul\u00e9e d'angle encastr\u00e9e et poches frais\u00e9es pour un jeu plus facile et une apparence lisse. Garniture lat\u00e9rale et d'extr\u00e9mit\u00e9 en aluminium \u00e0 vis dissimul\u00e9e &nbsp;","breadcrumb":{"@id":"https:\/\/theworldbilliards.com\/fr\/produit\/billard-valley-panther-home\/#breadcrumb"},"inLanguage":"fr-FR","potentialAction":[{"@type":"ReadAction","target":["https:\/\/theworldbilliards.com\/fr\/produit\/billard-valley-panther-home\/"]}]},{"@type":"ImageObject","inLanguage":"fr-FR","@id":"https:\/\/theworldbilliards.com\/fr\/produit\/billard-valley-panther-home\/#primaryimage","url":"https:\/\/theworldbilliards.com\/wp-content\/uploads\/2018\/08\/Panther-in-Dakar-Ebony.jpg","contentUrl":"https:\/\/theworldbilliards.com\/wp-content\/uploads\/2018\/08\/Panther-in-Dakar-Ebony.jpg","width":1280,"height":1280},{"@type":"BreadcrumbList","@id":"https:\/\/theworldbilliards.com\/fr\/produit\/billard-valley-panther-home\/#breadcrumb","itemListElement":[{"@type":"ListItem","position":1,"name":"In\u00edcio","item":"https:\/\/theworldbilliards.com\/fr\/"},{"@type":"ListItem","position":2,"name":"Boutique en ligne","item":"https:\/\/theworldbilliards.com\/fr\/boutique-theworldbilliards\/"},{"@type":"ListItem","position":3,"name":"Billard VALLEY Panther Home"}]},{"@type":"WebSite","@id":"https:\/\/theworldbilliards.com\/fr\/#website","url":"https:\/\/theworldbilliards.com\/fr\/","name":"TheWorldBilliards","description":"Achetez ici billard, baby-foot, ping-pong et bowling","publisher":{"@id":"https:\/\/theworldbilliards.com\/fr\/#organization"},"alternateName":"The world billiards","potentialAction":[{"@type":"SearchAction","target":{"@type":"EntryPoint","urlTemplate":"https:\/\/theworldbilliards.com\/fr\/?s={search_term_string}"},"query-input":{"@type":"PropertyValueSpecification","valueRequired":true,"valueName":"search_term_string"}}],"inLanguage":"fr-FR"},{"@type":"Organization","@id":"https:\/\/theworldbilliards.com\/fr\/#organization","name":"The World Billiards","alternateName":"The World Billiards","url":"https:\/\/theworldbilliards.com\/fr\/","logo":{"@type":"ImageObject","inLanguage":"fr-FR","@id":"https:\/\/theworldbilliards.com\/fr\/#\/schema\/logo\/image\/","url":"","contentUrl":"","caption":"The World Billiards"},"image":{"@id":"https:\/\/theworldbilliards.com\/fr\/#\/schema\/logo\/image\/"},"sameAs":["https:\/\/www.facebook.com\/baby.foot.superbes","https:\/\/www.youtube.com\/channel\/UCIMuOVAaUcH6UpZcsZlH0Tg","https:\/\/www.facebook.com\/people\/Brunswick-Billiards-EspaaPortugal\/100066446264309\/","https:\/\/www.instagram.com\/the_world_billiards\/","https:\/\/www.pinterest.es\/Theworldbilliards\/"]}]}},"_links":{"self":[{"href":"https:\/\/theworldbilliards.com\/fr\/wp-json\/wp\/v2\/product\/52347","targetHints":{"allow":["GET"]}}],"collection":[{"href":"https:\/\/theworldbilliards.com\/fr\/wp-json\/wp\/v2\/product"}],"about":[{"href":"https:\/\/theworldbilliards.com\/fr\/wp-json\/wp\/v2\/types\/product"}],"wp:featuredmedia":[{"embeddable":true,"href":"https:\/\/theworldbilliards.com\/fr\/wp-json\/wp\/v2\/media\/111743"}],"wp:attachment":[{"href":"https:\/\/theworldbilliards.com\/fr\/wp-json\/wp\/v2\/media?parent=52347"}],"wp:term":[{"taxonomy":"product_brand","embeddable":true,"href":"https:\/\/theworldbilliards.com\/fr\/wp-json\/wp\/v2\/product_brand?post=52347"},{"taxonomy":"product_cat","embeddable":true,"href":"https:\/\/theworldbilliards.com\/fr\/wp-json\/wp\/v2\/product_cat?post=52347"},{"taxonomy":"product_tag","embeddable":true,"href":"https:\/\/theworldbilliards.com\/fr\/wp-json\/wp\/v2\/product_tag?post=52347"}],"curies":[{"name":"wp","href":"https:\/\/api.w.org\/{rel}","templated":true}]}}