{"id":52368,"date":"2018-08-17T12:54:19","date_gmt":"2018-08-17T10:54:19","guid":{"rendered":"https:\/\/theworldbilliards.com\/produto\/table-de-billard-dynamo-sedona\/"},"modified":"2024-03-01T12:46:42","modified_gmt":"2024-03-01T11:46:42","slug":"billard-dynamo-sedona","status":"publish","type":"product","link":"https:\/\/theworldbilliards.com\/fr\/produit\/billard-dynamo-sedona\/","title":{"rendered":"Billard Dynamo Sedona"},"content":{"rendered":"<p>Les lieux adoreront le look, les joueurs adoreront l&rsquo;action, les op\u00e9rateurs adoreront les revenus. Le superbe ensemble d&rsquo;apparence Midnight Black rendra la Sedona de Dynamo parfaitement adapt\u00e9e \u00e0 pratiquement tous les d\u00e9cors. Cette table de billard est disponible en mod\u00e8les de 6,5 pieds, 7 pieds et 8 pieds et est livr\u00e9e en standard avec une goulotte \u00e0 pousser qui peut \u00eatre programm\u00e9e pour accepter la plupart des devises.<\/p>\n<p>Le s\u00e9parateur de bille magn\u00e9tique n&rsquo;a pas de pi\u00e8ces mobiles\u00a0; con\u00e7u pour s\u00e9parer les balles magn\u00e9tiques et surdimensionn\u00e9es<br \/>\nSupport d&rsquo;ardoise en acier galvanis\u00e9 de gros calibre<br \/>\nConstruction d&rsquo;armoires de haute qualit\u00e9\u00a0; pi\u00e8ces d&rsquo;usure recouvertes de m\u00e9tal ou de plastique pour une dur\u00e9e de vie plus longue<br \/>\nM\u00e9canisme Push Chute con\u00e7u pour prendre des jetons ou la plupart des devises<\/p>\n<p>Tailles disponibles<br \/>\n101&Prime; &#8211; 8 pieds<br \/>\n93&Prime; &#8211; 7 pieds<br \/>\n88&Prime; &#8211; 6,5 pieds<\/p>\n","protected":false},"excerpt":{"rendered":"<p>Les lieux adoreront le look, les joueurs adoreront l&rsquo;action, les op\u00e9rateurs adoreront les revenus. Le superbe ensemble d&rsquo;apparence Midnight Black [&hellip;]<\/p>\n","protected":false},"featured_media":104848,"template":"","meta":{"site-sidebar-layout":"default","site-content-layout":"","ast-site-content-layout":"default","site-content-style":"default","site-sidebar-style":"default","ast-global-header-display":"","ast-banner-title-visibility":"","ast-main-header-display":"","ast-hfb-above-header-display":"","ast-hfb-below-header-display":"","ast-hfb-mobile-header-display":"","site-post-title":"","ast-breadcrumbs-content":"","ast-featured-img":"","footer-sml-layout":"","ast-disable-related-posts":"","theme-transparent-header-meta":"default","adv-header-id-meta":"","stick-header-meta":"","header-above-stick-meta":"","header-main-stick-meta":"","header-below-stick-meta":"","astra-migrate-meta-layouts":"default","ast-page-background-enabled":"default","ast-page-background-meta":{"desktop":{"background-color":"var(--ast-global-color-4)","background-image":"","background-repeat":"repeat","background-position":"center center","background-size":"auto","background-attachment":"scroll","background-type":"","background-media":"","overlay-type":"","overlay-color":"","overlay-opacity":"","overlay-gradient":""},"tablet":{"background-color":"","background-image":"","background-repeat":"repeat","background-position":"center center","background-size":"auto","background-attachment":"scroll","background-type":"","background-media":"","overlay-type":"","overlay-color":"","overlay-opacity":"","overlay-gradient":""},"mobile":{"background-color":"","background-image":"","background-repeat":"repeat","background-position":"center center","background-size":"auto","background-attachment":"scroll","background-type":"","background-media":"","overlay-type":"","overlay-color":"","overlay-opacity":"","overlay-gradient":""}},"ast-content-background-meta":{"desktop":{"background-color":"var(--ast-global-color-5)","background-image":"","background-repeat":"repeat","background-position":"center center","background-size":"auto","background-attachment":"scroll","background-type":"","background-media":"","overlay-type":"","overlay-color":"","overlay-opacity":"","overlay-gradient":""},"tablet":{"background-color":"var(--ast-global-color-5)","background-image":"","background-repeat":"repeat","background-position":"center center","background-size":"auto","background-attachment":"scroll","background-type":"","background-media":"","overlay-type":"","overlay-color":"","overlay-opacity":"","overlay-gradient":""},"mobile":{"background-color":"var(--ast-global-color-5)","background-image":"","background-repeat":"repeat","background-position":"center center","background-size":"auto","background-attachment":"scroll","background-type":"","background-media":"","overlay-type":"","overlay-color":"","overlay-opacity":"","overlay-gradient":""}}},"product_brand":[5202],"product_cat":[4526,1268],"product_tag":[],"class_list":{"0":"post-52368","1":"product","2":"type-product","3":"status-publish","4":"has-post-thumbnail","6":"product_brand-valley-dynamo-fr","7":"product_cat-produits-commerciaux","8":"product_cat-valley-dynamo-billards","9":"product_shipping_class-grand-billards","10":"desktop-align-center","11":"tablet-align-left","12":"mobile-align-left","14":"first","15":"instock","16":"taxable","17":"shipping-taxable","18":"product-type-simple"},"yoast_head":"<!-- This site is optimized with the Yoast SEO plugin v27.4 - https:\/\/yoast.com\/product\/yoast-seo-wordpress\/ -->\n<title>Acheter Billard Dynamo Sedona - The World Billiards<\/title>\n<meta name=\"description\" content=\"Les lieux adoreront le look, les joueurs adoreront l&#039;action, les op\u00e9rateurs adoreront les revenus. Le superbe ensemble d&#039;apparence Midnight Black rendra la Sedona de Dynamo parfaitement adapt\u00e9e \u00e0 pratiquement tous les d\u00e9cors. Cette table de billard est disponible en mod\u00e8les de 6,5 pieds, 7 pieds et 8 pieds et est livr\u00e9e en standard avec une goulotte \u00e0 pousser qui peut \u00eatre programm\u00e9e pour accepter la plupart des devises.  Le s\u00e9parateur de bille magn\u00e9tique n&#039;a pas de pi\u00e8ces mobiles\u00a0; con\u00e7u pour s\u00e9parer les balles magn\u00e9tiques et surdimensionn\u00e9es Support d&#039;ardoise en acier galvanis\u00e9 de gros calibre Construction d&#039;armoires de haute qualit\u00e9\u00a0; pi\u00e8ces d&#039;usure recouvertes de m\u00e9tal ou de plastique pour une dur\u00e9e de vie plus longue M\u00e9canisme Push Chute con\u00e7u pour prendre des jetons ou la plupart des devises  Tailles disponibles 101&quot; - 8 pieds 93&quot; - 7 pieds 88&quot; - 6,5 pieds\" \/>\n<meta name=\"robots\" content=\"index, follow, max-snippet:-1, max-image-preview:large, max-video-preview:-1\" \/>\n<link rel=\"canonical\" href=\"https:\/\/theworldbilliards.com\/fr\/produit\/billard-dynamo-sedona\/\" \/>\n<meta property=\"og:locale\" content=\"fr_FR\" \/>\n<meta property=\"og:type\" content=\"article\" \/>\n<meta property=\"og:title\" content=\"Acheter Billard Dynamo Sedona - The World Billiards\" \/>\n<meta property=\"og:description\" content=\"Les lieux adoreront le look, les joueurs adoreront l&#039;action, les op\u00e9rateurs adoreront les revenus. Le superbe ensemble d&#039;apparence Midnight Black rendra la Sedona de Dynamo parfaitement adapt\u00e9e \u00e0 pratiquement tous les d\u00e9cors. Cette table de billard est disponible en mod\u00e8les de 6,5 pieds, 7 pieds et 8 pieds et est livr\u00e9e en standard avec une goulotte \u00e0 pousser qui peut \u00eatre programm\u00e9e pour accepter la plupart des devises.  Le s\u00e9parateur de bille magn\u00e9tique n&#039;a pas de pi\u00e8ces mobiles\u00a0; con\u00e7u pour s\u00e9parer les balles magn\u00e9tiques et surdimensionn\u00e9es Support d&#039;ardoise en acier galvanis\u00e9 de gros calibre Construction d&#039;armoires de haute qualit\u00e9\u00a0; pi\u00e8ces d&#039;usure recouvertes de m\u00e9tal ou de plastique pour une dur\u00e9e de vie plus longue M\u00e9canisme Push Chute con\u00e7u pour prendre des jetons ou la plupart des devises  Tailles disponibles 101&quot; - 8 pieds 93&quot; - 7 pieds 88&quot; - 6,5 pieds\" \/>\n<meta property=\"og:url\" content=\"https:\/\/theworldbilliards.com\/fr\/produit\/billard-dynamo-sedona\/\" \/>\n<meta property=\"og:site_name\" content=\"The World Billiards\" \/>\n<meta property=\"article:publisher\" content=\"https:\/\/www.facebook.com\/baby.foot.superbes\" \/>\n<meta property=\"article:modified_time\" content=\"2024-03-01T11:46:42+00:00\" \/>\n<meta property=\"og:image\" content=\"https:\/\/theworldbilliards.com\/wp-content\/uploads\/2018\/08\/SedonaMidnight2.png\" \/>\n\t<meta property=\"og:image:width\" content=\"1000\" \/>\n\t<meta property=\"og:image:height\" content=\"1000\" \/>\n\t<meta property=\"og:image:type\" content=\"image\/png\" \/>\n<meta name=\"twitter:card\" content=\"summary_large_image\" \/>\n<meta name=\"twitter:label1\" content=\"Dur\u00e9e de lecture estim\u00e9e\" \/>\n\t<meta name=\"twitter:data1\" content=\"1 minute\" \/>\n<script type=\"application\/ld+json\" class=\"yoast-schema-graph\">{\"@context\":\"https:\\\/\\\/schema.org\",\"@graph\":[{\"@type\":\"WebPage\",\"@id\":\"https:\\\/\\\/theworldbilliards.com\\\/fr\\\/produit\\\/billard-dynamo-sedona\\\/\",\"url\":\"https:\\\/\\\/theworldbilliards.com\\\/fr\\\/produit\\\/billard-dynamo-sedona\\\/\",\"name\":\"Acheter Billard Dynamo Sedona - The World Billiards\",\"isPartOf\":{\"@id\":\"https:\\\/\\\/theworldbilliards.com\\\/fr\\\/#website\"},\"primaryImageOfPage\":{\"@id\":\"https:\\\/\\\/theworldbilliards.com\\\/fr\\\/produit\\\/billard-dynamo-sedona\\\/#primaryimage\"},\"image\":{\"@id\":\"https:\\\/\\\/theworldbilliards.com\\\/fr\\\/produit\\\/billard-dynamo-sedona\\\/#primaryimage\"},\"thumbnailUrl\":\"https:\\\/\\\/theworldbilliards.com\\\/wp-content\\\/uploads\\\/2018\\\/08\\\/Dynamo_Sedona.jpg\",\"datePublished\":\"2018-08-17T10:54:19+00:00\",\"dateModified\":\"2024-03-01T11:46:42+00:00\",\"description\":\"Les lieux adoreront le look, les joueurs adoreront l'action, les op\u00e9rateurs adoreront les revenus. Le superbe ensemble d'apparence Midnight Black rendra la Sedona de Dynamo parfaitement adapt\u00e9e \u00e0 pratiquement tous les d\u00e9cors. Cette table de billard est disponible en mod\u00e8les de 6,5 pieds, 7 pieds et 8 pieds et est livr\u00e9e en standard avec une goulotte \u00e0 pousser qui peut \u00eatre programm\u00e9e pour accepter la plupart des devises. Le s\u00e9parateur de bille magn\u00e9tique n'a pas de pi\u00e8ces mobiles\u00a0; con\u00e7u pour s\u00e9parer les balles magn\u00e9tiques et surdimensionn\u00e9es Support d'ardoise en acier galvanis\u00e9 de gros calibre Construction d'armoires de haute qualit\u00e9\u00a0; pi\u00e8ces d'usure recouvertes de m\u00e9tal ou de plastique pour une dur\u00e9e de vie plus longue M\u00e9canisme Push Chute con\u00e7u pour prendre des jetons ou la plupart des devises Tailles disponibles 101\\\" - 8 pieds 93\\\" - 7 pieds 88\\\" - 6,5 pieds\",\"breadcrumb\":{\"@id\":\"https:\\\/\\\/theworldbilliards.com\\\/fr\\\/produit\\\/billard-dynamo-sedona\\\/#breadcrumb\"},\"inLanguage\":\"fr-FR\",\"potentialAction\":[{\"@type\":\"ReadAction\",\"target\":[\"https:\\\/\\\/theworldbilliards.com\\\/fr\\\/produit\\\/billard-dynamo-sedona\\\/\"]}]},{\"@type\":\"ImageObject\",\"inLanguage\":\"fr-FR\",\"@id\":\"https:\\\/\\\/theworldbilliards.com\\\/fr\\\/produit\\\/billard-dynamo-sedona\\\/#primaryimage\",\"url\":\"https:\\\/\\\/theworldbilliards.com\\\/wp-content\\\/uploads\\\/2018\\\/08\\\/Dynamo_Sedona.jpg\",\"contentUrl\":\"https:\\\/\\\/theworldbilliards.com\\\/wp-content\\\/uploads\\\/2018\\\/08\\\/Dynamo_Sedona.jpg\",\"width\":1000,\"height\":998},{\"@type\":\"BreadcrumbList\",\"@id\":\"https:\\\/\\\/theworldbilliards.com\\\/fr\\\/produit\\\/billard-dynamo-sedona\\\/#breadcrumb\",\"itemListElement\":[{\"@type\":\"ListItem\",\"position\":1,\"name\":\"In\u00edcio\",\"item\":\"https:\\\/\\\/theworldbilliards.com\\\/fr\\\/\"},{\"@type\":\"ListItem\",\"position\":2,\"name\":\"Boutique en ligne\",\"item\":\"https:\\\/\\\/theworldbilliards.com\\\/fr\\\/boutique-theworldbilliards\\\/\"},{\"@type\":\"ListItem\",\"position\":3,\"name\":\"Billard Dynamo Sedona\"}]},{\"@type\":\"WebSite\",\"@id\":\"https:\\\/\\\/theworldbilliards.com\\\/fr\\\/#website\",\"url\":\"https:\\\/\\\/theworldbilliards.com\\\/fr\\\/\",\"name\":\"TheWorldBilliards\",\"description\":\"Achetez ici billard, baby-foot, ping-pong et bowling\",\"publisher\":{\"@id\":\"https:\\\/\\\/theworldbilliards.com\\\/fr\\\/#organization\"},\"alternateName\":\"The world billiards\",\"potentialAction\":[{\"@type\":\"SearchAction\",\"target\":{\"@type\":\"EntryPoint\",\"urlTemplate\":\"https:\\\/\\\/theworldbilliards.com\\\/fr\\\/?s={search_term_string}\"},\"query-input\":{\"@type\":\"PropertyValueSpecification\",\"valueRequired\":true,\"valueName\":\"search_term_string\"}}],\"inLanguage\":\"fr-FR\"},{\"@type\":\"Organization\",\"@id\":\"https:\\\/\\\/theworldbilliards.com\\\/fr\\\/#organization\",\"name\":\"The World Billiards\",\"alternateName\":\"The World Billiards\",\"url\":\"https:\\\/\\\/theworldbilliards.com\\\/fr\\\/\",\"logo\":{\"@type\":\"ImageObject\",\"inLanguage\":\"fr-FR\",\"@id\":\"https:\\\/\\\/theworldbilliards.com\\\/fr\\\/#\\\/schema\\\/logo\\\/image\\\/\",\"url\":\"\",\"contentUrl\":\"\",\"caption\":\"The World Billiards\"},\"image\":{\"@id\":\"https:\\\/\\\/theworldbilliards.com\\\/fr\\\/#\\\/schema\\\/logo\\\/image\\\/\"},\"sameAs\":[\"https:\\\/\\\/www.facebook.com\\\/baby.foot.superbes\",\"https:\\\/\\\/www.youtube.com\\\/channel\\\/UCIMuOVAaUcH6UpZcsZlH0Tg\",\"https:\\\/\\\/www.facebook.com\\\/people\\\/Brunswick-Billiards-EspaaPortugal\\\/100066446264309\\\/\",\"https:\\\/\\\/www.instagram.com\\\/the_world_billiards\\\/\",\"https:\\\/\\\/www.pinterest.es\\\/Theworldbilliards\\\/\"]}]}<\/script>\n<!-- \/ Yoast SEO plugin. -->","yoast_head_json":{"title":"Acheter Billard Dynamo Sedona - The World Billiards","description":"Les lieux adoreront le look, les joueurs adoreront l'action, les op\u00e9rateurs adoreront les revenus. Le superbe ensemble d'apparence Midnight Black rendra la Sedona de Dynamo parfaitement adapt\u00e9e \u00e0 pratiquement tous les d\u00e9cors. Cette table de billard est disponible en mod\u00e8les de 6,5 pieds, 7 pieds et 8 pieds et est livr\u00e9e en standard avec une goulotte \u00e0 pousser qui peut \u00eatre programm\u00e9e pour accepter la plupart des devises.  Le s\u00e9parateur de bille magn\u00e9tique n'a pas de pi\u00e8ces mobiles\u00a0; con\u00e7u pour s\u00e9parer les balles magn\u00e9tiques et surdimensionn\u00e9es Support d'ardoise en acier galvanis\u00e9 de gros calibre Construction d'armoires de haute qualit\u00e9\u00a0; pi\u00e8ces d'usure recouvertes de m\u00e9tal ou de plastique pour une dur\u00e9e de vie plus longue M\u00e9canisme Push Chute con\u00e7u pour prendre des jetons ou la plupart des devises  Tailles disponibles 101\" - 8 pieds 93\" - 7 pieds 88\" - 6,5 pieds","robots":{"index":"index","follow":"follow","max-snippet":"max-snippet:-1","max-image-preview":"max-image-preview:large","max-video-preview":"max-video-preview:-1"},"canonical":"https:\/\/theworldbilliards.com\/fr\/produit\/billard-dynamo-sedona\/","og_locale":"fr_FR","og_type":"article","og_title":"Acheter Billard Dynamo Sedona - The World Billiards","og_description":"Les lieux adoreront le look, les joueurs adoreront l'action, les op\u00e9rateurs adoreront les revenus. Le superbe ensemble d'apparence Midnight Black rendra la Sedona de Dynamo parfaitement adapt\u00e9e \u00e0 pratiquement tous les d\u00e9cors. Cette table de billard est disponible en mod\u00e8les de 6,5 pieds, 7 pieds et 8 pieds et est livr\u00e9e en standard avec une goulotte \u00e0 pousser qui peut \u00eatre programm\u00e9e pour accepter la plupart des devises.  Le s\u00e9parateur de bille magn\u00e9tique n'a pas de pi\u00e8ces mobiles\u00a0; con\u00e7u pour s\u00e9parer les balles magn\u00e9tiques et surdimensionn\u00e9es Support d'ardoise en acier galvanis\u00e9 de gros calibre Construction d'armoires de haute qualit\u00e9\u00a0; pi\u00e8ces d'usure recouvertes de m\u00e9tal ou de plastique pour une dur\u00e9e de vie plus longue M\u00e9canisme Push Chute con\u00e7u pour prendre des jetons ou la plupart des devises  Tailles disponibles 101\" - 8 pieds 93\" - 7 pieds 88\" - 6,5 pieds","og_url":"https:\/\/theworldbilliards.com\/fr\/produit\/billard-dynamo-sedona\/","og_site_name":"The World Billiards","article_publisher":"https:\/\/www.facebook.com\/baby.foot.superbes","article_modified_time":"2024-03-01T11:46:42+00:00","og_image":[{"width":1000,"height":1000,"url":"https:\/\/theworldbilliards.com\/wp-content\/uploads\/2018\/08\/SedonaMidnight2.png","type":"image\/png"}],"twitter_card":"summary_large_image","twitter_misc":{"Dur\u00e9e de lecture estim\u00e9e":"1 minute"},"schema":{"@context":"https:\/\/schema.org","@graph":[{"@type":"WebPage","@id":"https:\/\/theworldbilliards.com\/fr\/produit\/billard-dynamo-sedona\/","url":"https:\/\/theworldbilliards.com\/fr\/produit\/billard-dynamo-sedona\/","name":"Acheter Billard Dynamo Sedona - The World Billiards","isPartOf":{"@id":"https:\/\/theworldbilliards.com\/fr\/#website"},"primaryImageOfPage":{"@id":"https:\/\/theworldbilliards.com\/fr\/produit\/billard-dynamo-sedona\/#primaryimage"},"image":{"@id":"https:\/\/theworldbilliards.com\/fr\/produit\/billard-dynamo-sedona\/#primaryimage"},"thumbnailUrl":"https:\/\/theworldbilliards.com\/wp-content\/uploads\/2018\/08\/Dynamo_Sedona.jpg","datePublished":"2018-08-17T10:54:19+00:00","dateModified":"2024-03-01T11:46:42+00:00","description":"Les lieux adoreront le look, les joueurs adoreront l'action, les op\u00e9rateurs adoreront les revenus. Le superbe ensemble d'apparence Midnight Black rendra la Sedona de Dynamo parfaitement adapt\u00e9e \u00e0 pratiquement tous les d\u00e9cors. Cette table de billard est disponible en mod\u00e8les de 6,5 pieds, 7 pieds et 8 pieds et est livr\u00e9e en standard avec une goulotte \u00e0 pousser qui peut \u00eatre programm\u00e9e pour accepter la plupart des devises. Le s\u00e9parateur de bille magn\u00e9tique n'a pas de pi\u00e8ces mobiles\u00a0; con\u00e7u pour s\u00e9parer les balles magn\u00e9tiques et surdimensionn\u00e9es Support d'ardoise en acier galvanis\u00e9 de gros calibre Construction d'armoires de haute qualit\u00e9\u00a0; pi\u00e8ces d'usure recouvertes de m\u00e9tal ou de plastique pour une dur\u00e9e de vie plus longue M\u00e9canisme Push Chute con\u00e7u pour prendre des jetons ou la plupart des devises Tailles disponibles 101\" - 8 pieds 93\" - 7 pieds 88\" - 6,5 pieds","breadcrumb":{"@id":"https:\/\/theworldbilliards.com\/fr\/produit\/billard-dynamo-sedona\/#breadcrumb"},"inLanguage":"fr-FR","potentialAction":[{"@type":"ReadAction","target":["https:\/\/theworldbilliards.com\/fr\/produit\/billard-dynamo-sedona\/"]}]},{"@type":"ImageObject","inLanguage":"fr-FR","@id":"https:\/\/theworldbilliards.com\/fr\/produit\/billard-dynamo-sedona\/#primaryimage","url":"https:\/\/theworldbilliards.com\/wp-content\/uploads\/2018\/08\/Dynamo_Sedona.jpg","contentUrl":"https:\/\/theworldbilliards.com\/wp-content\/uploads\/2018\/08\/Dynamo_Sedona.jpg","width":1000,"height":998},{"@type":"BreadcrumbList","@id":"https:\/\/theworldbilliards.com\/fr\/produit\/billard-dynamo-sedona\/#breadcrumb","itemListElement":[{"@type":"ListItem","position":1,"name":"In\u00edcio","item":"https:\/\/theworldbilliards.com\/fr\/"},{"@type":"ListItem","position":2,"name":"Boutique en ligne","item":"https:\/\/theworldbilliards.com\/fr\/boutique-theworldbilliards\/"},{"@type":"ListItem","position":3,"name":"Billard Dynamo Sedona"}]},{"@type":"WebSite","@id":"https:\/\/theworldbilliards.com\/fr\/#website","url":"https:\/\/theworldbilliards.com\/fr\/","name":"TheWorldBilliards","description":"Achetez ici billard, baby-foot, ping-pong et bowling","publisher":{"@id":"https:\/\/theworldbilliards.com\/fr\/#organization"},"alternateName":"The world billiards","potentialAction":[{"@type":"SearchAction","target":{"@type":"EntryPoint","urlTemplate":"https:\/\/theworldbilliards.com\/fr\/?s={search_term_string}"},"query-input":{"@type":"PropertyValueSpecification","valueRequired":true,"valueName":"search_term_string"}}],"inLanguage":"fr-FR"},{"@type":"Organization","@id":"https:\/\/theworldbilliards.com\/fr\/#organization","name":"The World Billiards","alternateName":"The World Billiards","url":"https:\/\/theworldbilliards.com\/fr\/","logo":{"@type":"ImageObject","inLanguage":"fr-FR","@id":"https:\/\/theworldbilliards.com\/fr\/#\/schema\/logo\/image\/","url":"","contentUrl":"","caption":"The World Billiards"},"image":{"@id":"https:\/\/theworldbilliards.com\/fr\/#\/schema\/logo\/image\/"},"sameAs":["https:\/\/www.facebook.com\/baby.foot.superbes","https:\/\/www.youtube.com\/channel\/UCIMuOVAaUcH6UpZcsZlH0Tg","https:\/\/www.facebook.com\/people\/Brunswick-Billiards-EspaaPortugal\/100066446264309\/","https:\/\/www.instagram.com\/the_world_billiards\/","https:\/\/www.pinterest.es\/Theworldbilliards\/"]}]}},"_links":{"self":[{"href":"https:\/\/theworldbilliards.com\/fr\/wp-json\/wp\/v2\/product\/52368","targetHints":{"allow":["GET"]}}],"collection":[{"href":"https:\/\/theworldbilliards.com\/fr\/wp-json\/wp\/v2\/product"}],"about":[{"href":"https:\/\/theworldbilliards.com\/fr\/wp-json\/wp\/v2\/types\/product"}],"wp:featuredmedia":[{"embeddable":true,"href":"https:\/\/theworldbilliards.com\/fr\/wp-json\/wp\/v2\/media\/104848"}],"wp:attachment":[{"href":"https:\/\/theworldbilliards.com\/fr\/wp-json\/wp\/v2\/media?parent=52368"}],"wp:term":[{"taxonomy":"product_brand","embeddable":true,"href":"https:\/\/theworldbilliards.com\/fr\/wp-json\/wp\/v2\/product_brand?post=52368"},{"taxonomy":"product_cat","embeddable":true,"href":"https:\/\/theworldbilliards.com\/fr\/wp-json\/wp\/v2\/product_cat?post=52368"},{"taxonomy":"product_tag","embeddable":true,"href":"https:\/\/theworldbilliards.com\/fr\/wp-json\/wp\/v2\/product_tag?post=52368"}],"curies":[{"name":"wp","href":"https:\/\/api.w.org\/{rel}","templated":true}]}}