{"id":52995,"date":"2018-10-17T12:07:32","date_gmt":"2018-10-17T10:07:32","guid":{"rendered":"https:\/\/theworldbilliards.com\/produto\/baby-foot-manhattan-ed-madrid\/"},"modified":"2025-10-30T13:16:00","modified_gmt":"2025-10-30T12:16:00","slug":"baby-foot-manhattan-ed-madrid","status":"publish","type":"product","link":"https:\/\/theworldbilliards.com\/fr\/produit\/baby-foot-manhattan-ed-madrid\/","title":{"rendered":"Baby foot Manhattan (Ed. Madrid)"},"content":{"rendered":"<p>a table de baby-foot Manhattan est une table d\u2019excellence avec son style moderne et des joueurs de derni\u00e8re g\u00e9n\u00e9ration, dans laquelle permet de choisir la couleur de la table et la couleur des \u00e9quipes, \u00e9galement en option si possible utiliser toutes les parties lisses pour mettre logos ou dessins en autocollant avec une impression digitale ou laser en option.<\/p>\n<p>Dimension du meuble l\u2019ext\u00e9rieur 147.5 cm x 74,5 cm<\/p>\n<p>Dimensions du terrain de jeu : 118.5 cm x 69.5 cm.<\/p>\n<p>Joueurs en aluminium renforc\u00e9e Portugais, ou Fran\u00e7ais, est joueurs en Bois pieds coll\u00e9s ou en acier pieds s\u00e9par\u00e9es comme en Espagne.<\/p>\n<p>Barres sortantes en acier calibr\u00e9 de 15 mm, en option vous pouvez choisir des barres en acier inoxydable est t\u00e9lescopiques en inox \u00e0 la Fran\u00e7aise.<\/p>\n<p>Il est accompagn\u00e9 de 10 balles en bois, en plastique PVC, ou en li\u00e8ge et vous pouvez \u00e9galement choisir les balles de comp\u00e9tition en option.<\/p>\n<p>&nbsp;<\/p>\n","protected":false},"excerpt":{"rendered":"<p>a table de baby-foot Manhattan est une table d\u2019excellence avec son style moderne et des joueurs de derni\u00e8re g\u00e9n\u00e9ration, dans [&hellip;]<\/p>\n","protected":false},"featured_media":90151,"template":"","meta":{"site-sidebar-layout":"default","site-content-layout":"","ast-site-content-layout":"default","site-content-style":"default","site-sidebar-style":"default","ast-global-header-display":"","ast-banner-title-visibility":"","ast-main-header-display":"","ast-hfb-above-header-display":"","ast-hfb-below-header-display":"","ast-hfb-mobile-header-display":"","site-post-title":"","ast-breadcrumbs-content":"","ast-featured-img":"","footer-sml-layout":"","ast-disable-related-posts":"","theme-transparent-header-meta":"default","adv-header-id-meta":"","stick-header-meta":"","header-above-stick-meta":"","header-main-stick-meta":"","header-below-stick-meta":"","astra-migrate-meta-layouts":"default","ast-page-background-enabled":"default","ast-page-background-meta":{"desktop":{"background-color":"var(--ast-global-color-4)","background-image":"","background-repeat":"repeat","background-position":"center center","background-size":"auto","background-attachment":"scroll","background-type":"","background-media":"","overlay-type":"","overlay-color":"","overlay-opacity":"","overlay-gradient":""},"tablet":{"background-color":"","background-image":"","background-repeat":"repeat","background-position":"center center","background-size":"auto","background-attachment":"scroll","background-type":"","background-media":"","overlay-type":"","overlay-color":"","overlay-opacity":"","overlay-gradient":""},"mobile":{"background-color":"","background-image":"","background-repeat":"repeat","background-position":"center center","background-size":"auto","background-attachment":"scroll","background-type":"","background-media":"","overlay-type":"","overlay-color":"","overlay-opacity":"","overlay-gradient":""}},"ast-content-background-meta":{"desktop":{"background-color":"var(--ast-global-color-5)","background-image":"","background-repeat":"repeat","background-position":"center center","background-size":"auto","background-attachment":"scroll","background-type":"","background-media":"","overlay-type":"","overlay-color":"","overlay-opacity":"","overlay-gradient":""},"tablet":{"background-color":"var(--ast-global-color-5)","background-image":"","background-repeat":"repeat","background-position":"center center","background-size":"auto","background-attachment":"scroll","background-type":"","background-media":"","overlay-type":"","overlay-color":"","overlay-opacity":"","overlay-gradient":""},"mobile":{"background-color":"var(--ast-global-color-5)","background-image":"","background-repeat":"repeat","background-position":"center center","background-size":"auto","background-attachment":"scroll","background-type":"","background-media":"","overlay-type":"","overlay-color":"","overlay-opacity":"","overlay-gradient":""}}},"product_brand":[5218],"product_cat":[1437],"product_tag":[],"class_list":{"0":"post-52995","1":"product","2":"type-product","3":"status-publish","4":"has-post-thumbnail","6":"product_brand-the-world-billiards","7":"product_cat-baby-foot-sans-monnayeur","8":"product_shipping_class-baby-foot","9":"desktop-align-center","10":"tablet-align-left","11":"mobile-align-left","13":"first","14":"instock","15":"taxable","16":"shipping-taxable","17":"purchasable","18":"product-type-simple"},"yoast_head":"<!-- This site is optimized with the Yoast SEO plugin v27.4 - https:\/\/yoast.com\/product\/yoast-seo-wordpress\/ -->\n<title>Acheter Baby foot Manhattan (Ed. Madrid) - The World Billiards<\/title>\n<meta name=\"description\" content=\"a table de baby-foot Manhattan est une table d\u2019excellence avec son style moderne et des joueurs de derni\u00e8re g\u00e9n\u00e9ration, dans laquelle permet de choisir la couleur de la table et la couleur des \u00e9quipes, \u00e9galement en option si possible utiliser toutes les parties lisses pour mettre logos ou dessins en autocollant avec une impression digitale ou laser en option.  Dimension du meuble l\u2019ext\u00e9rieur 147.5 cm x 74,5 cm  Dimensions du terrain de jeu : 118.5 cm x 69.5 cm.  Joueurs en aluminium renforc\u00e9e Portugais, ou Fran\u00e7ais, est joueurs en Bois pieds coll\u00e9s ou en acier pieds s\u00e9par\u00e9es comme en Espagne.  Barres sortantes en acier calibr\u00e9 de 15 mm, en option vous pouvez choisir des barres en acier inoxydable est t\u00e9lescopiques en inox \u00e0 la Fran\u00e7aise.  Il est accompagn\u00e9 de 10 balles en bois, en plastique PVC, ou en li\u00e8ge et vous pouvez \u00e9galement choisir les balles de comp\u00e9tition en option.  &nbsp;\" \/>\n<meta name=\"robots\" content=\"index, follow, max-snippet:-1, max-image-preview:large, max-video-preview:-1\" \/>\n<link rel=\"canonical\" href=\"https:\/\/theworldbilliards.com\/fr\/produit\/baby-foot-manhattan-ed-madrid\/\" \/>\n<meta property=\"og:locale\" content=\"fr_FR\" \/>\n<meta property=\"og:type\" content=\"article\" \/>\n<meta property=\"og:title\" content=\"Acheter Baby foot Manhattan (Ed. Madrid) - The World Billiards\" \/>\n<meta property=\"og:description\" content=\"a table de baby-foot Manhattan est une table d\u2019excellence avec son style moderne et des joueurs de derni\u00e8re g\u00e9n\u00e9ration, dans laquelle permet de choisir la couleur de la table et la couleur des \u00e9quipes, \u00e9galement en option si possible utiliser toutes les parties lisses pour mettre logos ou dessins en autocollant avec une impression digitale ou laser en option.  Dimension du meuble l\u2019ext\u00e9rieur 147.5 cm x 74,5 cm  Dimensions du terrain de jeu : 118.5 cm x 69.5 cm.  Joueurs en aluminium renforc\u00e9e Portugais, ou Fran\u00e7ais, est joueurs en Bois pieds coll\u00e9s ou en acier pieds s\u00e9par\u00e9es comme en Espagne.  Barres sortantes en acier calibr\u00e9 de 15 mm, en option vous pouvez choisir des barres en acier inoxydable est t\u00e9lescopiques en inox \u00e0 la Fran\u00e7aise.  Il est accompagn\u00e9 de 10 balles en bois, en plastique PVC, ou en li\u00e8ge et vous pouvez \u00e9galement choisir les balles de comp\u00e9tition en option.  &nbsp;\" \/>\n<meta property=\"og:url\" content=\"https:\/\/theworldbilliards.com\/fr\/produit\/baby-foot-manhattan-ed-madrid\/\" \/>\n<meta property=\"og:site_name\" content=\"The World Billiards\" \/>\n<meta property=\"article:publisher\" content=\"https:\/\/www.facebook.com\/baby.foot.superbes\" \/>\n<meta property=\"article:modified_time\" content=\"2025-10-30T12:16:00+00:00\" \/>\n<meta property=\"og:image\" content=\"https:\/\/theworldbilliards.com\/wp-content\/uploads\/2018\/10\/manhattan-mad1.png\" \/>\n\t<meta property=\"og:image:width\" content=\"871\" \/>\n\t<meta property=\"og:image:height\" content=\"871\" \/>\n\t<meta property=\"og:image:type\" content=\"image\/png\" \/>\n<meta name=\"twitter:card\" content=\"summary_large_image\" \/>\n<meta name=\"twitter:label1\" content=\"Dur\u00e9e de lecture estim\u00e9e\" \/>\n\t<meta name=\"twitter:data1\" content=\"1 minute\" \/>\n<script type=\"application\/ld+json\" class=\"yoast-schema-graph\">{\"@context\":\"https:\\\/\\\/schema.org\",\"@graph\":[{\"@type\":\"WebPage\",\"@id\":\"https:\\\/\\\/theworldbilliards.com\\\/fr\\\/produit\\\/baby-foot-manhattan-ed-madrid\\\/\",\"url\":\"https:\\\/\\\/theworldbilliards.com\\\/fr\\\/produit\\\/baby-foot-manhattan-ed-madrid\\\/\",\"name\":\"Acheter Baby foot Manhattan (Ed. Madrid) - The World Billiards\",\"isPartOf\":{\"@id\":\"https:\\\/\\\/theworldbilliards.com\\\/fr\\\/#website\"},\"primaryImageOfPage\":{\"@id\":\"https:\\\/\\\/theworldbilliards.com\\\/fr\\\/produit\\\/baby-foot-manhattan-ed-madrid\\\/#primaryimage\"},\"image\":{\"@id\":\"https:\\\/\\\/theworldbilliards.com\\\/fr\\\/produit\\\/baby-foot-manhattan-ed-madrid\\\/#primaryimage\"},\"thumbnailUrl\":\"https:\\\/\\\/theworldbilliards.com\\\/wp-content\\\/uploads\\\/2018\\\/10\\\/manhattan-mad1.png\",\"datePublished\":\"2018-10-17T10:07:32+00:00\",\"dateModified\":\"2025-10-30T12:16:00+00:00\",\"description\":\"a table de baby-foot Manhattan est une table d\u2019excellence avec son style moderne et des joueurs de derni\u00e8re g\u00e9n\u00e9ration, dans laquelle permet de choisir la couleur de la table et la couleur des \u00e9quipes, \u00e9galement en option si possible utiliser toutes les parties lisses pour mettre logos ou dessins en autocollant avec une impression digitale ou laser en option. Dimension du meuble l\u2019ext\u00e9rieur 147.5 cm x 74,5 cm Dimensions du terrain de jeu : 118.5 cm x 69.5 cm. Joueurs en aluminium renforc\u00e9e Portugais, ou Fran\u00e7ais, est joueurs en Bois pieds coll\u00e9s ou en acier pieds s\u00e9par\u00e9es comme en Espagne. Barres sortantes en acier calibr\u00e9 de 15 mm, en option vous pouvez choisir des barres en acier inoxydable est t\u00e9lescopiques en inox \u00e0 la Fran\u00e7aise. Il est accompagn\u00e9 de 10 balles en bois, en plastique PVC, ou en li\u00e8ge et vous pouvez \u00e9galement choisir les balles de comp\u00e9tition en option. &nbsp;\",\"breadcrumb\":{\"@id\":\"https:\\\/\\\/theworldbilliards.com\\\/fr\\\/produit\\\/baby-foot-manhattan-ed-madrid\\\/#breadcrumb\"},\"inLanguage\":\"fr-FR\",\"potentialAction\":[{\"@type\":\"ReadAction\",\"target\":[\"https:\\\/\\\/theworldbilliards.com\\\/fr\\\/produit\\\/baby-foot-manhattan-ed-madrid\\\/\"]}]},{\"@type\":\"ImageObject\",\"inLanguage\":\"fr-FR\",\"@id\":\"https:\\\/\\\/theworldbilliards.com\\\/fr\\\/produit\\\/baby-foot-manhattan-ed-madrid\\\/#primaryimage\",\"url\":\"https:\\\/\\\/theworldbilliards.com\\\/wp-content\\\/uploads\\\/2018\\\/10\\\/manhattan-mad1.png\",\"contentUrl\":\"https:\\\/\\\/theworldbilliards.com\\\/wp-content\\\/uploads\\\/2018\\\/10\\\/manhattan-mad1.png\",\"width\":871,\"height\":871},{\"@type\":\"BreadcrumbList\",\"@id\":\"https:\\\/\\\/theworldbilliards.com\\\/fr\\\/produit\\\/baby-foot-manhattan-ed-madrid\\\/#breadcrumb\",\"itemListElement\":[{\"@type\":\"ListItem\",\"position\":1,\"name\":\"In\u00edcio\",\"item\":\"https:\\\/\\\/theworldbilliards.com\\\/fr\\\/\"},{\"@type\":\"ListItem\",\"position\":2,\"name\":\"Boutique en ligne\",\"item\":\"https:\\\/\\\/theworldbilliards.com\\\/fr\\\/boutique-theworldbilliards\\\/\"},{\"@type\":\"ListItem\",\"position\":3,\"name\":\"Baby foot Manhattan (Ed. Madrid)\"}]},{\"@type\":\"WebSite\",\"@id\":\"https:\\\/\\\/theworldbilliards.com\\\/fr\\\/#website\",\"url\":\"https:\\\/\\\/theworldbilliards.com\\\/fr\\\/\",\"name\":\"TheWorldBilliards\",\"description\":\"Achetez ici billard, baby-foot, ping-pong et bowling\",\"publisher\":{\"@id\":\"https:\\\/\\\/theworldbilliards.com\\\/fr\\\/#organization\"},\"alternateName\":\"The world billiards\",\"potentialAction\":[{\"@type\":\"SearchAction\",\"target\":{\"@type\":\"EntryPoint\",\"urlTemplate\":\"https:\\\/\\\/theworldbilliards.com\\\/fr\\\/?s={search_term_string}\"},\"query-input\":{\"@type\":\"PropertyValueSpecification\",\"valueRequired\":true,\"valueName\":\"search_term_string\"}}],\"inLanguage\":\"fr-FR\"},{\"@type\":\"Organization\",\"@id\":\"https:\\\/\\\/theworldbilliards.com\\\/fr\\\/#organization\",\"name\":\"The World Billiards\",\"alternateName\":\"The World Billiards\",\"url\":\"https:\\\/\\\/theworldbilliards.com\\\/fr\\\/\",\"logo\":{\"@type\":\"ImageObject\",\"inLanguage\":\"fr-FR\",\"@id\":\"https:\\\/\\\/theworldbilliards.com\\\/fr\\\/#\\\/schema\\\/logo\\\/image\\\/\",\"url\":\"\",\"contentUrl\":\"\",\"caption\":\"The World Billiards\"},\"image\":{\"@id\":\"https:\\\/\\\/theworldbilliards.com\\\/fr\\\/#\\\/schema\\\/logo\\\/image\\\/\"},\"sameAs\":[\"https:\\\/\\\/www.facebook.com\\\/baby.foot.superbes\",\"https:\\\/\\\/www.youtube.com\\\/channel\\\/UCIMuOVAaUcH6UpZcsZlH0Tg\",\"https:\\\/\\\/www.facebook.com\\\/people\\\/Brunswick-Billiards-EspaaPortugal\\\/100066446264309\\\/\",\"https:\\\/\\\/www.instagram.com\\\/the_world_billiards\\\/\",\"https:\\\/\\\/www.pinterest.es\\\/Theworldbilliards\\\/\"]}]}<\/script>\n<!-- \/ Yoast SEO plugin. -->","yoast_head_json":{"title":"Acheter Baby foot Manhattan (Ed. Madrid) - The World Billiards","description":"a table de baby-foot Manhattan est une table d\u2019excellence avec son style moderne et des joueurs de derni\u00e8re g\u00e9n\u00e9ration, dans laquelle permet de choisir la couleur de la table et la couleur des \u00e9quipes, \u00e9galement en option si possible utiliser toutes les parties lisses pour mettre logos ou dessins en autocollant avec une impression digitale ou laser en option.  Dimension du meuble l\u2019ext\u00e9rieur 147.5 cm x 74,5 cm  Dimensions du terrain de jeu : 118.5 cm x 69.5 cm.  Joueurs en aluminium renforc\u00e9e Portugais, ou Fran\u00e7ais, est joueurs en Bois pieds coll\u00e9s ou en acier pieds s\u00e9par\u00e9es comme en Espagne.  Barres sortantes en acier calibr\u00e9 de 15 mm, en option vous pouvez choisir des barres en acier inoxydable est t\u00e9lescopiques en inox \u00e0 la Fran\u00e7aise.  Il est accompagn\u00e9 de 10 balles en bois, en plastique PVC, ou en li\u00e8ge et vous pouvez \u00e9galement choisir les balles de comp\u00e9tition en option.  &nbsp;","robots":{"index":"index","follow":"follow","max-snippet":"max-snippet:-1","max-image-preview":"max-image-preview:large","max-video-preview":"max-video-preview:-1"},"canonical":"https:\/\/theworldbilliards.com\/fr\/produit\/baby-foot-manhattan-ed-madrid\/","og_locale":"fr_FR","og_type":"article","og_title":"Acheter Baby foot Manhattan (Ed. Madrid) - The World Billiards","og_description":"a table de baby-foot Manhattan est une table d\u2019excellence avec son style moderne et des joueurs de derni\u00e8re g\u00e9n\u00e9ration, dans laquelle permet de choisir la couleur de la table et la couleur des \u00e9quipes, \u00e9galement en option si possible utiliser toutes les parties lisses pour mettre logos ou dessins en autocollant avec une impression digitale ou laser en option.  Dimension du meuble l\u2019ext\u00e9rieur 147.5 cm x 74,5 cm  Dimensions du terrain de jeu : 118.5 cm x 69.5 cm.  Joueurs en aluminium renforc\u00e9e Portugais, ou Fran\u00e7ais, est joueurs en Bois pieds coll\u00e9s ou en acier pieds s\u00e9par\u00e9es comme en Espagne.  Barres sortantes en acier calibr\u00e9 de 15 mm, en option vous pouvez choisir des barres en acier inoxydable est t\u00e9lescopiques en inox \u00e0 la Fran\u00e7aise.  Il est accompagn\u00e9 de 10 balles en bois, en plastique PVC, ou en li\u00e8ge et vous pouvez \u00e9galement choisir les balles de comp\u00e9tition en option.  &nbsp;","og_url":"https:\/\/theworldbilliards.com\/fr\/produit\/baby-foot-manhattan-ed-madrid\/","og_site_name":"The World Billiards","article_publisher":"https:\/\/www.facebook.com\/baby.foot.superbes","article_modified_time":"2025-10-30T12:16:00+00:00","og_image":[{"width":871,"height":871,"url":"https:\/\/theworldbilliards.com\/wp-content\/uploads\/2018\/10\/manhattan-mad1.png","type":"image\/png"}],"twitter_card":"summary_large_image","twitter_misc":{"Dur\u00e9e de lecture estim\u00e9e":"1 minute"},"schema":{"@context":"https:\/\/schema.org","@graph":[{"@type":"WebPage","@id":"https:\/\/theworldbilliards.com\/fr\/produit\/baby-foot-manhattan-ed-madrid\/","url":"https:\/\/theworldbilliards.com\/fr\/produit\/baby-foot-manhattan-ed-madrid\/","name":"Acheter Baby foot Manhattan (Ed. Madrid) - The World Billiards","isPartOf":{"@id":"https:\/\/theworldbilliards.com\/fr\/#website"},"primaryImageOfPage":{"@id":"https:\/\/theworldbilliards.com\/fr\/produit\/baby-foot-manhattan-ed-madrid\/#primaryimage"},"image":{"@id":"https:\/\/theworldbilliards.com\/fr\/produit\/baby-foot-manhattan-ed-madrid\/#primaryimage"},"thumbnailUrl":"https:\/\/theworldbilliards.com\/wp-content\/uploads\/2018\/10\/manhattan-mad1.png","datePublished":"2018-10-17T10:07:32+00:00","dateModified":"2025-10-30T12:16:00+00:00","description":"a table de baby-foot Manhattan est une table d\u2019excellence avec son style moderne et des joueurs de derni\u00e8re g\u00e9n\u00e9ration, dans laquelle permet de choisir la couleur de la table et la couleur des \u00e9quipes, \u00e9galement en option si possible utiliser toutes les parties lisses pour mettre logos ou dessins en autocollant avec une impression digitale ou laser en option. Dimension du meuble l\u2019ext\u00e9rieur 147.5 cm x 74,5 cm Dimensions du terrain de jeu : 118.5 cm x 69.5 cm. Joueurs en aluminium renforc\u00e9e Portugais, ou Fran\u00e7ais, est joueurs en Bois pieds coll\u00e9s ou en acier pieds s\u00e9par\u00e9es comme en Espagne. Barres sortantes en acier calibr\u00e9 de 15 mm, en option vous pouvez choisir des barres en acier inoxydable est t\u00e9lescopiques en inox \u00e0 la Fran\u00e7aise. Il est accompagn\u00e9 de 10 balles en bois, en plastique PVC, ou en li\u00e8ge et vous pouvez \u00e9galement choisir les balles de comp\u00e9tition en option. &nbsp;","breadcrumb":{"@id":"https:\/\/theworldbilliards.com\/fr\/produit\/baby-foot-manhattan-ed-madrid\/#breadcrumb"},"inLanguage":"fr-FR","potentialAction":[{"@type":"ReadAction","target":["https:\/\/theworldbilliards.com\/fr\/produit\/baby-foot-manhattan-ed-madrid\/"]}]},{"@type":"ImageObject","inLanguage":"fr-FR","@id":"https:\/\/theworldbilliards.com\/fr\/produit\/baby-foot-manhattan-ed-madrid\/#primaryimage","url":"https:\/\/theworldbilliards.com\/wp-content\/uploads\/2018\/10\/manhattan-mad1.png","contentUrl":"https:\/\/theworldbilliards.com\/wp-content\/uploads\/2018\/10\/manhattan-mad1.png","width":871,"height":871},{"@type":"BreadcrumbList","@id":"https:\/\/theworldbilliards.com\/fr\/produit\/baby-foot-manhattan-ed-madrid\/#breadcrumb","itemListElement":[{"@type":"ListItem","position":1,"name":"In\u00edcio","item":"https:\/\/theworldbilliards.com\/fr\/"},{"@type":"ListItem","position":2,"name":"Boutique en ligne","item":"https:\/\/theworldbilliards.com\/fr\/boutique-theworldbilliards\/"},{"@type":"ListItem","position":3,"name":"Baby foot Manhattan (Ed. Madrid)"}]},{"@type":"WebSite","@id":"https:\/\/theworldbilliards.com\/fr\/#website","url":"https:\/\/theworldbilliards.com\/fr\/","name":"TheWorldBilliards","description":"Achetez ici billard, baby-foot, ping-pong et bowling","publisher":{"@id":"https:\/\/theworldbilliards.com\/fr\/#organization"},"alternateName":"The world billiards","potentialAction":[{"@type":"SearchAction","target":{"@type":"EntryPoint","urlTemplate":"https:\/\/theworldbilliards.com\/fr\/?s={search_term_string}"},"query-input":{"@type":"PropertyValueSpecification","valueRequired":true,"valueName":"search_term_string"}}],"inLanguage":"fr-FR"},{"@type":"Organization","@id":"https:\/\/theworldbilliards.com\/fr\/#organization","name":"The World Billiards","alternateName":"The World Billiards","url":"https:\/\/theworldbilliards.com\/fr\/","logo":{"@type":"ImageObject","inLanguage":"fr-FR","@id":"https:\/\/theworldbilliards.com\/fr\/#\/schema\/logo\/image\/","url":"","contentUrl":"","caption":"The World Billiards"},"image":{"@id":"https:\/\/theworldbilliards.com\/fr\/#\/schema\/logo\/image\/"},"sameAs":["https:\/\/www.facebook.com\/baby.foot.superbes","https:\/\/www.youtube.com\/channel\/UCIMuOVAaUcH6UpZcsZlH0Tg","https:\/\/www.facebook.com\/people\/Brunswick-Billiards-EspaaPortugal\/100066446264309\/","https:\/\/www.instagram.com\/the_world_billiards\/","https:\/\/www.pinterest.es\/Theworldbilliards\/"]}]}},"_links":{"self":[{"href":"https:\/\/theworldbilliards.com\/fr\/wp-json\/wp\/v2\/product\/52995","targetHints":{"allow":["GET"]}}],"collection":[{"href":"https:\/\/theworldbilliards.com\/fr\/wp-json\/wp\/v2\/product"}],"about":[{"href":"https:\/\/theworldbilliards.com\/fr\/wp-json\/wp\/v2\/types\/product"}],"wp:featuredmedia":[{"embeddable":true,"href":"https:\/\/theworldbilliards.com\/fr\/wp-json\/wp\/v2\/media\/90151"}],"wp:attachment":[{"href":"https:\/\/theworldbilliards.com\/fr\/wp-json\/wp\/v2\/media?parent=52995"}],"wp:term":[{"taxonomy":"product_brand","embeddable":true,"href":"https:\/\/theworldbilliards.com\/fr\/wp-json\/wp\/v2\/product_brand?post=52995"},{"taxonomy":"product_cat","embeddable":true,"href":"https:\/\/theworldbilliards.com\/fr\/wp-json\/wp\/v2\/product_cat?post=52995"},{"taxonomy":"product_tag","embeddable":true,"href":"https:\/\/theworldbilliards.com\/fr\/wp-json\/wp\/v2\/product_tag?post=52995"}],"curies":[{"name":"wp","href":"https:\/\/api.w.org\/{rel}","templated":true}]}}