{"id":54592,"date":"2019-03-08T16:50:49","date_gmt":"2019-03-08T15:50:49","guid":{"rendered":"https:\/\/theworldbilliards.com\/produto\/spartak-stadium-noveau-modele-2019\/"},"modified":"2023-11-07T11:30:12","modified_gmt":"2023-11-07T10:30:12","slug":"baby-foot-spartak-stadium","status":"publish","type":"product","link":"https:\/\/theworldbilliards.com\/fr\/produit\/baby-foot-spartak-stadium\/","title":{"rendered":"Baby foot Spartak Stadium"},"content":{"rendered":"<p>Nouveau mod\u00e8le de baby foot Spartak avec un design ultra moderne pour le divertissement de toute la famille.<\/p>\n<p>Ne manquez pas cette occasion et profitez d\u2019\u00eatre l\u2019un des heureux propri\u00e9taires de ce nouveau baby-foot fabriqu\u00e9 avec les meilleurs mat\u00e9riaux.<\/p>\n<p>&#8211; Joueurs en bois massif.<\/p>\n<p>&#8211; Barres en acier de 15 mm. En option barres Telescopiques renforcees en inox, est joueurs en aluminium Fran\u00e7ais<\/p>\n<p>&#8211; Poign\u00e9es en bois.<\/p>\n<p>&#8211; Marqueurs de buts incorpor\u00e9s.<\/p>\n<p>&#8211; Coussinet Hy-Tech Nylon ABS longue dur\u00e9e.<\/p>\n<p>&#8211; Boules en bois ou en pvc incluses.<\/p>\n<p>Option LED RVB avec t\u00e9l\u00e9commande<\/p>\n","protected":false},"excerpt":{"rendered":"<p>Nouveau mod\u00e8le de baby foot Spartak avec un design ultra moderne pour le divertissement de toute la famille. Ne manquez [&hellip;]<\/p>\n","protected":false},"featured_media":54567,"template":"","meta":{"site-sidebar-layout":"default","site-content-layout":"","ast-site-content-layout":"default","site-content-style":"default","site-sidebar-style":"default","ast-global-header-display":"","ast-banner-title-visibility":"","ast-main-header-display":"","ast-hfb-above-header-display":"","ast-hfb-below-header-display":"","ast-hfb-mobile-header-display":"","site-post-title":"","ast-breadcrumbs-content":"","ast-featured-img":"","footer-sml-layout":"","ast-disable-related-posts":"","theme-transparent-header-meta":"default","adv-header-id-meta":"","stick-header-meta":"","header-above-stick-meta":"","header-main-stick-meta":"","header-below-stick-meta":"","astra-migrate-meta-layouts":"default","ast-page-background-enabled":"default","ast-page-background-meta":{"desktop":{"background-color":"var(--ast-global-color-4)","background-image":"","background-repeat":"repeat","background-position":"center center","background-size":"auto","background-attachment":"scroll","background-type":"","background-media":"","overlay-type":"","overlay-color":"","overlay-opacity":"","overlay-gradient":""},"tablet":{"background-color":"","background-image":"","background-repeat":"repeat","background-position":"center center","background-size":"auto","background-attachment":"scroll","background-type":"","background-media":"","overlay-type":"","overlay-color":"","overlay-opacity":"","overlay-gradient":""},"mobile":{"background-color":"","background-image":"","background-repeat":"repeat","background-position":"center center","background-size":"auto","background-attachment":"scroll","background-type":"","background-media":"","overlay-type":"","overlay-color":"","overlay-opacity":"","overlay-gradient":""}},"ast-content-background-meta":{"desktop":{"background-color":"var(--ast-global-color-5)","background-image":"","background-repeat":"repeat","background-position":"center center","background-size":"auto","background-attachment":"scroll","background-type":"","background-media":"","overlay-type":"","overlay-color":"","overlay-opacity":"","overlay-gradient":""},"tablet":{"background-color":"var(--ast-global-color-5)","background-image":"","background-repeat":"repeat","background-position":"center center","background-size":"auto","background-attachment":"scroll","background-type":"","background-media":"","overlay-type":"","overlay-color":"","overlay-opacity":"","overlay-gradient":""},"mobile":{"background-color":"var(--ast-global-color-5)","background-image":"","background-repeat":"repeat","background-position":"center center","background-size":"auto","background-attachment":"scroll","background-type":"","background-media":"","overlay-type":"","overlay-color":"","overlay-opacity":"","overlay-gradient":""}}},"product_brand":[5218],"product_cat":[1437],"product_tag":[],"class_list":{"0":"post-54592","1":"product","2":"type-product","3":"status-publish","4":"has-post-thumbnail","6":"product_brand-the-world-billiards","7":"product_cat-baby-foot-sans-monnayeur","8":"product_shipping_class-baby-foot","9":"desktop-align-center","10":"tablet-align-left","11":"mobile-align-left","13":"first","14":"instock","15":"taxable","16":"shipping-taxable","17":"purchasable","18":"product-type-variable"},"yoast_head":"<!-- This site is optimized with the Yoast SEO plugin v27.5 - https:\/\/yoast.com\/product\/yoast-seo-wordpress\/ -->\n<title>Acheter Baby foot Spartak Stadium - The World Billiards<\/title>\n<meta name=\"description\" content=\"Nouveau mod\u00e8le de baby foot Spartak avec un design ultra moderne pour le divertissement de toute la famille.  Ne manquez pas cette occasion et profitez d\u2019\u00eatre l\u2019un des heureux propri\u00e9taires de ce nouveau baby-foot fabriqu\u00e9 avec les meilleurs mat\u00e9riaux.  - Joueurs en bois massif.  - Barres en acier de 15 mm. En option barres Telescopiques renforcees en inox, est joueurs en aluminium Fran\u00e7ais  - Poign\u00e9es en bois.  - Marqueurs de buts incorpor\u00e9s.  - Coussinet Hy-Tech Nylon ABS longue dur\u00e9e.  - Boules en bois ou en pvc incluses.  Option LED RVB avec t\u00e9l\u00e9commande\" \/>\n<meta name=\"robots\" content=\"index, follow, max-snippet:-1, max-image-preview:large, max-video-preview:-1\" \/>\n<link rel=\"canonical\" href=\"https:\/\/theworldbilliards.com\/fr\/produit\/baby-foot-spartak-stadium\/\" \/>\n<meta property=\"og:locale\" content=\"fr_FR\" \/>\n<meta property=\"og:type\" content=\"article\" \/>\n<meta property=\"og:title\" content=\"Acheter Baby foot Spartak Stadium - The World Billiards\" \/>\n<meta property=\"og:description\" content=\"Nouveau mod\u00e8le de baby foot Spartak avec un design ultra moderne pour le divertissement de toute la famille.  Ne manquez pas cette occasion et profitez d\u2019\u00eatre l\u2019un des heureux propri\u00e9taires de ce nouveau baby-foot fabriqu\u00e9 avec les meilleurs mat\u00e9riaux.  - Joueurs en bois massif.  - Barres en acier de 15 mm. En option barres Telescopiques renforcees en inox, est joueurs en aluminium Fran\u00e7ais  - Poign\u00e9es en bois.  - Marqueurs de buts incorpor\u00e9s.  - Coussinet Hy-Tech Nylon ABS longue dur\u00e9e.  - Boules en bois ou en pvc incluses.  Option LED RVB avec t\u00e9l\u00e9commande\" \/>\n<meta property=\"og:url\" content=\"https:\/\/theworldbilliards.com\/fr\/produit\/baby-foot-spartak-stadium\/\" \/>\n<meta property=\"og:site_name\" content=\"The World Billiards\" \/>\n<meta property=\"article:publisher\" content=\"https:\/\/www.facebook.com\/baby.foot.superbes\" \/>\n<meta property=\"article:modified_time\" content=\"2023-11-07T10:30:12+00:00\" \/>\n<meta property=\"og:image\" content=\"https:\/\/theworldbilliards.com\/wp-content\/uploads\/2019\/03\/Spartak-Stadium.jpeg\" \/>\n\t<meta property=\"og:image:width\" content=\"1600\" \/>\n\t<meta property=\"og:image:height\" content=\"1600\" \/>\n\t<meta property=\"og:image:type\" content=\"image\/jpeg\" \/>\n<meta name=\"twitter:card\" content=\"summary_large_image\" \/>\n<script type=\"application\/ld+json\" class=\"yoast-schema-graph\">{\"@context\":\"https:\\\/\\\/schema.org\",\"@graph\":[{\"@type\":\"WebPage\",\"@id\":\"https:\\\/\\\/theworldbilliards.com\\\/fr\\\/produit\\\/baby-foot-spartak-stadium\\\/\",\"url\":\"https:\\\/\\\/theworldbilliards.com\\\/fr\\\/produit\\\/baby-foot-spartak-stadium\\\/\",\"name\":\"Acheter Baby foot Spartak Stadium - The World Billiards\",\"isPartOf\":{\"@id\":\"https:\\\/\\\/theworldbilliards.com\\\/fr\\\/#website\"},\"primaryImageOfPage\":{\"@id\":\"https:\\\/\\\/theworldbilliards.com\\\/fr\\\/produit\\\/baby-foot-spartak-stadium\\\/#primaryimage\"},\"image\":{\"@id\":\"https:\\\/\\\/theworldbilliards.com\\\/fr\\\/produit\\\/baby-foot-spartak-stadium\\\/#primaryimage\"},\"thumbnailUrl\":\"https:\\\/\\\/theworldbilliards.com\\\/wp-content\\\/uploads\\\/2019\\\/03\\\/Spartak-Stadium.jpeg\",\"datePublished\":\"2019-03-08T15:50:49+00:00\",\"dateModified\":\"2023-11-07T10:30:12+00:00\",\"description\":\"Nouveau mod\u00e8le de baby foot Spartak avec un design ultra moderne pour le divertissement de toute la famille. Ne manquez pas cette occasion et profitez d\u2019\u00eatre l\u2019un des heureux propri\u00e9taires de ce nouveau baby-foot fabriqu\u00e9 avec les meilleurs mat\u00e9riaux. - Joueurs en bois massif. - Barres en acier de 15 mm. En option barres Telescopiques renforcees en inox, est joueurs en aluminium Fran\u00e7ais - Poign\u00e9es en bois. - Marqueurs de buts incorpor\u00e9s. - Coussinet Hy-Tech Nylon ABS longue dur\u00e9e. - Boules en bois ou en pvc incluses. Option LED RVB avec t\u00e9l\u00e9commande\",\"breadcrumb\":{\"@id\":\"https:\\\/\\\/theworldbilliards.com\\\/fr\\\/produit\\\/baby-foot-spartak-stadium\\\/#breadcrumb\"},\"inLanguage\":\"fr-FR\",\"potentialAction\":[{\"@type\":\"ReadAction\",\"target\":[\"https:\\\/\\\/theworldbilliards.com\\\/fr\\\/produit\\\/baby-foot-spartak-stadium\\\/\"]}]},{\"@type\":\"ImageObject\",\"inLanguage\":\"fr-FR\",\"@id\":\"https:\\\/\\\/theworldbilliards.com\\\/fr\\\/produit\\\/baby-foot-spartak-stadium\\\/#primaryimage\",\"url\":\"https:\\\/\\\/theworldbilliards.com\\\/wp-content\\\/uploads\\\/2019\\\/03\\\/Spartak-Stadium.jpeg\",\"contentUrl\":\"https:\\\/\\\/theworldbilliards.com\\\/wp-content\\\/uploads\\\/2019\\\/03\\\/Spartak-Stadium.jpeg\",\"width\":1600,\"height\":1600},{\"@type\":\"BreadcrumbList\",\"@id\":\"https:\\\/\\\/theworldbilliards.com\\\/fr\\\/produit\\\/baby-foot-spartak-stadium\\\/#breadcrumb\",\"itemListElement\":[{\"@type\":\"ListItem\",\"position\":1,\"name\":\"In\u00edcio\",\"item\":\"https:\\\/\\\/theworldbilliards.com\\\/fr\\\/\"},{\"@type\":\"ListItem\",\"position\":2,\"name\":\"Boutique en ligne\",\"item\":\"https:\\\/\\\/theworldbilliards.com\\\/fr\\\/boutique-theworldbilliards\\\/\"},{\"@type\":\"ListItem\",\"position\":3,\"name\":\"Baby foot Spartak Stadium\"}]},{\"@type\":\"WebSite\",\"@id\":\"https:\\\/\\\/theworldbilliards.com\\\/fr\\\/#website\",\"url\":\"https:\\\/\\\/theworldbilliards.com\\\/fr\\\/\",\"name\":\"TheWorldBilliards\",\"description\":\"Achetez ici billard, baby-foot, ping-pong et bowling\",\"publisher\":{\"@id\":\"https:\\\/\\\/theworldbilliards.com\\\/fr\\\/#organization\"},\"alternateName\":\"The world billiards\",\"potentialAction\":[{\"@type\":\"SearchAction\",\"target\":{\"@type\":\"EntryPoint\",\"urlTemplate\":\"https:\\\/\\\/theworldbilliards.com\\\/fr\\\/?s={search_term_string}\"},\"query-input\":{\"@type\":\"PropertyValueSpecification\",\"valueRequired\":true,\"valueName\":\"search_term_string\"}}],\"inLanguage\":\"fr-FR\"},{\"@type\":\"Organization\",\"@id\":\"https:\\\/\\\/theworldbilliards.com\\\/fr\\\/#organization\",\"name\":\"The World Billiards\",\"alternateName\":\"The World Billiards\",\"url\":\"https:\\\/\\\/theworldbilliards.com\\\/fr\\\/\",\"logo\":{\"@type\":\"ImageObject\",\"inLanguage\":\"fr-FR\",\"@id\":\"https:\\\/\\\/theworldbilliards.com\\\/fr\\\/#\\\/schema\\\/logo\\\/image\\\/\",\"url\":\"\",\"contentUrl\":\"\",\"caption\":\"The World Billiards\"},\"image\":{\"@id\":\"https:\\\/\\\/theworldbilliards.com\\\/fr\\\/#\\\/schema\\\/logo\\\/image\\\/\"},\"sameAs\":[\"https:\\\/\\\/www.facebook.com\\\/baby.foot.superbes\",\"https:\\\/\\\/www.youtube.com\\\/channel\\\/UCIMuOVAaUcH6UpZcsZlH0Tg\",\"https:\\\/\\\/www.facebook.com\\\/people\\\/Brunswick-Billiards-EspaaPortugal\\\/100066446264309\\\/\",\"https:\\\/\\\/www.instagram.com\\\/the_world_billiards\\\/\",\"https:\\\/\\\/www.pinterest.es\\\/Theworldbilliards\\\/\"]}]}<\/script>\n<!-- \/ Yoast SEO plugin. -->","yoast_head_json":{"title":"Acheter Baby foot Spartak Stadium - The World Billiards","description":"Nouveau mod\u00e8le de baby foot Spartak avec un design ultra moderne pour le divertissement de toute la famille.  Ne manquez pas cette occasion et profitez d\u2019\u00eatre l\u2019un des heureux propri\u00e9taires de ce nouveau baby-foot fabriqu\u00e9 avec les meilleurs mat\u00e9riaux.  - Joueurs en bois massif.  - Barres en acier de 15 mm. En option barres Telescopiques renforcees en inox, est joueurs en aluminium Fran\u00e7ais  - Poign\u00e9es en bois.  - Marqueurs de buts incorpor\u00e9s.  - Coussinet Hy-Tech Nylon ABS longue dur\u00e9e.  - Boules en bois ou en pvc incluses.  Option LED RVB avec t\u00e9l\u00e9commande","robots":{"index":"index","follow":"follow","max-snippet":"max-snippet:-1","max-image-preview":"max-image-preview:large","max-video-preview":"max-video-preview:-1"},"canonical":"https:\/\/theworldbilliards.com\/fr\/produit\/baby-foot-spartak-stadium\/","og_locale":"fr_FR","og_type":"article","og_title":"Acheter Baby foot Spartak Stadium - The World Billiards","og_description":"Nouveau mod\u00e8le de baby foot Spartak avec un design ultra moderne pour le divertissement de toute la famille.  Ne manquez pas cette occasion et profitez d\u2019\u00eatre l\u2019un des heureux propri\u00e9taires de ce nouveau baby-foot fabriqu\u00e9 avec les meilleurs mat\u00e9riaux.  - Joueurs en bois massif.  - Barres en acier de 15 mm. En option barres Telescopiques renforcees en inox, est joueurs en aluminium Fran\u00e7ais  - Poign\u00e9es en bois.  - Marqueurs de buts incorpor\u00e9s.  - Coussinet Hy-Tech Nylon ABS longue dur\u00e9e.  - Boules en bois ou en pvc incluses.  Option LED RVB avec t\u00e9l\u00e9commande","og_url":"https:\/\/theworldbilliards.com\/fr\/produit\/baby-foot-spartak-stadium\/","og_site_name":"The World Billiards","article_publisher":"https:\/\/www.facebook.com\/baby.foot.superbes","article_modified_time":"2023-11-07T10:30:12+00:00","og_image":[{"width":1600,"height":1600,"url":"https:\/\/theworldbilliards.com\/wp-content\/uploads\/2019\/03\/Spartak-Stadium.jpeg","type":"image\/jpeg"}],"twitter_card":"summary_large_image","schema":{"@context":"https:\/\/schema.org","@graph":[{"@type":"WebPage","@id":"https:\/\/theworldbilliards.com\/fr\/produit\/baby-foot-spartak-stadium\/","url":"https:\/\/theworldbilliards.com\/fr\/produit\/baby-foot-spartak-stadium\/","name":"Acheter Baby foot Spartak Stadium - The World Billiards","isPartOf":{"@id":"https:\/\/theworldbilliards.com\/fr\/#website"},"primaryImageOfPage":{"@id":"https:\/\/theworldbilliards.com\/fr\/produit\/baby-foot-spartak-stadium\/#primaryimage"},"image":{"@id":"https:\/\/theworldbilliards.com\/fr\/produit\/baby-foot-spartak-stadium\/#primaryimage"},"thumbnailUrl":"https:\/\/theworldbilliards.com\/wp-content\/uploads\/2019\/03\/Spartak-Stadium.jpeg","datePublished":"2019-03-08T15:50:49+00:00","dateModified":"2023-11-07T10:30:12+00:00","description":"Nouveau mod\u00e8le de baby foot Spartak avec un design ultra moderne pour le divertissement de toute la famille. Ne manquez pas cette occasion et profitez d\u2019\u00eatre l\u2019un des heureux propri\u00e9taires de ce nouveau baby-foot fabriqu\u00e9 avec les meilleurs mat\u00e9riaux. - Joueurs en bois massif. - Barres en acier de 15 mm. En option barres Telescopiques renforcees en inox, est joueurs en aluminium Fran\u00e7ais - Poign\u00e9es en bois. - Marqueurs de buts incorpor\u00e9s. - Coussinet Hy-Tech Nylon ABS longue dur\u00e9e. - Boules en bois ou en pvc incluses. Option LED RVB avec t\u00e9l\u00e9commande","breadcrumb":{"@id":"https:\/\/theworldbilliards.com\/fr\/produit\/baby-foot-spartak-stadium\/#breadcrumb"},"inLanguage":"fr-FR","potentialAction":[{"@type":"ReadAction","target":["https:\/\/theworldbilliards.com\/fr\/produit\/baby-foot-spartak-stadium\/"]}]},{"@type":"ImageObject","inLanguage":"fr-FR","@id":"https:\/\/theworldbilliards.com\/fr\/produit\/baby-foot-spartak-stadium\/#primaryimage","url":"https:\/\/theworldbilliards.com\/wp-content\/uploads\/2019\/03\/Spartak-Stadium.jpeg","contentUrl":"https:\/\/theworldbilliards.com\/wp-content\/uploads\/2019\/03\/Spartak-Stadium.jpeg","width":1600,"height":1600},{"@type":"BreadcrumbList","@id":"https:\/\/theworldbilliards.com\/fr\/produit\/baby-foot-spartak-stadium\/#breadcrumb","itemListElement":[{"@type":"ListItem","position":1,"name":"In\u00edcio","item":"https:\/\/theworldbilliards.com\/fr\/"},{"@type":"ListItem","position":2,"name":"Boutique en ligne","item":"https:\/\/theworldbilliards.com\/fr\/boutique-theworldbilliards\/"},{"@type":"ListItem","position":3,"name":"Baby foot Spartak Stadium"}]},{"@type":"WebSite","@id":"https:\/\/theworldbilliards.com\/fr\/#website","url":"https:\/\/theworldbilliards.com\/fr\/","name":"TheWorldBilliards","description":"Achetez ici billard, baby-foot, ping-pong et bowling","publisher":{"@id":"https:\/\/theworldbilliards.com\/fr\/#organization"},"alternateName":"The world billiards","potentialAction":[{"@type":"SearchAction","target":{"@type":"EntryPoint","urlTemplate":"https:\/\/theworldbilliards.com\/fr\/?s={search_term_string}"},"query-input":{"@type":"PropertyValueSpecification","valueRequired":true,"valueName":"search_term_string"}}],"inLanguage":"fr-FR"},{"@type":"Organization","@id":"https:\/\/theworldbilliards.com\/fr\/#organization","name":"The World Billiards","alternateName":"The World Billiards","url":"https:\/\/theworldbilliards.com\/fr\/","logo":{"@type":"ImageObject","inLanguage":"fr-FR","@id":"https:\/\/theworldbilliards.com\/fr\/#\/schema\/logo\/image\/","url":"","contentUrl":"","caption":"The World Billiards"},"image":{"@id":"https:\/\/theworldbilliards.com\/fr\/#\/schema\/logo\/image\/"},"sameAs":["https:\/\/www.facebook.com\/baby.foot.superbes","https:\/\/www.youtube.com\/channel\/UCIMuOVAaUcH6UpZcsZlH0Tg","https:\/\/www.facebook.com\/people\/Brunswick-Billiards-EspaaPortugal\/100066446264309\/","https:\/\/www.instagram.com\/the_world_billiards\/","https:\/\/www.pinterest.es\/Theworldbilliards\/"]}]}},"_links":{"self":[{"href":"https:\/\/theworldbilliards.com\/fr\/wp-json\/wp\/v2\/product\/54592","targetHints":{"allow":["GET"]}}],"collection":[{"href":"https:\/\/theworldbilliards.com\/fr\/wp-json\/wp\/v2\/product"}],"about":[{"href":"https:\/\/theworldbilliards.com\/fr\/wp-json\/wp\/v2\/types\/product"}],"wp:featuredmedia":[{"embeddable":true,"href":"https:\/\/theworldbilliards.com\/fr\/wp-json\/wp\/v2\/media\/54567"}],"wp:attachment":[{"href":"https:\/\/theworldbilliards.com\/fr\/wp-json\/wp\/v2\/media?parent=54592"}],"wp:term":[{"taxonomy":"product_brand","embeddable":true,"href":"https:\/\/theworldbilliards.com\/fr\/wp-json\/wp\/v2\/product_brand?post=54592"},{"taxonomy":"product_cat","embeddable":true,"href":"https:\/\/theworldbilliards.com\/fr\/wp-json\/wp\/v2\/product_cat?post=54592"},{"taxonomy":"product_tag","embeddable":true,"href":"https:\/\/theworldbilliards.com\/fr\/wp-json\/wp\/v2\/product_tag?post=54592"}],"curies":[{"name":"wp","href":"https:\/\/api.w.org\/{rel}","templated":true}]}}