{"id":55230,"date":"2019-04-16T11:29:00","date_gmt":"2019-04-16T09:29:00","guid":{"rendered":"https:\/\/theworldbilliards.com\/produto\/table-tennis-de-table-buffalo-de-exterieur-2\/"},"modified":"2020-03-25T10:16:19","modified_gmt":"2020-03-25T09:16:19","slug":"table-tennis-de-table-buffalo-de-exterieur-2","status":"publish","type":"product","link":"https:\/\/theworldbilliards.com\/fr\/produit\/table-tennis-de-table-buffalo-de-exterieur-2\/","title":{"rendered":"Table Tennis de table Buffalo de Exterieur"},"content":{"rendered":"<p>Top en m\u00e9lamine imperm\u00e9able \u00e0 l&rsquo;eau<br \/>\nProt\u00e9g\u00e9 contre l&rsquo;humidit\u00e9<br \/>\nSyst\u00e8me de pliage compact<br \/>\nFonction autoformation<br \/>\n4 roues en plastique \u00e0 double durcissement<br \/>\nComprend les d\u00e9tenteurs de balles<br \/>\nClub-EN Stationary Net<br \/>\nFacile \u00e0 installer<br \/>\nDimension 274cm x 152.5cm x 76cm<br \/>\nEmballage 144cm x 9cm x 162cm<\/p>\n<p>Cette table de tennis de table de Buffalo est id\u00e9ale pour \u00eatre utilis\u00e9e \u00e0 l&rsquo;ext\u00e9rieur et a \u00e9t\u00e9 construite \u00e0 l&rsquo;aide de mat\u00e9riaux r\u00e9sistant aux intemp\u00e9ries. Il est pliable et comprend 4 roues doubles, ce qui facilite le rangement.<\/p>\n<p>Le filet de la table est fabriqu\u00e9 en stationnaire Club-EN, ce qui signifie que le net a une base solide et ne tombera pas facilement.<\/p>\n<p>La table a la possibilit\u00e9 de se replier en deux afin qu&rsquo;elle puisse \u00eatre utilis\u00e9e dans une position d&rsquo;auto-apprentissage; Pratiquer et perfectionner vos comp\u00e9tences. Fourni sans accessoires.<\/p>\n","protected":false},"excerpt":{"rendered":"<p>Top en m\u00e9lamine imperm\u00e9able \u00e0 l&rsquo;eau Prot\u00e9g\u00e9 contre l&rsquo;humidit\u00e9 Syst\u00e8me de pliage compact Fonction autoformation 4 roues en plastique \u00e0 [&hellip;]<\/p>\n","protected":false},"featured_media":72656,"template":"","meta":{"site-sidebar-layout":"default","site-content-layout":"","ast-site-content-layout":"default","site-content-style":"default","site-sidebar-style":"default","ast-global-header-display":"","ast-banner-title-visibility":"","ast-main-header-display":"","ast-hfb-above-header-display":"","ast-hfb-below-header-display":"","ast-hfb-mobile-header-display":"","site-post-title":"","ast-breadcrumbs-content":"","ast-featured-img":"","footer-sml-layout":"","ast-disable-related-posts":"","theme-transparent-header-meta":"default","adv-header-id-meta":"","stick-header-meta":"","header-above-stick-meta":"","header-main-stick-meta":"","header-below-stick-meta":"","astra-migrate-meta-layouts":"default","ast-page-background-enabled":"default","ast-page-background-meta":{"desktop":{"background-color":"var(--ast-global-color-4)","background-image":"","background-repeat":"repeat","background-position":"center center","background-size":"auto","background-attachment":"scroll","background-type":"","background-media":"","overlay-type":"","overlay-color":"","overlay-opacity":"","overlay-gradient":""},"tablet":{"background-color":"","background-image":"","background-repeat":"repeat","background-position":"center center","background-size":"auto","background-attachment":"scroll","background-type":"","background-media":"","overlay-type":"","overlay-color":"","overlay-opacity":"","overlay-gradient":""},"mobile":{"background-color":"","background-image":"","background-repeat":"repeat","background-position":"center center","background-size":"auto","background-attachment":"scroll","background-type":"","background-media":"","overlay-type":"","overlay-color":"","overlay-opacity":"","overlay-gradient":""}},"ast-content-background-meta":{"desktop":{"background-color":"var(--ast-global-color-5)","background-image":"","background-repeat":"repeat","background-position":"center center","background-size":"auto","background-attachment":"scroll","background-type":"","background-media":"","overlay-type":"","overlay-color":"","overlay-opacity":"","overlay-gradient":""},"tablet":{"background-color":"var(--ast-global-color-5)","background-image":"","background-repeat":"repeat","background-position":"center center","background-size":"auto","background-attachment":"scroll","background-type":"","background-media":"","overlay-type":"","overlay-color":"","overlay-opacity":"","overlay-gradient":""},"mobile":{"background-color":"var(--ast-global-color-5)","background-image":"","background-repeat":"repeat","background-position":"center center","background-size":"auto","background-attachment":"scroll","background-type":"","background-media":"","overlay-type":"","overlay-color":"","overlay-opacity":"","overlay-gradient":""}}},"product_brand":[5214],"product_cat":[3450,5304],"product_tag":[],"class_list":{"0":"post-55230","1":"product","2":"type-product","3":"status-publish","4":"has-post-thumbnail","6":"product_brand-buffalo-fr","7":"product_cat-jeux-de-exterieur","8":"product_cat-table-de-ping-pong","9":"product_shipping_class-tennis-de-table","10":"desktop-align-center","11":"tablet-align-left","12":"mobile-align-left","14":"first","15":"instock","16":"taxable","17":"shipping-taxable","18":"purchasable","19":"product-type-simple"},"yoast_head":"<!-- This site is optimized with the Yoast SEO plugin v27.4 - https:\/\/yoast.com\/product\/yoast-seo-wordpress\/ -->\n<title>Acheter Table Tennis de table Buffalo de Exterieur - The World Billiards<\/title>\n<meta name=\"description\" content=\"Top en m\u00e9lamine imperm\u00e9able \u00e0 l&#039;eau Prot\u00e9g\u00e9 contre l&#039;humidit\u00e9 Syst\u00e8me de pliage compact Fonction autoformation 4 roues en plastique \u00e0 double durcissement Comprend les d\u00e9tenteurs de balles Club-EN Stationary Net Facile \u00e0 installer Dimension 274cm x 152.5cm x 76cm Emballage 144cm x 9cm x 162cm  Cette table de tennis de table de Buffalo est id\u00e9ale pour \u00eatre utilis\u00e9e \u00e0 l&#039;ext\u00e9rieur et a \u00e9t\u00e9 construite \u00e0 l&#039;aide de mat\u00e9riaux r\u00e9sistant aux intemp\u00e9ries. Il est pliable et comprend 4 roues doubles, ce qui facilite le rangement.  Le filet de la table est fabriqu\u00e9 en stationnaire Club-EN, ce qui signifie que le net a une base solide et ne tombera pas facilement.  La table a la possibilit\u00e9 de se replier en deux afin qu&#039;elle puisse \u00eatre utilis\u00e9e dans une position d&#039;auto-apprentissage; Pratiquer et perfectionner vos comp\u00e9tences. Fourni sans accessoires.\" \/>\n<meta name=\"robots\" content=\"index, follow, max-snippet:-1, max-image-preview:large, max-video-preview:-1\" \/>\n<link rel=\"canonical\" href=\"https:\/\/theworldbilliards.com\/fr\/produit\/table-tennis-de-table-buffalo-de-exterieur-2\/\" \/>\n<meta property=\"og:locale\" content=\"fr_FR\" \/>\n<meta property=\"og:type\" content=\"article\" \/>\n<meta property=\"og:title\" content=\"Acheter Table Tennis de table Buffalo de Exterieur - The World Billiards\" \/>\n<meta property=\"og:description\" content=\"Top en m\u00e9lamine imperm\u00e9able \u00e0 l&#039;eau Prot\u00e9g\u00e9 contre l&#039;humidit\u00e9 Syst\u00e8me de pliage compact Fonction autoformation 4 roues en plastique \u00e0 double durcissement Comprend les d\u00e9tenteurs de balles Club-EN Stationary Net Facile \u00e0 installer Dimension 274cm x 152.5cm x 76cm Emballage 144cm x 9cm x 162cm  Cette table de tennis de table de Buffalo est id\u00e9ale pour \u00eatre utilis\u00e9e \u00e0 l&#039;ext\u00e9rieur et a \u00e9t\u00e9 construite \u00e0 l&#039;aide de mat\u00e9riaux r\u00e9sistant aux intemp\u00e9ries. Il est pliable et comprend 4 roues doubles, ce qui facilite le rangement.  Le filet de la table est fabriqu\u00e9 en stationnaire Club-EN, ce qui signifie que le net a une base solide et ne tombera pas facilement.  La table a la possibilit\u00e9 de se replier en deux afin qu&#039;elle puisse \u00eatre utilis\u00e9e dans une position d&#039;auto-apprentissage; Pratiquer et perfectionner vos comp\u00e9tences. Fourni sans accessoires.\" \/>\n<meta property=\"og:url\" content=\"https:\/\/theworldbilliards.com\/fr\/produit\/table-tennis-de-table-buffalo-de-exterieur-2\/\" \/>\n<meta property=\"og:site_name\" content=\"The World Billiards\" \/>\n<meta property=\"article:publisher\" content=\"https:\/\/www.facebook.com\/baby.foot.superbes\" \/>\n<meta property=\"article:modified_time\" content=\"2020-03-25T09:16:19+00:00\" \/>\n<meta property=\"og:image\" content=\"https:\/\/theworldbilliards.com\/wp-content\/uploads\/2019\/04\/tenis-mesa-buffalo-exterior.jpg\" \/>\n\t<meta property=\"og:image:width\" content=\"721\" \/>\n\t<meta property=\"og:image:height\" content=\"721\" \/>\n\t<meta property=\"og:image:type\" content=\"image\/jpeg\" \/>\n<meta name=\"twitter:card\" content=\"summary_large_image\" \/>\n<script type=\"application\/ld+json\" class=\"yoast-schema-graph\">{\"@context\":\"https:\\\/\\\/schema.org\",\"@graph\":[{\"@type\":\"WebPage\",\"@id\":\"https:\\\/\\\/theworldbilliards.com\\\/fr\\\/produit\\\/table-tennis-de-table-buffalo-de-exterieur-2\\\/\",\"url\":\"https:\\\/\\\/theworldbilliards.com\\\/fr\\\/produit\\\/table-tennis-de-table-buffalo-de-exterieur-2\\\/\",\"name\":\"Acheter Table Tennis de table Buffalo de Exterieur - The World Billiards\",\"isPartOf\":{\"@id\":\"https:\\\/\\\/theworldbilliards.com\\\/fr\\\/#website\"},\"primaryImageOfPage\":{\"@id\":\"https:\\\/\\\/theworldbilliards.com\\\/fr\\\/produit\\\/table-tennis-de-table-buffalo-de-exterieur-2\\\/#primaryimage\"},\"image\":{\"@id\":\"https:\\\/\\\/theworldbilliards.com\\\/fr\\\/produit\\\/table-tennis-de-table-buffalo-de-exterieur-2\\\/#primaryimage\"},\"thumbnailUrl\":\"https:\\\/\\\/theworldbilliards.com\\\/wp-content\\\/uploads\\\/2019\\\/04\\\/tenis-mesa-buffalo-exterior.jpg\",\"datePublished\":\"2019-04-16T09:29:00+00:00\",\"dateModified\":\"2020-03-25T09:16:19+00:00\",\"description\":\"Top en m\u00e9lamine imperm\u00e9able \u00e0 l'eau Prot\u00e9g\u00e9 contre l'humidit\u00e9 Syst\u00e8me de pliage compact Fonction autoformation 4 roues en plastique \u00e0 double durcissement Comprend les d\u00e9tenteurs de balles Club-EN Stationary Net Facile \u00e0 installer Dimension 274cm x 152.5cm x 76cm Emballage 144cm x 9cm x 162cm Cette table de tennis de table de Buffalo est id\u00e9ale pour \u00eatre utilis\u00e9e \u00e0 l'ext\u00e9rieur et a \u00e9t\u00e9 construite \u00e0 l'aide de mat\u00e9riaux r\u00e9sistant aux intemp\u00e9ries. Il est pliable et comprend 4 roues doubles, ce qui facilite le rangement. Le filet de la table est fabriqu\u00e9 en stationnaire Club-EN, ce qui signifie que le net a une base solide et ne tombera pas facilement. La table a la possibilit\u00e9 de se replier en deux afin qu'elle puisse \u00eatre utilis\u00e9e dans une position d'auto-apprentissage; Pratiquer et perfectionner vos comp\u00e9tences. Fourni sans accessoires.\",\"breadcrumb\":{\"@id\":\"https:\\\/\\\/theworldbilliards.com\\\/fr\\\/produit\\\/table-tennis-de-table-buffalo-de-exterieur-2\\\/#breadcrumb\"},\"inLanguage\":\"fr-FR\",\"potentialAction\":[{\"@type\":\"ReadAction\",\"target\":[\"https:\\\/\\\/theworldbilliards.com\\\/fr\\\/produit\\\/table-tennis-de-table-buffalo-de-exterieur-2\\\/\"]}]},{\"@type\":\"ImageObject\",\"inLanguage\":\"fr-FR\",\"@id\":\"https:\\\/\\\/theworldbilliards.com\\\/fr\\\/produit\\\/table-tennis-de-table-buffalo-de-exterieur-2\\\/#primaryimage\",\"url\":\"https:\\\/\\\/theworldbilliards.com\\\/wp-content\\\/uploads\\\/2019\\\/04\\\/tenis-mesa-buffalo-exterior.jpg\",\"contentUrl\":\"https:\\\/\\\/theworldbilliards.com\\\/wp-content\\\/uploads\\\/2019\\\/04\\\/tenis-mesa-buffalo-exterior.jpg\",\"width\":721,\"height\":721},{\"@type\":\"BreadcrumbList\",\"@id\":\"https:\\\/\\\/theworldbilliards.com\\\/fr\\\/produit\\\/table-tennis-de-table-buffalo-de-exterieur-2\\\/#breadcrumb\",\"itemListElement\":[{\"@type\":\"ListItem\",\"position\":1,\"name\":\"In\u00edcio\",\"item\":\"https:\\\/\\\/theworldbilliards.com\\\/fr\\\/\"},{\"@type\":\"ListItem\",\"position\":2,\"name\":\"Boutique en ligne\",\"item\":\"https:\\\/\\\/theworldbilliards.com\\\/fr\\\/boutique-theworldbilliards\\\/\"},{\"@type\":\"ListItem\",\"position\":3,\"name\":\"Table Tennis de table Buffalo de Exterieur\"}]},{\"@type\":\"WebSite\",\"@id\":\"https:\\\/\\\/theworldbilliards.com\\\/fr\\\/#website\",\"url\":\"https:\\\/\\\/theworldbilliards.com\\\/fr\\\/\",\"name\":\"TheWorldBilliards\",\"description\":\"Achetez ici billard, baby-foot, ping-pong et bowling\",\"publisher\":{\"@id\":\"https:\\\/\\\/theworldbilliards.com\\\/fr\\\/#organization\"},\"alternateName\":\"The world billiards\",\"potentialAction\":[{\"@type\":\"SearchAction\",\"target\":{\"@type\":\"EntryPoint\",\"urlTemplate\":\"https:\\\/\\\/theworldbilliards.com\\\/fr\\\/?s={search_term_string}\"},\"query-input\":{\"@type\":\"PropertyValueSpecification\",\"valueRequired\":true,\"valueName\":\"search_term_string\"}}],\"inLanguage\":\"fr-FR\"},{\"@type\":\"Organization\",\"@id\":\"https:\\\/\\\/theworldbilliards.com\\\/fr\\\/#organization\",\"name\":\"The World Billiards\",\"alternateName\":\"The World Billiards\",\"url\":\"https:\\\/\\\/theworldbilliards.com\\\/fr\\\/\",\"logo\":{\"@type\":\"ImageObject\",\"inLanguage\":\"fr-FR\",\"@id\":\"https:\\\/\\\/theworldbilliards.com\\\/fr\\\/#\\\/schema\\\/logo\\\/image\\\/\",\"url\":\"\",\"contentUrl\":\"\",\"caption\":\"The World Billiards\"},\"image\":{\"@id\":\"https:\\\/\\\/theworldbilliards.com\\\/fr\\\/#\\\/schema\\\/logo\\\/image\\\/\"},\"sameAs\":[\"https:\\\/\\\/www.facebook.com\\\/baby.foot.superbes\",\"https:\\\/\\\/www.youtube.com\\\/channel\\\/UCIMuOVAaUcH6UpZcsZlH0Tg\",\"https:\\\/\\\/www.facebook.com\\\/people\\\/Brunswick-Billiards-EspaaPortugal\\\/100066446264309\\\/\",\"https:\\\/\\\/www.instagram.com\\\/the_world_billiards\\\/\",\"https:\\\/\\\/www.pinterest.es\\\/Theworldbilliards\\\/\"]}]}<\/script>\n<!-- \/ Yoast SEO plugin. -->","yoast_head_json":{"title":"Acheter Table Tennis de table Buffalo de Exterieur - The World Billiards","description":"Top en m\u00e9lamine imperm\u00e9able \u00e0 l'eau Prot\u00e9g\u00e9 contre l'humidit\u00e9 Syst\u00e8me de pliage compact Fonction autoformation 4 roues en plastique \u00e0 double durcissement Comprend les d\u00e9tenteurs de balles Club-EN Stationary Net Facile \u00e0 installer Dimension 274cm x 152.5cm x 76cm Emballage 144cm x 9cm x 162cm  Cette table de tennis de table de Buffalo est id\u00e9ale pour \u00eatre utilis\u00e9e \u00e0 l'ext\u00e9rieur et a \u00e9t\u00e9 construite \u00e0 l'aide de mat\u00e9riaux r\u00e9sistant aux intemp\u00e9ries. Il est pliable et comprend 4 roues doubles, ce qui facilite le rangement.  Le filet de la table est fabriqu\u00e9 en stationnaire Club-EN, ce qui signifie que le net a une base solide et ne tombera pas facilement.  La table a la possibilit\u00e9 de se replier en deux afin qu'elle puisse \u00eatre utilis\u00e9e dans une position d'auto-apprentissage; Pratiquer et perfectionner vos comp\u00e9tences. Fourni sans accessoires.","robots":{"index":"index","follow":"follow","max-snippet":"max-snippet:-1","max-image-preview":"max-image-preview:large","max-video-preview":"max-video-preview:-1"},"canonical":"https:\/\/theworldbilliards.com\/fr\/produit\/table-tennis-de-table-buffalo-de-exterieur-2\/","og_locale":"fr_FR","og_type":"article","og_title":"Acheter Table Tennis de table Buffalo de Exterieur - The World Billiards","og_description":"Top en m\u00e9lamine imperm\u00e9able \u00e0 l'eau Prot\u00e9g\u00e9 contre l'humidit\u00e9 Syst\u00e8me de pliage compact Fonction autoformation 4 roues en plastique \u00e0 double durcissement Comprend les d\u00e9tenteurs de balles Club-EN Stationary Net Facile \u00e0 installer Dimension 274cm x 152.5cm x 76cm Emballage 144cm x 9cm x 162cm  Cette table de tennis de table de Buffalo est id\u00e9ale pour \u00eatre utilis\u00e9e \u00e0 l'ext\u00e9rieur et a \u00e9t\u00e9 construite \u00e0 l'aide de mat\u00e9riaux r\u00e9sistant aux intemp\u00e9ries. Il est pliable et comprend 4 roues doubles, ce qui facilite le rangement.  Le filet de la table est fabriqu\u00e9 en stationnaire Club-EN, ce qui signifie que le net a une base solide et ne tombera pas facilement.  La table a la possibilit\u00e9 de se replier en deux afin qu'elle puisse \u00eatre utilis\u00e9e dans une position d'auto-apprentissage; Pratiquer et perfectionner vos comp\u00e9tences. Fourni sans accessoires.","og_url":"https:\/\/theworldbilliards.com\/fr\/produit\/table-tennis-de-table-buffalo-de-exterieur-2\/","og_site_name":"The World Billiards","article_publisher":"https:\/\/www.facebook.com\/baby.foot.superbes","article_modified_time":"2020-03-25T09:16:19+00:00","og_image":[{"width":721,"height":721,"url":"https:\/\/theworldbilliards.com\/wp-content\/uploads\/2019\/04\/tenis-mesa-buffalo-exterior.jpg","type":"image\/jpeg"}],"twitter_card":"summary_large_image","schema":{"@context":"https:\/\/schema.org","@graph":[{"@type":"WebPage","@id":"https:\/\/theworldbilliards.com\/fr\/produit\/table-tennis-de-table-buffalo-de-exterieur-2\/","url":"https:\/\/theworldbilliards.com\/fr\/produit\/table-tennis-de-table-buffalo-de-exterieur-2\/","name":"Acheter Table Tennis de table Buffalo de Exterieur - The World Billiards","isPartOf":{"@id":"https:\/\/theworldbilliards.com\/fr\/#website"},"primaryImageOfPage":{"@id":"https:\/\/theworldbilliards.com\/fr\/produit\/table-tennis-de-table-buffalo-de-exterieur-2\/#primaryimage"},"image":{"@id":"https:\/\/theworldbilliards.com\/fr\/produit\/table-tennis-de-table-buffalo-de-exterieur-2\/#primaryimage"},"thumbnailUrl":"https:\/\/theworldbilliards.com\/wp-content\/uploads\/2019\/04\/tenis-mesa-buffalo-exterior.jpg","datePublished":"2019-04-16T09:29:00+00:00","dateModified":"2020-03-25T09:16:19+00:00","description":"Top en m\u00e9lamine imperm\u00e9able \u00e0 l'eau Prot\u00e9g\u00e9 contre l'humidit\u00e9 Syst\u00e8me de pliage compact Fonction autoformation 4 roues en plastique \u00e0 double durcissement Comprend les d\u00e9tenteurs de balles Club-EN Stationary Net Facile \u00e0 installer Dimension 274cm x 152.5cm x 76cm Emballage 144cm x 9cm x 162cm Cette table de tennis de table de Buffalo est id\u00e9ale pour \u00eatre utilis\u00e9e \u00e0 l'ext\u00e9rieur et a \u00e9t\u00e9 construite \u00e0 l'aide de mat\u00e9riaux r\u00e9sistant aux intemp\u00e9ries. Il est pliable et comprend 4 roues doubles, ce qui facilite le rangement. Le filet de la table est fabriqu\u00e9 en stationnaire Club-EN, ce qui signifie que le net a une base solide et ne tombera pas facilement. La table a la possibilit\u00e9 de se replier en deux afin qu'elle puisse \u00eatre utilis\u00e9e dans une position d'auto-apprentissage; Pratiquer et perfectionner vos comp\u00e9tences. Fourni sans accessoires.","breadcrumb":{"@id":"https:\/\/theworldbilliards.com\/fr\/produit\/table-tennis-de-table-buffalo-de-exterieur-2\/#breadcrumb"},"inLanguage":"fr-FR","potentialAction":[{"@type":"ReadAction","target":["https:\/\/theworldbilliards.com\/fr\/produit\/table-tennis-de-table-buffalo-de-exterieur-2\/"]}]},{"@type":"ImageObject","inLanguage":"fr-FR","@id":"https:\/\/theworldbilliards.com\/fr\/produit\/table-tennis-de-table-buffalo-de-exterieur-2\/#primaryimage","url":"https:\/\/theworldbilliards.com\/wp-content\/uploads\/2019\/04\/tenis-mesa-buffalo-exterior.jpg","contentUrl":"https:\/\/theworldbilliards.com\/wp-content\/uploads\/2019\/04\/tenis-mesa-buffalo-exterior.jpg","width":721,"height":721},{"@type":"BreadcrumbList","@id":"https:\/\/theworldbilliards.com\/fr\/produit\/table-tennis-de-table-buffalo-de-exterieur-2\/#breadcrumb","itemListElement":[{"@type":"ListItem","position":1,"name":"In\u00edcio","item":"https:\/\/theworldbilliards.com\/fr\/"},{"@type":"ListItem","position":2,"name":"Boutique en ligne","item":"https:\/\/theworldbilliards.com\/fr\/boutique-theworldbilliards\/"},{"@type":"ListItem","position":3,"name":"Table Tennis de table Buffalo de Exterieur"}]},{"@type":"WebSite","@id":"https:\/\/theworldbilliards.com\/fr\/#website","url":"https:\/\/theworldbilliards.com\/fr\/","name":"TheWorldBilliards","description":"Achetez ici billard, baby-foot, ping-pong et bowling","publisher":{"@id":"https:\/\/theworldbilliards.com\/fr\/#organization"},"alternateName":"The world billiards","potentialAction":[{"@type":"SearchAction","target":{"@type":"EntryPoint","urlTemplate":"https:\/\/theworldbilliards.com\/fr\/?s={search_term_string}"},"query-input":{"@type":"PropertyValueSpecification","valueRequired":true,"valueName":"search_term_string"}}],"inLanguage":"fr-FR"},{"@type":"Organization","@id":"https:\/\/theworldbilliards.com\/fr\/#organization","name":"The World Billiards","alternateName":"The World Billiards","url":"https:\/\/theworldbilliards.com\/fr\/","logo":{"@type":"ImageObject","inLanguage":"fr-FR","@id":"https:\/\/theworldbilliards.com\/fr\/#\/schema\/logo\/image\/","url":"","contentUrl":"","caption":"The World Billiards"},"image":{"@id":"https:\/\/theworldbilliards.com\/fr\/#\/schema\/logo\/image\/"},"sameAs":["https:\/\/www.facebook.com\/baby.foot.superbes","https:\/\/www.youtube.com\/channel\/UCIMuOVAaUcH6UpZcsZlH0Tg","https:\/\/www.facebook.com\/people\/Brunswick-Billiards-EspaaPortugal\/100066446264309\/","https:\/\/www.instagram.com\/the_world_billiards\/","https:\/\/www.pinterest.es\/Theworldbilliards\/"]}]}},"_links":{"self":[{"href":"https:\/\/theworldbilliards.com\/fr\/wp-json\/wp\/v2\/product\/55230","targetHints":{"allow":["GET"]}}],"collection":[{"href":"https:\/\/theworldbilliards.com\/fr\/wp-json\/wp\/v2\/product"}],"about":[{"href":"https:\/\/theworldbilliards.com\/fr\/wp-json\/wp\/v2\/types\/product"}],"wp:featuredmedia":[{"embeddable":true,"href":"https:\/\/theworldbilliards.com\/fr\/wp-json\/wp\/v2\/media\/72656"}],"wp:attachment":[{"href":"https:\/\/theworldbilliards.com\/fr\/wp-json\/wp\/v2\/media?parent=55230"}],"wp:term":[{"taxonomy":"product_brand","embeddable":true,"href":"https:\/\/theworldbilliards.com\/fr\/wp-json\/wp\/v2\/product_brand?post=55230"},{"taxonomy":"product_cat","embeddable":true,"href":"https:\/\/theworldbilliards.com\/fr\/wp-json\/wp\/v2\/product_cat?post=55230"},{"taxonomy":"product_tag","embeddable":true,"href":"https:\/\/theworldbilliards.com\/fr\/wp-json\/wp\/v2\/product_tag?post=55230"}],"curies":[{"name":"wp","href":"https:\/\/api.w.org\/{rel}","templated":true}]}}