{"id":55297,"date":"2019-04-17T12:54:39","date_gmt":"2019-04-17T10:54:39","guid":{"rendered":"https:\/\/theworldbilliards.com\/produto\/poches-pour-billard-valley\/"},"modified":"2021-12-31T13:35:21","modified_gmt":"2021-12-31T12:35:21","slug":"poches-pour-billard-valley","status":"publish","type":"product","link":"https:\/\/theworldbilliards.com\/fr\/produit\/poches-pour-billard-valley\/","title":{"rendered":"Jeux de 6 Poches pour billard Valley"},"content":{"rendered":"<p>Ensemble complet de 6 poches Valley (2 centres, 4 coins non perfor\u00e9s) avec logo VALLEY estamp\u00e9 dans la l\u00e8vre. Recommand\u00e9 pour les tables de 1973 \u00e0 1992 o\u00f9 les doublures sont fix\u00e9es \u00e0 l\u2019aide de petits clous et non de vis \u00e0 doublure.<\/p>\n<p>Poche Valley sont 4 \u00a0\u00bb large et 3&Prime; TALL<\/p>\n","protected":false},"excerpt":{"rendered":"<p>Ensemble complet de 6 poches Valley (2 centres, 4 coins non perfor\u00e9s) avec logo VALLEY estamp\u00e9 dans la l\u00e8vre. Recommand\u00e9 [&hellip;]<\/p>\n","protected":false},"featured_media":55294,"template":"","meta":{"site-sidebar-layout":"default","site-content-layout":"","ast-site-content-layout":"default","site-content-style":"default","site-sidebar-style":"default","ast-global-header-display":"","ast-banner-title-visibility":"","ast-main-header-display":"","ast-hfb-above-header-display":"","ast-hfb-below-header-display":"","ast-hfb-mobile-header-display":"","site-post-title":"","ast-breadcrumbs-content":"","ast-featured-img":"","footer-sml-layout":"","ast-disable-related-posts":"","theme-transparent-header-meta":"default","adv-header-id-meta":"","stick-header-meta":"","header-above-stick-meta":"","header-main-stick-meta":"","header-below-stick-meta":"","astra-migrate-meta-layouts":"default","ast-page-background-enabled":"default","ast-page-background-meta":{"desktop":{"background-color":"var(--ast-global-color-4)","background-image":"","background-repeat":"repeat","background-position":"center center","background-size":"auto","background-attachment":"scroll","background-type":"","background-media":"","overlay-type":"","overlay-color":"","overlay-opacity":"","overlay-gradient":""},"tablet":{"background-color":"","background-image":"","background-repeat":"repeat","background-position":"center center","background-size":"auto","background-attachment":"scroll","background-type":"","background-media":"","overlay-type":"","overlay-color":"","overlay-opacity":"","overlay-gradient":""},"mobile":{"background-color":"","background-image":"","background-repeat":"repeat","background-position":"center center","background-size":"auto","background-attachment":"scroll","background-type":"","background-media":"","overlay-type":"","overlay-color":"","overlay-opacity":"","overlay-gradient":""}},"ast-content-background-meta":{"desktop":{"background-color":"var(--ast-global-color-5)","background-image":"","background-repeat":"repeat","background-position":"center center","background-size":"auto","background-attachment":"scroll","background-type":"","background-media":"","overlay-type":"","overlay-color":"","overlay-opacity":"","overlay-gradient":""},"tablet":{"background-color":"var(--ast-global-color-5)","background-image":"","background-repeat":"repeat","background-position":"center center","background-size":"auto","background-attachment":"scroll","background-type":"","background-media":"","overlay-type":"","overlay-color":"","overlay-opacity":"","overlay-gradient":""},"mobile":{"background-color":"var(--ast-global-color-5)","background-image":"","background-repeat":"repeat","background-position":"center center","background-size":"auto","background-attachment":"scroll","background-type":"","background-media":"","overlay-type":"","overlay-color":"","overlay-opacity":"","overlay-gradient":""}}},"product_brand":[5202],"product_cat":[3565,2676],"product_tag":[],"class_list":{"0":"post-55297","1":"product","2":"type-product","3":"status-publish","4":"has-post-thumbnail","6":"product_brand-valley-dynamo-fr","7":"product_cat-accessoire-billard-valley-dynamo","8":"product_cat-poches-pour-table-de-billard","9":"product_shipping_class-accessoires","10":"desktop-align-center","11":"tablet-align-left","12":"mobile-align-left","14":"first","15":"instock","16":"taxable","17":"shipping-taxable","18":"purchasable","19":"product-type-simple"},"yoast_head":"<!-- This site is optimized with the Yoast SEO plugin v27.4 - https:\/\/yoast.com\/product\/yoast-seo-wordpress\/ -->\n<title>Acheter Jeux de 6 Poches pour billard Valley - The World Billiards<\/title>\n<meta name=\"description\" content=\"Ensemble complet de 6 poches Valley (2 centres, 4 coins non perfor\u00e9s) avec logo VALLEY estamp\u00e9 dans la l\u00e8vre. Recommand\u00e9 pour les tables de 1973 \u00e0 1992 o\u00f9 les doublures sont fix\u00e9es \u00e0 l\u2019aide de petits clous et non de vis \u00e0 doublure.  Poche Valley sont 4 &quot; large et 3&quot; TALL\" \/>\n<meta name=\"robots\" content=\"index, follow, max-snippet:-1, max-image-preview:large, max-video-preview:-1\" \/>\n<link rel=\"canonical\" href=\"https:\/\/theworldbilliards.com\/fr\/produit\/poches-pour-billard-valley\/\" \/>\n<meta property=\"og:locale\" content=\"fr_FR\" \/>\n<meta property=\"og:type\" content=\"article\" \/>\n<meta property=\"og:title\" content=\"Acheter Jeux de 6 Poches pour billard Valley - The World Billiards\" \/>\n<meta property=\"og:description\" content=\"Ensemble complet de 6 poches Valley (2 centres, 4 coins non perfor\u00e9s) avec logo VALLEY estamp\u00e9 dans la l\u00e8vre. Recommand\u00e9 pour les tables de 1973 \u00e0 1992 o\u00f9 les doublures sont fix\u00e9es \u00e0 l\u2019aide de petits clous et non de vis \u00e0 doublure.  Poche Valley sont 4 &quot; large et 3&quot; TALL\" \/>\n<meta property=\"og:url\" content=\"https:\/\/theworldbilliards.com\/fr\/produit\/poches-pour-billard-valley\/\" \/>\n<meta property=\"og:site_name\" content=\"The World Billiards\" \/>\n<meta property=\"article:publisher\" content=\"https:\/\/www.facebook.com\/baby.foot.superbes\" \/>\n<meta property=\"article:modified_time\" content=\"2021-12-31T12:35:21+00:00\" \/>\n<meta property=\"og:image\" content=\"https:\/\/theworldbilliards.com\/wp-content\/uploads\/2019\/04\/LINER-V.jpg\" \/>\n\t<meta property=\"og:image:width\" content=\"500\" \/>\n\t<meta property=\"og:image:height\" content=\"500\" \/>\n\t<meta property=\"og:image:type\" content=\"image\/jpeg\" \/>\n<meta name=\"twitter:card\" content=\"summary_large_image\" \/>\n<script type=\"application\/ld+json\" class=\"yoast-schema-graph\">{\"@context\":\"https:\\\/\\\/schema.org\",\"@graph\":[{\"@type\":\"WebPage\",\"@id\":\"https:\\\/\\\/theworldbilliards.com\\\/fr\\\/produit\\\/poches-pour-billard-valley\\\/\",\"url\":\"https:\\\/\\\/theworldbilliards.com\\\/fr\\\/produit\\\/poches-pour-billard-valley\\\/\",\"name\":\"Acheter Jeux de 6 Poches pour billard Valley - The World Billiards\",\"isPartOf\":{\"@id\":\"https:\\\/\\\/theworldbilliards.com\\\/fr\\\/#website\"},\"primaryImageOfPage\":{\"@id\":\"https:\\\/\\\/theworldbilliards.com\\\/fr\\\/produit\\\/poches-pour-billard-valley\\\/#primaryimage\"},\"image\":{\"@id\":\"https:\\\/\\\/theworldbilliards.com\\\/fr\\\/produit\\\/poches-pour-billard-valley\\\/#primaryimage\"},\"thumbnailUrl\":\"https:\\\/\\\/theworldbilliards.com\\\/wp-content\\\/uploads\\\/2019\\\/04\\\/LINER-V.jpg\",\"datePublished\":\"2019-04-17T10:54:39+00:00\",\"dateModified\":\"2021-12-31T12:35:21+00:00\",\"description\":\"Ensemble complet de 6 poches Valley (2 centres, 4 coins non perfor\u00e9s) avec logo VALLEY estamp\u00e9 dans la l\u00e8vre. Recommand\u00e9 pour les tables de 1973 \u00e0 1992 o\u00f9 les doublures sont fix\u00e9es \u00e0 l\u2019aide de petits clous et non de vis \u00e0 doublure. Poche Valley sont 4 \\\" large et 3\\\" TALL\",\"breadcrumb\":{\"@id\":\"https:\\\/\\\/theworldbilliards.com\\\/fr\\\/produit\\\/poches-pour-billard-valley\\\/#breadcrumb\"},\"inLanguage\":\"fr-FR\",\"potentialAction\":[{\"@type\":\"ReadAction\",\"target\":[\"https:\\\/\\\/theworldbilliards.com\\\/fr\\\/produit\\\/poches-pour-billard-valley\\\/\"]}]},{\"@type\":\"ImageObject\",\"inLanguage\":\"fr-FR\",\"@id\":\"https:\\\/\\\/theworldbilliards.com\\\/fr\\\/produit\\\/poches-pour-billard-valley\\\/#primaryimage\",\"url\":\"https:\\\/\\\/theworldbilliards.com\\\/wp-content\\\/uploads\\\/2019\\\/04\\\/LINER-V.jpg\",\"contentUrl\":\"https:\\\/\\\/theworldbilliards.com\\\/wp-content\\\/uploads\\\/2019\\\/04\\\/LINER-V.jpg\",\"width\":500,\"height\":500},{\"@type\":\"BreadcrumbList\",\"@id\":\"https:\\\/\\\/theworldbilliards.com\\\/fr\\\/produit\\\/poches-pour-billard-valley\\\/#breadcrumb\",\"itemListElement\":[{\"@type\":\"ListItem\",\"position\":1,\"name\":\"In\u00edcio\",\"item\":\"https:\\\/\\\/theworldbilliards.com\\\/fr\\\/\"},{\"@type\":\"ListItem\",\"position\":2,\"name\":\"Boutique en ligne\",\"item\":\"https:\\\/\\\/theworldbilliards.com\\\/fr\\\/boutique-theworldbilliards\\\/\"},{\"@type\":\"ListItem\",\"position\":3,\"name\":\"Jeux de 6 Poches pour billard Valley\"}]},{\"@type\":\"WebSite\",\"@id\":\"https:\\\/\\\/theworldbilliards.com\\\/fr\\\/#website\",\"url\":\"https:\\\/\\\/theworldbilliards.com\\\/fr\\\/\",\"name\":\"TheWorldBilliards\",\"description\":\"Achetez ici billard, baby-foot, ping-pong et bowling\",\"publisher\":{\"@id\":\"https:\\\/\\\/theworldbilliards.com\\\/fr\\\/#organization\"},\"alternateName\":\"The world billiards\",\"potentialAction\":[{\"@type\":\"SearchAction\",\"target\":{\"@type\":\"EntryPoint\",\"urlTemplate\":\"https:\\\/\\\/theworldbilliards.com\\\/fr\\\/?s={search_term_string}\"},\"query-input\":{\"@type\":\"PropertyValueSpecification\",\"valueRequired\":true,\"valueName\":\"search_term_string\"}}],\"inLanguage\":\"fr-FR\"},{\"@type\":\"Organization\",\"@id\":\"https:\\\/\\\/theworldbilliards.com\\\/fr\\\/#organization\",\"name\":\"The World Billiards\",\"alternateName\":\"The World Billiards\",\"url\":\"https:\\\/\\\/theworldbilliards.com\\\/fr\\\/\",\"logo\":{\"@type\":\"ImageObject\",\"inLanguage\":\"fr-FR\",\"@id\":\"https:\\\/\\\/theworldbilliards.com\\\/fr\\\/#\\\/schema\\\/logo\\\/image\\\/\",\"url\":\"\",\"contentUrl\":\"\",\"caption\":\"The World Billiards\"},\"image\":{\"@id\":\"https:\\\/\\\/theworldbilliards.com\\\/fr\\\/#\\\/schema\\\/logo\\\/image\\\/\"},\"sameAs\":[\"https:\\\/\\\/www.facebook.com\\\/baby.foot.superbes\",\"https:\\\/\\\/www.youtube.com\\\/channel\\\/UCIMuOVAaUcH6UpZcsZlH0Tg\",\"https:\\\/\\\/www.facebook.com\\\/people\\\/Brunswick-Billiards-EspaaPortugal\\\/100066446264309\\\/\",\"https:\\\/\\\/www.instagram.com\\\/the_world_billiards\\\/\",\"https:\\\/\\\/www.pinterest.es\\\/Theworldbilliards\\\/\"]}]}<\/script>\n<!-- \/ Yoast SEO plugin. -->","yoast_head_json":{"title":"Acheter Jeux de 6 Poches pour billard Valley - The World Billiards","description":"Ensemble complet de 6 poches Valley (2 centres, 4 coins non perfor\u00e9s) avec logo VALLEY estamp\u00e9 dans la l\u00e8vre. Recommand\u00e9 pour les tables de 1973 \u00e0 1992 o\u00f9 les doublures sont fix\u00e9es \u00e0 l\u2019aide de petits clous et non de vis \u00e0 doublure.  Poche Valley sont 4 \" large et 3\" TALL","robots":{"index":"index","follow":"follow","max-snippet":"max-snippet:-1","max-image-preview":"max-image-preview:large","max-video-preview":"max-video-preview:-1"},"canonical":"https:\/\/theworldbilliards.com\/fr\/produit\/poches-pour-billard-valley\/","og_locale":"fr_FR","og_type":"article","og_title":"Acheter Jeux de 6 Poches pour billard Valley - The World Billiards","og_description":"Ensemble complet de 6 poches Valley (2 centres, 4 coins non perfor\u00e9s) avec logo VALLEY estamp\u00e9 dans la l\u00e8vre. Recommand\u00e9 pour les tables de 1973 \u00e0 1992 o\u00f9 les doublures sont fix\u00e9es \u00e0 l\u2019aide de petits clous et non de vis \u00e0 doublure.  Poche Valley sont 4 \" large et 3\" TALL","og_url":"https:\/\/theworldbilliards.com\/fr\/produit\/poches-pour-billard-valley\/","og_site_name":"The World Billiards","article_publisher":"https:\/\/www.facebook.com\/baby.foot.superbes","article_modified_time":"2021-12-31T12:35:21+00:00","og_image":[{"width":500,"height":500,"url":"https:\/\/theworldbilliards.com\/wp-content\/uploads\/2019\/04\/LINER-V.jpg","type":"image\/jpeg"}],"twitter_card":"summary_large_image","schema":{"@context":"https:\/\/schema.org","@graph":[{"@type":"WebPage","@id":"https:\/\/theworldbilliards.com\/fr\/produit\/poches-pour-billard-valley\/","url":"https:\/\/theworldbilliards.com\/fr\/produit\/poches-pour-billard-valley\/","name":"Acheter Jeux de 6 Poches pour billard Valley - The World Billiards","isPartOf":{"@id":"https:\/\/theworldbilliards.com\/fr\/#website"},"primaryImageOfPage":{"@id":"https:\/\/theworldbilliards.com\/fr\/produit\/poches-pour-billard-valley\/#primaryimage"},"image":{"@id":"https:\/\/theworldbilliards.com\/fr\/produit\/poches-pour-billard-valley\/#primaryimage"},"thumbnailUrl":"https:\/\/theworldbilliards.com\/wp-content\/uploads\/2019\/04\/LINER-V.jpg","datePublished":"2019-04-17T10:54:39+00:00","dateModified":"2021-12-31T12:35:21+00:00","description":"Ensemble complet de 6 poches Valley (2 centres, 4 coins non perfor\u00e9s) avec logo VALLEY estamp\u00e9 dans la l\u00e8vre. Recommand\u00e9 pour les tables de 1973 \u00e0 1992 o\u00f9 les doublures sont fix\u00e9es \u00e0 l\u2019aide de petits clous et non de vis \u00e0 doublure. Poche Valley sont 4 \" large et 3\" TALL","breadcrumb":{"@id":"https:\/\/theworldbilliards.com\/fr\/produit\/poches-pour-billard-valley\/#breadcrumb"},"inLanguage":"fr-FR","potentialAction":[{"@type":"ReadAction","target":["https:\/\/theworldbilliards.com\/fr\/produit\/poches-pour-billard-valley\/"]}]},{"@type":"ImageObject","inLanguage":"fr-FR","@id":"https:\/\/theworldbilliards.com\/fr\/produit\/poches-pour-billard-valley\/#primaryimage","url":"https:\/\/theworldbilliards.com\/wp-content\/uploads\/2019\/04\/LINER-V.jpg","contentUrl":"https:\/\/theworldbilliards.com\/wp-content\/uploads\/2019\/04\/LINER-V.jpg","width":500,"height":500},{"@type":"BreadcrumbList","@id":"https:\/\/theworldbilliards.com\/fr\/produit\/poches-pour-billard-valley\/#breadcrumb","itemListElement":[{"@type":"ListItem","position":1,"name":"In\u00edcio","item":"https:\/\/theworldbilliards.com\/fr\/"},{"@type":"ListItem","position":2,"name":"Boutique en ligne","item":"https:\/\/theworldbilliards.com\/fr\/boutique-theworldbilliards\/"},{"@type":"ListItem","position":3,"name":"Jeux de 6 Poches pour billard Valley"}]},{"@type":"WebSite","@id":"https:\/\/theworldbilliards.com\/fr\/#website","url":"https:\/\/theworldbilliards.com\/fr\/","name":"TheWorldBilliards","description":"Achetez ici billard, baby-foot, ping-pong et bowling","publisher":{"@id":"https:\/\/theworldbilliards.com\/fr\/#organization"},"alternateName":"The world billiards","potentialAction":[{"@type":"SearchAction","target":{"@type":"EntryPoint","urlTemplate":"https:\/\/theworldbilliards.com\/fr\/?s={search_term_string}"},"query-input":{"@type":"PropertyValueSpecification","valueRequired":true,"valueName":"search_term_string"}}],"inLanguage":"fr-FR"},{"@type":"Organization","@id":"https:\/\/theworldbilliards.com\/fr\/#organization","name":"The World Billiards","alternateName":"The World Billiards","url":"https:\/\/theworldbilliards.com\/fr\/","logo":{"@type":"ImageObject","inLanguage":"fr-FR","@id":"https:\/\/theworldbilliards.com\/fr\/#\/schema\/logo\/image\/","url":"","contentUrl":"","caption":"The World Billiards"},"image":{"@id":"https:\/\/theworldbilliards.com\/fr\/#\/schema\/logo\/image\/"},"sameAs":["https:\/\/www.facebook.com\/baby.foot.superbes","https:\/\/www.youtube.com\/channel\/UCIMuOVAaUcH6UpZcsZlH0Tg","https:\/\/www.facebook.com\/people\/Brunswick-Billiards-EspaaPortugal\/100066446264309\/","https:\/\/www.instagram.com\/the_world_billiards\/","https:\/\/www.pinterest.es\/Theworldbilliards\/"]}]}},"_links":{"self":[{"href":"https:\/\/theworldbilliards.com\/fr\/wp-json\/wp\/v2\/product\/55297","targetHints":{"allow":["GET"]}}],"collection":[{"href":"https:\/\/theworldbilliards.com\/fr\/wp-json\/wp\/v2\/product"}],"about":[{"href":"https:\/\/theworldbilliards.com\/fr\/wp-json\/wp\/v2\/types\/product"}],"wp:featuredmedia":[{"embeddable":true,"href":"https:\/\/theworldbilliards.com\/fr\/wp-json\/wp\/v2\/media\/55294"}],"wp:attachment":[{"href":"https:\/\/theworldbilliards.com\/fr\/wp-json\/wp\/v2\/media?parent=55297"}],"wp:term":[{"taxonomy":"product_brand","embeddable":true,"href":"https:\/\/theworldbilliards.com\/fr\/wp-json\/wp\/v2\/product_brand?post=55297"},{"taxonomy":"product_cat","embeddable":true,"href":"https:\/\/theworldbilliards.com\/fr\/wp-json\/wp\/v2\/product_cat?post=55297"},{"taxonomy":"product_tag","embeddable":true,"href":"https:\/\/theworldbilliards.com\/fr\/wp-json\/wp\/v2\/product_tag?post=55297"}],"curies":[{"name":"wp","href":"https:\/\/api.w.org\/{rel}","templated":true}]}}