{"id":55741,"date":"2019-05-10T10:33:06","date_gmt":"2019-05-10T08:33:06","guid":{"rendered":"https:\/\/theworldbilliards.com\/?post_type=product&#038;p=55741"},"modified":"2025-02-25T11:23:48","modified_gmt":"2025-02-25T10:23:48","slug":"craies-brunswick-gold-crown-boite-144-unites","status":"publish","type":"product","link":"https:\/\/theworldbilliards.com\/fr\/produit\/craies-brunswick-gold-crown-boite-144-unites\/","title":{"rendered":"Craies Brunswick Gold Crown (bo\u00eete 144 unit\u00e9s)"},"content":{"rendered":"<p>Fabriqu\u00e9e \u00e0 partir de la meilleure silice de qualit\u00e9 velours, garantissant une adh\u00e9rence et des qualit\u00e9s de friction maximales.<br \/>\nAppliqu\u00e9e sur une pointe de queue, la craie offre une excellente adh\u00e9rence, r\u00e9duisant ainsi les risques d&rsquo;erreurs et am\u00e9liorant la pr\u00e9cision.<br \/>\nId\u00e9ale pour les joueurs qui souhaitent rendre leurs coups plus visibles sur la table.<\/p>\n","protected":false},"excerpt":{"rendered":"<p>Fabriqu\u00e9e \u00e0 partir de la meilleure silice de qualit\u00e9 velours, garantissant une adh\u00e9rence et des qualit\u00e9s de friction maximales. Appliqu\u00e9e [&hellip;]<\/p>\n","protected":false},"featured_media":55660,"template":"","meta":{"site-sidebar-layout":"default","site-content-layout":"","ast-site-content-layout":"default","site-content-style":"default","site-sidebar-style":"default","ast-global-header-display":"","ast-banner-title-visibility":"","ast-main-header-display":"","ast-hfb-above-header-display":"","ast-hfb-below-header-display":"","ast-hfb-mobile-header-display":"","site-post-title":"","ast-breadcrumbs-content":"","ast-featured-img":"","footer-sml-layout":"","ast-disable-related-posts":"","theme-transparent-header-meta":"default","adv-header-id-meta":"","stick-header-meta":"","header-above-stick-meta":"","header-main-stick-meta":"","header-below-stick-meta":"","astra-migrate-meta-layouts":"default","ast-page-background-enabled":"default","ast-page-background-meta":{"desktop":{"background-color":"var(--ast-global-color-4)","background-image":"","background-repeat":"repeat","background-position":"center center","background-size":"auto","background-attachment":"scroll","background-type":"","background-media":"","overlay-type":"","overlay-color":"","overlay-opacity":"","overlay-gradient":""},"tablet":{"background-color":"","background-image":"","background-repeat":"repeat","background-position":"center center","background-size":"auto","background-attachment":"scroll","background-type":"","background-media":"","overlay-type":"","overlay-color":"","overlay-opacity":"","overlay-gradient":""},"mobile":{"background-color":"","background-image":"","background-repeat":"repeat","background-position":"center center","background-size":"auto","background-attachment":"scroll","background-type":"","background-media":"","overlay-type":"","overlay-color":"","overlay-opacity":"","overlay-gradient":""}},"ast-content-background-meta":{"desktop":{"background-color":"var(--ast-global-color-5)","background-image":"","background-repeat":"repeat","background-position":"center center","background-size":"auto","background-attachment":"scroll","background-type":"","background-media":"","overlay-type":"","overlay-color":"","overlay-opacity":"","overlay-gradient":""},"tablet":{"background-color":"var(--ast-global-color-5)","background-image":"","background-repeat":"repeat","background-position":"center center","background-size":"auto","background-attachment":"scroll","background-type":"","background-media":"","overlay-type":"","overlay-color":"","overlay-opacity":"","overlay-gradient":""},"mobile":{"background-color":"var(--ast-global-color-5)","background-image":"","background-repeat":"repeat","background-position":"center center","background-size":"auto","background-attachment":"scroll","background-type":"","background-media":"","overlay-type":"","overlay-color":"","overlay-opacity":"","overlay-gradient":""}}},"product_brand":[5198],"product_cat":[4946,1192],"product_tag":[],"class_list":{"0":"post-55741","1":"product","2":"type-product","3":"status-publish","4":"has-post-thumbnail","6":"product_brand-brunswick-billiards-fr","7":"product_cat-accessoire-billard-brunswick","8":"product_cat-consommables-de-billard","9":"product_shipping_class-accessoires","10":"desktop-align-center","11":"tablet-align-left","12":"mobile-align-left","14":"first","15":"instock","16":"taxable","17":"shipping-taxable","18":"purchasable","19":"product-type-simple"},"yoast_head":"<!-- This site is optimized with the Yoast SEO plugin v27.4 - https:\/\/yoast.com\/product\/yoast-seo-wordpress\/ -->\n<title>Acheter Craies Brunswick Gold Crown (bo\u00eete 144 unit\u00e9s) - The World Billiards<\/title>\n<meta name=\"description\" content=\"Fabriqu\u00e9e \u00e0 partir de la meilleure silice de qualit\u00e9 velours, garantissant une adh\u00e9rence et des qualit\u00e9s de friction maximales. Appliqu\u00e9e sur une pointe de queue, la craie offre une excellente adh\u00e9rence, r\u00e9duisant ainsi les risques d&#039;erreurs et am\u00e9liorant la pr\u00e9cision. Id\u00e9ale pour les joueurs qui souhaitent rendre leurs coups plus visibles sur la table.\" \/>\n<meta name=\"robots\" content=\"index, follow, max-snippet:-1, max-image-preview:large, max-video-preview:-1\" \/>\n<link rel=\"canonical\" href=\"https:\/\/theworldbilliards.com\/fr\/produit\/craies-brunswick-gold-crown-boite-144-unites\/\" \/>\n<meta property=\"og:locale\" content=\"fr_FR\" \/>\n<meta property=\"og:type\" content=\"article\" \/>\n<meta property=\"og:title\" content=\"Acheter Craies Brunswick Gold Crown (bo\u00eete 144 unit\u00e9s) - The World Billiards\" \/>\n<meta property=\"og:description\" content=\"Fabriqu\u00e9e \u00e0 partir de la meilleure silice de qualit\u00e9 velours, garantissant une adh\u00e9rence et des qualit\u00e9s de friction maximales. Appliqu\u00e9e sur une pointe de queue, la craie offre une excellente adh\u00e9rence, r\u00e9duisant ainsi les risques d&#039;erreurs et am\u00e9liorant la pr\u00e9cision. Id\u00e9ale pour les joueurs qui souhaitent rendre leurs coups plus visibles sur la table.\" \/>\n<meta property=\"og:url\" content=\"https:\/\/theworldbilliards.com\/fr\/produit\/craies-brunswick-gold-crown-boite-144-unites\/\" \/>\n<meta property=\"og:site_name\" content=\"The World Billiards\" \/>\n<meta property=\"article:publisher\" content=\"https:\/\/www.facebook.com\/baby.foot.superbes\" \/>\n<meta property=\"article:modified_time\" content=\"2025-02-25T10:23:48+00:00\" \/>\n<meta property=\"og:image\" content=\"https:\/\/theworldbilliards.com\/wp-content\/uploads\/2019\/05\/brunswickchalkblue.jpg\" \/>\n\t<meta property=\"og:image:width\" content=\"720\" \/>\n\t<meta property=\"og:image:height\" content=\"720\" \/>\n\t<meta property=\"og:image:type\" content=\"image\/jpeg\" \/>\n<meta name=\"twitter:card\" content=\"summary_large_image\" \/>\n<script type=\"application\/ld+json\" class=\"yoast-schema-graph\">{\"@context\":\"https:\\\/\\\/schema.org\",\"@graph\":[{\"@type\":\"WebPage\",\"@id\":\"https:\\\/\\\/theworldbilliards.com\\\/fr\\\/produit\\\/craies-brunswick-gold-crown-boite-144-unites\\\/\",\"url\":\"https:\\\/\\\/theworldbilliards.com\\\/fr\\\/produit\\\/craies-brunswick-gold-crown-boite-144-unites\\\/\",\"name\":\"Acheter Craies Brunswick Gold Crown (bo\u00eete 144 unit\u00e9s) - The World Billiards\",\"isPartOf\":{\"@id\":\"https:\\\/\\\/theworldbilliards.com\\\/fr\\\/#website\"},\"primaryImageOfPage\":{\"@id\":\"https:\\\/\\\/theworldbilliards.com\\\/fr\\\/produit\\\/craies-brunswick-gold-crown-boite-144-unites\\\/#primaryimage\"},\"image\":{\"@id\":\"https:\\\/\\\/theworldbilliards.com\\\/fr\\\/produit\\\/craies-brunswick-gold-crown-boite-144-unites\\\/#primaryimage\"},\"thumbnailUrl\":\"https:\\\/\\\/theworldbilliards.com\\\/wp-content\\\/uploads\\\/2019\\\/05\\\/brunswickchalkblue.jpg\",\"datePublished\":\"2019-05-10T08:33:06+00:00\",\"dateModified\":\"2025-02-25T10:23:48+00:00\",\"description\":\"Fabriqu\u00e9e \u00e0 partir de la meilleure silice de qualit\u00e9 velours, garantissant une adh\u00e9rence et des qualit\u00e9s de friction maximales. Appliqu\u00e9e sur une pointe de queue, la craie offre une excellente adh\u00e9rence, r\u00e9duisant ainsi les risques d'erreurs et am\u00e9liorant la pr\u00e9cision. Id\u00e9ale pour les joueurs qui souhaitent rendre leurs coups plus visibles sur la table.\",\"breadcrumb\":{\"@id\":\"https:\\\/\\\/theworldbilliards.com\\\/fr\\\/produit\\\/craies-brunswick-gold-crown-boite-144-unites\\\/#breadcrumb\"},\"inLanguage\":\"fr-FR\",\"potentialAction\":[{\"@type\":\"ReadAction\",\"target\":[\"https:\\\/\\\/theworldbilliards.com\\\/fr\\\/produit\\\/craies-brunswick-gold-crown-boite-144-unites\\\/\"]}]},{\"@type\":\"ImageObject\",\"inLanguage\":\"fr-FR\",\"@id\":\"https:\\\/\\\/theworldbilliards.com\\\/fr\\\/produit\\\/craies-brunswick-gold-crown-boite-144-unites\\\/#primaryimage\",\"url\":\"https:\\\/\\\/theworldbilliards.com\\\/wp-content\\\/uploads\\\/2019\\\/05\\\/brunswickchalkblue.jpg\",\"contentUrl\":\"https:\\\/\\\/theworldbilliards.com\\\/wp-content\\\/uploads\\\/2019\\\/05\\\/brunswickchalkblue.jpg\",\"width\":720,\"height\":720},{\"@type\":\"BreadcrumbList\",\"@id\":\"https:\\\/\\\/theworldbilliards.com\\\/fr\\\/produit\\\/craies-brunswick-gold-crown-boite-144-unites\\\/#breadcrumb\",\"itemListElement\":[{\"@type\":\"ListItem\",\"position\":1,\"name\":\"In\u00edcio\",\"item\":\"https:\\\/\\\/theworldbilliards.com\\\/fr\\\/\"},{\"@type\":\"ListItem\",\"position\":2,\"name\":\"Boutique en ligne\",\"item\":\"https:\\\/\\\/theworldbilliards.com\\\/fr\\\/boutique-theworldbilliards\\\/\"},{\"@type\":\"ListItem\",\"position\":3,\"name\":\"Craies Brunswick Gold Crown (bo\u00eete 144 unit\u00e9s)\"}]},{\"@type\":\"WebSite\",\"@id\":\"https:\\\/\\\/theworldbilliards.com\\\/fr\\\/#website\",\"url\":\"https:\\\/\\\/theworldbilliards.com\\\/fr\\\/\",\"name\":\"TheWorldBilliards\",\"description\":\"Achetez ici billard, baby-foot, ping-pong et bowling\",\"publisher\":{\"@id\":\"https:\\\/\\\/theworldbilliards.com\\\/fr\\\/#organization\"},\"alternateName\":\"The world billiards\",\"potentialAction\":[{\"@type\":\"SearchAction\",\"target\":{\"@type\":\"EntryPoint\",\"urlTemplate\":\"https:\\\/\\\/theworldbilliards.com\\\/fr\\\/?s={search_term_string}\"},\"query-input\":{\"@type\":\"PropertyValueSpecification\",\"valueRequired\":true,\"valueName\":\"search_term_string\"}}],\"inLanguage\":\"fr-FR\"},{\"@type\":\"Organization\",\"@id\":\"https:\\\/\\\/theworldbilliards.com\\\/fr\\\/#organization\",\"name\":\"The World Billiards\",\"alternateName\":\"The World Billiards\",\"url\":\"https:\\\/\\\/theworldbilliards.com\\\/fr\\\/\",\"logo\":{\"@type\":\"ImageObject\",\"inLanguage\":\"fr-FR\",\"@id\":\"https:\\\/\\\/theworldbilliards.com\\\/fr\\\/#\\\/schema\\\/logo\\\/image\\\/\",\"url\":\"\",\"contentUrl\":\"\",\"caption\":\"The World Billiards\"},\"image\":{\"@id\":\"https:\\\/\\\/theworldbilliards.com\\\/fr\\\/#\\\/schema\\\/logo\\\/image\\\/\"},\"sameAs\":[\"https:\\\/\\\/www.facebook.com\\\/baby.foot.superbes\",\"https:\\\/\\\/www.youtube.com\\\/channel\\\/UCIMuOVAaUcH6UpZcsZlH0Tg\",\"https:\\\/\\\/www.facebook.com\\\/people\\\/Brunswick-Billiards-EspaaPortugal\\\/100066446264309\\\/\",\"https:\\\/\\\/www.instagram.com\\\/the_world_billiards\\\/\",\"https:\\\/\\\/www.pinterest.es\\\/Theworldbilliards\\\/\"]}]}<\/script>\n<!-- \/ Yoast SEO plugin. -->","yoast_head_json":{"title":"Acheter Craies Brunswick Gold Crown (bo\u00eete 144 unit\u00e9s) - The World Billiards","description":"Fabriqu\u00e9e \u00e0 partir de la meilleure silice de qualit\u00e9 velours, garantissant une adh\u00e9rence et des qualit\u00e9s de friction maximales. Appliqu\u00e9e sur une pointe de queue, la craie offre une excellente adh\u00e9rence, r\u00e9duisant ainsi les risques d'erreurs et am\u00e9liorant la pr\u00e9cision. Id\u00e9ale pour les joueurs qui souhaitent rendre leurs coups plus visibles sur la table.","robots":{"index":"index","follow":"follow","max-snippet":"max-snippet:-1","max-image-preview":"max-image-preview:large","max-video-preview":"max-video-preview:-1"},"canonical":"https:\/\/theworldbilliards.com\/fr\/produit\/craies-brunswick-gold-crown-boite-144-unites\/","og_locale":"fr_FR","og_type":"article","og_title":"Acheter Craies Brunswick Gold Crown (bo\u00eete 144 unit\u00e9s) - The World Billiards","og_description":"Fabriqu\u00e9e \u00e0 partir de la meilleure silice de qualit\u00e9 velours, garantissant une adh\u00e9rence et des qualit\u00e9s de friction maximales. Appliqu\u00e9e sur une pointe de queue, la craie offre une excellente adh\u00e9rence, r\u00e9duisant ainsi les risques d'erreurs et am\u00e9liorant la pr\u00e9cision. Id\u00e9ale pour les joueurs qui souhaitent rendre leurs coups plus visibles sur la table.","og_url":"https:\/\/theworldbilliards.com\/fr\/produit\/craies-brunswick-gold-crown-boite-144-unites\/","og_site_name":"The World Billiards","article_publisher":"https:\/\/www.facebook.com\/baby.foot.superbes","article_modified_time":"2025-02-25T10:23:48+00:00","og_image":[{"width":720,"height":720,"url":"https:\/\/theworldbilliards.com\/wp-content\/uploads\/2019\/05\/brunswickchalkblue.jpg","type":"image\/jpeg"}],"twitter_card":"summary_large_image","schema":{"@context":"https:\/\/schema.org","@graph":[{"@type":"WebPage","@id":"https:\/\/theworldbilliards.com\/fr\/produit\/craies-brunswick-gold-crown-boite-144-unites\/","url":"https:\/\/theworldbilliards.com\/fr\/produit\/craies-brunswick-gold-crown-boite-144-unites\/","name":"Acheter Craies Brunswick Gold Crown (bo\u00eete 144 unit\u00e9s) - The World Billiards","isPartOf":{"@id":"https:\/\/theworldbilliards.com\/fr\/#website"},"primaryImageOfPage":{"@id":"https:\/\/theworldbilliards.com\/fr\/produit\/craies-brunswick-gold-crown-boite-144-unites\/#primaryimage"},"image":{"@id":"https:\/\/theworldbilliards.com\/fr\/produit\/craies-brunswick-gold-crown-boite-144-unites\/#primaryimage"},"thumbnailUrl":"https:\/\/theworldbilliards.com\/wp-content\/uploads\/2019\/05\/brunswickchalkblue.jpg","datePublished":"2019-05-10T08:33:06+00:00","dateModified":"2025-02-25T10:23:48+00:00","description":"Fabriqu\u00e9e \u00e0 partir de la meilleure silice de qualit\u00e9 velours, garantissant une adh\u00e9rence et des qualit\u00e9s de friction maximales. Appliqu\u00e9e sur une pointe de queue, la craie offre une excellente adh\u00e9rence, r\u00e9duisant ainsi les risques d'erreurs et am\u00e9liorant la pr\u00e9cision. Id\u00e9ale pour les joueurs qui souhaitent rendre leurs coups plus visibles sur la table.","breadcrumb":{"@id":"https:\/\/theworldbilliards.com\/fr\/produit\/craies-brunswick-gold-crown-boite-144-unites\/#breadcrumb"},"inLanguage":"fr-FR","potentialAction":[{"@type":"ReadAction","target":["https:\/\/theworldbilliards.com\/fr\/produit\/craies-brunswick-gold-crown-boite-144-unites\/"]}]},{"@type":"ImageObject","inLanguage":"fr-FR","@id":"https:\/\/theworldbilliards.com\/fr\/produit\/craies-brunswick-gold-crown-boite-144-unites\/#primaryimage","url":"https:\/\/theworldbilliards.com\/wp-content\/uploads\/2019\/05\/brunswickchalkblue.jpg","contentUrl":"https:\/\/theworldbilliards.com\/wp-content\/uploads\/2019\/05\/brunswickchalkblue.jpg","width":720,"height":720},{"@type":"BreadcrumbList","@id":"https:\/\/theworldbilliards.com\/fr\/produit\/craies-brunswick-gold-crown-boite-144-unites\/#breadcrumb","itemListElement":[{"@type":"ListItem","position":1,"name":"In\u00edcio","item":"https:\/\/theworldbilliards.com\/fr\/"},{"@type":"ListItem","position":2,"name":"Boutique en ligne","item":"https:\/\/theworldbilliards.com\/fr\/boutique-theworldbilliards\/"},{"@type":"ListItem","position":3,"name":"Craies Brunswick Gold Crown (bo\u00eete 144 unit\u00e9s)"}]},{"@type":"WebSite","@id":"https:\/\/theworldbilliards.com\/fr\/#website","url":"https:\/\/theworldbilliards.com\/fr\/","name":"TheWorldBilliards","description":"Achetez ici billard, baby-foot, ping-pong et bowling","publisher":{"@id":"https:\/\/theworldbilliards.com\/fr\/#organization"},"alternateName":"The world billiards","potentialAction":[{"@type":"SearchAction","target":{"@type":"EntryPoint","urlTemplate":"https:\/\/theworldbilliards.com\/fr\/?s={search_term_string}"},"query-input":{"@type":"PropertyValueSpecification","valueRequired":true,"valueName":"search_term_string"}}],"inLanguage":"fr-FR"},{"@type":"Organization","@id":"https:\/\/theworldbilliards.com\/fr\/#organization","name":"The World Billiards","alternateName":"The World Billiards","url":"https:\/\/theworldbilliards.com\/fr\/","logo":{"@type":"ImageObject","inLanguage":"fr-FR","@id":"https:\/\/theworldbilliards.com\/fr\/#\/schema\/logo\/image\/","url":"","contentUrl":"","caption":"The World Billiards"},"image":{"@id":"https:\/\/theworldbilliards.com\/fr\/#\/schema\/logo\/image\/"},"sameAs":["https:\/\/www.facebook.com\/baby.foot.superbes","https:\/\/www.youtube.com\/channel\/UCIMuOVAaUcH6UpZcsZlH0Tg","https:\/\/www.facebook.com\/people\/Brunswick-Billiards-EspaaPortugal\/100066446264309\/","https:\/\/www.instagram.com\/the_world_billiards\/","https:\/\/www.pinterest.es\/Theworldbilliards\/"]}]}},"_links":{"self":[{"href":"https:\/\/theworldbilliards.com\/fr\/wp-json\/wp\/v2\/product\/55741","targetHints":{"allow":["GET"]}}],"collection":[{"href":"https:\/\/theworldbilliards.com\/fr\/wp-json\/wp\/v2\/product"}],"about":[{"href":"https:\/\/theworldbilliards.com\/fr\/wp-json\/wp\/v2\/types\/product"}],"wp:featuredmedia":[{"embeddable":true,"href":"https:\/\/theworldbilliards.com\/fr\/wp-json\/wp\/v2\/media\/55660"}],"wp:attachment":[{"href":"https:\/\/theworldbilliards.com\/fr\/wp-json\/wp\/v2\/media?parent=55741"}],"wp:term":[{"taxonomy":"product_brand","embeddable":true,"href":"https:\/\/theworldbilliards.com\/fr\/wp-json\/wp\/v2\/product_brand?post=55741"},{"taxonomy":"product_cat","embeddable":true,"href":"https:\/\/theworldbilliards.com\/fr\/wp-json\/wp\/v2\/product_cat?post=55741"},{"taxonomy":"product_tag","embeddable":true,"href":"https:\/\/theworldbilliards.com\/fr\/wp-json\/wp\/v2\/product_tag?post=55741"}],"curies":[{"name":"wp","href":"https:\/\/api.w.org\/{rel}","templated":true}]}}