{"id":56170,"date":"2019-01-05T10:29:37","date_gmt":"2019-01-05T09:29:37","guid":{"rendered":"https:\/\/theworldbilliards.com\/produto\/baby-foot-president\/"},"modified":"2026-01-17T13:14:33","modified_gmt":"2026-01-17T12:14:33","slug":"baby-foot-president-pour-ecoles","status":"publish","type":"product","link":"https:\/\/theworldbilliards.com\/fr\/produit\/baby-foot-president-pour-ecoles\/","title":{"rendered":"Baby foot President pour \u00e9coles"},"content":{"rendered":"<p>Baby Foot avec protection en verre tremp\u00e9 pour plus de s\u00e9curit\u00e9, id\u00e9al pour les \u00e9coles, pour des moments de divertissement et de s\u00e9curit\u00e9.<\/p>\n<p>Excellent baby-foot en bois massif, con\u00e7u pour tous les groupes d&rsquo;\u00e2ge.<\/p>\n<p>Finitions de haute qualit\u00e9, peinture anti-humidit\u00e9 en option.<\/p>\n<p>Barres calibr\u00e9es renforc\u00e9es 15 mm, barres<\/p>\n<p>En option barres t\u00e9lescopiques en inox<\/p>\n<p>Fabriqu\u00e9 en bois massif<\/p>\n<p>Poign\u00e9es en plastique dans le style de la concurrence.<\/p>\n<p>Poids &#8211; 80 kg.<\/p>\n<p>En option: Monnayeur, couleur du bois, couleur des \u00e9quipes, poign\u00e9es en bois, etc.<\/p>\n<p>2 balles incluses en bois ou en plastique.<\/p>\n<p>Option LED RVB avec t\u00e9l\u00e9commande<\/p>\n<p><strong>Attention : cet \u00e9quipement ne doit pas \u00eatre \u00e0 l\u2019ext\u00e9rieur sous le soleil et la pluie.<\/strong><\/p>\n<p><strong>Protection de baby-foot en verre tremp\u00e9 de 4 mm d\u2019\u00e9paisseur<\/strong><\/p>\n<p>Le verre tremp\u00e9 est un type de verre qui subit un processus de traitement thermique pour augmenter sa r\u00e9sistance. Voici quelques-unes des sp\u00e9cifications les plus courantes :<\/p>\n<p>1. * R\u00e9sistance : * Le verre tremp\u00e9 est plus r\u00e9sistant aux chocs et aux chocs thermiques que le verre ordinaire.<\/p>\n<p>2. *S\u00e9curit\u00e9\u00a0:* En cas de bris, le verre tremp\u00e9 se fragmente en petits morceaux moins tranchants que les fragments de verre ordinaires, ce qui r\u00e9duit le risque de blessure.<\/p>\n<p>3. * \u00c9paisseur : * Il peut varier en fonction de l\u2019application, mais il est g\u00e9n\u00e9ralement plus \u00e9pais que le verre ordinaire pour assurer une plus grande r\u00e9sistance.<\/p>\n<p>4. * Processus de trempe : * Le verre subit un processus de chauffage \u00e0 haute temp\u00e9rature suivi d\u2019un refroidissement rapide pour cr\u00e9er des contraintes internes qui augmentent sa r\u00e9sistance.<\/p>\n","protected":false},"excerpt":{"rendered":"<p>Baby Foot avec protection en verre tremp\u00e9 pour plus de s\u00e9curit\u00e9, id\u00e9al pour les \u00e9coles, pour des moments de divertissement [&hellip;]<\/p>\n","protected":false},"featured_media":56182,"template":"","meta":{"site-sidebar-layout":"default","site-content-layout":"","ast-site-content-layout":"default","site-content-style":"default","site-sidebar-style":"default","ast-global-header-display":"","ast-banner-title-visibility":"","ast-main-header-display":"","ast-hfb-above-header-display":"","ast-hfb-below-header-display":"","ast-hfb-mobile-header-display":"","site-post-title":"","ast-breadcrumbs-content":"","ast-featured-img":"","footer-sml-layout":"","ast-disable-related-posts":"","theme-transparent-header-meta":"default","adv-header-id-meta":"","stick-header-meta":"","header-above-stick-meta":"","header-main-stick-meta":"","header-below-stick-meta":"","astra-migrate-meta-layouts":"set","ast-page-background-enabled":"default","ast-page-background-meta":{"desktop":{"background-color":"var(--ast-global-color-4)","background-image":"","background-repeat":"repeat","background-position":"center center","background-size":"auto","background-attachment":"scroll","background-type":"","background-media":"","overlay-type":"","overlay-color":"","overlay-opacity":"","overlay-gradient":""},"tablet":{"background-color":"","background-image":"","background-repeat":"repeat","background-position":"center center","background-size":"auto","background-attachment":"scroll","background-type":"","background-media":"","overlay-type":"","overlay-color":"","overlay-opacity":"","overlay-gradient":""},"mobile":{"background-color":"","background-image":"","background-repeat":"repeat","background-position":"center center","background-size":"auto","background-attachment":"scroll","background-type":"","background-media":"","overlay-type":"","overlay-color":"","overlay-opacity":"","overlay-gradient":""}},"ast-content-background-meta":{"desktop":{"background-color":"var(--ast-global-color-5)","background-image":"","background-repeat":"repeat","background-position":"center center","background-size":"auto","background-attachment":"scroll","background-type":"","background-media":"","overlay-type":"","overlay-color":"","overlay-opacity":"","overlay-gradient":""},"tablet":{"background-color":"var(--ast-global-color-5)","background-image":"","background-repeat":"repeat","background-position":"center center","background-size":"auto","background-attachment":"scroll","background-type":"","background-media":"","overlay-type":"","overlay-color":"","overlay-opacity":"","overlay-gradient":""},"mobile":{"background-color":"var(--ast-global-color-5)","background-image":"","background-repeat":"repeat","background-position":"center center","background-size":"auto","background-attachment":"scroll","background-type":"","background-media":"","overlay-type":"","overlay-color":"","overlay-opacity":"","overlay-gradient":""}}},"product_brand":[5218],"product_cat":[1437],"product_tag":[],"class_list":{"0":"post-56170","1":"product","2":"type-product","3":"status-publish","4":"has-post-thumbnail","6":"product_brand-the-world-billiards","7":"product_cat-baby-foot-sans-monnayeur","8":"product_shipping_class-baby-foot","9":"desktop-align-center","10":"tablet-align-left","11":"mobile-align-left","13":"first","14":"instock","15":"taxable","16":"shipping-taxable","17":"purchasable","18":"product-type-variable"},"yoast_head":"<!-- This site is optimized with the Yoast SEO plugin v27.4 - https:\/\/yoast.com\/product\/yoast-seo-wordpress\/ -->\n<title>Acheter Baby foot President pour \u00e9coles - The World Billiards<\/title>\n<meta name=\"description\" content=\"Baby Foot avec protection en verre tremp\u00e9 pour plus de s\u00e9curit\u00e9, id\u00e9al pour les \u00e9coles, pour des moments de divertissement et de s\u00e9curit\u00e9.  Excellent baby-foot en bois massif, con\u00e7u pour tous les groupes d&#039;\u00e2ge.  Finitions de haute qualit\u00e9, peinture anti-humidit\u00e9 en option.  Barres calibr\u00e9es renforc\u00e9es 15 mm, barres  En option barres t\u00e9lescopiques en inox  Fabriqu\u00e9 en bois massif  Poign\u00e9es en plastique dans le style de la concurrence.  Poids - 80 kg.  En option: Monnayeur, couleur du bois, couleur des \u00e9quipes, poign\u00e9es en bois, etc.  2 balles incluses en bois ou en plastique.  Option LED RVB avec t\u00e9l\u00e9commande  Attention : cet \u00e9quipement ne doit pas \u00eatre \u00e0 l\u2019ext\u00e9rieur sous le soleil et la pluie.  Protection de baby-foot en verre tremp\u00e9 de 4 mm d\u2019\u00e9paisseur  Le verre tremp\u00e9 est un type de verre qui subit un processus de traitement thermique pour augmenter sa r\u00e9sistance. Voici quelques-unes des sp\u00e9cifications les plus courantes :  1. * R\u00e9sistance : * Le verre tremp\u00e9 est plus r\u00e9sistant aux chocs et aux chocs thermiques que le verre ordinaire.  2. *S\u00e9curit\u00e9\u00a0:* En cas de bris, le verre tremp\u00e9 se fragmente en petits morceaux moins tranchants que les fragments de verre ordinaires, ce qui r\u00e9duit le risque de blessure.  3. * \u00c9paisseur : * Il peut varier en fonction de l\u2019application, mais il est g\u00e9n\u00e9ralement plus \u00e9pais que le verre ordinaire pour assurer une plus grande r\u00e9sistance.  4. * Processus de trempe : * Le verre subit un processus de chauffage \u00e0 haute temp\u00e9rature suivi d\u2019un refroidissement rapide pour cr\u00e9er des contraintes internes qui augmentent sa r\u00e9sistance.\" \/>\n<meta name=\"robots\" content=\"index, follow, max-snippet:-1, max-image-preview:large, max-video-preview:-1\" \/>\n<link rel=\"canonical\" href=\"https:\/\/theworldbilliards.com\/fr\/produit\/baby-foot-president-pour-ecoles\/\" \/>\n<meta property=\"og:locale\" content=\"fr_FR\" \/>\n<meta property=\"og:type\" content=\"article\" \/>\n<meta property=\"og:title\" content=\"Acheter Baby foot President pour \u00e9coles - The World Billiards\" \/>\n<meta property=\"og:description\" content=\"Baby Foot avec protection en verre tremp\u00e9 pour plus de s\u00e9curit\u00e9, id\u00e9al pour les \u00e9coles, pour des moments de divertissement et de s\u00e9curit\u00e9.  Excellent baby-foot en bois massif, con\u00e7u pour tous les groupes d&#039;\u00e2ge.  Finitions de haute qualit\u00e9, peinture anti-humidit\u00e9 en option.  Barres calibr\u00e9es renforc\u00e9es 15 mm, barres  En option barres t\u00e9lescopiques en inox  Fabriqu\u00e9 en bois massif  Poign\u00e9es en plastique dans le style de la concurrence.  Poids - 80 kg.  En option: Monnayeur, couleur du bois, couleur des \u00e9quipes, poign\u00e9es en bois, etc.  2 balles incluses en bois ou en plastique.  Option LED RVB avec t\u00e9l\u00e9commande  Attention : cet \u00e9quipement ne doit pas \u00eatre \u00e0 l\u2019ext\u00e9rieur sous le soleil et la pluie.  Protection de baby-foot en verre tremp\u00e9 de 4 mm d\u2019\u00e9paisseur  Le verre tremp\u00e9 est un type de verre qui subit un processus de traitement thermique pour augmenter sa r\u00e9sistance. Voici quelques-unes des sp\u00e9cifications les plus courantes :  1. * R\u00e9sistance : * Le verre tremp\u00e9 est plus r\u00e9sistant aux chocs et aux chocs thermiques que le verre ordinaire.  2. *S\u00e9curit\u00e9\u00a0:* En cas de bris, le verre tremp\u00e9 se fragmente en petits morceaux moins tranchants que les fragments de verre ordinaires, ce qui r\u00e9duit le risque de blessure.  3. * \u00c9paisseur : * Il peut varier en fonction de l\u2019application, mais il est g\u00e9n\u00e9ralement plus \u00e9pais que le verre ordinaire pour assurer une plus grande r\u00e9sistance.  4. * Processus de trempe : * Le verre subit un processus de chauffage \u00e0 haute temp\u00e9rature suivi d\u2019un refroidissement rapide pour cr\u00e9er des contraintes internes qui augmentent sa r\u00e9sistance.\" \/>\n<meta property=\"og:url\" content=\"https:\/\/theworldbilliards.com\/fr\/produit\/baby-foot-president-pour-ecoles\/\" \/>\n<meta property=\"og:site_name\" content=\"The World Billiards\" \/>\n<meta property=\"article:publisher\" content=\"https:\/\/www.facebook.com\/baby.foot.superbes\" \/>\n<meta property=\"article:modified_time\" content=\"2026-01-17T12:14:33+00:00\" \/>\n<meta property=\"og:image\" content=\"https:\/\/theworldbilliards.com\/wp-content\/uploads\/2019\/01\/presidente-New-III.jpg\" \/>\n\t<meta property=\"og:image:width\" content=\"1067\" \/>\n\t<meta property=\"og:image:height\" content=\"800\" \/>\n\t<meta property=\"og:image:type\" content=\"image\/jpeg\" \/>\n<meta name=\"twitter:card\" content=\"summary_large_image\" \/>\n<meta name=\"twitter:label1\" content=\"Dur\u00e9e de lecture estim\u00e9e\" \/>\n\t<meta name=\"twitter:data1\" content=\"2 minutes\" \/>\n<script type=\"application\/ld+json\" class=\"yoast-schema-graph\">{\"@context\":\"https:\\\/\\\/schema.org\",\"@graph\":[{\"@type\":\"WebPage\",\"@id\":\"https:\\\/\\\/theworldbilliards.com\\\/fr\\\/produit\\\/baby-foot-president-pour-ecoles\\\/\",\"url\":\"https:\\\/\\\/theworldbilliards.com\\\/fr\\\/produit\\\/baby-foot-president-pour-ecoles\\\/\",\"name\":\"Acheter Baby foot President pour \u00e9coles - The World Billiards\",\"isPartOf\":{\"@id\":\"https:\\\/\\\/theworldbilliards.com\\\/fr\\\/#website\"},\"primaryImageOfPage\":{\"@id\":\"https:\\\/\\\/theworldbilliards.com\\\/fr\\\/produit\\\/baby-foot-president-pour-ecoles\\\/#primaryimage\"},\"image\":{\"@id\":\"https:\\\/\\\/theworldbilliards.com\\\/fr\\\/produit\\\/baby-foot-president-pour-ecoles\\\/#primaryimage\"},\"thumbnailUrl\":\"https:\\\/\\\/theworldbilliards.com\\\/wp-content\\\/uploads\\\/2019\\\/01\\\/President-4.jpeg\",\"datePublished\":\"2019-01-05T09:29:37+00:00\",\"dateModified\":\"2026-01-17T12:14:33+00:00\",\"description\":\"Baby Foot avec protection en verre tremp\u00e9 pour plus de s\u00e9curit\u00e9, id\u00e9al pour les \u00e9coles, pour des moments de divertissement et de s\u00e9curit\u00e9. Excellent baby-foot en bois massif, con\u00e7u pour tous les groupes d'\u00e2ge. Finitions de haute qualit\u00e9, peinture anti-humidit\u00e9 en option. Barres calibr\u00e9es renforc\u00e9es 15 mm, barres En option barres t\u00e9lescopiques en inox Fabriqu\u00e9 en bois massif Poign\u00e9es en plastique dans le style de la concurrence. Poids - 80 kg. En option: Monnayeur, couleur du bois, couleur des \u00e9quipes, poign\u00e9es en bois, etc. 2 balles incluses en bois ou en plastique. Option LED RVB avec t\u00e9l\u00e9commande Attention : cet \u00e9quipement ne doit pas \u00eatre \u00e0 l\u2019ext\u00e9rieur sous le soleil et la pluie. Protection de baby-foot en verre tremp\u00e9 de 4 mm d\u2019\u00e9paisseur Le verre tremp\u00e9 est un type de verre qui subit un processus de traitement thermique pour augmenter sa r\u00e9sistance. Voici quelques-unes des sp\u00e9cifications les plus courantes : 1. * R\u00e9sistance : * Le verre tremp\u00e9 est plus r\u00e9sistant aux chocs et aux chocs thermiques que le verre ordinaire. 2. *S\u00e9curit\u00e9\u00a0:* En cas de bris, le verre tremp\u00e9 se fragmente en petits morceaux moins tranchants que les fragments de verre ordinaires, ce qui r\u00e9duit le risque de blessure. 3. * \u00c9paisseur : * Il peut varier en fonction de l\u2019application, mais il est g\u00e9n\u00e9ralement plus \u00e9pais que le verre ordinaire pour assurer une plus grande r\u00e9sistance. 4. * Processus de trempe : * Le verre subit un processus de chauffage \u00e0 haute temp\u00e9rature suivi d\u2019un refroidissement rapide pour cr\u00e9er des contraintes internes qui augmentent sa r\u00e9sistance.\",\"breadcrumb\":{\"@id\":\"https:\\\/\\\/theworldbilliards.com\\\/fr\\\/produit\\\/baby-foot-president-pour-ecoles\\\/#breadcrumb\"},\"inLanguage\":\"fr-FR\",\"potentialAction\":[{\"@type\":\"ReadAction\",\"target\":[\"https:\\\/\\\/theworldbilliards.com\\\/fr\\\/produit\\\/baby-foot-president-pour-ecoles\\\/\"]}]},{\"@type\":\"ImageObject\",\"inLanguage\":\"fr-FR\",\"@id\":\"https:\\\/\\\/theworldbilliards.com\\\/fr\\\/produit\\\/baby-foot-president-pour-ecoles\\\/#primaryimage\",\"url\":\"https:\\\/\\\/theworldbilliards.com\\\/wp-content\\\/uploads\\\/2019\\\/01\\\/President-4.jpeg\",\"contentUrl\":\"https:\\\/\\\/theworldbilliards.com\\\/wp-content\\\/uploads\\\/2019\\\/01\\\/President-4.jpeg\",\"width\":1115,\"height\":1115},{\"@type\":\"BreadcrumbList\",\"@id\":\"https:\\\/\\\/theworldbilliards.com\\\/fr\\\/produit\\\/baby-foot-president-pour-ecoles\\\/#breadcrumb\",\"itemListElement\":[{\"@type\":\"ListItem\",\"position\":1,\"name\":\"In\u00edcio\",\"item\":\"https:\\\/\\\/theworldbilliards.com\\\/fr\\\/\"},{\"@type\":\"ListItem\",\"position\":2,\"name\":\"Boutique en ligne\",\"item\":\"https:\\\/\\\/theworldbilliards.com\\\/fr\\\/boutique-theworldbilliards\\\/\"},{\"@type\":\"ListItem\",\"position\":3,\"name\":\"Baby foot President pour \u00e9coles\"}]},{\"@type\":\"WebSite\",\"@id\":\"https:\\\/\\\/theworldbilliards.com\\\/fr\\\/#website\",\"url\":\"https:\\\/\\\/theworldbilliards.com\\\/fr\\\/\",\"name\":\"TheWorldBilliards\",\"description\":\"Achetez ici billard, baby-foot, ping-pong et bowling\",\"publisher\":{\"@id\":\"https:\\\/\\\/theworldbilliards.com\\\/fr\\\/#organization\"},\"alternateName\":\"The world billiards\",\"potentialAction\":[{\"@type\":\"SearchAction\",\"target\":{\"@type\":\"EntryPoint\",\"urlTemplate\":\"https:\\\/\\\/theworldbilliards.com\\\/fr\\\/?s={search_term_string}\"},\"query-input\":{\"@type\":\"PropertyValueSpecification\",\"valueRequired\":true,\"valueName\":\"search_term_string\"}}],\"inLanguage\":\"fr-FR\"},{\"@type\":\"Organization\",\"@id\":\"https:\\\/\\\/theworldbilliards.com\\\/fr\\\/#organization\",\"name\":\"The World Billiards\",\"alternateName\":\"The World Billiards\",\"url\":\"https:\\\/\\\/theworldbilliards.com\\\/fr\\\/\",\"logo\":{\"@type\":\"ImageObject\",\"inLanguage\":\"fr-FR\",\"@id\":\"https:\\\/\\\/theworldbilliards.com\\\/fr\\\/#\\\/schema\\\/logo\\\/image\\\/\",\"url\":\"\",\"contentUrl\":\"\",\"caption\":\"The World Billiards\"},\"image\":{\"@id\":\"https:\\\/\\\/theworldbilliards.com\\\/fr\\\/#\\\/schema\\\/logo\\\/image\\\/\"},\"sameAs\":[\"https:\\\/\\\/www.facebook.com\\\/baby.foot.superbes\",\"https:\\\/\\\/www.youtube.com\\\/channel\\\/UCIMuOVAaUcH6UpZcsZlH0Tg\",\"https:\\\/\\\/www.facebook.com\\\/people\\\/Brunswick-Billiards-EspaaPortugal\\\/100066446264309\\\/\",\"https:\\\/\\\/www.instagram.com\\\/the_world_billiards\\\/\",\"https:\\\/\\\/www.pinterest.es\\\/Theworldbilliards\\\/\"]}]}<\/script>\n<!-- \/ Yoast SEO plugin. -->","yoast_head_json":{"title":"Acheter Baby foot President pour \u00e9coles - The World Billiards","description":"Baby Foot avec protection en verre tremp\u00e9 pour plus de s\u00e9curit\u00e9, id\u00e9al pour les \u00e9coles, pour des moments de divertissement et de s\u00e9curit\u00e9.  Excellent baby-foot en bois massif, con\u00e7u pour tous les groupes d'\u00e2ge.  Finitions de haute qualit\u00e9, peinture anti-humidit\u00e9 en option.  Barres calibr\u00e9es renforc\u00e9es 15 mm, barres  En option barres t\u00e9lescopiques en inox  Fabriqu\u00e9 en bois massif  Poign\u00e9es en plastique dans le style de la concurrence.  Poids - 80 kg.  En option: Monnayeur, couleur du bois, couleur des \u00e9quipes, poign\u00e9es en bois, etc.  2 balles incluses en bois ou en plastique.  Option LED RVB avec t\u00e9l\u00e9commande  Attention : cet \u00e9quipement ne doit pas \u00eatre \u00e0 l\u2019ext\u00e9rieur sous le soleil et la pluie.  Protection de baby-foot en verre tremp\u00e9 de 4 mm d\u2019\u00e9paisseur  Le verre tremp\u00e9 est un type de verre qui subit un processus de traitement thermique pour augmenter sa r\u00e9sistance. Voici quelques-unes des sp\u00e9cifications les plus courantes :  1. * R\u00e9sistance : * Le verre tremp\u00e9 est plus r\u00e9sistant aux chocs et aux chocs thermiques que le verre ordinaire.  2. *S\u00e9curit\u00e9\u00a0:* En cas de bris, le verre tremp\u00e9 se fragmente en petits morceaux moins tranchants que les fragments de verre ordinaires, ce qui r\u00e9duit le risque de blessure.  3. * \u00c9paisseur : * Il peut varier en fonction de l\u2019application, mais il est g\u00e9n\u00e9ralement plus \u00e9pais que le verre ordinaire pour assurer une plus grande r\u00e9sistance.  4. * Processus de trempe : * Le verre subit un processus de chauffage \u00e0 haute temp\u00e9rature suivi d\u2019un refroidissement rapide pour cr\u00e9er des contraintes internes qui augmentent sa r\u00e9sistance.","robots":{"index":"index","follow":"follow","max-snippet":"max-snippet:-1","max-image-preview":"max-image-preview:large","max-video-preview":"max-video-preview:-1"},"canonical":"https:\/\/theworldbilliards.com\/fr\/produit\/baby-foot-president-pour-ecoles\/","og_locale":"fr_FR","og_type":"article","og_title":"Acheter Baby foot President pour \u00e9coles - The World Billiards","og_description":"Baby Foot avec protection en verre tremp\u00e9 pour plus de s\u00e9curit\u00e9, id\u00e9al pour les \u00e9coles, pour des moments de divertissement et de s\u00e9curit\u00e9.  Excellent baby-foot en bois massif, con\u00e7u pour tous les groupes d'\u00e2ge.  Finitions de haute qualit\u00e9, peinture anti-humidit\u00e9 en option.  Barres calibr\u00e9es renforc\u00e9es 15 mm, barres  En option barres t\u00e9lescopiques en inox  Fabriqu\u00e9 en bois massif  Poign\u00e9es en plastique dans le style de la concurrence.  Poids - 80 kg.  En option: Monnayeur, couleur du bois, couleur des \u00e9quipes, poign\u00e9es en bois, etc.  2 balles incluses en bois ou en plastique.  Option LED RVB avec t\u00e9l\u00e9commande  Attention : cet \u00e9quipement ne doit pas \u00eatre \u00e0 l\u2019ext\u00e9rieur sous le soleil et la pluie.  Protection de baby-foot en verre tremp\u00e9 de 4 mm d\u2019\u00e9paisseur  Le verre tremp\u00e9 est un type de verre qui subit un processus de traitement thermique pour augmenter sa r\u00e9sistance. Voici quelques-unes des sp\u00e9cifications les plus courantes :  1. * R\u00e9sistance : * Le verre tremp\u00e9 est plus r\u00e9sistant aux chocs et aux chocs thermiques que le verre ordinaire.  2. *S\u00e9curit\u00e9\u00a0:* En cas de bris, le verre tremp\u00e9 se fragmente en petits morceaux moins tranchants que les fragments de verre ordinaires, ce qui r\u00e9duit le risque de blessure.  3. * \u00c9paisseur : * Il peut varier en fonction de l\u2019application, mais il est g\u00e9n\u00e9ralement plus \u00e9pais que le verre ordinaire pour assurer une plus grande r\u00e9sistance.  4. * Processus de trempe : * Le verre subit un processus de chauffage \u00e0 haute temp\u00e9rature suivi d\u2019un refroidissement rapide pour cr\u00e9er des contraintes internes qui augmentent sa r\u00e9sistance.","og_url":"https:\/\/theworldbilliards.com\/fr\/produit\/baby-foot-president-pour-ecoles\/","og_site_name":"The World Billiards","article_publisher":"https:\/\/www.facebook.com\/baby.foot.superbes","article_modified_time":"2026-01-17T12:14:33+00:00","og_image":[{"width":1067,"height":800,"url":"https:\/\/theworldbilliards.com\/wp-content\/uploads\/2019\/01\/presidente-New-III.jpg","type":"image\/jpeg"}],"twitter_card":"summary_large_image","twitter_misc":{"Dur\u00e9e de lecture estim\u00e9e":"2 minutes"},"schema":{"@context":"https:\/\/schema.org","@graph":[{"@type":"WebPage","@id":"https:\/\/theworldbilliards.com\/fr\/produit\/baby-foot-president-pour-ecoles\/","url":"https:\/\/theworldbilliards.com\/fr\/produit\/baby-foot-president-pour-ecoles\/","name":"Acheter Baby foot President pour \u00e9coles - The World Billiards","isPartOf":{"@id":"https:\/\/theworldbilliards.com\/fr\/#website"},"primaryImageOfPage":{"@id":"https:\/\/theworldbilliards.com\/fr\/produit\/baby-foot-president-pour-ecoles\/#primaryimage"},"image":{"@id":"https:\/\/theworldbilliards.com\/fr\/produit\/baby-foot-president-pour-ecoles\/#primaryimage"},"thumbnailUrl":"https:\/\/theworldbilliards.com\/wp-content\/uploads\/2019\/01\/President-4.jpeg","datePublished":"2019-01-05T09:29:37+00:00","dateModified":"2026-01-17T12:14:33+00:00","description":"Baby Foot avec protection en verre tremp\u00e9 pour plus de s\u00e9curit\u00e9, id\u00e9al pour les \u00e9coles, pour des moments de divertissement et de s\u00e9curit\u00e9. Excellent baby-foot en bois massif, con\u00e7u pour tous les groupes d'\u00e2ge. Finitions de haute qualit\u00e9, peinture anti-humidit\u00e9 en option. Barres calibr\u00e9es renforc\u00e9es 15 mm, barres En option barres t\u00e9lescopiques en inox Fabriqu\u00e9 en bois massif Poign\u00e9es en plastique dans le style de la concurrence. Poids - 80 kg. En option: Monnayeur, couleur du bois, couleur des \u00e9quipes, poign\u00e9es en bois, etc. 2 balles incluses en bois ou en plastique. Option LED RVB avec t\u00e9l\u00e9commande Attention : cet \u00e9quipement ne doit pas \u00eatre \u00e0 l\u2019ext\u00e9rieur sous le soleil et la pluie. Protection de baby-foot en verre tremp\u00e9 de 4 mm d\u2019\u00e9paisseur Le verre tremp\u00e9 est un type de verre qui subit un processus de traitement thermique pour augmenter sa r\u00e9sistance. Voici quelques-unes des sp\u00e9cifications les plus courantes : 1. * R\u00e9sistance : * Le verre tremp\u00e9 est plus r\u00e9sistant aux chocs et aux chocs thermiques que le verre ordinaire. 2. *S\u00e9curit\u00e9\u00a0:* En cas de bris, le verre tremp\u00e9 se fragmente en petits morceaux moins tranchants que les fragments de verre ordinaires, ce qui r\u00e9duit le risque de blessure. 3. * \u00c9paisseur : * Il peut varier en fonction de l\u2019application, mais il est g\u00e9n\u00e9ralement plus \u00e9pais que le verre ordinaire pour assurer une plus grande r\u00e9sistance. 4. * Processus de trempe : * Le verre subit un processus de chauffage \u00e0 haute temp\u00e9rature suivi d\u2019un refroidissement rapide pour cr\u00e9er des contraintes internes qui augmentent sa r\u00e9sistance.","breadcrumb":{"@id":"https:\/\/theworldbilliards.com\/fr\/produit\/baby-foot-president-pour-ecoles\/#breadcrumb"},"inLanguage":"fr-FR","potentialAction":[{"@type":"ReadAction","target":["https:\/\/theworldbilliards.com\/fr\/produit\/baby-foot-president-pour-ecoles\/"]}]},{"@type":"ImageObject","inLanguage":"fr-FR","@id":"https:\/\/theworldbilliards.com\/fr\/produit\/baby-foot-president-pour-ecoles\/#primaryimage","url":"https:\/\/theworldbilliards.com\/wp-content\/uploads\/2019\/01\/President-4.jpeg","contentUrl":"https:\/\/theworldbilliards.com\/wp-content\/uploads\/2019\/01\/President-4.jpeg","width":1115,"height":1115},{"@type":"BreadcrumbList","@id":"https:\/\/theworldbilliards.com\/fr\/produit\/baby-foot-president-pour-ecoles\/#breadcrumb","itemListElement":[{"@type":"ListItem","position":1,"name":"In\u00edcio","item":"https:\/\/theworldbilliards.com\/fr\/"},{"@type":"ListItem","position":2,"name":"Boutique en ligne","item":"https:\/\/theworldbilliards.com\/fr\/boutique-theworldbilliards\/"},{"@type":"ListItem","position":3,"name":"Baby foot President pour \u00e9coles"}]},{"@type":"WebSite","@id":"https:\/\/theworldbilliards.com\/fr\/#website","url":"https:\/\/theworldbilliards.com\/fr\/","name":"TheWorldBilliards","description":"Achetez ici billard, baby-foot, ping-pong et bowling","publisher":{"@id":"https:\/\/theworldbilliards.com\/fr\/#organization"},"alternateName":"The world billiards","potentialAction":[{"@type":"SearchAction","target":{"@type":"EntryPoint","urlTemplate":"https:\/\/theworldbilliards.com\/fr\/?s={search_term_string}"},"query-input":{"@type":"PropertyValueSpecification","valueRequired":true,"valueName":"search_term_string"}}],"inLanguage":"fr-FR"},{"@type":"Organization","@id":"https:\/\/theworldbilliards.com\/fr\/#organization","name":"The World Billiards","alternateName":"The World Billiards","url":"https:\/\/theworldbilliards.com\/fr\/","logo":{"@type":"ImageObject","inLanguage":"fr-FR","@id":"https:\/\/theworldbilliards.com\/fr\/#\/schema\/logo\/image\/","url":"","contentUrl":"","caption":"The World Billiards"},"image":{"@id":"https:\/\/theworldbilliards.com\/fr\/#\/schema\/logo\/image\/"},"sameAs":["https:\/\/www.facebook.com\/baby.foot.superbes","https:\/\/www.youtube.com\/channel\/UCIMuOVAaUcH6UpZcsZlH0Tg","https:\/\/www.facebook.com\/people\/Brunswick-Billiards-EspaaPortugal\/100066446264309\/","https:\/\/www.instagram.com\/the_world_billiards\/","https:\/\/www.pinterest.es\/Theworldbilliards\/"]}]}},"_links":{"self":[{"href":"https:\/\/theworldbilliards.com\/fr\/wp-json\/wp\/v2\/product\/56170","targetHints":{"allow":["GET"]}}],"collection":[{"href":"https:\/\/theworldbilliards.com\/fr\/wp-json\/wp\/v2\/product"}],"about":[{"href":"https:\/\/theworldbilliards.com\/fr\/wp-json\/wp\/v2\/types\/product"}],"wp:featuredmedia":[{"embeddable":true,"href":"https:\/\/theworldbilliards.com\/fr\/wp-json\/wp\/v2\/media\/56182"}],"wp:attachment":[{"href":"https:\/\/theworldbilliards.com\/fr\/wp-json\/wp\/v2\/media?parent=56170"}],"wp:term":[{"taxonomy":"product_brand","embeddable":true,"href":"https:\/\/theworldbilliards.com\/fr\/wp-json\/wp\/v2\/product_brand?post=56170"},{"taxonomy":"product_cat","embeddable":true,"href":"https:\/\/theworldbilliards.com\/fr\/wp-json\/wp\/v2\/product_cat?post=56170"},{"taxonomy":"product_tag","embeddable":true,"href":"https:\/\/theworldbilliards.com\/fr\/wp-json\/wp\/v2\/product_tag?post=56170"}],"curies":[{"name":"wp","href":"https:\/\/api.w.org\/{rel}","templated":true}]}}