{"id":57683,"date":"2019-08-23T10:58:01","date_gmt":"2019-08-23T08:58:01","guid":{"rendered":"https:\/\/theworldbilliards.com\/?post_type=product&#038;p=57683"},"modified":"2019-08-23T11:08:31","modified_gmt":"2019-08-23T10:08:31","slug":"getting-started-brunswick-dvd","status":"publish","type":"product","link":"https:\/\/theworldbilliards.com\/fr\/produit\/getting-started-brunswick-dvd\/","title":{"rendered":"Getting Started Brunswick DVD"},"content":{"rendered":"<p>DVD de mise en route avec Ewa Mataya Laurance Une exclusivit\u00e9 Brunswick Billiards! Ce DVD, mettant en vedette Ewa Mataya Laurance, membre du Temple de la renomm\u00e9e, est rempli d\u2019informations exceptionnelles con\u00e7ues pour vous permettre de commencer \u00e0 jouer au billard de la bonne fa\u00e7on. Comprend des informations sur l&rsquo;historique du jeu, l&rsquo;entretien de votre \u00e9quipement de billard et de votre table, les principes de base de la proc\u00e9dure \u00e0 suivre, des r\u00e8gles de jeu, des exercices d&rsquo;entra\u00eenement et des coups pi\u00e8ges. Ce DVD d\u2019instruction est un must pour tous les nouveaux et anciens joueurs.<\/p>\n","protected":false},"excerpt":{"rendered":"<p>DVD de mise en route avec Ewa Mataya Laurance Une exclusivit\u00e9 Brunswick Billiards! Ce DVD, mettant en vedette Ewa Mataya [&hellip;]<\/p>\n","protected":false},"featured_media":57686,"template":"","meta":{"site-sidebar-layout":"default","site-content-layout":"","ast-site-content-layout":"default","site-content-style":"default","site-sidebar-style":"default","ast-global-header-display":"","ast-banner-title-visibility":"","ast-main-header-display":"","ast-hfb-above-header-display":"","ast-hfb-below-header-display":"","ast-hfb-mobile-header-display":"","site-post-title":"","ast-breadcrumbs-content":"","ast-featured-img":"","footer-sml-layout":"","ast-disable-related-posts":"","theme-transparent-header-meta":"default","adv-header-id-meta":"","stick-header-meta":"","header-above-stick-meta":"","header-main-stick-meta":"","header-below-stick-meta":"","astra-migrate-meta-layouts":"default","ast-page-background-enabled":"default","ast-page-background-meta":{"desktop":{"background-color":"var(--ast-global-color-4)","background-image":"","background-repeat":"repeat","background-position":"center center","background-size":"auto","background-attachment":"scroll","background-type":"","background-media":"","overlay-type":"","overlay-color":"","overlay-opacity":"","overlay-gradient":""},"tablet":{"background-color":"","background-image":"","background-repeat":"repeat","background-position":"center center","background-size":"auto","background-attachment":"scroll","background-type":"","background-media":"","overlay-type":"","overlay-color":"","overlay-opacity":"","overlay-gradient":""},"mobile":{"background-color":"","background-image":"","background-repeat":"repeat","background-position":"center center","background-size":"auto","background-attachment":"scroll","background-type":"","background-media":"","overlay-type":"","overlay-color":"","overlay-opacity":"","overlay-gradient":""}},"ast-content-background-meta":{"desktop":{"background-color":"var(--ast-global-color-5)","background-image":"","background-repeat":"repeat","background-position":"center center","background-size":"auto","background-attachment":"scroll","background-type":"","background-media":"","overlay-type":"","overlay-color":"","overlay-opacity":"","overlay-gradient":""},"tablet":{"background-color":"var(--ast-global-color-5)","background-image":"","background-repeat":"repeat","background-position":"center center","background-size":"auto","background-attachment":"scroll","background-type":"","background-media":"","overlay-type":"","overlay-color":"","overlay-opacity":"","overlay-gradient":""},"mobile":{"background-color":"var(--ast-global-color-5)","background-image":"","background-repeat":"repeat","background-position":"center center","background-size":"auto","background-attachment":"scroll","background-type":"","background-media":"","overlay-type":"","overlay-color":"","overlay-opacity":"","overlay-gradient":""}}},"product_brand":[5198],"product_cat":[4946,1192],"product_tag":[],"class_list":{"0":"post-57683","1":"product","2":"type-product","3":"status-publish","4":"has-post-thumbnail","6":"product_brand-brunswick-billiards-fr","7":"product_cat-accessoire-billard-brunswick","8":"product_cat-consommables-de-billard","9":"product_shipping_class-accessoires","10":"desktop-align-center","11":"tablet-align-left","12":"mobile-align-left","14":"first","15":"instock","16":"taxable","17":"shipping-taxable","18":"purchasable","19":"product-type-simple"},"yoast_head":"<!-- This site is optimized with the Yoast SEO plugin v27.4 - https:\/\/yoast.com\/product\/yoast-seo-wordpress\/ -->\n<title>Acheter Getting Started Brunswick DVD - The World Billiards<\/title>\n<meta name=\"description\" content=\"DVD de mise en route avec Ewa Mataya Laurance Une exclusivit\u00e9 Brunswick Billiards! Ce DVD, mettant en vedette Ewa Mataya Laurance, membre du Temple de la renomm\u00e9e, est rempli d\u2019informations exceptionnelles con\u00e7ues pour vous permettre de commencer \u00e0 jouer au billard de la bonne fa\u00e7on. Comprend des informations sur l&#039;historique du jeu, l&#039;entretien de votre \u00e9quipement de billard et de votre table, les principes de base de la proc\u00e9dure \u00e0 suivre, des r\u00e8gles de jeu, des exercices d&#039;entra\u00eenement et des coups pi\u00e8ges. Ce DVD d\u2019instruction est un must pour tous les nouveaux et anciens joueurs.\" \/>\n<meta name=\"robots\" content=\"index, follow, max-snippet:-1, max-image-preview:large, max-video-preview:-1\" \/>\n<link rel=\"canonical\" href=\"https:\/\/theworldbilliards.com\/fr\/produit\/getting-started-brunswick-dvd\/\" \/>\n<meta property=\"og:locale\" content=\"fr_FR\" \/>\n<meta property=\"og:type\" content=\"article\" \/>\n<meta property=\"og:title\" content=\"Acheter Getting Started Brunswick DVD - The World Billiards\" \/>\n<meta property=\"og:description\" content=\"DVD de mise en route avec Ewa Mataya Laurance Une exclusivit\u00e9 Brunswick Billiards! Ce DVD, mettant en vedette Ewa Mataya Laurance, membre du Temple de la renomm\u00e9e, est rempli d\u2019informations exceptionnelles con\u00e7ues pour vous permettre de commencer \u00e0 jouer au billard de la bonne fa\u00e7on. Comprend des informations sur l&#039;historique du jeu, l&#039;entretien de votre \u00e9quipement de billard et de votre table, les principes de base de la proc\u00e9dure \u00e0 suivre, des r\u00e8gles de jeu, des exercices d&#039;entra\u00eenement et des coups pi\u00e8ges. Ce DVD d\u2019instruction est un must pour tous les nouveaux et anciens joueurs.\" \/>\n<meta property=\"og:url\" content=\"https:\/\/theworldbilliards.com\/fr\/produit\/getting-started-brunswick-dvd\/\" \/>\n<meta property=\"og:site_name\" content=\"The World Billiards\" \/>\n<meta property=\"article:publisher\" content=\"https:\/\/www.facebook.com\/baby.foot.superbes\" \/>\n<meta property=\"article:modified_time\" content=\"2019-08-23T10:08:31+00:00\" \/>\n<meta property=\"og:image\" content=\"https:\/\/theworldbilliards.com\/wp-content\/uploads\/2019\/08\/ewa_gettingstarted_dvd.jpg\" \/>\n\t<meta property=\"og:image:width\" content=\"533\" \/>\n\t<meta property=\"og:image:height\" content=\"533\" \/>\n\t<meta property=\"og:image:type\" content=\"image\/jpeg\" \/>\n<meta name=\"twitter:card\" content=\"summary_large_image\" \/>\n<meta name=\"twitter:label1\" content=\"Dur\u00e9e de lecture estim\u00e9e\" \/>\n\t<meta name=\"twitter:data1\" content=\"1 minute\" \/>\n<script type=\"application\/ld+json\" class=\"yoast-schema-graph\">{\"@context\":\"https:\\\/\\\/schema.org\",\"@graph\":[{\"@type\":\"WebPage\",\"@id\":\"https:\\\/\\\/theworldbilliards.com\\\/fr\\\/produit\\\/getting-started-brunswick-dvd\\\/\",\"url\":\"https:\\\/\\\/theworldbilliards.com\\\/fr\\\/produit\\\/getting-started-brunswick-dvd\\\/\",\"name\":\"Acheter Getting Started Brunswick DVD - The World Billiards\",\"isPartOf\":{\"@id\":\"https:\\\/\\\/theworldbilliards.com\\\/fr\\\/#website\"},\"primaryImageOfPage\":{\"@id\":\"https:\\\/\\\/theworldbilliards.com\\\/fr\\\/produit\\\/getting-started-brunswick-dvd\\\/#primaryimage\"},\"image\":{\"@id\":\"https:\\\/\\\/theworldbilliards.com\\\/fr\\\/produit\\\/getting-started-brunswick-dvd\\\/#primaryimage\"},\"thumbnailUrl\":\"https:\\\/\\\/theworldbilliards.com\\\/wp-content\\\/uploads\\\/2019\\\/08\\\/ewa_gettingstarted_dvd.jpg\",\"datePublished\":\"2019-08-23T08:58:01+00:00\",\"dateModified\":\"2019-08-23T10:08:31+00:00\",\"description\":\"DVD de mise en route avec Ewa Mataya Laurance Une exclusivit\u00e9 Brunswick Billiards! Ce DVD, mettant en vedette Ewa Mataya Laurance, membre du Temple de la renomm\u00e9e, est rempli d\u2019informations exceptionnelles con\u00e7ues pour vous permettre de commencer \u00e0 jouer au billard de la bonne fa\u00e7on. Comprend des informations sur l'historique du jeu, l'entretien de votre \u00e9quipement de billard et de votre table, les principes de base de la proc\u00e9dure \u00e0 suivre, des r\u00e8gles de jeu, des exercices d'entra\u00eenement et des coups pi\u00e8ges. Ce DVD d\u2019instruction est un must pour tous les nouveaux et anciens joueurs.\",\"breadcrumb\":{\"@id\":\"https:\\\/\\\/theworldbilliards.com\\\/fr\\\/produit\\\/getting-started-brunswick-dvd\\\/#breadcrumb\"},\"inLanguage\":\"fr-FR\",\"potentialAction\":[{\"@type\":\"ReadAction\",\"target\":[\"https:\\\/\\\/theworldbilliards.com\\\/fr\\\/produit\\\/getting-started-brunswick-dvd\\\/\"]}]},{\"@type\":\"ImageObject\",\"inLanguage\":\"fr-FR\",\"@id\":\"https:\\\/\\\/theworldbilliards.com\\\/fr\\\/produit\\\/getting-started-brunswick-dvd\\\/#primaryimage\",\"url\":\"https:\\\/\\\/theworldbilliards.com\\\/wp-content\\\/uploads\\\/2019\\\/08\\\/ewa_gettingstarted_dvd.jpg\",\"contentUrl\":\"https:\\\/\\\/theworldbilliards.com\\\/wp-content\\\/uploads\\\/2019\\\/08\\\/ewa_gettingstarted_dvd.jpg\",\"width\":533,\"height\":533},{\"@type\":\"BreadcrumbList\",\"@id\":\"https:\\\/\\\/theworldbilliards.com\\\/fr\\\/produit\\\/getting-started-brunswick-dvd\\\/#breadcrumb\",\"itemListElement\":[{\"@type\":\"ListItem\",\"position\":1,\"name\":\"In\u00edcio\",\"item\":\"https:\\\/\\\/theworldbilliards.com\\\/fr\\\/\"},{\"@type\":\"ListItem\",\"position\":2,\"name\":\"Boutique en ligne\",\"item\":\"https:\\\/\\\/theworldbilliards.com\\\/fr\\\/boutique-theworldbilliards\\\/\"},{\"@type\":\"ListItem\",\"position\":3,\"name\":\"Getting Started Brunswick DVD\"}]},{\"@type\":\"WebSite\",\"@id\":\"https:\\\/\\\/theworldbilliards.com\\\/fr\\\/#website\",\"url\":\"https:\\\/\\\/theworldbilliards.com\\\/fr\\\/\",\"name\":\"TheWorldBilliards\",\"description\":\"Achetez ici billard, baby-foot, ping-pong et bowling\",\"publisher\":{\"@id\":\"https:\\\/\\\/theworldbilliards.com\\\/fr\\\/#organization\"},\"alternateName\":\"The world billiards\",\"potentialAction\":[{\"@type\":\"SearchAction\",\"target\":{\"@type\":\"EntryPoint\",\"urlTemplate\":\"https:\\\/\\\/theworldbilliards.com\\\/fr\\\/?s={search_term_string}\"},\"query-input\":{\"@type\":\"PropertyValueSpecification\",\"valueRequired\":true,\"valueName\":\"search_term_string\"}}],\"inLanguage\":\"fr-FR\"},{\"@type\":\"Organization\",\"@id\":\"https:\\\/\\\/theworldbilliards.com\\\/fr\\\/#organization\",\"name\":\"The World Billiards\",\"alternateName\":\"The World Billiards\",\"url\":\"https:\\\/\\\/theworldbilliards.com\\\/fr\\\/\",\"logo\":{\"@type\":\"ImageObject\",\"inLanguage\":\"fr-FR\",\"@id\":\"https:\\\/\\\/theworldbilliards.com\\\/fr\\\/#\\\/schema\\\/logo\\\/image\\\/\",\"url\":\"\",\"contentUrl\":\"\",\"caption\":\"The World Billiards\"},\"image\":{\"@id\":\"https:\\\/\\\/theworldbilliards.com\\\/fr\\\/#\\\/schema\\\/logo\\\/image\\\/\"},\"sameAs\":[\"https:\\\/\\\/www.facebook.com\\\/baby.foot.superbes\",\"https:\\\/\\\/www.youtube.com\\\/channel\\\/UCIMuOVAaUcH6UpZcsZlH0Tg\",\"https:\\\/\\\/www.facebook.com\\\/people\\\/Brunswick-Billiards-EspaaPortugal\\\/100066446264309\\\/\",\"https:\\\/\\\/www.instagram.com\\\/the_world_billiards\\\/\",\"https:\\\/\\\/www.pinterest.es\\\/Theworldbilliards\\\/\"]}]}<\/script>\n<!-- \/ Yoast SEO plugin. -->","yoast_head_json":{"title":"Acheter Getting Started Brunswick DVD - The World Billiards","description":"DVD de mise en route avec Ewa Mataya Laurance Une exclusivit\u00e9 Brunswick Billiards! Ce DVD, mettant en vedette Ewa Mataya Laurance, membre du Temple de la renomm\u00e9e, est rempli d\u2019informations exceptionnelles con\u00e7ues pour vous permettre de commencer \u00e0 jouer au billard de la bonne fa\u00e7on. Comprend des informations sur l'historique du jeu, l'entretien de votre \u00e9quipement de billard et de votre table, les principes de base de la proc\u00e9dure \u00e0 suivre, des r\u00e8gles de jeu, des exercices d'entra\u00eenement et des coups pi\u00e8ges. Ce DVD d\u2019instruction est un must pour tous les nouveaux et anciens joueurs.","robots":{"index":"index","follow":"follow","max-snippet":"max-snippet:-1","max-image-preview":"max-image-preview:large","max-video-preview":"max-video-preview:-1"},"canonical":"https:\/\/theworldbilliards.com\/fr\/produit\/getting-started-brunswick-dvd\/","og_locale":"fr_FR","og_type":"article","og_title":"Acheter Getting Started Brunswick DVD - The World Billiards","og_description":"DVD de mise en route avec Ewa Mataya Laurance Une exclusivit\u00e9 Brunswick Billiards! Ce DVD, mettant en vedette Ewa Mataya Laurance, membre du Temple de la renomm\u00e9e, est rempli d\u2019informations exceptionnelles con\u00e7ues pour vous permettre de commencer \u00e0 jouer au billard de la bonne fa\u00e7on. Comprend des informations sur l'historique du jeu, l'entretien de votre \u00e9quipement de billard et de votre table, les principes de base de la proc\u00e9dure \u00e0 suivre, des r\u00e8gles de jeu, des exercices d'entra\u00eenement et des coups pi\u00e8ges. Ce DVD d\u2019instruction est un must pour tous les nouveaux et anciens joueurs.","og_url":"https:\/\/theworldbilliards.com\/fr\/produit\/getting-started-brunswick-dvd\/","og_site_name":"The World Billiards","article_publisher":"https:\/\/www.facebook.com\/baby.foot.superbes","article_modified_time":"2019-08-23T10:08:31+00:00","og_image":[{"width":533,"height":533,"url":"https:\/\/theworldbilliards.com\/wp-content\/uploads\/2019\/08\/ewa_gettingstarted_dvd.jpg","type":"image\/jpeg"}],"twitter_card":"summary_large_image","twitter_misc":{"Dur\u00e9e de lecture estim\u00e9e":"1 minute"},"schema":{"@context":"https:\/\/schema.org","@graph":[{"@type":"WebPage","@id":"https:\/\/theworldbilliards.com\/fr\/produit\/getting-started-brunswick-dvd\/","url":"https:\/\/theworldbilliards.com\/fr\/produit\/getting-started-brunswick-dvd\/","name":"Acheter Getting Started Brunswick DVD - The World Billiards","isPartOf":{"@id":"https:\/\/theworldbilliards.com\/fr\/#website"},"primaryImageOfPage":{"@id":"https:\/\/theworldbilliards.com\/fr\/produit\/getting-started-brunswick-dvd\/#primaryimage"},"image":{"@id":"https:\/\/theworldbilliards.com\/fr\/produit\/getting-started-brunswick-dvd\/#primaryimage"},"thumbnailUrl":"https:\/\/theworldbilliards.com\/wp-content\/uploads\/2019\/08\/ewa_gettingstarted_dvd.jpg","datePublished":"2019-08-23T08:58:01+00:00","dateModified":"2019-08-23T10:08:31+00:00","description":"DVD de mise en route avec Ewa Mataya Laurance Une exclusivit\u00e9 Brunswick Billiards! Ce DVD, mettant en vedette Ewa Mataya Laurance, membre du Temple de la renomm\u00e9e, est rempli d\u2019informations exceptionnelles con\u00e7ues pour vous permettre de commencer \u00e0 jouer au billard de la bonne fa\u00e7on. Comprend des informations sur l'historique du jeu, l'entretien de votre \u00e9quipement de billard et de votre table, les principes de base de la proc\u00e9dure \u00e0 suivre, des r\u00e8gles de jeu, des exercices d'entra\u00eenement et des coups pi\u00e8ges. Ce DVD d\u2019instruction est un must pour tous les nouveaux et anciens joueurs.","breadcrumb":{"@id":"https:\/\/theworldbilliards.com\/fr\/produit\/getting-started-brunswick-dvd\/#breadcrumb"},"inLanguage":"fr-FR","potentialAction":[{"@type":"ReadAction","target":["https:\/\/theworldbilliards.com\/fr\/produit\/getting-started-brunswick-dvd\/"]}]},{"@type":"ImageObject","inLanguage":"fr-FR","@id":"https:\/\/theworldbilliards.com\/fr\/produit\/getting-started-brunswick-dvd\/#primaryimage","url":"https:\/\/theworldbilliards.com\/wp-content\/uploads\/2019\/08\/ewa_gettingstarted_dvd.jpg","contentUrl":"https:\/\/theworldbilliards.com\/wp-content\/uploads\/2019\/08\/ewa_gettingstarted_dvd.jpg","width":533,"height":533},{"@type":"BreadcrumbList","@id":"https:\/\/theworldbilliards.com\/fr\/produit\/getting-started-brunswick-dvd\/#breadcrumb","itemListElement":[{"@type":"ListItem","position":1,"name":"In\u00edcio","item":"https:\/\/theworldbilliards.com\/fr\/"},{"@type":"ListItem","position":2,"name":"Boutique en ligne","item":"https:\/\/theworldbilliards.com\/fr\/boutique-theworldbilliards\/"},{"@type":"ListItem","position":3,"name":"Getting Started Brunswick DVD"}]},{"@type":"WebSite","@id":"https:\/\/theworldbilliards.com\/fr\/#website","url":"https:\/\/theworldbilliards.com\/fr\/","name":"TheWorldBilliards","description":"Achetez ici billard, baby-foot, ping-pong et bowling","publisher":{"@id":"https:\/\/theworldbilliards.com\/fr\/#organization"},"alternateName":"The world billiards","potentialAction":[{"@type":"SearchAction","target":{"@type":"EntryPoint","urlTemplate":"https:\/\/theworldbilliards.com\/fr\/?s={search_term_string}"},"query-input":{"@type":"PropertyValueSpecification","valueRequired":true,"valueName":"search_term_string"}}],"inLanguage":"fr-FR"},{"@type":"Organization","@id":"https:\/\/theworldbilliards.com\/fr\/#organization","name":"The World Billiards","alternateName":"The World Billiards","url":"https:\/\/theworldbilliards.com\/fr\/","logo":{"@type":"ImageObject","inLanguage":"fr-FR","@id":"https:\/\/theworldbilliards.com\/fr\/#\/schema\/logo\/image\/","url":"","contentUrl":"","caption":"The World Billiards"},"image":{"@id":"https:\/\/theworldbilliards.com\/fr\/#\/schema\/logo\/image\/"},"sameAs":["https:\/\/www.facebook.com\/baby.foot.superbes","https:\/\/www.youtube.com\/channel\/UCIMuOVAaUcH6UpZcsZlH0Tg","https:\/\/www.facebook.com\/people\/Brunswick-Billiards-EspaaPortugal\/100066446264309\/","https:\/\/www.instagram.com\/the_world_billiards\/","https:\/\/www.pinterest.es\/Theworldbilliards\/"]}]}},"_links":{"self":[{"href":"https:\/\/theworldbilliards.com\/fr\/wp-json\/wp\/v2\/product\/57683","targetHints":{"allow":["GET"]}}],"collection":[{"href":"https:\/\/theworldbilliards.com\/fr\/wp-json\/wp\/v2\/product"}],"about":[{"href":"https:\/\/theworldbilliards.com\/fr\/wp-json\/wp\/v2\/types\/product"}],"wp:featuredmedia":[{"embeddable":true,"href":"https:\/\/theworldbilliards.com\/fr\/wp-json\/wp\/v2\/media\/57686"}],"wp:attachment":[{"href":"https:\/\/theworldbilliards.com\/fr\/wp-json\/wp\/v2\/media?parent=57683"}],"wp:term":[{"taxonomy":"product_brand","embeddable":true,"href":"https:\/\/theworldbilliards.com\/fr\/wp-json\/wp\/v2\/product_brand?post=57683"},{"taxonomy":"product_cat","embeddable":true,"href":"https:\/\/theworldbilliards.com\/fr\/wp-json\/wp\/v2\/product_cat?post=57683"},{"taxonomy":"product_tag","embeddable":true,"href":"https:\/\/theworldbilliards.com\/fr\/wp-json\/wp\/v2\/product_tag?post=57683"}],"curies":[{"name":"wp","href":"https:\/\/api.w.org\/{rel}","templated":true}]}}