{"id":57714,"date":"2019-08-26T09:49:44","date_gmt":"2019-08-26T07:49:44","guid":{"rendered":"https:\/\/theworldbilliards.com\/?post_type=product&#038;p=57714"},"modified":"2019-08-26T11:10:44","modified_gmt":"2019-08-26T10:10:44","slug":"livre-de-billard-international-tournament-pool","status":"publish","type":"product","link":"https:\/\/theworldbilliards.com\/fr\/produit\/livre-de-billard-international-tournament-pool\/","title":{"rendered":"Livre de billard International Tournament Pool"},"content":{"rendered":"<p>En anglais<br \/>\nDes instructions sur les principes fondamentaux de la piscine avec des photographies montrant la bonne posture, le pont, le trait et le suivi.<br \/>\nInstructions enti\u00e8rement illustr\u00e9es pour r\u00e9aliser des coups de banque, des coups de rail, des introductions directes, etc., ainsi que \u00abanglais\u00bb et leur utilisation.<br \/>\nToutes les r\u00e8gles du jeu, y compris le pool de banque, une poche, Kelly, neuf balles, pool de pare-chocs et autres &#8230;. avec instructions de joueur<br \/>\nDes faits int\u00e9ressants sur les signaux, leur entretien et leur r\u00e9paration, ainsi que des instructions d\u00e9taill\u00e9es pour recouvrir votre table de billard.<\/p>\n","protected":false},"excerpt":{"rendered":"<p>En anglais Des instructions sur les principes fondamentaux de la piscine avec des photographies montrant la bonne posture, le pont, [&hellip;]<\/p>\n","protected":false},"featured_media":90461,"template":"","meta":{"site-sidebar-layout":"default","site-content-layout":"","ast-site-content-layout":"default","site-content-style":"default","site-sidebar-style":"default","ast-global-header-display":"","ast-banner-title-visibility":"","ast-main-header-display":"","ast-hfb-above-header-display":"","ast-hfb-below-header-display":"","ast-hfb-mobile-header-display":"","site-post-title":"","ast-breadcrumbs-content":"","ast-featured-img":"","footer-sml-layout":"","ast-disable-related-posts":"","theme-transparent-header-meta":"","adv-header-id-meta":"","stick-header-meta":"","header-above-stick-meta":"","header-main-stick-meta":"","header-below-stick-meta":"","astra-migrate-meta-layouts":"default","ast-page-background-enabled":"default","ast-page-background-meta":{"desktop":{"background-color":"var(--ast-global-color-4)","background-image":"","background-repeat":"repeat","background-position":"center center","background-size":"auto","background-attachment":"scroll","background-type":"","background-media":"","overlay-type":"","overlay-color":"","overlay-opacity":"","overlay-gradient":""},"tablet":{"background-color":"","background-image":"","background-repeat":"repeat","background-position":"center center","background-size":"auto","background-attachment":"scroll","background-type":"","background-media":"","overlay-type":"","overlay-color":"","overlay-opacity":"","overlay-gradient":""},"mobile":{"background-color":"","background-image":"","background-repeat":"repeat","background-position":"center center","background-size":"auto","background-attachment":"scroll","background-type":"","background-media":"","overlay-type":"","overlay-color":"","overlay-opacity":"","overlay-gradient":""}},"ast-content-background-meta":{"desktop":{"background-color":"var(--ast-global-color-5)","background-image":"","background-repeat":"repeat","background-position":"center center","background-size":"auto","background-attachment":"scroll","background-type":"","background-media":"","overlay-type":"","overlay-color":"","overlay-opacity":"","overlay-gradient":""},"tablet":{"background-color":"var(--ast-global-color-5)","background-image":"","background-repeat":"repeat","background-position":"center center","background-size":"auto","background-attachment":"scroll","background-type":"","background-media":"","overlay-type":"","overlay-color":"","overlay-opacity":"","overlay-gradient":""},"mobile":{"background-color":"var(--ast-global-color-5)","background-image":"","background-repeat":"repeat","background-position":"center center","background-size":"auto","background-attachment":"scroll","background-type":"","background-media":"","overlay-type":"","overlay-color":"","overlay-opacity":"","overlay-gradient":""}}},"product_brand":[],"product_cat":[1192],"product_tag":[],"class_list":{"0":"post-57714","1":"product","2":"type-product","3":"status-publish","4":"has-post-thumbnail","6":"product_cat-consommables-de-billard","7":"product_shipping_class-accessoires","8":"desktop-align-center","9":"tablet-align-left","10":"mobile-align-left","12":"first","13":"instock","14":"taxable","15":"shipping-taxable","16":"purchasable","17":"product-type-simple"},"yoast_head":"<!-- This site is optimized with the Yoast SEO plugin v27.4 - https:\/\/yoast.com\/product\/yoast-seo-wordpress\/ -->\n<title>Acheter Livre de billard International Tournament Pool - The World Billiards<\/title>\n<meta name=\"description\" content=\"En anglais Des instructions sur les principes fondamentaux de la piscine avec des photographies montrant la bonne posture, le pont, le trait et le suivi. Instructions enti\u00e8rement illustr\u00e9es pour r\u00e9aliser des coups de banque, des coups de rail, des introductions directes, etc., ainsi que \u00abanglais\u00bb et leur utilisation. Toutes les r\u00e8gles du jeu, y compris le pool de banque, une poche, Kelly, neuf balles, pool de pare-chocs et autres .... avec instructions de joueur Des faits int\u00e9ressants sur les signaux, leur entretien et leur r\u00e9paration, ainsi que des instructions d\u00e9taill\u00e9es pour recouvrir votre table de billard.\" \/>\n<meta name=\"robots\" content=\"index, follow, max-snippet:-1, max-image-preview:large, max-video-preview:-1\" \/>\n<link rel=\"canonical\" href=\"https:\/\/theworldbilliards.com\/fr\/produit\/livre-de-billard-international-tournament-pool\/\" \/>\n<meta property=\"og:locale\" content=\"fr_FR\" \/>\n<meta property=\"og:type\" content=\"article\" \/>\n<meta property=\"og:title\" content=\"Acheter Livre de billard International Tournament Pool - The World Billiards\" \/>\n<meta property=\"og:description\" content=\"En anglais Des instructions sur les principes fondamentaux de la piscine avec des photographies montrant la bonne posture, le pont, le trait et le suivi. Instructions enti\u00e8rement illustr\u00e9es pour r\u00e9aliser des coups de banque, des coups de rail, des introductions directes, etc., ainsi que \u00abanglais\u00bb et leur utilisation. Toutes les r\u00e8gles du jeu, y compris le pool de banque, une poche, Kelly, neuf balles, pool de pare-chocs et autres .... avec instructions de joueur Des faits int\u00e9ressants sur les signaux, leur entretien et leur r\u00e9paration, ainsi que des instructions d\u00e9taill\u00e9es pour recouvrir votre table de billard.\" \/>\n<meta property=\"og:url\" content=\"https:\/\/theworldbilliards.com\/fr\/produit\/livre-de-billard-international-tournament-pool\/\" \/>\n<meta property=\"og:site_name\" content=\"The World Billiards\" \/>\n<meta property=\"article:publisher\" content=\"https:\/\/www.facebook.com\/baby.foot.superbes\" \/>\n<meta property=\"article:modified_time\" content=\"2019-08-26T10:10:44+00:00\" \/>\n<meta property=\"og:image\" content=\"https:\/\/theworldbilliards.com\/wp-content\/uploads\/2019\/08\/libro-billar-international-tournament-pool.png\" \/>\n\t<meta property=\"og:image:width\" content=\"919\" \/>\n\t<meta property=\"og:image:height\" content=\"919\" \/>\n\t<meta property=\"og:image:type\" content=\"image\/png\" \/>\n<meta name=\"twitter:card\" content=\"summary_large_image\" \/>\n<meta name=\"twitter:label1\" content=\"Dur\u00e9e de lecture estim\u00e9e\" \/>\n\t<meta name=\"twitter:data1\" content=\"1 minute\" \/>\n<script type=\"application\/ld+json\" class=\"yoast-schema-graph\">{\"@context\":\"https:\\\/\\\/schema.org\",\"@graph\":[{\"@type\":\"WebPage\",\"@id\":\"https:\\\/\\\/theworldbilliards.com\\\/fr\\\/produit\\\/livre-de-billard-international-tournament-pool\\\/\",\"url\":\"https:\\\/\\\/theworldbilliards.com\\\/fr\\\/produit\\\/livre-de-billard-international-tournament-pool\\\/\",\"name\":\"Acheter Livre de billard International Tournament Pool - The World Billiards\",\"isPartOf\":{\"@id\":\"https:\\\/\\\/theworldbilliards.com\\\/fr\\\/#website\"},\"primaryImageOfPage\":{\"@id\":\"https:\\\/\\\/theworldbilliards.com\\\/fr\\\/produit\\\/livre-de-billard-international-tournament-pool\\\/#primaryimage\"},\"image\":{\"@id\":\"https:\\\/\\\/theworldbilliards.com\\\/fr\\\/produit\\\/livre-de-billard-international-tournament-pool\\\/#primaryimage\"},\"thumbnailUrl\":\"https:\\\/\\\/theworldbilliards.com\\\/wp-content\\\/uploads\\\/2019\\\/08\\\/libro-billar-international-tournament-pool.png\",\"datePublished\":\"2019-08-26T07:49:44+00:00\",\"dateModified\":\"2019-08-26T10:10:44+00:00\",\"description\":\"En anglais Des instructions sur les principes fondamentaux de la piscine avec des photographies montrant la bonne posture, le pont, le trait et le suivi. Instructions enti\u00e8rement illustr\u00e9es pour r\u00e9aliser des coups de banque, des coups de rail, des introductions directes, etc., ainsi que \u00abanglais\u00bb et leur utilisation. Toutes les r\u00e8gles du jeu, y compris le pool de banque, une poche, Kelly, neuf balles, pool de pare-chocs et autres .... avec instructions de joueur Des faits int\u00e9ressants sur les signaux, leur entretien et leur r\u00e9paration, ainsi que des instructions d\u00e9taill\u00e9es pour recouvrir votre table de billard.\",\"breadcrumb\":{\"@id\":\"https:\\\/\\\/theworldbilliards.com\\\/fr\\\/produit\\\/livre-de-billard-international-tournament-pool\\\/#breadcrumb\"},\"inLanguage\":\"fr-FR\",\"potentialAction\":[{\"@type\":\"ReadAction\",\"target\":[\"https:\\\/\\\/theworldbilliards.com\\\/fr\\\/produit\\\/livre-de-billard-international-tournament-pool\\\/\"]}]},{\"@type\":\"ImageObject\",\"inLanguage\":\"fr-FR\",\"@id\":\"https:\\\/\\\/theworldbilliards.com\\\/fr\\\/produit\\\/livre-de-billard-international-tournament-pool\\\/#primaryimage\",\"url\":\"https:\\\/\\\/theworldbilliards.com\\\/wp-content\\\/uploads\\\/2019\\\/08\\\/libro-billar-international-tournament-pool.png\",\"contentUrl\":\"https:\\\/\\\/theworldbilliards.com\\\/wp-content\\\/uploads\\\/2019\\\/08\\\/libro-billar-international-tournament-pool.png\",\"width\":919,\"height\":919},{\"@type\":\"BreadcrumbList\",\"@id\":\"https:\\\/\\\/theworldbilliards.com\\\/fr\\\/produit\\\/livre-de-billard-international-tournament-pool\\\/#breadcrumb\",\"itemListElement\":[{\"@type\":\"ListItem\",\"position\":1,\"name\":\"In\u00edcio\",\"item\":\"https:\\\/\\\/theworldbilliards.com\\\/fr\\\/\"},{\"@type\":\"ListItem\",\"position\":2,\"name\":\"Boutique en ligne\",\"item\":\"https:\\\/\\\/theworldbilliards.com\\\/fr\\\/boutique-theworldbilliards\\\/\"},{\"@type\":\"ListItem\",\"position\":3,\"name\":\"Livre de billard International Tournament Pool\"}]},{\"@type\":\"WebSite\",\"@id\":\"https:\\\/\\\/theworldbilliards.com\\\/fr\\\/#website\",\"url\":\"https:\\\/\\\/theworldbilliards.com\\\/fr\\\/\",\"name\":\"TheWorldBilliards\",\"description\":\"Achetez ici billard, baby-foot, ping-pong et bowling\",\"publisher\":{\"@id\":\"https:\\\/\\\/theworldbilliards.com\\\/fr\\\/#organization\"},\"alternateName\":\"The world billiards\",\"potentialAction\":[{\"@type\":\"SearchAction\",\"target\":{\"@type\":\"EntryPoint\",\"urlTemplate\":\"https:\\\/\\\/theworldbilliards.com\\\/fr\\\/?s={search_term_string}\"},\"query-input\":{\"@type\":\"PropertyValueSpecification\",\"valueRequired\":true,\"valueName\":\"search_term_string\"}}],\"inLanguage\":\"fr-FR\"},{\"@type\":\"Organization\",\"@id\":\"https:\\\/\\\/theworldbilliards.com\\\/fr\\\/#organization\",\"name\":\"The World Billiards\",\"alternateName\":\"The World Billiards\",\"url\":\"https:\\\/\\\/theworldbilliards.com\\\/fr\\\/\",\"logo\":{\"@type\":\"ImageObject\",\"inLanguage\":\"fr-FR\",\"@id\":\"https:\\\/\\\/theworldbilliards.com\\\/fr\\\/#\\\/schema\\\/logo\\\/image\\\/\",\"url\":\"\",\"contentUrl\":\"\",\"caption\":\"The World Billiards\"},\"image\":{\"@id\":\"https:\\\/\\\/theworldbilliards.com\\\/fr\\\/#\\\/schema\\\/logo\\\/image\\\/\"},\"sameAs\":[\"https:\\\/\\\/www.facebook.com\\\/baby.foot.superbes\",\"https:\\\/\\\/www.youtube.com\\\/channel\\\/UCIMuOVAaUcH6UpZcsZlH0Tg\",\"https:\\\/\\\/www.facebook.com\\\/people\\\/Brunswick-Billiards-EspaaPortugal\\\/100066446264309\\\/\",\"https:\\\/\\\/www.instagram.com\\\/the_world_billiards\\\/\",\"https:\\\/\\\/www.pinterest.es\\\/Theworldbilliards\\\/\"]}]}<\/script>\n<!-- \/ Yoast SEO plugin. -->","yoast_head_json":{"title":"Acheter Livre de billard International Tournament Pool - The World Billiards","description":"En anglais Des instructions sur les principes fondamentaux de la piscine avec des photographies montrant la bonne posture, le pont, le trait et le suivi. Instructions enti\u00e8rement illustr\u00e9es pour r\u00e9aliser des coups de banque, des coups de rail, des introductions directes, etc., ainsi que \u00abanglais\u00bb et leur utilisation. Toutes les r\u00e8gles du jeu, y compris le pool de banque, une poche, Kelly, neuf balles, pool de pare-chocs et autres .... avec instructions de joueur Des faits int\u00e9ressants sur les signaux, leur entretien et leur r\u00e9paration, ainsi que des instructions d\u00e9taill\u00e9es pour recouvrir votre table de billard.","robots":{"index":"index","follow":"follow","max-snippet":"max-snippet:-1","max-image-preview":"max-image-preview:large","max-video-preview":"max-video-preview:-1"},"canonical":"https:\/\/theworldbilliards.com\/fr\/produit\/livre-de-billard-international-tournament-pool\/","og_locale":"fr_FR","og_type":"article","og_title":"Acheter Livre de billard International Tournament Pool - The World Billiards","og_description":"En anglais Des instructions sur les principes fondamentaux de la piscine avec des photographies montrant la bonne posture, le pont, le trait et le suivi. Instructions enti\u00e8rement illustr\u00e9es pour r\u00e9aliser des coups de banque, des coups de rail, des introductions directes, etc., ainsi que \u00abanglais\u00bb et leur utilisation. Toutes les r\u00e8gles du jeu, y compris le pool de banque, une poche, Kelly, neuf balles, pool de pare-chocs et autres .... avec instructions de joueur Des faits int\u00e9ressants sur les signaux, leur entretien et leur r\u00e9paration, ainsi que des instructions d\u00e9taill\u00e9es pour recouvrir votre table de billard.","og_url":"https:\/\/theworldbilliards.com\/fr\/produit\/livre-de-billard-international-tournament-pool\/","og_site_name":"The World Billiards","article_publisher":"https:\/\/www.facebook.com\/baby.foot.superbes","article_modified_time":"2019-08-26T10:10:44+00:00","og_image":[{"width":919,"height":919,"url":"https:\/\/theworldbilliards.com\/wp-content\/uploads\/2019\/08\/libro-billar-international-tournament-pool.png","type":"image\/png"}],"twitter_card":"summary_large_image","twitter_misc":{"Dur\u00e9e de lecture estim\u00e9e":"1 minute"},"schema":{"@context":"https:\/\/schema.org","@graph":[{"@type":"WebPage","@id":"https:\/\/theworldbilliards.com\/fr\/produit\/livre-de-billard-international-tournament-pool\/","url":"https:\/\/theworldbilliards.com\/fr\/produit\/livre-de-billard-international-tournament-pool\/","name":"Acheter Livre de billard International Tournament Pool - The World Billiards","isPartOf":{"@id":"https:\/\/theworldbilliards.com\/fr\/#website"},"primaryImageOfPage":{"@id":"https:\/\/theworldbilliards.com\/fr\/produit\/livre-de-billard-international-tournament-pool\/#primaryimage"},"image":{"@id":"https:\/\/theworldbilliards.com\/fr\/produit\/livre-de-billard-international-tournament-pool\/#primaryimage"},"thumbnailUrl":"https:\/\/theworldbilliards.com\/wp-content\/uploads\/2019\/08\/libro-billar-international-tournament-pool.png","datePublished":"2019-08-26T07:49:44+00:00","dateModified":"2019-08-26T10:10:44+00:00","description":"En anglais Des instructions sur les principes fondamentaux de la piscine avec des photographies montrant la bonne posture, le pont, le trait et le suivi. Instructions enti\u00e8rement illustr\u00e9es pour r\u00e9aliser des coups de banque, des coups de rail, des introductions directes, etc., ainsi que \u00abanglais\u00bb et leur utilisation. Toutes les r\u00e8gles du jeu, y compris le pool de banque, une poche, Kelly, neuf balles, pool de pare-chocs et autres .... avec instructions de joueur Des faits int\u00e9ressants sur les signaux, leur entretien et leur r\u00e9paration, ainsi que des instructions d\u00e9taill\u00e9es pour recouvrir votre table de billard.","breadcrumb":{"@id":"https:\/\/theworldbilliards.com\/fr\/produit\/livre-de-billard-international-tournament-pool\/#breadcrumb"},"inLanguage":"fr-FR","potentialAction":[{"@type":"ReadAction","target":["https:\/\/theworldbilliards.com\/fr\/produit\/livre-de-billard-international-tournament-pool\/"]}]},{"@type":"ImageObject","inLanguage":"fr-FR","@id":"https:\/\/theworldbilliards.com\/fr\/produit\/livre-de-billard-international-tournament-pool\/#primaryimage","url":"https:\/\/theworldbilliards.com\/wp-content\/uploads\/2019\/08\/libro-billar-international-tournament-pool.png","contentUrl":"https:\/\/theworldbilliards.com\/wp-content\/uploads\/2019\/08\/libro-billar-international-tournament-pool.png","width":919,"height":919},{"@type":"BreadcrumbList","@id":"https:\/\/theworldbilliards.com\/fr\/produit\/livre-de-billard-international-tournament-pool\/#breadcrumb","itemListElement":[{"@type":"ListItem","position":1,"name":"In\u00edcio","item":"https:\/\/theworldbilliards.com\/fr\/"},{"@type":"ListItem","position":2,"name":"Boutique en ligne","item":"https:\/\/theworldbilliards.com\/fr\/boutique-theworldbilliards\/"},{"@type":"ListItem","position":3,"name":"Livre de billard International Tournament Pool"}]},{"@type":"WebSite","@id":"https:\/\/theworldbilliards.com\/fr\/#website","url":"https:\/\/theworldbilliards.com\/fr\/","name":"TheWorldBilliards","description":"Achetez ici billard, baby-foot, ping-pong et bowling","publisher":{"@id":"https:\/\/theworldbilliards.com\/fr\/#organization"},"alternateName":"The world billiards","potentialAction":[{"@type":"SearchAction","target":{"@type":"EntryPoint","urlTemplate":"https:\/\/theworldbilliards.com\/fr\/?s={search_term_string}"},"query-input":{"@type":"PropertyValueSpecification","valueRequired":true,"valueName":"search_term_string"}}],"inLanguage":"fr-FR"},{"@type":"Organization","@id":"https:\/\/theworldbilliards.com\/fr\/#organization","name":"The World Billiards","alternateName":"The World Billiards","url":"https:\/\/theworldbilliards.com\/fr\/","logo":{"@type":"ImageObject","inLanguage":"fr-FR","@id":"https:\/\/theworldbilliards.com\/fr\/#\/schema\/logo\/image\/","url":"","contentUrl":"","caption":"The World Billiards"},"image":{"@id":"https:\/\/theworldbilliards.com\/fr\/#\/schema\/logo\/image\/"},"sameAs":["https:\/\/www.facebook.com\/baby.foot.superbes","https:\/\/www.youtube.com\/channel\/UCIMuOVAaUcH6UpZcsZlH0Tg","https:\/\/www.facebook.com\/people\/Brunswick-Billiards-EspaaPortugal\/100066446264309\/","https:\/\/www.instagram.com\/the_world_billiards\/","https:\/\/www.pinterest.es\/Theworldbilliards\/"]}]}},"_links":{"self":[{"href":"https:\/\/theworldbilliards.com\/fr\/wp-json\/wp\/v2\/product\/57714","targetHints":{"allow":["GET"]}}],"collection":[{"href":"https:\/\/theworldbilliards.com\/fr\/wp-json\/wp\/v2\/product"}],"about":[{"href":"https:\/\/theworldbilliards.com\/fr\/wp-json\/wp\/v2\/types\/product"}],"wp:featuredmedia":[{"embeddable":true,"href":"https:\/\/theworldbilliards.com\/fr\/wp-json\/wp\/v2\/media\/90461"}],"wp:attachment":[{"href":"https:\/\/theworldbilliards.com\/fr\/wp-json\/wp\/v2\/media?parent=57714"}],"wp:term":[{"taxonomy":"product_brand","embeddable":true,"href":"https:\/\/theworldbilliards.com\/fr\/wp-json\/wp\/v2\/product_brand?post=57714"},{"taxonomy":"product_cat","embeddable":true,"href":"https:\/\/theworldbilliards.com\/fr\/wp-json\/wp\/v2\/product_cat?post=57714"},{"taxonomy":"product_tag","embeddable":true,"href":"https:\/\/theworldbilliards.com\/fr\/wp-json\/wp\/v2\/product_tag?post=57714"}],"curies":[{"name":"wp","href":"https:\/\/api.w.org\/{rel}","templated":true}]}}