{"id":57910,"date":"2019-09-03T12:10:17","date_gmt":"2019-09-03T10:10:17","guid":{"rendered":"https:\/\/theworldbilliards.com\/?post_type=product&#038;p=57910"},"modified":"2025-06-23T13:15:56","modified_gmt":"2025-06-23T11:15:56","slug":"baby-foot-roberto-sport-training-revolution","status":"publish","type":"product","link":"https:\/\/theworldbilliards.com\/fr\/produit\/baby-foot-roberto-sport-training-revolution\/","title":{"rendered":"Baby foot Roberto Sport Training Revolution"},"content":{"rendered":"<p>Baby-foot free play Baby-foot homologu\u00e9 par l&rsquo;ITSF (International Table Soccer Federation)<\/p>\n<p>Le meuble est fabriqu\u00e9 en contreplaqu\u00e9 de peuplier multicouche de 30 mm d&rsquo;\u00e9paisseur, renforc\u00e9 par deux feuilles de bouleau stratifi\u00e9, extr\u00eamement durable et r\u00e9sistant.<br \/>\nNouveau design des figurines avec une forme de pied innovante.<br \/>\nLa surface du plateau est en stratifi\u00e9 plastique usin\u00e9 avec pr\u00e9cision pour \u00e9liminer toute diff\u00e9rence entre le panneau du plateau et les garnitures lat\u00e9rales (SYST\u00c8ME BREVET\u00c9).<br \/>\nNouvelles garnitures lat\u00e9rales aux dimensions r\u00e9duites et \u00e0 l&rsquo;inclinaison minimale.<br \/>\nLa longueur du plateau est de 113 cm.<br \/>\nPieds en fer 80\u00d780 avec inserts souples pour une surface parfaite et stable.<br \/>\nPoign\u00e9es en latex de caoutchouc avec bords prot\u00e9g\u00e9s pour une prise en main parfaite et une r\u00e9duction de la transpiration.<br \/>\nLivr\u00e9 de s\u00e9rie avec des tiges t\u00e9lescopiques en acier \u00e9tir\u00e9 de 18 mm \u00e0 double placage pour \u00e9viter la formation de rouille.<br \/>\nBagues moul\u00e9es en plastique haute r\u00e9sistance int\u00e9gr\u00e9es directement dans le meuble.<br \/>\nNouvelle bague coulissante, en plus de la bague en T\u00e9flon, fix\u00e9e \u00e0 l&rsquo;extr\u00e9mit\u00e9 de la tige creuse pour am\u00e9liorer le coulissement int\u00e9rieur de la tige.<br \/>\nDeux ressorts fix\u00e9s aux deux extr\u00e9mit\u00e9s de la canne<br \/>\nLivr\u00e9 avec 5 billes ITSF et 5 billes Speedball + 1 spray lubrifiant pour cannes.<\/p>\n<p>Sp\u00e9cifications du produit:<br \/>\nPoids 60Kg<br \/>\nTerrain de jeu 113 x 70 cm<br \/>\nDimensions Colis 140 x 80 x 31 cm<br \/>\nDimensions construites 138 x 110 x 90 cm<\/p>\n<p><iframe loading=\"lazy\" title=\"YouTube video player\" src=\"https:\/\/www.youtube.com\/embed\/Lqf5a5DXOis?si=xmCrCE6GAf105Ftb\" width=\"560\" height=\"315\" frameborder=\"0\" allowfullscreen=\"allowfullscreen\"><\/iframe><\/p>\n","protected":false},"excerpt":{"rendered":"<p>Baby-foot free play Baby-foot homologu\u00e9 par l&rsquo;ITSF (International Table Soccer Federation) Le meuble est fabriqu\u00e9 en contreplaqu\u00e9 de peuplier multicouche [&hellip;]<\/p>\n","protected":false},"featured_media":108022,"template":"","meta":{"site-sidebar-layout":"default","site-content-layout":"","ast-site-content-layout":"default","site-content-style":"default","site-sidebar-style":"default","ast-global-header-display":"","ast-banner-title-visibility":"","ast-main-header-display":"","ast-hfb-above-header-display":"","ast-hfb-below-header-display":"","ast-hfb-mobile-header-display":"","site-post-title":"","ast-breadcrumbs-content":"","ast-featured-img":"","footer-sml-layout":"","ast-disable-related-posts":"","theme-transparent-header-meta":"default","adv-header-id-meta":"","stick-header-meta":"","header-above-stick-meta":"","header-main-stick-meta":"","header-below-stick-meta":"","astra-migrate-meta-layouts":"default","ast-page-background-enabled":"default","ast-page-background-meta":{"desktop":{"background-color":"var(--ast-global-color-4)","background-image":"","background-repeat":"repeat","background-position":"center center","background-size":"auto","background-attachment":"scroll","background-type":"","background-media":"","overlay-type":"","overlay-color":"","overlay-opacity":"","overlay-gradient":""},"tablet":{"background-color":"","background-image":"","background-repeat":"repeat","background-position":"center center","background-size":"auto","background-attachment":"scroll","background-type":"","background-media":"","overlay-type":"","overlay-color":"","overlay-opacity":"","overlay-gradient":""},"mobile":{"background-color":"","background-image":"","background-repeat":"repeat","background-position":"center center","background-size":"auto","background-attachment":"scroll","background-type":"","background-media":"","overlay-type":"","overlay-color":"","overlay-opacity":"","overlay-gradient":""}},"ast-content-background-meta":{"desktop":{"background-color":"var(--ast-global-color-5)","background-image":"","background-repeat":"repeat","background-position":"center center","background-size":"auto","background-attachment":"scroll","background-type":"","background-media":"","overlay-type":"","overlay-color":"","overlay-opacity":"","overlay-gradient":""},"tablet":{"background-color":"var(--ast-global-color-5)","background-image":"","background-repeat":"repeat","background-position":"center center","background-size":"auto","background-attachment":"scroll","background-type":"","background-media":"","overlay-type":"","overlay-color":"","overlay-opacity":"","overlay-gradient":""},"mobile":{"background-color":"var(--ast-global-color-5)","background-image":"","background-repeat":"repeat","background-position":"center center","background-size":"auto","background-attachment":"scroll","background-type":"","background-media":"","overlay-type":"","overlay-color":"","overlay-opacity":"","overlay-gradient":""}}},"product_brand":[5226],"product_cat":[1434,1437],"product_tag":[],"class_list":{"0":"post-57910","1":"product","2":"type-product","3":"status-publish","4":"has-post-thumbnail","6":"product_brand-roberto-sport-fr","7":"product_cat-baby-foot-de-competition","8":"product_cat-baby-foot-sans-monnayeur","9":"product_shipping_class-baby-foot","10":"desktop-align-center","11":"tablet-align-left","12":"mobile-align-left","14":"first","15":"instock","16":"taxable","17":"shipping-taxable","18":"purchasable","19":"product-type-simple"},"yoast_head":"<!-- This site is optimized with the Yoast SEO plugin v27.4 - https:\/\/yoast.com\/product\/yoast-seo-wordpress\/ -->\n<title>Acheter Baby foot Roberto Sport Training Revolution - The World Billiards<\/title>\n<meta name=\"description\" content=\"Baby-foot free play Baby-foot homologu\u00e9 par l&#039;ITSF (International Table Soccer Federation)  Le meuble est fabriqu\u00e9 en contreplaqu\u00e9 de peuplier multicouche de 30 mm d&#039;\u00e9paisseur, renforc\u00e9 par deux feuilles de bouleau stratifi\u00e9, extr\u00eamement durable et r\u00e9sistant. Nouveau design des figurines avec une forme de pied innovante. La surface du plateau est en stratifi\u00e9 plastique usin\u00e9 avec pr\u00e9cision pour \u00e9liminer toute diff\u00e9rence entre le panneau du plateau et les garnitures lat\u00e9rales (SYST\u00c8ME BREVET\u00c9). Nouvelles garnitures lat\u00e9rales aux dimensions r\u00e9duites et \u00e0 l&#039;inclinaison minimale. La longueur du plateau est de 113 cm. Pieds en fer 80\u00d780 avec inserts souples pour une surface parfaite et stable. Poign\u00e9es en latex de caoutchouc avec bords prot\u00e9g\u00e9s pour une prise en main parfaite et une r\u00e9duction de la transpiration. Livr\u00e9 de s\u00e9rie avec des tiges t\u00e9lescopiques en acier \u00e9tir\u00e9 de 18 mm \u00e0 double placage pour \u00e9viter la formation de rouille. Bagues moul\u00e9es en plastique haute r\u00e9sistance int\u00e9gr\u00e9es directement dans le meuble. Nouvelle bague coulissante, en plus de la bague en T\u00e9flon, fix\u00e9e \u00e0 l&#039;extr\u00e9mit\u00e9 de la tige creuse pour am\u00e9liorer le coulissement int\u00e9rieur de la tige. Deux ressorts fix\u00e9s aux deux extr\u00e9mit\u00e9s de la canne Livr\u00e9 avec 5 billes ITSF et 5 billes Speedball + 1 spray lubrifiant pour cannes.  Sp\u00e9cifications du produit: Poids 60Kg Terrain de jeu 113 x 70 cm Dimensions Colis 140 x 80 x 31 cm Dimensions construites 138 x 110 x 90 cm\" \/>\n<meta name=\"robots\" content=\"index, follow, max-snippet:-1, max-image-preview:large, max-video-preview:-1\" \/>\n<link rel=\"canonical\" href=\"https:\/\/theworldbilliards.com\/fr\/produit\/baby-foot-roberto-sport-training-revolution\/\" \/>\n<meta property=\"og:locale\" content=\"fr_FR\" \/>\n<meta property=\"og:type\" content=\"article\" \/>\n<meta property=\"og:title\" content=\"Acheter Baby foot Roberto Sport Training Revolution - The World Billiards\" \/>\n<meta property=\"og:description\" content=\"Baby-foot free play Baby-foot homologu\u00e9 par l&#039;ITSF (International Table Soccer Federation)  Le meuble est fabriqu\u00e9 en contreplaqu\u00e9 de peuplier multicouche de 30 mm d&#039;\u00e9paisseur, renforc\u00e9 par deux feuilles de bouleau stratifi\u00e9, extr\u00eamement durable et r\u00e9sistant. Nouveau design des figurines avec une forme de pied innovante. La surface du plateau est en stratifi\u00e9 plastique usin\u00e9 avec pr\u00e9cision pour \u00e9liminer toute diff\u00e9rence entre le panneau du plateau et les garnitures lat\u00e9rales (SYST\u00c8ME BREVET\u00c9). Nouvelles garnitures lat\u00e9rales aux dimensions r\u00e9duites et \u00e0 l&#039;inclinaison minimale. La longueur du plateau est de 113 cm. Pieds en fer 80\u00d780 avec inserts souples pour une surface parfaite et stable. Poign\u00e9es en latex de caoutchouc avec bords prot\u00e9g\u00e9s pour une prise en main parfaite et une r\u00e9duction de la transpiration. Livr\u00e9 de s\u00e9rie avec des tiges t\u00e9lescopiques en acier \u00e9tir\u00e9 de 18 mm \u00e0 double placage pour \u00e9viter la formation de rouille. Bagues moul\u00e9es en plastique haute r\u00e9sistance int\u00e9gr\u00e9es directement dans le meuble. Nouvelle bague coulissante, en plus de la bague en T\u00e9flon, fix\u00e9e \u00e0 l&#039;extr\u00e9mit\u00e9 de la tige creuse pour am\u00e9liorer le coulissement int\u00e9rieur de la tige. Deux ressorts fix\u00e9s aux deux extr\u00e9mit\u00e9s de la canne Livr\u00e9 avec 5 billes ITSF et 5 billes Speedball + 1 spray lubrifiant pour cannes.  Sp\u00e9cifications du produit: Poids 60Kg Terrain de jeu 113 x 70 cm Dimensions Colis 140 x 80 x 31 cm Dimensions construites 138 x 110 x 90 cm\" \/>\n<meta property=\"og:url\" content=\"https:\/\/theworldbilliards.com\/fr\/produit\/baby-foot-roberto-sport-training-revolution\/\" \/>\n<meta property=\"og:site_name\" content=\"The World Billiards\" \/>\n<meta property=\"article:publisher\" content=\"https:\/\/www.facebook.com\/baby.foot.superbes\" \/>\n<meta property=\"article:modified_time\" content=\"2025-06-23T11:15:56+00:00\" \/>\n<meta property=\"og:image\" content=\"https:\/\/theworldbilliards.com\/wp-content\/uploads\/2019\/09\/training_revolution-itsf-1.jpg\" \/>\n\t<meta property=\"og:image:width\" content=\"800\" \/>\n\t<meta property=\"og:image:height\" content=\"801\" \/>\n\t<meta property=\"og:image:type\" content=\"image\/jpeg\" \/>\n<meta name=\"twitter:card\" content=\"summary_large_image\" \/>\n<script type=\"application\/ld+json\" class=\"yoast-schema-graph\">{\"@context\":\"https:\\\/\\\/schema.org\",\"@graph\":[{\"@type\":\"WebPage\",\"@id\":\"https:\\\/\\\/theworldbilliards.com\\\/fr\\\/produit\\\/baby-foot-roberto-sport-training-revolution\\\/\",\"url\":\"https:\\\/\\\/theworldbilliards.com\\\/fr\\\/produit\\\/baby-foot-roberto-sport-training-revolution\\\/\",\"name\":\"Acheter Baby foot Roberto Sport Training Revolution - The World Billiards\",\"isPartOf\":{\"@id\":\"https:\\\/\\\/theworldbilliards.com\\\/fr\\\/#website\"},\"primaryImageOfPage\":{\"@id\":\"https:\\\/\\\/theworldbilliards.com\\\/fr\\\/produit\\\/baby-foot-roberto-sport-training-revolution\\\/#primaryimage\"},\"image\":{\"@id\":\"https:\\\/\\\/theworldbilliards.com\\\/fr\\\/produit\\\/baby-foot-roberto-sport-training-revolution\\\/#primaryimage\"},\"thumbnailUrl\":\"https:\\\/\\\/theworldbilliards.com\\\/wp-content\\\/uploads\\\/2019\\\/09\\\/training_revolution-itsf-1.jpg\",\"datePublished\":\"2019-09-03T10:10:17+00:00\",\"dateModified\":\"2025-06-23T11:15:56+00:00\",\"description\":\"Baby-foot free play Baby-foot homologu\u00e9 par l'ITSF (International Table Soccer Federation) Le meuble est fabriqu\u00e9 en contreplaqu\u00e9 de peuplier multicouche de 30 mm d'\u00e9paisseur, renforc\u00e9 par deux feuilles de bouleau stratifi\u00e9, extr\u00eamement durable et r\u00e9sistant. Nouveau design des figurines avec une forme de pied innovante. La surface du plateau est en stratifi\u00e9 plastique usin\u00e9 avec pr\u00e9cision pour \u00e9liminer toute diff\u00e9rence entre le panneau du plateau et les garnitures lat\u00e9rales (SYST\u00c8ME BREVET\u00c9). Nouvelles garnitures lat\u00e9rales aux dimensions r\u00e9duites et \u00e0 l'inclinaison minimale. La longueur du plateau est de 113 cm. Pieds en fer 80\u00d780 avec inserts souples pour une surface parfaite et stable. Poign\u00e9es en latex de caoutchouc avec bords prot\u00e9g\u00e9s pour une prise en main parfaite et une r\u00e9duction de la transpiration. Livr\u00e9 de s\u00e9rie avec des tiges t\u00e9lescopiques en acier \u00e9tir\u00e9 de 18 mm \u00e0 double placage pour \u00e9viter la formation de rouille. Bagues moul\u00e9es en plastique haute r\u00e9sistance int\u00e9gr\u00e9es directement dans le meuble. Nouvelle bague coulissante, en plus de la bague en T\u00e9flon, fix\u00e9e \u00e0 l'extr\u00e9mit\u00e9 de la tige creuse pour am\u00e9liorer le coulissement int\u00e9rieur de la tige. Deux ressorts fix\u00e9s aux deux extr\u00e9mit\u00e9s de la canne Livr\u00e9 avec 5 billes ITSF et 5 billes Speedball + 1 spray lubrifiant pour cannes. Sp\u00e9cifications du produit: Poids 60Kg Terrain de jeu 113 x 70 cm Dimensions Colis 140 x 80 x 31 cm Dimensions construites 138 x 110 x 90 cm\",\"breadcrumb\":{\"@id\":\"https:\\\/\\\/theworldbilliards.com\\\/fr\\\/produit\\\/baby-foot-roberto-sport-training-revolution\\\/#breadcrumb\"},\"inLanguage\":\"fr-FR\",\"potentialAction\":[{\"@type\":\"ReadAction\",\"target\":[\"https:\\\/\\\/theworldbilliards.com\\\/fr\\\/produit\\\/baby-foot-roberto-sport-training-revolution\\\/\"]}]},{\"@type\":\"ImageObject\",\"inLanguage\":\"fr-FR\",\"@id\":\"https:\\\/\\\/theworldbilliards.com\\\/fr\\\/produit\\\/baby-foot-roberto-sport-training-revolution\\\/#primaryimage\",\"url\":\"https:\\\/\\\/theworldbilliards.com\\\/wp-content\\\/uploads\\\/2019\\\/09\\\/training_revolution-itsf-1.jpg\",\"contentUrl\":\"https:\\\/\\\/theworldbilliards.com\\\/wp-content\\\/uploads\\\/2019\\\/09\\\/training_revolution-itsf-1.jpg\",\"width\":800,\"height\":801},{\"@type\":\"BreadcrumbList\",\"@id\":\"https:\\\/\\\/theworldbilliards.com\\\/fr\\\/produit\\\/baby-foot-roberto-sport-training-revolution\\\/#breadcrumb\",\"itemListElement\":[{\"@type\":\"ListItem\",\"position\":1,\"name\":\"In\u00edcio\",\"item\":\"https:\\\/\\\/theworldbilliards.com\\\/fr\\\/\"},{\"@type\":\"ListItem\",\"position\":2,\"name\":\"Boutique en ligne\",\"item\":\"https:\\\/\\\/theworldbilliards.com\\\/fr\\\/boutique-theworldbilliards\\\/\"},{\"@type\":\"ListItem\",\"position\":3,\"name\":\"Baby foot Roberto Sport Training Revolution\"}]},{\"@type\":\"WebSite\",\"@id\":\"https:\\\/\\\/theworldbilliards.com\\\/fr\\\/#website\",\"url\":\"https:\\\/\\\/theworldbilliards.com\\\/fr\\\/\",\"name\":\"TheWorldBilliards\",\"description\":\"Achetez ici billard, baby-foot, ping-pong et bowling\",\"publisher\":{\"@id\":\"https:\\\/\\\/theworldbilliards.com\\\/fr\\\/#organization\"},\"alternateName\":\"The world billiards\",\"potentialAction\":[{\"@type\":\"SearchAction\",\"target\":{\"@type\":\"EntryPoint\",\"urlTemplate\":\"https:\\\/\\\/theworldbilliards.com\\\/fr\\\/?s={search_term_string}\"},\"query-input\":{\"@type\":\"PropertyValueSpecification\",\"valueRequired\":true,\"valueName\":\"search_term_string\"}}],\"inLanguage\":\"fr-FR\"},{\"@type\":\"Organization\",\"@id\":\"https:\\\/\\\/theworldbilliards.com\\\/fr\\\/#organization\",\"name\":\"The World Billiards\",\"alternateName\":\"The World Billiards\",\"url\":\"https:\\\/\\\/theworldbilliards.com\\\/fr\\\/\",\"logo\":{\"@type\":\"ImageObject\",\"inLanguage\":\"fr-FR\",\"@id\":\"https:\\\/\\\/theworldbilliards.com\\\/fr\\\/#\\\/schema\\\/logo\\\/image\\\/\",\"url\":\"\",\"contentUrl\":\"\",\"caption\":\"The World Billiards\"},\"image\":{\"@id\":\"https:\\\/\\\/theworldbilliards.com\\\/fr\\\/#\\\/schema\\\/logo\\\/image\\\/\"},\"sameAs\":[\"https:\\\/\\\/www.facebook.com\\\/baby.foot.superbes\",\"https:\\\/\\\/www.youtube.com\\\/channel\\\/UCIMuOVAaUcH6UpZcsZlH0Tg\",\"https:\\\/\\\/www.facebook.com\\\/people\\\/Brunswick-Billiards-EspaaPortugal\\\/100066446264309\\\/\",\"https:\\\/\\\/www.instagram.com\\\/the_world_billiards\\\/\",\"https:\\\/\\\/www.pinterest.es\\\/Theworldbilliards\\\/\"]}]}<\/script>\n<!-- \/ Yoast SEO plugin. -->","yoast_head_json":{"title":"Acheter Baby foot Roberto Sport Training Revolution - The World Billiards","description":"Baby-foot free play Baby-foot homologu\u00e9 par l'ITSF (International Table Soccer Federation)  Le meuble est fabriqu\u00e9 en contreplaqu\u00e9 de peuplier multicouche de 30 mm d'\u00e9paisseur, renforc\u00e9 par deux feuilles de bouleau stratifi\u00e9, extr\u00eamement durable et r\u00e9sistant. Nouveau design des figurines avec une forme de pied innovante. La surface du plateau est en stratifi\u00e9 plastique usin\u00e9 avec pr\u00e9cision pour \u00e9liminer toute diff\u00e9rence entre le panneau du plateau et les garnitures lat\u00e9rales (SYST\u00c8ME BREVET\u00c9). Nouvelles garnitures lat\u00e9rales aux dimensions r\u00e9duites et \u00e0 l'inclinaison minimale. La longueur du plateau est de 113 cm. Pieds en fer 80\u00d780 avec inserts souples pour une surface parfaite et stable. Poign\u00e9es en latex de caoutchouc avec bords prot\u00e9g\u00e9s pour une prise en main parfaite et une r\u00e9duction de la transpiration. Livr\u00e9 de s\u00e9rie avec des tiges t\u00e9lescopiques en acier \u00e9tir\u00e9 de 18 mm \u00e0 double placage pour \u00e9viter la formation de rouille. Bagues moul\u00e9es en plastique haute r\u00e9sistance int\u00e9gr\u00e9es directement dans le meuble. Nouvelle bague coulissante, en plus de la bague en T\u00e9flon, fix\u00e9e \u00e0 l'extr\u00e9mit\u00e9 de la tige creuse pour am\u00e9liorer le coulissement int\u00e9rieur de la tige. Deux ressorts fix\u00e9s aux deux extr\u00e9mit\u00e9s de la canne Livr\u00e9 avec 5 billes ITSF et 5 billes Speedball + 1 spray lubrifiant pour cannes.  Sp\u00e9cifications du produit: Poids 60Kg Terrain de jeu 113 x 70 cm Dimensions Colis 140 x 80 x 31 cm Dimensions construites 138 x 110 x 90 cm","robots":{"index":"index","follow":"follow","max-snippet":"max-snippet:-1","max-image-preview":"max-image-preview:large","max-video-preview":"max-video-preview:-1"},"canonical":"https:\/\/theworldbilliards.com\/fr\/produit\/baby-foot-roberto-sport-training-revolution\/","og_locale":"fr_FR","og_type":"article","og_title":"Acheter Baby foot Roberto Sport Training Revolution - The World Billiards","og_description":"Baby-foot free play Baby-foot homologu\u00e9 par l'ITSF (International Table Soccer Federation)  Le meuble est fabriqu\u00e9 en contreplaqu\u00e9 de peuplier multicouche de 30 mm d'\u00e9paisseur, renforc\u00e9 par deux feuilles de bouleau stratifi\u00e9, extr\u00eamement durable et r\u00e9sistant. Nouveau design des figurines avec une forme de pied innovante. La surface du plateau est en stratifi\u00e9 plastique usin\u00e9 avec pr\u00e9cision pour \u00e9liminer toute diff\u00e9rence entre le panneau du plateau et les garnitures lat\u00e9rales (SYST\u00c8ME BREVET\u00c9). Nouvelles garnitures lat\u00e9rales aux dimensions r\u00e9duites et \u00e0 l'inclinaison minimale. La longueur du plateau est de 113 cm. Pieds en fer 80\u00d780 avec inserts souples pour une surface parfaite et stable. Poign\u00e9es en latex de caoutchouc avec bords prot\u00e9g\u00e9s pour une prise en main parfaite et une r\u00e9duction de la transpiration. Livr\u00e9 de s\u00e9rie avec des tiges t\u00e9lescopiques en acier \u00e9tir\u00e9 de 18 mm \u00e0 double placage pour \u00e9viter la formation de rouille. Bagues moul\u00e9es en plastique haute r\u00e9sistance int\u00e9gr\u00e9es directement dans le meuble. Nouvelle bague coulissante, en plus de la bague en T\u00e9flon, fix\u00e9e \u00e0 l'extr\u00e9mit\u00e9 de la tige creuse pour am\u00e9liorer le coulissement int\u00e9rieur de la tige. Deux ressorts fix\u00e9s aux deux extr\u00e9mit\u00e9s de la canne Livr\u00e9 avec 5 billes ITSF et 5 billes Speedball + 1 spray lubrifiant pour cannes.  Sp\u00e9cifications du produit: Poids 60Kg Terrain de jeu 113 x 70 cm Dimensions Colis 140 x 80 x 31 cm Dimensions construites 138 x 110 x 90 cm","og_url":"https:\/\/theworldbilliards.com\/fr\/produit\/baby-foot-roberto-sport-training-revolution\/","og_site_name":"The World Billiards","article_publisher":"https:\/\/www.facebook.com\/baby.foot.superbes","article_modified_time":"2025-06-23T11:15:56+00:00","og_image":[{"width":800,"height":801,"url":"https:\/\/theworldbilliards.com\/wp-content\/uploads\/2019\/09\/training_revolution-itsf-1.jpg","type":"image\/jpeg"}],"twitter_card":"summary_large_image","schema":{"@context":"https:\/\/schema.org","@graph":[{"@type":"WebPage","@id":"https:\/\/theworldbilliards.com\/fr\/produit\/baby-foot-roberto-sport-training-revolution\/","url":"https:\/\/theworldbilliards.com\/fr\/produit\/baby-foot-roberto-sport-training-revolution\/","name":"Acheter Baby foot Roberto Sport Training Revolution - The World Billiards","isPartOf":{"@id":"https:\/\/theworldbilliards.com\/fr\/#website"},"primaryImageOfPage":{"@id":"https:\/\/theworldbilliards.com\/fr\/produit\/baby-foot-roberto-sport-training-revolution\/#primaryimage"},"image":{"@id":"https:\/\/theworldbilliards.com\/fr\/produit\/baby-foot-roberto-sport-training-revolution\/#primaryimage"},"thumbnailUrl":"https:\/\/theworldbilliards.com\/wp-content\/uploads\/2019\/09\/training_revolution-itsf-1.jpg","datePublished":"2019-09-03T10:10:17+00:00","dateModified":"2025-06-23T11:15:56+00:00","description":"Baby-foot free play Baby-foot homologu\u00e9 par l'ITSF (International Table Soccer Federation) Le meuble est fabriqu\u00e9 en contreplaqu\u00e9 de peuplier multicouche de 30 mm d'\u00e9paisseur, renforc\u00e9 par deux feuilles de bouleau stratifi\u00e9, extr\u00eamement durable et r\u00e9sistant. Nouveau design des figurines avec une forme de pied innovante. La surface du plateau est en stratifi\u00e9 plastique usin\u00e9 avec pr\u00e9cision pour \u00e9liminer toute diff\u00e9rence entre le panneau du plateau et les garnitures lat\u00e9rales (SYST\u00c8ME BREVET\u00c9). Nouvelles garnitures lat\u00e9rales aux dimensions r\u00e9duites et \u00e0 l'inclinaison minimale. La longueur du plateau est de 113 cm. Pieds en fer 80\u00d780 avec inserts souples pour une surface parfaite et stable. Poign\u00e9es en latex de caoutchouc avec bords prot\u00e9g\u00e9s pour une prise en main parfaite et une r\u00e9duction de la transpiration. Livr\u00e9 de s\u00e9rie avec des tiges t\u00e9lescopiques en acier \u00e9tir\u00e9 de 18 mm \u00e0 double placage pour \u00e9viter la formation de rouille. Bagues moul\u00e9es en plastique haute r\u00e9sistance int\u00e9gr\u00e9es directement dans le meuble. Nouvelle bague coulissante, en plus de la bague en T\u00e9flon, fix\u00e9e \u00e0 l'extr\u00e9mit\u00e9 de la tige creuse pour am\u00e9liorer le coulissement int\u00e9rieur de la tige. Deux ressorts fix\u00e9s aux deux extr\u00e9mit\u00e9s de la canne Livr\u00e9 avec 5 billes ITSF et 5 billes Speedball + 1 spray lubrifiant pour cannes. Sp\u00e9cifications du produit: Poids 60Kg Terrain de jeu 113 x 70 cm Dimensions Colis 140 x 80 x 31 cm Dimensions construites 138 x 110 x 90 cm","breadcrumb":{"@id":"https:\/\/theworldbilliards.com\/fr\/produit\/baby-foot-roberto-sport-training-revolution\/#breadcrumb"},"inLanguage":"fr-FR","potentialAction":[{"@type":"ReadAction","target":["https:\/\/theworldbilliards.com\/fr\/produit\/baby-foot-roberto-sport-training-revolution\/"]}]},{"@type":"ImageObject","inLanguage":"fr-FR","@id":"https:\/\/theworldbilliards.com\/fr\/produit\/baby-foot-roberto-sport-training-revolution\/#primaryimage","url":"https:\/\/theworldbilliards.com\/wp-content\/uploads\/2019\/09\/training_revolution-itsf-1.jpg","contentUrl":"https:\/\/theworldbilliards.com\/wp-content\/uploads\/2019\/09\/training_revolution-itsf-1.jpg","width":800,"height":801},{"@type":"BreadcrumbList","@id":"https:\/\/theworldbilliards.com\/fr\/produit\/baby-foot-roberto-sport-training-revolution\/#breadcrumb","itemListElement":[{"@type":"ListItem","position":1,"name":"In\u00edcio","item":"https:\/\/theworldbilliards.com\/fr\/"},{"@type":"ListItem","position":2,"name":"Boutique en ligne","item":"https:\/\/theworldbilliards.com\/fr\/boutique-theworldbilliards\/"},{"@type":"ListItem","position":3,"name":"Baby foot Roberto Sport Training Revolution"}]},{"@type":"WebSite","@id":"https:\/\/theworldbilliards.com\/fr\/#website","url":"https:\/\/theworldbilliards.com\/fr\/","name":"TheWorldBilliards","description":"Achetez ici billard, baby-foot, ping-pong et bowling","publisher":{"@id":"https:\/\/theworldbilliards.com\/fr\/#organization"},"alternateName":"The world billiards","potentialAction":[{"@type":"SearchAction","target":{"@type":"EntryPoint","urlTemplate":"https:\/\/theworldbilliards.com\/fr\/?s={search_term_string}"},"query-input":{"@type":"PropertyValueSpecification","valueRequired":true,"valueName":"search_term_string"}}],"inLanguage":"fr-FR"},{"@type":"Organization","@id":"https:\/\/theworldbilliards.com\/fr\/#organization","name":"The World Billiards","alternateName":"The World Billiards","url":"https:\/\/theworldbilliards.com\/fr\/","logo":{"@type":"ImageObject","inLanguage":"fr-FR","@id":"https:\/\/theworldbilliards.com\/fr\/#\/schema\/logo\/image\/","url":"","contentUrl":"","caption":"The World Billiards"},"image":{"@id":"https:\/\/theworldbilliards.com\/fr\/#\/schema\/logo\/image\/"},"sameAs":["https:\/\/www.facebook.com\/baby.foot.superbes","https:\/\/www.youtube.com\/channel\/UCIMuOVAaUcH6UpZcsZlH0Tg","https:\/\/www.facebook.com\/people\/Brunswick-Billiards-EspaaPortugal\/100066446264309\/","https:\/\/www.instagram.com\/the_world_billiards\/","https:\/\/www.pinterest.es\/Theworldbilliards\/"]}]}},"_links":{"self":[{"href":"https:\/\/theworldbilliards.com\/fr\/wp-json\/wp\/v2\/product\/57910","targetHints":{"allow":["GET"]}}],"collection":[{"href":"https:\/\/theworldbilliards.com\/fr\/wp-json\/wp\/v2\/product"}],"about":[{"href":"https:\/\/theworldbilliards.com\/fr\/wp-json\/wp\/v2\/types\/product"}],"wp:featuredmedia":[{"embeddable":true,"href":"https:\/\/theworldbilliards.com\/fr\/wp-json\/wp\/v2\/media\/108022"}],"wp:attachment":[{"href":"https:\/\/theworldbilliards.com\/fr\/wp-json\/wp\/v2\/media?parent=57910"}],"wp:term":[{"taxonomy":"product_brand","embeddable":true,"href":"https:\/\/theworldbilliards.com\/fr\/wp-json\/wp\/v2\/product_brand?post=57910"},{"taxonomy":"product_cat","embeddable":true,"href":"https:\/\/theworldbilliards.com\/fr\/wp-json\/wp\/v2\/product_cat?post=57910"},{"taxonomy":"product_tag","embeddable":true,"href":"https:\/\/theworldbilliards.com\/fr\/wp-json\/wp\/v2\/product_tag?post=57910"}],"curies":[{"name":"wp","href":"https:\/\/api.w.org\/{rel}","templated":true}]}}